{"id":89805,"date":"2020-01-15T15:45:46","date_gmt":"2020-01-15T20:45:46","guid":{"rendered":"https:\/\/web.fpinnovations.ca\/members\/"},"modified":"2025-05-09T12:24:35","modified_gmt":"2025-05-09T16:24:35","slug":"membres","status":"publish","type":"page","link":"https:\/\/web.fpinnovations.ca\/fr\/membres\/","title":{"rendered":"Membres"},"content":{"rendered":"<div class=\"wpb-content-wrapper\"><p>[vc_row full_width=\u00a0\u00bbstretch_row_content_no_spaces\u00a0\u00bb css=\u00a0\u00bb.vc_custom_1579806871433{background-image: url(https:\/\/web.fpinnovations.ca\/wp-content\/uploads\/bg-header-gray.jpg?id=31877) !important;background-position: center !important;background-repeat: no-repeat !important;background-size: cover !important;}\u00a0\u00bb][vc_column]<div class=\"gem-textbox \"  ><div class=\"gem-textbox-inner\" style=\"\"><div class=\"gem-textbox-content\" style=\"background-position: center top;padding-top: 150px;padding-bottom: 50px;padding-left: 150px;padding-right: 150px;\">[vc_custom_heading text=\u00a0\u00bbAcc\u00e8s membres\u00a0\u00bb font_container=\u00a0\u00bbtag:h1|font_size:80px|text_align:left|line_height:1.1&Prime; use_theme_fonts=\u00a0\u00bbyes\u00a0\u00bb]<\/div><\/div><\/div>[\/vc_column][\/vc_row][vc_row][vc_column width=\u00a0\u00bb1\/2&Prime;][vc_column_text css=\u00a0\u00bb\u00a0\u00bb]Acc\u00e9dez au <strong><a href=\"https:\/\/members.fpinnovations.ca\/\" target=\"_blank\" rel=\"noopener\">Portail des membres de FPInnovations<\/a><\/strong> pour, entre autres, suivre en direct l&rsquo;\u00e9volution de vos projets collaboratifs avec FPInnovations. Si vous n&rsquo;avez pas d&rsquo;acc\u00e8s, veuillez contacter le repr\u00e9sentant de votre entreprise.<\/p>\n<p>Vous pouvez aussi acc\u00e9der \u00e0 la <strong><a href=\"https:\/\/library.fpinnovations.ca\/fr\/login\" target=\"_blank\" rel=\"noopener\">biblioth\u00e8que de recherche de FPInnovations<\/a><\/strong> qui contient des rapports et des publications qui sont accessibles exclusivement aux membres de FPInnovations, ainsi que du contenu qui est accessible au public. <a href=\"https:\/\/web.fpinnovations.ca\/wp-content\/uploads\/Instructions-pour-linscription-a-la-bibliotheque-FPI.pdf\">Les membres doivent s\u2019inscrire<\/a> pour avoir acc\u00e8s aux documents \u00e0 diffusion restreinte disponibles dans leur secteur.<\/p>\n<p>Nous vous invitons \u00e9galement \u00e0 consulter <strong><a href=\"https:\/\/web.fpinnovations.ca\/fr\/blogue\/\" target=\"_blank\" rel=\"noopener\">le blogue de FPInnovations<\/a><\/strong> pour conna\u00eetre les derni\u00e8res nouvelles sur nos diff\u00e9rents domaines de recherche.[\/vc_column_text][\/vc_column][\/vc_row]<\/p>\n<\/div>","protected":false},"excerpt":{"rendered":"<p>[vc_row full_width=\u00a0\u00bbstretch_row_content_no_spaces\u00a0\u00bb css=\u00a0\u00bb.vc_custom_1579806871433{background-image: url(https:\/\/web.fpinnovations.ca\/wp-content\/uploads\/bg-header-gray.jpg?id=31877) !important;background-position: center !important;background-repeat: no-repeat !important;background-size: cover !important;}\u00a0\u00bb][vc_column][\/vc_column][\/vc_row][vc_row][vc_column width=\u00a0\u00bb1\/2&Prime;][vc_column_text css=\u00a0\u00bb\u00a0\u00bb]Acc\u00e9dez au Portail des membres de FPInnovations pour, entre autres, suivre en direct l&rsquo;\u00e9volution de vos projets collaboratifs avec FPInnovations. Si vous n&rsquo;avez&#8230;<\/p>\n","protected":false},"author":1,"featured_media":0,"parent":0,"menu_order":0,"comment_status":"closed","ping_status":"closed","template":"","meta":{"_acf_changed":false,"footnotes":""},"class_list":["post-89805","page","type-page","status-publish"],"acf":[],"yoast_head":"<!-- This site is optimized with the Yoast SEO plugin v27.4 - https:\/\/yoast.com\/product\/yoast-seo-wordpress\/ -->\n<title>Membres - FPInnovations<\/title>\n<meta name=\"robots\" content=\"index, follow, max-snippet:-1, max-image-preview:large, max-video-preview:-1\" \/>\n<link rel=\"canonical\" href=\"https:\/\/web.fpinnovations.ca\/fr\/membres\/\" \/>\n<meta property=\"og:locale\" content=\"fr_FR\" \/>\n<meta property=\"og:type\" content=\"article\" \/>\n<meta property=\"og:title\" content=\"Membres - FPInnovations\" \/>\n<meta property=\"og:description\" content=\"[vc_row full_width=\u00a0\u00bbstretch_row_content_no_spaces\u00a0\u00bb css=\u00a0\u00bb.vc_custom_1579806871433{background-image: url(https:\/\/web.fpinnovations.ca\/wp-content\/uploads\/bg-header-gray.jpg?id=31877) !important;background-position: center !important;background-repeat: no-repeat !important;background-size: cover !important;}\u00a0\u00bb][vc_column][\/vc_column][\/vc_row][vc_row][vc_column width=\u00a0\u00bb1\/2&Prime;][vc_column_text css=\u00a0\u00bb\u00a0\u00bb]Acc\u00e9dez au Portail des membres de FPInnovations pour, entre autres, suivre en direct l&rsquo;\u00e9volution de vos projets collaboratifs avec FPInnovations. Si vous n&rsquo;avez...\" \/>\n<meta property=\"og:url\" content=\"https:\/\/web.fpinnovations.ca\/fr\/membres\/\" \/>\n<meta property=\"og:site_name\" content=\"FPInnovations\" \/>\n<meta property=\"article:modified_time\" content=\"2025-05-09T16:24:35+00:00\" \/>\n<meta name=\"twitter:card\" content=\"summary_large_image\" \/>\n<meta name=\"twitter:label1\" content=\"Dur\u00e9e de lecture estim\u00e9e\" \/>\n\t<meta name=\"twitter:data1\" content=\"1 minute\" \/>\n<script type=\"application\/ld+json\" class=\"yoast-schema-graph\">{\"@context\":\"https:\\\/\\\/schema.org\",\"@graph\":[{\"@type\":\"WebPage\",\"@id\":\"https:\\\/\\\/web.fpinnovations.ca\\\/fr\\\/membres\\\/\",\"url\":\"https:\\\/\\\/web.fpinnovations.ca\\\/fr\\\/membres\\\/\",\"name\":\"Membres - FPInnovations\",\"isPartOf\":{\"@id\":\"https:\\\/\\\/web.fpinnovations.ca\\\/fr\\\/#website\"},\"datePublished\":\"2020-01-15T20:45:46+00:00\",\"dateModified\":\"2025-05-09T16:24:35+00:00\",\"breadcrumb\":{\"@id\":\"https:\\\/\\\/web.fpinnovations.ca\\\/fr\\\/membres\\\/#breadcrumb\"},\"inLanguage\":\"fr-FR\",\"potentialAction\":[{\"@type\":\"ReadAction\",\"target\":[\"https:\\\/\\\/web.fpinnovations.ca\\\/fr\\\/membres\\\/\"]}]},{\"@type\":\"BreadcrumbList\",\"@id\":\"https:\\\/\\\/web.fpinnovations.ca\\\/fr\\\/membres\\\/#breadcrumb\",\"itemListElement\":[{\"@type\":\"ListItem\",\"position\":1,\"name\":\"Home\",\"item\":\"https:\\\/\\\/web.fpinnovations.ca\\\/fr\\\/\"},{\"@type\":\"ListItem\",\"position\":2,\"name\":\"Membres\"}]},{\"@type\":\"WebSite\",\"@id\":\"https:\\\/\\\/web.fpinnovations.ca\\\/fr\\\/#website\",\"url\":\"https:\\\/\\\/web.fpinnovations.ca\\\/fr\\\/\",\"name\":\"FPInnovations\",\"description\":\"\",\"potentialAction\":[{\"@type\":\"SearchAction\",\"target\":{\"@type\":\"EntryPoint\",\"urlTemplate\":\"https:\\\/\\\/web.fpinnovations.ca\\\/fr\\\/?s={search_term_string}\"},\"query-input\":{\"@type\":\"PropertyValueSpecification\",\"valueRequired\":true,\"valueName\":\"search_term_string\"}}],\"inLanguage\":\"fr-FR\"}]}<\/script>\n<!-- \/ Yoast SEO plugin. -->","yoast_head_json":{"title":"Membres - FPInnovations","robots":{"index":"index","follow":"follow","max-snippet":"max-snippet:-1","max-image-preview":"max-image-preview:large","max-video-preview":"max-video-preview:-1"},"canonical":"https:\/\/web.fpinnovations.ca\/fr\/membres\/","og_locale":"fr_FR","og_type":"article","og_title":"Membres - FPInnovations","og_description":"[vc_row full_width=\u00a0\u00bbstretch_row_content_no_spaces\u00a0\u00bb css=\u00a0\u00bb.vc_custom_1579806871433{background-image: url(https:\/\/web.fpinnovations.ca\/wp-content\/uploads\/bg-header-gray.jpg?id=31877) !important;background-position: center !important;background-repeat: no-repeat !important;background-size: cover !important;}\u00a0\u00bb][vc_column][\/vc_column][\/vc_row][vc_row][vc_column width=\u00a0\u00bb1\/2&Prime;][vc_column_text css=\u00a0\u00bb\u00a0\u00bb]Acc\u00e9dez au Portail des membres de FPInnovations pour, entre autres, suivre en direct l&rsquo;\u00e9volution de vos projets collaboratifs avec FPInnovations. Si vous n&rsquo;avez...","og_url":"https:\/\/web.fpinnovations.ca\/fr\/membres\/","og_site_name":"FPInnovations","article_modified_time":"2025-05-09T16:24:35+00:00","twitter_card":"summary_large_image","twitter_misc":{"Dur\u00e9e de lecture estim\u00e9e":"1 minute"},"schema":{"@context":"https:\/\/schema.org","@graph":[{"@type":"WebPage","@id":"https:\/\/web.fpinnovations.ca\/fr\/membres\/","url":"https:\/\/web.fpinnovations.ca\/fr\/membres\/","name":"Membres - FPInnovations","isPartOf":{"@id":"https:\/\/web.fpinnovations.ca\/fr\/#website"},"datePublished":"2020-01-15T20:45:46+00:00","dateModified":"2025-05-09T16:24:35+00:00","breadcrumb":{"@id":"https:\/\/web.fpinnovations.ca\/fr\/membres\/#breadcrumb"},"inLanguage":"fr-FR","potentialAction":[{"@type":"ReadAction","target":["https:\/\/web.fpinnovations.ca\/fr\/membres\/"]}]},{"@type":"BreadcrumbList","@id":"https:\/\/web.fpinnovations.ca\/fr\/membres\/#breadcrumb","itemListElement":[{"@type":"ListItem","position":1,"name":"Home","item":"https:\/\/web.fpinnovations.ca\/fr\/"},{"@type":"ListItem","position":2,"name":"Membres"}]},{"@type":"WebSite","@id":"https:\/\/web.fpinnovations.ca\/fr\/#website","url":"https:\/\/web.fpinnovations.ca\/fr\/","name":"FPInnovations","description":"","potentialAction":[{"@type":"SearchAction","target":{"@type":"EntryPoint","urlTemplate":"https:\/\/web.fpinnovations.ca\/fr\/?s={search_term_string}"},"query-input":{"@type":"PropertyValueSpecification","valueRequired":true,"valueName":"search_term_string"}}],"inLanguage":"fr-FR"}]}},"_links":{"self":[{"href":"https:\/\/web.fpinnovations.ca\/fr\/wp-json\/wp\/v2\/pages\/89805","targetHints":{"allow":["GET"]}}],"collection":[{"href":"https:\/\/web.fpinnovations.ca\/fr\/wp-json\/wp\/v2\/pages"}],"about":[{"href":"https:\/\/web.fpinnovations.ca\/fr\/wp-json\/wp\/v2\/types\/page"}],"author":[{"embeddable":true,"href":"https:\/\/web.fpinnovations.ca\/fr\/wp-json\/wp\/v2\/users\/1"}],"replies":[{"embeddable":true,"href":"https:\/\/web.fpinnovations.ca\/fr\/wp-json\/wp\/v2\/comments?post=89805"}],"version-history":[{"count":5,"href":"https:\/\/web.fpinnovations.ca\/fr\/wp-json\/wp\/v2\/pages\/89805\/revisions"}],"predecessor-version":[{"id":302978,"href":"https:\/\/web.fpinnovations.ca\/fr\/wp-json\/wp\/v2\/pages\/89805\/revisions\/302978"}],"wp:attachment":[{"href":"https:\/\/web.fpinnovations.ca\/fr\/wp-json\/wp\/v2\/media?parent=89805"}],"curies":[{"name":"wp","href":"https:\/\/api.w.org\/{rel}","templated":true}]}}