{"id":32339,"date":"2019-06-03T15:14:49","date_gmt":"2019-06-03T19:14:49","guid":{"rendered":"http:\/\/dev.web.fpinnovations.ca\/contact-us\/"},"modified":"2025-03-03T10:46:31","modified_gmt":"2025-03-03T15:46:31","slug":"nous-joindre","status":"publish","type":"page","link":"https:\/\/web.fpinnovations.ca\/fr\/nous-joindre\/","title":{"rendered":"Nous joindre"},"content":{"rendered":"<div class=\"wpb-content-wrapper\"><p>[vc_row full_width=\u00a0\u00bbstretch_row_content_no_spaces\u00a0\u00bb css=\u00a0\u00bb.vc_custom_1559876501439{margin-top: 0px !important;padding-right: 150px !important;padding-left: 150px !important;background-image: url(https:\/\/web.fpinnovations.ca\/wp-content\/uploads\/bg-wood-fibre.jpg?id=32179) !important;background-position: center !important;background-repeat: no-repeat !important;background-size: cover !important;}\u00a0\u00bb][vc_column]<div class=\"gem-textbox \"  ><div class=\"gem-textbox-inner\" style=\"\"><div class=\"gem-textbox-content\" style=\"background-repeat: no-repeat; background-size: cover;background-position: center top;padding-top: 150px;padding-bottom: 50px;padding-left: 150px;padding-right: 150px;\">[vc_custom_heading text=\u00a0\u00bbNous joindre\u00a0\u00bb font_container=\u00a0\u00bbtag:h1|font_size:80px|text_align:left|line_height:1.1&Prime; use_theme_fonts=\u00a0\u00bbyes\u00a0\u00bb]<\/div><\/div><\/div>[\/vc_column][\/vc_row][vc_row][vc_column width=\u00a0\u00bb1\/2&Prime;][vc_column_text]\n<div class=\"wpcf7 no-js\" id=\"wpcf7-f32347-o1\" lang=\"en-CA\" dir=\"ltr\" data-wpcf7-id=\"32347\">\n<div class=\"screen-reader-response\"><p role=\"status\" aria-live=\"polite\" aria-atomic=\"true\"><\/p> <ul><\/ul><\/div>\n<form action=\"\/fr\/wp-json\/wp\/v2\/pages\/32339#wpcf7-f32347-o1\" method=\"post\" class=\"wpcf7-form init\" aria-label=\"Contact form\" novalidate=\"novalidate\" data-status=\"init\">\n<fieldset class=\"hidden-fields-container\"><legend class=\"screen-reader-text\">Hidden fields<\/legend><input type=\"hidden\" name=\"_wpcf7\" value=\"32347\" \/><input type=\"hidden\" name=\"_wpcf7_version\" value=\"6.1.5\" \/><input type=\"hidden\" name=\"_wpcf7_locale\" value=\"en_CA\" \/><input type=\"hidden\" name=\"_wpcf7_unit_tag\" value=\"wpcf7-f32347-o1\" \/><input type=\"hidden\" name=\"_wpcf7_container_post\" value=\"0\" \/><input type=\"hidden\" name=\"_wpcf7_posted_data_hash\" value=\"\" \/><input type=\"hidden\" name=\"_wpcf7_recaptcha_response\" value=\"\" \/>\n<\/fieldset>\n<label> Sujet\n<span class=\"wpcf7-form-control-wrap\" data-name=\"menu-142\"><select class=\"wpcf7-form-control wpcf7-select wpcf7-validates-as-required\" aria-required=\"true\" aria-invalid=\"false\" name=\"menu-142\"><option value=\"G\u00e9n\u00e9ral et m\u00e9dias\">G\u00e9n\u00e9ral et m\u00e9dias<\/option><option value=\"Services techniques\">Services techniques<\/option><option value=\"Masques biod\u00e9gradables\">Masques biod\u00e9gradables<\/option><option value=\"Probl\u00e8me avec la connexion des membres\">Probl\u00e8me avec la connexion des membres<\/option><option value=\"Biblioth\u00e8que\">Biblioth\u00e8que<\/option><\/select><\/span><\/label>\n\n<label> Votre nom (requis)\n    <span class=\"wpcf7-form-control-wrap\" data-name=\"your-name\"><input size=\"40\" maxlength=\"400\" class=\"wpcf7-form-control wpcf7-text wpcf7-validates-as-required\" aria-required=\"true\" aria-invalid=\"false\" value=\"\" type=\"text\" name=\"your-name\" \/><\/span> <\/label>\n\n<label> Votre courriel (requis)\n    <span class=\"wpcf7-form-control-wrap\" data-name=\"your-email\"><input size=\"40\" maxlength=\"400\" class=\"wpcf7-form-control wpcf7-email wpcf7-validates-as-required wpcf7-text wpcf7-validates-as-email\" aria-required=\"true\" aria-invalid=\"false\" value=\"\" type=\"email\" name=\"your-email\" \/><\/span> <\/label>\n\n<label> Votre message\n    <span class=\"wpcf7-form-control-wrap\" data-name=\"your-message\"><textarea cols=\"40\" rows=\"10\" maxlength=\"2000\" class=\"wpcf7-form-control wpcf7-textarea\" aria-invalid=\"false\" name=\"your-message\"><\/textarea><\/span> <\/label>\n\n<input class=\"wpcf7-form-control wpcf7-submit has-spinner\" type=\"submit\" value=\"Envoyer le message\" \/><div class=\"wpcf7-response-output\" aria-hidden=\"true\"><\/div>\n<\/form>\n<\/div>\n[\/vc_column_text][\/vc_column][vc_column width=\u00a0\u00bb1\/2&Prime;][vc_row_inner][vc_column_inner][vc_custom_heading text=\u00a0\u00bbSi\u00e8ge social\u00a0\u00bb font_container=\u00a0\u00bbtag:h4|text_align:left\u00a0\u00bb use_theme_fonts=\u00a0\u00bbyes\u00a0\u00bb][vc_column_text]<\/p>\n<p class=\"nom\"><strong>Pointe-Claire<\/strong><\/p>\n<p class=\"adresse\">570, boul. Saint-Jean<br \/>\nPointe-Claire (Qu\u00e9bec)<br \/>\nH9R 3J9[\/vc_column_text][vc_btn title=\u00a0\u00bb514-630-4100&Prime; style=\u00a0\u00bbflat\u00a0\u00bb shape=\u00a0\u00bbround\u00a0\u00bb color=\u00a0\u00bbgreen\u00a0\u00bb align=\u00a0\u00bbleft\u00a0\u00bb link=\u00a0\u00bburl:tel%3A%2B5146304100&Prime;]<div class=\"socials socials-list socials-colored-hover socials-rounded socials-alignment-left\"><a class=\"socials-item\" target=\"_blank\" href=\"https:\/\/www.facebook.com\/FPInnovations\" style=\"color: #143861;\" aria-label=\"facebook\"><i class=\"socials-item-icon facebook\" style=\"font-size: 25px\"><\/i><\/a><a class=\"socials-item\" target=\"_blank\" href=\"https:\/\/www.linkedin.com\/company\/fpinnovations\" style=\"color: #143861;\" aria-label=\"linkedin\"><i class=\"socials-item-icon linkedin\" style=\"font-size: 25px\"><\/i><\/a><a class=\"socials-item\" target=\"_blank\" href=\"https:\/\/twitter.com\/FPInnovations\" style=\"color: #143861;\" aria-label=\"twitter\"><i class=\"socials-item-icon twitter\" style=\"font-size: 25px\"><\/i><\/a><a class=\"socials-item\" target=\"_blank\" href=\"https:\/\/www.youtube.com\/user\/fpinnovationsvideos\" style=\"color: #143861;\" aria-label=\"youtube\"><i class=\"socials-item-icon youtube\" style=\"font-size: 25px\"><\/i><\/a><\/div>[vc_empty_space][vc_empty_space][\/vc_column_inner][\/vc_row_inner][vc_row_inner][vc_column_inner][vc_custom_heading text=\u00a0\u00bbDemandes m\u00e9dias\u00a0\u00bb font_container=\u00a0\u00bbtag:h4|text_align:left\u00a0\u00bb use_theme_fonts=\u00a0\u00bbyes\u00a0\u00bb][vc_btn title=\u00a0\u00bbEnvoyez-nous un courriel\u00a0\u00bb style=\u00a0\u00bbflat\u00a0\u00bb shape=\u00a0\u00bbround\u00a0\u00bb color=\u00a0\u00bbgreen\u00a0\u00bb align=\u00a0\u00bbleft\u00a0\u00bb link=\u00a0\u00bburl:mailto%3Ainfo%40fpinnovations.ca\u00a0\u00bb][vc_btn title=\u00a0\u00bb1-866-727-7422&Prime; style=\u00a0\u00bbflat\u00a0\u00bb shape=\u00a0\u00bbround\u00a0\u00bb color=\u00a0\u00bbgreen\u00a0\u00bb align=\u00a0\u00bbleft\u00a0\u00bb link=\u00a0\u00bburl:tel%3A%2B18667277422&Prime;][\/vc_column_inner][\/vc_row_inner][vc_empty_space][\/vc_column][\/vc_row][vc_row full_width=\u00a0\u00bbstretch_row\u00a0\u00bb][vc_column][vc_empty_space height=\u00a0\u00bb15px\u00a0\u00bb][vc_row_inner][vc_column_inner width=\u00a0\u00bb1\/3&Prime;][vc_column_text]<\/p>\n<h4>Op\u00e9rations<br \/>\nforesti\u00e8res<\/h4>\n<p>[\/vc_column_text][vc_column_text]<\/p>\n<p class=\"nom\"><strong>Pointe-Claire<\/strong><\/p>\n<p class=\"adresse\">570, boul. Saint-Jean<br \/>\nPointe-Claire (Qu\u00e9bec)<br \/>\nH9R 3J9<\/p>\n<p><a href=\"tel:+5146304100\">514 630-4100<\/a>[\/vc_column_text][vc_column_text]<\/p>\n<p class=\"nom\"><strong>Edmonton<\/strong><\/p>\n<p class=\"adresse\">11810, Kingsway NW<br \/>\nEdmonton (Alberta)<br \/>\nT5G 0X5<\/p>\n<p><a href=\"tel:+7804139031\">780 413-9031<\/a>[\/vc_column_text][vc_column_text]<\/p>\n<p class=\"nom\"><strong>Vancouver<\/strong><\/p>\n<p class=\"adresse\">2665, East Mall<br \/>\nVancouver (Colombie-Britannique)<br \/>\nV6T 1Z4<\/p>\n<p><a href=\"tel:+6042243221\">604 224-3221<\/a>[\/vc_column_text][\/vc_column_inner][vc_column_inner width=\u00a0\u00bb1\/3&Prime;][vc_column_text]<\/p>\n<h4>Produits<br \/>\ndu bois<\/h4>\n<p>[\/vc_column_text][vc_column_text]<\/p>\n<p class=\"nom\"><strong>Vancouver<\/strong><\/p>\n<p class=\"adresse\">2665, East Mall<br \/>\nVancouver (Colombie-Britannique)<br \/>\nV6T 1Z4<\/p>\n<p><a href=\"tel:+6042243221\">604 224-3221<\/a>[\/vc_column_text][vc_column_text css=\u00a0\u00bb\u00a0\u00bb]<\/p>\n<p class=\"nom\"><strong>Qu\u00e9bec<\/strong><\/p>\n<p class=\"adresse\">319 rue Franquet,<br \/>\nQu\u00e9bec, QC<br \/>\nG1P 4R4<\/p>\n<p><a href=\"tel:+4186592647\">418 659-2647<\/a>[\/vc_column_text][\/vc_column_inner][vc_column_inner width=\u00a0\u00bb1\/3&Prime;][vc_column_text]<\/p>\n<h4>P\u00e2tes, papiers<br \/>\net produits biosourc\u00e9s<\/h4>\n<p>[\/vc_column_text][vc_column_text]<\/p>\n<p class=\"nom\"><strong>Pointe-Claire<\/strong><\/p>\n<p class=\"adresse\">570, boul. Saint-Jean<br \/>\nPointe-Claire (Qu\u00e9bec)<br \/>\nH9R 3J9<\/p>\n<p><a href=\"tel:+5146304100\">514 630-4100<\/a>[\/vc_column_text][vc_column_text]<\/p>\n<p class=\"nom\"><strong>Vancouver<\/strong><\/p>\n<p class=\"adresse\">2665, East Mall<br \/>\nVancouver (Colombie-Britannique)<br \/>\nV6T 1Z4<\/p>\n<p><a href=\"tel:+6042243221\">604 224-3221<\/a>[\/vc_column_text][vc_column_text]<\/p>\n<p class=\"nom\"><strong>Thunder Bay<\/strong><\/p>\n<p class=\"adresse\">2001, avenue Neebing<br \/>\nThunder Bay (Ontario)<br \/>\nP7E 6S3<\/p>\n<p><a href=\"tel:+8074752625\">807 475-2625<\/a>[\/vc_column_text][\/vc_column_inner][\/vc_row_inner][\/vc_column][\/vc_row]<\/p>\n<\/div>","protected":false},"excerpt":{"rendered":"<p>[vc_row full_width=\u00a0\u00bbstretch_row_content_no_spaces\u00a0\u00bb css=\u00a0\u00bb.vc_custom_1559876501439{margin-top: 0px !important;padding-right: 150px !important;padding-left: 150px !important;background-image: url(https:\/\/web.fpinnovations.ca\/wp-content\/uploads\/bg-wood-fibre.jpg?id=32179) !important;background-position: center !important;background-repeat: no-repeat !important;background-size: cover !important;}\u00a0\u00bb][vc_column][\/vc_column][\/vc_row][vc_row][vc_column width=\u00a0\u00bb1\/2&Prime;][vc_column_text][\/vc_column_text][\/vc_column][vc_column width=\u00a0\u00bb1\/2&Prime;][vc_row_inner][vc_column_inner][vc_custom_heading text=\u00a0\u00bbSi\u00e8ge social\u00a0\u00bb font_container=\u00a0\u00bbtag:h4|text_align:left\u00a0\u00bb use_theme_fonts=\u00a0\u00bbyes\u00a0\u00bb][vc_column_text] Pointe-Claire 570, boul. Saint-Jean Pointe-Claire (Qu\u00e9bec) H9R 3J9[\/vc_column_text][vc_btn title=\u00a0\u00bb514-630-4100&Prime; style=\u00a0\u00bbflat\u00a0\u00bb shape=\u00a0\u00bbround\u00a0\u00bb color=\u00a0\u00bbgreen\u00a0\u00bb&#8230;<\/p>\n","protected":false},"author":1,"featured_media":0,"parent":0,"menu_order":0,"comment_status":"closed","ping_status":"closed","template":"","meta":{"_acf_changed":false,"footnotes":""},"class_list":["post-32339","page","type-page","status-publish"],"acf":[],"yoast_head":"<!-- This site is optimized with the Yoast SEO plugin v27.4 - https:\/\/yoast.com\/product\/yoast-seo-wordpress\/ -->\n<title>Nous joindre - FPInnovations<\/title>\n<meta name=\"robots\" content=\"index, follow, max-snippet:-1, max-image-preview:large, max-video-preview:-1\" \/>\n<link rel=\"canonical\" href=\"https:\/\/web.fpinnovations.ca\/fr\/nous-joindre\/\" \/>\n<meta property=\"og:locale\" content=\"fr_FR\" \/>\n<meta property=\"og:type\" content=\"article\" \/>\n<meta property=\"og:title\" content=\"Nous joindre - FPInnovations\" \/>\n<meta property=\"og:description\" content=\"[vc_row full_width=\u00a0\u00bbstretch_row_content_no_spaces\u00a0\u00bb css=\u00a0\u00bb.vc_custom_1559876501439{margin-top: 0px !important;padding-right: 150px !important;padding-left: 150px !important;background-image: url(https:\/\/web.fpinnovations.ca\/wp-content\/uploads\/bg-wood-fibre.jpg?id=32179) !important;background-position: center !important;background-repeat: no-repeat !important;background-size: cover !important;}\u00a0\u00bb][vc_column][\/vc_column][\/vc_row][vc_row][vc_column width=\u00a0\u00bb1\/2&Prime;][vc_column_text][\/vc_column_text][\/vc_column][vc_column width=\u00a0\u00bb1\/2&Prime;][vc_row_inner][vc_column_inner][vc_custom_heading text=\u00a0\u00bbSi\u00e8ge social\u00a0\u00bb font_container=\u00a0\u00bbtag:h4|text_align:left\u00a0\u00bb use_theme_fonts=\u00a0\u00bbyes\u00a0\u00bb][vc_column_text] Pointe-Claire 570, boul. Saint-Jean Pointe-Claire (Qu\u00e9bec) H9R 3J9[\/vc_column_text][vc_btn title=\u00a0\u00bb514-630-4100&Prime; style=\u00a0\u00bbflat\u00a0\u00bb shape=\u00a0\u00bbround\u00a0\u00bb color=\u00a0\u00bbgreen\u00a0\u00bb...\" \/>\n<meta property=\"og:url\" content=\"https:\/\/web.fpinnovations.ca\/fr\/nous-joindre\/\" \/>\n<meta property=\"og:site_name\" content=\"FPInnovations\" \/>\n<meta property=\"article:modified_time\" content=\"2025-03-03T15:46:31+00:00\" \/>\n<meta name=\"twitter:card\" content=\"summary_large_image\" \/>\n<meta name=\"twitter:label1\" content=\"Dur\u00e9e de lecture estim\u00e9e\" \/>\n\t<meta name=\"twitter:data1\" content=\"1 minute\" \/>\n<script type=\"application\/ld+json\" class=\"yoast-schema-graph\">{\"@context\":\"https:\\\/\\\/schema.org\",\"@graph\":[{\"@type\":\"WebPage\",\"@id\":\"https:\\\/\\\/web.fpinnovations.ca\\\/fr\\\/nous-joindre\\\/\",\"url\":\"https:\\\/\\\/web.fpinnovations.ca\\\/fr\\\/nous-joindre\\\/\",\"name\":\"Nous joindre - FPInnovations\",\"isPartOf\":{\"@id\":\"https:\\\/\\\/web.fpinnovations.ca\\\/fr\\\/#website\"},\"datePublished\":\"2019-06-03T19:14:49+00:00\",\"dateModified\":\"2025-03-03T15:46:31+00:00\",\"breadcrumb\":{\"@id\":\"https:\\\/\\\/web.fpinnovations.ca\\\/fr\\\/nous-joindre\\\/#breadcrumb\"},\"inLanguage\":\"fr-FR\",\"potentialAction\":[{\"@type\":\"ReadAction\",\"target\":[\"https:\\\/\\\/web.fpinnovations.ca\\\/fr\\\/nous-joindre\\\/\"]}]},{\"@type\":\"BreadcrumbList\",\"@id\":\"https:\\\/\\\/web.fpinnovations.ca\\\/fr\\\/nous-joindre\\\/#breadcrumb\",\"itemListElement\":[{\"@type\":\"ListItem\",\"position\":1,\"name\":\"Home\",\"item\":\"https:\\\/\\\/web.fpinnovations.ca\\\/fr\\\/\"},{\"@type\":\"ListItem\",\"position\":2,\"name\":\"Nous joindre\"}]},{\"@type\":\"WebSite\",\"@id\":\"https:\\\/\\\/web.fpinnovations.ca\\\/fr\\\/#website\",\"url\":\"https:\\\/\\\/web.fpinnovations.ca\\\/fr\\\/\",\"name\":\"FPInnovations\",\"description\":\"\",\"potentialAction\":[{\"@type\":\"SearchAction\",\"target\":{\"@type\":\"EntryPoint\",\"urlTemplate\":\"https:\\\/\\\/web.fpinnovations.ca\\\/fr\\\/?s={search_term_string}\"},\"query-input\":{\"@type\":\"PropertyValueSpecification\",\"valueRequired\":true,\"valueName\":\"search_term_string\"}}],\"inLanguage\":\"fr-FR\"}]}<\/script>\n<!-- \/ Yoast SEO plugin. -->","yoast_head_json":{"title":"Nous joindre - FPInnovations","robots":{"index":"index","follow":"follow","max-snippet":"max-snippet:-1","max-image-preview":"max-image-preview:large","max-video-preview":"max-video-preview:-1"},"canonical":"https:\/\/web.fpinnovations.ca\/fr\/nous-joindre\/","og_locale":"fr_FR","og_type":"article","og_title":"Nous joindre - FPInnovations","og_description":"[vc_row full_width=\u00a0\u00bbstretch_row_content_no_spaces\u00a0\u00bb css=\u00a0\u00bb.vc_custom_1559876501439{margin-top: 0px !important;padding-right: 150px !important;padding-left: 150px !important;background-image: url(https:\/\/web.fpinnovations.ca\/wp-content\/uploads\/bg-wood-fibre.jpg?id=32179) !important;background-position: center !important;background-repeat: no-repeat !important;background-size: cover !important;}\u00a0\u00bb][vc_column][\/vc_column][\/vc_row][vc_row][vc_column width=\u00a0\u00bb1\/2&Prime;][vc_column_text][\/vc_column_text][\/vc_column][vc_column width=\u00a0\u00bb1\/2&Prime;][vc_row_inner][vc_column_inner][vc_custom_heading text=\u00a0\u00bbSi\u00e8ge social\u00a0\u00bb font_container=\u00a0\u00bbtag:h4|text_align:left\u00a0\u00bb use_theme_fonts=\u00a0\u00bbyes\u00a0\u00bb][vc_column_text] Pointe-Claire 570, boul. Saint-Jean Pointe-Claire (Qu\u00e9bec) H9R 3J9[\/vc_column_text][vc_btn title=\u00a0\u00bb514-630-4100&Prime; style=\u00a0\u00bbflat\u00a0\u00bb shape=\u00a0\u00bbround\u00a0\u00bb color=\u00a0\u00bbgreen\u00a0\u00bb...","og_url":"https:\/\/web.fpinnovations.ca\/fr\/nous-joindre\/","og_site_name":"FPInnovations","article_modified_time":"2025-03-03T15:46:31+00:00","twitter_card":"summary_large_image","twitter_misc":{"Dur\u00e9e de lecture estim\u00e9e":"1 minute"},"schema":{"@context":"https:\/\/schema.org","@graph":[{"@type":"WebPage","@id":"https:\/\/web.fpinnovations.ca\/fr\/nous-joindre\/","url":"https:\/\/web.fpinnovations.ca\/fr\/nous-joindre\/","name":"Nous joindre - FPInnovations","isPartOf":{"@id":"https:\/\/web.fpinnovations.ca\/fr\/#website"},"datePublished":"2019-06-03T19:14:49+00:00","dateModified":"2025-03-03T15:46:31+00:00","breadcrumb":{"@id":"https:\/\/web.fpinnovations.ca\/fr\/nous-joindre\/#breadcrumb"},"inLanguage":"fr-FR","potentialAction":[{"@type":"ReadAction","target":["https:\/\/web.fpinnovations.ca\/fr\/nous-joindre\/"]}]},{"@type":"BreadcrumbList","@id":"https:\/\/web.fpinnovations.ca\/fr\/nous-joindre\/#breadcrumb","itemListElement":[{"@type":"ListItem","position":1,"name":"Home","item":"https:\/\/web.fpinnovations.ca\/fr\/"},{"@type":"ListItem","position":2,"name":"Nous joindre"}]},{"@type":"WebSite","@id":"https:\/\/web.fpinnovations.ca\/fr\/#website","url":"https:\/\/web.fpinnovations.ca\/fr\/","name":"FPInnovations","description":"","potentialAction":[{"@type":"SearchAction","target":{"@type":"EntryPoint","urlTemplate":"https:\/\/web.fpinnovations.ca\/fr\/?s={search_term_string}"},"query-input":{"@type":"PropertyValueSpecification","valueRequired":true,"valueName":"search_term_string"}}],"inLanguage":"fr-FR"}]}},"_links":{"self":[{"href":"https:\/\/web.fpinnovations.ca\/fr\/wp-json\/wp\/v2\/pages\/32339","targetHints":{"allow":["GET"]}}],"collection":[{"href":"https:\/\/web.fpinnovations.ca\/fr\/wp-json\/wp\/v2\/pages"}],"about":[{"href":"https:\/\/web.fpinnovations.ca\/fr\/wp-json\/wp\/v2\/types\/page"}],"author":[{"embeddable":true,"href":"https:\/\/web.fpinnovations.ca\/fr\/wp-json\/wp\/v2\/users\/1"}],"replies":[{"embeddable":true,"href":"https:\/\/web.fpinnovations.ca\/fr\/wp-json\/wp\/v2\/comments?post=32339"}],"version-history":[{"count":5,"href":"https:\/\/web.fpinnovations.ca\/fr\/wp-json\/wp\/v2\/pages\/32339\/revisions"}],"predecessor-version":[{"id":302489,"href":"https:\/\/web.fpinnovations.ca\/fr\/wp-json\/wp\/v2\/pages\/32339\/revisions\/302489"}],"wp:attachment":[{"href":"https:\/\/web.fpinnovations.ca\/fr\/wp-json\/wp\/v2\/media?parent=32339"}],"curies":[{"name":"wp","href":"https:\/\/api.w.org\/{rel}","templated":true}]}}