{"id":31683,"date":"2019-03-13T11:18:20","date_gmt":"2019-03-13T15:18:20","guid":{"rendered":"http:\/\/dev.web.fpinnovations.ca\/who-we-are\/"},"modified":"2021-04-08T14:39:29","modified_gmt":"2021-04-08T18:39:29","slug":"qui-sommes-nous","status":"publish","type":"page","link":"https:\/\/web.fpinnovations.ca\/fr\/qui-sommes-nous\/","title":{"rendered":"Qui sommes-nous"},"content":{"rendered":"<div class=\"wpb-content-wrapper\"><p>[vc_row full_width=\u00a0\u00bbstretch_row_content\u00a0\u00bb css=\u00a0\u00bb.vc_custom_1559872018019{padding-bottom: 0px !important;}\u00a0\u00bb][vc_column width=\u00a0\u00bb1\/2&Prime; css=\u00a0\u00bb.vc_custom_1558617869115{padding-left: 100px !important;}\u00a0\u00bb][vc_custom_heading text=\u00a0\u00bbNous sommes<br \/>\nFPInnovations\u00a0\u00bb font_container=\u00a0\u00bbtag:h1|font_size:5.25vw|text_align:left|line_height:1.1&Prime; google_fonts=\u00a0\u00bbfont_family:Montserrat%3Aregular%2C700|font_style:700%20bold%20regular%3A700%3Anormal\u00a0\u00bb][\/vc_column][vc_column width=\u00a0\u00bb1\/2&Prime; css=\u00a0\u00bb.vc_custom_1558617804800{padding-right: 100px !important;}\u00a0\u00bb][vc_custom_heading text=\u00a0\u00bbFPInnovations est un organisme sans but lucratif qui se sp\u00e9cialise dans la cr\u00e9ation de solutions afin de soutenir la comp\u00e9titivit\u00e9 du secteur forestier canadien \u00e0 l\u2019\u00e9chelle mondiale.\u00a0\u00bb font_container=\u00a0\u00bbtag:p|font_size:1.5vw|text_align:left|line_height:1.5&Prime; google_fonts=\u00a0\u00bbfont_family:Montserrat%3Aregular%2C700|font_style:400%20regular%3A400%3Anormal\u00a0\u00bb][vc_custom_heading text=\u00a0\u00bbL\u2019organisme jouit d\u2019une position id\u00e9ale pour effectuer de la recherche de pointe, concevoir des technologies avanc\u00e9es et offrir des solutions novatrices \u00e0 des probl\u00e8mes complexes, et ce, \u00e0 chaque \u00e9l\u00e9ment de la cha\u00eene des valeurs du secteur, des op\u00e9rations foresti\u00e8res aux produits industriels et de consommation.\u00a0\u00bb font_container=\u00a0\u00bbtag:p|font_size:1.5vw|text_align:left|line_height:1.5&Prime; google_fonts=\u00a0\u00bbfont_family:Montserrat%3Aregular%2C700|font_style:400%20regular%3A400%3Anormal\u00a0\u00bb][vc_custom_heading text=\u00a0\u00bbSes laboratoires de R et D sont situ\u00e9s \u00e0 Qu\u00e9bec, \u00e0 Montr\u00e9al et \u00e0 Vancouver, et des centres de transfert de technologie sont situ\u00e9s dans l\u2019ensemble du Canada.\u00a0\u00bb font_container=\u00a0\u00bbtag:p|font_size:1.5vw|text_align:left|line_height:1.5&Prime; google_fonts=\u00a0\u00bbfont_family:Montserrat%3Aregular%2C700|font_style:400%20regular%3A400%3Anormal\u00a0\u00bb][\/vc_column][\/vc_row][vc_row full_width=\u00a0\u00bbstretch_row_content\u00a0\u00bb][vc_column][vc_empty_space]<div class=\"gem-textbox \"  ><div class=\"gem-textbox-inner\" style=\"border-top-left-radius: 30px;border-top-right-radius: 30px;border-bottom-right-radius: 30px;border-bottom-left-radius: 30px;\"><div class=\"gem-textbox-content\" style=\"background-color: #f4f6f7;background-position: center top;\">[vc_row_inner][vc_column_inner width=\u00a0\u00bb1\/4&Prime;][\/vc_column_inner][vc_column_inner width=\u00a0\u00bb1\/4&Prime;][vc_custom_heading text=\u00a0\u00bbMission\u00a0\u00bb font_container=\u00a0\u00bbtag:h1|font_size:2.0vw|text_align:left|line_height:1.1&Prime; google_fonts=\u00a0\u00bbfont_family:Montserrat%3Aregular%2C700|font_style:700%20bold%20regular%3A700%3Anormal\u00a0\u00bb][vc_column_text]Acc\u00e9l\u00e9rer la croissance et la transformation du secteur forestier<\/p>\n<div>\n<ul>\n<li>Cr\u00e9er de nouvelles opportunit\u00e9s de march\u00e9<\/li>\n<li>Identifier, d\u00e9velopper et d\u00e9ployer l&rsquo;innovation<\/li>\n<\/ul>\n<p>Am\u00e9liorer la comp\u00e9titivit\u00e9 du secteur forestier<\/p>\n<ul>\n<li>Acc\u00e8s \u00e0 l&rsquo;expertise technique<\/li>\n<li>Favoriser l&rsquo;excellence des op\u00e9rations et des produits<\/li>\n<\/ul>\n<\/div>\n<p>[\/vc_column_text][\/vc_column_inner][vc_column_inner width=\u00a0\u00bb1\/4&Prime;][vc_custom_heading text=\u00a0\u00bbValeurs\u00a0\u00bb font_container=\u00a0\u00bbtag:h1|font_size:2.0vw|text_align:left|line_height:1.1&Prime; google_fonts=\u00a0\u00bbfont_family:Montserrat%3Aregular%2C700|font_style:700%20bold%20regular%3A700%3Anormal\u00a0\u00bb][vc_column_text]INNOVATION<br \/>\nNous sommes passionn\u00e9s par la recherche de solutions audacieuses et efficaces qui tracent la voie vers un avenir durable.<\/p>\n<p>AGILIT\u00c9<br \/>\nNous nous adaptons aux besoins et d\u00e9fis changeants de nos clients. R\u00e9agir rapidement nous permet de fournir valeur et impact.<\/p>\n<p>COLLABORATION<br \/>\nNous appr\u00e9cions la puissance de la cocr\u00e9ation et de la diversit\u00e9. Nous cultivons des partenariats dynamiques gr\u00e2ce \u00e0 un esprit d&rsquo;ouverture et au courage de remettre les id\u00e9es en question.<\/p>\n<p>INT\u00c9GRIT\u00c9<br \/>\nNous souscrivons aux normes professionnelles, \u00e9thiques et scientifiques les plus \u00e9lev\u00e9es. C\u2019est en mettant nos valeurs en pratique que nous suscitons la confiance.[\/vc_column_text][\/vc_column_inner][vc_column_inner width=\u00a0\u00bb1\/4&Prime;][\/vc_column_inner][\/vc_row_inner]<\/div><\/div><\/div>[\/vc_column][\/vc_row]<\/p>\n<\/div>","protected":false},"excerpt":{"rendered":"<p>[vc_row full_width=\u00a0\u00bbstretch_row_content\u00a0\u00bb css=\u00a0\u00bb.vc_custom_1559872018019{padding-bottom: 0px !important;}\u00a0\u00bb][vc_column width=\u00a0\u00bb1\/2&Prime; css=\u00a0\u00bb.vc_custom_1558617869115{padding-left: 100px !important;}\u00a0\u00bb][vc_custom_heading text=\u00a0\u00bbNous sommes FPInnovations\u00a0\u00bb font_container=\u00a0\u00bbtag:h1|font_size:5.25vw|text_align:left|line_height:1.1&Prime; google_fonts=\u00a0\u00bbfont_family:Montserrat%3Aregular%2C700|font_style:700%20bold%20regular%3A700%3Anormal\u00a0\u00bb][\/vc_column][vc_column width=\u00a0\u00bb1\/2&Prime; css=\u00a0\u00bb.vc_custom_1558617804800{padding-right: 100px !important;}\u00a0\u00bb][vc_custom_heading text=\u00a0\u00bbFPInnovations est un organisme sans but lucratif qui se sp\u00e9cialise dans la cr\u00e9ation de solutions afin de&#8230;<\/p>\n","protected":false},"author":1,"featured_media":0,"parent":0,"menu_order":0,"comment_status":"closed","ping_status":"closed","template":"","meta":{"_acf_changed":false,"footnotes":""},"class_list":["post-31683","page","type-page","status-publish"],"acf":[],"yoast_head":"<!-- This site is optimized with the Yoast SEO plugin v27.4 - https:\/\/yoast.com\/product\/yoast-seo-wordpress\/ -->\n<title>Qui sommes-nous - FPInnovations<\/title>\n<meta name=\"robots\" content=\"index, follow, max-snippet:-1, max-image-preview:large, max-video-preview:-1\" \/>\n<link rel=\"canonical\" href=\"https:\/\/web.fpinnovations.ca\/fr\/qui-sommes-nous\/\" \/>\n<meta property=\"og:locale\" content=\"fr_FR\" \/>\n<meta property=\"og:type\" content=\"article\" \/>\n<meta property=\"og:title\" content=\"Qui sommes-nous - FPInnovations\" \/>\n<meta property=\"og:description\" content=\"[vc_row full_width=\u00a0\u00bbstretch_row_content\u00a0\u00bb css=\u00a0\u00bb.vc_custom_1559872018019{padding-bottom: 0px !important;}\u00a0\u00bb][vc_column width=\u00a0\u00bb1\/2&Prime; css=\u00a0\u00bb.vc_custom_1558617869115{padding-left: 100px !important;}\u00a0\u00bb][vc_custom_heading text=\u00a0\u00bbNous sommes FPInnovations\u00a0\u00bb font_container=\u00a0\u00bbtag:h1|font_size:5.25vw|text_align:left|line_height:1.1&Prime; google_fonts=\u00a0\u00bbfont_family:Montserrat%3Aregular%2C700|font_style:700%20bold%20regular%3A700%3Anormal\u00a0\u00bb][\/vc_column][vc_column width=\u00a0\u00bb1\/2&Prime; css=\u00a0\u00bb.vc_custom_1558617804800{padding-right: 100px !important;}\u00a0\u00bb][vc_custom_heading text=\u00a0\u00bbFPInnovations est un organisme sans but lucratif qui se sp\u00e9cialise dans la cr\u00e9ation de solutions afin de...\" \/>\n<meta property=\"og:url\" content=\"https:\/\/web.fpinnovations.ca\/fr\/qui-sommes-nous\/\" \/>\n<meta property=\"og:site_name\" content=\"FPInnovations\" \/>\n<meta property=\"article:modified_time\" content=\"2021-04-08T18:39:29+00:00\" \/>\n<meta name=\"twitter:card\" content=\"summary_large_image\" \/>\n<meta name=\"twitter:label1\" content=\"Dur\u00e9e de lecture estim\u00e9e\" \/>\n\t<meta name=\"twitter:data1\" content=\"2 minutes\" \/>\n<script type=\"application\/ld+json\" class=\"yoast-schema-graph\">{\"@context\":\"https:\\\/\\\/schema.org\",\"@graph\":[{\"@type\":\"WebPage\",\"@id\":\"https:\\\/\\\/web.fpinnovations.ca\\\/fr\\\/qui-sommes-nous\\\/\",\"url\":\"https:\\\/\\\/web.fpinnovations.ca\\\/fr\\\/qui-sommes-nous\\\/\",\"name\":\"Qui sommes-nous - FPInnovations\",\"isPartOf\":{\"@id\":\"https:\\\/\\\/web.fpinnovations.ca\\\/fr\\\/#website\"},\"datePublished\":\"2019-03-13T15:18:20+00:00\",\"dateModified\":\"2021-04-08T18:39:29+00:00\",\"breadcrumb\":{\"@id\":\"https:\\\/\\\/web.fpinnovations.ca\\\/fr\\\/qui-sommes-nous\\\/#breadcrumb\"},\"inLanguage\":\"fr-FR\",\"potentialAction\":[{\"@type\":\"ReadAction\",\"target\":[\"https:\\\/\\\/web.fpinnovations.ca\\\/fr\\\/qui-sommes-nous\\\/\"]}]},{\"@type\":\"BreadcrumbList\",\"@id\":\"https:\\\/\\\/web.fpinnovations.ca\\\/fr\\\/qui-sommes-nous\\\/#breadcrumb\",\"itemListElement\":[{\"@type\":\"ListItem\",\"position\":1,\"name\":\"Home\",\"item\":\"https:\\\/\\\/web.fpinnovations.ca\\\/fr\\\/\"},{\"@type\":\"ListItem\",\"position\":2,\"name\":\"Qui sommes-nous\"}]},{\"@type\":\"WebSite\",\"@id\":\"https:\\\/\\\/web.fpinnovations.ca\\\/fr\\\/#website\",\"url\":\"https:\\\/\\\/web.fpinnovations.ca\\\/fr\\\/\",\"name\":\"FPInnovations\",\"description\":\"\",\"potentialAction\":[{\"@type\":\"SearchAction\",\"target\":{\"@type\":\"EntryPoint\",\"urlTemplate\":\"https:\\\/\\\/web.fpinnovations.ca\\\/fr\\\/?s={search_term_string}\"},\"query-input\":{\"@type\":\"PropertyValueSpecification\",\"valueRequired\":true,\"valueName\":\"search_term_string\"}}],\"inLanguage\":\"fr-FR\"}]}<\/script>\n<!-- \/ Yoast SEO plugin. -->","yoast_head_json":{"title":"Qui sommes-nous - FPInnovations","robots":{"index":"index","follow":"follow","max-snippet":"max-snippet:-1","max-image-preview":"max-image-preview:large","max-video-preview":"max-video-preview:-1"},"canonical":"https:\/\/web.fpinnovations.ca\/fr\/qui-sommes-nous\/","og_locale":"fr_FR","og_type":"article","og_title":"Qui sommes-nous - FPInnovations","og_description":"[vc_row full_width=\u00a0\u00bbstretch_row_content\u00a0\u00bb css=\u00a0\u00bb.vc_custom_1559872018019{padding-bottom: 0px !important;}\u00a0\u00bb][vc_column width=\u00a0\u00bb1\/2&Prime; css=\u00a0\u00bb.vc_custom_1558617869115{padding-left: 100px !important;}\u00a0\u00bb][vc_custom_heading text=\u00a0\u00bbNous sommes FPInnovations\u00a0\u00bb font_container=\u00a0\u00bbtag:h1|font_size:5.25vw|text_align:left|line_height:1.1&Prime; google_fonts=\u00a0\u00bbfont_family:Montserrat%3Aregular%2C700|font_style:700%20bold%20regular%3A700%3Anormal\u00a0\u00bb][\/vc_column][vc_column width=\u00a0\u00bb1\/2&Prime; css=\u00a0\u00bb.vc_custom_1558617804800{padding-right: 100px !important;}\u00a0\u00bb][vc_custom_heading text=\u00a0\u00bbFPInnovations est un organisme sans but lucratif qui se sp\u00e9cialise dans la cr\u00e9ation de solutions afin de...","og_url":"https:\/\/web.fpinnovations.ca\/fr\/qui-sommes-nous\/","og_site_name":"FPInnovations","article_modified_time":"2021-04-08T18:39:29+00:00","twitter_card":"summary_large_image","twitter_misc":{"Dur\u00e9e de lecture estim\u00e9e":"2 minutes"},"schema":{"@context":"https:\/\/schema.org","@graph":[{"@type":"WebPage","@id":"https:\/\/web.fpinnovations.ca\/fr\/qui-sommes-nous\/","url":"https:\/\/web.fpinnovations.ca\/fr\/qui-sommes-nous\/","name":"Qui sommes-nous - FPInnovations","isPartOf":{"@id":"https:\/\/web.fpinnovations.ca\/fr\/#website"},"datePublished":"2019-03-13T15:18:20+00:00","dateModified":"2021-04-08T18:39:29+00:00","breadcrumb":{"@id":"https:\/\/web.fpinnovations.ca\/fr\/qui-sommes-nous\/#breadcrumb"},"inLanguage":"fr-FR","potentialAction":[{"@type":"ReadAction","target":["https:\/\/web.fpinnovations.ca\/fr\/qui-sommes-nous\/"]}]},{"@type":"BreadcrumbList","@id":"https:\/\/web.fpinnovations.ca\/fr\/qui-sommes-nous\/#breadcrumb","itemListElement":[{"@type":"ListItem","position":1,"name":"Home","item":"https:\/\/web.fpinnovations.ca\/fr\/"},{"@type":"ListItem","position":2,"name":"Qui sommes-nous"}]},{"@type":"WebSite","@id":"https:\/\/web.fpinnovations.ca\/fr\/#website","url":"https:\/\/web.fpinnovations.ca\/fr\/","name":"FPInnovations","description":"","potentialAction":[{"@type":"SearchAction","target":{"@type":"EntryPoint","urlTemplate":"https:\/\/web.fpinnovations.ca\/fr\/?s={search_term_string}"},"query-input":{"@type":"PropertyValueSpecification","valueRequired":true,"valueName":"search_term_string"}}],"inLanguage":"fr-FR"}]}},"_links":{"self":[{"href":"https:\/\/web.fpinnovations.ca\/fr\/wp-json\/wp\/v2\/pages\/31683","targetHints":{"allow":["GET"]}}],"collection":[{"href":"https:\/\/web.fpinnovations.ca\/fr\/wp-json\/wp\/v2\/pages"}],"about":[{"href":"https:\/\/web.fpinnovations.ca\/fr\/wp-json\/wp\/v2\/types\/page"}],"author":[{"embeddable":true,"href":"https:\/\/web.fpinnovations.ca\/fr\/wp-json\/wp\/v2\/users\/1"}],"replies":[{"embeddable":true,"href":"https:\/\/web.fpinnovations.ca\/fr\/wp-json\/wp\/v2\/comments?post=31683"}],"version-history":[{"count":5,"href":"https:\/\/web.fpinnovations.ca\/fr\/wp-json\/wp\/v2\/pages\/31683\/revisions"}],"predecessor-version":[{"id":289221,"href":"https:\/\/web.fpinnovations.ca\/fr\/wp-json\/wp\/v2\/pages\/31683\/revisions\/289221"}],"wp:attachment":[{"href":"https:\/\/web.fpinnovations.ca\/fr\/wp-json\/wp\/v2\/media?parent=31683"}],"curies":[{"name":"wp","href":"https:\/\/api.w.org\/{rel}","templated":true}]}}