{"id":31671,"date":"2019-03-13T14:38:49","date_gmt":"2019-03-13T18:38:49","guid":{"rendered":"http:\/\/dev.web.fpinnovations.ca\/board-of-directors\/"},"modified":"2019-04-15T14:58:40","modified_gmt":"2019-04-15T18:58:40","slug":"conseil-dadministration","status":"publish","type":"page","link":"https:\/\/web.fpinnovations.ca\/fr\/qui-sommes-nous\/conseil-dadministration\/","title":{"rendered":"Conseil d\u2019administration"},"content":{"rendered":"<div class=\"wpb-content-wrapper\"><p>[vc_row el_class=\u00a0\u00bbcustom-row-2&Prime;][vc_column][vc_custom_heading text=\u00a0\u00bbConseil d&rsquo;administration\u00a0\u00bb font_container=\u00a0\u00bbtag:h3|text_align:left\u00a0\u00bb use_theme_fonts=\u00a0\u00bbyes\u00a0\u00bb][vc_custom_heading text=\u00a0\u00bbDirigeants de l\u2019organisation\u00a0\u00bb font_container=\u00a0\u00bbtag:h5|text_align:left\u00a0\u00bb use_theme_fonts=\u00a0\u00bbyes\u00a0\u00bb][vc_empty_space]<div class=\"gem-team row inline-row gem-team-style-6\" > <div class=\"col-md-4 col-sm-6 col-xs-12 inline-column\"> <div id=\"post-31745\" class=\"team-person default-background post-31745 thegem_team_person type-thegem_team_person status-publish\" style=\"background-color: #fcfcfc; border-color: #fcfcfc\"><div class=\"team-person-hover\"> <div class=\"team-person-box clearfix\"> <div class=\"team-person-box-right\"> <div class=\"team-person-info\"> <div class=\"team-person-name styled-subtitle\" >Terry Knee<\/div> <div class=\"team-person-position date-color\" >Secr\u00e9taire g\u00e9n\u00e9ral, gouvernance et conformit\u00e9<\/div> <\/div> <\/div> <\/div> <\/div><\/div> <\/div> <div class=\"col-md-4 col-sm-6 col-xs-12 inline-column\"> <div id=\"post-31746\" class=\"team-person default-background post-31746 thegem_team_person type-thegem_team_person status-publish\" style=\"background-color: #fcfcfc; border-color: #fcfcfc\"><div class=\"team-person-hover\"> <div class=\"team-person-box clearfix\"> <div class=\"team-person-box-right\"> <div class=\"team-person-info\"> <div class=\"team-person-name styled-subtitle\" >St\u00e9phane Renou<\/div> <div class=\"team-person-position date-color\" >Pr\u00e9sident et chef de la direction<\/div> <\/div> <\/div> <\/div> <\/div><\/div> <\/div> <div class=\"col-md-4 col-sm-6 col-xs-12 inline-column\"> <div id=\"post-51619\" class=\"team-person default-background post-51619 thegem_team_person type-thegem_team_person status-publish\" style=\"background-color: #fcfcfc; border-color: #fcfcfc\"><div class=\"team-person-hover\"> <div class=\"team-person-box clearfix\"> <div class=\"team-person-box-right\"> <div class=\"team-person-info\"> <div class=\"team-person-name styled-subtitle\" >Kevin Edgson<\/div> <div class=\"team-person-position date-color\" >Pr\u00e9sident du conseil d\u2019administration<\/div> <\/div> <\/div> <\/div> <\/div><\/div> <\/div> <div class=\"col-md-4 col-sm-6 col-xs-12 inline-column\"> <div id=\"post-31815\" class=\"team-person default-background post-31815 thegem_team_person type-thegem_team_person status-publish\" style=\"background-color: #fcfcfc; border-color: #fcfcfc\"><div class=\"team-person-hover\"> <div class=\"team-person-box clearfix\"> <div class=\"team-person-box-right\"> <div class=\"team-person-info\"> <div class=\"team-person-name styled-subtitle\" >Mathieu Blouin<\/div> <div class=\"team-person-position date-color\" >Vice-pr\u00e9sident, Partenariats strat\u00e9giques et d\u00e9veloppement de solutions<\/div> <\/div> <\/div> <\/div> <\/div><\/div> <\/div> <\/div>[\/vc_column][\/vc_row][vc_row el_class=\u00a0\u00bbcustom-row-2&Prime;][vc_column][vc_custom_heading text=\u00a0\u00bbConseil d\u2019administration\u00a0\u00bb font_container=\u00a0\u00bbtag:h5|text_align:left\u00a0\u00bb use_theme_fonts=\u00a0\u00bbyes\u00a0\u00bb][vc_empty_space]<div class=\"gem-team row inline-row gem-team-style-6\" data-hover-colors=\"{&quot;background_color&quot;:&quot;#efefef&quot;}\" > <div class=\"col-md-4 col-sm-6 col-xs-12 inline-column\"> <div id=\"post-31715\" class=\"team-person default-background post-31715 thegem_team_person type-thegem_team_person status-publish\" style=\"background-color: #fcfcfc; border-color: #fcfcfc\"><div class=\"team-person-hover\"> <div class=\"team-person-box clearfix\"> <div class=\"team-person-box-right\"> <div class=\"team-person-info\"> <div class=\"team-person-name styled-subtitle\" >William Adams<\/div> <div class=\"team-person-position date-color\" >Mercer International<\/div> <\/div> <\/div> <\/div> <\/div><\/div> <\/div> <div class=\"col-md-4 col-sm-6 col-xs-12 inline-column\"> <div id=\"post-31725\" class=\"team-person default-background post-31725 thegem_team_person type-thegem_team_person status-publish\" style=\"background-color: #fcfcfc; border-color: #fcfcfc\"><div class=\"team-person-hover\"> <div class=\"team-person-box clearfix\"> <div class=\"team-person-box-right\"> <div class=\"team-person-info\"> <div class=\"team-person-name styled-subtitle\" >Derek Nighbor<\/div> <div class=\"team-person-position date-color\" >Association des produits forestiers du Canada<\/div> <\/div> <\/div> <\/div> <\/div><\/div> <\/div> <div class=\"col-md-4 col-sm-6 col-xs-12 inline-column\"> <div id=\"post-31732\" class=\"team-person default-background post-31732 thegem_team_person type-thegem_team_person status-publish\" style=\"background-color: #fcfcfc; border-color: #fcfcfc\"><div class=\"team-person-hover\"> <div class=\"team-person-box clearfix\"> <div class=\"team-person-box-right\"> <div class=\"team-person-info\"> <div class=\"team-person-name styled-subtitle\" >Kathleen McFadden<\/div> <div class=\"team-person-position date-color\" >Ind\u00e9pendante<\/div> <\/div> <\/div> <\/div> <\/div><\/div> <\/div> <div class=\"col-md-4 col-sm-6 col-xs-12 inline-column\"> <div id=\"post-31738\" class=\"team-person default-background post-31738 thegem_team_person type-thegem_team_person status-publish\" style=\"background-color: #fcfcfc; border-color: #fcfcfc\"><div class=\"team-person-hover\"> <div class=\"team-person-box clearfix\"> <div class=\"team-person-box-right\"> <div class=\"team-person-info\"> <div class=\"team-person-name styled-subtitle\" >Keith Carter<\/div> <div class=\"team-person-position date-color\" >West Fraser<\/div> <\/div> <\/div> <\/div> <\/div><\/div> <\/div> <div class=\"col-md-4 col-sm-6 col-xs-12 inline-column\"> <div id=\"post-31741\" class=\"team-person default-background post-31741 thegem_team_person type-thegem_team_person status-publish\" style=\"background-color: #fcfcfc; border-color: #fcfcfc\"><div class=\"team-person-hover\"> <div class=\"team-person-box clearfix\"> <div class=\"team-person-box-right\"> <div class=\"team-person-info\"> <div class=\"team-person-name styled-subtitle\" >Kevin Edgson<\/div> <div class=\"team-person-position date-color\" >Canfor Pulp Products Inc.<\/div> <\/div> <\/div> <\/div> <\/div><\/div> <\/div> <div class=\"col-md-4 col-sm-6 col-xs-12 inline-column\"> <div id=\"post-31742\" class=\"team-person default-background post-31742 thegem_team_person type-thegem_team_person status-publish\" style=\"background-color: #fcfcfc; border-color: #fcfcfc\"><div class=\"team-person-hover\"> <div class=\"team-person-box clearfix\"> <div class=\"team-person-box-right\"> <div class=\"team-person-info\"> <div class=\"team-person-name styled-subtitle\" >Maxime Cossette<\/div> <div class=\"team-person-position date-color\" >Kruger Inc.<\/div> <\/div> <\/div> <\/div> <\/div><\/div> <\/div> <div class=\"col-md-4 col-sm-6 col-xs-12 inline-column\"> <div id=\"post-31746\" class=\"team-person default-background post-31746 thegem_team_person type-thegem_team_person status-publish\" style=\"background-color: #fcfcfc; border-color: #fcfcfc\"><div class=\"team-person-hover\"> <div class=\"team-person-box clearfix\"> <div class=\"team-person-box-right\"> <div class=\"team-person-info\"> <div class=\"team-person-name styled-subtitle\" >St\u00e9phane Renou<\/div> <div class=\"team-person-position date-color\" >Pr\u00e9sident et chef de la direction<\/div> <\/div> <\/div> <\/div> <\/div><\/div> <\/div> <div class=\"col-md-4 col-sm-6 col-xs-12 inline-column\"> <div id=\"post-242977\" class=\"team-person default-background post-242977 thegem_team_person type-thegem_team_person status-publish\" style=\"background-color: #fcfcfc; border-color: #fcfcfc\"><div class=\"team-person-hover\"> <div class=\"team-person-box clearfix\"> <div class=\"team-person-box-right\"> <div class=\"team-person-info\"> <div class=\"team-person-name styled-subtitle\" >Patrick Elliott<\/div> <div class=\"team-person-position date-color\" >Canfor et Canfor Pulp<\/div> <\/div> <\/div> <\/div> <\/div><\/div> <\/div> <div class=\"col-md-4 col-sm-6 col-xs-12 inline-column\"> <div id=\"post-290639\" class=\"team-person default-background post-290639 thegem_team_person type-thegem_team_person status-publish\" style=\"background-color: #fcfcfc; border-color: #fcfcfc\"><div class=\"team-person-hover\"> <div class=\"team-person-box clearfix\"> <div class=\"team-person-box-right\"> <div class=\"team-person-info\"> <div class=\"team-person-name styled-subtitle\" >Robert Dufresne<\/div> <div class=\"team-person-position date-color\" >Produits forestier R\u00e9solu<\/div> <\/div> <\/div> <\/div> <\/div><\/div> <\/div> <div class=\"col-md-4 col-sm-6 col-xs-12 inline-column\"> <div id=\"post-290812\" class=\"team-person default-background post-290812 thegem_team_person type-thegem_team_person status-publish\" style=\"background-color: #fcfcfc; border-color: #fcfcfc\"><div class=\"team-person-hover\"> <div class=\"team-person-box clearfix\"> <div class=\"team-person-box-right\"> <div class=\"team-person-info\"> <div class=\"team-person-name styled-subtitle\" >Jean-Fran\u00e7ois Guillot<\/div> <div class=\"team-person-position date-color\" >Paper Excellence<\/div> <\/div> <\/div> <\/div> <\/div><\/div> <\/div> <div class=\"col-md-4 col-sm-6 col-xs-12 inline-column\"> <div id=\"post-294460\" class=\"team-person default-background post-294460 thegem_team_person type-thegem_team_person status-publish\" style=\"background-color: #fcfcfc; border-color: #fcfcfc\"><div class=\"team-person-hover\"> <div class=\"team-person-box clearfix\"> <div class=\"team-person-box-right\"> <div class=\"team-person-info\"> <div class=\"team-person-name styled-subtitle\" >Shane Berg<\/div> <div class=\"team-person-position date-color\" >Minist\u00e8re des For\u00eats, Gouvernement de la Colombie-Britannique<\/div> <\/div> <\/div> <\/div> <\/div><\/div> <\/div> <\/div>[\/vc_column][\/vc_row][vc_row el_class=\u00a0\u00bbcustom-row-2&Prime;][vc_column][vc_custom_heading text=\u00a0\u00bbObservateurs\u00a0\u00bb font_container=\u00a0\u00bbtag:h5|text_align:left\u00a0\u00bb use_theme_fonts=\u00a0\u00bbyes\u00a0\u00bb][vc_empty_space]<div class=\"gem-team row inline-row gem-team-style-6\" > <div class=\"col-md-4 col-sm-6 col-xs-12 inline-column\"> <div id=\"post-31759\" class=\"team-person default-background post-31759 thegem_team_person type-thegem_team_person status-publish\" style=\"background-color: #fcfcfc; border-color: #fcfcfc\"><div class=\"team-person-hover\"> <div class=\"team-person-box clearfix\"> <div class=\"team-person-box-right\"> <div class=\"team-person-info\"> <div class=\"team-person-name styled-subtitle\" >Glenn Hargrove<\/div> <div class=\"team-person-position date-color\" >Service canadien des for\u00eats, Ressources naturelles Canada<\/div> <\/div> <\/div> <\/div> <\/div><\/div> <\/div> <div class=\"col-md-4 col-sm-6 col-xs-12 inline-column\"> <div id=\"post-31760\" class=\"team-person default-background post-31760 thegem_team_person type-thegem_team_person status-publish\" style=\"background-color: #fcfcfc; border-color: #fcfcfc\"><div class=\"team-person-hover\"> <div class=\"team-person-box clearfix\"> <div class=\"team-person-box-right\"> <div class=\"team-person-info\"> <div class=\"team-person-name styled-subtitle\" >M\u00e9lanie Turgeon<\/div> <div class=\"team-person-position date-color\" >Minist\u00e8re des Ressources naturelles et des For\u00eats, Gouvernement du Qu\u00e9bec<\/div> <\/div> <\/div> <\/div> <\/div><\/div> <\/div> <\/div>[\/vc_column][\/vc_row]<\/p>\n<\/div>","protected":false},"excerpt":{"rendered":"<p>[vc_row el_class=\u00a0\u00bbcustom-row-2&Prime;][vc_column][vc_custom_heading text=\u00a0\u00bbConseil d&rsquo;administration\u00a0\u00bb font_container=\u00a0\u00bbtag:h3|text_align:left\u00a0\u00bb use_theme_fonts=\u00a0\u00bbyes\u00a0\u00bb][vc_custom_heading text=\u00a0\u00bbDirigeants de l\u2019organisation\u00a0\u00bb font_container=\u00a0\u00bbtag:h5|text_align:left\u00a0\u00bb use_theme_fonts=\u00a0\u00bbyes\u00a0\u00bb][vc_empty_space][\/vc_column][\/vc_row][vc_row el_class=\u00a0\u00bbcustom-row-2&Prime;][vc_column][vc_custom_heading text=\u00a0\u00bbConseil d\u2019administration\u00a0\u00bb font_container=\u00a0\u00bbtag:h5|text_align:left\u00a0\u00bb use_theme_fonts=\u00a0\u00bbyes\u00a0\u00bb][vc_empty_space][\/vc_column][\/vc_row][vc_row el_class=\u00a0\u00bbcustom-row-2&Prime;][vc_column][vc_custom_heading text=\u00a0\u00bbObservateurs\u00a0\u00bb font_container=\u00a0\u00bbtag:h5|text_align:left\u00a0\u00bb use_theme_fonts=\u00a0\u00bbyes\u00a0\u00bb][vc_empty_space][\/vc_column][\/vc_row]<\/p>\n","protected":false},"author":1,"featured_media":0,"parent":31683,"menu_order":0,"comment_status":"closed","ping_status":"closed","template":"","meta":{"_acf_changed":false,"footnotes":""},"class_list":["post-31671","page","type-page","status-publish"],"acf":[],"yoast_head":"<!-- This site is optimized with the Yoast SEO plugin v27.4 - https:\/\/yoast.com\/product\/yoast-seo-wordpress\/ -->\n<title>Conseil d\u2019administration - FPInnovations<\/title>\n<meta name=\"robots\" content=\"index, follow, max-snippet:-1, max-image-preview:large, max-video-preview:-1\" \/>\n<link rel=\"canonical\" href=\"https:\/\/web.fpinnovations.ca\/fr\/qui-sommes-nous\/conseil-dadministration\/\" \/>\n<meta property=\"og:locale\" content=\"fr_FR\" \/>\n<meta property=\"og:type\" content=\"article\" \/>\n<meta property=\"og:title\" content=\"Conseil d\u2019administration - FPInnovations\" \/>\n<meta property=\"og:description\" content=\"[vc_row el_class=\u00a0\u00bbcustom-row-2&Prime;][vc_column][vc_custom_heading text=\u00a0\u00bbConseil d&rsquo;administration\u00a0\u00bb font_container=\u00a0\u00bbtag:h3|text_align:left\u00a0\u00bb use_theme_fonts=\u00a0\u00bbyes\u00a0\u00bb][vc_custom_heading text=\u00a0\u00bbDirigeants de l\u2019organisation\u00a0\u00bb font_container=\u00a0\u00bbtag:h5|text_align:left\u00a0\u00bb use_theme_fonts=\u00a0\u00bbyes\u00a0\u00bb][vc_empty_space][\/vc_column][\/vc_row][vc_row el_class=\u00a0\u00bbcustom-row-2&Prime;][vc_column][vc_custom_heading text=\u00a0\u00bbConseil d\u2019administration\u00a0\u00bb font_container=\u00a0\u00bbtag:h5|text_align:left\u00a0\u00bb use_theme_fonts=\u00a0\u00bbyes\u00a0\u00bb][vc_empty_space][\/vc_column][\/vc_row][vc_row el_class=\u00a0\u00bbcustom-row-2&Prime;][vc_column][vc_custom_heading text=\u00a0\u00bbObservateurs\u00a0\u00bb font_container=\u00a0\u00bbtag:h5|text_align:left\u00a0\u00bb use_theme_fonts=\u00a0\u00bbyes\u00a0\u00bb][vc_empty_space][\/vc_column][\/vc_row]\" \/>\n<meta property=\"og:url\" content=\"https:\/\/web.fpinnovations.ca\/fr\/qui-sommes-nous\/conseil-dadministration\/\" \/>\n<meta property=\"og:site_name\" content=\"FPInnovations\" \/>\n<meta property=\"article:modified_time\" content=\"2019-04-15T18:58:40+00:00\" \/>\n<meta name=\"twitter:card\" content=\"summary_large_image\" \/>\n<meta name=\"twitter:label1\" content=\"Dur\u00e9e de lecture estim\u00e9e\" \/>\n\t<meta name=\"twitter:data1\" content=\"1 minute\" \/>\n<script type=\"application\/ld+json\" class=\"yoast-schema-graph\">{\"@context\":\"https:\\\/\\\/schema.org\",\"@graph\":[{\"@type\":\"WebPage\",\"@id\":\"https:\\\/\\\/web.fpinnovations.ca\\\/fr\\\/qui-sommes-nous\\\/conseil-dadministration\\\/\",\"url\":\"https:\\\/\\\/web.fpinnovations.ca\\\/fr\\\/qui-sommes-nous\\\/conseil-dadministration\\\/\",\"name\":\"Conseil d\u2019administration - FPInnovations\",\"isPartOf\":{\"@id\":\"https:\\\/\\\/web.fpinnovations.ca\\\/fr\\\/#website\"},\"datePublished\":\"2019-03-13T18:38:49+00:00\",\"dateModified\":\"2019-04-15T18:58:40+00:00\",\"breadcrumb\":{\"@id\":\"https:\\\/\\\/web.fpinnovations.ca\\\/fr\\\/qui-sommes-nous\\\/conseil-dadministration\\\/#breadcrumb\"},\"inLanguage\":\"fr-FR\",\"potentialAction\":[{\"@type\":\"ReadAction\",\"target\":[\"https:\\\/\\\/web.fpinnovations.ca\\\/fr\\\/qui-sommes-nous\\\/conseil-dadministration\\\/\"]}]},{\"@type\":\"BreadcrumbList\",\"@id\":\"https:\\\/\\\/web.fpinnovations.ca\\\/fr\\\/qui-sommes-nous\\\/conseil-dadministration\\\/#breadcrumb\",\"itemListElement\":[{\"@type\":\"ListItem\",\"position\":1,\"name\":\"Home\",\"item\":\"https:\\\/\\\/web.fpinnovations.ca\\\/fr\\\/\"},{\"@type\":\"ListItem\",\"position\":2,\"name\":\"Qui sommes-nous\",\"item\":\"https:\\\/\\\/web.fpinnovations.ca\\\/fr\\\/qui-sommes-nous\\\/\"},{\"@type\":\"ListItem\",\"position\":3,\"name\":\"Conseil d\u2019administration\"}]},{\"@type\":\"WebSite\",\"@id\":\"https:\\\/\\\/web.fpinnovations.ca\\\/fr\\\/#website\",\"url\":\"https:\\\/\\\/web.fpinnovations.ca\\\/fr\\\/\",\"name\":\"FPInnovations\",\"description\":\"\",\"potentialAction\":[{\"@type\":\"SearchAction\",\"target\":{\"@type\":\"EntryPoint\",\"urlTemplate\":\"https:\\\/\\\/web.fpinnovations.ca\\\/fr\\\/?s={search_term_string}\"},\"query-input\":{\"@type\":\"PropertyValueSpecification\",\"valueRequired\":true,\"valueName\":\"search_term_string\"}}],\"inLanguage\":\"fr-FR\"}]}<\/script>\n<!-- \/ Yoast SEO plugin. -->","yoast_head_json":{"title":"Conseil d\u2019administration - FPInnovations","robots":{"index":"index","follow":"follow","max-snippet":"max-snippet:-1","max-image-preview":"max-image-preview:large","max-video-preview":"max-video-preview:-1"},"canonical":"https:\/\/web.fpinnovations.ca\/fr\/qui-sommes-nous\/conseil-dadministration\/","og_locale":"fr_FR","og_type":"article","og_title":"Conseil d\u2019administration - FPInnovations","og_description":"[vc_row el_class=\u00a0\u00bbcustom-row-2&Prime;][vc_column][vc_custom_heading text=\u00a0\u00bbConseil d&rsquo;administration\u00a0\u00bb font_container=\u00a0\u00bbtag:h3|text_align:left\u00a0\u00bb use_theme_fonts=\u00a0\u00bbyes\u00a0\u00bb][vc_custom_heading text=\u00a0\u00bbDirigeants de l\u2019organisation\u00a0\u00bb font_container=\u00a0\u00bbtag:h5|text_align:left\u00a0\u00bb use_theme_fonts=\u00a0\u00bbyes\u00a0\u00bb][vc_empty_space][\/vc_column][\/vc_row][vc_row el_class=\u00a0\u00bbcustom-row-2&Prime;][vc_column][vc_custom_heading text=\u00a0\u00bbConseil d\u2019administration\u00a0\u00bb font_container=\u00a0\u00bbtag:h5|text_align:left\u00a0\u00bb use_theme_fonts=\u00a0\u00bbyes\u00a0\u00bb][vc_empty_space][\/vc_column][\/vc_row][vc_row el_class=\u00a0\u00bbcustom-row-2&Prime;][vc_column][vc_custom_heading text=\u00a0\u00bbObservateurs\u00a0\u00bb font_container=\u00a0\u00bbtag:h5|text_align:left\u00a0\u00bb use_theme_fonts=\u00a0\u00bbyes\u00a0\u00bb][vc_empty_space][\/vc_column][\/vc_row]","og_url":"https:\/\/web.fpinnovations.ca\/fr\/qui-sommes-nous\/conseil-dadministration\/","og_site_name":"FPInnovations","article_modified_time":"2019-04-15T18:58:40+00:00","twitter_card":"summary_large_image","twitter_misc":{"Dur\u00e9e de lecture estim\u00e9e":"1 minute"},"schema":{"@context":"https:\/\/schema.org","@graph":[{"@type":"WebPage","@id":"https:\/\/web.fpinnovations.ca\/fr\/qui-sommes-nous\/conseil-dadministration\/","url":"https:\/\/web.fpinnovations.ca\/fr\/qui-sommes-nous\/conseil-dadministration\/","name":"Conseil d\u2019administration - FPInnovations","isPartOf":{"@id":"https:\/\/web.fpinnovations.ca\/fr\/#website"},"datePublished":"2019-03-13T18:38:49+00:00","dateModified":"2019-04-15T18:58:40+00:00","breadcrumb":{"@id":"https:\/\/web.fpinnovations.ca\/fr\/qui-sommes-nous\/conseil-dadministration\/#breadcrumb"},"inLanguage":"fr-FR","potentialAction":[{"@type":"ReadAction","target":["https:\/\/web.fpinnovations.ca\/fr\/qui-sommes-nous\/conseil-dadministration\/"]}]},{"@type":"BreadcrumbList","@id":"https:\/\/web.fpinnovations.ca\/fr\/qui-sommes-nous\/conseil-dadministration\/#breadcrumb","itemListElement":[{"@type":"ListItem","position":1,"name":"Home","item":"https:\/\/web.fpinnovations.ca\/fr\/"},{"@type":"ListItem","position":2,"name":"Qui sommes-nous","item":"https:\/\/web.fpinnovations.ca\/fr\/qui-sommes-nous\/"},{"@type":"ListItem","position":3,"name":"Conseil d\u2019administration"}]},{"@type":"WebSite","@id":"https:\/\/web.fpinnovations.ca\/fr\/#website","url":"https:\/\/web.fpinnovations.ca\/fr\/","name":"FPInnovations","description":"","potentialAction":[{"@type":"SearchAction","target":{"@type":"EntryPoint","urlTemplate":"https:\/\/web.fpinnovations.ca\/fr\/?s={search_term_string}"},"query-input":{"@type":"PropertyValueSpecification","valueRequired":true,"valueName":"search_term_string"}}],"inLanguage":"fr-FR"}]}},"_links":{"self":[{"href":"https:\/\/web.fpinnovations.ca\/fr\/wp-json\/wp\/v2\/pages\/31671","targetHints":{"allow":["GET"]}}],"collection":[{"href":"https:\/\/web.fpinnovations.ca\/fr\/wp-json\/wp\/v2\/pages"}],"about":[{"href":"https:\/\/web.fpinnovations.ca\/fr\/wp-json\/wp\/v2\/types\/page"}],"author":[{"embeddable":true,"href":"https:\/\/web.fpinnovations.ca\/fr\/wp-json\/wp\/v2\/users\/1"}],"replies":[{"embeddable":true,"href":"https:\/\/web.fpinnovations.ca\/fr\/wp-json\/wp\/v2\/comments?post=31671"}],"version-history":[{"count":4,"href":"https:\/\/web.fpinnovations.ca\/fr\/wp-json\/wp\/v2\/pages\/31671\/revisions"}],"predecessor-version":[{"id":31887,"href":"https:\/\/web.fpinnovations.ca\/fr\/wp-json\/wp\/v2\/pages\/31671\/revisions\/31887"}],"up":[{"embeddable":true,"href":"https:\/\/web.fpinnovations.ca\/fr\/wp-json\/wp\/v2\/pages\/31683"}],"wp:attachment":[{"href":"https:\/\/web.fpinnovations.ca\/fr\/wp-json\/wp\/v2\/media?parent=31671"}],"curies":[{"name":"wp","href":"https:\/\/api.w.org\/{rel}","templated":true}]}}