{"id":31612,"date":"2019-03-29T13:44:41","date_gmt":"2019-03-29T17:44:41","guid":{"rendered":"http:\/\/dev.web.fpinnovations.ca\/careers\/"},"modified":"2026-01-19T11:37:36","modified_gmt":"2026-01-19T16:37:36","slug":"carrieres","status":"publish","type":"page","link":"https:\/\/web.fpinnovations.ca\/fr\/carrieres\/","title":{"rendered":"Carri\u00e8res"},"content":{"rendered":"<div class=\"wpb-content-wrapper\"><p>[vc_row][vc_column][vc_empty_space][vc_empty_space][vc_empty_space][vc_custom_heading text=\u00a0\u00bbNous sommes toujours \u00e0 la recherche de candidats talentueux passionn\u00e9s par la science et l\u2019innovation.\u00a0\u00bb font_container=\u00a0\u00bbtag:h2|text_align:center|line_height:1.0&Prime; use_theme_fonts=\u00a0\u00bbyes\u00a0\u00bb][vc_custom_heading text=\u00a0\u00bbUtilisez notre nouvel outil de recrutement en ligne pour consulter nos offres d&#8217;emploi et poser votre candidature.\u00a0\u00bb font_container=\u00a0\u00bbtag:div|font_size:2vw|text_align:center|line_height:1.4&Prime; use_theme_fonts=\u00a0\u00bbyes\u00a0\u00bb]<style type=\"text\/css\">.thegem-button-69e35f397e8e63158 .gem-button svg {fill: #ffffff;}<\/style><div class=\"gem-button-container gem-button-position-center thegem-button-69e35f397e8e63158    \"  ><a class=\"gem-button gem-button-size-giant gem-button-style-flat gem-button-text-weight-normal\" data-ll-effect=\"drop-right-without-wrap\" style=\"border-radius: 3px;background-color: #56b146;color: #ffffff;\" onmouseleave=\"this.style.backgroundColor='#56b146';this.style.color='#ffffff';\" onmouseenter=\"\" href=\"https:\/\/recruiting.ultipro.ca\/FPI5100FPNS\/JobBoard\/1d779c67-b95d-430d-ab70-36522d7da96c\/?q=&#038;o=postedDateDesc\" target=\"_blank\">Postulez maintenant!<\/a><\/div> [\/vc_column][\/vc_row][vc_row full_width=\u00a0\u00bbstretch_row_content\u00a0\u00bb disable_element=\u00a0\u00bbyes\u00a0\u00bb][vc_column]<div class=\"gem-textbox \"  ><div class=\"gem-textbox-top gem-textbox-top-ticket\"><svg width=\"100%\" height=\"14\" style=\"fill: #f4f6f7;\"><defs><pattern id=\"pattern-1776508729-47\" x=\"16\" y=\"0\" width=\"32\" height=\"16\" patternUnits=\"userSpaceOnUse\" ><path d=\"M 0,14.5 16,-0.5 32,14.5\" \/><\/pattern><\/defs><rect x=\"0\" y=\"0\" width=\"100%\" height=\"14\" style=\"fill: url(#pattern-1776508729-47);\" \/><\/svg><\/div><div class=\"gem-textbox-inner\" style=\"\"><div class=\"gem-textbox-content\" style=\"background-color: #f4f6f7;background-position: center center;\">[vc_row_inner gap=\u00a0\u00bb15&Prime; css=\u00a0\u00bb.vc_custom_1558109128085{padding-top: 50px !important;}\u00a0\u00bb][vc_column_inner width=\u00a0\u00bb1\/2&Prime;][vc_custom_heading text=\u00a0\u00bbNos <u>employ\u00e9s<\/u><br \/>\nfont la diff\u00e9rence\u00a0\u00bb font_container=\u00a0\u00bbtag:h2|font_size:70px|text_align:right|color:%23143861|line_height:1.3&Prime; use_theme_fonts=\u00a0\u00bbyes\u00a0\u00bb][\/vc_column_inner][vc_column_inner width=\u00a0\u00bb1\/2&Prime;][vc_custom_heading text=\u00a0\u00bbChaque jour, dans chacun de nos \u00e9tablissements au Canada, nos employ\u00e9s travaillent \u00e0 une vision commune : un monde o\u00f9 les produits provenant des for\u00eats durables contribuent \u00e0 tous les aspects de la vie quotidienne.\u00a0\u00bb font_container=\u00a0\u00bbtag:p|font_size:30px|text_align:left|line_height:1.1&Prime; use_theme_fonts=\u00a0\u00bbyes\u00a0\u00bb][vc_custom_heading text=\u00a0\u00bbPour attirer les meilleurs, nous sommes d\u00e9termin\u00e9s \u00e0 fournir des milieux de travail s\u00e9curitaires et enrichissants ainsi que des avantages sociaux concurrentiels.\u00a0\u00bb font_container=\u00a0\u00bbtag:p|font_size:30px|text_align:left|line_height:1.1&Prime; use_theme_fonts=\u00a0\u00bbyes\u00a0\u00bb][\/vc_column_inner][\/vc_row_inner]<\/div><\/div><div class=\"gem-textbox-bottom gem-textbox-bottom-ticket\"><svg width=\"100%\" height=\"14\" style=\"fill: #f4f6f7;\"><defs><pattern id=\"pattern-1776508729-93\" x=\"16\" y=\"-1\" width=\"32\" height=\"16\" patternUnits=\"userSpaceOnUse\" ><path d=\"M 0,-0.5 16,14.5 32,-0.5\" \/><\/pattern><\/defs><rect x=\"0\" y=\"-1\" width=\"100%\" height=\"14\" style=\"fill: url(#pattern-1776508729-93);\" \/><\/svg><\/div><\/div>[\/vc_column][\/vc_row][vc_row full_width=\u00a0\u00bbstretch_row_content\u00a0\u00bb disable_element=\u00a0\u00bbyes\u00a0\u00bb][vc_column]<div class=\"gem-textbox \"  ><div class=\"gem-textbox-inner\" style=\"\"><div class=\"gem-textbox-content\" style=\"background-position: center top;\">[vc_custom_heading text=\u00a0\u00bbJoignez-vous \u00e0 notre \u00e9quipe pour contribuer \u00e0 red\u00e9finir l\u2019avenir des for\u00eats durables\u00a0\u00bb font_container=\u00a0\u00bbtag:h2|font_size:60px|text_align:center|line_height:1.1&Prime; use_theme_fonts=\u00a0\u00bbyes\u00a0\u00bb][vc_row_inner css=\u00a0\u00bb.vc_custom_1554029273065{padding-top: 50px !important;}\u00a0\u00bb][vc_column_inner width=\u00a0\u00bb1\/3&Prime;][vc_custom_heading text=\u00a0\u00bbPointe-Claire (Qu\u00e9bec)\u00a0\u00bb font_container=\u00a0\u00bbtag:div|font_size:24px|text_align:left|line_height:1.3&Prime; google_fonts=\u00a0\u00bbfont_family:Montserrat%3Aregular%2C700|font_style:400%20regular%3A400%3Anormal\u00a0\u00bb][vc_empty_space height=\u00a0\u00bb25px\u00a0\u00bb]<div class=\"gem-list gem-list-type-double-arrow\" ><ul>\n<li><a href=\"https:\/\/web.fpinnovations.ca\/wp-content\/uploads\/549-Chercheur-Chercheure-sp\u00e9cialiste-des-emballages-V4.pdf\" target=\"_blank\" rel=\"noopener noreferrer\">549 &#8211; Chercheur principal\/Chercheure principale, Emballages, Proc\u00e9d\u00e9s de nouvelle g\u00e9n\u00e9ration<\/a><\/li>\n<li><a href=\"https:\/\/web.fpinnovations.ca\/wp-content\/uploads\/742-Gestionnaire-Conversion-de-la-biomasse.pdf\">742 &#8211; Gestionnaire, Conversion de la biomasse, Bioproduits<\/a><\/li>\n<li><a href=\"https:\/\/web.fpinnovations.ca\/wp-content\/uploads\/745-Chercheur-principale-chercheure-principale-papiers-sanitaires-et-domestiques.pdf\">745 &#8211; Chercheur principal\/Chercheure principale, Papiers sanitaires et domestiques<\/a><\/li>\n<li><a href=\"https:\/\/web.fpinnovations.ca\/wp-content\/uploads\/746-Chercheur-Chercheure-Biochimiste.pdf\">746 &#8211; Chercheur\/chercheure, Biochimiste, Bioproduits<\/a><\/li>\n<\/ul>\n<\/div>[\/vc_column_inner][vc_column_inner width=\u00a0\u00bb1\/3&Prime;][vc_custom_heading text=\u00a0\u00bbQu\u00e9bec (Qu\u00e9bec)\u00a0\u00bb font_container=\u00a0\u00bbtag:div|font_size:24px|text_align:left|line_height:1.3&Prime; google_fonts=\u00a0\u00bbfont_family:Montserrat%3Aregular%2C700|font_style:400%20regular%3A400%3Anormal\u00a0\u00bb][vc_empty_space height=\u00a0\u00bb25px\u00a0\u00bb]<div class=\"gem-list gem-list-type-double-arrow\" ><ul>\n<li><a href=\"https:\/\/web.fpinnovations.ca\/wp-content\/uploads\/752-Stagiaire-Recherche-Seconde-Transformation.pdf\">752 &#8211; Stagiaire, Recherche, Seconde Transformation<\/a><\/li>\n<li><a href=\"https:\/\/web.fpinnovations.ca\/wp-content\/uploads\/753-Stagiaire-Cycle-de-vie-A2020.pdf\">753 &#8211; Stagiaire, Analyse de cycle de vie, Analyse commerciale<\/a><\/li>\n<\/ul>\n<\/div>[\/vc_column_inner][vc_column_inner width=\u00a0\u00bb1\/3&Prime;][vc_custom_heading text=\u00a0\u00bbVancouver (C.-B.)\u00a0\u00bb font_container=\u00a0\u00bbtag:div|font_size:24px|text_align:left|line_height:1.3&Prime; google_fonts=\u00a0\u00bbfont_family:Montserrat%3Aregular%2C700|font_style:400%20regular%3A400%3Anormal\u00a0\u00bb][vc_empty_space height=\u00a0\u00bb25px\u00a0\u00bb]<div class=\"gem-list gem-list-type-double-arrow\" ><ul>\n<li><a href=\"https:\/\/web.fpinnovations.ca\/wp-content\/uploads\/747-Chercheur-Chercheure-B\u00e2timents-18months.pdf\">747 &#8211; Chercheure, chercheur, Science du b\u00e2timent, Syst\u00e8mes de construction (18 mois)<\/a><\/li>\n<\/ul>\n<\/div>[\/vc_column_inner][\/vc_row_inner][vc_row_inner css=\u00a0\u00bb.vc_custom_1554029273065{padding-top: 50px !important;}\u00a0\u00bb][vc_column_inner width=\u00a0\u00bb1\/3&Prime;][vc_custom_heading text=\u00a0\u00bbLieu \u00e0 d\u00e9terminer\u00a0\u00bb font_container=\u00a0\u00bbtag:div|font_size:24px|text_align:left|line_height:1.3&Prime; google_fonts=\u00a0\u00bbfont_family:Montserrat%3Aregular%2C700|font_style:400%20regular%3A400%3Anormal\u00a0\u00bb][vc_empty_space height=\u00a0\u00bb25px\u00a0\u00bb]<div class=\"gem-list gem-list-type-double-arrow\" ><ul>\n<li><a href=\"https:\/\/web.fpinnovations.ca\/wp-content\/uploads\/743-Gestionnaire-provincial-Ontario-jm.pdf\">743 &#8211; Gestionnaire provincial Ontario industrie et partenariats<\/a><\/li>\n<\/ul>\n<\/div>[\/vc_column_inner][vc_column_inner width=\u00a0\u00bb1\/3&Prime;][vc_custom_heading text=\u00a0\u00bbThunder Bay (Ontario)\u00a0\u00bb font_container=\u00a0\u00bbtag:div|font_size:24px|text_align:left|line_height:1.3&Prime; google_fonts=\u00a0\u00bbfont_family:Montserrat%3Aregular%2C700|font_style:400%20regular%3A400%3Anormal\u00a0\u00bb][vc_empty_space height=\u00a0\u00bb25px\u00a0\u00bb]<div class=\"gem-list gem-list-type-double-arrow\" ><ul>\n<li><a href=\"https:\/\/web.fpinnovations.ca\/wp-content\/uploads\/749-Gestionnaire-Usine-TMP-Bio.pdf\">749 &#8211; Gestionnaire usine TMP-Bio<\/a><\/li>\n<\/ul>\n<\/div>[\/vc_column_inner][vc_column_inner width=\u00a0\u00bb1\/3&Prime;][\/vc_column_inner][\/vc_row_inner]<\/div><\/div><\/div>[\/vc_column][\/vc_row][vc_row full_width=\u00a0\u00bbstretch_row\u00a0\u00bb gap=\u00a0\u00bb35&Prime; equal_height=\u00a0\u00bbyes\u00a0\u00bb content_placement=\u00a0\u00bbmiddle\u00a0\u00bb disable_element=\u00a0\u00bbyes\u00a0\u00bb][vc_column width=\u00a0\u00bb1\/4&Prime; css=\u00a0\u00bb.vc_custom_1554027935254{padding-top: 50px !important;padding-bottom: 50px !important;background-color: #0a2239 !important;}\u00a0\u00bb]<div class=\"gem-icon-with-text gem-icon-with-text-icon-size-medium centered-box\" ><div style=\"margin-bottom:50pxpx;margin-top:0px; \" class=\"gem-icon-with-text-icon\"><div class=\"gem-icon gem-icon-pack-material gem-icon-size-medium  gem-icon-shape-square gem-simple-icon \"  style=\"opacity: 1;\"><div class=\"gem-icon-inner\" style=\"\"><span class=\"gem-icon-half-1\" style=\"color: #ffffff;\"><span class=\"back-angle\">&#xf12e;<\/span><\/span><span class=\"gem-icon-half-2\" style=\"color: #ffffff;\"><span class=\"back-angle\">&#xf12e;<\/span><\/span><\/div><\/div><\/div><div class=\"gem-icon-with-text-content\" ><div class=\"gem-icon-with-text-text\">[vc_custom_heading text=\u00a0\u00bbExplorer de nouvelles id\u00e9es\u00a0\u00bb font_container=\u00a0\u00bbtag:div|font_size:24px|text_align:center|color:%23ffffff|line_height:1.3&Prime; google_fonts=\u00a0\u00bbfont_family:Montserrat%3Aregular%2C700|font_style:400%20regular%3A400%3Anormal\u00a0\u00bb]<\/div><\/div><div class=\"clearboth\"><\/div><\/div>[\/vc_column][vc_column width=\u00a0\u00bb1\/4&Prime; css=\u00a0\u00bb.vc_custom_1554027953024{background-color: #05a8aa !important;}\u00a0\u00bb]<div class=\"gem-icon-with-text gem-icon-with-text-icon-size-medium centered-box\" ><div style=\"margin-bottom:50pxpx;margin-top:0px; \" class=\"gem-icon-with-text-icon\"><div class=\"gem-icon gem-icon-pack-material gem-icon-size-medium  gem-icon-shape-square gem-simple-icon \"  style=\"opacity: 1;\"><div class=\"gem-icon-inner\" style=\"\"><span class=\"gem-icon-half-1\" style=\"color: #ffffff;\"><span class=\"back-angle\">&#xf3cb;<\/span><\/span><span class=\"gem-icon-half-2\" style=\"color: #ffffff;\"><span class=\"back-angle\">&#xf3cb;<\/span><\/span><\/div><\/div><\/div><div class=\"gem-icon-with-text-content\" ><div class=\"gem-icon-with-text-text\">[vc_custom_heading text=\u00a0\u00bb\u00catre innovateur\u00a0\u00bb font_container=\u00a0\u00bbtag:div|font_size:24px|text_align:center|color:%23ffffff|line_height:1.3&Prime; google_fonts=\u00a0\u00bbfont_family:Montserrat%3Aregular%2C700|font_style:400%20regular%3A400%3Anormal\u00a0\u00bb]<\/div><\/div><div class=\"clearboth\"><\/div><\/div>[\/vc_column][vc_column width=\u00a0\u00bb1\/4&Prime; css=\u00a0\u00bb.vc_custom_1554733902881{background-color: #759fbc !important;}\u00a0\u00bb]<div class=\"gem-icon-with-text gem-icon-with-text-icon-size-medium centered-box\" ><div style=\"margin-bottom:50pxpx;margin-top:0px; \" class=\"gem-icon-with-text-icon\"><div class=\"gem-icon gem-icon-pack-material gem-icon-size-medium  gem-icon-shape-square gem-simple-icon \"  style=\"opacity: 1;\"><div class=\"gem-icon-inner\" style=\"\"><span class=\"gem-icon-half-1\" style=\"color: #ffffff;\"><span class=\"back-angle\">&#xf5d1;<\/span><\/span><span class=\"gem-icon-half-2\" style=\"color: #ffffff;\"><span class=\"back-angle\">&#xf5d1;<\/span><\/span><\/div><\/div><\/div><div class=\"gem-icon-with-text-content\" ><div class=\"gem-icon-with-text-text\">[vc_custom_heading text=\u00a0\u00bbOrganisation de calibre mondial\u00a0\u00bb font_container=\u00a0\u00bbtag:div|font_size:24px|text_align:center|color:%23ffffff|line_height:1.3&Prime; google_fonts=\u00a0\u00bbfont_family:Montserrat%3Aregular%2C700|font_style:400%20regular%3A400%3Anormal\u00a0\u00bb]<\/div><\/div><div class=\"clearboth\"><\/div><\/div>[\/vc_column][vc_column width=\u00a0\u00bb1\/4&Prime; css=\u00a0\u00bb.vc_custom_1554733919343{background-color: #90c3c8 !important;}\u00a0\u00bb]<div class=\"gem-icon-with-text gem-icon-with-text-icon-size-medium centered-box\" ><div style=\"margin-bottom:50pxpx;margin-top:0px; \" class=\"gem-icon-with-text-icon\"><div class=\"gem-icon gem-icon-pack-material gem-icon-size-medium  gem-icon-shape-square gem-simple-icon \"  style=\"opacity: 1;\"><div class=\"gem-icon-inner\" style=\"\"><span class=\"gem-icon-half-1\" style=\"color: #ffffff;\"><span class=\"back-angle\">&#xf3ea;<\/span><\/span><span class=\"gem-icon-half-2\" style=\"color: #ffffff;\"><span class=\"back-angle\">&#xf3ea;<\/span><\/span><\/div><\/div><\/div><div class=\"gem-icon-with-text-content\" ><div class=\"gem-icon-with-text-text\">[vc_custom_heading text=\u00a0\u00bbImportants avantages et privil\u00e8ges\u00a0\u00bb font_container=\u00a0\u00bbtag:div|font_size:24px|text_align:center|color:%23ffffff|line_height:1.3&Prime; google_fonts=\u00a0\u00bbfont_family:Montserrat%3Aregular%2C700|font_style:400%20regular%3A400%3Anormal\u00a0\u00bb]<\/div><\/div><div class=\"clearboth\"><\/div><\/div>[\/vc_column][\/vc_row][vc_row full_width=\u00a0\u00bbstretch_row\u00a0\u00bb gap=\u00a0\u00bb35&Prime; equal_height=\u00a0\u00bbyes\u00a0\u00bb content_placement=\u00a0\u00bbmiddle\u00a0\u00bb disable_element=\u00a0\u00bbyes\u00a0\u00bb][vc_column width=\u00a0\u00bb1\/3&Prime; css_animation=\u00a0\u00bbnone\u00a0\u00bb css=\u00a0\u00bb.vc_custom_1554734064213{padding-top: 50px !important;padding-bottom: 50px !important;background-color: #429ae1 !important;}\u00a0\u00bb]<div class=\"gem-icon-with-text gem-icon-with-text-icon-size-medium centered-box\" ><div style=\"margin-bottom:50pxpx;margin-top:0px; \" class=\"gem-icon-with-text-icon\"><div class=\"gem-icon gem-icon-pack-material gem-icon-size-medium  gem-icon-shape-square gem-simple-icon \"  style=\"opacity: 1;\"><div class=\"gem-icon-inner\" style=\"\"><span class=\"gem-icon-half-1\" style=\"color: #ffffff;\"><span class=\"back-angle\">&#xf427;<\/span><\/span><span class=\"gem-icon-half-2\" style=\"color: #ffffff;\"><span class=\"back-angle\">&#xf427;<\/span><\/span><\/div><\/div><\/div><div class=\"gem-icon-with-text-content\" ><div class=\"gem-icon-with-text-text\">[vc_custom_heading text=\u00a0\u00bbCollaboration avec l&rsquo;industrie, les gouvernements et les universit\u00e9s\u00a0\u00bb font_container=\u00a0\u00bbtag:div|font_size:24px|text_align:center|color:%23ffffff|line_height:1.3&Prime; google_fonts=\u00a0\u00bbfont_family:Montserrat%3Aregular%2C700|font_style:400%20regular%3A400%3Anormal\u00a0\u00bb]<\/div><\/div><div class=\"clearboth\"><\/div><\/div>[\/vc_column][vc_column width=\u00a0\u00bb1\/3&Prime; css=\u00a0\u00bb.vc_custom_1554025501528{background-color: #00bbd4 !important;}\u00a0\u00bb]<div class=\"gem-icon-with-text gem-icon-with-text-icon-size-medium centered-box\" ><div style=\"margin-bottom:50pxpx;margin-top:0px; \" class=\"gem-icon-with-text-icon\"><div class=\"gem-icon gem-icon-pack-material gem-icon-size-medium  gem-icon-shape-square gem-simple-icon \"  style=\"opacity: 1;\"><div class=\"gem-icon-inner\" style=\"\"><span class=\"gem-icon-half-1\" style=\"color: #ffffff;\"><span class=\"back-angle\">&#xf2b4;<\/span><\/span><span class=\"gem-icon-half-2\" style=\"color: #ffffff;\"><span class=\"back-angle\">&#xf2b4;<\/span><\/span><\/div><\/div><\/div><div class=\"gem-icon-with-text-content\" ><div class=\"gem-icon-with-text-text\">[vc_custom_heading text=\u00a0\u00bbFaire la diff\u00e9rence\u00a0\u00bb font_container=\u00a0\u00bbtag:div|font_size:24px|text_align:center|color:%23ffffff|line_height:1.3&Prime; google_fonts=\u00a0\u00bbfont_family:Montserrat%3Aregular%2C700|font_style:400%20regular%3A400%3Anormal\u00a0\u00bb]<\/div><\/div><div class=\"clearboth\"><\/div><\/div>[\/vc_column][vc_column width=\u00a0\u00bb1\/3&Prime; css=\u00a0\u00bb.vc_custom_1554025517985{background-color: #ffb74c !important;}\u00a0\u00bb]<div class=\"gem-icon-with-text gem-icon-with-text-icon-size-medium centered-box\" ><div style=\"margin-bottom:50pxpx;margin-top:0px; \" class=\"gem-icon-with-text-icon\"><div class=\"gem-icon gem-icon-pack-material gem-icon-size-medium  gem-icon-shape-square gem-simple-icon \"  style=\"opacity: 1;\"><div class=\"gem-icon-inner\" style=\"\"><span class=\"gem-icon-half-1\" style=\"color: #ffffff;\"><span class=\"back-angle\">&#xf4cc;<\/span><\/span><span class=\"gem-icon-half-2\" style=\"color: #ffffff;\"><span class=\"back-angle\">&#xf4cc;<\/span><\/span><\/div><\/div><\/div><div class=\"gem-icon-with-text-content\" ><div class=\"gem-icon-with-text-text\">[vc_custom_heading text=\u00a0\u00bbD\u00e9fis uniques et passionnants \u00e0 relever\u00a0\u00bb font_container=\u00a0\u00bbtag:div|font_size:24px|text_align:center|color:%23ffffff|line_height:1.3&Prime; google_fonts=\u00a0\u00bbfont_family:Montserrat%3Aregular%2C700|font_style:400%20regular%3A400%3Anormal\u00a0\u00bb]<\/div><\/div><div class=\"clearboth\"><\/div><\/div>[\/vc_column][\/vc_row][vc_row disable_element=\u00a0\u00bbyes\u00a0\u00bb][vc_column][\/vc_column][\/vc_row][vc_row][vc_column][\/vc_column][\/vc_row]<\/p>\n<\/div>","protected":false},"excerpt":{"rendered":"<p>[vc_row][vc_column][vc_empty_space][vc_empty_space][vc_empty_space][vc_custom_heading text=\u00a0\u00bbNous sommes toujours \u00e0 la recherche de candidats talentueux passionn\u00e9s par la science et l\u2019innovation.\u00a0\u00bb font_container=\u00a0\u00bbtag:h2|text_align:center|line_height:1.0&Prime; use_theme_fonts=\u00a0\u00bbyes\u00a0\u00bb][vc_custom_heading text=\u00a0\u00bbUtilisez notre nouvel outil de recrutement en ligne pour consulter nos offres d&#8217;emploi et poser votre candidature.\u00a0\u00bb&#8230;<\/p>\n","protected":false},"author":1,"featured_media":0,"parent":0,"menu_order":0,"comment_status":"closed","ping_status":"closed","template":"","meta":{"_acf_changed":false,"footnotes":""},"class_list":["post-31612","page","type-page","status-publish"],"acf":[],"yoast_head":"<!-- This site is optimized with the Yoast SEO plugin v27.4 - https:\/\/yoast.com\/product\/yoast-seo-wordpress\/ -->\n<title>Carri\u00e8res - FPInnovations<\/title>\n<meta name=\"robots\" content=\"index, follow, max-snippet:-1, max-image-preview:large, max-video-preview:-1\" \/>\n<link rel=\"canonical\" href=\"https:\/\/web.fpinnovations.ca\/fr\/carrieres\/\" \/>\n<meta property=\"og:locale\" content=\"fr_FR\" \/>\n<meta property=\"og:type\" content=\"article\" \/>\n<meta property=\"og:title\" content=\"Carri\u00e8res - FPInnovations\" \/>\n<meta property=\"og:description\" content=\"[vc_row][vc_column][vc_empty_space][vc_empty_space][vc_empty_space][vc_custom_heading text=\u00a0\u00bbNous sommes toujours \u00e0 la recherche de candidats talentueux passionn\u00e9s par la science et l\u2019innovation.\u00a0\u00bb font_container=\u00a0\u00bbtag:h2|text_align:center|line_height:1.0&Prime; use_theme_fonts=\u00a0\u00bbyes\u00a0\u00bb][vc_custom_heading text=\u00a0\u00bbUtilisez notre nouvel outil de recrutement en ligne pour consulter nos offres d&#8217;emploi et poser votre candidature.\u00a0\u00bb...\" \/>\n<meta property=\"og:url\" content=\"https:\/\/web.fpinnovations.ca\/fr\/carrieres\/\" \/>\n<meta property=\"og:site_name\" content=\"FPInnovations\" \/>\n<meta property=\"article:modified_time\" content=\"2026-01-19T16:37:36+00:00\" \/>\n<meta name=\"twitter:card\" content=\"summary_large_image\" \/>\n<meta name=\"twitter:label1\" content=\"Dur\u00e9e de lecture estim\u00e9e\" \/>\n\t<meta name=\"twitter:data1\" content=\"2 minutes\" \/>\n<script type=\"application\/ld+json\" class=\"yoast-schema-graph\">{\"@context\":\"https:\\\/\\\/schema.org\",\"@graph\":[{\"@type\":\"WebPage\",\"@id\":\"https:\\\/\\\/web.fpinnovations.ca\\\/fr\\\/carrieres\\\/\",\"url\":\"https:\\\/\\\/web.fpinnovations.ca\\\/fr\\\/carrieres\\\/\",\"name\":\"Carri\u00e8res - FPInnovations\",\"isPartOf\":{\"@id\":\"https:\\\/\\\/web.fpinnovations.ca\\\/fr\\\/#website\"},\"datePublished\":\"2019-03-29T17:44:41+00:00\",\"dateModified\":\"2026-01-19T16:37:36+00:00\",\"breadcrumb\":{\"@id\":\"https:\\\/\\\/web.fpinnovations.ca\\\/fr\\\/carrieres\\\/#breadcrumb\"},\"inLanguage\":\"fr-FR\",\"potentialAction\":[{\"@type\":\"ReadAction\",\"target\":[\"https:\\\/\\\/web.fpinnovations.ca\\\/fr\\\/carrieres\\\/\"]}]},{\"@type\":\"BreadcrumbList\",\"@id\":\"https:\\\/\\\/web.fpinnovations.ca\\\/fr\\\/carrieres\\\/#breadcrumb\",\"itemListElement\":[{\"@type\":\"ListItem\",\"position\":1,\"name\":\"Home\",\"item\":\"https:\\\/\\\/web.fpinnovations.ca\\\/fr\\\/\"},{\"@type\":\"ListItem\",\"position\":2,\"name\":\"Carri\u00e8res\"}]},{\"@type\":\"WebSite\",\"@id\":\"https:\\\/\\\/web.fpinnovations.ca\\\/fr\\\/#website\",\"url\":\"https:\\\/\\\/web.fpinnovations.ca\\\/fr\\\/\",\"name\":\"FPInnovations\",\"description\":\"\",\"potentialAction\":[{\"@type\":\"SearchAction\",\"target\":{\"@type\":\"EntryPoint\",\"urlTemplate\":\"https:\\\/\\\/web.fpinnovations.ca\\\/fr\\\/?s={search_term_string}\"},\"query-input\":{\"@type\":\"PropertyValueSpecification\",\"valueRequired\":true,\"valueName\":\"search_term_string\"}}],\"inLanguage\":\"fr-FR\"}]}<\/script>\n<!-- \/ Yoast SEO plugin. -->","yoast_head_json":{"title":"Carri\u00e8res - FPInnovations","robots":{"index":"index","follow":"follow","max-snippet":"max-snippet:-1","max-image-preview":"max-image-preview:large","max-video-preview":"max-video-preview:-1"},"canonical":"https:\/\/web.fpinnovations.ca\/fr\/carrieres\/","og_locale":"fr_FR","og_type":"article","og_title":"Carri\u00e8res - FPInnovations","og_description":"[vc_row][vc_column][vc_empty_space][vc_empty_space][vc_empty_space][vc_custom_heading text=\u00a0\u00bbNous sommes toujours \u00e0 la recherche de candidats talentueux passionn\u00e9s par la science et l\u2019innovation.\u00a0\u00bb font_container=\u00a0\u00bbtag:h2|text_align:center|line_height:1.0&Prime; use_theme_fonts=\u00a0\u00bbyes\u00a0\u00bb][vc_custom_heading text=\u00a0\u00bbUtilisez notre nouvel outil de recrutement en ligne pour consulter nos offres d&#8217;emploi et poser votre candidature.\u00a0\u00bb...","og_url":"https:\/\/web.fpinnovations.ca\/fr\/carrieres\/","og_site_name":"FPInnovations","article_modified_time":"2026-01-19T16:37:36+00:00","twitter_card":"summary_large_image","twitter_misc":{"Dur\u00e9e de lecture estim\u00e9e":"2 minutes"},"schema":{"@context":"https:\/\/schema.org","@graph":[{"@type":"WebPage","@id":"https:\/\/web.fpinnovations.ca\/fr\/carrieres\/","url":"https:\/\/web.fpinnovations.ca\/fr\/carrieres\/","name":"Carri\u00e8res - FPInnovations","isPartOf":{"@id":"https:\/\/web.fpinnovations.ca\/fr\/#website"},"datePublished":"2019-03-29T17:44:41+00:00","dateModified":"2026-01-19T16:37:36+00:00","breadcrumb":{"@id":"https:\/\/web.fpinnovations.ca\/fr\/carrieres\/#breadcrumb"},"inLanguage":"fr-FR","potentialAction":[{"@type":"ReadAction","target":["https:\/\/web.fpinnovations.ca\/fr\/carrieres\/"]}]},{"@type":"BreadcrumbList","@id":"https:\/\/web.fpinnovations.ca\/fr\/carrieres\/#breadcrumb","itemListElement":[{"@type":"ListItem","position":1,"name":"Home","item":"https:\/\/web.fpinnovations.ca\/fr\/"},{"@type":"ListItem","position":2,"name":"Carri\u00e8res"}]},{"@type":"WebSite","@id":"https:\/\/web.fpinnovations.ca\/fr\/#website","url":"https:\/\/web.fpinnovations.ca\/fr\/","name":"FPInnovations","description":"","potentialAction":[{"@type":"SearchAction","target":{"@type":"EntryPoint","urlTemplate":"https:\/\/web.fpinnovations.ca\/fr\/?s={search_term_string}"},"query-input":{"@type":"PropertyValueSpecification","valueRequired":true,"valueName":"search_term_string"}}],"inLanguage":"fr-FR"}]}},"_links":{"self":[{"href":"https:\/\/web.fpinnovations.ca\/fr\/wp-json\/wp\/v2\/pages\/31612","targetHints":{"allow":["GET"]}}],"collection":[{"href":"https:\/\/web.fpinnovations.ca\/fr\/wp-json\/wp\/v2\/pages"}],"about":[{"href":"https:\/\/web.fpinnovations.ca\/fr\/wp-json\/wp\/v2\/types\/page"}],"author":[{"embeddable":true,"href":"https:\/\/web.fpinnovations.ca\/fr\/wp-json\/wp\/v2\/users\/1"}],"replies":[{"embeddable":true,"href":"https:\/\/web.fpinnovations.ca\/fr\/wp-json\/wp\/v2\/comments?post=31612"}],"version-history":[{"count":5,"href":"https:\/\/web.fpinnovations.ca\/fr\/wp-json\/wp\/v2\/pages\/31612\/revisions"}],"predecessor-version":[{"id":304082,"href":"https:\/\/web.fpinnovations.ca\/fr\/wp-json\/wp\/v2\/pages\/31612\/revisions\/304082"}],"wp:attachment":[{"href":"https:\/\/web.fpinnovations.ca\/fr\/wp-json\/wp\/v2\/media?parent=31612"}],"curies":[{"name":"wp","href":"https:\/\/api.w.org\/{rel}","templated":true}]}}