{"id":31131,"date":"2019-02-19T12:49:43","date_gmt":"2019-02-19T17:49:43","guid":{"rendered":"http:\/\/dev.web.fpinnovations.ca\/forest-operations\/"},"modified":"2024-05-28T10:50:05","modified_gmt":"2024-05-28T14:50:05","slug":"operations-forestieres","status":"publish","type":"page","link":"https:\/\/web.fpinnovations.ca\/fr\/operations-forestieres\/","title":{"rendered":"Op\u00e9rations foresti\u00e8res"},"content":{"rendered":"<div class=\"wpb-content-wrapper\"><p>[vc_row full_width=\u00a0\u00bbstretch_row_content_no_spaces\u00a0\u00bb css=\u00a0\u00bb.vc_custom_1456399684039{margin-bottom: 0px !important;}\u00a0\u00bb][vc_column]<div class=\"clearboth\"><\/div><style>#thegem-divider-69eb6b6a4ebbf {margin-top: -17px !important;}#thegem-divider-69eb6b6a4ebbf {margin-bottom: 85px !important;}<\/style><div id=\"thegem-divider-69eb6b6a4ebbf\" class=\"gem-divider  \" style=\"\" ><\/div>[\/vc_column][\/vc_row][vc_row full_width=\u00a0\u00bbstretch_row_content_no_spaces\u00a0\u00bb][vc_column]<div class=\"gem-textbox \"  ><div class=\"gem-textbox-inner\" style=\"\"><div class=\"gem-textbox-content\" style=\"background-color: #f4f6f7;background-position: center top;\">[vc_empty_space height=\u00a0\u00bb10px\u00a0\u00bb][vc_custom_heading text=\u00a0\u00bbDOMAINES D\u2019ACTIVIT\u00c9\u00a0\u00bb font_container=\u00a0\u00bbtag:h1|text_align:center\u00a0\u00bb use_theme_fonts=\u00a0\u00bbyes\u00a0\u00bb][vc_row_inner gap=\u00a0\u00bb15&Prime;][vc_column_inner width=\u00a0\u00bb1\/4&Prime;][vc_column_text]<img class=\"wp-image-293811 size-medium aligncenter\" src=\"https:\/\/web.fpinnovations.ca\/wp-content\/uploads\/\/FO-fibre-costs-and-value-2-300x300.jpg\" alt=\"\" width=\"300\" height=\"300\" srcset=\"https:\/\/web.fpinnovations.ca\/wp-content\/uploads\/FO-fibre-costs-and-value-2.jpg 300w, https:\/\/web.fpinnovations.ca\/wp-content\/uploads\/FO-fibre-costs-and-value-2-150x150.jpg 150w, https:\/\/web.fpinnovations.ca\/wp-content\/uploads\/FO-fibre-costs-and-value-2-256x256.jpg 256w\" sizes=\"(max-width: 300px) 100vw, 300px\" \/>[\/vc_column_text][vc_empty_space height=\u00a0\u00bb15px\u00a0\u00bb][vc_custom_heading text=\u00a0\u00bbCo\u00fbts et valeur de la fibre\u00a0\u00bb font_container=\u00a0\u00bbtag:h5|text_align:center\u00a0\u00bb use_theme_fonts=\u00a0\u00bbyes\u00a0\u00bb css=\u00a0\u00bb\u00a0\u00bb link=\u00a0\u00bburl:https%3A%2F%2Fweb.fpinnovations.ca%2Ffr%2Fcout-et-valeur-de-la-fibre%2F|title:Co%C3%BBts%20et%20valeur%20de%20la%20fibre\u00a0\u00bb][\/vc_column_inner][vc_column_inner width=\u00a0\u00bb1\/4&Prime;][vc_column_text]<img class=\"wp-image-293813 size-medium aligncenter\" src=\"https:\/\/web.fpinnovations.ca\/wp-content\/uploads\/\/FO-fibre-supply-1-300x300.png\" alt=\"\" width=\"300\" height=\"300\" srcset=\"https:\/\/web.fpinnovations.ca\/wp-content\/uploads\/FO-fibre-supply-1.png 300w, https:\/\/web.fpinnovations.ca\/wp-content\/uploads\/FO-fibre-supply-1-150x150.png 150w, https:\/\/web.fpinnovations.ca\/wp-content\/uploads\/FO-fibre-supply-1-256x256.png 256w\" sizes=\"(max-width: 300px) 100vw, 300px\" \/>[\/vc_column_text][vc_empty_space height=\u00a0\u00bb15px\u00a0\u00bb][vc_custom_heading text=\u00a0\u00bbApprovisionnement en fibre\u00a0\u00bb font_container=\u00a0\u00bbtag:h5|text_align:center\u00a0\u00bb use_theme_fonts=\u00a0\u00bbyes\u00a0\u00bb css=\u00a0\u00bb\u00a0\u00bb link=\u00a0\u00bburl:https%3A%2F%2Fweb.fpinnovations.ca%2Ffr%2Fapprovisionnement-en-fibre%2F|title:Approvisionnement%20en%20fibre\u00a0\u00bb][\/vc_column_inner][vc_column_inner width=\u00a0\u00bb1\/4&Prime;][vc_column_text]<img class=\"wp-image-293809 size-medium aligncenter\" src=\"https:\/\/web.fpinnovations.ca\/wp-content\/uploads\/\/FO-workforce-1-300x300.jpg\" alt=\"\" width=\"300\" height=\"300\" srcset=\"https:\/\/web.fpinnovations.ca\/wp-content\/uploads\/FO-workforce-1.jpg 300w, https:\/\/web.fpinnovations.ca\/wp-content\/uploads\/FO-workforce-1-150x150.jpg 150w, https:\/\/web.fpinnovations.ca\/wp-content\/uploads\/FO-workforce-1-256x256.jpg 256w\" sizes=\"(max-width: 300px) 100vw, 300px\" \/>[\/vc_column_text][vc_empty_space height=\u00a0\u00bb15px\u00a0\u00bb][vc_custom_heading text=\u00a0\u00bbMain d\u2019\u0153uvre\u00a0\u00bb font_container=\u00a0\u00bbtag:h5|text_align:center\u00a0\u00bb use_theme_fonts=\u00a0\u00bbyes\u00a0\u00bb css=\u00a0\u00bb\u00a0\u00bb link=\u00a0\u00bburl:https%3A%2F%2Fweb.fpinnovations.ca%2Ffr%2Fmain-doeuvre%2F|title:Main%20d&rsquo;oeuvre%20&Prime;][\/vc_column_inner][vc_column_inner width=\u00a0\u00bb1\/4&Prime;][vc_column_text css=\u00a0\u00bb\u00a0\u00bb]<img class=\"size-medium wp-image-299533 aligncenter\" src=\"https:\/\/web.fpinnovations.ca\/wp-content\/uploads\/\/SUSTAINABILITY-SAFETY-CLIMATE-CHANGE-300x300.jpg\" alt=\"\" width=\"300\" height=\"300\" srcset=\"https:\/\/web.fpinnovations.ca\/wp-content\/uploads\/SUSTAINABILITY-SAFETY-CLIMATE-CHANGE-300x300.jpg 300w, https:\/\/web.fpinnovations.ca\/wp-content\/uploads\/SUSTAINABILITY-SAFETY-CLIMATE-CHANGE-1024x1024.jpg 1024w, https:\/\/web.fpinnovations.ca\/wp-content\/uploads\/SUSTAINABILITY-SAFETY-CLIMATE-CHANGE-150x150.jpg 150w, https:\/\/web.fpinnovations.ca\/wp-content\/uploads\/SUSTAINABILITY-SAFETY-CLIMATE-CHANGE-768x768.jpg 768w, https:\/\/web.fpinnovations.ca\/wp-content\/uploads\/SUSTAINABILITY-SAFETY-CLIMATE-CHANGE-1536x1536.jpg 1536w, https:\/\/web.fpinnovations.ca\/wp-content\/uploads\/SUSTAINABILITY-SAFETY-CLIMATE-CHANGE-2048x2048.jpg 2048w, https:\/\/web.fpinnovations.ca\/wp-content\/uploads\/SUSTAINABILITY-SAFETY-CLIMATE-CHANGE-256x256.jpg 256w\" sizes=\"(max-width: 300px) 100vw, 300px\" \/>[\/vc_column_text][vc_empty_space height=\u00a0\u00bb15px\u00a0\u00bb][vc_custom_heading text=\u00a0\u00bbDurabilit\u00e9, s\u00e9curit\u00e9 et changements climatiques\u00a0\u00bb font_container=\u00a0\u00bbtag:h5|text_align:center\u00a0\u00bb use_theme_fonts=\u00a0\u00bbyes\u00a0\u00bb css=\u00a0\u00bb\u00a0\u00bb link=\u00a0\u00bburl:https%3A%2F%2Fweb.fpinnovations.ca%2Ffr%2Fdurabilite-securite-changements-climatiques%2F|title:Durabilit%C3%A9%2C%20s%C3%A9curit%C3%A9%20et%20changements%20climatiques\u00a0\u00bb][\/vc_column_inner][\/vc_row_inner]<\/div><\/div><\/div>[\/vc_column][\/vc_row][vc_row full_width=\u00a0\u00bbstretch_row_content\u00a0\u00bb disable_element=\u00a0\u00bbyes\u00a0\u00bb parallax=\u00a0\u00bbcontent-moving\u00a0\u00bb parallax_image=\u00a0\u00bb31459&Prime;][vc_column][vc_custom_heading text=\u00a0\u00bbOP\u00c9RATIONS FORESTI\u00c8RES<br \/>\nPROGRAMME 2019-2020&Prime; font_container=\u00a0\u00bbtag:h2|text_align:center|color:%23ffffff|line_height:1.4&Prime; google_fonts=\u00a0\u00bbfont_family:Montserrat%3Aregular%2C700|font_style:400%20regular%3A400%3Anormal\u00a0\u00bb]<style type=\"text\/css\">.thegem-button-69eb6b6a4ecc99008 .gem-button svg {fill: #ffffff;}.thegem-button-69eb6b6a4ecc99008 .gem-button:hover svg {fill: #55b146;}<\/style><div class=\"gem-button-container gem-button-position-center thegem-button-69eb6b6a4ecc99008    \"  ><a class=\"gem-button gem-button-size-medium gem-button-style-outline gem-button-text-weight-normal gem-button-border-2\" data-ll-effect=\"drop-right-without-wrap\" style=\"border-radius: 50px;border-color: #ffffff;color: #ffffff;\" onmouseleave=\"this.style.borderColor='#ffffff';this.style.backgroundColor='transparent';this.style.color='#ffffff';\" onmouseenter=\"this.style.backgroundColor='#ffffff';this.style.color='#55b146';\" href=\"\/wp-content\/uploads\/2019\/03\/of-2019-2020-programme-de-recherches-1.pdf\" target=\"_blank\">CLIQUEZ ICI POUR T\u00c9L\u00c9CHARGER LE PROGRAMME<\/a><\/div> [\/vc_column][\/vc_row]<\/p>\n<\/div>","protected":false},"excerpt":{"rendered":"<p>[vc_row full_width=\u00a0\u00bbstretch_row_content_no_spaces\u00a0\u00bb css=\u00a0\u00bb.vc_custom_1456399684039{margin-bottom: 0px !important;}\u00a0\u00bb][vc_column][\/vc_column][\/vc_row][vc_row full_width=\u00a0\u00bbstretch_row_content_no_spaces\u00a0\u00bb][vc_column][\/vc_column][\/vc_row][vc_row full_width=\u00a0\u00bbstretch_row_content\u00a0\u00bb disable_element=\u00a0\u00bbyes\u00a0\u00bb parallax=\u00a0\u00bbcontent-moving\u00a0\u00bb parallax_image=\u00a0\u00bb31459&Prime;][vc_column][vc_custom_heading text=\u00a0\u00bbOP\u00c9RATIONS FORESTI\u00c8RES PROGRAMME 2019-2020&Prime; font_container=\u00a0\u00bbtag:h2|text_align:center|color:%23ffffff|line_height:1.4&Prime; google_fonts=\u00a0\u00bbfont_family:Montserrat%3Aregular%2C700|font_style:400%20regular%3A400%3Anormal\u00a0\u00bb][\/vc_column][\/vc_row]<\/p>\n","protected":false},"author":1,"featured_media":0,"parent":0,"menu_order":0,"comment_status":"closed","ping_status":"closed","template":"","meta":{"_acf_changed":false,"footnotes":""},"class_list":["post-31131","page","type-page","status-publish"],"acf":[],"yoast_head":"<!-- This site is optimized with the Yoast SEO plugin v27.4 - https:\/\/yoast.com\/product\/yoast-seo-wordpress\/ -->\n<title>Op\u00e9rations foresti\u00e8res - FPInnovations<\/title>\n<meta name=\"robots\" content=\"index, follow, max-snippet:-1, max-image-preview:large, max-video-preview:-1\" \/>\n<link rel=\"canonical\" href=\"https:\/\/web.fpinnovations.ca\/fr\/operations-forestieres\/\" \/>\n<meta property=\"og:locale\" content=\"fr_FR\" \/>\n<meta property=\"og:type\" content=\"article\" \/>\n<meta property=\"og:title\" content=\"Op\u00e9rations foresti\u00e8res - FPInnovations\" \/>\n<meta property=\"og:description\" content=\"[vc_row full_width=\u00a0\u00bbstretch_row_content_no_spaces\u00a0\u00bb css=\u00a0\u00bb.vc_custom_1456399684039{margin-bottom: 0px !important;}\u00a0\u00bb][vc_column][\/vc_column][\/vc_row][vc_row full_width=\u00a0\u00bbstretch_row_content_no_spaces\u00a0\u00bb][vc_column][\/vc_column][\/vc_row][vc_row full_width=\u00a0\u00bbstretch_row_content\u00a0\u00bb disable_element=\u00a0\u00bbyes\u00a0\u00bb parallax=\u00a0\u00bbcontent-moving\u00a0\u00bb parallax_image=\u00a0\u00bb31459&Prime;][vc_column][vc_custom_heading text=\u00a0\u00bbOP\u00c9RATIONS FORESTI\u00c8RES PROGRAMME 2019-2020&Prime; font_container=\u00a0\u00bbtag:h2|text_align:center|color:%23ffffff|line_height:1.4&Prime; google_fonts=\u00a0\u00bbfont_family:Montserrat%3Aregular%2C700|font_style:400%20regular%3A400%3Anormal\u00a0\u00bb][\/vc_column][\/vc_row]\" \/>\n<meta property=\"og:url\" content=\"https:\/\/web.fpinnovations.ca\/fr\/operations-forestieres\/\" \/>\n<meta property=\"og:site_name\" content=\"FPInnovations\" \/>\n<meta property=\"article:modified_time\" content=\"2024-05-28T14:50:05+00:00\" \/>\n<meta property=\"og:image\" content=\"https:\/\/web.fpinnovations.ca\/wp-content\/uploads\/\/FO-fibre-costs-and-value-2-300x300.jpg\" \/>\n<meta name=\"twitter:card\" content=\"summary_large_image\" \/>\n<meta name=\"twitter:label1\" content=\"Dur\u00e9e de lecture estim\u00e9e\" \/>\n\t<meta name=\"twitter:data1\" content=\"2 minutes\" \/>\n<script type=\"application\/ld+json\" class=\"yoast-schema-graph\">{\"@context\":\"https:\\\/\\\/schema.org\",\"@graph\":[{\"@type\":\"WebPage\",\"@id\":\"https:\\\/\\\/web.fpinnovations.ca\\\/fr\\\/operations-forestieres\\\/\",\"url\":\"https:\\\/\\\/web.fpinnovations.ca\\\/fr\\\/operations-forestieres\\\/\",\"name\":\"Op\u00e9rations foresti\u00e8res - FPInnovations\",\"isPartOf\":{\"@id\":\"https:\\\/\\\/web.fpinnovations.ca\\\/fr\\\/#website\"},\"primaryImageOfPage\":{\"@id\":\"https:\\\/\\\/web.fpinnovations.ca\\\/fr\\\/operations-forestieres\\\/#primaryimage\"},\"image\":{\"@id\":\"https:\\\/\\\/web.fpinnovations.ca\\\/fr\\\/operations-forestieres\\\/#primaryimage\"},\"thumbnailUrl\":\"https:\\\/\\\/web.fpinnovations.ca\\\/wp-content\\\/uploads\\\/\\\/FO-fibre-costs-and-value-2-300x300.jpg\",\"datePublished\":\"2019-02-19T17:49:43+00:00\",\"dateModified\":\"2024-05-28T14:50:05+00:00\",\"breadcrumb\":{\"@id\":\"https:\\\/\\\/web.fpinnovations.ca\\\/fr\\\/operations-forestieres\\\/#breadcrumb\"},\"inLanguage\":\"fr-FR\",\"potentialAction\":[{\"@type\":\"ReadAction\",\"target\":[\"https:\\\/\\\/web.fpinnovations.ca\\\/fr\\\/operations-forestieres\\\/\"]}]},{\"@type\":\"ImageObject\",\"inLanguage\":\"fr-FR\",\"@id\":\"https:\\\/\\\/web.fpinnovations.ca\\\/fr\\\/operations-forestieres\\\/#primaryimage\",\"url\":\"https:\\\/\\\/web.fpinnovations.ca\\\/wp-content\\\/uploads\\\/\\\/FO-fibre-costs-and-value-2-300x300.jpg\",\"contentUrl\":\"https:\\\/\\\/web.fpinnovations.ca\\\/wp-content\\\/uploads\\\/\\\/FO-fibre-costs-and-value-2-300x300.jpg\"},{\"@type\":\"BreadcrumbList\",\"@id\":\"https:\\\/\\\/web.fpinnovations.ca\\\/fr\\\/operations-forestieres\\\/#breadcrumb\",\"itemListElement\":[{\"@type\":\"ListItem\",\"position\":1,\"name\":\"Home\",\"item\":\"https:\\\/\\\/web.fpinnovations.ca\\\/fr\\\/\"},{\"@type\":\"ListItem\",\"position\":2,\"name\":\"Op\u00e9rations foresti\u00e8res\"}]},{\"@type\":\"WebSite\",\"@id\":\"https:\\\/\\\/web.fpinnovations.ca\\\/fr\\\/#website\",\"url\":\"https:\\\/\\\/web.fpinnovations.ca\\\/fr\\\/\",\"name\":\"FPInnovations\",\"description\":\"\",\"potentialAction\":[{\"@type\":\"SearchAction\",\"target\":{\"@type\":\"EntryPoint\",\"urlTemplate\":\"https:\\\/\\\/web.fpinnovations.ca\\\/fr\\\/?s={search_term_string}\"},\"query-input\":{\"@type\":\"PropertyValueSpecification\",\"valueRequired\":true,\"valueName\":\"search_term_string\"}}],\"inLanguage\":\"fr-FR\"}]}<\/script>\n<!-- \/ Yoast SEO plugin. -->","yoast_head_json":{"title":"Op\u00e9rations foresti\u00e8res - FPInnovations","robots":{"index":"index","follow":"follow","max-snippet":"max-snippet:-1","max-image-preview":"max-image-preview:large","max-video-preview":"max-video-preview:-1"},"canonical":"https:\/\/web.fpinnovations.ca\/fr\/operations-forestieres\/","og_locale":"fr_FR","og_type":"article","og_title":"Op\u00e9rations foresti\u00e8res - FPInnovations","og_description":"[vc_row full_width=\u00a0\u00bbstretch_row_content_no_spaces\u00a0\u00bb css=\u00a0\u00bb.vc_custom_1456399684039{margin-bottom: 0px !important;}\u00a0\u00bb][vc_column][\/vc_column][\/vc_row][vc_row full_width=\u00a0\u00bbstretch_row_content_no_spaces\u00a0\u00bb][vc_column][\/vc_column][\/vc_row][vc_row full_width=\u00a0\u00bbstretch_row_content\u00a0\u00bb disable_element=\u00a0\u00bbyes\u00a0\u00bb parallax=\u00a0\u00bbcontent-moving\u00a0\u00bb parallax_image=\u00a0\u00bb31459&Prime;][vc_column][vc_custom_heading text=\u00a0\u00bbOP\u00c9RATIONS FORESTI\u00c8RES PROGRAMME 2019-2020&Prime; font_container=\u00a0\u00bbtag:h2|text_align:center|color:%23ffffff|line_height:1.4&Prime; google_fonts=\u00a0\u00bbfont_family:Montserrat%3Aregular%2C700|font_style:400%20regular%3A400%3Anormal\u00a0\u00bb][\/vc_column][\/vc_row]","og_url":"https:\/\/web.fpinnovations.ca\/fr\/operations-forestieres\/","og_site_name":"FPInnovations","article_modified_time":"2024-05-28T14:50:05+00:00","og_image":[{"url":"https:\/\/web.fpinnovations.ca\/wp-content\/uploads\/\/FO-fibre-costs-and-value-2-300x300.jpg","type":"","width":"","height":""}],"twitter_card":"summary_large_image","twitter_misc":{"Dur\u00e9e de lecture estim\u00e9e":"2 minutes"},"schema":{"@context":"https:\/\/schema.org","@graph":[{"@type":"WebPage","@id":"https:\/\/web.fpinnovations.ca\/fr\/operations-forestieres\/","url":"https:\/\/web.fpinnovations.ca\/fr\/operations-forestieres\/","name":"Op\u00e9rations foresti\u00e8res - FPInnovations","isPartOf":{"@id":"https:\/\/web.fpinnovations.ca\/fr\/#website"},"primaryImageOfPage":{"@id":"https:\/\/web.fpinnovations.ca\/fr\/operations-forestieres\/#primaryimage"},"image":{"@id":"https:\/\/web.fpinnovations.ca\/fr\/operations-forestieres\/#primaryimage"},"thumbnailUrl":"https:\/\/web.fpinnovations.ca\/wp-content\/uploads\/\/FO-fibre-costs-and-value-2-300x300.jpg","datePublished":"2019-02-19T17:49:43+00:00","dateModified":"2024-05-28T14:50:05+00:00","breadcrumb":{"@id":"https:\/\/web.fpinnovations.ca\/fr\/operations-forestieres\/#breadcrumb"},"inLanguage":"fr-FR","potentialAction":[{"@type":"ReadAction","target":["https:\/\/web.fpinnovations.ca\/fr\/operations-forestieres\/"]}]},{"@type":"ImageObject","inLanguage":"fr-FR","@id":"https:\/\/web.fpinnovations.ca\/fr\/operations-forestieres\/#primaryimage","url":"https:\/\/web.fpinnovations.ca\/wp-content\/uploads\/\/FO-fibre-costs-and-value-2-300x300.jpg","contentUrl":"https:\/\/web.fpinnovations.ca\/wp-content\/uploads\/\/FO-fibre-costs-and-value-2-300x300.jpg"},{"@type":"BreadcrumbList","@id":"https:\/\/web.fpinnovations.ca\/fr\/operations-forestieres\/#breadcrumb","itemListElement":[{"@type":"ListItem","position":1,"name":"Home","item":"https:\/\/web.fpinnovations.ca\/fr\/"},{"@type":"ListItem","position":2,"name":"Op\u00e9rations foresti\u00e8res"}]},{"@type":"WebSite","@id":"https:\/\/web.fpinnovations.ca\/fr\/#website","url":"https:\/\/web.fpinnovations.ca\/fr\/","name":"FPInnovations","description":"","potentialAction":[{"@type":"SearchAction","target":{"@type":"EntryPoint","urlTemplate":"https:\/\/web.fpinnovations.ca\/fr\/?s={search_term_string}"},"query-input":{"@type":"PropertyValueSpecification","valueRequired":true,"valueName":"search_term_string"}}],"inLanguage":"fr-FR"}]}},"_links":{"self":[{"href":"https:\/\/web.fpinnovations.ca\/fr\/wp-json\/wp\/v2\/pages\/31131","targetHints":{"allow":["GET"]}}],"collection":[{"href":"https:\/\/web.fpinnovations.ca\/fr\/wp-json\/wp\/v2\/pages"}],"about":[{"href":"https:\/\/web.fpinnovations.ca\/fr\/wp-json\/wp\/v2\/types\/page"}],"author":[{"embeddable":true,"href":"https:\/\/web.fpinnovations.ca\/fr\/wp-json\/wp\/v2\/users\/1"}],"replies":[{"embeddable":true,"href":"https:\/\/web.fpinnovations.ca\/fr\/wp-json\/wp\/v2\/comments?post=31131"}],"version-history":[{"count":5,"href":"https:\/\/web.fpinnovations.ca\/fr\/wp-json\/wp\/v2\/pages\/31131\/revisions"}],"predecessor-version":[{"id":299666,"href":"https:\/\/web.fpinnovations.ca\/fr\/wp-json\/wp\/v2\/pages\/31131\/revisions\/299666"}],"wp:attachment":[{"href":"https:\/\/web.fpinnovations.ca\/fr\/wp-json\/wp\/v2\/media?parent=31131"}],"curies":[{"name":"wp","href":"https:\/\/api.w.org\/{rel}","templated":true}]}}