{"id":303590,"date":"2025-09-04T15:48:09","date_gmt":"2025-09-04T19:48:09","guid":{"rendered":"https:\/\/web.fpinnovations.ca\/?page_id=303590"},"modified":"2025-09-09T16:47:49","modified_gmt":"2025-09-09T20:47:49","slug":"manuel-de-construction-en-bois-hors-site","status":"publish","type":"page","link":"https:\/\/web.fpinnovations.ca\/fr\/manuel-de-construction-en-bois-hors-site\/","title":{"rendered":"Manuel de construction en bois hors site"},"content":{"rendered":"<div class=\"wpb-content-wrapper\"><p>[vc_row full_width=\u00a0\u00bbstretch_row_content\u00a0\u00bb disable_element=\u00a0\u00bbyes\u00a0\u00bb][vc_column][vc_btn title=\u00a0\u00bbConsulter la version fran\u00e7aise de cette page\u00a0\u00bb style=\u00a0\u00bbflat\u00a0\u00bb shape=\u00a0\u00bbround\u00a0\u00bb size=\u00a0\u00bbsm\u00a0\u00bb align=\u00a0\u00bbright\u00a0\u00bb css_animation=\u00a0\u00bbfadeIn\u00a0\u00bb link=\u00a0\u00bburl:https%3A%2F%2Fweb.fpinnovations.ca%2Ffr%2Ftcc|||\u00a0\u00bb][\/vc_column][\/vc_row][vc_row][vc_column][vc_empty_space height=\u00a0\u00bb0px\u00a0\u00bb][vc_custom_heading text=\u00a0\u00bbManuel de construction en bois hors site\u00a0\u00bb font_container=\u00a0\u00bbtag:h1|font_size:72px|text_align:center|line_height:1.1&Prime; use_theme_fonts=\u00a0\u00bbyes\u00a0\u00bb css=\u00a0\u00bb.vc_custom_1757001600432{margin-bottom: 0px !important;padding-bottom: 0px !important;}\u00a0\u00bb][vc_empty_space height=\u00a0\u00bb0px\u00a0\u00bb][\/vc_column][\/vc_row][vc_row full_width=\u00a0\u00bbstretch_row_content_no_spaces\u00a0\u00bb content_placement=\u00a0\u00bbmiddle\u00a0\u00bb][vc_column width=\u00a0\u00bb1\/2&Prime; css=\u00a0\u00bb.vc_custom_1689347594484{background-position: center !important;background-repeat: no-repeat !important;background-size: contain !important;}\u00a0\u00bb][vc_single_image image=\u00a0\u00bb303669&Prime; img_size=\u00a0\u00bblarge\u00a0\u00bb css=\u00a0\u00bb.vc_custom_1757450856277{padding-left: 100px !important;}\u00a0\u00bb][\/vc_column][vc_column width=\u00a0\u00bb1\/2&Prime; css=\u00a0\u00bb.vc_custom_1581970996020{padding-left: 25px !important;}\u00a0\u00bb][vc_empty_space height=\u00a0\u00bb175px\u00a0\u00bb][vc_custom_heading text=\u00a0\u00bb<strong>T\u00e9l\u00e9chargez votre exemplaire gratuit<br \/>\n(En anglais seulement)<\/strong>\u00a0\u00bb font_container=\u00a0\u00bbtag:p|font_size:40px|text_align:left|line_height:1.1&Prime; google_fonts=\u00a0\u00bbfont_family:Montserrat%20UltraLight%3Aregular|font_style:400%20%20regular%3A400%3Anormal\u00a0\u00bb css=\u00a0\u00bb\u00a0\u00bb][vc_column_text css=\u00a0\u00bb\u00a0\u00bb]<div class='w3eden'><!-- WPDM Link Template: Link\/Button Popup -->\n<a href='#unlock' class='wpdm-download-link wpdm-download-locked btn btn-primary btn-lg' data-package='303608'>CLIQUEZ ICI POUR T\u00c9L\u00c9CHARGER <\/a><\/div>[\/vc_column_text][vc_custom_heading text=\u00a0\u00bb\u00a0\u00bb font_container=\u00a0\u00bbtag:p|font_size:25%20px|text_align:left|line_height:1.65&Prime; google_fonts=\u00a0\u00bbfont_family:Montserrat%20UltraLight%3Aregular|font_style:400%20%20regular%3A400%3Anormal\u00a0\u00bb css=\u00a0\u00bb\u00a0\u00bb][vc_empty_space height=\u00a0\u00bb240px\u00a0\u00bb][\/vc_column][\/vc_row][vc_row css=\u00a0\u00bb.vc_custom_1687466266162{padding-top: 0px !important;padding-bottom: 0px !important;}\u00a0\u00bb][vc_column][vc_custom_heading text=\u00a0\u00bbLa construction industrielle hors site, aussi connue sous le nom de construction pr\u00e9fabriqu\u00e9e ou modulaire, est une m\u00e9thode de construction o\u00f9 les mat\u00e9riaux et les composants de construction sont fabriqu\u00e9s et assembl\u00e9s hors site dans des usines avant d&rsquo;\u00eatre transport\u00e9s sur le site du projet pour l&rsquo;assemblage final. Cette approche peut am\u00e9liorer l&rsquo;efficacit\u00e9, r\u00e9duire les co\u00fbts et am\u00e9liorer la qualit\u00e9 par rapport \u00e0 la construction traditionnelle sur place. La construction hors site industrialis\u00e9e r\u00e9sulte de la r\u00e9alit\u00e9 de la p\u00e9nurie de main-d&rsquo;\u0153uvre, ainsi que de la volont\u00e9 d&rsquo;automatiser les processus de fabrication et de raccourcir les d\u00e9lais de livraison.\u00a0\u00bb font_container=\u00a0\u00bbtag:p|font_size:25px|text_align:left|line_height:1.65&Prime; google_fonts=\u00a0\u00bbfont_family:Montserrat%20UltraLight%3Aregular|font_style:400%20%20regular%3A400%3Anormal\u00a0\u00bb css=\u00a0\u00bb.vc_custom_1757001726205{padding-top: 0px !important;}\u00a0\u00bb][vc_custom_heading text=\u00a0\u00bbAlors que l&rsquo;industrie de la construction \u00e9volue et que les processus deviennent automatis\u00e9s, FPInnovations travaille depuis une d\u00e9cennie sur la construction hors site industrialis\u00e9e afin de s&rsquo;assurer que l&rsquo;industrie canadienne du bois maintient sa comp\u00e9titivit\u00e9. Guid\u00e9 par une feuille de route compl\u00e8te \u00e9labor\u00e9e par FPInnovations et ses partenaires en 2019 pour identifier les lacunes dans les connaissances, FPInnovations s&rsquo;est acc\u00e9l\u00e9r\u00e9e au cours des cinq derni\u00e8res ann\u00e9es pour tenir compte des r\u00e9percussions des changements dans la fabrication et la construction dans la cha\u00eene de valeur.\u00a0\u00bb font_container=\u00a0\u00bbtag:p|font_size:25px|text_align:left|line_height:1.65&Prime; google_fonts=\u00a0\u00bbfont_family:Montserrat%20UltraLight%3Aregular|font_style:400%20%20regular%3A400%3Anormal\u00a0\u00bb css=\u00a0\u00bb.vc_custom_1757001750395{padding-top: 0px !important;}\u00a0\u00bb][\/vc_column][\/vc_row][vc_row css=\u00a0\u00bb.vc_custom_1687467904391{padding-top: 35px !important;padding-bottom: 35px !important;}\u00a0\u00bb][vc_column][vc_custom_heading text=\u00a0\u00bb<strong>\u00c0 l&rsquo;int\u00e9rieur du manuel<\/strong>\u00a0\u00bb font_container=\u00a0\u00bbtag:p|font_size:40px|text_align:center|line_height:1.1&Prime; google_fonts=\u00a0\u00bbfont_family:Montserrat%20UltraLight%3Aregular|font_style:400%20%20regular%3A400%3Anormal\u00a0\u00bb css=\u00a0\u00bb\u00a0\u00bb][vc_row_inner][vc_column_inner][vc_custom_heading text=\u00a0\u00bbCe manuel d\u00e9taill\u00e9 sur la construction en bois hors site comprend des chapitres sur les sujets suivants :\u00a0\u00bb font_container=\u00a0\u00bbtag:p|font_size:25px|text_align:left|line_height:1.5&Prime; google_fonts=\u00a0\u00bbfont_family:Montserrat%20UltraLight%3Aregular|font_style:400%20%20regular%3A400%3Anormal\u00a0\u00bb css=\u00a0\u00bb\u00a0\u00bb][vc_custom_heading text=\u00a0\u00bb\u2022 Logistique de conception associ\u00e9e \u00e0 la construction hors site\u00a0\u00bb font_container=\u00a0\u00bbtag:p|font_size:25px|text_align:left|line_height:1&Prime; google_fonts=\u00a0\u00bbfont_family:Montserrat%20UltraLight%3Aregular|font_style:400%20%20regular%3A400%3Anormal\u00a0\u00bb css=\u00a0\u00bb.vc_custom_1757001830980{padding-left: 25px !important;}\u00a0\u00bb][vc_custom_heading text=\u00a0\u00bb\u2022 Logistique de fabrication hors site\u00a0\u00bb font_container=\u00a0\u00bbtag:p|font_size:25px|text_align:left|line_height:1&Prime; google_fonts=\u00a0\u00bbfont_family:Montserrat%20UltraLight%3Aregular|font_style:400%20%20regular%3A400%3Anormal\u00a0\u00bb css=\u00a0\u00bb.vc_custom_1757001848550{padding-left: 25px !important;}\u00a0\u00bb][vc_custom_heading text=\u00a0\u00bb\u2022 Portefeuille de produits de bois d&rsquo;\u0153uvre et de bois d&rsquo;ing\u00e9nierie disponibles au Canada pour la construction hors site\u00a0\u00bb font_container=\u00a0\u00bbtag:p|font_size:25px|text_align:left|line_height:1&Prime; google_fonts=\u00a0\u00bbfont_family:Montserrat%20UltraLight%3Aregular|font_style:400%20%20regular%3A400%3Anormal\u00a0\u00bb css=\u00a0\u00bb.vc_custom_1757001870115{padding-left: 25px !important;}\u00a0\u00bb][vc_custom_heading text=\u00a0\u00bb\u2022 Performance des b\u00e2timents fabriqu\u00e9s hors site\u00a0\u00bb font_container=\u00a0\u00bbtag:p|font_size:25px|text_align:left|line_height:1&Prime; google_fonts=\u00a0\u00bbfont_family:Montserrat%20UltraLight%3Aregular|font_style:400%20%20regular%3A400%3Anormal\u00a0\u00bb css=\u00a0\u00bb.vc_custom_1757001893737{padding-left: 25px !important;}\u00a0\u00bb][vc_custom_heading text=\u00a0\u00bb\u2022 Activit\u00e9s essentielles \u00e0 l&rsquo;ext\u00e9rieur des usines de fabrication pour la construction hors site\u00a0\u00bb font_container=\u00a0\u00bbtag:p|font_size:25px|text_align:left|line_height:1&Prime; google_fonts=\u00a0\u00bbfont_family:Montserrat%20UltraLight%3Aregular|font_style:400%20%20regular%3A400%3Anormal\u00a0\u00bb css=\u00a0\u00bb.vc_custom_1757001912528{padding-left: 25px !important;}\u00a0\u00bb][vc_custom_heading text=\u00a0\u00bb\u2022 Impacts environnementaux de la construction hors site\u00a0\u00bb font_container=\u00a0\u00bbtag:p|font_size:25px|text_align:left|line_height:1&Prime; google_fonts=\u00a0\u00bbfont_family:Montserrat%20UltraLight%3Aregular|font_style:400%20%20regular%3A400%3Anormal\u00a0\u00bb css=\u00a0\u00bb.vc_custom_1757001937524{padding-left: 25px !important;}\u00a0\u00bb][\/vc_column_inner][\/vc_row_inner][\/vc_column][\/vc_row][vc_row css=\u00a0\u00bb.vc_custom_1687468237297{padding-top: 35px !important;padding-bottom: 35px !important;}\u00a0\u00bb background_color_tablet=\u00a0\u00bb#dbdbdb\u00a0\u00bb][vc_column][vc_custom_heading text=\u00a0\u00bb<strong>Ressources suppl\u00e9mentaires sur la construction en bois<\/strong>\u00a0\u00bb font_container=\u00a0\u00bbtag:p|font_size:40px|text_align:center|line_height:1.5&Prime; google_fonts=\u00a0\u00bbfont_family:Montserrat%20UltraLight%3Aregular|font_style:400%20regular%3A400%3Anormal\u00a0\u00bb css=\u00a0\u00bb.vc_custom_1696971051044{padding-top: 0px !important;}\u00a0\u00bb][vc_row_inner][vc_column_inner width=\u00a0\u00bb1\/2&Prime;][vc_images_carousel images=\u00a0\u00bb299093,303584,295502,293096,291637,286966,291635&Prime; img_size=\u00a0\u00bb500&#215;500&Prime; speed=\u00a0\u00bb4000&Prime; autoplay=\u00a0\u00bbyes\u00a0\u00bb wrap=\u00a0\u00bbyes\u00a0\u00bb css=\u00a0\u00bb\u00a0\u00bb][\/vc_column_inner][vc_column_inner width=\u00a0\u00bb1\/2&Prime;][vc_empty_space height=\u00a0\u00bb50px\u00a0\u00bb][vc_custom_heading text=\u00a0\u00bbFPInnovations propose de nombreuses ressources \u00e0 l\u2019intention des professionnels \u0153uvrant dans le domaine de la construction de b\u00e2timents en bois.\u00a0\u00bb font_container=\u00a0\u00bbtag:p|font_size:25px|text_align:left|line_height:1.65&Prime; google_fonts=\u00a0\u00bbfont_family:Montserrat%20UltraLight%3Aregular|font_style:400%20regular%3A400%3Anormal\u00a0\u00bb css=\u00a0\u00bb.vc_custom_1696971087962{padding-top: 0px !important;}\u00a0\u00bb][vc_btn title=\u00a0\u00bb<strong>EN SAVOIR PLUS<\/strong>\u00a0\u00bb style=\u00a0\u00bbflat\u00a0\u00bb shape=\u00a0\u00bbround\u00a0\u00bb color=\u00a0\u00bbgreen\u00a0\u00bb size=\u00a0\u00bblg\u00a0\u00bb link=\u00a0\u00bburl:https%3A%2F%2Fweb.fpinnovations.ca%2Ffr%2Favez-vous-deja-votre-exemplaire-gratuit-de-ces-guides-sur-la-construction-en-bois%2F|target:_blank\u00a0\u00bb][\/vc_column_inner][\/vc_row_inner][\/vc_column][\/vc_row]<\/p>\n<\/div>","protected":false},"excerpt":{"rendered":"<p>[vc_row full_width=\u00a0\u00bbstretch_row_content\u00a0\u00bb disable_element=\u00a0\u00bbyes\u00a0\u00bb][vc_column][vc_btn title=\u00a0\u00bbConsulter la version fran\u00e7aise de cette page\u00a0\u00bb style=\u00a0\u00bbflat\u00a0\u00bb shape=\u00a0\u00bbround\u00a0\u00bb size=\u00a0\u00bbsm\u00a0\u00bb align=\u00a0\u00bbright\u00a0\u00bb css_animation=\u00a0\u00bbfadeIn\u00a0\u00bb link=\u00a0\u00bburl:https%3A%2F%2Fweb.fpinnovations.ca%2Ffr%2Ftcc|||\u00a0\u00bb][\/vc_column][\/vc_row][vc_row][vc_column][vc_empty_space height=\u00a0\u00bb0px\u00a0\u00bb][vc_custom_heading text=\u00a0\u00bbManuel de construction en bois hors site\u00a0\u00bb font_container=\u00a0\u00bbtag:h1|font_size:72px|text_align:center|line_height:1.1&Prime; use_theme_fonts=\u00a0\u00bbyes\u00a0\u00bb css=\u00a0\u00bb.vc_custom_1757001600432{margin-bottom: 0px !important;padding-bottom: 0px !important;}\u00a0\u00bb][vc_empty_space height=\u00a0\u00bb0px\u00a0\u00bb][\/vc_column][\/vc_row][vc_row full_width=\u00a0\u00bbstretch_row_content_no_spaces\u00a0\u00bb content_placement=\u00a0\u00bbmiddle\u00a0\u00bb][vc_column width=\u00a0\u00bb1\/2&Prime;&#8230;<\/p>\n","protected":false},"author":11,"featured_media":0,"parent":0,"menu_order":0,"comment_status":"closed","ping_status":"closed","template":"","meta":{"_acf_changed":false,"footnotes":""},"class_list":["post-303590","page","type-page","status-publish"],"acf":[],"yoast_head":"<!-- This site is optimized with the Yoast SEO plugin v27.4 - https:\/\/yoast.com\/product\/yoast-seo-wordpress\/ -->\n<title>Manuel de construction en bois hors site - FPInnovations<\/title>\n<meta name=\"robots\" content=\"index, follow, max-snippet:-1, max-image-preview:large, max-video-preview:-1\" \/>\n<link rel=\"canonical\" href=\"https:\/\/web.fpinnovations.ca\/fr\/manuel-de-construction-en-bois-hors-site\/\" \/>\n<meta property=\"og:locale\" content=\"fr_FR\" \/>\n<meta property=\"og:type\" content=\"article\" \/>\n<meta property=\"og:title\" content=\"Manuel de construction en bois hors site - FPInnovations\" \/>\n<meta property=\"og:description\" content=\"[vc_row full_width=\u00a0\u00bbstretch_row_content\u00a0\u00bb disable_element=\u00a0\u00bbyes\u00a0\u00bb][vc_column][vc_btn title=\u00a0\u00bbConsulter la version fran\u00e7aise de cette page\u00a0\u00bb style=\u00a0\u00bbflat\u00a0\u00bb shape=\u00a0\u00bbround\u00a0\u00bb size=\u00a0\u00bbsm\u00a0\u00bb align=\u00a0\u00bbright\u00a0\u00bb css_animation=\u00a0\u00bbfadeIn\u00a0\u00bb link=\u00a0\u00bburl:https%3A%2F%2Fweb.fpinnovations.ca%2Ffr%2Ftcc|||\u00a0\u00bb][\/vc_column][\/vc_row][vc_row][vc_column][vc_empty_space height=\u00a0\u00bb0px\u00a0\u00bb][vc_custom_heading text=\u00a0\u00bbManuel de construction en bois hors site\u00a0\u00bb font_container=\u00a0\u00bbtag:h1|font_size:72px|text_align:center|line_height:1.1&Prime; use_theme_fonts=\u00a0\u00bbyes\u00a0\u00bb css=\u00a0\u00bb.vc_custom_1757001600432{margin-bottom: 0px !important;padding-bottom: 0px !important;}\u00a0\u00bb][vc_empty_space height=\u00a0\u00bb0px\u00a0\u00bb][\/vc_column][\/vc_row][vc_row full_width=\u00a0\u00bbstretch_row_content_no_spaces\u00a0\u00bb content_placement=\u00a0\u00bbmiddle\u00a0\u00bb][vc_column width=\u00a0\u00bb1\/2&Prime;...\" \/>\n<meta property=\"og:url\" content=\"https:\/\/web.fpinnovations.ca\/fr\/manuel-de-construction-en-bois-hors-site\/\" \/>\n<meta property=\"og:site_name\" content=\"FPInnovations\" \/>\n<meta property=\"article:modified_time\" content=\"2025-09-09T20:47:49+00:00\" \/>\n<meta name=\"twitter:card\" content=\"summary_large_image\" \/>\n<meta name=\"twitter:label1\" content=\"Dur\u00e9e de lecture estim\u00e9e\" \/>\n\t<meta name=\"twitter:data1\" content=\"3 minutes\" \/>\n<script type=\"application\/ld+json\" class=\"yoast-schema-graph\">{\"@context\":\"https:\\\/\\\/schema.org\",\"@graph\":[{\"@type\":\"WebPage\",\"@id\":\"https:\\\/\\\/web.fpinnovations.ca\\\/fr\\\/manuel-de-construction-en-bois-hors-site\\\/\",\"url\":\"https:\\\/\\\/web.fpinnovations.ca\\\/fr\\\/manuel-de-construction-en-bois-hors-site\\\/\",\"name\":\"Manuel de construction en bois hors site - FPInnovations\",\"isPartOf\":{\"@id\":\"https:\\\/\\\/web.fpinnovations.ca\\\/fr\\\/#website\"},\"datePublished\":\"2025-09-04T19:48:09+00:00\",\"dateModified\":\"2025-09-09T20:47:49+00:00\",\"breadcrumb\":{\"@id\":\"https:\\\/\\\/web.fpinnovations.ca\\\/fr\\\/manuel-de-construction-en-bois-hors-site\\\/#breadcrumb\"},\"inLanguage\":\"fr-FR\",\"potentialAction\":[{\"@type\":\"ReadAction\",\"target\":[\"https:\\\/\\\/web.fpinnovations.ca\\\/fr\\\/manuel-de-construction-en-bois-hors-site\\\/\"]}]},{\"@type\":\"BreadcrumbList\",\"@id\":\"https:\\\/\\\/web.fpinnovations.ca\\\/fr\\\/manuel-de-construction-en-bois-hors-site\\\/#breadcrumb\",\"itemListElement\":[{\"@type\":\"ListItem\",\"position\":1,\"name\":\"Home\",\"item\":\"https:\\\/\\\/web.fpinnovations.ca\\\/fr\\\/\"},{\"@type\":\"ListItem\",\"position\":2,\"name\":\"Manuel de construction en bois hors site\"}]},{\"@type\":\"WebSite\",\"@id\":\"https:\\\/\\\/web.fpinnovations.ca\\\/fr\\\/#website\",\"url\":\"https:\\\/\\\/web.fpinnovations.ca\\\/fr\\\/\",\"name\":\"FPInnovations\",\"description\":\"\",\"potentialAction\":[{\"@type\":\"SearchAction\",\"target\":{\"@type\":\"EntryPoint\",\"urlTemplate\":\"https:\\\/\\\/web.fpinnovations.ca\\\/fr\\\/?s={search_term_string}\"},\"query-input\":{\"@type\":\"PropertyValueSpecification\",\"valueRequired\":true,\"valueName\":\"search_term_string\"}}],\"inLanguage\":\"fr-FR\"}]}<\/script>\n<!-- \/ Yoast SEO plugin. -->","yoast_head_json":{"title":"Manuel de construction en bois hors site - FPInnovations","robots":{"index":"index","follow":"follow","max-snippet":"max-snippet:-1","max-image-preview":"max-image-preview:large","max-video-preview":"max-video-preview:-1"},"canonical":"https:\/\/web.fpinnovations.ca\/fr\/manuel-de-construction-en-bois-hors-site\/","og_locale":"fr_FR","og_type":"article","og_title":"Manuel de construction en bois hors site - FPInnovations","og_description":"[vc_row full_width=\u00a0\u00bbstretch_row_content\u00a0\u00bb disable_element=\u00a0\u00bbyes\u00a0\u00bb][vc_column][vc_btn title=\u00a0\u00bbConsulter la version fran\u00e7aise de cette page\u00a0\u00bb style=\u00a0\u00bbflat\u00a0\u00bb shape=\u00a0\u00bbround\u00a0\u00bb size=\u00a0\u00bbsm\u00a0\u00bb align=\u00a0\u00bbright\u00a0\u00bb css_animation=\u00a0\u00bbfadeIn\u00a0\u00bb link=\u00a0\u00bburl:https%3A%2F%2Fweb.fpinnovations.ca%2Ffr%2Ftcc|||\u00a0\u00bb][\/vc_column][\/vc_row][vc_row][vc_column][vc_empty_space height=\u00a0\u00bb0px\u00a0\u00bb][vc_custom_heading text=\u00a0\u00bbManuel de construction en bois hors site\u00a0\u00bb font_container=\u00a0\u00bbtag:h1|font_size:72px|text_align:center|line_height:1.1&Prime; use_theme_fonts=\u00a0\u00bbyes\u00a0\u00bb css=\u00a0\u00bb.vc_custom_1757001600432{margin-bottom: 0px !important;padding-bottom: 0px !important;}\u00a0\u00bb][vc_empty_space height=\u00a0\u00bb0px\u00a0\u00bb][\/vc_column][\/vc_row][vc_row full_width=\u00a0\u00bbstretch_row_content_no_spaces\u00a0\u00bb content_placement=\u00a0\u00bbmiddle\u00a0\u00bb][vc_column width=\u00a0\u00bb1\/2&Prime;...","og_url":"https:\/\/web.fpinnovations.ca\/fr\/manuel-de-construction-en-bois-hors-site\/","og_site_name":"FPInnovations","article_modified_time":"2025-09-09T20:47:49+00:00","twitter_card":"summary_large_image","twitter_misc":{"Dur\u00e9e de lecture estim\u00e9e":"3 minutes"},"schema":{"@context":"https:\/\/schema.org","@graph":[{"@type":"WebPage","@id":"https:\/\/web.fpinnovations.ca\/fr\/manuel-de-construction-en-bois-hors-site\/","url":"https:\/\/web.fpinnovations.ca\/fr\/manuel-de-construction-en-bois-hors-site\/","name":"Manuel de construction en bois hors site - FPInnovations","isPartOf":{"@id":"https:\/\/web.fpinnovations.ca\/fr\/#website"},"datePublished":"2025-09-04T19:48:09+00:00","dateModified":"2025-09-09T20:47:49+00:00","breadcrumb":{"@id":"https:\/\/web.fpinnovations.ca\/fr\/manuel-de-construction-en-bois-hors-site\/#breadcrumb"},"inLanguage":"fr-FR","potentialAction":[{"@type":"ReadAction","target":["https:\/\/web.fpinnovations.ca\/fr\/manuel-de-construction-en-bois-hors-site\/"]}]},{"@type":"BreadcrumbList","@id":"https:\/\/web.fpinnovations.ca\/fr\/manuel-de-construction-en-bois-hors-site\/#breadcrumb","itemListElement":[{"@type":"ListItem","position":1,"name":"Home","item":"https:\/\/web.fpinnovations.ca\/fr\/"},{"@type":"ListItem","position":2,"name":"Manuel de construction en bois hors site"}]},{"@type":"WebSite","@id":"https:\/\/web.fpinnovations.ca\/fr\/#website","url":"https:\/\/web.fpinnovations.ca\/fr\/","name":"FPInnovations","description":"","potentialAction":[{"@type":"SearchAction","target":{"@type":"EntryPoint","urlTemplate":"https:\/\/web.fpinnovations.ca\/fr\/?s={search_term_string}"},"query-input":{"@type":"PropertyValueSpecification","valueRequired":true,"valueName":"search_term_string"}}],"inLanguage":"fr-FR"}]}},"_links":{"self":[{"href":"https:\/\/web.fpinnovations.ca\/fr\/wp-json\/wp\/v2\/pages\/303590","targetHints":{"allow":["GET"]}}],"collection":[{"href":"https:\/\/web.fpinnovations.ca\/fr\/wp-json\/wp\/v2\/pages"}],"about":[{"href":"https:\/\/web.fpinnovations.ca\/fr\/wp-json\/wp\/v2\/types\/page"}],"author":[{"embeddable":true,"href":"https:\/\/web.fpinnovations.ca\/fr\/wp-json\/wp\/v2\/users\/11"}],"replies":[{"embeddable":true,"href":"https:\/\/web.fpinnovations.ca\/fr\/wp-json\/wp\/v2\/comments?post=303590"}],"version-history":[{"count":5,"href":"https:\/\/web.fpinnovations.ca\/fr\/wp-json\/wp\/v2\/pages\/303590\/revisions"}],"predecessor-version":[{"id":303674,"href":"https:\/\/web.fpinnovations.ca\/fr\/wp-json\/wp\/v2\/pages\/303590\/revisions\/303674"}],"wp:attachment":[{"href":"https:\/\/web.fpinnovations.ca\/fr\/wp-json\/wp\/v2\/media?parent=303590"}],"curies":[{"name":"wp","href":"https:\/\/api.w.org\/{rel}","templated":true}]}}