{"id":302498,"date":"2025-03-05T11:25:03","date_gmt":"2025-03-05T16:25:03","guid":{"rendered":"https:\/\/web.fpinnovations.ca\/?page_id=302498"},"modified":"2026-02-13T09:51:45","modified_gmt":"2026-02-13T14:51:45","slug":"fiches-techniques-pour-la-construction-en-bois","status":"publish","type":"page","link":"https:\/\/web.fpinnovations.ca\/fr\/fiches-techniques-pour-la-construction-en-bois\/","title":{"rendered":"Fiches techniques pour la construction en bois"},"content":{"rendered":"<div class=\"wpb-content-wrapper\"><p>[vc_row content_placement=\u00a0\u00bbtop\u00a0\u00bb][vc_column width=\u00a0\u00bb2\/3&Prime;][vc_column_text css=\u00a0\u00bb\u00a0\u00bb]<\/p>\n<h4><strong>Utilisation des isolants biosourc\u00e9s \u00e0 base de bois<\/strong><\/h4>\n<p>Cette fiche de bonnes pratiques pr\u00e9sente des rep\u00e8res pour int\u00e9grer des isolants en fibres de bois dans l\u2019enveloppe des b\u00e2timents, en les situant dans le march\u00e9 de l\u2019isolation et dans le contexte qu\u00e9b\u00e9cois.<br \/>\nElle d\u00e9crit les principaux types de produits, fibres en vrac, matelas flexibles et panneaux rigides, ainsi que leurs usages typiques dans les murs et toitures.\u00a0 Elle synth\u00e9tise le cadre de conformit\u00e9 au Canada, incluant les voies pr\u00e9vues par le CNB, l\u2019approche de solution de rechange et les options d\u2019\u00e9valuation comme le CCMC, avec des recommandations pratiques pour l\u2019acc\u00e8s au march\u00e9.\u00a0Enfin, elle r\u00e9sume les points cl\u00e9s de performance, notamment l\u2019empreinte environnementale, les consid\u00e9rations hygrothermiques et de durabilit\u00e9, les aspects structuraux et le comportement au feu, puis propose des assemblages types adapt\u00e9s aux zones climatiques 6 \u00e0 8.[\/vc_column_text][vc_btn title=\u00a0\u00bbT\u00e9l\u00e9charger\u00a0\u00bb color=\u00a0\u00bbsuccess\u00a0\u00bb css=\u00a0\u00bb\u00a0\u00bb link=\u00a0\u00bburl:https%3A%2F%2Flibrary.fpinnovations.ca%2Flink%2Ffpipub11326|target:_blank\u00a0\u00bb][vc_empty_space][\/vc_column][vc_column width=\u00a0\u00bb1\/3&Prime;][vc_single_image image=\u00a0\u00bb304232&Prime; img_size=\u00a0\u00bbmedium\u00a0\u00bb css=\u00a0\u00bb\u00a0\u00bb][\/vc_column][\/vc_row][vc_row content_placement=\u00a0\u00bbtop\u00a0\u00bb][vc_column width=\u00a0\u00bb2\/3&Prime;][vc_column_text css=\u00a0\u00bb\u00a0\u00bb]<\/p>\n<h4>R\u00e9sistance au feu des attaches, bois massif<\/h4>\n<p>Cette fiche technique propose des lignes directrices pr\u00e9liminaires bas\u00e9es sur les derni\u00e8res connaissances acquises sur la r\u00e9sistance au feu des assemblages modernes en bois massif. Elle devrait servir de compl\u00e9ment aux dispositions actuelles de la norme CSA O86 et du CNB. Il est convenu que l\u2019information fournie dans cette fiche constitue une premi\u00e8re version des dispositions \u00e0 \u00e9laborer pour la prochaine \u00e9dition de l\u2019annexe B de la norme CSA O86. Elle \u00e9voluera certainement au fil des nouvelles connaissances et des nouvelles donn\u00e9es. Il est \u00e0 noter que cette fiche technique s\u2019adresse aux \u00e9l\u00e9ments d\u2019une construction en bois d\u2019\u0153uvre massif, encapsul\u00e9 ou non, requis de fournir des degr\u00e9s de r\u00e9sistance au feu au-del\u00e0 de celui pr\u00e9sum\u00e9 \u00e0 la construction en gros bois d\u2019\u0153uvre conforme \u00e0 l\u2019article 3.1.4.6 du CNB.[\/vc_column_text][vc_btn title=\u00a0\u00bbT\u00e9l\u00e9charger\u00a0\u00bb color=\u00a0\u00bbsuccess\u00a0\u00bb css=\u00a0\u00bb\u00a0\u00bb link=\u00a0\u00bburl:https%3A%2F%2Flibrary.fpinnovations.ca%2Flink%2Ffpipub11179|target:_blank\u00a0\u00bb][vc_empty_space][\/vc_column][vc_column width=\u00a0\u00bb1\/3&Prime;][vc_single_image image=\u00a0\u00bb302889&Prime; img_size=\u00a0\u00bbmedium\u00a0\u00bb css=\u00a0\u00bb\u00a0\u00bb][\/vc_column][\/vc_row][vc_row content_placement=\u00a0\u00bbtop\u00a0\u00bb][vc_column width=\u00a0\u00bb2\/3&Prime;][vc_column_text css=\u00a0\u00bb\u00a0\u00bb]<\/p>\n<h4>Syst\u00e8mes de r\u00e9sistance aux charges lat\u00e9rales pour les b\u00e2timents \u00e0 ossature de bois<\/h4>\n<p>Cette fiche technique de bonnes pratiques fournit une vue d\u2019ensemble de l\u2019aspect r\u00e9glementaire concernant la conception de syst\u00e8mes de r\u00e9sistance aux charges lat\u00e9rales et approfondi certains sujets en lien avec les principes d\u2019analyses, les syst\u00e8mes de r\u00e9sistance aux charges lat\u00e9rales, les syst\u00e8mes d\u2019ancrage, les diaphragmes, la conception fond\u00e9e sur la capacit\u00e9 et les structures du type podium. L&rsquo;aspect r\u00e9glementaire, pratique et th\u00e9orique, est discut\u00e9e sur chacun de ces sujets. Des r\u00e9f\u00e9rences sont finalement fournies lorsque des situations plus complexes sont abord\u00e9es. Cette fiche technique se focalise uniquement sur l\u2019aspect de conception pour les charges lat\u00e9rales pour la construction \u00e0 ossature de bois et est bas\u00e9e sur l\u2019\u00e9dition 2020 du CNB<em>.<\/em>[\/vc_column_text][vc_btn title=\u00a0\u00bbT\u00e9l\u00e9charger\u00a0\u00bb color=\u00a0\u00bbsuccess\u00a0\u00bb css=\u00a0\u00bb\u00a0\u00bb link=\u00a0\u00bburl:https%3A%2F%2Flibrary.fpinnovations.ca%2Flink%2Ffpipub11177|target:_blank\u00a0\u00bb][vc_empty_space][\/vc_column][vc_column width=\u00a0\u00bb1\/3&Prime;][vc_single_image image=\u00a0\u00bb302891&Prime; img_size=\u00a0\u00bbmedium\u00a0\u00bb css=\u00a0\u00bb\u00a0\u00bb][\/vc_column][\/vc_row][vc_row content_placement=\u00a0\u00bbtop\u00a0\u00bb][vc_column width=\u00a0\u00bb2\/3&Prime;][vc_column_text css=\u00a0\u00bb\u00a0\u00bb]<\/p>\n<h4>Gestion de l&rsquo;eau et de l&rsquo;humidit\u00e9<br \/>\nChantiers de construction en bois<\/h4>\n<p>L\u2019eau et l\u2019humidit\u00e9 demeurent les principales causes qui affectent la durabilit\u00e9 du bois. Les risques associ\u00e9s au contact avec l\u2019eau et \u00e0 l\u2019absorption d\u2019humidit\u00e9 des produits en bois sont pr\u00e9sents pendant le transport entre le lieu de fabrication et le chantier de construction, durant l\u2019entreposage, pendant la construction et m\u00eame durant la vie en service. Parmi ces \u00e9tapes, la gestion de l\u2019eau et de l\u2019humidit\u00e9 pendant la construction est probablement l\u2019\u00e9tape la plus complexe due aux multiples possibilit\u00e9s d\u2019exposition, des contraintes sur le site et des co\u00fbts associ\u00e9s. La n\u00e9cessit\u00e9 de r\u00e9duire les risques d\u2019exposition \u00e0 l\u2019eau et \u00e0 l\u2019humidit\u00e9 devient de plus en plus importante avec l\u2019augmentation de la hauteur des b\u00e2timents et de l\u2019am\u00e9lioration de l\u2019efficacit\u00e9 \u00e9nerg\u00e9tique de ceux-ci.<\/p>\n<p>Cette fiche technique vise \u00e0 fournir aux professionnels de la construction les connaissances et les outils de base afin d\u2019adopter et de facilement implanter des bonnes pratiques en mati\u00e8re de gestion de l\u2019eau et de l\u2019humidit\u00e9 en chantier pour quatre syst\u00e8mes de construction : l\u2019ossature l\u00e9g\u00e8re en bois (construite sur site et en panneaux ouverts), le bois massif (bois lamell\u00e9-coll\u00e9 et lamell\u00e9-crois\u00e9), les panneaux ferm\u00e9s \u00e0 ossature bois et la construction modulaire.[\/vc_column_text][vc_btn title=\u00a0\u00bbT\u00e9l\u00e9charger\u00a0\u00bb color=\u00a0\u00bbsuccess\u00a0\u00bb css=\u00a0\u00bb\u00a0\u00bb link=\u00a0\u00bburl:https%3A%2F%2Flibrary.fpinnovations.ca%2Flink%2Ffpipub11123|target:_blank\u00a0\u00bb][vc_empty_space][\/vc_column][vc_column width=\u00a0\u00bb1\/3&Prime;][vc_single_image image=\u00a0\u00bb302895&Prime; img_size=\u00a0\u00bbmedium\u00a0\u00bb css=\u00a0\u00bb\u00a0\u00bb][\/vc_column][\/vc_row][vc_row content_placement=\u00a0\u00bbtop\u00a0\u00bb][vc_column width=\u00a0\u00bb2\/3&Prime;][vc_column_text css=\u00a0\u00bb\u00a0\u00bb]<\/p>\n<h4>Parement de ma\u00e7onnerie fix\u00e9 sur un b\u00e2timent en ossature de bois<\/h4>\n<p>Le parement de ma\u00e7onnerie est depuis longtemps un mat\u00e9riau de construction et un syst\u00e8me de rev\u00eatement dominants dans l\u2019industrie de la construction. Ce type de parement est couramment utilis\u00e9 sur les b\u00e2timents r\u00e9sidentiels et non r\u00e9sidentiels. Tout parement de ma\u00e7onnerie doit \u00eatre install\u00e9 conform\u00e9ment \u00e0 la norme de calcul des ouvrages en ma\u00e7onnerie (CSA S304), la norme de connecteur pour la ma\u00e7onnerie (CSA A370) et la norme de ma\u00e7onnerie des b\u00e2timents (CSA A371).<\/p>\n<p>L\u2019objectif de cette fiche technique est de d\u00e9tailler la d\u00e9marche \u00e0 suivre afin de bien concevoir les attaches, les supports ainsi que les joints de dilatation des parements de ma\u00e7onnerie et de brique.[\/vc_column_text][vc_btn title=\u00a0\u00bbT\u00e9l\u00e9charger\u00a0\u00bb color=\u00a0\u00bbsuccess\u00a0\u00bb css=\u00a0\u00bb\u00a0\u00bb link=\u00a0\u00bburl:https%3A%2F%2Flibrary.fpinnovations.ca%2Flink%2Ffpipub10823|target:_blank\u00a0\u00bb][vc_empty_space][\/vc_column][vc_column width=\u00a0\u00bb1\/3&Prime;][vc_single_image image=\u00a0\u00bb302897&Prime; img_size=\u00a0\u00bbmedium\u00a0\u00bb css=\u00a0\u00bb\u00a0\u00bb][\/vc_column][\/vc_row][vc_row content_placement=\u00a0\u00bbtop\u00a0\u00bb][vc_column width=\u00a0\u00bb2\/3&Prime;][vc_column_text css=\u00a0\u00bb\u00a0\u00bb]<\/p>\n<h4>Contr\u00f4le du bruit pour la construction \u00e0 ossature en bois<\/h4>\n<p>Ce document est r\u00e9dig\u00e9 pour les professionnels de la construction d\u00e9sirant se familiariser avec le contr\u00f4le du bruit dans les b\u00e2timents construits en bois.<\/p>\n<p>Cette fiche de bonnes pratiques se compose 1) d\u2019\u00e9l\u00e9ments essentiels pour assurer un contr\u00f4le du bruit des b\u00e2timents \u00e0 ossature en bois (ossature l\u00e9g\u00e8re); 2) d\u2019exemples de conception \u00e9conomique d\u2019assemblages de murs et de planchers \u00e0 ossature en bois qui r\u00e9pondent aux exigences du Code de construction du Qu\u00e9bec, Chapitre I \u2013 B\u00e2timent, et code national du b\u00e2timent \u2013 Canada 2015 (modifi\u00e9) (Code) et \u00e0 la satisfaction de la majorit\u00e9 des occupants; et 3) de conseils pour atteindre les objectifs de conception qui r\u00e9pondent aux attentes des occupants en mati\u00e8re d\u2019isolation acoustique du b\u00e2timent.[\/vc_column_text][vc_btn title=\u00a0\u00bbT\u00e9l\u00e9charger\u00a0\u00bb color=\u00a0\u00bbsuccess\u00a0\u00bb css=\u00a0\u00bb\u00a0\u00bb link=\u00a0\u00bburl:https%3A%2F%2Flibrary.fpinnovations.ca%2Flink%2Ffpipub10821|target:_blank\u00a0\u00bb][vc_empty_space][\/vc_column][vc_column width=\u00a0\u00bb1\/3&Prime;][vc_single_image image=\u00a0\u00bb302899&Prime; img_size=\u00a0\u00bbmedium\u00a0\u00bb css=\u00a0\u00bb\u00a0\u00bb][\/vc_column][\/vc_row][vc_row content_placement=\u00a0\u00bbtop\u00a0\u00bb][vc_column width=\u00a0\u00bb2\/3&Prime;][vc_column_text css=\u00a0\u00bb\u00a0\u00bb]<\/p>\n<h4>Contr\u00f4le du bruit pour la construction en bois massif<\/h4>\n<p>Les solutions constructives et les bonnes pratiques pr\u00e9sent\u00e9es dans ce document recherchent une simplicit\u00e9 en ce qui concerne la mise en \u0153uvre. La fiche pr\u00e9sente les r\u00e9sultats et les solutions novatrices d\u00e9velopp\u00e9s par FPInnovations et par d\u2019autres instituts pour contr\u00f4ler de mani\u00e8re \u00e9conomique le bruit dans les b\u00e2timents en bois massif.[\/vc_column_text][vc_btn title=\u00a0\u00bbT\u00e9l\u00e9charger\u00a0\u00bb color=\u00a0\u00bbsuccess\u00a0\u00bb css=\u00a0\u00bb\u00a0\u00bb link=\u00a0\u00bburl:https%3A%2F%2Flibrary.fpinnovations.ca%2Flink%2Ffpipub10822|target:_blank\u00a0\u00bb][vc_empty_space][\/vc_column][vc_column width=\u00a0\u00bb1\/3&Prime;][vc_single_image image=\u00a0\u00bb302901&Prime; img_size=\u00a0\u00bbmedium\u00a0\u00bb css=\u00a0\u00bb\u00a0\u00bb][\/vc_column][\/vc_row][vc_row content_placement=\u00a0\u00bbtop\u00a0\u00bb][vc_column width=\u00a0\u00bb2\/3&Prime;][vc_column_text css=\u00a0\u00bb\u00a0\u00bb]<\/p>\n<h4>Rev\u00eatement ext\u00e9rieur sur double lattage orthogonal<\/h4>\n<p>La construction de murs ext\u00e9rieurs a \u00e9volu\u00e9 au fil des ans, en fonction des besoins architecturaux et des nouveaux produits disponibles sur le march\u00e9. Parmi ces tendances architecturales, le rev\u00eatement ext\u00e9rieur vertical gagne en popularit\u00e9. Cette fiche technique met en \u00e9vidence les caract\u00e9ristiques essentielles n\u00e9cessaires pour soutenir la cr\u00e9ation d\u2019une mesure \u00e9quivalente (solution de rechange) afin d\u2019utiliser un double lattage orthogonal derri\u00e8re le rev\u00eatement ext\u00e9rieur, cr\u00e9ant ainsi un espace d\u2019air sup\u00e9rieur \u00e0 25\u00a0mm.[\/vc_column_text][vc_btn title=\u00a0\u00bbT\u00e9l\u00e9charger\u00a0\u00bb color=\u00a0\u00bbsuccess\u00a0\u00bb css=\u00a0\u00bb\u00a0\u00bb link=\u00a0\u00bburl:https%3A%2F%2Flibrary.fpinnovations.ca%2Flink%2Ffpipub10825|target:_blank\u00a0\u00bb][vc_empty_space][\/vc_column][vc_column width=\u00a0\u00bb1\/3&Prime;][vc_single_image image=\u00a0\u00bb302905&Prime; img_size=\u00a0\u00bbmedium\u00a0\u00bb css=\u00a0\u00bb\u00a0\u00bb][\/vc_column][\/vc_row][vc_row content_placement=\u00a0\u00bbtop\u00a0\u00bb][vc_column width=\u00a0\u00bb2\/3&Prime;][vc_column_text css=\u00a0\u00bb\u00a0\u00bb]<\/p>\n<h4>Murs coupe-feu de construction en bois massif encapsul\u00e9<\/h4>\n<p>Cette fiche technique met en \u00e9vidence les caract\u00e9ristiques essentielles n\u00e9cessaires pour soutenir le d\u00e9veloppement d\u2019une mesure \u00e9quivalente (solution de rechange) afin de construire des murs coupe-feu \u00e0 partir d\u2019une construction en bois d\u2019\u0153uvre massif encapsul\u00e9.[\/vc_column_text][vc_btn title=\u00a0\u00bbT\u00e9l\u00e9charger\u00a0\u00bb color=\u00a0\u00bbsuccess\u00a0\u00bb css=\u00a0\u00bb\u00a0\u00bb link=\u00a0\u00bburl:https%3A%2F%2Flibrary.fpinnovations.ca%2Flink%2Ffpipub10824|target:_blank\u00a0\u00bb][vc_empty_space][\/vc_column][vc_column width=\u00a0\u00bb1\/3&Prime;][vc_single_image image=\u00a0\u00bb302903&Prime; img_size=\u00a0\u00bbmedium\u00a0\u00bb css=\u00a0\u00bb\u00a0\u00bb][\/vc_column][\/vc_row][vc_row css=\u00a0\u00bb.vc_custom_1744726247957{background-color: #E6E6E6 !important;}\u00a0\u00bb][vc_column][vc_column_text css=\u00a0\u00bb\u00a0\u00bb]<\/p>\n<p style=\"text-align: center;\"><em>FPInnovations souhaite remercier le minist\u00e8re des Ressources naturelles et des For\u00eats (MRNF), la R\u00e9gie du b\u00e2timent du Qu\u00e9bec (RBQ)<br \/>\nainsi que Cecobois de leur contribution \u00e0 la r\u00e9daction des fiches techniques.\u00a0<\/em>[\/vc_column_text][\/vc_column][\/vc_row]<\/p>\n<\/div>","protected":false},"excerpt":{"rendered":"<p>[vc_row content_placement=\u00a0\u00bbtop\u00a0\u00bb][vc_column width=\u00a0\u00bb2\/3&Prime;][vc_column_text css=\u00a0\u00bb\u00a0\u00bb] Utilisation des isolants biosourc\u00e9s \u00e0 base de bois Cette fiche de bonnes pratiques pr\u00e9sente des rep\u00e8res pour int\u00e9grer des isolants en fibres de bois dans l\u2019enveloppe des b\u00e2timents, en les situant&#8230;<\/p>\n","protected":false},"author":24,"featured_media":0,"parent":0,"menu_order":0,"comment_status":"closed","ping_status":"closed","template":"","meta":{"_acf_changed":false,"footnotes":""},"class_list":["post-302498","page","type-page","status-publish"],"acf":[],"yoast_head":"<!-- This site is optimized with the Yoast SEO plugin v27.4 - https:\/\/yoast.com\/product\/yoast-seo-wordpress\/ -->\n<title>Fiches techniques pour la construction en bois - FPInnovations<\/title>\n<meta name=\"robots\" content=\"index, follow, max-snippet:-1, max-image-preview:large, max-video-preview:-1\" \/>\n<link rel=\"canonical\" href=\"https:\/\/web.fpinnovations.ca\/fr\/fiches-techniques-pour-la-construction-en-bois\/\" \/>\n<meta property=\"og:locale\" content=\"fr_FR\" \/>\n<meta property=\"og:type\" content=\"article\" \/>\n<meta property=\"og:title\" content=\"Fiches techniques pour la construction en bois - FPInnovations\" \/>\n<meta property=\"og:description\" content=\"[vc_row content_placement=\u00a0\u00bbtop\u00a0\u00bb][vc_column width=\u00a0\u00bb2\/3&Prime;][vc_column_text css=\u00a0\u00bb\u00a0\u00bb] Utilisation des isolants biosourc\u00e9s \u00e0 base de bois Cette fiche de bonnes pratiques pr\u00e9sente des rep\u00e8res pour int\u00e9grer des isolants en fibres de bois dans l\u2019enveloppe des b\u00e2timents, en les situant...\" \/>\n<meta property=\"og:url\" content=\"https:\/\/web.fpinnovations.ca\/fr\/fiches-techniques-pour-la-construction-en-bois\/\" \/>\n<meta property=\"og:site_name\" content=\"FPInnovations\" \/>\n<meta property=\"article:modified_time\" content=\"2026-02-13T14:51:45+00:00\" \/>\n<meta name=\"twitter:card\" content=\"summary_large_image\" \/>\n<meta name=\"twitter:label1\" content=\"Dur\u00e9e de lecture estim\u00e9e\" \/>\n\t<meta name=\"twitter:data1\" content=\"6 minutes\" \/>\n<script type=\"application\/ld+json\" class=\"yoast-schema-graph\">{\"@context\":\"https:\\\/\\\/schema.org\",\"@graph\":[{\"@type\":\"WebPage\",\"@id\":\"https:\\\/\\\/web.fpinnovations.ca\\\/fr\\\/fiches-techniques-pour-la-construction-en-bois\\\/\",\"url\":\"https:\\\/\\\/web.fpinnovations.ca\\\/fr\\\/fiches-techniques-pour-la-construction-en-bois\\\/\",\"name\":\"Fiches techniques pour la construction en bois - FPInnovations\",\"isPartOf\":{\"@id\":\"https:\\\/\\\/web.fpinnovations.ca\\\/fr\\\/#website\"},\"datePublished\":\"2025-03-05T16:25:03+00:00\",\"dateModified\":\"2026-02-13T14:51:45+00:00\",\"breadcrumb\":{\"@id\":\"https:\\\/\\\/web.fpinnovations.ca\\\/fr\\\/fiches-techniques-pour-la-construction-en-bois\\\/#breadcrumb\"},\"inLanguage\":\"fr-FR\",\"potentialAction\":[{\"@type\":\"ReadAction\",\"target\":[\"https:\\\/\\\/web.fpinnovations.ca\\\/fr\\\/fiches-techniques-pour-la-construction-en-bois\\\/\"]}]},{\"@type\":\"BreadcrumbList\",\"@id\":\"https:\\\/\\\/web.fpinnovations.ca\\\/fr\\\/fiches-techniques-pour-la-construction-en-bois\\\/#breadcrumb\",\"itemListElement\":[{\"@type\":\"ListItem\",\"position\":1,\"name\":\"Home\",\"item\":\"https:\\\/\\\/web.fpinnovations.ca\\\/fr\\\/\"},{\"@type\":\"ListItem\",\"position\":2,\"name\":\"Fiches techniques pour la construction en bois\"}]},{\"@type\":\"WebSite\",\"@id\":\"https:\\\/\\\/web.fpinnovations.ca\\\/fr\\\/#website\",\"url\":\"https:\\\/\\\/web.fpinnovations.ca\\\/fr\\\/\",\"name\":\"FPInnovations\",\"description\":\"\",\"potentialAction\":[{\"@type\":\"SearchAction\",\"target\":{\"@type\":\"EntryPoint\",\"urlTemplate\":\"https:\\\/\\\/web.fpinnovations.ca\\\/fr\\\/?s={search_term_string}\"},\"query-input\":{\"@type\":\"PropertyValueSpecification\",\"valueRequired\":true,\"valueName\":\"search_term_string\"}}],\"inLanguage\":\"fr-FR\"}]}<\/script>\n<!-- \/ Yoast SEO plugin. -->","yoast_head_json":{"title":"Fiches techniques pour la construction en bois - FPInnovations","robots":{"index":"index","follow":"follow","max-snippet":"max-snippet:-1","max-image-preview":"max-image-preview:large","max-video-preview":"max-video-preview:-1"},"canonical":"https:\/\/web.fpinnovations.ca\/fr\/fiches-techniques-pour-la-construction-en-bois\/","og_locale":"fr_FR","og_type":"article","og_title":"Fiches techniques pour la construction en bois - FPInnovations","og_description":"[vc_row content_placement=\u00a0\u00bbtop\u00a0\u00bb][vc_column width=\u00a0\u00bb2\/3&Prime;][vc_column_text css=\u00a0\u00bb\u00a0\u00bb] Utilisation des isolants biosourc\u00e9s \u00e0 base de bois Cette fiche de bonnes pratiques pr\u00e9sente des rep\u00e8res pour int\u00e9grer des isolants en fibres de bois dans l\u2019enveloppe des b\u00e2timents, en les situant...","og_url":"https:\/\/web.fpinnovations.ca\/fr\/fiches-techniques-pour-la-construction-en-bois\/","og_site_name":"FPInnovations","article_modified_time":"2026-02-13T14:51:45+00:00","twitter_card":"summary_large_image","twitter_misc":{"Dur\u00e9e de lecture estim\u00e9e":"6 minutes"},"schema":{"@context":"https:\/\/schema.org","@graph":[{"@type":"WebPage","@id":"https:\/\/web.fpinnovations.ca\/fr\/fiches-techniques-pour-la-construction-en-bois\/","url":"https:\/\/web.fpinnovations.ca\/fr\/fiches-techniques-pour-la-construction-en-bois\/","name":"Fiches techniques pour la construction en bois - FPInnovations","isPartOf":{"@id":"https:\/\/web.fpinnovations.ca\/fr\/#website"},"datePublished":"2025-03-05T16:25:03+00:00","dateModified":"2026-02-13T14:51:45+00:00","breadcrumb":{"@id":"https:\/\/web.fpinnovations.ca\/fr\/fiches-techniques-pour-la-construction-en-bois\/#breadcrumb"},"inLanguage":"fr-FR","potentialAction":[{"@type":"ReadAction","target":["https:\/\/web.fpinnovations.ca\/fr\/fiches-techniques-pour-la-construction-en-bois\/"]}]},{"@type":"BreadcrumbList","@id":"https:\/\/web.fpinnovations.ca\/fr\/fiches-techniques-pour-la-construction-en-bois\/#breadcrumb","itemListElement":[{"@type":"ListItem","position":1,"name":"Home","item":"https:\/\/web.fpinnovations.ca\/fr\/"},{"@type":"ListItem","position":2,"name":"Fiches techniques pour la construction en bois"}]},{"@type":"WebSite","@id":"https:\/\/web.fpinnovations.ca\/fr\/#website","url":"https:\/\/web.fpinnovations.ca\/fr\/","name":"FPInnovations","description":"","potentialAction":[{"@type":"SearchAction","target":{"@type":"EntryPoint","urlTemplate":"https:\/\/web.fpinnovations.ca\/fr\/?s={search_term_string}"},"query-input":{"@type":"PropertyValueSpecification","valueRequired":true,"valueName":"search_term_string"}}],"inLanguage":"fr-FR"}]}},"_links":{"self":[{"href":"https:\/\/web.fpinnovations.ca\/fr\/wp-json\/wp\/v2\/pages\/302498","targetHints":{"allow":["GET"]}}],"collection":[{"href":"https:\/\/web.fpinnovations.ca\/fr\/wp-json\/wp\/v2\/pages"}],"about":[{"href":"https:\/\/web.fpinnovations.ca\/fr\/wp-json\/wp\/v2\/types\/page"}],"author":[{"embeddable":true,"href":"https:\/\/web.fpinnovations.ca\/fr\/wp-json\/wp\/v2\/users\/24"}],"replies":[{"embeddable":true,"href":"https:\/\/web.fpinnovations.ca\/fr\/wp-json\/wp\/v2\/comments?post=302498"}],"version-history":[{"count":5,"href":"https:\/\/web.fpinnovations.ca\/fr\/wp-json\/wp\/v2\/pages\/302498\/revisions"}],"predecessor-version":[{"id":304281,"href":"https:\/\/web.fpinnovations.ca\/fr\/wp-json\/wp\/v2\/pages\/302498\/revisions\/304281"}],"wp:attachment":[{"href":"https:\/\/web.fpinnovations.ca\/fr\/wp-json\/wp\/v2\/media?parent=302498"}],"curies":[{"name":"wp","href":"https:\/\/api.w.org\/{rel}","templated":true}]}}