{"id":301626,"date":"2024-11-27T16:33:51","date_gmt":"2024-11-27T21:33:51","guid":{"rendered":"https:\/\/web.fpinnovations.ca\/?page_id=301626"},"modified":"2025-04-08T12:29:15","modified_gmt":"2025-04-08T16:29:15","slug":"atelier_otn","status":"publish","type":"page","link":"https:\/\/web.fpinnovations.ca\/fr\/atelier_otn\/","title":{"rendered":"Atelier sur l&rsquo;Offensive de transformation num\u00e9rique"},"content":{"rendered":"<div class=\"wpb-content-wrapper\"><p>[vc_section full_width=\u00a0\u00bbstretch_row_content\u00a0\u00bb parallax=\u00a0\u00bbcontent-moving-fade\u00a0\u00bb parallax_image=\u00a0\u00bb298938&Prime; css=\u00a0\u00bb.vc_custom_1731602057412{background-position: center !important;background-repeat: no-repeat !important;background-size: contain !important;}\u00a0\u00bb][vc_row][vc_column][vc_single_image image=\u00a0\u00bb298742&Prime; img_size=\u00a0\u00bb150 x 80&Prime; alignment=\u00a0\u00bbright\u00a0\u00bb onclick=\u00a0\u00bbcustom_link\u00a0\u00bb img_link_target=\u00a0\u00bb_blank\u00a0\u00bb css=\u00a0\u00bb\u00a0\u00bb css_animation=\u00a0\u00bbfadeInRight\u00a0\u00bb link=\u00a0\u00bbhttp:\/\/web.fpinnovations.ca\u00a0\u00bb][vc_column_text css=\u00a0\u00bb.vc_custom_1731509407480{padding-right: 60px !important;}\u00a0\u00bb][\/vc_column_text][vc_single_image image=\u00a0\u00bb301781&Prime; img_size=\u00a0\u00bbfull\u00a0\u00bb alignment=\u00a0\u00bbcenter\u00a0\u00bb css=\u00a0\u00bb\u00a0\u00bb css_animation=\u00a0\u00bbfadeIn\u00a0\u00bb][\/vc_column][\/vc_row][vc_row full_width=\u00a0\u00bbstretch_row_content_no_spaces\u00a0\u00bb css=\u00a0\u00bb.vc_custom_1732918706903{background-color: #00000054 !important;}\u00a0\u00bb][vc_column][vc_column_text css=\u00a0\u00bb.vc_custom_1744129583009{padding-right: 90px !important;padding-left: 90px !important;}\u00a0\u00bb css_animation=\u00a0\u00bbfadeIn\u00a0\u00bb]<\/p>\n<h1 style=\"text-align: left;\"><span style=\"color: #ffffff;\"><strong>Pr\u00e9sentations<\/strong><\/span><\/h1>\n<p>[\/vc_column_text][vc_empty_space][vc_row_inner css=\u00a0\u00bb.vc_custom_1744126413155{padding-right: 90px !important;padding-left: 90px !important;}\u00a0\u00bb][vc_column_inner width=\u00a0\u00bb1\/2&Prime;][vc_column_text css=\u00a0\u00bb\u00a0\u00bb]<strong><a href=\"https:\/\/library.fpinnovations.ca\/link\/fpipub11167\"><span style=\"color: #f7c75e;\"><span style=\"color: #ffffff;\">Vers l\u2019avenir num\u00e9rique<\/span><br \/>\n&#8211;\u00a0<\/span><\/a><\/strong><a href=\"https:\/\/library.fpinnovations.ca\/link\/fpipub11167\"><span style=\"color: #f7c75e;\">Par Michel Rioux, ing., Ph. D.\u00a0<\/span><\/a><\/p>\n<p><strong><a href=\"https:\/\/library.fpinnovations.ca\/link\/fpipub11168\"><span style=\"color: #f7c75e;\"><span style=\"color: #ffffff;\">Offensive de Transformation Num\u00e9rique. Bilan, volet r\u00e9colte<\/span> <\/span><\/a><br \/>\n<\/strong><a href=\"https:\/\/library.fpinnovations.ca\/link\/fpipub11168\"><span style=\"color: #f7c75e;\">&#8211;\u00a0<\/span><\/a><span style=\"color: #f7c75e;\">Gaudreau, Jean-Philippe<\/span><\/p>\n<p><strong><a href=\"https:\/\/library.fpinnovations.ca\/link\/fpipub11169\"><span style=\"color: #f7c75e;\"><span style=\"color: #ffffff;\">Offensive de Transformation Num\u00e9rique. Les r\u00e9alisations en for\u00eat priv\u00e9e<\/span><\/span><\/a><\/strong><span style=\"color: #f7c75e;\"><br \/>\n&#8211; Couture, Olivier<\/span><\/p>\n<p><strong><span style=\"color: #ffffff;\"><a style=\"color: #ffffff;\" href=\"https:\/\/library.fpinnovations.ca\/link\/fpipub11170\">Algorex, l&rsquo;expert qui veille sur vos op\u00e9rations 24\/7.<br \/>\nAtelier sur l&rsquo;Offensive de Transformation Num\u00e9rique<\/a><\/span><br \/>\n<\/strong><span style=\"color: #f7c75e;\">&#8211; Gendron, Samuel<\/span><\/p>\n<p><strong><span style=\"color: #ffffff;\"><a style=\"color: #ffffff;\" href=\"https:\/\/library.fpinnovations.ca\/link\/fpipub11171\">Wake-up call. La Technologie m\u00e9rite son budget<\/a><\/span><br \/>\n<\/strong><span style=\"color: #f7c75e;\">&#8211; Cormier, Benoit<\/span><\/p>\n<p>&nbsp;[\/vc_column_text][\/vc_column_inner][vc_column_inner width=\u00a0\u00bb1\/2&Prime;][vc_column_text css=\u00a0\u00bb\u00a0\u00bb]<strong><span style=\"color: #ffffff;\"><a style=\"color: #ffffff;\" href=\"https:\/\/library.fpinnovations.ca\/link\/fpipub11172\">Formabois, Transformation du bois. Offensive de Transformation Num\u00e9rique, l&rsquo;industrie \u00e0 l&rsquo;avant-garde<\/a><\/span><br \/>\n<\/strong><span style=\"color: #f7c75e;\">&#8211; Formabois<\/span><\/p>\n<p><strong><span style=\"color: #ffffff;\"><a style=\"color: #ffffff;\" href=\"https:\/\/library.fpinnovations.ca\/link\/fpipub11173\">HIFA, Halles d&rsquo;innovation et de formation avanc\u00e9e<\/a><\/span><br \/>\n<\/strong><span style=\"color: #f7c75e;\">&#8211; HIFA<\/span><\/p>\n<p><span style=\"color: #ffffff;\"><strong><a style=\"color: #ffffff;\" href=\"https:\/\/library.fpinnovations.ca\/link\/fpipub11174\">Pierre Cormier, forestier visionnaire, champion de la transformation num\u00e9rique.<br \/>\nL&rsquo;Offensive de transformation num\u00e9rique, l&rsquo;industrie \u00e0 l&rsquo;avant-garde<\/a><\/strong><\/span><a href=\"https:\/\/library.fpinnovations.ca\/link\/fpipub11174\"><span style=\"color: #f7c75e;\"> (video)<\/span><\/a><strong><br \/>\n<\/strong><\/p>\n<p><strong><span style=\"color: #ffffff;\"><a style=\"color: #ffffff;\" href=\"https:\/\/library.fpinnovations.ca\/link\/fpipub11175\">Groupe Forestiers Qu\u00e9bec. Offensive de Transformation Num\u00e9rique<\/a><\/span><br \/>\n<\/strong><span style=\"color: #f7c75e;\">&#8211; Geneau, Guy<\/span><\/p>\n<p><strong><span style=\"color: #ffffff;\"><a style=\"color: #ffffff;\" href=\"https:\/\/library.fpinnovations.ca\/link\/fpipub11176\">Transformation num\u00e9rique au MRNF, au coeur de l&rsquo;actione<\/a><\/span><br \/>\n<\/strong><span style=\"color: #f7c75e;\">&#8211; Turgeon, M\u00e9lanie<\/span>[\/vc_column_text][\/vc_column_inner][\/vc_row_inner][\/vc_column][\/vc_row][\/vc_section][vc_section full_width=\u00a0\u00bbstretch_row_content\u00a0\u00bb parallax=\u00a0\u00bbcontent-moving\u00a0\u00bb parallax_image=\u00a0\u00bb300299&Prime; css=\u00a0\u00bb.vc_custom_1732919436369{padding-top: 0px !important;padding-bottom: 0px !important;background-color: #131A3C !important;background-position: center !important;background-repeat: no-repeat !important;background-size: cover !important;}\u00a0\u00bb][vc_row full_width=\u00a0\u00bbstretch_row_content_no_spaces\u00a0\u00bb equal_height=\u00a0\u00bbyes\u00a0\u00bb css=\u00a0\u00bb.vc_custom_1732918318830{padding-top: 0px !important;padding-bottom: 0px !important;}\u00a0\u00bb][vc_column width=\u00a0\u00bb1\/6&Prime; css=\u00a0\u00bb.vc_custom_1695409388618{padding-right: 35px !important;padding-left: 60px !important;}\u00a0\u00bb][\/vc_column][vc_column width=\u00a0\u00bb4\/6&Prime; css=\u00a0\u00bb.vc_custom_1732811936029{background-position: center !important;background-repeat: no-repeat !important;background-size: cover !important;}\u00a0\u00bb]<div class=\"clearboth\"><\/div><style>#thegem-divider-69e64258cd294 {margin-top: 30px !important;}<\/style><div id=\"thegem-divider-69e64258cd294\" class=\"gem-divider  \" style=\"\" ><\/div><div class=\"gem-textbox \"  ><div class=\"gem-textbox-inner\" style=\"border: 5px solid #E5B265;border-top-right-radius: 30px;border-bottom-right-radius: 30px;border-bottom-left-radius: 30px;\"><div class=\"gem-textbox-content\" style=\"color: #FFFFFF;background-color: #161D43AD;background-position: center top;padding-left: 60px;padding-right: 60px;\">[vc_column_text css=\u00a0\u00bb\u00a0\u00bb]<\/p>\n<div class=\"styled-subtitle\"><span style=\"color: #ffffff;\">FPInnovations et ses partenaires sont heureux de vous convier \u00e0 la premi\u00e8re \u00e9dition de cet \u00e9v\u00e9nement unique, qui rassemblera diff\u00e9rents acteurs et partenaires ayant pour objectif d&rsquo;aider l&rsquo;industrie foresti\u00e8re \u00e0 prendre le virage de la transformation num\u00e9rique.<\/span><\/div>\n<div class=\"styled-subtitle\"><span style=\"color: #ffffff;\">Vous aurez la chance d&rsquo;y entendre des intervenants dynamiques et engag\u00e9s qui travaillent \u00e0 favoriser l&rsquo;acc\u00e8s \u00e0 la transformation num\u00e9rique et qui tenteront de r\u00e9pondre \u00e0 vos interrogations afin de d\u00e9samorcer vos principales pr\u00e9occupations et faciliter la transition des entreprises vers les technologies innovantes.<\/span><\/div>\n<div class=\"styled-subtitle\"><span style=\"color: #ffffff;\">C&rsquo;est un rendez-vous incontournable pour toute personne ou entreprise du secteur forestier qui souhaite en apprendre plus sur les diverses options qui disponibles, le tout dans un environnement cr\u00e9atif et ouvert.\u00a0 \u00a0<\/span><\/div>\n<p>[\/vc_column_text]<\/div><\/div><\/div><div class=\"clearboth\"><\/div><style>#thegem-divider-69e64258cd34f {margin-top: 30px !important;}<\/style><div id=\"thegem-divider-69e64258cd34f\" class=\"gem-divider  \" style=\"\" ><\/div>[\/vc_column][vc_column width=\u00a0\u00bb1\/6&Prime;][\/vc_column][\/vc_row][\/vc_section][vc_section full_width=\u00a0\u00bbstretch_row_content\u00a0\u00bb css=\u00a0\u00bb.vc_custom_1732919794523{padding-top: 0px !important;padding-bottom: 0px !important;}\u00a0\u00bb][vc_row full_width=\u00a0\u00bbstretch_row\u00a0\u00bb gap=\u00a0\u00bb10&Prime; css=\u00a0\u00bb.vc_custom_1732920076574{padding-right: 20px !important;padding-left: 20px !important;background-color: #F0B05000 !important;}\u00a0\u00bb][vc_column width=\u00a0\u00bb1\/2&Prime; css_animation=\u00a0\u00bbslideInUp\u00a0\u00bb][vc_row_inner][vc_column_inner][vc_hoverbox image=\u00a0\u00bb301797&Prime; primary_title=\u00a0\u00bbProgrammation\u00a0\u00bb primary_title_font_container=\u00a0\u00bbfont_size:48|color:%23FFFFFF\u00a0\u00bb primary_title_google_fonts=\u00a0\u00bbfont_family:Arial%3Aregular%2Citalic\u00a0\u00bb hover_title=\u00a0\u00bb\u00a0\u00bb hover_background_color=\u00a0\u00bbwhite\u00a0\u00bb hover_btn_title=\u00a0\u00bbVoir le programme\u00a0\u00bb hover_btn_color=\u00a0\u00bborange\u00a0\u00bb css_animation=\u00a0\u00bbfadeInUp\u00a0\u00bb use_custom_fonts_primary_title=\u00a0\u00bbtrue\u00a0\u00bb hover_add_button=\u00a0\u00bbtrue\u00a0\u00bb hover_btn_link=\u00a0\u00bburl:https%3A%2F%2Fweb.fpinnovations.ca%2Fwp-content%2Fuploads%2FProgramme-final_Atelier-OTN-1-1.pdf\u00a0\u00bb]<\/p>\n<h3><span style=\"color: #333333;\">Programmation<\/span><\/h3>\n<p>L&rsquo;atelier propose une programmation enrichissante de pr\u00e9sentations et ateliers interactifs.<\/p>\n<p>Les participants pourront en apprendre plus sur les avanc\u00e9es et les options de transformation num\u00e9rique dans le secteur forestier.[\/vc_hoverbox][\/vc_column_inner][\/vc_row_inner][\/vc_column][vc_column width=\u00a0\u00bb1\/2&Prime;][vc_row_inner][vc_column_inner][vc_hoverbox image=\u00a0\u00bb301801&Prime; primary_title=\u00a0\u00bbPlan de visibilit\u00e9\u00a0\u00bb primary_title_font_container=\u00a0\u00bbfont_size:48|color:%23FFFFFF\u00a0\u00bb primary_title_google_fonts=\u00a0\u00bbfont_family:Arial%3Aregular%2Citalic\u00a0\u00bb hover_title=\u00a0\u00bb\u00a0\u00bb hover_background_color=\u00a0\u00bbwhite\u00a0\u00bb css_animation=\u00a0\u00bbfadeInUp\u00a0\u00bb use_custom_fonts_primary_title=\u00a0\u00bbtrue\u00a0\u00bb]<\/p>\n<div class=\"title-h3\" style=\"text-align: center;\"><span style=\"color: #333333;\">Plan de visibilit\u00e9<\/span><\/div>\n<p style=\"text-align: center;\">Communiquez avec nous pour conna\u00eetre les options de partenariat ou d&rsquo;exposition durant l&rsquo;\u00e9v\u00e9nement.<\/p>\n<p style=\"text-align: center;\">Pour toute question, veuillez communiquez avec<br \/>\nMarc Beaudoin,\u00a0 Leader des partenariats strat\u00e9giques | Qu\u00e9bec<\/p>\n<p style=\"text-align: center;\">418.570.7080\u00a0 \u00a0 \u00a0 \u00a0 \u00a0 \u00a0 \u00a0 \u00a0 \u00a0 \u00a0 \u00a0 \u00a0 \u00a0 \u00a0 \u00a0 \u00a0 \u00a0 \u00a0 \u00a0 \u00a0 \u00a0 \u00a0 \u00a0 \u00a0 <span style=\"color: #333399;\"><a style=\"color: #333399;\" href=\"mailto:marc.beaudoin@fpinnovations.ca\">marc.beaudoin@fpinnovations.ca<\/a><\/span><\/p>\n<p>[\/vc_hoverbox][\/vc_column_inner][\/vc_row_inner][\/vc_column][\/vc_row][vc_row][vc_column][vc_empty_space height=\u00a0\u00bb10px\u00a0\u00bb][\/vc_column][\/vc_row][\/vc_section][vc_section full_width=\u00a0\u00bbstretch_row_content\u00a0\u00bb full_height=\u00a0\u00bbyes\u00a0\u00bb css=\u00a0\u00bb.vc_custom_1696978521356{padding-top: 0px !important;padding-bottom: 0px !important;}\u00a0\u00bb][vc_row full_width=\u00a0\u00bbstretch_row_content_no_spaces\u00a0\u00bb equal_height=\u00a0\u00bbyes\u00a0\u00bb css_animation=\u00a0\u00bbfadeIn\u00a0\u00bb css=\u00a0\u00bb.vc_custom_1696978724445{padding-top: 0px !important;padding-bottom: 0px !important;}\u00a0\u00bb][vc_column width=\u00a0\u00bb2\/5&Prime; css=\u00a0\u00bb.vc_custom_1732819011460{background-image: url(https:\/\/web.fpinnovations.ca\/wp-content\/uploads\/G_DJI_0242-scaled.jpg?id=298541) !important;background-position: center !important;background-repeat: no-repeat !important;background-size: cover !important;}\u00a0\u00bb]<div class=\"clearboth\"><\/div><style>#thegem-divider-69e64258cd380 {margin-top: 300px !important;}<\/style><div id=\"thegem-divider-69e64258cd380\" class=\"gem-divider  \" style=\"\" ><\/div>[\/vc_column][vc_column width=\u00a0\u00bb3\/5&Prime; css_animation=\u00a0\u00bbfadeInRight\u00a0\u00bb css=\u00a0\u00bb.vc_custom_1696978759885{padding-right: 50px !important;padding-left: 60px !important;}\u00a0\u00bb][vc_column_text]<\/p>\n<h4><span style=\"color: #003366;\">LIEU DE L&rsquo;\u00c9V\u00c9NEMENT<\/span><\/h4>\n<p>[\/vc_column_text][vc_separator color=\u00a0\u00bborange\u00a0\u00bb css=\u00a0\u00bb\u00a0\u00bb][vc_column_text css=\u00a0\u00bb\u00a0\u00bb]H\u00f4tel Alt Qu\u00e9bec[\/vc_column_text][vc_gmaps link=\u00a0\u00bb#E-8_JTNDaWZyYW1lJTIwc3JjJTNEJTIyaHR0cHMlM0ElMkYlMkZ3d3cuZ29vZ2xlLmNvbSUyRm1hcHMlMkZlbWJlZCUzRnBiJTNEJTIxMW0xOCUyMTFtMTIlMjExbTMlMjExZDI3MzIuODA5ODczNTM1MDcxJTIxMmQtNzEuMjkwMDA0MjIzMzk2MDglMjEzZDQ2Ljc2ODY0Mzk0NTQ2NTY0JTIxMm0zJTIxMWYwJTIxMmYwJTIxM2YwJTIxM20yJTIxMWkxMDI0JTIxMmk3NjglMjE0ZjEzLjElMjEzbTMlMjExbTIlMjExczB4NGNiODkxMzJiOThmNjA2YiUyNTNBMHgzOWRhNDNiYjFjM2FjNzQlMjEyelNNTzBkR1ZzSUVGc2RDQlJkY09wWW1WaiUyMTVlMCUyMTNtMiUyMTFzZW4lMjEyc2NhJTIxNHYxNzMzMTU4MzAwNDkxJTIxNW0yJTIxMXNlbiUyMTJzY2ElMjIlMjB3aWR0aCUzRCUyMjYwMCUyMiUyMGhlaWdodCUzRCUyMjQ1MCUyMiUyMHN0eWxlJTNEJTIyYm9yZGVyJTNBMCUzQiUyMiUyMGFsbG93ZnVsbHNjcmVlbiUzRCUyMiUyMiUyMGxvYWRpbmclM0QlMjJsYXp5JTIyJTIwcmVmZXJyZXJwb2xpY3klM0QlMjJuby1yZWZlcnJlci13aGVuLWRvd25ncmFkZSUyMiUzRSUzQyUyRmlmcmFtZSUzRQ==\u00a0\u00bb size=\u00a0\u00bb300&Prime; css_animation=\u00a0\u00bbfadeInLeft\u00a0\u00bb css=\u00a0\u00bb\u00a0\u00bb][vc_column_text css=\u00a0\u00bb\u00a0\u00bb]<span class=\"light\" style=\"color: #999999;\">Qu\u00e9bec (QC), Canada<\/span>[\/vc_column_text]<div class=\"clearboth\"><\/div><div id=\"thegem-divider-69e64258cd3a9\" class=\"gem-divider   gem-divider-style-3\" style=\"\" ><\/div>[vc_column_text]<\/p>\n<h4><span style=\"color: #003366;\">VOUS AVEZ BESOIN D&rsquo;AIDE?<\/span><\/h4>\n<p>[\/vc_column_text][vc_separator color=\u00a0\u00bborange\u00a0\u00bb css=\u00a0\u00bb\u00a0\u00bb][vc_column_text css=\u00a0\u00bb\u00a0\u00bb]Pour toute question, veuillez communiquez avec<br \/>\nM\u00e9lanie M\u00e9thot<br \/>\n418 878-9448<br \/>\n<span style=\"color: #333399;\"><a style=\"color: #333399;\" href=\"mailto:melaniemethot@telus.net\">melanie.methot@telus.net<\/a><\/span>\u00a0 ou \u00a0<span style=\"color: #333399;\"><a style=\"color: #333399;\" href=\"mailto:info@fpinnovations.ca\">info@fpinnovations.ca<\/a><\/span>[\/vc_column_text]<div class=\"clearboth\"><\/div><div id=\"thegem-divider-69e64258cd3da\" class=\"gem-divider   gem-divider-style-3\" style=\"\" ><\/div>[vc_column_text css=\u00a0\u00bb\u00a0\u00bb]<\/p>\n<h4><span style=\"color: #003366;\">Merci \u00e0 nos partenaires<\/span><\/h4>\n<p>[\/vc_column_text][vc_separator color=\u00a0\u00bborange\u00a0\u00bb css=\u00a0\u00bb\u00a0\u00bb][vc_row_inner][vc_column_inner width=\u00a0\u00bb1\/2&Prime;][vc_empty_space][vc_single_image image=\u00a0\u00bb302025&Prime; img_size=\u00a0\u00bb232 x 50&Prime; alignment=\u00a0\u00bbcenter\u00a0\u00bb css=\u00a0\u00bb\u00a0\u00bb][vc_empty_space][vc_single_image image=\u00a0\u00bb302022&Prime; img_size=\u00a0\u00bb232 x 100&Prime; alignment=\u00a0\u00bbcenter\u00a0\u00bb css=\u00a0\u00bb\u00a0\u00bb][\/vc_column_inner][vc_column_inner width=\u00a0\u00bb1\/2&Prime;][vc_empty_space][vc_single_image image=\u00a0\u00bb302018&Prime; img_size=\u00a0\u00bbmedium\u00a0\u00bb alignment=\u00a0\u00bbcenter\u00a0\u00bb css=\u00a0\u00bb\u00a0\u00bb][vc_empty_space][vc_single_image image=\u00a0\u00bb302020&Prime; img_size=\u00a0\u00bbmedium\u00a0\u00bb alignment=\u00a0\u00bbcenter\u00a0\u00bb css=\u00a0\u00bb\u00a0\u00bb][\/vc_column_inner][\/vc_row_inner]<div class=\"clearboth\"><\/div><div id=\"thegem-divider-69e64258cd400\" class=\"gem-divider   gem-divider-style-3\" style=\"\" ><\/div>[\/vc_column][\/vc_row][\/vc_section]<\/p>\n<\/div>","protected":false},"excerpt":{"rendered":"<p>[vc_section full_width=\u00a0\u00bbstretch_row_content\u00a0\u00bb parallax=\u00a0\u00bbcontent-moving-fade\u00a0\u00bb parallax_image=\u00a0\u00bb298938&Prime; css=\u00a0\u00bb.vc_custom_1731602057412{background-position: center !important;background-repeat: no-repeat !important;background-size: contain !important;}\u00a0\u00bb][vc_row][vc_column][vc_single_image image=\u00a0\u00bb298742&Prime; img_size=\u00a0\u00bb150 x 80&Prime; alignment=\u00a0\u00bbright\u00a0\u00bb onclick=\u00a0\u00bbcustom_link\u00a0\u00bb img_link_target=\u00a0\u00bb_blank\u00a0\u00bb css=\u00a0\u00bb\u00a0\u00bb css_animation=\u00a0\u00bbfadeInRight\u00a0\u00bb link=\u00a0\u00bbhttp:\/\/web.fpinnovations.ca\u00a0\u00bb][vc_column_text css=\u00a0\u00bb.vc_custom_1731509407480{padding-right: 60px !important;}\u00a0\u00bb][\/vc_column_text][vc_single_image image=\u00a0\u00bb301781&Prime; img_size=\u00a0\u00bbfull\u00a0\u00bb alignment=\u00a0\u00bbcenter\u00a0\u00bb css=\u00a0\u00bb\u00a0\u00bb css_animation=\u00a0\u00bbfadeIn\u00a0\u00bb][\/vc_column][\/vc_row][vc_row full_width=\u00a0\u00bbstretch_row_content_no_spaces\u00a0\u00bb css=\u00a0\u00bb.vc_custom_1732918706903{background-color: #00000054 !important;}\u00a0\u00bb][vc_column][vc_column_text css=\u00a0\u00bb.vc_custom_1744129583009{padding-right: 90px&#8230;<\/p>\n","protected":false},"author":24,"featured_media":0,"parent":0,"menu_order":0,"comment_status":"closed","ping_status":"closed","template":"","meta":{"_acf_changed":false,"footnotes":""},"class_list":["post-301626","page","type-page","status-publish"],"acf":[],"yoast_head":"<!-- This site is optimized with the Yoast SEO plugin v27.4 - https:\/\/yoast.com\/product\/yoast-seo-wordpress\/ -->\n<title>Atelier sur l&#039;Offensive de transformation num\u00e9rique - FPInnovations<\/title>\n<meta name=\"description\" content=\"De retour au Canada, joignez-vous \u00e0 nous \u00e0 Vancouver, C.-B. du 22 au 26 septembre 2025 pour cette deuxi\u00e8me \u00e9dition au Canada.\" \/>\n<meta name=\"robots\" content=\"index, follow, max-snippet:-1, max-image-preview:large, max-video-preview:-1\" \/>\n<link rel=\"canonical\" href=\"https:\/\/web.fpinnovations.ca\/fr\/atelier_otn\/\" \/>\n<meta property=\"og:locale\" content=\"fr_FR\" \/>\n<meta property=\"og:type\" content=\"article\" \/>\n<meta property=\"og:title\" content=\"Atelier sur l&#039;Offensive de transformation num\u00e9rique - FPInnovations\" \/>\n<meta property=\"og:description\" content=\"De retour au Canada, joignez-vous \u00e0 nous \u00e0 Vancouver, C.-B. du 22 au 26 septembre 2025 pour cette deuxi\u00e8me \u00e9dition au Canada.\" \/>\n<meta property=\"og:url\" content=\"https:\/\/web.fpinnovations.ca\/fr\/atelier_otn\/\" \/>\n<meta property=\"og:site_name\" content=\"FPInnovations\" \/>\n<meta property=\"article:modified_time\" content=\"2025-04-08T16:29:15+00:00\" \/>\n<meta name=\"twitter:card\" content=\"summary_large_image\" \/>\n<meta name=\"twitter:label1\" content=\"Dur\u00e9e de lecture estim\u00e9e\" \/>\n\t<meta name=\"twitter:data1\" content=\"3 minutes\" \/>\n<script type=\"application\/ld+json\" class=\"yoast-schema-graph\">{\"@context\":\"https:\\\/\\\/schema.org\",\"@graph\":[{\"@type\":\"WebPage\",\"@id\":\"https:\\\/\\\/web.fpinnovations.ca\\\/fr\\\/atelier_otn\\\/\",\"url\":\"https:\\\/\\\/web.fpinnovations.ca\\\/fr\\\/atelier_otn\\\/\",\"name\":\"Atelier sur l'Offensive de transformation num\u00e9rique - FPInnovations\",\"isPartOf\":{\"@id\":\"https:\\\/\\\/web.fpinnovations.ca\\\/fr\\\/#website\"},\"datePublished\":\"2024-11-27T21:33:51+00:00\",\"dateModified\":\"2025-04-08T16:29:15+00:00\",\"description\":\"De retour au Canada, joignez-vous \u00e0 nous \u00e0 Vancouver, C.-B. du 22 au 26 septembre 2025 pour cette deuxi\u00e8me \u00e9dition au Canada.\",\"breadcrumb\":{\"@id\":\"https:\\\/\\\/web.fpinnovations.ca\\\/fr\\\/atelier_otn\\\/#breadcrumb\"},\"inLanguage\":\"fr-FR\",\"potentialAction\":[{\"@type\":\"ReadAction\",\"target\":[\"https:\\\/\\\/web.fpinnovations.ca\\\/fr\\\/atelier_otn\\\/\"]}]},{\"@type\":\"BreadcrumbList\",\"@id\":\"https:\\\/\\\/web.fpinnovations.ca\\\/fr\\\/atelier_otn\\\/#breadcrumb\",\"itemListElement\":[{\"@type\":\"ListItem\",\"position\":1,\"name\":\"Home\",\"item\":\"https:\\\/\\\/web.fpinnovations.ca\\\/fr\\\/\"},{\"@type\":\"ListItem\",\"position\":2,\"name\":\"Atelier sur l&#8217;Offensive de transformation num\u00e9rique\"}]},{\"@type\":\"WebSite\",\"@id\":\"https:\\\/\\\/web.fpinnovations.ca\\\/fr\\\/#website\",\"url\":\"https:\\\/\\\/web.fpinnovations.ca\\\/fr\\\/\",\"name\":\"FPInnovations\",\"description\":\"\",\"potentialAction\":[{\"@type\":\"SearchAction\",\"target\":{\"@type\":\"EntryPoint\",\"urlTemplate\":\"https:\\\/\\\/web.fpinnovations.ca\\\/fr\\\/?s={search_term_string}\"},\"query-input\":{\"@type\":\"PropertyValueSpecification\",\"valueRequired\":true,\"valueName\":\"search_term_string\"}}],\"inLanguage\":\"fr-FR\"}]}<\/script>\n<!-- \/ Yoast SEO plugin. -->","yoast_head_json":{"title":"Atelier sur l'Offensive de transformation num\u00e9rique - FPInnovations","description":"De retour au Canada, joignez-vous \u00e0 nous \u00e0 Vancouver, C.-B. du 22 au 26 septembre 2025 pour cette deuxi\u00e8me \u00e9dition au Canada.","robots":{"index":"index","follow":"follow","max-snippet":"max-snippet:-1","max-image-preview":"max-image-preview:large","max-video-preview":"max-video-preview:-1"},"canonical":"https:\/\/web.fpinnovations.ca\/fr\/atelier_otn\/","og_locale":"fr_FR","og_type":"article","og_title":"Atelier sur l'Offensive de transformation num\u00e9rique - FPInnovations","og_description":"De retour au Canada, joignez-vous \u00e0 nous \u00e0 Vancouver, C.-B. du 22 au 26 septembre 2025 pour cette deuxi\u00e8me \u00e9dition au Canada.","og_url":"https:\/\/web.fpinnovations.ca\/fr\/atelier_otn\/","og_site_name":"FPInnovations","article_modified_time":"2025-04-08T16:29:15+00:00","twitter_card":"summary_large_image","twitter_misc":{"Dur\u00e9e de lecture estim\u00e9e":"3 minutes"},"schema":{"@context":"https:\/\/schema.org","@graph":[{"@type":"WebPage","@id":"https:\/\/web.fpinnovations.ca\/fr\/atelier_otn\/","url":"https:\/\/web.fpinnovations.ca\/fr\/atelier_otn\/","name":"Atelier sur l'Offensive de transformation num\u00e9rique - FPInnovations","isPartOf":{"@id":"https:\/\/web.fpinnovations.ca\/fr\/#website"},"datePublished":"2024-11-27T21:33:51+00:00","dateModified":"2025-04-08T16:29:15+00:00","description":"De retour au Canada, joignez-vous \u00e0 nous \u00e0 Vancouver, C.-B. du 22 au 26 septembre 2025 pour cette deuxi\u00e8me \u00e9dition au Canada.","breadcrumb":{"@id":"https:\/\/web.fpinnovations.ca\/fr\/atelier_otn\/#breadcrumb"},"inLanguage":"fr-FR","potentialAction":[{"@type":"ReadAction","target":["https:\/\/web.fpinnovations.ca\/fr\/atelier_otn\/"]}]},{"@type":"BreadcrumbList","@id":"https:\/\/web.fpinnovations.ca\/fr\/atelier_otn\/#breadcrumb","itemListElement":[{"@type":"ListItem","position":1,"name":"Home","item":"https:\/\/web.fpinnovations.ca\/fr\/"},{"@type":"ListItem","position":2,"name":"Atelier sur l&#8217;Offensive de transformation num\u00e9rique"}]},{"@type":"WebSite","@id":"https:\/\/web.fpinnovations.ca\/fr\/#website","url":"https:\/\/web.fpinnovations.ca\/fr\/","name":"FPInnovations","description":"","potentialAction":[{"@type":"SearchAction","target":{"@type":"EntryPoint","urlTemplate":"https:\/\/web.fpinnovations.ca\/fr\/?s={search_term_string}"},"query-input":{"@type":"PropertyValueSpecification","valueRequired":true,"valueName":"search_term_string"}}],"inLanguage":"fr-FR"}]}},"_links":{"self":[{"href":"https:\/\/web.fpinnovations.ca\/fr\/wp-json\/wp\/v2\/pages\/301626","targetHints":{"allow":["GET"]}}],"collection":[{"href":"https:\/\/web.fpinnovations.ca\/fr\/wp-json\/wp\/v2\/pages"}],"about":[{"href":"https:\/\/web.fpinnovations.ca\/fr\/wp-json\/wp\/v2\/types\/page"}],"author":[{"embeddable":true,"href":"https:\/\/web.fpinnovations.ca\/fr\/wp-json\/wp\/v2\/users\/24"}],"replies":[{"embeddable":true,"href":"https:\/\/web.fpinnovations.ca\/fr\/wp-json\/wp\/v2\/comments?post=301626"}],"version-history":[{"count":5,"href":"https:\/\/web.fpinnovations.ca\/fr\/wp-json\/wp\/v2\/pages\/301626\/revisions"}],"predecessor-version":[{"id":302841,"href":"https:\/\/web.fpinnovations.ca\/fr\/wp-json\/wp\/v2\/pages\/301626\/revisions\/302841"}],"wp:attachment":[{"href":"https:\/\/web.fpinnovations.ca\/fr\/wp-json\/wp\/v2\/media?parent=301626"}],"curies":[{"name":"wp","href":"https:\/\/api.w.org\/{rel}","templated":true}]}}