{"id":300873,"date":"2024-08-28T15:00:48","date_gmt":"2024-08-28T19:00:48","guid":{"rendered":"https:\/\/web.fpinnovations.ca\/base-de-donnees-pour-la-conception-la-modelisation-et-lanalyse-des-structures-en-bois\/"},"modified":"2024-08-29T12:04:39","modified_gmt":"2024-08-29T16:04:39","slug":"base-de-donnees-pour-la-conception-la-modelisation-et-lanalyse-des-structures-en-bois","status":"publish","type":"page","link":"https:\/\/web.fpinnovations.ca\/fr\/base-de-donnees-pour-la-conception-la-modelisation-et-lanalyse-des-structures-en-bois\/","title":{"rendered":"Base de donn\u00e9es pour la conception, la mod\u00e9lisation et l&rsquo;analyse des structures en bois"},"content":{"rendered":"<div class=\"wpb-content-wrapper\"><p>[vc_row][vc_column][vc_empty_space height=\u00a0\u00bb15px\u00a0\u00bb][vc_custom_heading text=\u00a0\u00bbBase de donn\u00e9es pour la conception, la mod\u00e9lisation et l&rsquo;analyse des structures en bois\u00a0\u00bb font_container=\u00a0\u00bbtag:h2|font_size:65px|text_align:left|line_height:1.1&Prime; use_theme_fonts=\u00a0\u00bbyes\u00a0\u00bb css=\u00a0\u00bb.vc_custom_1724714317118{margin-bottom: 30px !important;padding-bottom: 0px !important;}\u00a0\u00bb][vc_empty_space][\/vc_column][\/vc_row][vc_row full_width=\u00a0\u00bbstretch_row_content\u00a0\u00bb parallax=\u00a0\u00bbcontent-moving\u00a0\u00bb parallax_image=\u00a0\u00bb300870&Prime; background_style=\u00a0\u00bbcontain\u00a0\u00bb background_position_vertical=\u00a0\u00bbbottom\u00a0\u00bb parallax_speed_bg=\u00a0\u00bb1&Prime; css=\u00a0\u00bb.vc_custom_1724788289916{padding-top: 50px !important;padding-bottom: 50px !important;background-position: center;background-repeat: no-repeat;background-size: cover !important;}\u00a0\u00bb][vc_column][vc_row_inner][vc_column_inner]\n\t\t\t\t<p class=\"rs-p-wp-fix\"><\/p>\n\t\t\t\t<sr7-module data-alias=\"2-modelling-guide-timber-structures-1-1\" data-id=\"48\" id=\"SR7_48_1\" class=\"rs-ov-hidden\" data-version=\"6.7.51\">\n\t\t\t\t\t<sr7-adjuster><\/sr7-adjuster>\n\t\t\t\t\t<sr7-content>\n\t\t\t\t\t\t<sr7-slide id=\"SR7_48_1-51\" data-key=\"51\">\n\t\t\t\t\t\t<\/sr7-slide>\n\t\t\t\t\t\t<sr7-slide id=\"SR7_48_1-52\" data-key=\"52\">\n\t\t\t\t\t\t<\/sr7-slide>\n\t\t\t\t\t<\/sr7-content>\n\t\t\t\t\t<image_lists style=\"display:none\">\n\t\t\t\t\t\t<img data-src=\"\/\/web.fpinnovations.ca\/wp-content\/uploads\/Donnees-de-modelisation.png\" data-libid=\"300884\" title=\"Donn\u00e9es de mod\u00e9lisation\" width=\"0\" height=\"0\" data-dbsrc=\"Ly93ZWIuZnBpbm5vdmF0aW9ucy5jYS93cC1jb250ZW50L3VwbG9hZHMvRG9ubmVlcy1kZS1tb2RlbGlzYXRpb24ucG5n\"\/>\n\t\t\t\t\t\t<img data-src=\"\/\/web.fpinnovations.ca\/wp-content\/uploads\/Informations-danalyse.png\" data-libid=\"300882\" title=\"Informations d&rsquo;analyse\" width=\"0\" height=\"0\" data-dbsrc=\"Ly93ZWIuZnBpbm5vdmF0aW9ucy5jYS93cC1jb250ZW50L3VwbG9hZHMvSW5mb3JtYXRpb25zLWRhbmFseXNlLnBuZw==\"\/>\n\t\t\t\t\t\t<img data-src=\"\/\/web.fpinnovations.ca\/wp-content\/uploads\/Informations-de-conception.png\" data-libid=\"300880\" title=\"Informations de conception\" width=\"0\" height=\"0\" data-dbsrc=\"Ly93ZWIuZnBpbm5vdmF0aW9ucy5jYS93cC1jb250ZW50L3VwbG9hZHMvSW5mb3JtYXRpb25zLWRlLWNvbmNlcHRpb24ucG5n\"\/>\n\t\t\t\t\t\t<img data-src=\"\/\/web.fpinnovations.ca\/wp-content\/uploads\/Modelling-data-4-e1718833261786.png\" data-libid=\"300093\" title=\"Modelling-data-4\" width=\"0\" height=\"0\" data-dbsrc=\"Ly93ZWIuZnBpbm5vdmF0aW9ucy5jYS93cC1jb250ZW50L3VwbG9hZHMvTW9kZWxsaW5nLWRhdGEtNC1lMTcxODgzMzI2MTc4Ni5wbmc=\"\/>\n\t\t\t\t\t\t<img data-src=\"\/\/web.fpinnovations.ca\/wp-content\/uploads\/design-info-e1718833370540.png\" data-libid=\"300095\" title=\"design info\" width=\"0\" height=\"0\" data-dbsrc=\"Ly93ZWIuZnBpbm5vdmF0aW9ucy5jYS93cC1jb250ZW50L3VwbG9hZHMvZGVzaWduLWluZm8tZTE3MTg4MzMzNzA1NDAucG5n\"\/>\n\t\t\t\t\t\t<img data-src=\"\/\/web.fpinnovations.ca\/wp-content\/uploads\/Analysis-info-image-e1718924195386.png\" data-libid=\"300201\" title=\"Analysis info image\" width=\"0\" height=\"0\" data-dbsrc=\"Ly93ZWIuZnBpbm5vdmF0aW9ucy5jYS93cC1jb250ZW50L3VwbG9hZHMvQW5hbHlzaXMtaW5mby1pbWFnZS1lMTcxODkyNDE5NTM4Ni5wbmc=\"\/>\n\t\t\t\t\t<\/image_lists>\n\t\t\t\t<\/sr7-module>\n\t\t\t\t<script>\n\t\t\t\t\twindow.SR7 ??={};SR7.PMH ??={}; SR7.PMH[\"SR7_48_1\"] = {cn:100,state:false,fn: function() { if (window._tpt!==undefined && window._tpt.prepareModuleHeight !== undefined) {  _tpt.prepareModuleHeight({id:\"SR7_48_1\",el:[450,450,450,500,450],type:'hero',shdw:'0',gh:[450,450,450,500,450],gw:[1240,1240,1240,778,480],vpt:['100px&#039;,&#039;100px&#039;,&#039;100px&#039;,&#039;100px&#039;,&#039;100px'],size:{fullWidth:true, fullHeight:false},mh:'0',onh:0,onw:0,bg:{color:'{\"orig\":\"transparent\",\"type\":\"solid\",\"string\":\"transparent\"}'}});   SR7.PMH[\"SR7_48_1\"].state=true;} else if(SR7.PMH[\"SR7_48_1\"].cn-->0)\tsetTimeout( SR7.PMH[\"SR7_48_1\"].fn,19);}};SR7.PMH[\"SR7_48_1\" ].fn();(function() {\n\tjQuery(document).ready(function() {\n\t\tjQuery('.gem-slideshow-with-preloader.gem-slideshow-rs').each(function() {\n\t\t\tvar slideshow = jQuery(this);\n\t\t\tslideshow.trigger('thegem-preloader-loaded');\n\t\t});\n\t});\n\tvar revapi = jQuery(document).ready(function() {});\n\trevapi.one('revolution.slide.onloaded', function() {\n\t\tjQuery('.gem-slideshow').prev('.slideshow-preloader').remove();\n\t});\n\tdocument.addEventListener(\"sr.module.ready\", function(e) {\n\t\tjQuery('.gem-slideshow').prev('.slideshow-preloader').remove();\n\t});\n})();\n\n\t\t\t\t<\/script>\n[\/vc_column_inner][\/vc_row_inner][\/vc_column][\/vc_row][vc_row][vc_column][vc_column_text css=\u00a0\u00bb\u00a0\u00bb]<\/p>\n<div class=\"styled-subtitle\"><span data-teams=\"true\"><span class=\"ui-provider a b c d e f g h i j k l m n o p q r s t u v w x y z ab ac ae af ag ah ai aj ak\" dir=\"ltr\">Cette base de donn\u00e9es, la premi\u00e8re du genre, fournit des donn\u00e9es d&rsquo;entr\u00e9e, qui constituent des informations cruciales pour la conception, la mod\u00e9lisation et l&rsquo;analyse des structures en bois, et ce, afin de soutenir l&rsquo;application et le d\u00e9veloppement des structures en bois qui n\u00e9cessitent de plus en plus la d\u00e9monstration de la performance ou de l&rsquo;\u00e9quivalence par le biais de la mod\u00e9lisation informatique, que les proc\u00e9dures de conception soient normatives ou fond\u00e9es sur la performance.\u00a0<\/span><\/span><\/div>\n<p>[\/vc_column_text][vc_column_text css=\u00a0\u00bb\u00a0\u00bb]<\/p>\n<div class=\"styled-subtitle\">\n<p><span data-teams=\"true\"><span class=\"ui-provider a b c d e f g h i j k l m n o p q r s t u v w x y z ab ac ae af ag ah ai aj ak\" dir=\"ltr\">Le concept de d\u00e9veloppement de cette base de donn\u00e9es a \u00e9t\u00e9 initi\u00e9 et r\u00e9alis\u00e9 par FPInnovations, mais il est le r\u00e9sultat d&rsquo;un effort global r\u00e9unissant des experts d&rsquo;instituts de recherche, de firmes de consultants, de fabricants, d&rsquo;entreprises de logiciels, d&rsquo;entit\u00e9s gouvernementales et d&rsquo;associations.\u00a0<\/span><\/span><\/p>\n<\/div>\n<p>[\/vc_column_text]<div class=\"clearboth\"><\/div><div id=\"thegem-divider-69f2db8b1e7ab\" class=\"gem-divider  \" style=\"\" ><\/div>[vc_column_text css=\u00a0\u00bb\u00a0\u00bb]<\/p>\n<h3><span data-teams=\"true\"><span class=\"ui-provider a b c d e f g h i j k l m n o p q r s t u v w x y z ab ac ae af ag ah ai aj ak\" dir=\"ltr\">Vous souhaitez en savoir plus ?<\/span><\/span><\/h3>\n<p>Communiquez avec Zhiyong Chen, Scientifique s\u00e9nior, Syst\u00e8me de construction[\/vc_column_text][vc_row_inner][vc_column_inner width=\u00a0\u00bb1\/2&Prime;][vc_btn title=\u00a0\u00bbzhiyong.chen@fpinnovations.ca\u00a0\u00bb style=\u00a0\u00bbclassic\u00a0\u00bb color=\u00a0\u00bbgreen\u00a0\u00bb i_icon_fontawesome=\u00a0\u00bbfar fa-envelope\u00a0\u00bb css=\u00a0\u00bb\u00a0\u00bb add_icon=\u00a0\u00bbtrue\u00a0\u00bb link=\u00a0\u00bburl:mailto%3Azhiyong.chen%40fpinnovations.ca|\u00a0\u00bb][\/vc_column_inner][vc_column_inner width=\u00a0\u00bb1\/2&Prime;][\/vc_column_inner][\/vc_row_inner][vc_empty_space height=\u00a0\u00bb50px\u00a0\u00bb][\/vc_column][\/vc_row][vc_row full_width=\u00a0\u00bbstretch_row_content\u00a0\u00bb css=\u00a0\u00bb.vc_custom_1724713478113{padding-top: 70px !important;padding-bottom: 35px !important;}\u00a0\u00bb][vc_column][vc_row_inner css=\u00a0\u00bb.vc_custom_1724713456455{padding-top: 0px !important;}\u00a0\u00bb][vc_column_inner width=\u00a0\u00bb1\/3&Prime;][vc_single_image image=\u00a0\u00bb300826&Prime; img_size=\u00a0\u00bb250 x 50&Prime; alignment=\u00a0\u00bbcenter\u00a0\u00bb css=\u00a0\u00bb\u00a0\u00bb][\/vc_column_inner][vc_column_inner width=\u00a0\u00bb1\/3&Prime;][vc_single_image image=\u00a0\u00bb300836&Prime; img_size=\u00a0\u00bb250 x 80&Prime; alignment=\u00a0\u00bbcenter\u00a0\u00bb css=\u00a0\u00bb\u00a0\u00bb][\/vc_column_inner][vc_column_inner width=\u00a0\u00bb1\/3&Prime;][vc_single_image image=\u00a0\u00bb300838&Prime; img_size=\u00a0\u00bb350 x 35&Prime; alignment=\u00a0\u00bbcenter\u00a0\u00bb css=\u00a0\u00bb\u00a0\u00bb][\/vc_column_inner][\/vc_row_inner][\/vc_column][\/vc_row]<\/p>\n<\/div>","protected":false},"excerpt":{"rendered":"<p>[vc_row][vc_column][vc_empty_space height=\u00a0\u00bb15px\u00a0\u00bb][vc_custom_heading text=\u00a0\u00bbBase de donn\u00e9es pour la conception, la mod\u00e9lisation et l&rsquo;analyse des structures en bois\u00a0\u00bb font_container=\u00a0\u00bbtag:h2|font_size:65px|text_align:left|line_height:1.1&Prime; use_theme_fonts=\u00a0\u00bbyes\u00a0\u00bb css=\u00a0\u00bb.vc_custom_1724714317118{margin-bottom: 30px !important;padding-bottom: 0px !important;}\u00a0\u00bb][vc_empty_space][\/vc_column][\/vc_row][vc_row full_width=\u00a0\u00bbstretch_row_content\u00a0\u00bb parallax=\u00a0\u00bbcontent-moving\u00a0\u00bb parallax_image=\u00a0\u00bb300870&Prime; background_style=\u00a0\u00bbcontain\u00a0\u00bb background_position_vertical=\u00a0\u00bbbottom\u00a0\u00bb parallax_speed_bg=\u00a0\u00bb1&Prime; css=\u00a0\u00bb.vc_custom_1724788289916{padding-top: 50px !important;padding-bottom: 50px !important;background-position: center;background-repeat:&#8230;<\/p>\n","protected":false},"author":23,"featured_media":0,"parent":0,"menu_order":0,"comment_status":"closed","ping_status":"closed","template":"","meta":{"_acf_changed":false,"footnotes":""},"class_list":["post-300873","page","type-page","status-publish"],"acf":[],"yoast_head":"<!-- This site is optimized with the Yoast SEO plugin v27.5 - https:\/\/yoast.com\/product\/yoast-seo-wordpress\/ -->\n<title>Base de donn\u00e9es pour la conception, la mod\u00e9lisation et l&#039;analyse des structures en bois - FPInnovations<\/title>\n<meta name=\"robots\" content=\"index, follow, max-snippet:-1, max-image-preview:large, max-video-preview:-1\" \/>\n<link rel=\"canonical\" href=\"https:\/\/web.fpinnovations.ca\/fr\/base-de-donnees-pour-la-conception-la-modelisation-et-lanalyse-des-structures-en-bois\/\" \/>\n<meta property=\"og:locale\" content=\"fr_FR\" \/>\n<meta property=\"og:type\" content=\"article\" \/>\n<meta property=\"og:title\" content=\"Base de donn\u00e9es pour la conception, la mod\u00e9lisation et l&#039;analyse des structures en bois - FPInnovations\" \/>\n<meta property=\"og:description\" content=\"[vc_row][vc_column][vc_empty_space height=\u00a0\u00bb15px\u00a0\u00bb][vc_custom_heading text=\u00a0\u00bbBase de donn\u00e9es pour la conception, la mod\u00e9lisation et l&rsquo;analyse des structures en bois\u00a0\u00bb font_container=\u00a0\u00bbtag:h2|font_size:65px|text_align:left|line_height:1.1&Prime; use_theme_fonts=\u00a0\u00bbyes\u00a0\u00bb css=\u00a0\u00bb.vc_custom_1724714317118{margin-bottom: 30px !important;padding-bottom: 0px !important;}\u00a0\u00bb][vc_empty_space][\/vc_column][\/vc_row][vc_row full_width=\u00a0\u00bbstretch_row_content\u00a0\u00bb parallax=\u00a0\u00bbcontent-moving\u00a0\u00bb parallax_image=\u00a0\u00bb300870&Prime; background_style=\u00a0\u00bbcontain\u00a0\u00bb background_position_vertical=\u00a0\u00bbbottom\u00a0\u00bb parallax_speed_bg=\u00a0\u00bb1&Prime; css=\u00a0\u00bb.vc_custom_1724788289916{padding-top: 50px !important;padding-bottom: 50px !important;background-position: center;background-repeat:...\" \/>\n<meta property=\"og:url\" content=\"https:\/\/web.fpinnovations.ca\/fr\/base-de-donnees-pour-la-conception-la-modelisation-et-lanalyse-des-structures-en-bois\/\" \/>\n<meta property=\"og:site_name\" content=\"FPInnovations\" \/>\n<meta property=\"article:modified_time\" content=\"2024-08-29T16:04:39+00:00\" \/>\n<meta name=\"twitter:card\" content=\"summary_large_image\" \/>\n<meta name=\"twitter:label1\" content=\"Dur\u00e9e de lecture estim\u00e9e\" \/>\n\t<meta name=\"twitter:data1\" content=\"2 minutes\" \/>\n<script type=\"application\/ld+json\" class=\"yoast-schema-graph\">{\"@context\":\"https:\\\/\\\/schema.org\",\"@graph\":[{\"@type\":\"WebPage\",\"@id\":\"https:\\\/\\\/web.fpinnovations.ca\\\/fr\\\/base-de-donnees-pour-la-conception-la-modelisation-et-lanalyse-des-structures-en-bois\\\/\",\"url\":\"https:\\\/\\\/web.fpinnovations.ca\\\/fr\\\/base-de-donnees-pour-la-conception-la-modelisation-et-lanalyse-des-structures-en-bois\\\/\",\"name\":\"Base de donn\u00e9es pour la conception, la mod\u00e9lisation et l'analyse des structures en bois - FPInnovations\",\"isPartOf\":{\"@id\":\"https:\\\/\\\/web.fpinnovations.ca\\\/fr\\\/#website\"},\"datePublished\":\"2024-08-28T19:00:48+00:00\",\"dateModified\":\"2024-08-29T16:04:39+00:00\",\"breadcrumb\":{\"@id\":\"https:\\\/\\\/web.fpinnovations.ca\\\/fr\\\/base-de-donnees-pour-la-conception-la-modelisation-et-lanalyse-des-structures-en-bois\\\/#breadcrumb\"},\"inLanguage\":\"fr-FR\",\"potentialAction\":[{\"@type\":\"ReadAction\",\"target\":[\"https:\\\/\\\/web.fpinnovations.ca\\\/fr\\\/base-de-donnees-pour-la-conception-la-modelisation-et-lanalyse-des-structures-en-bois\\\/\"]}]},{\"@type\":\"BreadcrumbList\",\"@id\":\"https:\\\/\\\/web.fpinnovations.ca\\\/fr\\\/base-de-donnees-pour-la-conception-la-modelisation-et-lanalyse-des-structures-en-bois\\\/#breadcrumb\",\"itemListElement\":[{\"@type\":\"ListItem\",\"position\":1,\"name\":\"Home\",\"item\":\"https:\\\/\\\/web.fpinnovations.ca\\\/fr\\\/\"},{\"@type\":\"ListItem\",\"position\":2,\"name\":\"Base de donn\u00e9es pour la conception, la mod\u00e9lisation et l&#8217;analyse des structures en bois\"}]},{\"@type\":\"WebSite\",\"@id\":\"https:\\\/\\\/web.fpinnovations.ca\\\/fr\\\/#website\",\"url\":\"https:\\\/\\\/web.fpinnovations.ca\\\/fr\\\/\",\"name\":\"FPInnovations\",\"description\":\"\",\"potentialAction\":[{\"@type\":\"SearchAction\",\"target\":{\"@type\":\"EntryPoint\",\"urlTemplate\":\"https:\\\/\\\/web.fpinnovations.ca\\\/fr\\\/?s={search_term_string}\"},\"query-input\":{\"@type\":\"PropertyValueSpecification\",\"valueRequired\":true,\"valueName\":\"search_term_string\"}}],\"inLanguage\":\"fr-FR\"}]}<\/script>\n<!-- \/ Yoast SEO plugin. -->","yoast_head_json":{"title":"Base de donn\u00e9es pour la conception, la mod\u00e9lisation et l'analyse des structures en bois - FPInnovations","robots":{"index":"index","follow":"follow","max-snippet":"max-snippet:-1","max-image-preview":"max-image-preview:large","max-video-preview":"max-video-preview:-1"},"canonical":"https:\/\/web.fpinnovations.ca\/fr\/base-de-donnees-pour-la-conception-la-modelisation-et-lanalyse-des-structures-en-bois\/","og_locale":"fr_FR","og_type":"article","og_title":"Base de donn\u00e9es pour la conception, la mod\u00e9lisation et l'analyse des structures en bois - FPInnovations","og_description":"[vc_row][vc_column][vc_empty_space height=\u00a0\u00bb15px\u00a0\u00bb][vc_custom_heading text=\u00a0\u00bbBase de donn\u00e9es pour la conception, la mod\u00e9lisation et l&rsquo;analyse des structures en bois\u00a0\u00bb font_container=\u00a0\u00bbtag:h2|font_size:65px|text_align:left|line_height:1.1&Prime; use_theme_fonts=\u00a0\u00bbyes\u00a0\u00bb css=\u00a0\u00bb.vc_custom_1724714317118{margin-bottom: 30px !important;padding-bottom: 0px !important;}\u00a0\u00bb][vc_empty_space][\/vc_column][\/vc_row][vc_row full_width=\u00a0\u00bbstretch_row_content\u00a0\u00bb parallax=\u00a0\u00bbcontent-moving\u00a0\u00bb parallax_image=\u00a0\u00bb300870&Prime; background_style=\u00a0\u00bbcontain\u00a0\u00bb background_position_vertical=\u00a0\u00bbbottom\u00a0\u00bb parallax_speed_bg=\u00a0\u00bb1&Prime; css=\u00a0\u00bb.vc_custom_1724788289916{padding-top: 50px !important;padding-bottom: 50px !important;background-position: center;background-repeat:...","og_url":"https:\/\/web.fpinnovations.ca\/fr\/base-de-donnees-pour-la-conception-la-modelisation-et-lanalyse-des-structures-en-bois\/","og_site_name":"FPInnovations","article_modified_time":"2024-08-29T16:04:39+00:00","twitter_card":"summary_large_image","twitter_misc":{"Dur\u00e9e de lecture estim\u00e9e":"2 minutes"},"schema":{"@context":"https:\/\/schema.org","@graph":[{"@type":"WebPage","@id":"https:\/\/web.fpinnovations.ca\/fr\/base-de-donnees-pour-la-conception-la-modelisation-et-lanalyse-des-structures-en-bois\/","url":"https:\/\/web.fpinnovations.ca\/fr\/base-de-donnees-pour-la-conception-la-modelisation-et-lanalyse-des-structures-en-bois\/","name":"Base de donn\u00e9es pour la conception, la mod\u00e9lisation et l'analyse des structures en bois - FPInnovations","isPartOf":{"@id":"https:\/\/web.fpinnovations.ca\/fr\/#website"},"datePublished":"2024-08-28T19:00:48+00:00","dateModified":"2024-08-29T16:04:39+00:00","breadcrumb":{"@id":"https:\/\/web.fpinnovations.ca\/fr\/base-de-donnees-pour-la-conception-la-modelisation-et-lanalyse-des-structures-en-bois\/#breadcrumb"},"inLanguage":"fr-FR","potentialAction":[{"@type":"ReadAction","target":["https:\/\/web.fpinnovations.ca\/fr\/base-de-donnees-pour-la-conception-la-modelisation-et-lanalyse-des-structures-en-bois\/"]}]},{"@type":"BreadcrumbList","@id":"https:\/\/web.fpinnovations.ca\/fr\/base-de-donnees-pour-la-conception-la-modelisation-et-lanalyse-des-structures-en-bois\/#breadcrumb","itemListElement":[{"@type":"ListItem","position":1,"name":"Home","item":"https:\/\/web.fpinnovations.ca\/fr\/"},{"@type":"ListItem","position":2,"name":"Base de donn\u00e9es pour la conception, la mod\u00e9lisation et l&#8217;analyse des structures en bois"}]},{"@type":"WebSite","@id":"https:\/\/web.fpinnovations.ca\/fr\/#website","url":"https:\/\/web.fpinnovations.ca\/fr\/","name":"FPInnovations","description":"","potentialAction":[{"@type":"SearchAction","target":{"@type":"EntryPoint","urlTemplate":"https:\/\/web.fpinnovations.ca\/fr\/?s={search_term_string}"},"query-input":{"@type":"PropertyValueSpecification","valueRequired":true,"valueName":"search_term_string"}}],"inLanguage":"fr-FR"}]}},"_links":{"self":[{"href":"https:\/\/web.fpinnovations.ca\/fr\/wp-json\/wp\/v2\/pages\/300873","targetHints":{"allow":["GET"]}}],"collection":[{"href":"https:\/\/web.fpinnovations.ca\/fr\/wp-json\/wp\/v2\/pages"}],"about":[{"href":"https:\/\/web.fpinnovations.ca\/fr\/wp-json\/wp\/v2\/types\/page"}],"author":[{"embeddable":true,"href":"https:\/\/web.fpinnovations.ca\/fr\/wp-json\/wp\/v2\/users\/23"}],"replies":[{"embeddable":true,"href":"https:\/\/web.fpinnovations.ca\/fr\/wp-json\/wp\/v2\/comments?post=300873"}],"version-history":[{"count":5,"href":"https:\/\/web.fpinnovations.ca\/fr\/wp-json\/wp\/v2\/pages\/300873\/revisions"}],"predecessor-version":[{"id":301011,"href":"https:\/\/web.fpinnovations.ca\/fr\/wp-json\/wp\/v2\/pages\/300873\/revisions\/301011"}],"wp:attachment":[{"href":"https:\/\/web.fpinnovations.ca\/fr\/wp-json\/wp\/v2\/media?parent=300873"}],"curies":[{"name":"wp","href":"https:\/\/api.w.org\/{rel}","templated":true}]}}