{"id":300507,"date":"2024-07-25T15:13:17","date_gmt":"2024-07-25T19:13:17","guid":{"rendered":"https:\/\/web.fpinnovations.ca\/evenements-a-venir\/"},"modified":"2025-10-07T14:25:32","modified_gmt":"2025-10-07T18:25:32","slug":"evenements-a-venir","status":"publish","type":"page","link":"https:\/\/web.fpinnovations.ca\/fr\/evenements-a-venir\/","title":{"rendered":"\u00c9v\u00e8nements \u00e0 venir"},"content":{"rendered":"<div class=\"wpb-content-wrapper\"><p>[vc_section][vc_row full_width=\u00a0\u00bbstretch_row_content_no_spaces\u00a0\u00bb full_height=\u00a0\u00bbyes\u00a0\u00bb equal_height=\u00a0\u00bbyes\u00a0\u00bb el_disable_desktop=\u00a0\u00bb1&Prime; el_disable_tablet=\u00a0\u00bb1&Prime; el_disable_mobile=\u00a0\u00bb1&Prime; css=\u00a0\u00bb.vc_custom_1759861529960{margin-top: 0px !important;margin-bottom: 0px !important;border-top-width: 0px !important;border-bottom-width: 0px !important;padding-top: 0px !important;padding-bottom: 0px !important;background-position: center !important;background-repeat: no-repeat !important;background-size: contain !important;}\u00a0\u00bb][vc_column css=\u00a0\u00bb.vc_custom_1705349732565{margin-top: 0px !important;margin-bottom: 0px !important;border-top-width: 0px !important;border-bottom-width: 0px !important;padding-top: 0px !important;padding-bottom: 0px !important;}\u00a0\u00bb][vc_empty_space height=\u00a0\u00bb25px\u00a0\u00bb][vc_row_inner content_placement=\u00a0\u00bbtop\u00a0\u00bb css=\u00a0\u00bb.vc_custom_1720113458685{background-position: center !important;background-repeat: no-repeat !important;background-size: cover !important;}\u00a0\u00bb][vc_column_inner width=\u00a0\u00bb1\/2&Prime;][vc_single_image image=\u00a0\u00bb302181&Prime; img_size=\u00a0\u00bbfull\u00a0\u00bb onclick=\u00a0\u00bbcustom_link\u00a0\u00bb css=\u00a0\u00bb\u00a0\u00bb link=\u00a0\u00bbhttps:\/\/woodrise2025.com\/fr\/\u00a0\u00bb][\/vc_column_inner][vc_column_inner width=\u00a0\u00bb1\/2&Prime;][vc_column_text css=\u00a0\u00bb\u00a0\u00bb]<\/p>\n<div class=\"styled-subtitle\"><span style=\"color: #333333;\"><strong><span style=\"color: #008080;\"><span style=\"color: #333333;\">Construire intelligemment en bois :\u00a0<\/span><\/span><br \/>\n<span style=\"color: #33cccc;\">des solutions durables pour des communaut\u00e9s et des logements r\u00e9silients<\/span><\/strong><\/span><\/div>\n<div><\/div>\n<div class=\"styled-subtitle\"><span style=\"color: #333333;\"><span style=\"color: #333333;\"><span style=\"color: #5f727f;\">Du 22 au 25 septembre 2025, joignez-vous \u00e0 Woodrise 2025, l\u2019\u00e9v\u00e9nement de premier plan qui r\u00e9unit architectes, ing\u00e9nieurs et pionniers de l\u2019industrie pour relever les d\u00e9fis les plus pressants de la construction urbaine dans le monde. De la crise mondiale du logement \u00e0 l\u2019\u00e9volution de villes r\u00e9silientes et \u00e0 faible teneur en carbone, le th\u00e8me de cette ann\u00e9e met en \u00e9vidence le pouvoir du bois comme solution durable pour relever les d\u00e9fis auxquels nous sommes confront\u00e9s.<\/span><br \/>\n<\/span><\/span><\/div>\n<p>[\/vc_column_text][vc_empty_space height=\u00a0\u00bb25px\u00a0\u00bb][vc_btn title=\u00a0\u00bbPour plus d\u2019information\u00a0\u00bb color=\u00a0\u00bbprimary\u00a0\u00bb align=\u00a0\u00bbcenter\u00a0\u00bb i_icon_fontawesome=\u00a0\u00bbfas fa-globe\u00a0\u00bb css_animation=\u00a0\u00bbfadeInUp\u00a0\u00bb css=\u00a0\u00bb\u00a0\u00bb add_icon=\u00a0\u00bbtrue\u00a0\u00bb link=\u00a0\u00bburl:https%3A%2F%2Fwoodrise2025.com%2Ffr%2F\u00a0\u00bb][vc_column_text css=\u00a0\u00bb.vc_custom_1739824186402{padding-right: 40px !important;padding-left: 0px !important;}\u00a0\u00bb]<\/p>\n<h4><span style=\"color: #0dacd4;\">Lieu de l&rsquo;\u00e9v\u00e9nement<\/span><\/h4>\n<p><span style=\"color: #ffcc00;\"><span style=\"color: #333333;\">22 au 25 septembre 2025 | Vancouver<br \/>\n<\/span><\/span>Centre des congr\u00e8s de Vancouver, 1055 Canada Pl, Vancouver (C.-B.) V6C 0C3[\/vc_column_text][vc_gmaps link=\u00a0\u00bb#E-8_JTNDaWZyYW1lJTIwc3JjJTNEJTIyaHR0cHMlM0ElMkYlMkZ3d3cuZ29vZ2xlLmNvbSUyRm1hcHMlMkZlbWJlZCUzRnBiJTNEJTIxMW0xNCUyMTFtOCUyMTFtMyUyMTFkMjA4MTguNTA0MjY5OTQ1NTE1JTIxMmQtMTIzLjExNjc2MiUyMTNkNDkuMjg5NDEzMDAwMDAwMDElMjEzbTIlMjExaTEwMjQlMjEyaTc2OCUyMTRmMTMuMSUyMTNtMyUyMTFtMiUyMTFzMHg1NDg2NzE4MzZhNmU1Nzg3JTI1M0EweGQzYzVmN2JjNWQ3Mjc2OGQlMjEyc1ZhbmNvdXZlciUyNTIwQ29udmVudGlvbiUyNTIwQ2VudHJlJTIxNWUwJTIxM20yJTIxMXNlbiUyMTJzdXMlMjE0djE3Mzk0ODkyNDU5NDAlMjE1bTIlMjExc2VuJTIxMnN1cyUyMiUyMHdpZHRoJTNEJTIyNjAwJTIyJTIwaGVpZ2h0JTNEJTIyNDUwJTIyJTIwc3R5bGUlM0QlMjJib3JkZXIlM0EwJTNCJTIyJTIwYWxsb3dmdWxsc2NyZWVuJTNEJTIyJTIyJTIwbG9hZGluZyUzRCUyMmxhenklMjIlMjByZWZlcnJlcnBvbGljeSUzRCUyMm5vLXJlZmVycmVyLXdoZW4tZG93bmdyYWRlJTIyJTNFJTNDJTJGaWZyYW1lJTNF\u00a0\u00bb size=\u00a0\u00bb300&Prime; css=\u00a0\u00bb\u00a0\u00bb][\/vc_column_inner][\/vc_row_inner][vc_empty_space height=\u00a0\u00bb25px\u00a0\u00bb][\/vc_column][\/vc_row][\/vc_section]<\/p>\n<\/div>","protected":false},"excerpt":{"rendered":"<p>[vc_section][vc_row full_width=\u00a0\u00bbstretch_row_content_no_spaces\u00a0\u00bb full_height=\u00a0\u00bbyes\u00a0\u00bb equal_height=\u00a0\u00bbyes\u00a0\u00bb el_disable_desktop=\u00a0\u00bb1&Prime; el_disable_tablet=\u00a0\u00bb1&Prime; el_disable_mobile=\u00a0\u00bb1&Prime; css=\u00a0\u00bb.vc_custom_1759861529960{margin-top: 0px !important;margin-bottom: 0px !important;border-top-width: 0px !important;border-bottom-width: 0px !important;padding-top: 0px !important;padding-bottom: 0px !important;background-position: center !important;background-repeat: no-repeat !important;background-size: contain !important;}\u00a0\u00bb][vc_column css=\u00a0\u00bb.vc_custom_1705349732565{margin-top: 0px !important;margin-bottom: 0px !important;border-top-width: 0px !important;border-bottom-width: 0px !important;padding-top:&#8230;<\/p>\n","protected":false},"author":23,"featured_media":0,"parent":0,"menu_order":0,"comment_status":"closed","ping_status":"closed","template":"","meta":{"_acf_changed":false,"footnotes":""},"class_list":["post-300507","page","type-page","status-publish"],"acf":[],"yoast_head":"<!-- This site is optimized with the Yoast SEO plugin v27.4 - https:\/\/yoast.com\/product\/yoast-seo-wordpress\/ -->\n<title>\u00c9v\u00e8nements \u00e0 venir - FPInnovations<\/title>\n<meta name=\"description\" content=\"Renseignez-vous sur les cours, les colloque, les s\u00e9minaires Web et d&#039;autres \u00e9v\u00e9nements \u00e0 venir\" \/>\n<meta name=\"robots\" content=\"index, follow, max-snippet:-1, max-image-preview:large, max-video-preview:-1\" \/>\n<link rel=\"canonical\" href=\"https:\/\/web.fpinnovations.ca\/fr\/evenements-a-venir\/\" \/>\n<meta property=\"og:locale\" content=\"fr_FR\" \/>\n<meta property=\"og:type\" content=\"article\" \/>\n<meta property=\"og:title\" content=\"\u00c9v\u00e8nements \u00e0 venir - FPInnovations\" \/>\n<meta property=\"og:description\" content=\"Renseignez-vous sur les cours, les colloque, les s\u00e9minaires Web et d&#039;autres \u00e9v\u00e9nements \u00e0 venir\" \/>\n<meta property=\"og:url\" content=\"https:\/\/web.fpinnovations.ca\/fr\/evenements-a-venir\/\" \/>\n<meta property=\"og:site_name\" content=\"FPInnovations\" \/>\n<meta property=\"article:modified_time\" content=\"2025-10-07T18:25:32+00:00\" \/>\n<meta name=\"twitter:card\" content=\"summary_large_image\" \/>\n<meta name=\"twitter:label1\" content=\"Dur\u00e9e de lecture estim\u00e9e\" \/>\n\t<meta name=\"twitter:data1\" content=\"2 minutes\" \/>\n<script type=\"application\/ld+json\" class=\"yoast-schema-graph\">{\"@context\":\"https:\\\/\\\/schema.org\",\"@graph\":[{\"@type\":\"WebPage\",\"@id\":\"https:\\\/\\\/web.fpinnovations.ca\\\/fr\\\/evenements-a-venir\\\/\",\"url\":\"https:\\\/\\\/web.fpinnovations.ca\\\/fr\\\/evenements-a-venir\\\/\",\"name\":\"\u00c9v\u00e8nements \u00e0 venir - FPInnovations\",\"isPartOf\":{\"@id\":\"https:\\\/\\\/web.fpinnovations.ca\\\/fr\\\/#website\"},\"datePublished\":\"2024-07-25T19:13:17+00:00\",\"dateModified\":\"2025-10-07T18:25:32+00:00\",\"description\":\"Renseignez-vous sur les cours, les colloque, les s\u00e9minaires Web et d'autres \u00e9v\u00e9nements \u00e0 venir\",\"breadcrumb\":{\"@id\":\"https:\\\/\\\/web.fpinnovations.ca\\\/fr\\\/evenements-a-venir\\\/#breadcrumb\"},\"inLanguage\":\"fr-FR\",\"potentialAction\":[{\"@type\":\"ReadAction\",\"target\":[\"https:\\\/\\\/web.fpinnovations.ca\\\/fr\\\/evenements-a-venir\\\/\"]}]},{\"@type\":\"BreadcrumbList\",\"@id\":\"https:\\\/\\\/web.fpinnovations.ca\\\/fr\\\/evenements-a-venir\\\/#breadcrumb\",\"itemListElement\":[{\"@type\":\"ListItem\",\"position\":1,\"name\":\"Home\",\"item\":\"https:\\\/\\\/web.fpinnovations.ca\\\/fr\\\/\"},{\"@type\":\"ListItem\",\"position\":2,\"name\":\"\u00c9v\u00e8nements \u00e0 venir\"}]},{\"@type\":\"WebSite\",\"@id\":\"https:\\\/\\\/web.fpinnovations.ca\\\/fr\\\/#website\",\"url\":\"https:\\\/\\\/web.fpinnovations.ca\\\/fr\\\/\",\"name\":\"FPInnovations\",\"description\":\"\",\"potentialAction\":[{\"@type\":\"SearchAction\",\"target\":{\"@type\":\"EntryPoint\",\"urlTemplate\":\"https:\\\/\\\/web.fpinnovations.ca\\\/fr\\\/?s={search_term_string}\"},\"query-input\":{\"@type\":\"PropertyValueSpecification\",\"valueRequired\":true,\"valueName\":\"search_term_string\"}}],\"inLanguage\":\"fr-FR\"}]}<\/script>\n<!-- \/ Yoast SEO plugin. -->","yoast_head_json":{"title":"\u00c9v\u00e8nements \u00e0 venir - FPInnovations","description":"Renseignez-vous sur les cours, les colloque, les s\u00e9minaires Web et d'autres \u00e9v\u00e9nements \u00e0 venir","robots":{"index":"index","follow":"follow","max-snippet":"max-snippet:-1","max-image-preview":"max-image-preview:large","max-video-preview":"max-video-preview:-1"},"canonical":"https:\/\/web.fpinnovations.ca\/fr\/evenements-a-venir\/","og_locale":"fr_FR","og_type":"article","og_title":"\u00c9v\u00e8nements \u00e0 venir - FPInnovations","og_description":"Renseignez-vous sur les cours, les colloque, les s\u00e9minaires Web et d'autres \u00e9v\u00e9nements \u00e0 venir","og_url":"https:\/\/web.fpinnovations.ca\/fr\/evenements-a-venir\/","og_site_name":"FPInnovations","article_modified_time":"2025-10-07T18:25:32+00:00","twitter_card":"summary_large_image","twitter_misc":{"Dur\u00e9e de lecture estim\u00e9e":"2 minutes"},"schema":{"@context":"https:\/\/schema.org","@graph":[{"@type":"WebPage","@id":"https:\/\/web.fpinnovations.ca\/fr\/evenements-a-venir\/","url":"https:\/\/web.fpinnovations.ca\/fr\/evenements-a-venir\/","name":"\u00c9v\u00e8nements \u00e0 venir - FPInnovations","isPartOf":{"@id":"https:\/\/web.fpinnovations.ca\/fr\/#website"},"datePublished":"2024-07-25T19:13:17+00:00","dateModified":"2025-10-07T18:25:32+00:00","description":"Renseignez-vous sur les cours, les colloque, les s\u00e9minaires Web et d'autres \u00e9v\u00e9nements \u00e0 venir","breadcrumb":{"@id":"https:\/\/web.fpinnovations.ca\/fr\/evenements-a-venir\/#breadcrumb"},"inLanguage":"fr-FR","potentialAction":[{"@type":"ReadAction","target":["https:\/\/web.fpinnovations.ca\/fr\/evenements-a-venir\/"]}]},{"@type":"BreadcrumbList","@id":"https:\/\/web.fpinnovations.ca\/fr\/evenements-a-venir\/#breadcrumb","itemListElement":[{"@type":"ListItem","position":1,"name":"Home","item":"https:\/\/web.fpinnovations.ca\/fr\/"},{"@type":"ListItem","position":2,"name":"\u00c9v\u00e8nements \u00e0 venir"}]},{"@type":"WebSite","@id":"https:\/\/web.fpinnovations.ca\/fr\/#website","url":"https:\/\/web.fpinnovations.ca\/fr\/","name":"FPInnovations","description":"","potentialAction":[{"@type":"SearchAction","target":{"@type":"EntryPoint","urlTemplate":"https:\/\/web.fpinnovations.ca\/fr\/?s={search_term_string}"},"query-input":{"@type":"PropertyValueSpecification","valueRequired":true,"valueName":"search_term_string"}}],"inLanguage":"fr-FR"}]}},"_links":{"self":[{"href":"https:\/\/web.fpinnovations.ca\/fr\/wp-json\/wp\/v2\/pages\/300507","targetHints":{"allow":["GET"]}}],"collection":[{"href":"https:\/\/web.fpinnovations.ca\/fr\/wp-json\/wp\/v2\/pages"}],"about":[{"href":"https:\/\/web.fpinnovations.ca\/fr\/wp-json\/wp\/v2\/types\/page"}],"author":[{"embeddable":true,"href":"https:\/\/web.fpinnovations.ca\/fr\/wp-json\/wp\/v2\/users\/23"}],"replies":[{"embeddable":true,"href":"https:\/\/web.fpinnovations.ca\/fr\/wp-json\/wp\/v2\/comments?post=300507"}],"version-history":[{"count":5,"href":"https:\/\/web.fpinnovations.ca\/fr\/wp-json\/wp\/v2\/pages\/300507\/revisions"}],"predecessor-version":[{"id":303810,"href":"https:\/\/web.fpinnovations.ca\/fr\/wp-json\/wp\/v2\/pages\/300507\/revisions\/303810"}],"wp:attachment":[{"href":"https:\/\/web.fpinnovations.ca\/fr\/wp-json\/wp\/v2\/media?parent=300507"}],"curies":[{"name":"wp","href":"https:\/\/api.w.org\/{rel}","templated":true}]}}