{"id":299578,"date":"2024-05-27T14:19:55","date_gmt":"2024-05-27T18:19:55","guid":{"rendered":"https:\/\/web.fpinnovations.ca\/?page_id=299578"},"modified":"2024-05-29T14:00:46","modified_gmt":"2024-05-29T18:00:46","slug":"produits-chimiques-et-materiaux-biosources-de-specialite","status":"publish","type":"page","link":"https:\/\/web.fpinnovations.ca\/fr\/produits-chimiques-et-materiaux-biosources-de-specialite\/","title":{"rendered":"Produits chimiques et mat\u00e9riaux biosourc\u00e9s de sp\u00e9cialit\u00e9"},"content":{"rendered":"<div class=\"wpb-content-wrapper\"><p>[vc_row][vc_column][vc_custom_heading text=\u00a0\u00bbD\u00e9fis\u00a0\u00bb use_theme_fonts=\u00a0\u00bbyes\u00a0\u00bb css=\u00a0\u00bb\u00a0\u00bb][vc_custom_heading text=\u00a0\u00bbQuels sont les probl\u00e8mes de l\u2019industrie dans ce domaine?\u00a0\u00bb font_container=\u00a0\u00bbtag:div|font_size:28px|text_align:left\u00a0\u00bb use_theme_fonts=\u00a0\u00bbyes\u00a0\u00bb css=\u00a0\u00bb\u00a0\u00bb]<div class=\"clearboth\"><\/div><style>#thegem-divider-69e377d874a5e {margin-top: 50px !important;}<\/style><div id=\"thegem-divider-69e377d874a5e\" class=\"gem-divider  \" style=\"\" ><\/div>[vc_row_inner][vc_column_inner]<div class=\"gem-textbox \"  ><div class=\"gem-textbox-inner\" style=\"border-top-right-radius: 55px;border-bottom-right-radius: 55px;border-bottom-left-radius: 55px;\"><div class=\"gem-textbox-content\" style=\"background-color: #f4f6f7;background-position: center top;padding-left: 40px;\"><div class=\"gem-icon-with-text gem-icon-with-text-icon-size-small\" ><div style=\"margin-bottom:0px;margin-top:0px; \" class=\"gem-icon-with-text-icon\"><div class=\"gem-icon gem-icon-pack-elegant gem-icon-size-small  gem-icon-shape-circle \"  style=\"border-color: #56b146;opacity: 1;\"><div class=\"gem-icon-inner\" style=\"background-color: #56b146;\"><span class=\"gem-icon-half-1\" style=\"color: #ffffff;\"><span class=\"back-angle\">&#xe101;<\/span><\/span><span class=\"gem-icon-half-2\" style=\"color: #ffffff;\"><span class=\"back-angle\">&#xe101;<\/span><\/span><\/div><\/div><\/div><div class=\"gem-icon-with-text-content\" ><div class=\"gem-icon-with-text-text\">[vc_custom_heading text=\u00a0\u00bbCompr\u00e9hension du march\u00e9 des produits non traditionnels \u00e0 usage unique ax\u00e9s sur les applications et la performance\u00a0\u00bb font_container=\u00a0\u00bbtag:div|font_size:21px|text_align:left\u00a0\u00bb use_theme_fonts=\u00a0\u00bbyes\u00a0\u00bb css=\u00a0\u00bb.vc_custom_1716405797014{padding-top: 0px !important;padding-left: 15px !important;}\u00a0\u00bb]<\/div><\/div><div class=\"clearboth\"><\/div><\/div><div class=\"gem-icon-with-text gem-icon-with-text-icon-size-small\" ><div style=\"margin-bottom:0px;margin-top:0px; \" class=\"gem-icon-with-text-icon\"><div class=\"gem-icon gem-icon-pack-thegemdemo gem-icon-size-small  gem-icon-shape-circle \"  style=\"border-color: #56b146;opacity: 1;\"><div class=\"gem-icon-inner\" style=\"background-color: #56b146;\"><span class=\"gem-icon-half-1\" style=\"color: #ffffff;\"><span class=\"back-angle\">&#xe92d;<\/span><\/span><span class=\"gem-icon-half-2\" style=\"color: #ffffff;\"><span class=\"back-angle\">&#xe92d;<\/span><\/span><\/div><\/div><\/div><div class=\"gem-icon-with-text-content\" ><div class=\"gem-icon-with-text-text\">[vc_custom_heading text=\u00a0\u00bbIdentification des applications pour attirer les partenaires de la cha\u00eene d&rsquo;approvisionnement afin d&rsquo;acc\u00e9l\u00e9rer le d\u00e9veloppement \u00a0\u00bb font_container=\u00a0\u00bbtag:div|font_size:21px|text_align:left\u00a0\u00bb use_theme_fonts=\u00a0\u00bbyes\u00a0\u00bb css=\u00a0\u00bb.vc_custom_1716405733071{padding-top: 0px !important;padding-left: 15px !important;}\u00a0\u00bb]<\/div><\/div><div class=\"clearboth\"><\/div><\/div><\/div><\/div><\/div>[\/vc_column_inner][\/vc_row_inner][\/vc_column][\/vc_row][vc_row][vc_column]<div class=\"clearboth\"><\/div><style>#thegem-divider-69e377d874dca {margin-top: 25px !important;}<\/style><div id=\"thegem-divider-69e377d874dca\" class=\"gem-divider  \" style=\"\" ><\/div>[vc_custom_heading text=\u00a0\u00bbActions\u00a0\u00bb use_theme_fonts=\u00a0\u00bbyes\u00a0\u00bb][vc_custom_heading text=\u00a0\u00bbQue fait FPInnovations pour relever ces d\u00e9fis?\u00a0\u00bb font_container=\u00a0\u00bbtag:div|font_size:28px|text_align:left\u00a0\u00bb use_theme_fonts=\u00a0\u00bbyes\u00a0\u00bb css=\u00a0\u00bb\u00a0\u00bb]<div class=\"clearboth\"><\/div><style>#thegem-divider-69e377d874e17 {margin-top: 50px !important;}<\/style><div id=\"thegem-divider-69e377d874e17\" class=\"gem-divider  \" style=\"\" ><\/div>[vc_row_inner][vc_column_inner]<div class=\"gem-textbox \"  ><div class=\"gem-textbox-inner\" style=\"border-top-right-radius: 55px;border-bottom-right-radius: 55px;border-bottom-left-radius: 55px;\"><div class=\"gem-textbox-content\" style=\"background-color: #f4f6f7;background-position: center top;padding-left: 40px;\"><div class=\"gem-icon-with-text gem-icon-with-text-icon-size-small\" ><div style=\"margin-bottom:0px;margin-top:0px; \" class=\"gem-icon-with-text-icon\"><div class=\"gem-icon gem-icon-pack-material gem-icon-size-small  gem-icon-shape-circle \"  style=\"border-color: #56b146;opacity: 1;\"><div class=\"gem-icon-inner\" style=\"background-color: #56b146;\"><span class=\"gem-icon-half-1\" style=\"color: #ffffff;\"><span class=\"back-angle\">&#xf1ff;<\/span><\/span><span class=\"gem-icon-half-2\" style=\"color: #ffffff;\"><span class=\"back-angle\">&#xf1ff;<\/span><\/span><\/div><\/div><\/div><div class=\"gem-icon-with-text-content\" ><div class=\"gem-icon-with-text-text\">[vc_custom_heading text=\u00a0\u00bb\u00c9valuer rapidement le paysage concurrentiel (y compris la propri\u00e9t\u00e9 intellectuelle), les march\u00e9s, l&rsquo;\u00e9conomie et l&rsquo;impact environnemental\u00a0\u00bb font_container=\u00a0\u00bbtag:div|font_size:21px|text_align:left\u00a0\u00bb use_theme_fonts=\u00a0\u00bbyes\u00a0\u00bb css=\u00a0\u00bb.vc_custom_1716405901960{padding-top: 12px !important;padding-left: 15px !important;}\u00a0\u00bb]<\/div><\/div><div class=\"clearboth\"><\/div><\/div><div class=\"gem-icon-with-text gem-icon-with-text-icon-size-small\" ><div style=\"margin-bottom:0px;margin-top:0px; \" class=\"gem-icon-with-text-icon\"><div class=\"gem-icon gem-icon-pack-material gem-icon-size-small  gem-icon-shape-circle \"  style=\"border-color: #56b146;opacity: 1;\"><div class=\"gem-icon-inner\" style=\"background-color: #56b146;\"><span class=\"gem-icon-half-1\" style=\"color: #ffffff;\"><span class=\"back-angle\">&#xf3ce;<\/span><\/span><span class=\"gem-icon-half-2\" style=\"color: #ffffff;\"><span class=\"back-angle\">&#xf3ce;<\/span><\/span><\/div><\/div><\/div><div class=\"gem-icon-with-text-content\" ><div class=\"gem-icon-with-text-text\">[vc_custom_heading text=\u00a0\u00bbAttirer des partenaires de la cha\u00eene d&rsquo;approvisionnement, y compris des propri\u00e9taires de marches, pour d\u00e9velopper des applications\u00a0\u00bb font_container=\u00a0\u00bbtag:div|font_size:21px|text_align:left\u00a0\u00bb use_theme_fonts=\u00a0\u00bbyes\u00a0\u00bb css=\u00a0\u00bb.vc_custom_1716405947169{padding-top: 0px !important;padding-left: 15px !important;}\u00a0\u00bb]<\/div><\/div><div class=\"clearboth\"><\/div><\/div><\/div><\/div><\/div><div class=\"clearboth\"><\/div><div id=\"thegem-divider-69e377d8750c2\" class=\"gem-divider  \" style=\"\" ><\/div>[\/vc_column_inner][\/vc_row_inner][\/vc_column][\/vc_row]<\/p>\n<\/div>","protected":false},"excerpt":{"rendered":"<p>[vc_row][vc_column][vc_custom_heading text=\u00a0\u00bbD\u00e9fis\u00a0\u00bb use_theme_fonts=\u00a0\u00bbyes\u00a0\u00bb css=\u00a0\u00bb\u00a0\u00bb][vc_custom_heading text=\u00a0\u00bbQuels sont les probl\u00e8mes de l\u2019industrie dans ce domaine?\u00a0\u00bb font_container=\u00a0\u00bbtag:div|font_size:28px|text_align:left\u00a0\u00bb use_theme_fonts=\u00a0\u00bbyes\u00a0\u00bb css=\u00a0\u00bb\u00a0\u00bb][vc_row_inner][vc_column_inner][\/vc_column_inner][\/vc_row_inner][\/vc_column][\/vc_row][vc_row][vc_column][vc_custom_heading text=\u00a0\u00bbActions\u00a0\u00bb use_theme_fonts=\u00a0\u00bbyes\u00a0\u00bb][vc_custom_heading text=\u00a0\u00bbQue fait FPInnovations pour relever ces d\u00e9fis?\u00a0\u00bb font_container=\u00a0\u00bbtag:div|font_size:28px|text_align:left\u00a0\u00bb use_theme_fonts=\u00a0\u00bbyes\u00a0\u00bb css=\u00a0\u00bb\u00a0\u00bb][vc_row_inner][vc_column_inner][\/vc_column_inner][\/vc_row_inner][\/vc_column][\/vc_row]<\/p>\n","protected":false},"author":24,"featured_media":0,"parent":0,"menu_order":0,"comment_status":"closed","ping_status":"closed","template":"","meta":{"_acf_changed":false,"footnotes":""},"class_list":["post-299578","page","type-page","status-publish"],"acf":[],"yoast_head":"<!-- This site is optimized with the Yoast SEO plugin v27.4 - https:\/\/yoast.com\/product\/yoast-seo-wordpress\/ -->\n<title>Produits chimiques et mat\u00e9riaux biosourc\u00e9s de sp\u00e9cialit\u00e9 - FPInnovations<\/title>\n<meta name=\"robots\" content=\"index, follow, max-snippet:-1, max-image-preview:large, max-video-preview:-1\" \/>\n<link rel=\"canonical\" href=\"https:\/\/web.fpinnovations.ca\/fr\/produits-chimiques-et-materiaux-biosources-de-specialite\/\" \/>\n<meta property=\"og:locale\" content=\"fr_FR\" \/>\n<meta property=\"og:type\" content=\"article\" \/>\n<meta property=\"og:title\" content=\"Produits chimiques et mat\u00e9riaux biosourc\u00e9s de sp\u00e9cialit\u00e9 - FPInnovations\" \/>\n<meta property=\"og:description\" content=\"[vc_row][vc_column][vc_custom_heading text=\u00a0\u00bbD\u00e9fis\u00a0\u00bb use_theme_fonts=\u00a0\u00bbyes\u00a0\u00bb css=\u00a0\u00bb\u00a0\u00bb][vc_custom_heading text=\u00a0\u00bbQuels sont les probl\u00e8mes de l\u2019industrie dans ce domaine?\u00a0\u00bb font_container=\u00a0\u00bbtag:div|font_size:28px|text_align:left\u00a0\u00bb use_theme_fonts=\u00a0\u00bbyes\u00a0\u00bb css=\u00a0\u00bb\u00a0\u00bb][vc_row_inner][vc_column_inner][\/vc_column_inner][\/vc_row_inner][\/vc_column][\/vc_row][vc_row][vc_column][vc_custom_heading text=\u00a0\u00bbActions\u00a0\u00bb use_theme_fonts=\u00a0\u00bbyes\u00a0\u00bb][vc_custom_heading text=\u00a0\u00bbQue fait FPInnovations pour relever ces d\u00e9fis?\u00a0\u00bb font_container=\u00a0\u00bbtag:div|font_size:28px|text_align:left\u00a0\u00bb use_theme_fonts=\u00a0\u00bbyes\u00a0\u00bb css=\u00a0\u00bb\u00a0\u00bb][vc_row_inner][vc_column_inner][\/vc_column_inner][\/vc_row_inner][\/vc_column][\/vc_row]\" \/>\n<meta property=\"og:url\" content=\"https:\/\/web.fpinnovations.ca\/fr\/produits-chimiques-et-materiaux-biosources-de-specialite\/\" \/>\n<meta property=\"og:site_name\" content=\"FPInnovations\" \/>\n<meta property=\"article:modified_time\" content=\"2024-05-29T18:00:46+00:00\" \/>\n<meta name=\"twitter:card\" content=\"summary_large_image\" \/>\n<meta name=\"twitter:label1\" content=\"Dur\u00e9e de lecture estim\u00e9e\" \/>\n\t<meta name=\"twitter:data1\" content=\"1 minute\" \/>\n<script type=\"application\/ld+json\" class=\"yoast-schema-graph\">{\"@context\":\"https:\\\/\\\/schema.org\",\"@graph\":[{\"@type\":\"WebPage\",\"@id\":\"https:\\\/\\\/web.fpinnovations.ca\\\/fr\\\/produits-chimiques-et-materiaux-biosources-de-specialite\\\/\",\"url\":\"https:\\\/\\\/web.fpinnovations.ca\\\/fr\\\/produits-chimiques-et-materiaux-biosources-de-specialite\\\/\",\"name\":\"Produits chimiques et mat\u00e9riaux biosourc\u00e9s de sp\u00e9cialit\u00e9 - FPInnovations\",\"isPartOf\":{\"@id\":\"https:\\\/\\\/web.fpinnovations.ca\\\/fr\\\/#website\"},\"datePublished\":\"2024-05-27T18:19:55+00:00\",\"dateModified\":\"2024-05-29T18:00:46+00:00\",\"breadcrumb\":{\"@id\":\"https:\\\/\\\/web.fpinnovations.ca\\\/fr\\\/produits-chimiques-et-materiaux-biosources-de-specialite\\\/#breadcrumb\"},\"inLanguage\":\"fr-FR\",\"potentialAction\":[{\"@type\":\"ReadAction\",\"target\":[\"https:\\\/\\\/web.fpinnovations.ca\\\/fr\\\/produits-chimiques-et-materiaux-biosources-de-specialite\\\/\"]}]},{\"@type\":\"BreadcrumbList\",\"@id\":\"https:\\\/\\\/web.fpinnovations.ca\\\/fr\\\/produits-chimiques-et-materiaux-biosources-de-specialite\\\/#breadcrumb\",\"itemListElement\":[{\"@type\":\"ListItem\",\"position\":1,\"name\":\"Home\",\"item\":\"https:\\\/\\\/web.fpinnovations.ca\\\/fr\\\/\"},{\"@type\":\"ListItem\",\"position\":2,\"name\":\"Produits chimiques et mat\u00e9riaux biosourc\u00e9s de sp\u00e9cialit\u00e9\"}]},{\"@type\":\"WebSite\",\"@id\":\"https:\\\/\\\/web.fpinnovations.ca\\\/fr\\\/#website\",\"url\":\"https:\\\/\\\/web.fpinnovations.ca\\\/fr\\\/\",\"name\":\"FPInnovations\",\"description\":\"\",\"potentialAction\":[{\"@type\":\"SearchAction\",\"target\":{\"@type\":\"EntryPoint\",\"urlTemplate\":\"https:\\\/\\\/web.fpinnovations.ca\\\/fr\\\/?s={search_term_string}\"},\"query-input\":{\"@type\":\"PropertyValueSpecification\",\"valueRequired\":true,\"valueName\":\"search_term_string\"}}],\"inLanguage\":\"fr-FR\"}]}<\/script>\n<!-- \/ Yoast SEO plugin. -->","yoast_head_json":{"title":"Produits chimiques et mat\u00e9riaux biosourc\u00e9s de sp\u00e9cialit\u00e9 - FPInnovations","robots":{"index":"index","follow":"follow","max-snippet":"max-snippet:-1","max-image-preview":"max-image-preview:large","max-video-preview":"max-video-preview:-1"},"canonical":"https:\/\/web.fpinnovations.ca\/fr\/produits-chimiques-et-materiaux-biosources-de-specialite\/","og_locale":"fr_FR","og_type":"article","og_title":"Produits chimiques et mat\u00e9riaux biosourc\u00e9s de sp\u00e9cialit\u00e9 - FPInnovations","og_description":"[vc_row][vc_column][vc_custom_heading text=\u00a0\u00bbD\u00e9fis\u00a0\u00bb use_theme_fonts=\u00a0\u00bbyes\u00a0\u00bb css=\u00a0\u00bb\u00a0\u00bb][vc_custom_heading text=\u00a0\u00bbQuels sont les probl\u00e8mes de l\u2019industrie dans ce domaine?\u00a0\u00bb font_container=\u00a0\u00bbtag:div|font_size:28px|text_align:left\u00a0\u00bb use_theme_fonts=\u00a0\u00bbyes\u00a0\u00bb css=\u00a0\u00bb\u00a0\u00bb][vc_row_inner][vc_column_inner][\/vc_column_inner][\/vc_row_inner][\/vc_column][\/vc_row][vc_row][vc_column][vc_custom_heading text=\u00a0\u00bbActions\u00a0\u00bb use_theme_fonts=\u00a0\u00bbyes\u00a0\u00bb][vc_custom_heading text=\u00a0\u00bbQue fait FPInnovations pour relever ces d\u00e9fis?\u00a0\u00bb font_container=\u00a0\u00bbtag:div|font_size:28px|text_align:left\u00a0\u00bb use_theme_fonts=\u00a0\u00bbyes\u00a0\u00bb css=\u00a0\u00bb\u00a0\u00bb][vc_row_inner][vc_column_inner][\/vc_column_inner][\/vc_row_inner][\/vc_column][\/vc_row]","og_url":"https:\/\/web.fpinnovations.ca\/fr\/produits-chimiques-et-materiaux-biosources-de-specialite\/","og_site_name":"FPInnovations","article_modified_time":"2024-05-29T18:00:46+00:00","twitter_card":"summary_large_image","twitter_misc":{"Dur\u00e9e de lecture estim\u00e9e":"1 minute"},"schema":{"@context":"https:\/\/schema.org","@graph":[{"@type":"WebPage","@id":"https:\/\/web.fpinnovations.ca\/fr\/produits-chimiques-et-materiaux-biosources-de-specialite\/","url":"https:\/\/web.fpinnovations.ca\/fr\/produits-chimiques-et-materiaux-biosources-de-specialite\/","name":"Produits chimiques et mat\u00e9riaux biosourc\u00e9s de sp\u00e9cialit\u00e9 - FPInnovations","isPartOf":{"@id":"https:\/\/web.fpinnovations.ca\/fr\/#website"},"datePublished":"2024-05-27T18:19:55+00:00","dateModified":"2024-05-29T18:00:46+00:00","breadcrumb":{"@id":"https:\/\/web.fpinnovations.ca\/fr\/produits-chimiques-et-materiaux-biosources-de-specialite\/#breadcrumb"},"inLanguage":"fr-FR","potentialAction":[{"@type":"ReadAction","target":["https:\/\/web.fpinnovations.ca\/fr\/produits-chimiques-et-materiaux-biosources-de-specialite\/"]}]},{"@type":"BreadcrumbList","@id":"https:\/\/web.fpinnovations.ca\/fr\/produits-chimiques-et-materiaux-biosources-de-specialite\/#breadcrumb","itemListElement":[{"@type":"ListItem","position":1,"name":"Home","item":"https:\/\/web.fpinnovations.ca\/fr\/"},{"@type":"ListItem","position":2,"name":"Produits chimiques et mat\u00e9riaux biosourc\u00e9s de sp\u00e9cialit\u00e9"}]},{"@type":"WebSite","@id":"https:\/\/web.fpinnovations.ca\/fr\/#website","url":"https:\/\/web.fpinnovations.ca\/fr\/","name":"FPInnovations","description":"","potentialAction":[{"@type":"SearchAction","target":{"@type":"EntryPoint","urlTemplate":"https:\/\/web.fpinnovations.ca\/fr\/?s={search_term_string}"},"query-input":{"@type":"PropertyValueSpecification","valueRequired":true,"valueName":"search_term_string"}}],"inLanguage":"fr-FR"}]}},"_links":{"self":[{"href":"https:\/\/web.fpinnovations.ca\/fr\/wp-json\/wp\/v2\/pages\/299578","targetHints":{"allow":["GET"]}}],"collection":[{"href":"https:\/\/web.fpinnovations.ca\/fr\/wp-json\/wp\/v2\/pages"}],"about":[{"href":"https:\/\/web.fpinnovations.ca\/fr\/wp-json\/wp\/v2\/types\/page"}],"author":[{"embeddable":true,"href":"https:\/\/web.fpinnovations.ca\/fr\/wp-json\/wp\/v2\/users\/24"}],"replies":[{"embeddable":true,"href":"https:\/\/web.fpinnovations.ca\/fr\/wp-json\/wp\/v2\/comments?post=299578"}],"version-history":[{"count":2,"href":"https:\/\/web.fpinnovations.ca\/fr\/wp-json\/wp\/v2\/pages\/299578\/revisions"}],"predecessor-version":[{"id":299643,"href":"https:\/\/web.fpinnovations.ca\/fr\/wp-json\/wp\/v2\/pages\/299578\/revisions\/299643"}],"wp:attachment":[{"href":"https:\/\/web.fpinnovations.ca\/fr\/wp-json\/wp\/v2\/media?parent=299578"}],"curies":[{"name":"wp","href":"https:\/\/api.w.org\/{rel}","templated":true}]}}