{"id":299559,"date":"2024-05-27T14:25:12","date_gmt":"2024-05-27T18:25:12","guid":{"rendered":"https:\/\/web.fpinnovations.ca\/?page_id=299559"},"modified":"2024-05-29T13:58:13","modified_gmt":"2024-05-29T17:58:13","slug":"acceptation-et-croissance-du-marche","status":"publish","type":"page","link":"https:\/\/web.fpinnovations.ca\/fr\/acceptation-et-croissance-du-marche\/","title":{"rendered":"Acceptation et croissance du march\u00e9"},"content":{"rendered":"<div class=\"wpb-content-wrapper\"><p>[vc_row][vc_column][vc_custom_heading text=\u00a0\u00bbD\u00e9fis\u00a0\u00bb use_theme_fonts=\u00a0\u00bbyes\u00a0\u00bb css=\u00a0\u00bb\u00a0\u00bb][vc_custom_heading text=\u00a0\u00bbQuels sont les probl\u00e8mes de l\u2019industrie dans ce domaine?\u00a0\u00bb font_container=\u00a0\u00bbtag:div|font_size:28px|text_align:left\u00a0\u00bb use_theme_fonts=\u00a0\u00bbyes\u00a0\u00bb css=\u00a0\u00bb\u00a0\u00bb]<div class=\"clearboth\"><\/div><style>#thegem-divider-69e01630b0c18 {margin-top: 50px !important;}<\/style><div id=\"thegem-divider-69e01630b0c18\" class=\"gem-divider  \" style=\"\" ><\/div>[vc_row_inner][vc_column_inner]<div class=\"gem-textbox \"  ><div class=\"gem-textbox-inner\" style=\"border-top-right-radius: 55px;border-bottom-right-radius: 55px;border-bottom-left-radius: 55px;\"><div class=\"gem-textbox-content\" style=\"background-color: #f4f6f7;background-position: center top;padding-left: 40px;\"><div class=\"gem-icon-with-text gem-icon-with-text-icon-size-small\" ><div style=\"margin-bottom:0px;margin-top:0px; \" class=\"gem-icon-with-text-icon\"><div class=\"gem-icon gem-icon-pack-thegem-header gem-icon-size-small  gem-icon-shape-circle \"  style=\"border-color: #56b146;opacity: 1;\"><div class=\"gem-icon-inner\" style=\"background-color: #56b146;\"><span class=\"gem-icon-half-1\" style=\"color: #ffffff;\"><span class=\"back-angle\">&#xe624;<\/span><\/span><span class=\"gem-icon-half-2\" style=\"color: #ffffff;\"><span class=\"back-angle\">&#xe624;<\/span><\/span><\/div><\/div><\/div><div class=\"gem-icon-with-text-content\" ><div class=\"gem-icon-with-text-text\">[vc_custom_heading text=\u00a0\u00bbCroissance lente de l&rsquo;utilisation du bois dans la construction\u00a0\u00bb font_container=\u00a0\u00bbtag:div|font_size:21px|text_align:left\u00a0\u00bb use_theme_fonts=\u00a0\u00bbyes\u00a0\u00bb css=\u00a0\u00bb.vc_custom_1716399445869{padding-top: 12px !important;padding-left: 15px !important;}\u00a0\u00bb]<\/div><\/div><div class=\"clearboth\"><\/div><\/div><div class=\"gem-icon-with-text gem-icon-with-text-icon-size-small\" ><div style=\"margin-bottom:0px;margin-top:0px; \" class=\"gem-icon-with-text-icon\"><div class=\"gem-icon gem-icon-pack-fontawesome gem-icon-size-small  gem-icon-shape-circle \"  style=\"border-color: #56b146;opacity: 1;\"><div class=\"gem-icon-inner\" style=\"background-color: #56b146;\"><span class=\"gem-icon-half-1\" style=\"color: #ffffff;\"><span class=\"back-angle\">&#xf00e;<\/span><\/span><span class=\"gem-icon-half-2\" style=\"color: #ffffff;\"><span class=\"back-angle\">&#xf00e;<\/span><\/span><\/div><\/div><\/div><div class=\"gem-icon-with-text-content\" ><div class=\"gem-icon-with-text-text\">[vc_custom_heading text=\u00a0\u00bbUtilisation d&rsquo;essences de bois de qualit\u00e9 int\u00e9rieure dans des applications \u00e0 haute valeur ajout\u00e9e \u00a0\u00bb font_container=\u00a0\u00bbtag:div|font_size:21px|text_align:left\u00a0\u00bb use_theme_fonts=\u00a0\u00bbyes\u00a0\u00bb css=\u00a0\u00bb.vc_custom_1716399476622{padding-top: 12px !important;padding-left: 15px !important;}\u00a0\u00bb]<\/div><\/div><div class=\"clearboth\"><\/div><\/div><div class=\"gem-icon-with-text gem-icon-with-text-icon-size-small\" ><div style=\"margin-bottom:0px;margin-top:0px; \" class=\"gem-icon-with-text-icon\"><div class=\"gem-icon gem-icon-pack-thegem-header gem-icon-size-small  gem-icon-shape-circle \"  style=\"border-color: #56b146;opacity: 1;\"><div class=\"gem-icon-inner\" style=\"background-color: #56b146;\"><span class=\"gem-icon-half-1\" style=\"color: #ffffff;\"><span class=\"back-angle\">&#xe705;<\/span><\/span><span class=\"gem-icon-half-2\" style=\"color: #ffffff;\"><span class=\"back-angle\">&#xe705;<\/span><\/span><\/div><\/div><\/div><div class=\"gem-icon-with-text-content\" ><div class=\"gem-icon-with-text-text\">[vc_custom_heading text=\u00a0\u00bbPerformance et aptitude en service des syst\u00e8mes de construction \u00e0 base de bois par rapport aux mat\u00e9riaux concurrents\u00a0\u00bb font_container=\u00a0\u00bbtag:div|font_size:21px|text_align:left\u00a0\u00bb use_theme_fonts=\u00a0\u00bbyes\u00a0\u00bb css=\u00a0\u00bb.vc_custom_1716399639092{padding-top: 12px !important;padding-left: 15px !important;}\u00a0\u00bb]<\/div><\/div><div class=\"clearboth\"><\/div><\/div><div class=\"gem-icon-with-text gem-icon-with-text-icon-size-small\" ><div style=\"margin-bottom:0px;margin-top:0px; \" class=\"gem-icon-with-text-icon\"><div class=\"gem-icon gem-icon-pack-thegem-header gem-icon-size-small  gem-icon-shape-circle \"  style=\"border-color: #56b146;opacity: 1;\"><div class=\"gem-icon-inner\" style=\"background-color: #56b146;\"><span class=\"gem-icon-half-1\" style=\"color: #ffffff;\"><span class=\"back-angle\">&#xe624;<\/span><\/span><span class=\"gem-icon-half-2\" style=\"color: #ffffff;\"><span class=\"back-angle\">&#xe624;<\/span><\/span><\/div><\/div><\/div><div class=\"gem-icon-with-text-content\" ><div class=\"gem-icon-with-text-text\">[vc_custom_heading text=\u00a0\u00bbAccessibilit\u00e9 et disponibilit\u00e9 des logements\u00a0\u00bb font_container=\u00a0\u00bbtag:div|font_size:21px|text_align:left\u00a0\u00bb use_theme_fonts=\u00a0\u00bbyes\u00a0\u00bb css=\u00a0\u00bb.vc_custom_1716399706499{padding-top: 12px !important;padding-left: 15px !important;}\u00a0\u00bb]<\/div><\/div><div class=\"clearboth\"><\/div><\/div><div class=\"gem-icon-with-text gem-icon-with-text-icon-size-small\" ><div style=\"margin-bottom:0px;margin-top:0px; \" class=\"gem-icon-with-text-icon\"><div class=\"gem-icon gem-icon-pack-fontawesome gem-icon-size-small  gem-icon-shape-circle \"  style=\"border-color: #56b146;opacity: 1;\"><div class=\"gem-icon-inner\" style=\"background-color: #56b146;\"><span class=\"gem-icon-half-1\" style=\"color: #ffffff;\"><span class=\"back-angle\">&#xf155;<\/span><\/span><span class=\"gem-icon-half-2\" style=\"color: #ffffff;\"><span class=\"back-angle\">&#xf155;<\/span><\/span><\/div><\/div><\/div><div class=\"gem-icon-with-text-content\" ><div class=\"gem-icon-with-text-text\">[vc_custom_heading text=\u00a0\u00bbCapacit\u00e9 \u00e0 tirer parti des avantages environnementaux du bois\u00a0\u00bb font_container=\u00a0\u00bbtag:div|font_size:21px|text_align:left\u00a0\u00bb use_theme_fonts=\u00a0\u00bbyes\u00a0\u00bb css=\u00a0\u00bb.vc_custom_1716399729435{padding-top: 12px !important;padding-left: 15px !important;}\u00a0\u00bb]<\/div><\/div><div class=\"clearboth\"><\/div><\/div><div class=\"gem-icon-with-text gem-icon-with-text-icon-size-small\" ><div style=\"margin-bottom:0px;margin-top:0px; \" class=\"gem-icon-with-text-icon\"><div class=\"gem-icon gem-icon-pack-fontawesome gem-icon-size-small  gem-icon-shape-circle \"  style=\"border-color: #56b146;opacity: 1;\"><div class=\"gem-icon-inner\" style=\"background-color: #56b146;\"><span class=\"gem-icon-half-1\" style=\"color: #ffffff;\"><span class=\"back-angle\">&#xf1fe;<\/span><\/span><span class=\"gem-icon-half-2\" style=\"color: #ffffff;\"><span class=\"back-angle\">&#xf1fe;<\/span><\/span><\/div><\/div><\/div><div class=\"gem-icon-with-text-content\" ><div class=\"gem-icon-with-text-text\">[vc_custom_heading text=\u00a0\u00bb\u00c9rosion des segments traditionnels du march\u00e9 du bois d&rsquo;apparence\u00a0\u00bb font_container=\u00a0\u00bbtag:div|font_size:21px|text_align:left\u00a0\u00bb use_theme_fonts=\u00a0\u00bbyes\u00a0\u00bb css=\u00a0\u00bb.vc_custom_1716399754249{padding-top: 12px !important;padding-left: 15px !important;}\u00a0\u00bb]<\/div><\/div><div class=\"clearboth\"><\/div><\/div><\/div><\/div><\/div>[\/vc_column_inner][\/vc_row_inner][\/vc_column][\/vc_row][vc_row][vc_column]<div class=\"clearboth\"><\/div><style>#thegem-divider-69e01630b1100 {margin-top: 25px !important;}<\/style><div id=\"thegem-divider-69e01630b1100\" class=\"gem-divider  \" style=\"\" ><\/div>[vc_custom_heading text=\u00a0\u00bbActions\u00a0\u00bb use_theme_fonts=\u00a0\u00bbyes\u00a0\u00bb][vc_custom_heading text=\u00a0\u00bbQue fait FPInnovations pour relever ces d\u00e9fis?\u00a0\u00bb font_container=\u00a0\u00bbtag:div|font_size:28px|text_align:left\u00a0\u00bb use_theme_fonts=\u00a0\u00bbyes\u00a0\u00bb css=\u00a0\u00bb\u00a0\u00bb]<div class=\"clearboth\"><\/div><style>#thegem-divider-69e01630b112d {margin-top: 50px !important;}<\/style><div id=\"thegem-divider-69e01630b112d\" class=\"gem-divider  \" style=\"\" ><\/div>[vc_row_inner][vc_column_inner]<div class=\"gem-textbox \"  ><div class=\"gem-textbox-inner\" style=\"border-top-right-radius: 55px;border-bottom-right-radius: 55px;border-bottom-left-radius: 55px;\"><div class=\"gem-textbox-content\" style=\"background-color: #f4f6f7;background-position: center top;padding-left: 40px;\"><div class=\"gem-icon-with-text gem-icon-with-text-icon-size-small\" ><div style=\"margin-bottom:0px;margin-top:0px; \" class=\"gem-icon-with-text-icon\"><div class=\"gem-icon gem-icon-pack-material gem-icon-size-small  gem-icon-shape-circle \"  style=\"border-color: #56b146;opacity: 1;\"><div class=\"gem-icon-inner\" style=\"background-color: #56b146;\"><span class=\"gem-icon-half-1\" style=\"color: #ffffff;\"><span class=\"back-angle\">&#xf1a3;<\/span><\/span><span class=\"gem-icon-half-2\" style=\"color: #ffffff;\"><span class=\"back-angle\">&#xf1a3;<\/span><\/span><\/div><\/div><\/div><div class=\"gem-icon-with-text-content\" ><div class=\"gem-icon-with-text-text\">[vc_custom_heading text=\u00a0\u00bbSoutenir les codes de construction nationaux et internationaux, les normes de conception des produits du bois et les exigences phytosanitaires \u00a0\u00bb font_container=\u00a0\u00bbtag:div|font_size:21px|text_align:left\u00a0\u00bb use_theme_fonts=\u00a0\u00bbyes\u00a0\u00bb css=\u00a0\u00bb.vc_custom_1716399827794{padding-top: 0px !important;padding-left: 15px !important;}\u00a0\u00bb]<\/div><\/div><div class=\"clearboth\"><\/div><\/div><div class=\"gem-icon-with-text gem-icon-with-text-icon-size-small\" ><div style=\"margin-bottom:0px;margin-top:0px; \" class=\"gem-icon-with-text-icon\"><div class=\"gem-icon gem-icon-pack-fontawesome gem-icon-size-small  gem-icon-shape-circle \"  style=\"border-color: #56b146;opacity: 1;\"><div class=\"gem-icon-inner\" style=\"background-color: #56b146;\"><span class=\"gem-icon-half-1\" style=\"color: #ffffff;\"><span class=\"back-angle\">&#xf02d;<\/span><\/span><span class=\"gem-icon-half-2\" style=\"color: #ffffff;\"><span class=\"back-angle\">&#xf02d;<\/span><\/span><\/div><\/div><\/div><div class=\"gem-icon-with-text-content\" ><div class=\"gem-icon-with-text-text\">[vc_custom_heading text=\u00a0\u00bb\u00c9laborer et diffuser des guides et des solutions alternatives de construction (\u00e0 base de bois et hybrides) pour les nouvelles constructions, la r\u00e9habilitation des b\u00e2timents et les r\u00e9novations avant la publication des nouveaux codes et des nouvelles normes \u00a0\u00bb font_container=\u00a0\u00bbtag:div|font_size:21px|text_align:left\u00a0\u00bb use_theme_fonts=\u00a0\u00bbyes\u00a0\u00bb css=\u00a0\u00bb.vc_custom_1716400327503{padding-top: 0px !important;padding-left: 15px !important;}\u00a0\u00bb]<\/div><\/div><div class=\"clearboth\"><\/div><\/div><div class=\"gem-icon-with-text gem-icon-with-text-icon-size-small\" ><div style=\"margin-bottom:0px;margin-top:0px; \" class=\"gem-icon-with-text-icon\"><div class=\"gem-icon gem-icon-pack-elegant gem-icon-size-small  gem-icon-shape-circle \"  style=\"border-color: #56b146;opacity: 1;\"><div class=\"gem-icon-inner\" style=\"background-color: #56b146;\"><span class=\"gem-icon-half-1\" style=\"color: #ffffff;\"><span class=\"back-angle\">&#xe0fd;<\/span><\/span><span class=\"gem-icon-half-2\" style=\"color: #ffffff;\"><span class=\"back-angle\">&#xe0fd;<\/span><\/span><\/div><\/div><\/div><div class=\"gem-icon-with-text-content\" ><div class=\"gem-icon-with-text-text\">[vc_custom_heading text=\u00a0\u00bbAm\u00e9liorer la performance et la r\u00e9silience climatique des constructions en bois de faible, moyenne et grande hauteur par rapport aux mat\u00e9riaux concurrents\u00a0\u00bb font_container=\u00a0\u00bbtag:div|font_size:21px|text_align:left\u00a0\u00bb use_theme_fonts=\u00a0\u00bbyes\u00a0\u00bb css=\u00a0\u00bb.vc_custom_1716400401088{padding-top: 0px !important;padding-left: 15px !important;}\u00a0\u00bb]<\/div><\/div><div class=\"clearboth\"><\/div><\/div><div class=\"gem-icon-with-text gem-icon-with-text-icon-size-small\" ><div style=\"margin-bottom:0px;margin-top:0px; \" class=\"gem-icon-with-text-icon\"><div class=\"gem-icon gem-icon-pack-material gem-icon-size-small  gem-icon-shape-circle \"  style=\"border-color: #56b146;opacity: 1;\"><div class=\"gem-icon-inner\" style=\"background-color: #56b146;\"><span class=\"gem-icon-half-1\" style=\"color: #ffffff;\"><span class=\"back-angle\">&#xf57e;<\/span><\/span><span class=\"gem-icon-half-2\" style=\"color: #ffffff;\"><span class=\"back-angle\">&#xf57e;<\/span><\/span><\/div><\/div><\/div><div class=\"gem-icon-with-text-content\" ><div class=\"gem-icon-with-text-text\">[vc_custom_heading text=\u00a0\u00bbAccro\u00eetre l&rsquo;accessibilit\u00e9 aux logements en bois en d\u00e9veloppant de nouvelles solutions techniques (ossature l\u00e9g\u00e8re, bois massif et hybride)\u00a0\u00bb font_container=\u00a0\u00bbtag:div|font_size:21px|text_align:left\u00a0\u00bb use_theme_fonts=\u00a0\u00bbyes\u00a0\u00bb css=\u00a0\u00bb.vc_custom_1716400461344{padding-top: 0px !important;padding-left: 15px !important;}\u00a0\u00bb]<\/div><\/div><div class=\"clearboth\"><\/div><\/div><div class=\"gem-icon-with-text gem-icon-with-text-icon-size-small\" ><div style=\"margin-bottom:0px;margin-top:0px; \" class=\"gem-icon-with-text-icon\"><div class=\"gem-icon gem-icon-pack-elegant gem-icon-size-small  gem-icon-shape-circle \"  style=\"border-color: #56b146;opacity: 1;\"><div class=\"gem-icon-inner\" style=\"background-color: #56b146;\"><span class=\"gem-icon-half-1\" style=\"color: #ffffff;\"><span class=\"back-angle\">&#xe0ec;<\/span><\/span><span class=\"gem-icon-half-2\" style=\"color: #ffffff;\"><span class=\"back-angle\">&#xe0ec;<\/span><\/span><\/div><\/div><\/div><div class=\"gem-icon-with-text-content\" ><div class=\"gem-icon-with-text-text\">[vc_custom_heading text=\u00a0\u00bbAppliquer les donn\u00e9es et solutions scientifiques pour mesurer et r\u00e9duire l&rsquo;intensit\u00e9 des \u00e9missions de GES en appui \u00e0 la mon\u00e9tisation de la performance environnementale du bois\u00a0\u00bb font_container=\u00a0\u00bbtag:div|font_size:21px|text_align:left\u00a0\u00bb use_theme_fonts=\u00a0\u00bbyes\u00a0\u00bb css=\u00a0\u00bb.vc_custom_1716400556544{padding-top: 0px !important;padding-left: 15px !important;}\u00a0\u00bb]<\/div><\/div><div class=\"clearboth\"><\/div><\/div><\/div><\/div><\/div><div class=\"clearboth\"><\/div><div id=\"thegem-divider-69e01630b14a5\" class=\"gem-divider  \" style=\"\" ><\/div>[\/vc_column_inner][\/vc_row_inner][\/vc_column][\/vc_row]<\/p>\n<\/div>","protected":false},"excerpt":{"rendered":"<p>[vc_row][vc_column][vc_custom_heading text=\u00a0\u00bbD\u00e9fis\u00a0\u00bb use_theme_fonts=\u00a0\u00bbyes\u00a0\u00bb css=\u00a0\u00bb\u00a0\u00bb][vc_custom_heading text=\u00a0\u00bbQuels sont les probl\u00e8mes de l\u2019industrie dans ce domaine?\u00a0\u00bb font_container=\u00a0\u00bbtag:div|font_size:28px|text_align:left\u00a0\u00bb use_theme_fonts=\u00a0\u00bbyes\u00a0\u00bb css=\u00a0\u00bb\u00a0\u00bb][vc_row_inner][vc_column_inner][\/vc_column_inner][\/vc_row_inner][\/vc_column][\/vc_row][vc_row][vc_column][vc_custom_heading text=\u00a0\u00bbActions\u00a0\u00bb use_theme_fonts=\u00a0\u00bbyes\u00a0\u00bb][vc_custom_heading text=\u00a0\u00bbQue fait FPInnovations pour relever ces d\u00e9fis?\u00a0\u00bb font_container=\u00a0\u00bbtag:div|font_size:28px|text_align:left\u00a0\u00bb use_theme_fonts=\u00a0\u00bbyes\u00a0\u00bb css=\u00a0\u00bb\u00a0\u00bb][vc_row_inner][vc_column_inner][\/vc_column_inner][\/vc_row_inner][\/vc_column][\/vc_row]<\/p>\n","protected":false},"author":24,"featured_media":0,"parent":0,"menu_order":0,"comment_status":"closed","ping_status":"closed","template":"","meta":{"_acf_changed":false,"footnotes":""},"class_list":["post-299559","page","type-page","status-publish"],"acf":[],"yoast_head":"<!-- This site is optimized with the Yoast SEO plugin v27.4 - https:\/\/yoast.com\/product\/yoast-seo-wordpress\/ -->\n<title>Acceptation et croissance du march\u00e9 - FPInnovations<\/title>\n<meta name=\"robots\" content=\"index, follow, max-snippet:-1, max-image-preview:large, max-video-preview:-1\" \/>\n<link rel=\"canonical\" href=\"https:\/\/web.fpinnovations.ca\/fr\/acceptation-et-croissance-du-marche\/\" \/>\n<meta property=\"og:locale\" content=\"fr_FR\" \/>\n<meta property=\"og:type\" content=\"article\" \/>\n<meta property=\"og:title\" content=\"Acceptation et croissance du march\u00e9 - FPInnovations\" \/>\n<meta property=\"og:description\" content=\"[vc_row][vc_column][vc_custom_heading text=\u00a0\u00bbD\u00e9fis\u00a0\u00bb use_theme_fonts=\u00a0\u00bbyes\u00a0\u00bb css=\u00a0\u00bb\u00a0\u00bb][vc_custom_heading text=\u00a0\u00bbQuels sont les probl\u00e8mes de l\u2019industrie dans ce domaine?\u00a0\u00bb font_container=\u00a0\u00bbtag:div|font_size:28px|text_align:left\u00a0\u00bb use_theme_fonts=\u00a0\u00bbyes\u00a0\u00bb css=\u00a0\u00bb\u00a0\u00bb][vc_row_inner][vc_column_inner][\/vc_column_inner][\/vc_row_inner][\/vc_column][\/vc_row][vc_row][vc_column][vc_custom_heading text=\u00a0\u00bbActions\u00a0\u00bb use_theme_fonts=\u00a0\u00bbyes\u00a0\u00bb][vc_custom_heading text=\u00a0\u00bbQue fait FPInnovations pour relever ces d\u00e9fis?\u00a0\u00bb font_container=\u00a0\u00bbtag:div|font_size:28px|text_align:left\u00a0\u00bb use_theme_fonts=\u00a0\u00bbyes\u00a0\u00bb css=\u00a0\u00bb\u00a0\u00bb][vc_row_inner][vc_column_inner][\/vc_column_inner][\/vc_row_inner][\/vc_column][\/vc_row]\" \/>\n<meta property=\"og:url\" content=\"https:\/\/web.fpinnovations.ca\/fr\/acceptation-et-croissance-du-marche\/\" \/>\n<meta property=\"og:site_name\" content=\"FPInnovations\" \/>\n<meta property=\"article:modified_time\" content=\"2024-05-29T17:58:13+00:00\" \/>\n<meta name=\"twitter:card\" content=\"summary_large_image\" \/>\n<meta name=\"twitter:label1\" content=\"Dur\u00e9e de lecture estim\u00e9e\" \/>\n\t<meta name=\"twitter:data1\" content=\"2 minutes\" \/>\n<script type=\"application\/ld+json\" class=\"yoast-schema-graph\">{\"@context\":\"https:\\\/\\\/schema.org\",\"@graph\":[{\"@type\":\"WebPage\",\"@id\":\"https:\\\/\\\/web.fpinnovations.ca\\\/fr\\\/acceptation-et-croissance-du-marche\\\/\",\"url\":\"https:\\\/\\\/web.fpinnovations.ca\\\/fr\\\/acceptation-et-croissance-du-marche\\\/\",\"name\":\"Acceptation et croissance du march\u00e9 - FPInnovations\",\"isPartOf\":{\"@id\":\"https:\\\/\\\/web.fpinnovations.ca\\\/fr\\\/#website\"},\"datePublished\":\"2024-05-27T18:25:12+00:00\",\"dateModified\":\"2024-05-29T17:58:13+00:00\",\"breadcrumb\":{\"@id\":\"https:\\\/\\\/web.fpinnovations.ca\\\/fr\\\/acceptation-et-croissance-du-marche\\\/#breadcrumb\"},\"inLanguage\":\"fr-FR\",\"potentialAction\":[{\"@type\":\"ReadAction\",\"target\":[\"https:\\\/\\\/web.fpinnovations.ca\\\/fr\\\/acceptation-et-croissance-du-marche\\\/\"]}]},{\"@type\":\"BreadcrumbList\",\"@id\":\"https:\\\/\\\/web.fpinnovations.ca\\\/fr\\\/acceptation-et-croissance-du-marche\\\/#breadcrumb\",\"itemListElement\":[{\"@type\":\"ListItem\",\"position\":1,\"name\":\"Home\",\"item\":\"https:\\\/\\\/web.fpinnovations.ca\\\/fr\\\/\"},{\"@type\":\"ListItem\",\"position\":2,\"name\":\"Acceptation et croissance du march\u00e9\"}]},{\"@type\":\"WebSite\",\"@id\":\"https:\\\/\\\/web.fpinnovations.ca\\\/fr\\\/#website\",\"url\":\"https:\\\/\\\/web.fpinnovations.ca\\\/fr\\\/\",\"name\":\"FPInnovations\",\"description\":\"\",\"potentialAction\":[{\"@type\":\"SearchAction\",\"target\":{\"@type\":\"EntryPoint\",\"urlTemplate\":\"https:\\\/\\\/web.fpinnovations.ca\\\/fr\\\/?s={search_term_string}\"},\"query-input\":{\"@type\":\"PropertyValueSpecification\",\"valueRequired\":true,\"valueName\":\"search_term_string\"}}],\"inLanguage\":\"fr-FR\"}]}<\/script>\n<!-- \/ Yoast SEO plugin. -->","yoast_head_json":{"title":"Acceptation et croissance du march\u00e9 - FPInnovations","robots":{"index":"index","follow":"follow","max-snippet":"max-snippet:-1","max-image-preview":"max-image-preview:large","max-video-preview":"max-video-preview:-1"},"canonical":"https:\/\/web.fpinnovations.ca\/fr\/acceptation-et-croissance-du-marche\/","og_locale":"fr_FR","og_type":"article","og_title":"Acceptation et croissance du march\u00e9 - FPInnovations","og_description":"[vc_row][vc_column][vc_custom_heading text=\u00a0\u00bbD\u00e9fis\u00a0\u00bb use_theme_fonts=\u00a0\u00bbyes\u00a0\u00bb css=\u00a0\u00bb\u00a0\u00bb][vc_custom_heading text=\u00a0\u00bbQuels sont les probl\u00e8mes de l\u2019industrie dans ce domaine?\u00a0\u00bb font_container=\u00a0\u00bbtag:div|font_size:28px|text_align:left\u00a0\u00bb use_theme_fonts=\u00a0\u00bbyes\u00a0\u00bb css=\u00a0\u00bb\u00a0\u00bb][vc_row_inner][vc_column_inner][\/vc_column_inner][\/vc_row_inner][\/vc_column][\/vc_row][vc_row][vc_column][vc_custom_heading text=\u00a0\u00bbActions\u00a0\u00bb use_theme_fonts=\u00a0\u00bbyes\u00a0\u00bb][vc_custom_heading text=\u00a0\u00bbQue fait FPInnovations pour relever ces d\u00e9fis?\u00a0\u00bb font_container=\u00a0\u00bbtag:div|font_size:28px|text_align:left\u00a0\u00bb use_theme_fonts=\u00a0\u00bbyes\u00a0\u00bb css=\u00a0\u00bb\u00a0\u00bb][vc_row_inner][vc_column_inner][\/vc_column_inner][\/vc_row_inner][\/vc_column][\/vc_row]","og_url":"https:\/\/web.fpinnovations.ca\/fr\/acceptation-et-croissance-du-marche\/","og_site_name":"FPInnovations","article_modified_time":"2024-05-29T17:58:13+00:00","twitter_card":"summary_large_image","twitter_misc":{"Dur\u00e9e de lecture estim\u00e9e":"2 minutes"},"schema":{"@context":"https:\/\/schema.org","@graph":[{"@type":"WebPage","@id":"https:\/\/web.fpinnovations.ca\/fr\/acceptation-et-croissance-du-marche\/","url":"https:\/\/web.fpinnovations.ca\/fr\/acceptation-et-croissance-du-marche\/","name":"Acceptation et croissance du march\u00e9 - FPInnovations","isPartOf":{"@id":"https:\/\/web.fpinnovations.ca\/fr\/#website"},"datePublished":"2024-05-27T18:25:12+00:00","dateModified":"2024-05-29T17:58:13+00:00","breadcrumb":{"@id":"https:\/\/web.fpinnovations.ca\/fr\/acceptation-et-croissance-du-marche\/#breadcrumb"},"inLanguage":"fr-FR","potentialAction":[{"@type":"ReadAction","target":["https:\/\/web.fpinnovations.ca\/fr\/acceptation-et-croissance-du-marche\/"]}]},{"@type":"BreadcrumbList","@id":"https:\/\/web.fpinnovations.ca\/fr\/acceptation-et-croissance-du-marche\/#breadcrumb","itemListElement":[{"@type":"ListItem","position":1,"name":"Home","item":"https:\/\/web.fpinnovations.ca\/fr\/"},{"@type":"ListItem","position":2,"name":"Acceptation et croissance du march\u00e9"}]},{"@type":"WebSite","@id":"https:\/\/web.fpinnovations.ca\/fr\/#website","url":"https:\/\/web.fpinnovations.ca\/fr\/","name":"FPInnovations","description":"","potentialAction":[{"@type":"SearchAction","target":{"@type":"EntryPoint","urlTemplate":"https:\/\/web.fpinnovations.ca\/fr\/?s={search_term_string}"},"query-input":{"@type":"PropertyValueSpecification","valueRequired":true,"valueName":"search_term_string"}}],"inLanguage":"fr-FR"}]}},"_links":{"self":[{"href":"https:\/\/web.fpinnovations.ca\/fr\/wp-json\/wp\/v2\/pages\/299559","targetHints":{"allow":["GET"]}}],"collection":[{"href":"https:\/\/web.fpinnovations.ca\/fr\/wp-json\/wp\/v2\/pages"}],"about":[{"href":"https:\/\/web.fpinnovations.ca\/fr\/wp-json\/wp\/v2\/types\/page"}],"author":[{"embeddable":true,"href":"https:\/\/web.fpinnovations.ca\/fr\/wp-json\/wp\/v2\/users\/24"}],"replies":[{"embeddable":true,"href":"https:\/\/web.fpinnovations.ca\/fr\/wp-json\/wp\/v2\/comments?post=299559"}],"version-history":[{"count":2,"href":"https:\/\/web.fpinnovations.ca\/fr\/wp-json\/wp\/v2\/pages\/299559\/revisions"}],"predecessor-version":[{"id":299641,"href":"https:\/\/web.fpinnovations.ca\/fr\/wp-json\/wp\/v2\/pages\/299559\/revisions\/299641"}],"wp:attachment":[{"href":"https:\/\/web.fpinnovations.ca\/fr\/wp-json\/wp\/v2\/media?parent=299559"}],"curies":[{"name":"wp","href":"https:\/\/api.w.org\/{rel}","templated":true}]}}