{"id":299558,"date":"2024-05-27T14:24:22","date_gmt":"2024-05-27T18:24:22","guid":{"rendered":"https:\/\/web.fpinnovations.ca\/?page_id=299558"},"modified":"2024-05-29T13:56:27","modified_gmt":"2024-05-29T17:56:27","slug":"fabrication-de-bois-doeuvre","status":"publish","type":"page","link":"https:\/\/web.fpinnovations.ca\/fr\/fabrication-de-bois-doeuvre\/","title":{"rendered":"Fabrication de bois d&rsquo;\u0153uvre"},"content":{"rendered":"<div class=\"wpb-content-wrapper\"><p>[vc_row][vc_column][vc_custom_heading text=\u00a0\u00bbD\u00e9fis\u00a0\u00bb use_theme_fonts=\u00a0\u00bbyes\u00a0\u00bb css=\u00a0\u00bb\u00a0\u00bb][vc_custom_heading text=\u00a0\u00bbQuels sont les probl\u00e8mes de l\u2019industrie dans ce domaine?\u00a0\u00bb font_container=\u00a0\u00bbtag:div|font_size:28px|text_align:left\u00a0\u00bb use_theme_fonts=\u00a0\u00bbyes\u00a0\u00bb css=\u00a0\u00bb\u00a0\u00bb]<div class=\"clearboth\"><\/div><style>#thegem-divider-69eb6b452138a {margin-top: 50px !important;}<\/style><div id=\"thegem-divider-69eb6b452138a\" class=\"gem-divider  \" style=\"\" ><\/div>[vc_row_inner][vc_column_inner]<div class=\"gem-textbox \"  ><div class=\"gem-textbox-inner\" style=\"border-top-right-radius: 55px;border-bottom-right-radius: 55px;border-bottom-left-radius: 55px;\"><div class=\"gem-textbox-content\" style=\"background-color: #f4f6f7;background-position: center top;padding-left: 40px;\"><div class=\"gem-icon-with-text gem-icon-with-text-icon-size-small\" ><div style=\"margin-bottom:0px;margin-top:0px; \" class=\"gem-icon-with-text-icon\"><div class=\"gem-icon gem-icon-pack-fontawesome gem-icon-size-small  gem-icon-shape-circle \"  style=\"border-color: #56b146;opacity: 1;\"><div class=\"gem-icon-inner\" style=\"background-color: #56b146;\"><span class=\"gem-icon-half-1\" style=\"color: #ffffff;\"><span class=\"back-angle\">&#xf1bb;<\/span><\/span><span class=\"gem-icon-half-2\" style=\"color: #ffffff;\"><span class=\"back-angle\">&#xf1bb;<\/span><\/span><\/div><\/div><\/div><div class=\"gem-icon-with-text-content\" ><div class=\"gem-icon-with-text-text\">[vc_custom_heading text=\u00a0\u00bbDisponibilit\u00e9 de la fibre et qualit\u00e9 de la mati\u00e8re premi\u00e8re\u00a0\u00bb font_container=\u00a0\u00bbtag:div|font_size:21px|text_align:left\u00a0\u00bb use_theme_fonts=\u00a0\u00bbyes\u00a0\u00bb css=\u00a0\u00bb.vc_custom_1716391521819{padding-top: 0px !important;padding-left: 15px !important;}\u00a0\u00bb]<\/div><\/div><div class=\"clearboth\"><\/div><\/div><div class=\"gem-icon-with-text gem-icon-with-text-icon-size-small\" ><div style=\"margin-bottom:0px;margin-top:0px; \" class=\"gem-icon-with-text-icon\"><div class=\"gem-icon gem-icon-pack-material gem-icon-size-small  gem-icon-shape-circle \"  style=\"border-color: #56b146;opacity: 1;\"><div class=\"gem-icon-inner\" style=\"background-color: #56b146;\"><span class=\"gem-icon-half-1\" style=\"color: #ffffff;\"><span class=\"back-angle\">&#xf10a;<\/span><\/span><span class=\"gem-icon-half-2\" style=\"color: #ffffff;\"><span class=\"back-angle\">&#xf10a;<\/span><\/span><\/div><\/div><\/div><div class=\"gem-icon-with-text-content\" ><div class=\"gem-icon-with-text-text\">[vc_custom_heading text=\u00a0\u00bbP\u00e9nurie aigu\u00eb de main d&rsquo;\u0153uvre et de comp\u00e9tences techniques dans un environnement technologique en \u00e9volution\u00a0\u00bb font_container=\u00a0\u00bbtag:div|font_size:21px|text_align:left\u00a0\u00bb use_theme_fonts=\u00a0\u00bbyes\u00a0\u00bb css=\u00a0\u00bb.vc_custom_1716391576320{padding-top: 0px !important;padding-left: 15px !important;}\u00a0\u00bb]<\/div><\/div><div class=\"clearboth\"><\/div><\/div><div class=\"gem-icon-with-text gem-icon-with-text-icon-size-small\" ><div style=\"margin-bottom:0px;margin-top:0px; \" class=\"gem-icon-with-text-icon\"><div class=\"gem-icon gem-icon-pack-material gem-icon-size-small  gem-icon-shape-circle \"  style=\"border-color: #56b146;opacity: 1;\"><div class=\"gem-icon-inner\" style=\"background-color: #56b146;\"><span class=\"gem-icon-half-1\" style=\"color: #ffffff;\"><span class=\"back-angle\">&#xf525;<\/span><\/span><span class=\"gem-icon-half-2\" style=\"color: #ffffff;\"><span class=\"back-angle\">&#xf525;<\/span><\/span><\/div><\/div><\/div><div class=\"gem-icon-with-text-content\" ><div class=\"gem-icon-with-text-text\">[vc_custom_heading text=\u00a0\u00bbManque d&rsquo;automatisation\/robotisation et autres technologies de rupture\u00a0\u00bb font_container=\u00a0\u00bbtag:div|font_size:21px|text_align:left\u00a0\u00bb use_theme_fonts=\u00a0\u00bbyes\u00a0\u00bb css=\u00a0\u00bb.vc_custom_1716391619863{padding-top: 12px !important;padding-left: 15px !important;}\u00a0\u00bb]<\/div><\/div><div class=\"clearboth\"><\/div><\/div><div class=\"gem-icon-with-text gem-icon-with-text-icon-size-small\" ><div style=\"margin-bottom:0px;margin-top:0px; \" class=\"gem-icon-with-text-icon\"><div class=\"gem-icon gem-icon-pack-material gem-icon-size-small  gem-icon-shape-circle \"  style=\"border-color: #56b146;opacity: 1;\"><div class=\"gem-icon-inner\" style=\"background-color: #56b146;\"><span class=\"gem-icon-half-1\" style=\"color: #ffffff;\"><span class=\"back-angle\">&#xf57c;<\/span><\/span><span class=\"gem-icon-half-2\" style=\"color: #ffffff;\"><span class=\"back-angle\">&#xf57c;<\/span><\/span><\/div><\/div><\/div><div class=\"gem-icon-with-text-content\" ><div class=\"gem-icon-with-text-text\">[vc_custom_heading text=\u00a0\u00bbAbsence de donn\u00e9es sur l&#8217;empreinte carbone pour la fabrication de bois d&rsquo;\u0153uvre\u00a0\u00bb font_container=\u00a0\u00bbtag:div|font_size:21px|text_align:left\u00a0\u00bb use_theme_fonts=\u00a0\u00bbyes\u00a0\u00bb css=\u00a0\u00bb.vc_custom_1716391647372{padding-top: 12px !important;padding-left: 15px !important;}\u00a0\u00bb]<\/div><\/div><div class=\"clearboth\"><\/div><\/div><\/div><\/div><\/div>[\/vc_column_inner][\/vc_row_inner][\/vc_column][\/vc_row][vc_row][vc_column]<div class=\"clearboth\"><\/div><style>#thegem-divider-69eb6b45217e2 {margin-top: 25px !important;}<\/style><div id=\"thegem-divider-69eb6b45217e2\" class=\"gem-divider  \" style=\"\" ><\/div>[vc_custom_heading text=\u00a0\u00bbActions\u00a0\u00bb use_theme_fonts=\u00a0\u00bbyes\u00a0\u00bb][vc_custom_heading text=\u00a0\u00bbQue fait FPInnovations pour relever ces d\u00e9fis?<br \/>\n\u00a0\u00bb font_container=\u00a0\u00bbtag:div|font_size:28px|text_align:left\u00a0\u00bb use_theme_fonts=\u00a0\u00bbyes\u00a0\u00bb css=\u00a0\u00bb\u00a0\u00bb]<div class=\"clearboth\"><\/div><style>#thegem-divider-69eb6b452180f {margin-top: 50px !important;}<\/style><div id=\"thegem-divider-69eb6b452180f\" class=\"gem-divider  \" style=\"\" ><\/div>[vc_row_inner][vc_column_inner]<div class=\"gem-textbox \"  ><div class=\"gem-textbox-inner\" style=\"border-top-right-radius: 55px;border-bottom-right-radius: 55px;border-bottom-left-radius: 55px;\"><div class=\"gem-textbox-content\" style=\"background-color: #f4f6f7;background-position: center top;padding-left: 40px;\"><div class=\"gem-icon-with-text gem-icon-with-text-icon-size-small\" ><div style=\"margin-bottom:0px;margin-top:0px; \" class=\"gem-icon-with-text-icon\"><div class=\"gem-icon gem-icon-pack-fontawesome gem-icon-size-small  gem-icon-shape-circle \"  style=\"border-color: #56b146;opacity: 1;\"><div class=\"gem-icon-inner\" style=\"background-color: #56b146;\"><span class=\"gem-icon-half-1\" style=\"color: #ffffff;\"><span class=\"back-angle\">&#xf002;<\/span><\/span><span class=\"gem-icon-half-2\" style=\"color: #ffffff;\"><span class=\"back-angle\">&#xf002;<\/span><\/span><\/div><\/div><\/div><div class=\"gem-icon-with-text-content\" ><div class=\"gem-icon-with-text-text\">[vc_custom_heading text=\u00a0\u00bbD\u00e9velopper des solutions automatis\u00e9es de mesurage des billes applicables \u00e0 l&rsquo;ensemble du Canada\u00a0\u00bb font_container=\u00a0\u00bbtag:div|font_size:21px|text_align:left\u00a0\u00bb use_theme_fonts=\u00a0\u00bbyes\u00a0\u00bb css=\u00a0\u00bb.vc_custom_1716397220483{padding-top: 0px !important;padding-left: 15px !important;}\u00a0\u00bb]<\/div><\/div><div class=\"clearboth\"><\/div><\/div><div class=\"gem-icon-with-text gem-icon-with-text-icon-size-small\" ><div style=\"margin-bottom:0px;margin-top:0px; \" class=\"gem-icon-with-text-icon\"><div class=\"gem-icon gem-icon-pack-material gem-icon-size-small  gem-icon-shape-circle \"  style=\"border-color: #56b146;opacity: 1;\"><div class=\"gem-icon-inner\" style=\"background-color: #56b146;\"><span class=\"gem-icon-half-1\" style=\"color: #ffffff;\"><span class=\"back-angle\">&#xf1a3;<\/span><\/span><span class=\"gem-icon-half-2\" style=\"color: #ffffff;\"><span class=\"back-angle\">&#xf1a3;<\/span><\/span><\/div><\/div><\/div><div class=\"gem-icon-with-text-content\" ><div class=\"gem-icon-with-text-text\">[vc_custom_heading text=\u00a0\u00bbAm\u00e9liorer le s\u00e9chage du bois d&rsquo;\u0153uvre dans les s\u00e9choirs conventionnels et en continu (CDK) en tenant compte de l&rsquo;\u00e9volution de l&rsquo;alimentation en fibres \u00a0\u00bb font_container=\u00a0\u00bbtag:div|font_size:21px|text_align:left\u00a0\u00bb use_theme_fonts=\u00a0\u00bbyes\u00a0\u00bb css=\u00a0\u00bb.vc_custom_1716397305422{padding-top: 0px !important;padding-left: 15px !important;}\u00a0\u00bb]<\/div><\/div><div class=\"clearboth\"><\/div><\/div><div class=\"gem-icon-with-text gem-icon-with-text-icon-size-small\" ><div style=\"margin-bottom:0px;margin-top:0px; \" class=\"gem-icon-with-text-icon\"><div class=\"gem-icon gem-icon-pack-material gem-icon-size-small  gem-icon-shape-circle \"  style=\"border-color: #56b146;opacity: 1;\"><div class=\"gem-icon-inner\" style=\"background-color: #56b146;\"><span class=\"gem-icon-half-1\" style=\"color: #ffffff;\"><span class=\"back-angle\">&#xf14b;<\/span><\/span><span class=\"gem-icon-half-2\" style=\"color: #ffffff;\"><span class=\"back-angle\">&#xf14b;<\/span><\/span><\/div><\/div><\/div><div class=\"gem-icon-with-text-content\" ><div class=\"gem-icon-with-text-text\">[vc_custom_heading text=\u00a0\u00bbAm\u00e9liorer la r\u00e9cup\u00e9ration de valeur et de volume \u00a0\u00bb font_container=\u00a0\u00bbtag:div|font_size:21px|text_align:left\u00a0\u00bb use_theme_fonts=\u00a0\u00bbyes\u00a0\u00bb css=\u00a0\u00bb.vc_custom_1716397403943{padding-top: 12px !important;padding-left: 15px !important;}\u00a0\u00bb]<\/div><\/div><div class=\"clearboth\"><\/div><\/div><div class=\"gem-icon-with-text gem-icon-with-text-icon-size-small\" ><div style=\"margin-bottom:0px;margin-top:0px; \" class=\"gem-icon-with-text-icon\"><div class=\"gem-icon gem-icon-pack-fontawesome gem-icon-size-small  gem-icon-shape-circle \"  style=\"border-color: #56b146;opacity: 1;\"><div class=\"gem-icon-inner\" style=\"background-color: #56b146;\"><span class=\"gem-icon-half-1\" style=\"color: #ffffff;\"><span class=\"back-angle\">&#xf097;<\/span><\/span><span class=\"gem-icon-half-2\" style=\"color: #ffffff;\"><span class=\"back-angle\">&#xf097;<\/span><\/span><\/div><\/div><\/div><div class=\"gem-icon-with-text-content\" ><div class=\"gem-icon-with-text-text\">[vc_custom_heading text=\u00a0\u00bbD\u00e9velopper une nouvelle g\u00e9n\u00e9ration d&rsquo;outils de coupe\u00a0\u00bb font_container=\u00a0\u00bbtag:div|font_size:21px|text_align:left\u00a0\u00bb use_theme_fonts=\u00a0\u00bbyes\u00a0\u00bb css=\u00a0\u00bb.vc_custom_1716397556906{padding-top: 12px !important;padding-left: 15px !important;}\u00a0\u00bb]<\/div><\/div><div class=\"clearboth\"><\/div><\/div><div class=\"gem-icon-with-text gem-icon-with-text-icon-size-small\" ><div style=\"margin-bottom:0px;margin-top:0px; \" class=\"gem-icon-with-text-icon\"><div class=\"gem-icon gem-icon-pack-elegant gem-icon-size-small  gem-icon-shape-circle \"  style=\"border-color: #56b146;opacity: 1;\"><div class=\"gem-icon-inner\" style=\"background-color: #56b146;\"><span class=\"gem-icon-half-1\" style=\"color: #ffffff;\"><span class=\"back-angle\">&#x5a;<\/span><\/span><span class=\"gem-icon-half-2\" style=\"color: #ffffff;\"><span class=\"back-angle\">&#x5a;<\/span><\/span><\/div><\/div><\/div><div class=\"gem-icon-with-text-content\" ><div class=\"gem-icon-with-text-text\">[vc_custom_heading text=\u00a0\u00bb\u00c9valuer les technologies de rupture et faire la d\u00e9monstration de l&rsquo;automatisation et de la robotisation\u00a0\u00bb font_container=\u00a0\u00bbtag:div|font_size:21px|text_align:left\u00a0\u00bb use_theme_fonts=\u00a0\u00bbyes\u00a0\u00bb css=\u00a0\u00bb.vc_custom_1716397587469{padding-top: 12px !important;padding-left: 15px !important;}\u00a0\u00bb]<\/div><\/div><div class=\"clearboth\"><\/div><\/div><div class=\"gem-icon-with-text gem-icon-with-text-icon-size-small\" ><div style=\"margin-bottom:0px;margin-top:0px; \" class=\"gem-icon-with-text-icon\"><div class=\"gem-icon gem-icon-pack-thegem-header gem-icon-size-small  gem-icon-shape-circle \"  style=\"border-color: #56b146;opacity: 1;\"><div class=\"gem-icon-inner\" style=\"background-color: #56b146;\"><span class=\"gem-icon-half-1\" style=\"color: #ffffff;\"><span class=\"back-angle\">&#xe911;<\/span><\/span><span class=\"gem-icon-half-2\" style=\"color: #ffffff;\"><span class=\"back-angle\">&#xe911;<\/span><\/span><\/div><\/div><\/div><div class=\"gem-icon-with-text-content\" ><div class=\"gem-icon-with-text-text\">[vc_custom_heading text=\u00a0\u00bbD\u00e9velopper une \u00e9valuation standardis\u00e9e de l&rsquo;intensit\u00e9 en carbone pour soutenir la r\u00e9duction des \u00e9missions de carbone\u00a0\u00bb font_container=\u00a0\u00bbtag:div|font_size:21px|text_align:left\u00a0\u00bb use_theme_fonts=\u00a0\u00bbyes\u00a0\u00bb css=\u00a0\u00bb.vc_custom_1716397651725{padding-top: 12px !important;padding-left: 15px !important;}\u00a0\u00bb]<\/div><\/div><div class=\"clearboth\"><\/div><\/div><\/div><\/div><\/div><div class=\"clearboth\"><\/div><div id=\"thegem-divider-69eb6b4521c1c\" class=\"gem-divider  \" style=\"\" ><\/div>[\/vc_column_inner][\/vc_row_inner][\/vc_column][\/vc_row]<\/p>\n<\/div>","protected":false},"excerpt":{"rendered":"<p>[vc_row][vc_column][vc_custom_heading text=\u00a0\u00bbD\u00e9fis\u00a0\u00bb use_theme_fonts=\u00a0\u00bbyes\u00a0\u00bb css=\u00a0\u00bb\u00a0\u00bb][vc_custom_heading text=\u00a0\u00bbQuels sont les probl\u00e8mes de l\u2019industrie dans ce domaine?\u00a0\u00bb font_container=\u00a0\u00bbtag:div|font_size:28px|text_align:left\u00a0\u00bb use_theme_fonts=\u00a0\u00bbyes\u00a0\u00bb css=\u00a0\u00bb\u00a0\u00bb][vc_row_inner][vc_column_inner][\/vc_column_inner][\/vc_row_inner][\/vc_column][\/vc_row][vc_row][vc_column][vc_custom_heading text=\u00a0\u00bbActions\u00a0\u00bb use_theme_fonts=\u00a0\u00bbyes\u00a0\u00bb][vc_custom_heading text=\u00a0\u00bbQue fait FPInnovations pour relever ces d\u00e9fis? \u00a0\u00bb font_container=\u00a0\u00bbtag:div|font_size:28px|text_align:left\u00a0\u00bb use_theme_fonts=\u00a0\u00bbyes\u00a0\u00bb css=\u00a0\u00bb\u00a0\u00bb][vc_row_inner][vc_column_inner][\/vc_column_inner][\/vc_row_inner][\/vc_column][\/vc_row]<\/p>\n","protected":false},"author":24,"featured_media":0,"parent":0,"menu_order":0,"comment_status":"closed","ping_status":"closed","template":"","meta":{"_acf_changed":false,"footnotes":""},"class_list":["post-299558","page","type-page","status-publish"],"acf":[],"yoast_head":"<!-- This site is optimized with the Yoast SEO plugin v27.4 - https:\/\/yoast.com\/product\/yoast-seo-wordpress\/ -->\n<title>Fabrication de bois d&#039;\u0153uvre - FPInnovations<\/title>\n<meta name=\"robots\" content=\"index, follow, max-snippet:-1, max-image-preview:large, max-video-preview:-1\" \/>\n<link rel=\"canonical\" href=\"https:\/\/web.fpinnovations.ca\/fr\/fabrication-de-bois-doeuvre\/\" \/>\n<meta property=\"og:locale\" content=\"fr_FR\" \/>\n<meta property=\"og:type\" content=\"article\" \/>\n<meta property=\"og:title\" content=\"Fabrication de bois d&#039;\u0153uvre - FPInnovations\" \/>\n<meta property=\"og:description\" content=\"[vc_row][vc_column][vc_custom_heading text=\u00a0\u00bbD\u00e9fis\u00a0\u00bb use_theme_fonts=\u00a0\u00bbyes\u00a0\u00bb css=\u00a0\u00bb\u00a0\u00bb][vc_custom_heading text=\u00a0\u00bbQuels sont les probl\u00e8mes de l\u2019industrie dans ce domaine?\u00a0\u00bb font_container=\u00a0\u00bbtag:div|font_size:28px|text_align:left\u00a0\u00bb use_theme_fonts=\u00a0\u00bbyes\u00a0\u00bb css=\u00a0\u00bb\u00a0\u00bb][vc_row_inner][vc_column_inner][\/vc_column_inner][\/vc_row_inner][\/vc_column][\/vc_row][vc_row][vc_column][vc_custom_heading text=\u00a0\u00bbActions\u00a0\u00bb use_theme_fonts=\u00a0\u00bbyes\u00a0\u00bb][vc_custom_heading text=\u00a0\u00bbQue fait FPInnovations pour relever ces d\u00e9fis? \u00a0\u00bb font_container=\u00a0\u00bbtag:div|font_size:28px|text_align:left\u00a0\u00bb use_theme_fonts=\u00a0\u00bbyes\u00a0\u00bb css=\u00a0\u00bb\u00a0\u00bb][vc_row_inner][vc_column_inner][\/vc_column_inner][\/vc_row_inner][\/vc_column][\/vc_row]\" \/>\n<meta property=\"og:url\" content=\"https:\/\/web.fpinnovations.ca\/fr\/fabrication-de-bois-doeuvre\/\" \/>\n<meta property=\"og:site_name\" content=\"FPInnovations\" \/>\n<meta property=\"article:modified_time\" content=\"2024-05-29T17:56:27+00:00\" \/>\n<meta name=\"twitter:card\" content=\"summary_large_image\" \/>\n<meta name=\"twitter:label1\" content=\"Dur\u00e9e de lecture estim\u00e9e\" \/>\n\t<meta name=\"twitter:data1\" content=\"2 minutes\" \/>\n<script type=\"application\/ld+json\" class=\"yoast-schema-graph\">{\"@context\":\"https:\\\/\\\/schema.org\",\"@graph\":[{\"@type\":\"WebPage\",\"@id\":\"https:\\\/\\\/web.fpinnovations.ca\\\/fr\\\/fabrication-de-bois-doeuvre\\\/\",\"url\":\"https:\\\/\\\/web.fpinnovations.ca\\\/fr\\\/fabrication-de-bois-doeuvre\\\/\",\"name\":\"Fabrication de bois d'\u0153uvre - FPInnovations\",\"isPartOf\":{\"@id\":\"https:\\\/\\\/web.fpinnovations.ca\\\/fr\\\/#website\"},\"datePublished\":\"2024-05-27T18:24:22+00:00\",\"dateModified\":\"2024-05-29T17:56:27+00:00\",\"breadcrumb\":{\"@id\":\"https:\\\/\\\/web.fpinnovations.ca\\\/fr\\\/fabrication-de-bois-doeuvre\\\/#breadcrumb\"},\"inLanguage\":\"fr-FR\",\"potentialAction\":[{\"@type\":\"ReadAction\",\"target\":[\"https:\\\/\\\/web.fpinnovations.ca\\\/fr\\\/fabrication-de-bois-doeuvre\\\/\"]}]},{\"@type\":\"BreadcrumbList\",\"@id\":\"https:\\\/\\\/web.fpinnovations.ca\\\/fr\\\/fabrication-de-bois-doeuvre\\\/#breadcrumb\",\"itemListElement\":[{\"@type\":\"ListItem\",\"position\":1,\"name\":\"Home\",\"item\":\"https:\\\/\\\/web.fpinnovations.ca\\\/fr\\\/\"},{\"@type\":\"ListItem\",\"position\":2,\"name\":\"Fabrication de bois d&#8217;\u0153uvre\"}]},{\"@type\":\"WebSite\",\"@id\":\"https:\\\/\\\/web.fpinnovations.ca\\\/fr\\\/#website\",\"url\":\"https:\\\/\\\/web.fpinnovations.ca\\\/fr\\\/\",\"name\":\"FPInnovations\",\"description\":\"\",\"potentialAction\":[{\"@type\":\"SearchAction\",\"target\":{\"@type\":\"EntryPoint\",\"urlTemplate\":\"https:\\\/\\\/web.fpinnovations.ca\\\/fr\\\/?s={search_term_string}\"},\"query-input\":{\"@type\":\"PropertyValueSpecification\",\"valueRequired\":true,\"valueName\":\"search_term_string\"}}],\"inLanguage\":\"fr-FR\"}]}<\/script>\n<!-- \/ Yoast SEO plugin. -->","yoast_head_json":{"title":"Fabrication de bois d'\u0153uvre - FPInnovations","robots":{"index":"index","follow":"follow","max-snippet":"max-snippet:-1","max-image-preview":"max-image-preview:large","max-video-preview":"max-video-preview:-1"},"canonical":"https:\/\/web.fpinnovations.ca\/fr\/fabrication-de-bois-doeuvre\/","og_locale":"fr_FR","og_type":"article","og_title":"Fabrication de bois d'\u0153uvre - FPInnovations","og_description":"[vc_row][vc_column][vc_custom_heading text=\u00a0\u00bbD\u00e9fis\u00a0\u00bb use_theme_fonts=\u00a0\u00bbyes\u00a0\u00bb css=\u00a0\u00bb\u00a0\u00bb][vc_custom_heading text=\u00a0\u00bbQuels sont les probl\u00e8mes de l\u2019industrie dans ce domaine?\u00a0\u00bb font_container=\u00a0\u00bbtag:div|font_size:28px|text_align:left\u00a0\u00bb use_theme_fonts=\u00a0\u00bbyes\u00a0\u00bb css=\u00a0\u00bb\u00a0\u00bb][vc_row_inner][vc_column_inner][\/vc_column_inner][\/vc_row_inner][\/vc_column][\/vc_row][vc_row][vc_column][vc_custom_heading text=\u00a0\u00bbActions\u00a0\u00bb use_theme_fonts=\u00a0\u00bbyes\u00a0\u00bb][vc_custom_heading text=\u00a0\u00bbQue fait FPInnovations pour relever ces d\u00e9fis? \u00a0\u00bb font_container=\u00a0\u00bbtag:div|font_size:28px|text_align:left\u00a0\u00bb use_theme_fonts=\u00a0\u00bbyes\u00a0\u00bb css=\u00a0\u00bb\u00a0\u00bb][vc_row_inner][vc_column_inner][\/vc_column_inner][\/vc_row_inner][\/vc_column][\/vc_row]","og_url":"https:\/\/web.fpinnovations.ca\/fr\/fabrication-de-bois-doeuvre\/","og_site_name":"FPInnovations","article_modified_time":"2024-05-29T17:56:27+00:00","twitter_card":"summary_large_image","twitter_misc":{"Dur\u00e9e de lecture estim\u00e9e":"2 minutes"},"schema":{"@context":"https:\/\/schema.org","@graph":[{"@type":"WebPage","@id":"https:\/\/web.fpinnovations.ca\/fr\/fabrication-de-bois-doeuvre\/","url":"https:\/\/web.fpinnovations.ca\/fr\/fabrication-de-bois-doeuvre\/","name":"Fabrication de bois d'\u0153uvre - FPInnovations","isPartOf":{"@id":"https:\/\/web.fpinnovations.ca\/fr\/#website"},"datePublished":"2024-05-27T18:24:22+00:00","dateModified":"2024-05-29T17:56:27+00:00","breadcrumb":{"@id":"https:\/\/web.fpinnovations.ca\/fr\/fabrication-de-bois-doeuvre\/#breadcrumb"},"inLanguage":"fr-FR","potentialAction":[{"@type":"ReadAction","target":["https:\/\/web.fpinnovations.ca\/fr\/fabrication-de-bois-doeuvre\/"]}]},{"@type":"BreadcrumbList","@id":"https:\/\/web.fpinnovations.ca\/fr\/fabrication-de-bois-doeuvre\/#breadcrumb","itemListElement":[{"@type":"ListItem","position":1,"name":"Home","item":"https:\/\/web.fpinnovations.ca\/fr\/"},{"@type":"ListItem","position":2,"name":"Fabrication de bois d&#8217;\u0153uvre"}]},{"@type":"WebSite","@id":"https:\/\/web.fpinnovations.ca\/fr\/#website","url":"https:\/\/web.fpinnovations.ca\/fr\/","name":"FPInnovations","description":"","potentialAction":[{"@type":"SearchAction","target":{"@type":"EntryPoint","urlTemplate":"https:\/\/web.fpinnovations.ca\/fr\/?s={search_term_string}"},"query-input":{"@type":"PropertyValueSpecification","valueRequired":true,"valueName":"search_term_string"}}],"inLanguage":"fr-FR"}]}},"_links":{"self":[{"href":"https:\/\/web.fpinnovations.ca\/fr\/wp-json\/wp\/v2\/pages\/299558","targetHints":{"allow":["GET"]}}],"collection":[{"href":"https:\/\/web.fpinnovations.ca\/fr\/wp-json\/wp\/v2\/pages"}],"about":[{"href":"https:\/\/web.fpinnovations.ca\/fr\/wp-json\/wp\/v2\/types\/page"}],"author":[{"embeddable":true,"href":"https:\/\/web.fpinnovations.ca\/fr\/wp-json\/wp\/v2\/users\/24"}],"replies":[{"embeddable":true,"href":"https:\/\/web.fpinnovations.ca\/fr\/wp-json\/wp\/v2\/comments?post=299558"}],"version-history":[{"count":3,"href":"https:\/\/web.fpinnovations.ca\/fr\/wp-json\/wp\/v2\/pages\/299558\/revisions"}],"predecessor-version":[{"id":299642,"href":"https:\/\/web.fpinnovations.ca\/fr\/wp-json\/wp\/v2\/pages\/299558\/revisions\/299642"}],"wp:attachment":[{"href":"https:\/\/web.fpinnovations.ca\/fr\/wp-json\/wp\/v2\/media?parent=299558"}],"curies":[{"name":"wp","href":"https:\/\/api.w.org\/{rel}","templated":true}]}}