{"id":299548,"date":"2024-05-28T09:51:27","date_gmt":"2024-05-28T13:51:27","guid":{"rendered":"https:\/\/web.fpinnovations.ca\/?page_id=299548"},"modified":"2024-05-29T13:17:43","modified_gmt":"2024-05-29T17:17:43","slug":"cout-et-valeur-de-la-fibre","status":"publish","type":"page","link":"https:\/\/web.fpinnovations.ca\/fr\/operations-forestieres\/cout-et-valeur-de-la-fibre\/","title":{"rendered":"Co\u00fbt et valeur de la fibre"},"content":{"rendered":"<div class=\"wpb-content-wrapper\"><p>[vc_row][vc_column][vc_custom_heading text=\u00a0\u00bbD\u00e9fis\u00a0\u00bb use_theme_fonts=\u00a0\u00bbyes\u00a0\u00bb css=\u00a0\u00bb\u00a0\u00bb][vc_custom_heading text=\u00a0\u00bbQuels sont les probl\u00e8mes de l\u2019industrie dans ce domaine?\u00a0\u00bb font_container=\u00a0\u00bbtag:div|font_size:28px|text_align:left\u00a0\u00bb use_theme_fonts=\u00a0\u00bbyes\u00a0\u00bb css=\u00a0\u00bb\u00a0\u00bb]<div class=\"clearboth\"><\/div><style>#thegem-divider-69e36135e5fce {margin-top: 50px !important;}<\/style><div id=\"thegem-divider-69e36135e5fce\" class=\"gem-divider  \" style=\"\" ><\/div>[vc_row_inner][vc_column_inner]<div class=\"gem-textbox \"  ><div class=\"gem-textbox-inner\" style=\"border-top-right-radius: 55px;border-bottom-right-radius: 55px;border-bottom-left-radius: 55px;\"><div class=\"gem-textbox-content\" style=\"background-color: #f4f6f7;background-position: center top;padding-left: 40px;\">[vc_custom_heading text=\u00a0\u00bbPlusieurs facteurs influencent de plus en plus les co\u00fbts d&rsquo;approvisionnement en fibres\u00a0\u00bb font_container=\u00a0\u00bbtag:div|font_size:21px|text_align:left\u00a0\u00bb use_theme_fonts=\u00a0\u00bbyes\u00a0\u00bb css=\u00a0\u00bb.vc_custom_1716387286792{padding-top: 12px !important;padding-left: 15px !important;}\u00a0\u00bb][vc_empty_space]<div class=\"gem-icon-with-text gem-icon-with-text-icon-size-small\" ><div style=\"margin-bottom:0px;margin-top:0px; \" class=\"gem-icon-with-text-icon\"><div class=\"gem-icon gem-icon-pack-material gem-icon-size-small  gem-icon-shape-circle \"  style=\"border-color: #56b146;opacity: 1;\"><div class=\"gem-icon-inner\" style=\"background-color: #56b146;\"><span class=\"gem-icon-half-1\" style=\"color: #ffffff;\"><span class=\"back-angle\">&#xf582;<\/span><\/span><span class=\"gem-icon-half-2\" style=\"color: #ffffff;\"><span class=\"back-angle\">&#xf582;<\/span><\/span><\/div><\/div><\/div><div class=\"gem-icon-with-text-content\" ><div class=\"gem-icon-with-text-text\">[vc_custom_heading text=\u00a0\u00bbTransport : longues distances, restrictions l\u00e9gislatives et d&rsquo;infrastructure\u00a0\u00bb font_container=\u00a0\u00bbtag:div|font_size:21px|text_align:left\u00a0\u00bb use_theme_fonts=\u00a0\u00bbyes\u00a0\u00bb css=\u00a0\u00bb.vc_custom_1716387327521{padding-top: 12px !important;padding-left: 15px !important;}\u00a0\u00bb]<\/div><\/div><div class=\"clearboth\"><\/div><\/div><div class=\"gem-icon-with-text gem-icon-with-text-icon-size-small\" ><div style=\"margin-bottom:0px;margin-top:0px; \" class=\"gem-icon-with-text-icon\"><div class=\"gem-icon gem-icon-pack-fontawesome gem-icon-size-small  gem-icon-shape-circle \"  style=\"border-color: #56b146;opacity: 1;\"><div class=\"gem-icon-inner\" style=\"background-color: #56b146;\"><span class=\"gem-icon-half-1\" style=\"color: #ffffff;\"><span class=\"back-angle\">&#xf080;<\/span><\/span><span class=\"gem-icon-half-2\" style=\"color: #ffffff;\"><span class=\"back-angle\">&#xf080;<\/span><\/span><\/div><\/div><\/div><div class=\"gem-icon-with-text-content\" ><div class=\"gem-icon-with-text-text\">[vc_custom_heading text=\u00a0\u00bbR\u00e9colte : productivit\u00e9 et utilisation tr\u00e8s variables de l&rsquo;\u00e9quipement de r\u00e9colte \u00a0\u00bb font_container=\u00a0\u00bbtag:div|font_size:21px|text_align:left\u00a0\u00bb use_theme_fonts=\u00a0\u00bbyes\u00a0\u00bb css=\u00a0\u00bb.vc_custom_1716387449074{padding-top: 12px !important;padding-left: 15px !important;}\u00a0\u00bb]<\/div><\/div><div class=\"clearboth\"><\/div><\/div><div class=\"gem-icon-with-text gem-icon-with-text-icon-size-small\" ><div style=\"margin-bottom:0px;margin-top:0px; \" class=\"gem-icon-with-text-icon\"><div class=\"gem-icon gem-icon-pack-thegemdemo gem-icon-size-small  gem-icon-shape-circle \"  style=\"border-color: #56b146;opacity: 1;\"><div class=\"gem-icon-inner\" style=\"background-color: #56b146;\"><span class=\"gem-icon-half-1\" style=\"color: #ffffff;\"><span class=\"back-angle\">&#xe908;<\/span><\/span><span class=\"gem-icon-half-2\" style=\"color: #ffffff;\"><span class=\"back-angle\">&#xe908;<\/span><\/span><\/div><\/div><\/div><div class=\"gem-icon-with-text-content\" ><div class=\"gem-icon-with-text-text\">[vc_custom_heading text=\u00a0\u00bbAtteinte des objectifs sociaux et organisationnels de r\u00e9duction des GES\u00a0\u00bb font_container=\u00a0\u00bbtag:div|font_size:21px|text_align:left\u00a0\u00bb use_theme_fonts=\u00a0\u00bbyes\u00a0\u00bb css=\u00a0\u00bb.vc_custom_1716387474762{padding-top: 12px !important;padding-left: 15px !important;}\u00a0\u00bb]<\/div><\/div><div class=\"clearboth\"><\/div><\/div><\/div><\/div><\/div>[\/vc_column_inner][\/vc_row_inner][\/vc_column][\/vc_row][vc_row][vc_column]<div class=\"clearboth\"><\/div><style>#thegem-divider-69e36135e62c6 {margin-top: 25px !important;}<\/style><div id=\"thegem-divider-69e36135e62c6\" class=\"gem-divider  \" style=\"\" ><\/div>[vc_custom_heading text=\u00a0\u00bbActions\u00a0\u00bb use_theme_fonts=\u00a0\u00bbyes\u00a0\u00bb][vc_custom_heading text=\u00a0\u00bbQue fait FPInnovations pour relever ces d\u00e9fis?\u00a0\u00bb font_container=\u00a0\u00bbtag:div|font_size:28px|text_align:left\u00a0\u00bb use_theme_fonts=\u00a0\u00bbyes\u00a0\u00bb css=\u00a0\u00bb\u00a0\u00bb]<div class=\"clearboth\"><\/div><style>#thegem-divider-69e36135e6300 {margin-top: 50px !important;}<\/style><div id=\"thegem-divider-69e36135e6300\" class=\"gem-divider  \" style=\"\" ><\/div>[vc_row_inner][vc_column_inner]<div class=\"gem-textbox \"  ><div class=\"gem-textbox-inner\" style=\"border-top-right-radius: 55px;border-bottom-right-radius: 55px;border-bottom-left-radius: 55px;\"><div class=\"gem-textbox-content\" style=\"background-color: #f4f6f7;background-position: center top;padding-left: 40px;\"><div class=\"gem-icon-with-text gem-icon-with-text-icon-size-small\" ><div style=\"margin-bottom:0px;margin-top:0px; \" class=\"gem-icon-with-text-icon\"><div class=\"gem-icon gem-icon-pack-fontawesome gem-icon-size-small  gem-icon-shape-circle \"  style=\"border-color: #56b146;opacity: 1;\"><div class=\"gem-icon-inner\" style=\"background-color: #56b146;\"><span class=\"gem-icon-half-1\" style=\"color: #ffffff;\"><span class=\"back-angle\">&#xf0d1;<\/span><\/span><span class=\"gem-icon-half-2\" style=\"color: #ffffff;\"><span class=\"back-angle\">&#xf0d1;<\/span><\/span><\/div><\/div><\/div><div class=\"gem-icon-with-text-content\" ><div class=\"gem-icon-with-text-text\">[vc_custom_heading text=\u00a0\u00bbAm\u00e9liorer l&rsquo;efficacit\u00e9 du transport gr\u00e2ce \u00e0 des charges utiles plus \u00e9lev\u00e9es et \u00e0 des routes d\u00e9di\u00e9es\u00a0\u00bb font_container=\u00a0\u00bbtag:div|font_size:21px|text_align:left\u00a0\u00bb use_theme_fonts=\u00a0\u00bbyes\u00a0\u00bb css=\u00a0\u00bb.vc_custom_1716388446410{padding-top: 12px !important;padding-left: 15px !important;}\u00a0\u00bb]<\/div><\/div><div class=\"clearboth\"><\/div><\/div><div class=\"gem-icon-with-text gem-icon-with-text-icon-size-small\" ><div style=\"margin-bottom:0px;margin-top:0px; \" class=\"gem-icon-with-text-icon\"><div class=\"gem-icon gem-icon-pack-fontawesome gem-icon-size-small  gem-icon-shape-circle \"  style=\"border-color: #56b146;opacity: 1;\"><div class=\"gem-icon-inner\" style=\"background-color: #56b146;\"><span class=\"gem-icon-half-1\" style=\"color: #ffffff;\"><span class=\"back-angle\">&#xf018;<\/span><\/span><span class=\"gem-icon-half-2\" style=\"color: #ffffff;\"><span class=\"back-angle\">&#xf018;<\/span><\/span><\/div><\/div><\/div><div class=\"gem-icon-with-text-content\" ><div class=\"gem-icon-with-text-text\">[vc_custom_heading text=\u00a0\u00bbAssumer le leadership pour l&rsquo;int\u00e9gration, la r\u00e9duction des risques et la mise en \u0153uvre de v\u00e9hicules \u00e0 faibles \u00e9missions (LEV\/ZEV)\u00a0\u00bb font_container=\u00a0\u00bbtag:div|font_size:21px|text_align:left\u00a0\u00bb use_theme_fonts=\u00a0\u00bbyes\u00a0\u00bb css=\u00a0\u00bb.vc_custom_1716388498049{padding-top: 0px !important;padding-left: 15px !important;}\u00a0\u00bb]<\/div><\/div><div class=\"clearboth\"><\/div><\/div><div class=\"gem-icon-with-text gem-icon-with-text-icon-size-small\" ><div style=\"margin-bottom:0px;margin-top:0px; \" class=\"gem-icon-with-text-icon\"><div class=\"gem-icon gem-icon-pack-fontawesome gem-icon-size-small  gem-icon-shape-circle \"  style=\"border-color: #56b146;opacity: 1;\"><div class=\"gem-icon-inner\" style=\"background-color: #56b146;\"><span class=\"gem-icon-half-1\" style=\"color: #ffffff;\"><span class=\"back-angle\">&#xf0ee;<\/span><\/span><span class=\"gem-icon-half-2\" style=\"color: #ffffff;\"><span class=\"back-angle\">&#xf0ee;<\/span><\/span><\/div><\/div><\/div><div class=\"gem-icon-with-text-content\" ><div class=\"gem-icon-with-text-text\">[vc_custom_heading text=\u00a0\u00bbTirer parti des solutions de transformation num\u00e9rique pour am\u00e9liorer l&rsquo;efficacit\u00e9 de la r\u00e9colte et du transport, la productivit\u00e9 et la r\u00e9cup\u00e9ration de la fibre \u00a0\u00bb font_container=\u00a0\u00bbtag:div|font_size:21px|text_align:left\u00a0\u00bb use_theme_fonts=\u00a0\u00bbyes\u00a0\u00bb css=\u00a0\u00bb.vc_custom_1716388550423{padding-top: 0px !important;padding-left: 15px !important;}\u00a0\u00bb]<\/div><\/div><div class=\"clearboth\"><\/div><\/div><\/div><\/div><\/div>[\/vc_column_inner][\/vc_row_inner][\/vc_column][\/vc_row]<\/p>\n<\/div>","protected":false},"excerpt":{"rendered":"<p>[vc_row][vc_column][vc_custom_heading text=\u00a0\u00bbD\u00e9fis\u00a0\u00bb use_theme_fonts=\u00a0\u00bbyes\u00a0\u00bb css=\u00a0\u00bb\u00a0\u00bb][vc_custom_heading text=\u00a0\u00bbQuels sont les probl\u00e8mes de l\u2019industrie dans ce domaine?\u00a0\u00bb font_container=\u00a0\u00bbtag:div|font_size:28px|text_align:left\u00a0\u00bb use_theme_fonts=\u00a0\u00bbyes\u00a0\u00bb css=\u00a0\u00bb\u00a0\u00bb][vc_row_inner][vc_column_inner][\/vc_column_inner][\/vc_row_inner][\/vc_column][\/vc_row][vc_row][vc_column][vc_custom_heading text=\u00a0\u00bbActions\u00a0\u00bb use_theme_fonts=\u00a0\u00bbyes\u00a0\u00bb][vc_custom_heading text=\u00a0\u00bbQue fait FPInnovations pour relever ces d\u00e9fis?\u00a0\u00bb font_container=\u00a0\u00bbtag:div|font_size:28px|text_align:left\u00a0\u00bb use_theme_fonts=\u00a0\u00bbyes\u00a0\u00bb css=\u00a0\u00bb\u00a0\u00bb][vc_row_inner][vc_column_inner][\/vc_column_inner][\/vc_row_inner][\/vc_column][\/vc_row]<\/p>\n","protected":false},"author":24,"featured_media":0,"parent":31131,"menu_order":0,"comment_status":"closed","ping_status":"closed","template":"","meta":{"_acf_changed":false,"footnotes":""},"class_list":["post-299548","page","type-page","status-publish"],"acf":[],"yoast_head":"<!-- This site is optimized with the Yoast SEO plugin v27.4 - https:\/\/yoast.com\/product\/yoast-seo-wordpress\/ -->\n<title>Co\u00fbt et valeur de la fibre - FPInnovations<\/title>\n<meta name=\"robots\" content=\"index, follow, max-snippet:-1, max-image-preview:large, max-video-preview:-1\" \/>\n<link rel=\"canonical\" href=\"https:\/\/web.fpinnovations.ca\/fr\/operations-forestieres\/cout-et-valeur-de-la-fibre\/\" \/>\n<meta property=\"og:locale\" content=\"fr_FR\" \/>\n<meta property=\"og:type\" content=\"article\" \/>\n<meta property=\"og:title\" content=\"Co\u00fbt et valeur de la fibre - FPInnovations\" \/>\n<meta property=\"og:description\" content=\"[vc_row][vc_column][vc_custom_heading text=\u00a0\u00bbD\u00e9fis\u00a0\u00bb use_theme_fonts=\u00a0\u00bbyes\u00a0\u00bb css=\u00a0\u00bb\u00a0\u00bb][vc_custom_heading text=\u00a0\u00bbQuels sont les probl\u00e8mes de l\u2019industrie dans ce domaine?\u00a0\u00bb font_container=\u00a0\u00bbtag:div|font_size:28px|text_align:left\u00a0\u00bb use_theme_fonts=\u00a0\u00bbyes\u00a0\u00bb css=\u00a0\u00bb\u00a0\u00bb][vc_row_inner][vc_column_inner][\/vc_column_inner][\/vc_row_inner][\/vc_column][\/vc_row][vc_row][vc_column][vc_custom_heading text=\u00a0\u00bbActions\u00a0\u00bb use_theme_fonts=\u00a0\u00bbyes\u00a0\u00bb][vc_custom_heading text=\u00a0\u00bbQue fait FPInnovations pour relever ces d\u00e9fis?\u00a0\u00bb font_container=\u00a0\u00bbtag:div|font_size:28px|text_align:left\u00a0\u00bb use_theme_fonts=\u00a0\u00bbyes\u00a0\u00bb css=\u00a0\u00bb\u00a0\u00bb][vc_row_inner][vc_column_inner][\/vc_column_inner][\/vc_row_inner][\/vc_column][\/vc_row]\" \/>\n<meta property=\"og:url\" content=\"https:\/\/web.fpinnovations.ca\/fr\/operations-forestieres\/cout-et-valeur-de-la-fibre\/\" \/>\n<meta property=\"og:site_name\" content=\"FPInnovations\" \/>\n<meta property=\"article:modified_time\" content=\"2024-05-29T17:17:43+00:00\" \/>\n<meta name=\"twitter:card\" content=\"summary_large_image\" \/>\n<meta name=\"twitter:label1\" content=\"Dur\u00e9e de lecture estim\u00e9e\" \/>\n\t<meta name=\"twitter:data1\" content=\"1 minute\" \/>\n<script type=\"application\/ld+json\" class=\"yoast-schema-graph\">{\"@context\":\"https:\\\/\\\/schema.org\",\"@graph\":[{\"@type\":\"WebPage\",\"@id\":\"https:\\\/\\\/web.fpinnovations.ca\\\/fr\\\/operations-forestieres\\\/cout-et-valeur-de-la-fibre\\\/\",\"url\":\"https:\\\/\\\/web.fpinnovations.ca\\\/fr\\\/operations-forestieres\\\/cout-et-valeur-de-la-fibre\\\/\",\"name\":\"Co\u00fbt et valeur de la fibre - FPInnovations\",\"isPartOf\":{\"@id\":\"https:\\\/\\\/web.fpinnovations.ca\\\/fr\\\/#website\"},\"datePublished\":\"2024-05-28T13:51:27+00:00\",\"dateModified\":\"2024-05-29T17:17:43+00:00\",\"breadcrumb\":{\"@id\":\"https:\\\/\\\/web.fpinnovations.ca\\\/fr\\\/operations-forestieres\\\/cout-et-valeur-de-la-fibre\\\/#breadcrumb\"},\"inLanguage\":\"fr-FR\",\"potentialAction\":[{\"@type\":\"ReadAction\",\"target\":[\"https:\\\/\\\/web.fpinnovations.ca\\\/fr\\\/operations-forestieres\\\/cout-et-valeur-de-la-fibre\\\/\"]}]},{\"@type\":\"BreadcrumbList\",\"@id\":\"https:\\\/\\\/web.fpinnovations.ca\\\/fr\\\/operations-forestieres\\\/cout-et-valeur-de-la-fibre\\\/#breadcrumb\",\"itemListElement\":[{\"@type\":\"ListItem\",\"position\":1,\"name\":\"Home\",\"item\":\"https:\\\/\\\/web.fpinnovations.ca\\\/fr\\\/\"},{\"@type\":\"ListItem\",\"position\":2,\"name\":\"Op\u00e9rations foresti\u00e8res\",\"item\":\"https:\\\/\\\/web.fpinnovations.ca\\\/fr\\\/operations-forestieres\\\/\"},{\"@type\":\"ListItem\",\"position\":3,\"name\":\"Co\u00fbt et valeur de la fibre\"}]},{\"@type\":\"WebSite\",\"@id\":\"https:\\\/\\\/web.fpinnovations.ca\\\/fr\\\/#website\",\"url\":\"https:\\\/\\\/web.fpinnovations.ca\\\/fr\\\/\",\"name\":\"FPInnovations\",\"description\":\"\",\"potentialAction\":[{\"@type\":\"SearchAction\",\"target\":{\"@type\":\"EntryPoint\",\"urlTemplate\":\"https:\\\/\\\/web.fpinnovations.ca\\\/fr\\\/?s={search_term_string}\"},\"query-input\":{\"@type\":\"PropertyValueSpecification\",\"valueRequired\":true,\"valueName\":\"search_term_string\"}}],\"inLanguage\":\"fr-FR\"}]}<\/script>\n<!-- \/ Yoast SEO plugin. -->","yoast_head_json":{"title":"Co\u00fbt et valeur de la fibre - FPInnovations","robots":{"index":"index","follow":"follow","max-snippet":"max-snippet:-1","max-image-preview":"max-image-preview:large","max-video-preview":"max-video-preview:-1"},"canonical":"https:\/\/web.fpinnovations.ca\/fr\/operations-forestieres\/cout-et-valeur-de-la-fibre\/","og_locale":"fr_FR","og_type":"article","og_title":"Co\u00fbt et valeur de la fibre - FPInnovations","og_description":"[vc_row][vc_column][vc_custom_heading text=\u00a0\u00bbD\u00e9fis\u00a0\u00bb use_theme_fonts=\u00a0\u00bbyes\u00a0\u00bb css=\u00a0\u00bb\u00a0\u00bb][vc_custom_heading text=\u00a0\u00bbQuels sont les probl\u00e8mes de l\u2019industrie dans ce domaine?\u00a0\u00bb font_container=\u00a0\u00bbtag:div|font_size:28px|text_align:left\u00a0\u00bb use_theme_fonts=\u00a0\u00bbyes\u00a0\u00bb css=\u00a0\u00bb\u00a0\u00bb][vc_row_inner][vc_column_inner][\/vc_column_inner][\/vc_row_inner][\/vc_column][\/vc_row][vc_row][vc_column][vc_custom_heading text=\u00a0\u00bbActions\u00a0\u00bb use_theme_fonts=\u00a0\u00bbyes\u00a0\u00bb][vc_custom_heading text=\u00a0\u00bbQue fait FPInnovations pour relever ces d\u00e9fis?\u00a0\u00bb font_container=\u00a0\u00bbtag:div|font_size:28px|text_align:left\u00a0\u00bb use_theme_fonts=\u00a0\u00bbyes\u00a0\u00bb css=\u00a0\u00bb\u00a0\u00bb][vc_row_inner][vc_column_inner][\/vc_column_inner][\/vc_row_inner][\/vc_column][\/vc_row]","og_url":"https:\/\/web.fpinnovations.ca\/fr\/operations-forestieres\/cout-et-valeur-de-la-fibre\/","og_site_name":"FPInnovations","article_modified_time":"2024-05-29T17:17:43+00:00","twitter_card":"summary_large_image","twitter_misc":{"Dur\u00e9e de lecture estim\u00e9e":"1 minute"},"schema":{"@context":"https:\/\/schema.org","@graph":[{"@type":"WebPage","@id":"https:\/\/web.fpinnovations.ca\/fr\/operations-forestieres\/cout-et-valeur-de-la-fibre\/","url":"https:\/\/web.fpinnovations.ca\/fr\/operations-forestieres\/cout-et-valeur-de-la-fibre\/","name":"Co\u00fbt et valeur de la fibre - FPInnovations","isPartOf":{"@id":"https:\/\/web.fpinnovations.ca\/fr\/#website"},"datePublished":"2024-05-28T13:51:27+00:00","dateModified":"2024-05-29T17:17:43+00:00","breadcrumb":{"@id":"https:\/\/web.fpinnovations.ca\/fr\/operations-forestieres\/cout-et-valeur-de-la-fibre\/#breadcrumb"},"inLanguage":"fr-FR","potentialAction":[{"@type":"ReadAction","target":["https:\/\/web.fpinnovations.ca\/fr\/operations-forestieres\/cout-et-valeur-de-la-fibre\/"]}]},{"@type":"BreadcrumbList","@id":"https:\/\/web.fpinnovations.ca\/fr\/operations-forestieres\/cout-et-valeur-de-la-fibre\/#breadcrumb","itemListElement":[{"@type":"ListItem","position":1,"name":"Home","item":"https:\/\/web.fpinnovations.ca\/fr\/"},{"@type":"ListItem","position":2,"name":"Op\u00e9rations foresti\u00e8res","item":"https:\/\/web.fpinnovations.ca\/fr\/operations-forestieres\/"},{"@type":"ListItem","position":3,"name":"Co\u00fbt et valeur de la fibre"}]},{"@type":"WebSite","@id":"https:\/\/web.fpinnovations.ca\/fr\/#website","url":"https:\/\/web.fpinnovations.ca\/fr\/","name":"FPInnovations","description":"","potentialAction":[{"@type":"SearchAction","target":{"@type":"EntryPoint","urlTemplate":"https:\/\/web.fpinnovations.ca\/fr\/?s={search_term_string}"},"query-input":{"@type":"PropertyValueSpecification","valueRequired":true,"valueName":"search_term_string"}}],"inLanguage":"fr-FR"}]}},"_links":{"self":[{"href":"https:\/\/web.fpinnovations.ca\/fr\/wp-json\/wp\/v2\/pages\/299548","targetHints":{"allow":["GET"]}}],"collection":[{"href":"https:\/\/web.fpinnovations.ca\/fr\/wp-json\/wp\/v2\/pages"}],"about":[{"href":"https:\/\/web.fpinnovations.ca\/fr\/wp-json\/wp\/v2\/types\/page"}],"author":[{"embeddable":true,"href":"https:\/\/web.fpinnovations.ca\/fr\/wp-json\/wp\/v2\/users\/24"}],"replies":[{"embeddable":true,"href":"https:\/\/web.fpinnovations.ca\/fr\/wp-json\/wp\/v2\/comments?post=299548"}],"version-history":[{"count":2,"href":"https:\/\/web.fpinnovations.ca\/fr\/wp-json\/wp\/v2\/pages\/299548\/revisions"}],"predecessor-version":[{"id":299550,"href":"https:\/\/web.fpinnovations.ca\/fr\/wp-json\/wp\/v2\/pages\/299548\/revisions\/299550"}],"up":[{"embeddable":true,"href":"https:\/\/web.fpinnovations.ca\/fr\/wp-json\/wp\/v2\/pages\/31131"}],"wp:attachment":[{"href":"https:\/\/web.fpinnovations.ca\/fr\/wp-json\/wp\/v2\/media?parent=299548"}],"curies":[{"name":"wp","href":"https:\/\/api.w.org\/{rel}","templated":true}]}}