{"id":299306,"date":"2024-03-14T14:53:27","date_gmt":"2024-03-14T18:53:27","guid":{"rendered":"https:\/\/web.fpinnovations.ca\/?page_id=299306"},"modified":"2024-03-26T10:37:17","modified_gmt":"2024-03-26T14:37:17","slug":"hygrothermal","status":"publish","type":"page","link":"https:\/\/web.fpinnovations.ca\/fr\/hygrothermal\/","title":{"rendered":"Guide de mod\u00e9lisation hygrothermique des b\u00e2timents en bois"},"content":{"rendered":"<div class=\"wpb-content-wrapper\"><p>[vc_row full_width=\u00a0\u00bbstretch_row_content\u00a0\u00bb disable_element=\u00a0\u00bbyes\u00a0\u00bb][vc_column][vc_btn title=\u00a0\u00bbConsulter la version fran\u00e7aise de cette page\u00a0\u00bb style=\u00a0\u00bbflat\u00a0\u00bb shape=\u00a0\u00bbround\u00a0\u00bb size=\u00a0\u00bbsm\u00a0\u00bb align=\u00a0\u00bbright\u00a0\u00bb css_animation=\u00a0\u00bbfadeIn\u00a0\u00bb link=\u00a0\u00bburl:https%3A%2F%2Fweb.fpinnovations.ca%2Ffr%2Ftcc|||\u00a0\u00bb][\/vc_column][\/vc_row][vc_row][vc_column][vc_empty_space height=\u00a0\u00bb0px\u00a0\u00bb][vc_custom_heading text=\u00a0\u00bbGuide de mod\u00e9lisation hygrothermique des b\u00e2timents en bois\u00a0\u00bb font_container=\u00a0\u00bbtag:h1|font_size:72px|text_align:center|line_height:1.1&Prime; use_theme_fonts=\u00a0\u00bbyes\u00a0\u00bb css=\u00a0\u00bb.vc_custom_1708715259384{margin-bottom: 0px !important;padding-bottom: 0px !important;}\u00a0\u00bb][vc_empty_space height=\u00a0\u00bb0px\u00a0\u00bb][\/vc_column][\/vc_row][vc_row full_width=\u00a0\u00bbstretch_row_content_no_spaces\u00a0\u00bb content_placement=\u00a0\u00bbmiddle\u00a0\u00bb][vc_column width=\u00a0\u00bb1\/2&Prime; css=\u00a0\u00bb.vc_custom_1689347594484{background-position: center !important;background-repeat: no-repeat !important;background-size: contain !important;}\u00a0\u00bb][vc_single_image image=\u00a0\u00bb299347&Prime; img_size=\u00a0\u00bblarge\u00a0\u00bb css=\u00a0\u00bb.vc_custom_1711463812040{padding-left: 100px !important;}\u00a0\u00bb][\/vc_column][vc_column width=\u00a0\u00bb1\/2&Prime; css=\u00a0\u00bb.vc_custom_1581970996020{padding-left: 25px !important;}\u00a0\u00bb][vc_empty_space height=\u00a0\u00bb175px\u00a0\u00bb][vc_custom_heading text=\u00a0\u00bb<strong>Pour obtenir une copie<\/strong>\u00a0\u00bb font_container=\u00a0\u00bbtag:p|font_size:40px|text_align:left|line_height:1.1&Prime; google_fonts=\u00a0\u00bbfont_family:Montserrat%20UltraLight%3Aregular|font_style:400%20regular%3A400%3Anormal\u00a0\u00bb][vc_column_text]<div class='w3eden'><!-- WPDM Link Template: Link\/Button Popup -->\n<a href='#unlock' class='wpdm-download-link wpdm-download-locked btn btn-primary btn-lg' data-package='299326'>T\u00c9L\u00c9CHARGER LE PDF GRATUIT (EN ANGLAIS)<\/a><\/div>[\/vc_column_text][vc_btn title=\u00a0\u00bb<strong>ACHETER UNE COPIE PAPIER (EN ANGLAIS) <\/strong>\u00a0\u00bb style=\u00a0\u00bbflat\u00a0\u00bb shape=\u00a0\u00bbround\u00a0\u00bb color=\u00a0\u00bbgreen\u00a0\u00bb size=\u00a0\u00bblg\u00a0\u00bb link=\u00a0\u00bburl:https%3A%2F%2Fa.co%2Fd%2F8yUm6A4|target:_blank\u00a0\u00bb][vc_custom_heading text=\u00a0\u00bbIl est \u00e0 noter que le guide est en anglais seulement\u00a0\u00bb font_container=\u00a0\u00bbtag:p|font_size:26|text_align:left|line_height:1.1&Prime; google_fonts=\u00a0\u00bbfont_family:Montserrat%20UltraLight%3Aregular|font_style:400%20regular%3A400%3Anormal\u00a0\u00bb][vc_empty_space height=\u00a0\u00bb240px\u00a0\u00bb][\/vc_column][\/vc_row][vc_row css=\u00a0\u00bb.vc_custom_1687466266162{padding-top: 0px !important;padding-bottom: 0px !important;}\u00a0\u00bb][vc_column][vc_custom_heading text=\u00a0\u00bbLes professionnels de la conception de b\u00e2timents, tels que les architectes et les ing\u00e9nieurs, disposent maintenant d&rsquo;une ressource pr\u00e9cieuse pour am\u00e9liorer la coh\u00e9rence et la pr\u00e9cision lors de la mod\u00e9lisation hygrothermique.\u00a0\u00bb font_container=\u00a0\u00bbtag:p|font_size:25px|text_align:left|line_height:1.65&Prime; google_fonts=\u00a0\u00bbfont_family:Montserrat%20UltraLight%3Aregular|font_style:400%20regular%3A400%3Anormal\u00a0\u00bb css=\u00a0\u00bb.vc_custom_1708715513166{padding-top: 0px !important;}\u00a0\u00bb][vc_custom_heading text=\u00a0\u00bbLa mod\u00e9lisation hygrothermique est un outil qui simule le mouvement de la chaleur, de la vapeur et de l&rsquo;eau \u00e0 travers des mat\u00e9riaux dans diverses conditions environnementales. Les praticiens peuvent utiliser les r\u00e9sultats de la mod\u00e9lisation pour affiner les assemblages d&rsquo;enveloppes de b\u00e2timents afin d&rsquo;am\u00e9liorer la durabilit\u00e9 des b\u00e2timents.\u00a0\u00bb font_container=\u00a0\u00bbtag:p|font_size:25px|text_align:left|line_height:1.65&Prime; google_fonts=\u00a0\u00bbfont_family:Montserrat%20UltraLight%3Aregular|font_style:400%20regular%3A400%3Anormal\u00a0\u00bb css=\u00a0\u00bb.vc_custom_1708716495429{padding-top: 0px !important;}\u00a0\u00bb][vc_custom_heading text=\u00a0\u00bbPour que les simulations soient utiles, les praticiens doivent conna\u00eetre non seulement le logiciel de mod\u00e9lisation lui-m\u00eame, mais aussi la physique des b\u00e2timents et des mat\u00e9riaux. Ce guide met l&rsquo;accent sur les principales propri\u00e9t\u00e9s hygrothermiques des mat\u00e9riaux de construction en bois, y compris les panneaux de copeaux orient\u00e9s (OSB), le contreplaqu\u00e9, le bois d\u2019\u0153uvre, le bois lamell\u00e9-crois\u00e9 (CLT) et les panneaux isolants en fibre de bois rigide.\u00a0\u00bb font_container=\u00a0\u00bbtag:p|font_size:25px|text_align:left|line_height:1.65&Prime; google_fonts=\u00a0\u00bbfont_family:Montserrat%20UltraLight%3Aregular|font_style:400%20regular%3A400%3Anormal\u00a0\u00bb css=\u00a0\u00bb.vc_custom_1708716682980{padding-top: 0px !important;}\u00a0\u00bb][\/vc_column][\/vc_row][vc_row disable_element=\u00a0\u00bbyes\u00a0\u00bb css=\u00a0\u00bb.vc_custom_1708118082797{padding-top: 35px !important;padding-bottom: 35px !important;}\u00a0\u00bb][vc_column][vc_custom_heading text=\u00a0\u00bb<strong>\u00c0 l&rsquo;int\u00e9rieur du guide<\/strong>\u00a0\u00bb font_container=\u00a0\u00bbtag:p|font_size:40px|text_align:center|line_height:1.1&Prime; google_fonts=\u00a0\u00bbfont_family:Montserrat%20UltraLight%3Aregular|font_style:400%20regular%3A400%3Anormal\u00a0\u00bb][vc_row_inner][vc_column_inner][vc_custom_heading text=\u00a0\u00bb\u2022 Information sur les intrants et les hypoth\u00e8ses de mod\u00e9lisation, y compris les conditions aux limites et les propri\u00e9t\u00e9s physiques des principaux mat\u00e9riaux de bois utilis\u00e9s dans la construction \u00e0 ossature l\u00e9g\u00e8re en bois et en bois massif qui ont \u00e9t\u00e9 valid\u00e9s par rapport aux mesures visant \u00e0 am\u00e9liorer la mod\u00e9lisation hygrothermique\u00a0\u00bb font_container=\u00a0\u00bbtag:p|font_size:25px|text_align:left|line_height:1.65&Prime; google_fonts=\u00a0\u00bbfont_family:Montserrat%20UltraLight%3Aregular|font_style:400%20regular%3A400%3Anormal\u00a0\u00bb css=\u00a0\u00bb.vc_custom_1708716581720{padding-left: 25px !important;}\u00a0\u00bb][vc_custom_heading text=\u00a0\u00bb\u2022 Information sur les extrants et les r\u00e9percussions de la mod\u00e9lisation, y compris les \u00e9valuations du rendement li\u00e9es \u00e0 la croissance de moisissure, d\u00e9gradation du bois et \u00e0 la corrosion des pi\u00e8ces d&rsquo;attache m\u00e9talliques\u00a0\u00bb font_container=\u00a0\u00bbtag:p|font_size:25px|text_align:left|line_height:1.65&Prime; google_fonts=\u00a0\u00bbfont_family:Montserrat%20UltraLight%3Aregular|font_style:400%20regular%3A400%3Anormal\u00a0\u00bb css=\u00a0\u00bb.vc_custom_1708716617181{padding-left: 25px !important;}\u00a0\u00bb][vc_custom_heading text=\u00a0\u00bb\u2022 Exemples de mod\u00e9lisation hygrothermique pour les assemblages \u00e0 base de bois.\u00a0\u00bb font_container=\u00a0\u00bbtag:p|font_size:25px|text_align:left|line_height:1.65&Prime; google_fonts=\u00a0\u00bbfont_family:Montserrat%20UltraLight%3Aregular|font_style:400%20regular%3A400%3Anormal\u00a0\u00bb css=\u00a0\u00bb.vc_custom_1708716655567{padding-left: 25px !important;}\u00a0\u00bb][\/vc_column_inner][\/vc_row_inner][\/vc_column][\/vc_row][vc_row css=\u00a0\u00bb.vc_custom_1687467904391{padding-top: 35px !important;padding-bottom: 35px !important;}\u00a0\u00bb][vc_column][vc_custom_heading text=\u00a0\u00bb<strong>\u00c0 l&rsquo;int\u00e9rieur du guide<\/strong>\u00a0\u00bb font_container=\u00a0\u00bbtag:p|font_size:40px|text_align:center|line_height:1.1&Prime; google_fonts=\u00a0\u00bbfont_family:Montserrat%20UltraLight%3Aregular|font_style:400%20regular%3A400%3Anormal\u00a0\u00bb][vc_row_inner][vc_column_inner width=\u00a0\u00bb1\/4&Prime;][vc_custom_heading text=\u00a0\u00bbExemples de mod\u00e9lisation hygrothermique pour les assemblages \u00e0 base de bois\u00a0\u00bb font_container=\u00a0\u00bbtag:p|font_size:20px|text_align:left|line_height:1.65&Prime; google_fonts=\u00a0\u00bbfont_family:Montserrat%20UltraLight%3Aregular|font_style:400%20regular%3A400%3Anormal\u00a0\u00bb css=\u00a0\u00bb.vc_custom_1708716718794{padding-left: 25px !important;}\u00a0\u00bb][\/vc_column_inner][vc_column_inner width=\u00a0\u00bb1\/2&Prime;][vc_custom_heading text=\u00a0\u00bbInformation sur les intrants et les hypoth\u00e8ses de mod\u00e9lisation, y compris les conditions aux limites et les propri\u00e9t\u00e9s physiques des principaux mat\u00e9riaux de bois utilis\u00e9s dans la construction \u00e0 ossature l\u00e9g\u00e8re en bois et en bois massif qui ont \u00e9t\u00e9 valid\u00e9s par rapport aux mesures visant \u00e0 am\u00e9liorer la mod\u00e9lisation hygrothermique\u00a0\u00bb font_container=\u00a0\u00bbtag:p|font_size:20px|text_align:left|line_height:1.65&Prime; google_fonts=\u00a0\u00bbfont_family:Montserrat%20UltraLight%3Aregular|font_style:400%20regular%3A400%3Anormal\u00a0\u00bb css=\u00a0\u00bb.vc_custom_1708716838322{padding-left: 25px !important;}\u00a0\u00bb][\/vc_column_inner][vc_column_inner width=\u00a0\u00bb1\/4&Prime;][vc_custom_heading text=\u00a0\u00bbInformation sur les extrants et les r\u00e9percussions de la mod\u00e9lisation, y compris les \u00e9valuations du rendement li\u00e9es \u00e0 la croissance de moisissure, d\u00e9gradation du bois et \u00e0 la corrosion des pi\u00e8ces d&rsquo;attache m\u00e9talliques\u00a0\u00bb font_container=\u00a0\u00bbtag:p|font_size:20px|text_align:left|line_height:1.65&Prime; google_fonts=\u00a0\u00bbfont_family:Montserrat%20UltraLight%3Aregular|font_style:400%20regular%3A400%3Anormal\u00a0\u00bb css=\u00a0\u00bb.vc_custom_1708716775609{padding-left: 25px !important;}\u00a0\u00bb][\/vc_column_inner][\/vc_row_inner][\/vc_column][\/vc_row][vc_row css=\u00a0\u00bb.vc_custom_1687468237297{padding-top: 35px !important;padding-bottom: 35px !important;}\u00a0\u00bb background_color_tablet=\u00a0\u00bb#dbdbdb\u00a0\u00bb][vc_column][vc_custom_heading text=\u00a0\u00bb<strong>Ressources suppl\u00e9mentaires sur la construction en bois<\/strong>\u00a0\u00bb font_container=\u00a0\u00bbtag:p|font_size:40px|text_align:center|line_height:1.1&Prime; google_fonts=\u00a0\u00bbfont_family:Montserrat%20UltraLight%3Aregular|font_style:400%20regular%3A400%3Anormal\u00a0\u00bb css=\u00a0\u00bb.vc_custom_1708716955303{padding-top: 0px !important;}\u00a0\u00bb][vc_row_inner][vc_column_inner width=\u00a0\u00bb1\/2&Prime;][vc_images_carousel images=\u00a0\u00bb297939,295502,293096,291637,286966,291635&Prime; img_size=\u00a0\u00bb500&#215;500&Prime; speed=\u00a0\u00bb4000&Prime; autoplay=\u00a0\u00bbyes\u00a0\u00bb wrap=\u00a0\u00bbyes\u00a0\u00bb][\/vc_column_inner][vc_column_inner width=\u00a0\u00bb1\/2&Prime;][vc_empty_space height=\u00a0\u00bb50px\u00a0\u00bb][vc_custom_heading text=\u00a0\u00bbFPInnovations propose de nombreuses ressources \u00e0 l\u2019intention des professionnels \u0153uvrant dans le domaine de la construction de b\u00e2timents en bois.\u00a0\u00bb font_container=\u00a0\u00bbtag:p|font_size:25px|text_align:left|line_height:1.65&Prime; google_fonts=\u00a0\u00bbfont_family:Montserrat%20UltraLight%3Aregular|font_style:400%20regular%3A400%3Anormal\u00a0\u00bb css=\u00a0\u00bb.vc_custom_1708716977465{padding-top: 0px !important;}\u00a0\u00bb][vc_btn title=\u00a0\u00bb<strong>EN SAVOIR PLUS<\/strong>\u00a0\u00bb style=\u00a0\u00bbflat\u00a0\u00bb shape=\u00a0\u00bbround\u00a0\u00bb color=\u00a0\u00bbgreen\u00a0\u00bb size=\u00a0\u00bblg\u00a0\u00bb link=\u00a0\u00bburl:https%3A%2F%2Fweb.fpinnovations.ca%2Ffr%2Favez-vous-deja-votre-exemplaire-gratuit-de-ces-guides-sur-la-construction-en-bois%2F%2F|target:_blank\u00a0\u00bb][\/vc_column_inner][\/vc_row_inner][\/vc_column][\/vc_row]<\/p>\n<\/div>","protected":false},"excerpt":{"rendered":"<p>[vc_row full_width=\u00a0\u00bbstretch_row_content\u00a0\u00bb disable_element=\u00a0\u00bbyes\u00a0\u00bb][vc_column][vc_btn title=\u00a0\u00bbConsulter la version fran\u00e7aise de cette page\u00a0\u00bb style=\u00a0\u00bbflat\u00a0\u00bb shape=\u00a0\u00bbround\u00a0\u00bb size=\u00a0\u00bbsm\u00a0\u00bb align=\u00a0\u00bbright\u00a0\u00bb css_animation=\u00a0\u00bbfadeIn\u00a0\u00bb link=\u00a0\u00bburl:https%3A%2F%2Fweb.fpinnovations.ca%2Ffr%2Ftcc|||\u00a0\u00bb][\/vc_column][\/vc_row][vc_row][vc_column][vc_empty_space height=\u00a0\u00bb0px\u00a0\u00bb][vc_custom_heading text=\u00a0\u00bbGuide de mod\u00e9lisation hygrothermique des b\u00e2timents en bois\u00a0\u00bb font_container=\u00a0\u00bbtag:h1|font_size:72px|text_align:center|line_height:1.1&Prime; use_theme_fonts=\u00a0\u00bbyes\u00a0\u00bb css=\u00a0\u00bb.vc_custom_1708715259384{margin-bottom: 0px !important;padding-bottom: 0px !important;}\u00a0\u00bb][vc_empty_space height=\u00a0\u00bb0px\u00a0\u00bb][\/vc_column][\/vc_row][vc_row full_width=\u00a0\u00bbstretch_row_content_no_spaces\u00a0\u00bb content_placement=\u00a0\u00bbmiddle\u00a0\u00bb][vc_column&#8230;<\/p>\n","protected":false},"author":11,"featured_media":0,"parent":0,"menu_order":0,"comment_status":"closed","ping_status":"closed","template":"","meta":{"_acf_changed":false,"footnotes":""},"class_list":["post-299306","page","type-page","status-publish"],"acf":[],"yoast_head":"<!-- This site is optimized with the Yoast SEO plugin v27.4 - https:\/\/yoast.com\/product\/yoast-seo-wordpress\/ -->\n<title>Guide de mod\u00e9lisation hygrothermique des b\u00e2timents en bois - FPInnovations<\/title>\n<meta name=\"robots\" content=\"index, follow, max-snippet:-1, max-image-preview:large, max-video-preview:-1\" \/>\n<link rel=\"canonical\" href=\"https:\/\/web.fpinnovations.ca\/fr\/hygrothermal\/\" \/>\n<meta property=\"og:locale\" content=\"fr_FR\" \/>\n<meta property=\"og:type\" content=\"article\" \/>\n<meta property=\"og:title\" content=\"Guide de mod\u00e9lisation hygrothermique des b\u00e2timents en bois - FPInnovations\" \/>\n<meta property=\"og:description\" content=\"[vc_row full_width=\u00a0\u00bbstretch_row_content\u00a0\u00bb disable_element=\u00a0\u00bbyes\u00a0\u00bb][vc_column][vc_btn title=\u00a0\u00bbConsulter la version fran\u00e7aise de cette page\u00a0\u00bb style=\u00a0\u00bbflat\u00a0\u00bb shape=\u00a0\u00bbround\u00a0\u00bb size=\u00a0\u00bbsm\u00a0\u00bb align=\u00a0\u00bbright\u00a0\u00bb css_animation=\u00a0\u00bbfadeIn\u00a0\u00bb link=\u00a0\u00bburl:https%3A%2F%2Fweb.fpinnovations.ca%2Ffr%2Ftcc|||\u00a0\u00bb][\/vc_column][\/vc_row][vc_row][vc_column][vc_empty_space height=\u00a0\u00bb0px\u00a0\u00bb][vc_custom_heading text=\u00a0\u00bbGuide de mod\u00e9lisation hygrothermique des b\u00e2timents en bois\u00a0\u00bb font_container=\u00a0\u00bbtag:h1|font_size:72px|text_align:center|line_height:1.1&Prime; use_theme_fonts=\u00a0\u00bbyes\u00a0\u00bb css=\u00a0\u00bb.vc_custom_1708715259384{margin-bottom: 0px !important;padding-bottom: 0px !important;}\u00a0\u00bb][vc_empty_space height=\u00a0\u00bb0px\u00a0\u00bb][\/vc_column][\/vc_row][vc_row full_width=\u00a0\u00bbstretch_row_content_no_spaces\u00a0\u00bb content_placement=\u00a0\u00bbmiddle\u00a0\u00bb][vc_column...\" \/>\n<meta property=\"og:url\" content=\"https:\/\/web.fpinnovations.ca\/fr\/hygrothermal\/\" \/>\n<meta property=\"og:site_name\" content=\"FPInnovations\" \/>\n<meta property=\"article:modified_time\" content=\"2024-03-26T14:37:17+00:00\" \/>\n<meta name=\"twitter:card\" content=\"summary_large_image\" \/>\n<meta name=\"twitter:label1\" content=\"Dur\u00e9e de lecture estim\u00e9e\" \/>\n\t<meta name=\"twitter:data1\" content=\"4 minutes\" \/>\n<script type=\"application\/ld+json\" class=\"yoast-schema-graph\">{\"@context\":\"https:\\\/\\\/schema.org\",\"@graph\":[{\"@type\":\"WebPage\",\"@id\":\"https:\\\/\\\/web.fpinnovations.ca\\\/fr\\\/hygrothermal\\\/\",\"url\":\"https:\\\/\\\/web.fpinnovations.ca\\\/fr\\\/hygrothermal\\\/\",\"name\":\"Guide de mod\u00e9lisation hygrothermique des b\u00e2timents en bois - FPInnovations\",\"isPartOf\":{\"@id\":\"https:\\\/\\\/web.fpinnovations.ca\\\/fr\\\/#website\"},\"datePublished\":\"2024-03-14T18:53:27+00:00\",\"dateModified\":\"2024-03-26T14:37:17+00:00\",\"breadcrumb\":{\"@id\":\"https:\\\/\\\/web.fpinnovations.ca\\\/fr\\\/hygrothermal\\\/#breadcrumb\"},\"inLanguage\":\"fr-FR\",\"potentialAction\":[{\"@type\":\"ReadAction\",\"target\":[\"https:\\\/\\\/web.fpinnovations.ca\\\/fr\\\/hygrothermal\\\/\"]}]},{\"@type\":\"BreadcrumbList\",\"@id\":\"https:\\\/\\\/web.fpinnovations.ca\\\/fr\\\/hygrothermal\\\/#breadcrumb\",\"itemListElement\":[{\"@type\":\"ListItem\",\"position\":1,\"name\":\"Home\",\"item\":\"https:\\\/\\\/web.fpinnovations.ca\\\/fr\\\/\"},{\"@type\":\"ListItem\",\"position\":2,\"name\":\"Guide de mod\u00e9lisation hygrothermique des b\u00e2timents en bois\"}]},{\"@type\":\"WebSite\",\"@id\":\"https:\\\/\\\/web.fpinnovations.ca\\\/fr\\\/#website\",\"url\":\"https:\\\/\\\/web.fpinnovations.ca\\\/fr\\\/\",\"name\":\"FPInnovations\",\"description\":\"\",\"potentialAction\":[{\"@type\":\"SearchAction\",\"target\":{\"@type\":\"EntryPoint\",\"urlTemplate\":\"https:\\\/\\\/web.fpinnovations.ca\\\/fr\\\/?s={search_term_string}\"},\"query-input\":{\"@type\":\"PropertyValueSpecification\",\"valueRequired\":true,\"valueName\":\"search_term_string\"}}],\"inLanguage\":\"fr-FR\"}]}<\/script>\n<!-- \/ Yoast SEO plugin. -->","yoast_head_json":{"title":"Guide de mod\u00e9lisation hygrothermique des b\u00e2timents en bois - FPInnovations","robots":{"index":"index","follow":"follow","max-snippet":"max-snippet:-1","max-image-preview":"max-image-preview:large","max-video-preview":"max-video-preview:-1"},"canonical":"https:\/\/web.fpinnovations.ca\/fr\/hygrothermal\/","og_locale":"fr_FR","og_type":"article","og_title":"Guide de mod\u00e9lisation hygrothermique des b\u00e2timents en bois - FPInnovations","og_description":"[vc_row full_width=\u00a0\u00bbstretch_row_content\u00a0\u00bb disable_element=\u00a0\u00bbyes\u00a0\u00bb][vc_column][vc_btn title=\u00a0\u00bbConsulter la version fran\u00e7aise de cette page\u00a0\u00bb style=\u00a0\u00bbflat\u00a0\u00bb shape=\u00a0\u00bbround\u00a0\u00bb size=\u00a0\u00bbsm\u00a0\u00bb align=\u00a0\u00bbright\u00a0\u00bb css_animation=\u00a0\u00bbfadeIn\u00a0\u00bb link=\u00a0\u00bburl:https%3A%2F%2Fweb.fpinnovations.ca%2Ffr%2Ftcc|||\u00a0\u00bb][\/vc_column][\/vc_row][vc_row][vc_column][vc_empty_space height=\u00a0\u00bb0px\u00a0\u00bb][vc_custom_heading text=\u00a0\u00bbGuide de mod\u00e9lisation hygrothermique des b\u00e2timents en bois\u00a0\u00bb font_container=\u00a0\u00bbtag:h1|font_size:72px|text_align:center|line_height:1.1&Prime; use_theme_fonts=\u00a0\u00bbyes\u00a0\u00bb css=\u00a0\u00bb.vc_custom_1708715259384{margin-bottom: 0px !important;padding-bottom: 0px !important;}\u00a0\u00bb][vc_empty_space height=\u00a0\u00bb0px\u00a0\u00bb][\/vc_column][\/vc_row][vc_row full_width=\u00a0\u00bbstretch_row_content_no_spaces\u00a0\u00bb content_placement=\u00a0\u00bbmiddle\u00a0\u00bb][vc_column...","og_url":"https:\/\/web.fpinnovations.ca\/fr\/hygrothermal\/","og_site_name":"FPInnovations","article_modified_time":"2024-03-26T14:37:17+00:00","twitter_card":"summary_large_image","twitter_misc":{"Dur\u00e9e de lecture estim\u00e9e":"4 minutes"},"schema":{"@context":"https:\/\/schema.org","@graph":[{"@type":"WebPage","@id":"https:\/\/web.fpinnovations.ca\/fr\/hygrothermal\/","url":"https:\/\/web.fpinnovations.ca\/fr\/hygrothermal\/","name":"Guide de mod\u00e9lisation hygrothermique des b\u00e2timents en bois - FPInnovations","isPartOf":{"@id":"https:\/\/web.fpinnovations.ca\/fr\/#website"},"datePublished":"2024-03-14T18:53:27+00:00","dateModified":"2024-03-26T14:37:17+00:00","breadcrumb":{"@id":"https:\/\/web.fpinnovations.ca\/fr\/hygrothermal\/#breadcrumb"},"inLanguage":"fr-FR","potentialAction":[{"@type":"ReadAction","target":["https:\/\/web.fpinnovations.ca\/fr\/hygrothermal\/"]}]},{"@type":"BreadcrumbList","@id":"https:\/\/web.fpinnovations.ca\/fr\/hygrothermal\/#breadcrumb","itemListElement":[{"@type":"ListItem","position":1,"name":"Home","item":"https:\/\/web.fpinnovations.ca\/fr\/"},{"@type":"ListItem","position":2,"name":"Guide de mod\u00e9lisation hygrothermique des b\u00e2timents en bois"}]},{"@type":"WebSite","@id":"https:\/\/web.fpinnovations.ca\/fr\/#website","url":"https:\/\/web.fpinnovations.ca\/fr\/","name":"FPInnovations","description":"","potentialAction":[{"@type":"SearchAction","target":{"@type":"EntryPoint","urlTemplate":"https:\/\/web.fpinnovations.ca\/fr\/?s={search_term_string}"},"query-input":{"@type":"PropertyValueSpecification","valueRequired":true,"valueName":"search_term_string"}}],"inLanguage":"fr-FR"}]}},"_links":{"self":[{"href":"https:\/\/web.fpinnovations.ca\/fr\/wp-json\/wp\/v2\/pages\/299306","targetHints":{"allow":["GET"]}}],"collection":[{"href":"https:\/\/web.fpinnovations.ca\/fr\/wp-json\/wp\/v2\/pages"}],"about":[{"href":"https:\/\/web.fpinnovations.ca\/fr\/wp-json\/wp\/v2\/types\/page"}],"author":[{"embeddable":true,"href":"https:\/\/web.fpinnovations.ca\/fr\/wp-json\/wp\/v2\/users\/11"}],"replies":[{"embeddable":true,"href":"https:\/\/web.fpinnovations.ca\/fr\/wp-json\/wp\/v2\/comments?post=299306"}],"version-history":[{"count":4,"href":"https:\/\/web.fpinnovations.ca\/fr\/wp-json\/wp\/v2\/pages\/299306\/revisions"}],"predecessor-version":[{"id":299350,"href":"https:\/\/web.fpinnovations.ca\/fr\/wp-json\/wp\/v2\/pages\/299306\/revisions\/299350"}],"wp:attachment":[{"href":"https:\/\/web.fpinnovations.ca\/fr\/wp-json\/wp\/v2\/media?parent=299306"}],"curies":[{"name":"wp","href":"https:\/\/api.w.org\/{rel}","templated":true}]}}