{"id":299088,"date":"2024-02-15T15:24:10","date_gmt":"2024-02-15T20:24:10","guid":{"rendered":"https:\/\/web.fpinnovations.ca\/otn-entree\/"},"modified":"2024-07-04T14:23:24","modified_gmt":"2024-07-04T18:23:24","slug":"offensive_transformation_numerique","status":"publish","type":"page","link":"https:\/\/web.fpinnovations.ca\/fr\/offensive_transformation_numerique\/","title":{"rendered":"Offensive de transformation num\u00e9rique"},"content":{"rendered":"<div class=\"wpb-content-wrapper\"><p>[vc_row full_width=\u00a0\u00bbstretch_row_content_no_spaces\u00a0\u00bb full_height=\u00a0\u00bbyes\u00a0\u00bb equal_height=\u00a0\u00bbyes\u00a0\u00bb css=\u00a0\u00bb.vc_custom_1705349806312{margin-top: 0px !important;margin-bottom: 0px !important;border-top-width: 0px !important;border-bottom-width: 0px !important;padding-top: 0px !important;padding-bottom: 0px !important;background-color: #002049 !important;}\u00a0\u00bb][vc_column css=\u00a0\u00bb.vc_custom_1705349732565{margin-top: 0px !important;margin-bottom: 0px !important;border-top-width: 0px !important;border-bottom-width: 0px !important;padding-top: 0px !important;padding-bottom: 0px !important;}\u00a0\u00bb]\n\t\t\t\t<p class=\"rs-p-wp-fix\"><\/p>\n\t\t\t\t<sr7-module data-alias=\"Entree\" data-id=\"21\" id=\"SR7_21_1\" class=\"rs-ov-hidden\" data-version=\"6.7.51\">\n\t\t\t\t\t<sr7-adjuster><\/sr7-adjuster>\n\t\t\t\t\t<sr7-content>\n\t\t\t\t\t\t<sr7-slide id=\"SR7_21_1-13\" data-key=\"13\">\n\t\t\t\t\t\t\t<sr7-bg id=\"SR7_21_1-13-19\" class=\"sr7-layer\"><noscript><img src=\"https:\/\/web.fpinnovations.ca\/wp-content\/uploads\/Background-Entree.jpg\" alt=\"\" title=\"Background Entree\"><\/noscript><\/sr7-bg>\n\t\t\t\t\t\t\t<a id=\"SR7_21_1-13-18\" class=\"sr7-layer\" href=\"https:\/\/web.fpinnovations.ca\/fr\/atelier_otn\/\" target=\"_self\"><i class=\"fa-calendar-check-o\"><\/i><\/a>\n\t\t\t\t\t\t<\/sr7-slide>\n\t\t\t\t\t\t<sr7-slide id=\"SR7_21_1-31\" data-key=\"31\">\n\t\t\t\t\t\t<\/sr7-slide>\n\t\t\t\t\t<\/sr7-content>\n\t\t\t\t\t<image_lists style=\"display:none\">\n\t\t\t\t\t\t<img data-src=\"\/\/web.fpinnovations.ca\/wp-content\/uploads\/wood.png\" data-libid=\"298711\" title=\"wood\" width=\"0\" height=\"0\" data-dbsrc=\"Ly93ZWIuZnBpbm5vdmF0aW9ucy5jYS93cC1jb250ZW50L3VwbG9hZHMvd29vZC5wbmc=\"\/>\n\t\t\t\t\t\t<img data-src=\"\/\/web.fpinnovations.ca\/wp-content\/uploads\/lines-v2-1.png\" data-libid=\"298923\" title=\"lines v2\" width=\"0\" height=\"0\" data-dbsrc=\"Ly93ZWIuZnBpbm5vdmF0aW9ucy5jYS93cC1jb250ZW50L3VwbG9hZHMvbGluZXMtdjItMS5wbmc=\"\/>\n\t\t\t\t\t\t<img data-src=\"\/\/web.fpinnovations.ca\/wp-content\/uploads\/kiln-1.png\" data-libid=\"298721\" title=\"kiln\" width=\"0\" height=\"0\" data-dbsrc=\"Ly93ZWIuZnBpbm5vdmF0aW9ucy5jYS93cC1jb250ZW50L3VwbG9hZHMva2lsbi0xLnBuZw==\"\/>\n\t\t\t\t\t\t<img data-src=\"\/\/web.fpinnovations.ca\/wp-content\/uploads\/Sciage.png\" data-libid=\"298925\" title=\"Sciage\" width=\"0\" height=\"0\" data-dbsrc=\"Ly93ZWIuZnBpbm5vdmF0aW9ucy5jYS93cC1jb250ZW50L3VwbG9hZHMvU2NpYWdlLnBuZw==\"\/>\n\t\t\t\t\t\t<img data-src=\"\/\/web.fpinnovations.ca\/wp-content\/uploads\/lumber.png\" data-libid=\"298723\" title=\"lumber\" width=\"0\" height=\"0\" data-dbsrc=\"Ly93ZWIuZnBpbm5vdmF0aW9ucy5jYS93cC1jb250ZW50L3VwbG9hZHMvbHVtYmVyLnBuZw==\"\/>\n\t\t\t\t\t\t<img data-src=\"\/\/web.fpinnovations.ca\/wp-content\/uploads\/FPInnovations-white.png\" data-libid=\"298741\" title=\"FPInnovations &#8211; white\" width=\"0\" height=\"0\" data-dbsrc=\"Ly93ZWIuZnBpbm5vdmF0aW9ucy5jYS93cC1jb250ZW50L3VwbG9hZHMvRlBJbm5vdmF0aW9ucy13aGl0ZS5wbmc=\"\/>\n\t\t\t\t\t\t<img data-src=\"\/\/web.fpinnovations.ca\/wp-content\/uploads\/transport.png\" data-libid=\"298725\" title=\"transport\" width=\"0\" height=\"0\" data-dbsrc=\"Ly93ZWIuZnBpbm5vdmF0aW9ucy5jYS93cC1jb250ZW50L3VwbG9hZHMvdHJhbnNwb3J0LnBuZw==\"\/>\n\t\t\t\t\t\t<img data-src=\"\/\/web.fpinnovations.ca\/wp-content\/uploads\/Refiner.png\" data-libid=\"298927\" title=\"Refiner\" width=\"0\" height=\"0\" data-dbsrc=\"Ly93ZWIuZnBpbm5vdmF0aW9ucy5jYS93cC1jb250ZW50L3VwbG9hZHMvUmVmaW5lci5wbmc=\"\/>\n\t\t\t\t\t\t<img data-src=\"\/\/web.fpinnovations.ca\/wp-content\/uploads\/Energy-2.png\" data-libid=\"298929\" title=\"Energy 2\" width=\"0\" height=\"0\" data-dbsrc=\"Ly93ZWIuZnBpbm5vdmF0aW9ucy5jYS93cC1jb250ZW50L3VwbG9hZHMvRW5lcmd5LTIucG5n\"\/>\n\t\t\t\t\t\t<img data-src=\"\/\/web.fpinnovations.ca\/wp-content\/uploads\/lines-phone.png\" data-libid=\"299005\" title=\"lines phone\" width=\"0\" height=\"0\" data-dbsrc=\"Ly93ZWIuZnBpbm5vdmF0aW9ucy5jYS93cC1jb250ZW50L3VwbG9hZHMvbGluZXMtcGhvbmUucG5n\"\/>\n\t\t\t\t\t\t<img data-src=\"\/\/web.fpinnovations.ca\/wp-content\/uploads\/water.png\" data-libid=\"298933\" title=\"water\" width=\"0\" height=\"0\" data-dbsrc=\"Ly93ZWIuZnBpbm5vdmF0aW9ucy5jYS93cC1jb250ZW50L3VwbG9hZHMvd2F0ZXIucG5n\"\/>\n\t\t\t\t\t\t<img data-src=\"\/\/web.fpinnovations.ca\/wp-content\/uploads\/OptitekII.png\" data-libid=\"298931\" title=\"OptitekII\" width=\"0\" height=\"0\" data-dbsrc=\"Ly93ZWIuZnBpbm5vdmF0aW9ucy5jYS93cC1jb250ZW50L3VwbG9hZHMvT3B0aXRla0lJLnBuZw==\"\/>\n\t\t\t\t\t\t<img data-src=\"\/\/web.fpinnovations.ca\/wp-content\/uploads\/title.png\" data-libid=\"298939\" title=\"title\" width=\"0\" height=\"0\" data-dbsrc=\"Ly93ZWIuZnBpbm5vdmF0aW9ucy5jYS93cC1jb250ZW50L3VwbG9hZHMvdGl0bGUucG5n\"\/>\n\t\t\t\t\t\t<img data-src=\"\/\/web.fpinnovations.ca\/wp-content\/uploads\/Quebec_Blanc-300x59.png\" data-libid=\"298774\" title=\"Quebec_Blanc\" width=\"0\" height=\"0\" data-dbsrc=\"Ly93ZWIuZnBpbm5vdmF0aW9ucy5jYS93cC1jb250ZW50L3VwbG9hZHMvUXVlYmVjX0JsYW5jLTMwMHg1OS5wbmc=\"\/>\n\t\t\t\t\t\t<img data-src=\"\/\/web.fpinnovations.ca\/wp-content\/uploads\/Background-Entree.jpg\" data-libid=\"298937\" data-lib=\"medialibrary\" title=\"Background Entree\" width=\"0\" height=\"0\" data-dbsrc=\"Ly93ZWIuZnBpbm5vdmF0aW9ucy5jYS93cC1jb250ZW50L3VwbG9hZHMvQmFja2dyb3VuZC1FbnRyZWUuanBn\"\/>\n\t\t\t\t\t<\/image_lists>\n\t\t\t\t<\/sr7-module>\n\t\t\t\t<script>\n\t\t\t\t\twindow.SR7 ??={};SR7.PMH ??={}; SR7.PMH[\"SR7_21_1\"] = {cn:100,state:false,fn: function() { if (window._tpt!==undefined && window._tpt.prepareModuleHeight !== undefined) {  _tpt.prepareModuleHeight({id:\"SR7_21_1\",el:[900,900,900,900,720],type:'hero',shdw:'0',gh:[900,900,900,900,720],gw:[1240,1240,1240,1240,480],vpt:['-200px&#039;,&#039;-200px&#039;,&#039;-200px&#039;,&#039;-200px&#039;,&#039;-200px'],size:{fullWidth:true, fullHeight:false},mh:'0',onh:0,onw:0,bg:{color:'{\"orig\":\"transparent\",\"type\":\"solid\",\"string\":\"transparent\"}'}});   SR7.PMH[\"SR7_21_1\"].state=true;} else if(SR7.PMH[\"SR7_21_1\"].cn-->0)\tsetTimeout( SR7.PMH[\"SR7_21_1\"].fn,19);}};SR7.PMH[\"SR7_21_1\" ].fn();(function() {\n\tjQuery(document).ready(function() {\n\t\tjQuery('.gem-slideshow-with-preloader.gem-slideshow-rs').each(function() {\n\t\t\tvar slideshow = jQuery(this);\n\t\t\tslideshow.trigger('thegem-preloader-loaded');\n\t\t});\n\t});\n\tvar revapi = jQuery(document).ready(function() {});\n\trevapi.one('revolution.slide.onloaded', function() {\n\t\tjQuery('.gem-slideshow').prev('.slideshow-preloader').remove();\n\t});\n\tdocument.addEventListener(\"sr.module.ready\", function(e) {\n\t\tjQuery('.gem-slideshow').prev('.slideshow-preloader').remove();\n\t});\n})();\n\n\t\t\t\t<\/script>\n[\/vc_column][\/vc_row]<\/p>\n<\/div>","protected":false},"excerpt":{"rendered":"<p>[vc_row full_width=\u00a0\u00bbstretch_row_content_no_spaces\u00a0\u00bb full_height=\u00a0\u00bbyes\u00a0\u00bb equal_height=\u00a0\u00bbyes\u00a0\u00bb css=\u00a0\u00bb.vc_custom_1705349806312{margin-top: 0px !important;margin-bottom: 0px !important;border-top-width: 0px !important;border-bottom-width: 0px !important;padding-top: 0px !important;padding-bottom: 0px !important;background-color: #002049 !important;}\u00a0\u00bb][vc_column css=\u00a0\u00bb.vc_custom_1705349732565{margin-top: 0px !important;margin-bottom: 0px !important;border-top-width: 0px !important;border-bottom-width: 0px !important;padding-top: 0px !important;padding-bottom: 0px !important;}\u00a0\u00bb][\/vc_column][\/vc_row]<\/p>\n","protected":false},"author":23,"featured_media":0,"parent":0,"menu_order":0,"comment_status":"closed","ping_status":"closed","template":"","meta":{"_acf_changed":false,"footnotes":""},"class_list":["post-299088","page","type-page","status-publish"],"acf":[],"yoast_head":"<!-- This site is optimized with the Yoast SEO plugin v27.5 - https:\/\/yoast.com\/product\/yoast-seo-wordpress\/ -->\n<title>Offensive de transformation num\u00e9rique - FPInnovations<\/title>\n<meta name=\"description\" content=\"Offensive de transformation num\u00e9rique - volet r\u00e9colte. FPInnovations vous accompagne avec du suivi sur le terrain pour \u00eatre \u00e0 l&#039;avant-garde\" \/>\n<meta name=\"robots\" content=\"index, follow, max-snippet:-1, max-image-preview:large, max-video-preview:-1\" \/>\n<link rel=\"canonical\" href=\"https:\/\/web.fpinnovations.ca\/fr\/offensive_transformation_numerique\/\" \/>\n<meta property=\"og:locale\" content=\"fr_FR\" \/>\n<meta property=\"og:type\" content=\"article\" \/>\n<meta property=\"og:title\" content=\"Offensive de transformation num\u00e9rique - FPInnovations\" \/>\n<meta property=\"og:description\" content=\"Offensive de transformation num\u00e9rique - volet r\u00e9colte. FPInnovations vous accompagne avec du suivi sur le terrain pour \u00eatre \u00e0 l&#039;avant-garde\" \/>\n<meta property=\"og:url\" content=\"https:\/\/web.fpinnovations.ca\/fr\/offensive_transformation_numerique\/\" \/>\n<meta property=\"og:site_name\" content=\"FPInnovations\" \/>\n<meta property=\"article:modified_time\" content=\"2024-07-04T18:23:24+00:00\" \/>\n<meta name=\"twitter:card\" content=\"summary_large_image\" \/>\n<meta name=\"twitter:label1\" content=\"Dur\u00e9e de lecture estim\u00e9e\" \/>\n\t<meta name=\"twitter:data1\" content=\"1 minute\" \/>\n<script type=\"application\/ld+json\" class=\"yoast-schema-graph\">{\"@context\":\"https:\\\/\\\/schema.org\",\"@graph\":[{\"@type\":\"WebPage\",\"@id\":\"https:\\\/\\\/web.fpinnovations.ca\\\/fr\\\/offensive_transformation_numerique\\\/\",\"url\":\"https:\\\/\\\/web.fpinnovations.ca\\\/fr\\\/offensive_transformation_numerique\\\/\",\"name\":\"Offensive de transformation num\u00e9rique - FPInnovations\",\"isPartOf\":{\"@id\":\"https:\\\/\\\/web.fpinnovations.ca\\\/fr\\\/#website\"},\"datePublished\":\"2024-02-15T20:24:10+00:00\",\"dateModified\":\"2024-07-04T18:23:24+00:00\",\"description\":\"Offensive de transformation num\u00e9rique - volet r\u00e9colte. FPInnovations vous accompagne avec du suivi sur le terrain pour \u00eatre \u00e0 l'avant-garde\",\"breadcrumb\":{\"@id\":\"https:\\\/\\\/web.fpinnovations.ca\\\/fr\\\/offensive_transformation_numerique\\\/#breadcrumb\"},\"inLanguage\":\"fr-FR\",\"potentialAction\":[{\"@type\":\"ReadAction\",\"target\":[\"https:\\\/\\\/web.fpinnovations.ca\\\/fr\\\/offensive_transformation_numerique\\\/\"]}]},{\"@type\":\"BreadcrumbList\",\"@id\":\"https:\\\/\\\/web.fpinnovations.ca\\\/fr\\\/offensive_transformation_numerique\\\/#breadcrumb\",\"itemListElement\":[{\"@type\":\"ListItem\",\"position\":1,\"name\":\"Home\",\"item\":\"https:\\\/\\\/web.fpinnovations.ca\\\/fr\\\/\"},{\"@type\":\"ListItem\",\"position\":2,\"name\":\"Offensive de transformation num\u00e9rique\"}]},{\"@type\":\"WebSite\",\"@id\":\"https:\\\/\\\/web.fpinnovations.ca\\\/fr\\\/#website\",\"url\":\"https:\\\/\\\/web.fpinnovations.ca\\\/fr\\\/\",\"name\":\"FPInnovations\",\"description\":\"\",\"potentialAction\":[{\"@type\":\"SearchAction\",\"target\":{\"@type\":\"EntryPoint\",\"urlTemplate\":\"https:\\\/\\\/web.fpinnovations.ca\\\/fr\\\/?s={search_term_string}\"},\"query-input\":{\"@type\":\"PropertyValueSpecification\",\"valueRequired\":true,\"valueName\":\"search_term_string\"}}],\"inLanguage\":\"fr-FR\"}]}<\/script>\n<!-- \/ Yoast SEO plugin. -->","yoast_head_json":{"title":"Offensive de transformation num\u00e9rique - FPInnovations","description":"Offensive de transformation num\u00e9rique - volet r\u00e9colte. FPInnovations vous accompagne avec du suivi sur le terrain pour \u00eatre \u00e0 l'avant-garde","robots":{"index":"index","follow":"follow","max-snippet":"max-snippet:-1","max-image-preview":"max-image-preview:large","max-video-preview":"max-video-preview:-1"},"canonical":"https:\/\/web.fpinnovations.ca\/fr\/offensive_transformation_numerique\/","og_locale":"fr_FR","og_type":"article","og_title":"Offensive de transformation num\u00e9rique - FPInnovations","og_description":"Offensive de transformation num\u00e9rique - volet r\u00e9colte. FPInnovations vous accompagne avec du suivi sur le terrain pour \u00eatre \u00e0 l'avant-garde","og_url":"https:\/\/web.fpinnovations.ca\/fr\/offensive_transformation_numerique\/","og_site_name":"FPInnovations","article_modified_time":"2024-07-04T18:23:24+00:00","twitter_card":"summary_large_image","twitter_misc":{"Dur\u00e9e de lecture estim\u00e9e":"1 minute"},"schema":{"@context":"https:\/\/schema.org","@graph":[{"@type":"WebPage","@id":"https:\/\/web.fpinnovations.ca\/fr\/offensive_transformation_numerique\/","url":"https:\/\/web.fpinnovations.ca\/fr\/offensive_transformation_numerique\/","name":"Offensive de transformation num\u00e9rique - FPInnovations","isPartOf":{"@id":"https:\/\/web.fpinnovations.ca\/fr\/#website"},"datePublished":"2024-02-15T20:24:10+00:00","dateModified":"2024-07-04T18:23:24+00:00","description":"Offensive de transformation num\u00e9rique - volet r\u00e9colte. FPInnovations vous accompagne avec du suivi sur le terrain pour \u00eatre \u00e0 l'avant-garde","breadcrumb":{"@id":"https:\/\/web.fpinnovations.ca\/fr\/offensive_transformation_numerique\/#breadcrumb"},"inLanguage":"fr-FR","potentialAction":[{"@type":"ReadAction","target":["https:\/\/web.fpinnovations.ca\/fr\/offensive_transformation_numerique\/"]}]},{"@type":"BreadcrumbList","@id":"https:\/\/web.fpinnovations.ca\/fr\/offensive_transformation_numerique\/#breadcrumb","itemListElement":[{"@type":"ListItem","position":1,"name":"Home","item":"https:\/\/web.fpinnovations.ca\/fr\/"},{"@type":"ListItem","position":2,"name":"Offensive de transformation num\u00e9rique"}]},{"@type":"WebSite","@id":"https:\/\/web.fpinnovations.ca\/fr\/#website","url":"https:\/\/web.fpinnovations.ca\/fr\/","name":"FPInnovations","description":"","potentialAction":[{"@type":"SearchAction","target":{"@type":"EntryPoint","urlTemplate":"https:\/\/web.fpinnovations.ca\/fr\/?s={search_term_string}"},"query-input":{"@type":"PropertyValueSpecification","valueRequired":true,"valueName":"search_term_string"}}],"inLanguage":"fr-FR"}]}},"_links":{"self":[{"href":"https:\/\/web.fpinnovations.ca\/fr\/wp-json\/wp\/v2\/pages\/299088","targetHints":{"allow":["GET"]}}],"collection":[{"href":"https:\/\/web.fpinnovations.ca\/fr\/wp-json\/wp\/v2\/pages"}],"about":[{"href":"https:\/\/web.fpinnovations.ca\/fr\/wp-json\/wp\/v2\/types\/page"}],"author":[{"embeddable":true,"href":"https:\/\/web.fpinnovations.ca\/fr\/wp-json\/wp\/v2\/users\/23"}],"replies":[{"embeddable":true,"href":"https:\/\/web.fpinnovations.ca\/fr\/wp-json\/wp\/v2\/comments?post=299088"}],"version-history":[{"count":5,"href":"https:\/\/web.fpinnovations.ca\/fr\/wp-json\/wp\/v2\/pages\/299088\/revisions"}],"predecessor-version":[{"id":299270,"href":"https:\/\/web.fpinnovations.ca\/fr\/wp-json\/wp\/v2\/pages\/299088\/revisions\/299270"}],"wp:attachment":[{"href":"https:\/\/web.fpinnovations.ca\/fr\/wp-json\/wp\/v2\/media?parent=299088"}],"curies":[{"name":"wp","href":"https:\/\/api.w.org\/{rel}","templated":true}]}}