{"id":298076,"date":"2023-10-16T14:06:02","date_gmt":"2023-10-16T18:06:02","guid":{"rendered":"https:\/\/web.fpinnovations.ca\/woodrise-2025\/"},"modified":"2025-07-16T17:31:51","modified_gmt":"2025-07-16T21:31:51","slug":"woodrise2025","status":"publish","type":"page","link":"https:\/\/web.fpinnovations.ca\/fr\/woodrise2025\/","title":{"rendered":"WoodRise 2025"},"content":{"rendered":"<div class=\"wpb-content-wrapper\"><p>[vc_section full_width=\u00a0\u00bbstretch_row_content\u00a0\u00bb parallax=\u00a0\u00bbcontent-moving-fade\u00a0\u00bb parallax_image=\u00a0\u00bb297884&Prime; css=\u00a0\u00bb.vc_custom_1695163615144{background-position: center !important;background-repeat: no-repeat !important;background-size: contain !important;}\u00a0\u00bb][vc_row][vc_column][vc_column_text css=\u00a0\u00bb.vc_custom_1697482493663{padding-right: 60px !important;}\u00a0\u00bb]<\/p>\n<p style=\"text-align: right;\"><span style=\"color: #ffffff;\"><a style=\"color: #ffffff;\" href=\"https:\/\/web.fpinnovations.ca\/woodrise2025\">English<\/a><\/span><\/p>\n<p>[\/vc_column_text]<div class=\"clearboth\"><\/div><style>#thegem-divider-69e01cbb81d68 {margin-top: 50px !important;}<\/style><div id=\"thegem-divider-69e01cbb81d68\" class=\"gem-divider  \" style=\"\" ><\/div>[vc_single_image image=\u00a0\u00bb298116&Prime; img_size=\u00a0\u00bbfull\u00a0\u00bb alignment=\u00a0\u00bbcenter\u00a0\u00bb css_animation=\u00a0\u00bbfadeInUp\u00a0\u00bb][\/vc_column][\/vc_row][vc_row full_width=\u00a0\u00bbstretch_row_content_no_spaces\u00a0\u00bb css=\u00a0\u00bb.vc_custom_1695411105180{background-color: rgba(0,0,0,0.41) !important;*background-color: rgb(0,0,0) !important;}\u00a0\u00bb][vc_column][vc_column_text css_animation=\u00a0\u00bbfadeIn\u00a0\u00bb]<\/p>\n<h1 style=\"text-align: center;\"><span style=\"color: #ffffff;\"><strong>Soyez des n\u00f4tres \u00e0 Vancouver pour Woodrise 2025<\/strong><\/span><\/h1>\n<p>[\/vc_column_text][vc_column_text css=\u00a0\u00bb.vc_custom_1697479871969{padding-right: 60px !important;padding-left: 60px !important;}\u00a0\u00bb css_animation=\u00a0\u00bbfadeIn\u00a0\u00bb]<\/p>\n<h3 style=\"text-align: center;\"><span style=\"color: #ffffff;\"><strong>Du 22 au 26 septembre, la ville de Vancouver accueillera la 5e \u00e9dition du congr\u00e8s biannuel sur la construction et les b\u00e2timents en bois de moyenne et grande hauteur<\/strong><\/span><\/h3>\n<p>[\/vc_column_text][vc_btn title=\u00a0\u00bbSite officiel\u00a0\u00bb color=\u00a0\u00bbprimary\u00a0\u00bb size=\u00a0\u00bblg\u00a0\u00bb align=\u00a0\u00bbcenter\u00a0\u00bb css_animation=\u00a0\u00bbfadeInUp\u00a0\u00bb css=\u00a0\u00bb\u00a0\u00bb link=\u00a0\u00bburl:https%3A%2F%2Fwoodrise2025.com%2Ffr%2F\u00a0\u00bb][\/vc_column][\/vc_row][\/vc_section][vc_section full_width=\u00a0\u00bbstretch_row_content\u00a0\u00bb css=\u00a0\u00bb.vc_custom_1695408643993{padding-top: 0px !important;padding-bottom: 0px !important;}\u00a0\u00bb][vc_row full_width=\u00a0\u00bbstretch_row_content_no_spaces\u00a0\u00bb equal_height=\u00a0\u00bbyes\u00a0\u00bb css=\u00a0\u00bb.vc_custom_1695408652685{padding-top: 0px !important;padding-bottom: 0px !important;}\u00a0\u00bb][vc_column width=\u00a0\u00bb2\/3&Prime; css=\u00a0\u00bb.vc_custom_1695409388618{padding-right: 35px !important;padding-left: 60px !important;}\u00a0\u00bb]<div class=\"clearboth\"><\/div><style>#thegem-divider-69e01cbb81db3 {margin-top: 50px !important;}<\/style><div id=\"thegem-divider-69e01cbb81db3\" class=\"gem-divider  \" style=\"\" ><\/div><div class=\"gem-textbox \"  ><div class=\"gem-textbox-inner\" style=\"border-top-left-radius: 20px;border-top-right-radius: 20px;border-bottom-right-radius: 20px;border-bottom-left-radius: 20px;\"><div class=\"gem-textbox-content\" style=\"background-position: center top;padding-left: 60px;padding-right: 60px;\">[vc_column_text]<span style=\"color: #333333;\"><strong>Le gouvernement de la Colombie-Britannique, FPInnovations et les parties prenantes de Colombie-Britannique sont heureux d&rsquo;accueillir l&rsquo;\u00e9dition 2025 du congr\u00e8s international Woodrise.<\/strong><\/span><\/p>\n<p><span style=\"color: #333333;\"><strong>De retour au Canada apr\u00e8s l&rsquo;\u00e9dition 2019 tenue \u00e0 Qu\u00e9bec, l&rsquo;\u00e9dition 2021 qui s&rsquo;est d\u00e9roul\u00e9e au Japon et l&rsquo;\u00e9dition 2023 pr\u00e9sent\u00e9e en France, vous \u00eates invit\u00e9s \u00e0 vous joindre \u00e0 nous \u00e0 Vancouver (Colombie-Britannique) du 22 au 26 septembre 2025 pour cette deuxi\u00e8me pr\u00e9sentation au Canada.<\/strong><\/span><\/p>\n<p><span style=\"color: #333333;\"><strong>Vancouver (Colombie-Britannique), ville de classe mondiale situ\u00e9e entre l&rsquo;oc\u00e9an Pacifique et les montagnes North Shore, est devenue une destination reconnue pour les \u00e9v\u00e9nements et congr\u00e8s internationaux. La Colombie-Britannique est un chef de file nord-am\u00e9ricain du secteur de la construction en bois et construction massive en bois, Vancouver se distinguant comme le centre des principaux experts de l&rsquo;industrie de la conception et de l&rsquo;ing\u00e9nierie du bois, qui s&rsquo;appuient sur les vastes for\u00eats g\u00e9r\u00e9es de mani\u00e8re durable de la Colombie-Britannique, ainsi que sur les secteurs de l&rsquo;innovation et de la fabrication. Nous nous r\u00e9jouissons de vous accueillir \u00e0 Woodrise 2025.<\/strong><\/span>[\/vc_column_text]<div class=\"clearboth\"><\/div><style>#thegem-divider-69e01cbb81e4e {margin-top: 40px !important;}<\/style><div id=\"thegem-divider-69e01cbb81e4e\" class=\"gem-divider  \" style=\"\" ><\/div>[vc_btn title=\u00a0\u00bbAJOUTEZ VOTRE NOM \u00c0 LA LISTE POUR RECEVOIR LES PLUS R\u00c9CENTES NOUVELLES\u00a0\u00bb style=\u00a0\u00bbflat\u00a0\u00bb color=\u00a0\u00bbpeacoc\u00a0\u00bb size=\u00a0\u00bblg\u00a0\u00bb i_icon_fontawesome=\u00a0\u00bbfar fa-address-book\u00a0\u00bb add_icon=\u00a0\u00bbtrue\u00a0\u00bb link=\u00a0\u00bburl:https%3A%2F%2Fapp.cyberimpact.com%2Fclients%2F1792%2Fsubscribe-forms%2F899B675D-70AA-40EB-BEF9-3D2A53DA9AE5|target:_blank|\u00a0\u00bb]<\/div><\/div><\/div>[\/vc_column][vc_column width=\u00a0\u00bb1\/3&Prime; css=\u00a0\u00bb.vc_custom_1696978199116{background-image: url(https:\/\/web.fpinnovations.ca\/wp-content\/uploads\/WIDC-Credit-Ed-White-courtesy-of-MGA-scaled.jpg?id=298005) !important;background-position: center !important;background-repeat: no-repeat !important;background-size: cover !important;}\u00a0\u00bb]<div class=\"clearboth\"><\/div><style>#thegem-divider-69e01cbb81e8a {margin-top: 550px !important;}<\/style><div id=\"thegem-divider-69e01cbb81e8a\" class=\"gem-divider  \" style=\"\" ><\/div>[vc_custom_heading text=\u00a0\u00bbWIDC &#8211; Cr\u00e9dit photo Ed White, gracieuset\u00e9 de MGA\u00a0\u00bb font_container=\u00a0\u00bbtag:p|font_size:9px|text_align:center|color:%23474747&Prime; use_theme_fonts=\u00a0\u00bbyes\u00a0\u00bb][\/vc_column][\/vc_row][\/vc_section][vc_section full_width=\u00a0\u00bbstretch_row_content\u00a0\u00bb css=\u00a0\u00bb.vc_custom_1697489267897{padding-top: 0px !important;padding-bottom: 0px !important;background-image: url(https:\/\/web.fpinnovations.ca\/wp-content\/uploads\/Vancouver-image-for-WoodRise2023-dark.jpg?id=297885) !important;}\u00a0\u00bb][vc_row video_bg=\u00a0\u00bbyes\u00a0\u00bb video_bg_url=\u00a0\u00bbhttps:\/\/www.youtube.com\/watch?v=Ck-Wm57ATp4&Prime;][vc_column]<div class=\"clearboth\"><\/div><style>#thegem-divider-69e01cbb81eb8 {margin-top: 125px !important;}<\/style><div id=\"thegem-divider-69e01cbb81eb8\" class=\"gem-divider  \" style=\"\" ><\/div>[vc_single_image image=\u00a0\u00bb298062&Prime; img_size=\u00a0\u00bbfull\u00a0\u00bb alignment=\u00a0\u00bbcenter\u00a0\u00bb onclick=\u00a0\u00bbcustom_link\u00a0\u00bb css=\u00a0\u00bb.vc_custom_1697230154810{margin-bottom: 0px !important;}\u00a0\u00bb css_animation=\u00a0\u00bbbottom-to-top\u00a0\u00bb link=\u00a0\u00bbjavascript:;\u00a0\u00bb el_class=\u00a0\u00bbfancy\u00a0\u00bb][vc_column_text]<\/p>\n<h3><\/h3>\n<h3 style=\"text-align: center;\"><strong><span style=\"color: #ffffff;\">Cliquez pour voir la vid\u00e9o compl\u00e8te (en anglais)<\/span><\/strong><\/h3>\n<p>[\/vc_column_text][vc_raw_js]JTNDc2NyaXB0JTNFJTBBJTBBdmFyJTIwcmVhZHklMjAlM0QlMjAlMjhjYWxsYmFjayUyOSUyMCUzRCUzRSUyMCU3QiUwQSUwOWlmJTIwJTI4ZG9jdW1lbnQucmVhZHlTdGF0ZSUyMCUyMSUzRCUyMCUyMmxvYWRpbmclMjIlMjklMjBjYWxsYmFjayUyOCUyOSUzQiUwQSUwOWVsc2UlMjBkb2N1bWVudC5hZGRFdmVudExpc3RlbmVyJTI4JTIyRE9NQ29udGVudExvYWRlZCUyMiUyQyUyMGNhbGxiYWNrJTI5JTNCJTBBJTdEJTNCJTBBJTBBcmVhZHklMjglMjglMjklMjAlM0QlM0UlMjAlN0IlMEElMDlpZiUyMCUyOGRvY3VtZW50LnF1ZXJ5U2VsZWN0b3IlMjglMjIlMjN2Y19pbmxpbmUtZnJhbWUlMjIlMjklMjklMjByZXR1cm4lM0IlMEElMEElMDl2YXIlMjBlbGVtJTIwJTNEJTIwZG9jdW1lbnQucXVlcnlTZWxlY3RvciUyOCUyMi5mYW5jeSUyMGElMjIlMjklM0IlMEElMDllbGVtLnNldEF0dHJpYnV0ZSUyOCUyN2RhdGEtZmFuY3lib3glMjclMkMlMjAlMjclMjclMjklM0IlMEElMDklMEElMDllbGVtLnNldEF0dHJpYnV0ZSUyOCUyN2RhdGEtc3JjJTI3JTJDJTIwJTI3aHR0cHMlM0ElMkYlMkZ3d3cueW91dHViZS5jb20lMkZ3YXRjaCUzRnYlM0RDay1XbTU3QVRwNCUyNyUyOSUzQiUwQSU3RCUyOSUzQiUwQSUwQSUzQyUyRnNjcmlwdCUzRQ==[\/vc_raw_js]<div class=\"clearboth\"><\/div><style>#thegem-divider-69e01cbb81ee1 {margin-top: 125px !important;}<\/style><div id=\"thegem-divider-69e01cbb81ee1\" class=\"gem-divider  \" style=\"\" ><\/div>[\/vc_column][\/vc_row][\/vc_section][vc_section full_width=\u00a0\u00bbstretch_row_content\u00a0\u00bb video_bg=\u00a0\u00bbyes\u00a0\u00bb css=\u00a0\u00bb.vc_custom_1697228112183{padding-top: 0px !important;padding-bottom: 0px !important;}\u00a0\u00bb][vc_row css=\u00a0\u00bb.vc_custom_1695412607377{background-color: #008eb2 !important;}\u00a0\u00bb][vc_column css_animation=\u00a0\u00bbslideInUp\u00a0\u00bb]<div class=\"clearboth\"><\/div><style>#thegem-divider-69e01cbb81f0a {margin-top: 50px !important;}<\/style><div id=\"thegem-divider-69e01cbb81f0a\" class=\"gem-divider  \" style=\"\" ><\/div><div data-eventdate='1758499200' data-starteventdate='1776124800'  data-colordays='#ffffff' data-colorhours='#1be580' data-colorminutes='#a2ed31' data-colorseconds='#eadc60' data-weightnumber='8' class='countdown-container countdown-style-5 align-left '><div class='countdown-wrapper countdown-info'><div class='countdown-item count-1'><div class='circle-raphael-days'><\/div><div class='wrap'><span class='item-count countdown-days title-h1 ' style='color:#ffffff'><\/span><span class='item-title styled-subtitle' style='color:rgba(255,255,255,0.01)'>Days<\/span><\/div><\/div><div class='countdown-item count-2'><div class='circle-raphael-hours'><\/div><div class='wrap'><span class='item-count countdown-hours title-h1 ' style='color:#1be580'><\/span><span class='item-title styled-subtitle' style='color:rgba(255,255,255,0.01)'>Hours<\/span><\/div><\/div><div class='countdown-item count-3'><div class='circle-raphael-minutes'><\/div><div class='wrap'><span class='item-count countdown-minutes title-h1 ' style='color:#a2ed31'><\/span><span class='item-title styled-subtitle' style='color:rgba(255,255,255,0.01)'>Minutes<\/span><\/div><\/div><div class='countdown-item count-4'><div class='circle-raphael-seconds'><\/div><div class='wrap'><span class='item-count countdown-seconds title-h1 ' style='color:#eadc60'><\/span><span class='item-title styled-subtitle' style='color:rgba(255,255,255,0.01)'>Seconds<\/span><\/div><\/div><\/div><\/div><div style='clear: both'><\/div>[vc_row_inner][vc_column_inner width=\u00a0\u00bb1\/4&Prime;][vc_column_text]<\/p>\n<h4 style=\"text-align: center;\"><span style=\"color: #ffffff;\"><strong>JOURS<\/strong><\/span><\/h4>\n<p>[\/vc_column_text][\/vc_column_inner][vc_column_inner width=\u00a0\u00bb1\/4&Prime;][vc_column_text]<\/p>\n<h4 style=\"text-align: center;\"><span style=\"color: #ffffff;\"><strong>HEURES<\/strong><\/span><\/h4>\n<p>[\/vc_column_text][\/vc_column_inner][vc_column_inner width=\u00a0\u00bb1\/4&Prime;][vc_column_text]<\/p>\n<h4 style=\"text-align: center;\"><span style=\"color: #ffffff;\"><strong>MINUTES<\/strong><\/span><\/h4>\n<p>[\/vc_column_text][\/vc_column_inner][vc_column_inner width=\u00a0\u00bb1\/4&Prime;][vc_column_text]<\/p>\n<h4 style=\"text-align: center;\"><span style=\"color: #ffffff;\"><strong>SECONDES<\/strong><\/span><\/h4>\n<p>[\/vc_column_text][\/vc_column_inner][\/vc_row_inner][\/vc_column][\/vc_row][\/vc_section][vc_section full_width=\u00a0\u00bbstretch_row_content\u00a0\u00bb full_height=\u00a0\u00bbyes\u00a0\u00bb css=\u00a0\u00bb.vc_custom_1696978521356{padding-top: 0px !important;padding-bottom: 0px !important;}\u00a0\u00bb][vc_row full_width=\u00a0\u00bbstretch_row_content_no_spaces\u00a0\u00bb equal_height=\u00a0\u00bbyes\u00a0\u00bb css_animation=\u00a0\u00bbfadeIn\u00a0\u00bb css=\u00a0\u00bb.vc_custom_1696978724445{padding-top: 0px !important;padding-bottom: 0px !important;}\u00a0\u00bb][vc_column width=\u00a0\u00bb2\/5&Prime; css=\u00a0\u00bb.vc_custom_1696978207692{background-image: url(https:\/\/web.fpinnovations.ca\/wp-content\/uploads\/ESB_56-Earth-Sciences-Building-UBC-Interior-Staircase-Martin-Tessler-scaled.jpg?id=298012) !important;background-position: center !important;background-repeat: no-repeat !important;background-size: cover !important;}\u00a0\u00bb]<div class=\"clearboth\"><\/div><style>#thegem-divider-69e01cbb81f97 {margin-top: 1400px !important;}<\/style><div id=\"thegem-divider-69e01cbb81f97\" class=\"gem-divider  \" style=\"\" ><\/div>[vc_custom_heading text=\u00a0\u00bbB\u00e2timent Earth Sciences Building, UBC &#8211; Escalier int\u00e9rieur Martin Tessler\u00a0\u00bb font_container=\u00a0\u00bbtag:p|font_size:9px|text_align:center|color:%23ffffff\u00a0\u00bb use_theme_fonts=\u00a0\u00bbyes\u00a0\u00bb][\/vc_column][vc_column width=\u00a0\u00bb3\/5&Prime; css_animation=\u00a0\u00bbfadeInRight\u00a0\u00bb css=\u00a0\u00bb.vc_custom_1696978759885{padding-right: 50px !important;padding-left: 60px !important;}\u00a0\u00bb]<div class=\"clearboth\"><\/div><div id=\"thegem-divider-69e01cbb81fc0\" class=\"gem-divider   gem-divider-style-3\" style=\"\" ><\/div>[vc_column_text]<\/p>\n<h4><span style=\"color: #003366;\">LIEU DE L&rsquo;\u00c9V\u00c9NEMENT<\/span><\/h4>\n<p>[\/vc_column_text][vc_separator][vc_column_text]Vancouver Convention &amp; Exhibition Centre[\/vc_column_text][vc_gmaps link=\u00a0\u00bb#E-8_JTNDaWZyYW1lJTIwc3JjJTNEJTIyaHR0cHMlM0ElMkYlMkZ3d3cuZ29vZ2xlLmNvbSUyRm1hcHMlMkZlbWJlZCUzRnBiJTNEJTIxMW0xOCUyMTFtMTIlMjExbTMlMjExZDIwODE4Ljc5MTU0NTU0Mzc0NyUyMTJkLTEyMy4xMTc0OTE2MTI2MTcwMiUyMTNkNDkuMjg4NzMyNjk1NDg2NzM2JTIxMm0zJTIxMWYwJTIxMmYwJTIxM2YwJTIxM20yJTIxMWkxMDI0JTIxMmk3NjglMjE0ZjEzLjElMjEzbTMlMjExbTIlMjExczB4NTQ4NjcxODM2YTZlNTc4NyUyNTNBMHhkM2M1ZjdiYzVkNzI3NjhkJTIxMnNWYW5jb3V2ZXIlMjUyMENvbnZlbnRpb24lMjUyMCUyNTI2JTI1MjBFeGhpYml0aW9uJTI1MjBDZW50cmUlMjE1ZTAlMjEzbTIlMjExc2ZyJTIxMnNjYSUyMTR2MTY5NDA5NzIxMzcxNyUyMTVtMiUyMTFzZnIlMjEyc2NhJTIyJTIwd2lkdGglM0QlMjI2MDAlMjIlMjBoZWlnaHQlM0QlMjI0NTAlMjIlMjBzdHlsZSUzRCUyMmJvcmRlciUzQTAlM0IlMjIlMjBhbGxvd2Z1bGxzY3JlZW4lM0QlMjIlMjIlMjBsb2FkaW5nJTNEJTIybGF6eSUyMiUyMHJlZmVycmVycG9saWN5JTNEJTIybm8tcmVmZXJyZXItd2hlbi1kb3duZ3JhZGUlMjIlM0UlM0MlMkZpZnJhbWUlM0U=\u00a0\u00bb size=\u00a0\u00bb300&Prime; css_animation=\u00a0\u00bbfadeInLeft\u00a0\u00bb][vc_column_text]<span class=\"light\" style=\"color: #999999;\">Vancouver, Canada<\/span>[\/vc_column_text]<div class=\"clearboth\"><\/div><div id=\"thegem-divider-69e01cbb81fe6\" class=\"gem-divider   gem-divider-style-3\" style=\"\" ><\/div>[vc_column_text]<\/p>\n<h4><span style=\"color: #003366;\">VOUS AVEZ BESOIN D&rsquo;AIDE?<\/span><\/h4>\n<p>[\/vc_column_text][vc_separator][vc_column_text]Sylvain Gagnon<br \/>\nGestionnaire, Syst\u00e8mes de construction<br \/>\nFPInnovations<br \/>\n418 933-8642<\/p>\n<p><a href=\"mailto:sylvain.gagnon@fpinnovations.ca\">sylvain.gagnon@fpinnovations.ca<\/a>[\/vc_column_text]<div class=\"clearboth\"><\/div><div id=\"thegem-divider-69e01cbb82019\" class=\"gem-divider   gem-divider-style-2\" style=\"\" ><\/div>[vc_separator align=\u00a0\u00bbalign_left\u00a0\u00bb el_width=\u00a0\u00bb50&Prime;][vc_row_inner content_placement=\u00a0\u00bbmiddle\u00a0\u00bb][vc_column_inner][vc_column_text css=\u00a0\u00bb\u00a0\u00bb]Visitez le site officiel ici :<br \/>\n<a href=\"https:\/\/woodrise2025.com\/\">https:\/\/woodrise2025.com\/<\/a><\/p>\n<p>Pour en apprendre plus sur FPInnovations, visitez :<br \/>\n<a href=\"https:\/\/can01.safelinks.protection.outlook.com\/?url=https%3A%2F%2Fweb.fpinnovations.ca%2F&amp;data=05%7C01%7CCarime.Quezada%40fpinnovations.ca%7C5efa958bb6fd4be1e1df08dbc9de5ced%7C1797d7f4562e4197bb68e0eb352034d2%7C0%7C0%7C638325729100200247%7CUnknown%7CTWFpbGZsb3d8eyJWIjoiMC4wLjAwMDAiLCJQIjoiV2luMzIiLCJBTiI6Ik1haWwiLCJXVCI6Mn0%3D%7C3000%7C%7C%7C&amp;sdata=xmskIB1wbptCrm4LtbTImTDfvON6AeBnY3TinpMIHbY%3D&amp;reserved=0\">https:\/\/web.fpinnovations.ca\/<\/a><\/p>\n<p>Pour en savoir plus sur Vancouver et la Colombie-Britannique, visitez :<br \/>\n<a href=\"https:\/\/can01.safelinks.protection.outlook.com\/?url=https%3A%2F%2Fwww.destinationvancouver.com%2Fwoodrise-2025%2F&amp;data=05%7C01%7CCarime.Quezada%40fpinnovations.ca%7C5efa958bb6fd4be1e1df08dbc9de5ced%7C1797d7f4562e4197bb68e0eb352034d2%7C0%7C0%7C638325729100200247%7CUnknown%7CTWFpbGZsb3d8eyJWIjoiMC4wLjAwMDAiLCJQIjoiV2luMzIiLCJBTiI6Ik1haWwiLCJXVCI6Mn0%3D%7C3000%7C%7C%7C&amp;sdata=PVh35eGKAmUsLfe%2FOWflTZqHqp7ebfTLnQPAXQX68Ww%3D&amp;reserved=0\">https:\/\/www.destinationvancouver.com\/woodrise-2025\/<\/a>[\/vc_column_text][\/vc_column_inner][\/vc_row_inner]<div class=\"clearboth\"><\/div><div id=\"thegem-divider-69e01cbb8203f\" class=\"gem-divider   gem-divider-style-2\" style=\"\" ><\/div>[vc_row_inner][vc_column_inner][vc_single_image image=\u00a0\u00bb298049&Prime; img_size=\u00a0\u00bbfull\u00a0\u00bb alignment=\u00a0\u00bbcenter\u00a0\u00bb css_animation=\u00a0\u00bbfadeInUp\u00a0\u00bb][\/vc_column_inner][\/vc_row_inner]<div class=\"clearboth\"><\/div><div id=\"thegem-divider-69e01cbb82062\" class=\"gem-divider   gem-divider-style-3\" style=\"\" ><\/div>[\/vc_column][\/vc_row][\/vc_section]<\/p>\n<\/div>","protected":false},"excerpt":{"rendered":"<p>[vc_section full_width=\u00a0\u00bbstretch_row_content\u00a0\u00bb parallax=\u00a0\u00bbcontent-moving-fade\u00a0\u00bb parallax_image=\u00a0\u00bb297884&Prime; css=\u00a0\u00bb.vc_custom_1695163615144{background-position: center !important;background-repeat: no-repeat !important;background-size: contain !important;}\u00a0\u00bb][vc_row][vc_column][vc_column_text css=\u00a0\u00bb.vc_custom_1697482493663{padding-right: 60px !important;}\u00a0\u00bb] English [\/vc_column_text][vc_single_image image=\u00a0\u00bb298116&Prime; img_size=\u00a0\u00bbfull\u00a0\u00bb alignment=\u00a0\u00bbcenter\u00a0\u00bb css_animation=\u00a0\u00bbfadeInUp\u00a0\u00bb][\/vc_column][\/vc_row][vc_row full_width=\u00a0\u00bbstretch_row_content_no_spaces\u00a0\u00bb css=\u00a0\u00bb.vc_custom_1695411105180{background-color: rgba(0,0,0,0.41) !important;*background-color: rgb(0,0,0) !important;}\u00a0\u00bb][vc_column][vc_column_text css_animation=\u00a0\u00bbfadeIn\u00a0\u00bb] Soyez des n\u00f4tres \u00e0 Vancouver pour Woodrise 2025&#8230;<\/p>\n","protected":false},"author":24,"featured_media":0,"parent":0,"menu_order":0,"comment_status":"closed","ping_status":"closed","template":"","meta":{"_acf_changed":false,"footnotes":""},"class_list":["post-298076","page","type-page","status-publish"],"acf":[],"yoast_head":"<!-- This site is optimized with the Yoast SEO plugin v27.4 - https:\/\/yoast.com\/product\/yoast-seo-wordpress\/ -->\n<title>WoodRise 2025 - FPInnovations<\/title>\n<meta name=\"description\" content=\"De retour au Canada, joignez-vous \u00e0 nous \u00e0 Vancouver, C.-B. du 22 au 26 septembre 2025 pour cette deuxi\u00e8me \u00e9dition au Canada.\" \/>\n<meta name=\"robots\" content=\"index, follow, max-snippet:-1, max-image-preview:large, max-video-preview:-1\" \/>\n<link rel=\"canonical\" href=\"https:\/\/web.fpinnovations.ca\/fr\/woodrise2025\/\" \/>\n<meta property=\"og:locale\" content=\"fr_FR\" \/>\n<meta property=\"og:type\" content=\"article\" \/>\n<meta property=\"og:title\" content=\"WoodRise 2025 - FPInnovations\" \/>\n<meta property=\"og:description\" content=\"De retour au Canada, joignez-vous \u00e0 nous \u00e0 Vancouver, C.-B. du 22 au 26 septembre 2025 pour cette deuxi\u00e8me \u00e9dition au Canada.\" \/>\n<meta property=\"og:url\" content=\"https:\/\/web.fpinnovations.ca\/fr\/woodrise2025\/\" \/>\n<meta property=\"og:site_name\" content=\"FPInnovations\" \/>\n<meta property=\"article:modified_time\" content=\"2025-07-16T21:31:51+00:00\" \/>\n<meta name=\"twitter:card\" content=\"summary_large_image\" \/>\n<meta name=\"twitter:label1\" content=\"Dur\u00e9e de lecture estim\u00e9e\" \/>\n\t<meta name=\"twitter:data1\" content=\"3 minutes\" \/>\n<script type=\"application\/ld+json\" class=\"yoast-schema-graph\">{\"@context\":\"https:\\\/\\\/schema.org\",\"@graph\":[{\"@type\":\"WebPage\",\"@id\":\"https:\\\/\\\/web.fpinnovations.ca\\\/fr\\\/woodrise2025\\\/\",\"url\":\"https:\\\/\\\/web.fpinnovations.ca\\\/fr\\\/woodrise2025\\\/\",\"name\":\"WoodRise 2025 - FPInnovations\",\"isPartOf\":{\"@id\":\"https:\\\/\\\/web.fpinnovations.ca\\\/fr\\\/#website\"},\"datePublished\":\"2023-10-16T18:06:02+00:00\",\"dateModified\":\"2025-07-16T21:31:51+00:00\",\"description\":\"De retour au Canada, joignez-vous \u00e0 nous \u00e0 Vancouver, C.-B. du 22 au 26 septembre 2025 pour cette deuxi\u00e8me \u00e9dition au Canada.\",\"breadcrumb\":{\"@id\":\"https:\\\/\\\/web.fpinnovations.ca\\\/fr\\\/woodrise2025\\\/#breadcrumb\"},\"inLanguage\":\"fr-FR\",\"potentialAction\":[{\"@type\":\"ReadAction\",\"target\":[\"https:\\\/\\\/web.fpinnovations.ca\\\/fr\\\/woodrise2025\\\/\"]}]},{\"@type\":\"BreadcrumbList\",\"@id\":\"https:\\\/\\\/web.fpinnovations.ca\\\/fr\\\/woodrise2025\\\/#breadcrumb\",\"itemListElement\":[{\"@type\":\"ListItem\",\"position\":1,\"name\":\"Home\",\"item\":\"https:\\\/\\\/web.fpinnovations.ca\\\/fr\\\/\"},{\"@type\":\"ListItem\",\"position\":2,\"name\":\"WoodRise 2025\"}]},{\"@type\":\"WebSite\",\"@id\":\"https:\\\/\\\/web.fpinnovations.ca\\\/fr\\\/#website\",\"url\":\"https:\\\/\\\/web.fpinnovations.ca\\\/fr\\\/\",\"name\":\"FPInnovations\",\"description\":\"\",\"potentialAction\":[{\"@type\":\"SearchAction\",\"target\":{\"@type\":\"EntryPoint\",\"urlTemplate\":\"https:\\\/\\\/web.fpinnovations.ca\\\/fr\\\/?s={search_term_string}\"},\"query-input\":{\"@type\":\"PropertyValueSpecification\",\"valueRequired\":true,\"valueName\":\"search_term_string\"}}],\"inLanguage\":\"fr-FR\"}]}<\/script>\n<!-- \/ Yoast SEO plugin. -->","yoast_head_json":{"title":"WoodRise 2025 - FPInnovations","description":"De retour au Canada, joignez-vous \u00e0 nous \u00e0 Vancouver, C.-B. du 22 au 26 septembre 2025 pour cette deuxi\u00e8me \u00e9dition au Canada.","robots":{"index":"index","follow":"follow","max-snippet":"max-snippet:-1","max-image-preview":"max-image-preview:large","max-video-preview":"max-video-preview:-1"},"canonical":"https:\/\/web.fpinnovations.ca\/fr\/woodrise2025\/","og_locale":"fr_FR","og_type":"article","og_title":"WoodRise 2025 - FPInnovations","og_description":"De retour au Canada, joignez-vous \u00e0 nous \u00e0 Vancouver, C.-B. du 22 au 26 septembre 2025 pour cette deuxi\u00e8me \u00e9dition au Canada.","og_url":"https:\/\/web.fpinnovations.ca\/fr\/woodrise2025\/","og_site_name":"FPInnovations","article_modified_time":"2025-07-16T21:31:51+00:00","twitter_card":"summary_large_image","twitter_misc":{"Dur\u00e9e de lecture estim\u00e9e":"3 minutes"},"schema":{"@context":"https:\/\/schema.org","@graph":[{"@type":"WebPage","@id":"https:\/\/web.fpinnovations.ca\/fr\/woodrise2025\/","url":"https:\/\/web.fpinnovations.ca\/fr\/woodrise2025\/","name":"WoodRise 2025 - FPInnovations","isPartOf":{"@id":"https:\/\/web.fpinnovations.ca\/fr\/#website"},"datePublished":"2023-10-16T18:06:02+00:00","dateModified":"2025-07-16T21:31:51+00:00","description":"De retour au Canada, joignez-vous \u00e0 nous \u00e0 Vancouver, C.-B. du 22 au 26 septembre 2025 pour cette deuxi\u00e8me \u00e9dition au Canada.","breadcrumb":{"@id":"https:\/\/web.fpinnovations.ca\/fr\/woodrise2025\/#breadcrumb"},"inLanguage":"fr-FR","potentialAction":[{"@type":"ReadAction","target":["https:\/\/web.fpinnovations.ca\/fr\/woodrise2025\/"]}]},{"@type":"BreadcrumbList","@id":"https:\/\/web.fpinnovations.ca\/fr\/woodrise2025\/#breadcrumb","itemListElement":[{"@type":"ListItem","position":1,"name":"Home","item":"https:\/\/web.fpinnovations.ca\/fr\/"},{"@type":"ListItem","position":2,"name":"WoodRise 2025"}]},{"@type":"WebSite","@id":"https:\/\/web.fpinnovations.ca\/fr\/#website","url":"https:\/\/web.fpinnovations.ca\/fr\/","name":"FPInnovations","description":"","potentialAction":[{"@type":"SearchAction","target":{"@type":"EntryPoint","urlTemplate":"https:\/\/web.fpinnovations.ca\/fr\/?s={search_term_string}"},"query-input":{"@type":"PropertyValueSpecification","valueRequired":true,"valueName":"search_term_string"}}],"inLanguage":"fr-FR"}]}},"_links":{"self":[{"href":"https:\/\/web.fpinnovations.ca\/fr\/wp-json\/wp\/v2\/pages\/298076","targetHints":{"allow":["GET"]}}],"collection":[{"href":"https:\/\/web.fpinnovations.ca\/fr\/wp-json\/wp\/v2\/pages"}],"about":[{"href":"https:\/\/web.fpinnovations.ca\/fr\/wp-json\/wp\/v2\/types\/page"}],"author":[{"embeddable":true,"href":"https:\/\/web.fpinnovations.ca\/fr\/wp-json\/wp\/v2\/users\/24"}],"replies":[{"embeddable":true,"href":"https:\/\/web.fpinnovations.ca\/fr\/wp-json\/wp\/v2\/comments?post=298076"}],"version-history":[{"count":5,"href":"https:\/\/web.fpinnovations.ca\/fr\/wp-json\/wp\/v2\/pages\/298076\/revisions"}],"predecessor-version":[{"id":303263,"href":"https:\/\/web.fpinnovations.ca\/fr\/wp-json\/wp\/v2\/pages\/298076\/revisions\/303263"}],"wp:attachment":[{"href":"https:\/\/web.fpinnovations.ca\/fr\/wp-json\/wp\/v2\/media?parent=298076"}],"curies":[{"name":"wp","href":"https:\/\/api.w.org\/{rel}","templated":true}]}}