{"id":297531,"date":"2023-06-22T17:09:06","date_gmt":"2023-06-22T21:09:06","guid":{"rendered":"https:\/\/web.fpinnovations.ca\/?page_id=297531"},"modified":"2023-10-13T09:39:24","modified_gmt":"2023-10-13T13:39:24","slug":"diaphragms","status":"publish","type":"page","link":"https:\/\/web.fpinnovations.ca\/fr\/diaphragms\/","title":{"rendered":"Performance, analyse et conception des diaphragmes en bois massif"},"content":{"rendered":"<div class=\"wpb-content-wrapper\"><p>[vc_row full_width=\u00a0\u00bbstretch_row_content\u00a0\u00bb disable_element=\u00a0\u00bbyes\u00a0\u00bb][vc_column][vc_btn title=\u00a0\u00bbConsulter la version fran\u00e7aise de cette page\u00a0\u00bb style=\u00a0\u00bbflat\u00a0\u00bb shape=\u00a0\u00bbround\u00a0\u00bb size=\u00a0\u00bbsm\u00a0\u00bb align=\u00a0\u00bbright\u00a0\u00bb css_animation=\u00a0\u00bbfadeIn\u00a0\u00bb link=\u00a0\u00bburl:https%3A%2F%2Fweb.fpinnovations.ca%2Ffr%2Ftcc|||\u00a0\u00bb][\/vc_column][\/vc_row][vc_row][vc_column][vc_empty_space height=\u00a0\u00bb0px\u00a0\u00bb][vc_custom_heading text=\u00a0\u00bbPerformance, analyse et conception des diaphragmes en bois massif\u00a0\u00bb font_container=\u00a0\u00bbtag:h1|font_size:72px|text_align:center|line_height:1.1&Prime; use_theme_fonts=\u00a0\u00bbyes\u00a0\u00bb css=\u00a0\u00bb.vc_custom_1696972437828{margin-bottom: 0px !important;padding-bottom: 0px !important;}\u00a0\u00bb][vc_empty_space height=\u00a0\u00bb0px\u00a0\u00bb][\/vc_column][\/vc_row][vc_row full_width=\u00a0\u00bbstretch_row_content_no_spaces\u00a0\u00bb content_placement=\u00a0\u00bbmiddle\u00a0\u00bb][vc_column width=\u00a0\u00bb1\/2&Prime; css=\u00a0\u00bb.vc_custom_1689347594484{background-position: center !important;background-repeat: no-repeat !important;background-size: contain !important;}\u00a0\u00bb][vc_single_image image=\u00a0\u00bb297506&Prime; img_size=\u00a0\u00bblarge\u00a0\u00bb css=\u00a0\u00bb.vc_custom_1690469611100{padding-left: 100px !important;}\u00a0\u00bb][\/vc_column][vc_column width=\u00a0\u00bb1\/2&Prime; css=\u00a0\u00bb.vc_custom_1581970996020{padding-left: 25px !important;}\u00a0\u00bb][vc_empty_space height=\u00a0\u00bb175px\u00a0\u00bb][vc_custom_heading text=\u00a0\u00bb<strong>Pour obtenir une copie<\/strong>\u00a0\u00bb font_container=\u00a0\u00bbtag:p|font_size:40px|text_align:left|line_height:1.1&Prime; google_fonts=\u00a0\u00bbfont_family:Montserrat%20UltraLight%3Aregular|font_style:400%20regular%3A400%3Anormal\u00a0\u00bb][vc_column_text]<div class='w3eden'><!-- WPDM Link Template: Link\/Button Popup -->\n<a href='#unlock' class='wpdm-download-link wpdm-download-locked btn btn-primary btn-lg' data-package='298030'>T\u00c9L\u00c9CHARGER LE PDF GRATUIT (EN ANGLAIS)<\/a><\/div>[\/vc_column_text][vc_btn title=\u00a0\u00bb<strong>ACHETER UNE COPIE PAPIER (EN ANGLAIS)<\/strong>\u00a0\u00bb style=\u00a0\u00bbflat\u00a0\u00bb shape=\u00a0\u00bbround\u00a0\u00bb color=\u00a0\u00bbgreen\u00a0\u00bb size=\u00a0\u00bblg\u00a0\u00bb link=\u00a0\u00bburl:https%3A%2F%2Fwww.amazon.ca%2Fdp%2F0864886187%2Fref%3Dsr_1_7%3Fcrid%3DZY4N0OPH3WJ1%26keywords%3Dfp%2Binnovations%26qid%3D1697124688%26s%3Dbooks%26sprefix%3Dfpinnovations%252Cstripbooks%252C71%26sr%3D1-7|target:_blank\u00a0\u00bb][vc_custom_heading text=\u00a0\u00bbIl est \u00e0 noter que le guide est en anglais seulement\u00a0\u00bb font_container=\u00a0\u00bbtag:p|font_size:25%20px|text_align:left|line_height:1.65&Prime; google_fonts=\u00a0\u00bbfont_family:Montserrat%20UltraLight%3Aregular|font_style:400%20regular%3A400%3Anormal\u00a0\u00bb][vc_empty_space height=\u00a0\u00bb240px\u00a0\u00bb][\/vc_column][\/vc_row][vc_row css=\u00a0\u00bb.vc_custom_1687466266162{padding-top: 0px !important;padding-bottom: 0px !important;}\u00a0\u00bb][vc_column][vc_custom_heading text=\u00a0\u00bbLe bois massif est de plus en plus utilis\u00e9 dans la construction, les avantages de ce mat\u00e9riau \u00e9tant de plus en plus reconnus. Les nombreux avantages du bois pour la sant\u00e9 ne sont plus \u00e0 d\u00e9montrer, sans parler de ses avantages environnementaux dans le contexte de la lutte contre les changements climatiques.\u00a0\u00bb font_container=\u00a0\u00bbtag:p|font_size:25px|text_align:left|line_height:1.65&Prime; google_fonts=\u00a0\u00bbfont_family:Montserrat%20UltraLight%3Aregular|font_style:400%20regular%3A400%3Anormal\u00a0\u00bb css=\u00a0\u00bb.vc_custom_1696970784928{padding-top: 0px !important;}\u00a0\u00bb][vc_custom_heading text=\u00a0\u00bbLes diaphragmes jouent un r\u00f4le fondamental dans le syst\u00e8me structural de tout b\u00e2timent. Ce nouveau guide de FPInnovations pr\u00e9sente les recherches les plus r\u00e9centes sur les diaphragmes en bois massif et propose des approches possibles pour leur analyse et conception.\u00a0\u00bb font_container=\u00a0\u00bbtag:p|font_size:25px|text_align:left|line_height:1.65&Prime; google_fonts=\u00a0\u00bbfont_family:Montserrat%20UltraLight%3Aregular|font_style:400%20regular%3A400%3Anormal\u00a0\u00bb css=\u00a0\u00bb.vc_custom_1696970809223{padding-top: 0px !important;}\u00a0\u00bb][\/vc_column][\/vc_row][vc_row css=\u00a0\u00bb.vc_custom_1687467904391{padding-top: 35px !important;padding-bottom: 35px !important;}\u00a0\u00bb][vc_column][vc_custom_heading text=\u00a0\u00bb<strong>Contenu du guide<\/strong>\u00a0\u00bb font_container=\u00a0\u00bbtag:p|font_size:40px|text_align:center|line_height:1.1&Prime; google_fonts=\u00a0\u00bbfont_family:Montserrat%20UltraLight%3Aregular|font_style:400%20regular%3A400%3Anormal\u00a0\u00bb][vc_row_inner][vc_column_inner][vc_custom_heading text=\u00a0\u00bbCe guide d\u00e9taill\u00e9 sur les diaphragmes en bois massif comprend des chapitres portant sur les sujets suivants :\u00a0\u00bb font_container=\u00a0\u00bbtag:p|font_size:25px|text_align:left|line_height:1.5&Prime; google_fonts=\u00a0\u00bbfont_family:Montserrat%20UltraLight%3Aregular|font_style:400%20regular%3A400%3Anormal\u00a0\u00bb][vc_custom_heading text=\u00a0\u00bb\u2022 Types de diaphragme en bois massif;\u00a0\u00bb font_container=\u00a0\u00bbtag:p|font_size:25px|text_align:left|line_height:1&Prime; google_fonts=\u00a0\u00bbfont_family:Montserrat%20UltraLight%3Aregular|font_style:400%20regular%3A400%3Anormal\u00a0\u00bb css=\u00a0\u00bb.vc_custom_1696970910106{padding-left: 25px !important;}\u00a0\u00bb][vc_custom_heading text=\u00a0\u00bb\u2022 Analyse des diaphragmes en bois massif;\u00a0\u00bb font_container=\u00a0\u00bbtag:p|font_size:25px|text_align:left|line_height:1&Prime; google_fonts=\u00a0\u00bbfont_family:Montserrat%20UltraLight%3Aregular|font_style:400%20regular%3A400%3Anormal\u00a0\u00bb css=\u00a0\u00bb.vc_custom_1696970928256{padding-left: 25px !important;}\u00a0\u00bb][vc_custom_heading text=\u00a0\u00bb\u2022 Rigidit\u00e9 et glissement des assemblages en bois massif : perspective des codes et des normes;\u00a0\u00bb font_container=\u00a0\u00bbtag:p|font_size:25px|text_align:left|line_height:1&Prime; google_fonts=\u00a0\u00bbfont_family:Montserrat%20UltraLight%3Aregular|font_style:400%20regular%3A400%3Anormal\u00a0\u00bb css=\u00a0\u00bb.vc_custom_1697027272935{padding-left: 25px !important;}\u00a0\u00bb][vc_custom_heading text=\u00a0\u00bb\u2022 Performance des assemblages dans les diaphragmes en bois massif;\u00a0\u00bb font_container=\u00a0\u00bbtag:p|font_size:25px|text_align:left|line_height:1&Prime; google_fonts=\u00a0\u00bbfont_family:Montserrat%20UltraLight%3Aregular|font_style:400%20regular%3A400%3Anormal\u00a0\u00bb css=\u00a0\u00bb.vc_custom_1696970975366{padding-left: 25px !important;}\u00a0\u00bb][vc_custom_heading text=\u00a0\u00bb\u2022 Performance exp\u00e9rimentale et analytique des diaphragmes en bois massif;\u00a0\u00bb font_container=\u00a0\u00bbtag:p|font_size:25px|text_align:left|line_height:1&Prime; google_fonts=\u00a0\u00bbfont_family:Montserrat%20UltraLight%3Aregular|font_style:400%20regular%3A400%3Anormal\u00a0\u00bb css=\u00a0\u00bb.vc_custom_1696970995826{padding-left: 25px !important;}\u00a0\u00bb][vc_custom_heading text=\u00a0\u00bb\u2022 Conception des diaphragmes.\u00a0\u00bb font_container=\u00a0\u00bbtag:p|font_size:25px|text_align:left|line_height:1&Prime; google_fonts=\u00a0\u00bbfont_family:Montserrat%20UltraLight%3Aregular|font_style:400%20regular%3A400%3Anormal\u00a0\u00bb css=\u00a0\u00bb.vc_custom_1696971015202{padding-left: 25px !important;}\u00a0\u00bb][\/vc_column_inner][\/vc_row_inner][\/vc_column][\/vc_row][vc_row css=\u00a0\u00bb.vc_custom_1687468237297{padding-top: 35px !important;padding-bottom: 35px !important;}\u00a0\u00bb background_color_tablet=\u00a0\u00bb#dbdbdb\u00a0\u00bb][vc_column][vc_custom_heading text=\u00a0\u00bb<strong>Ressources suppl\u00e9mentaires sur la construction en bois<\/strong>\u00a0\u00bb font_container=\u00a0\u00bbtag:p|font_size:40px|text_align:center|line_height:1.5&Prime; google_fonts=\u00a0\u00bbfont_family:Montserrat%20UltraLight%3Aregular|font_style:400%20regular%3A400%3Anormal\u00a0\u00bb css=\u00a0\u00bb.vc_custom_1696971051044{padding-top: 0px !important;}\u00a0\u00bb][vc_row_inner][vc_column_inner width=\u00a0\u00bb1\/2&Prime;][vc_images_carousel images=\u00a0\u00bb295502,293096,291637,286966,291635&Prime; img_size=\u00a0\u00bb500&#215;500&Prime; speed=\u00a0\u00bb4000&Prime; autoplay=\u00a0\u00bbyes\u00a0\u00bb wrap=\u00a0\u00bbyes\u00a0\u00bb][\/vc_column_inner][vc_column_inner width=\u00a0\u00bb1\/2&Prime;][vc_empty_space height=\u00a0\u00bb50px\u00a0\u00bb][vc_custom_heading text=\u00a0\u00bbFPInnovations propose de nombreuses ressources \u00e0 l\u2019intention des professionnels \u0153uvrant dans le domaine de la construction de b\u00e2timents en bois.\u00a0\u00bb font_container=\u00a0\u00bbtag:p|font_size:25px|text_align:left|line_height:1.65&Prime; google_fonts=\u00a0\u00bbfont_family:Montserrat%20UltraLight%3Aregular|font_style:400%20regular%3A400%3Anormal\u00a0\u00bb css=\u00a0\u00bb.vc_custom_1696971087962{padding-top: 0px !important;}\u00a0\u00bb][vc_btn title=\u00a0\u00bb<strong>EN SAVOIR PLUS<\/strong>\u00a0\u00bb style=\u00a0\u00bbflat\u00a0\u00bb shape=\u00a0\u00bbround\u00a0\u00bb color=\u00a0\u00bbgreen\u00a0\u00bb size=\u00a0\u00bblg\u00a0\u00bb link=\u00a0\u00bburl:https%3A%2F%2Fweb.fpinnovations.ca%2Ffr%2Favez-vous-deja-votre-exemplaire-gratuit-de-ces-guides-sur-la-construction-en-bois%2F|target:_blank\u00a0\u00bb][\/vc_column_inner][\/vc_row_inner][\/vc_column][\/vc_row]<\/p>\n<\/div>","protected":false},"excerpt":{"rendered":"<p>[vc_row full_width=\u00a0\u00bbstretch_row_content\u00a0\u00bb disable_element=\u00a0\u00bbyes\u00a0\u00bb][vc_column][vc_btn title=\u00a0\u00bbConsulter la version fran\u00e7aise de cette page\u00a0\u00bb style=\u00a0\u00bbflat\u00a0\u00bb shape=\u00a0\u00bbround\u00a0\u00bb size=\u00a0\u00bbsm\u00a0\u00bb align=\u00a0\u00bbright\u00a0\u00bb css_animation=\u00a0\u00bbfadeIn\u00a0\u00bb link=\u00a0\u00bburl:https%3A%2F%2Fweb.fpinnovations.ca%2Ffr%2Ftcc|||\u00a0\u00bb][\/vc_column][\/vc_row][vc_row][vc_column][vc_empty_space height=\u00a0\u00bb0px\u00a0\u00bb][vc_custom_heading text=\u00a0\u00bbPerformance, analyse et conception des diaphragmes en bois massif\u00a0\u00bb font_container=\u00a0\u00bbtag:h1|font_size:72px|text_align:center|line_height:1.1&Prime; use_theme_fonts=\u00a0\u00bbyes\u00a0\u00bb css=\u00a0\u00bb.vc_custom_1696972437828{margin-bottom: 0px !important;padding-bottom: 0px !important;}\u00a0\u00bb][vc_empty_space height=\u00a0\u00bb0px\u00a0\u00bb][\/vc_column][\/vc_row][vc_row full_width=\u00a0\u00bbstretch_row_content_no_spaces\u00a0\u00bb&#8230;<\/p>\n","protected":false},"author":11,"featured_media":0,"parent":0,"menu_order":0,"comment_status":"closed","ping_status":"closed","template":"","meta":{"_acf_changed":false,"footnotes":""},"class_list":["post-297531","page","type-page","status-publish"],"acf":[],"yoast_head":"<!-- This site is optimized with the Yoast SEO plugin v27.4 - https:\/\/yoast.com\/product\/yoast-seo-wordpress\/ -->\n<title>Performance, analyse et conception des diaphragmes en bois massif - FPInnovations<\/title>\n<meta name=\"robots\" content=\"index, follow, max-snippet:-1, max-image-preview:large, max-video-preview:-1\" \/>\n<link rel=\"canonical\" href=\"https:\/\/web.fpinnovations.ca\/fr\/diaphragms\/\" \/>\n<meta property=\"og:locale\" content=\"fr_FR\" \/>\n<meta property=\"og:type\" content=\"article\" \/>\n<meta property=\"og:title\" content=\"Performance, analyse et conception des diaphragmes en bois massif - FPInnovations\" \/>\n<meta property=\"og:description\" content=\"[vc_row full_width=\u00a0\u00bbstretch_row_content\u00a0\u00bb disable_element=\u00a0\u00bbyes\u00a0\u00bb][vc_column][vc_btn title=\u00a0\u00bbConsulter la version fran\u00e7aise de cette page\u00a0\u00bb style=\u00a0\u00bbflat\u00a0\u00bb shape=\u00a0\u00bbround\u00a0\u00bb size=\u00a0\u00bbsm\u00a0\u00bb align=\u00a0\u00bbright\u00a0\u00bb css_animation=\u00a0\u00bbfadeIn\u00a0\u00bb link=\u00a0\u00bburl:https%3A%2F%2Fweb.fpinnovations.ca%2Ffr%2Ftcc|||\u00a0\u00bb][\/vc_column][\/vc_row][vc_row][vc_column][vc_empty_space height=\u00a0\u00bb0px\u00a0\u00bb][vc_custom_heading text=\u00a0\u00bbPerformance, analyse et conception des diaphragmes en bois massif\u00a0\u00bb font_container=\u00a0\u00bbtag:h1|font_size:72px|text_align:center|line_height:1.1&Prime; use_theme_fonts=\u00a0\u00bbyes\u00a0\u00bb css=\u00a0\u00bb.vc_custom_1696972437828{margin-bottom: 0px !important;padding-bottom: 0px !important;}\u00a0\u00bb][vc_empty_space height=\u00a0\u00bb0px\u00a0\u00bb][\/vc_column][\/vc_row][vc_row full_width=\u00a0\u00bbstretch_row_content_no_spaces\u00a0\u00bb...\" \/>\n<meta property=\"og:url\" content=\"https:\/\/web.fpinnovations.ca\/fr\/diaphragms\/\" \/>\n<meta property=\"og:site_name\" content=\"FPInnovations\" \/>\n<meta property=\"article:modified_time\" content=\"2023-10-13T13:39:24+00:00\" \/>\n<meta name=\"twitter:card\" content=\"summary_large_image\" \/>\n<meta name=\"twitter:label1\" content=\"Dur\u00e9e de lecture estim\u00e9e\" \/>\n\t<meta name=\"twitter:data1\" content=\"2 minutes\" \/>\n<script type=\"application\/ld+json\" class=\"yoast-schema-graph\">{\"@context\":\"https:\\\/\\\/schema.org\",\"@graph\":[{\"@type\":\"WebPage\",\"@id\":\"https:\\\/\\\/web.fpinnovations.ca\\\/fr\\\/diaphragms\\\/\",\"url\":\"https:\\\/\\\/web.fpinnovations.ca\\\/fr\\\/diaphragms\\\/\",\"name\":\"Performance, analyse et conception des diaphragmes en bois massif - FPInnovations\",\"isPartOf\":{\"@id\":\"https:\\\/\\\/web.fpinnovations.ca\\\/fr\\\/#website\"},\"datePublished\":\"2023-06-22T21:09:06+00:00\",\"dateModified\":\"2023-10-13T13:39:24+00:00\",\"breadcrumb\":{\"@id\":\"https:\\\/\\\/web.fpinnovations.ca\\\/fr\\\/diaphragms\\\/#breadcrumb\"},\"inLanguage\":\"fr-FR\",\"potentialAction\":[{\"@type\":\"ReadAction\",\"target\":[\"https:\\\/\\\/web.fpinnovations.ca\\\/fr\\\/diaphragms\\\/\"]}]},{\"@type\":\"BreadcrumbList\",\"@id\":\"https:\\\/\\\/web.fpinnovations.ca\\\/fr\\\/diaphragms\\\/#breadcrumb\",\"itemListElement\":[{\"@type\":\"ListItem\",\"position\":1,\"name\":\"Home\",\"item\":\"https:\\\/\\\/web.fpinnovations.ca\\\/fr\\\/\"},{\"@type\":\"ListItem\",\"position\":2,\"name\":\"Performance, analyse et conception des diaphragmes en bois massif\"}]},{\"@type\":\"WebSite\",\"@id\":\"https:\\\/\\\/web.fpinnovations.ca\\\/fr\\\/#website\",\"url\":\"https:\\\/\\\/web.fpinnovations.ca\\\/fr\\\/\",\"name\":\"FPInnovations\",\"description\":\"\",\"potentialAction\":[{\"@type\":\"SearchAction\",\"target\":{\"@type\":\"EntryPoint\",\"urlTemplate\":\"https:\\\/\\\/web.fpinnovations.ca\\\/fr\\\/?s={search_term_string}\"},\"query-input\":{\"@type\":\"PropertyValueSpecification\",\"valueRequired\":true,\"valueName\":\"search_term_string\"}}],\"inLanguage\":\"fr-FR\"}]}<\/script>\n<!-- \/ Yoast SEO plugin. -->","yoast_head_json":{"title":"Performance, analyse et conception des diaphragmes en bois massif - FPInnovations","robots":{"index":"index","follow":"follow","max-snippet":"max-snippet:-1","max-image-preview":"max-image-preview:large","max-video-preview":"max-video-preview:-1"},"canonical":"https:\/\/web.fpinnovations.ca\/fr\/diaphragms\/","og_locale":"fr_FR","og_type":"article","og_title":"Performance, analyse et conception des diaphragmes en bois massif - FPInnovations","og_description":"[vc_row full_width=\u00a0\u00bbstretch_row_content\u00a0\u00bb disable_element=\u00a0\u00bbyes\u00a0\u00bb][vc_column][vc_btn title=\u00a0\u00bbConsulter la version fran\u00e7aise de cette page\u00a0\u00bb style=\u00a0\u00bbflat\u00a0\u00bb shape=\u00a0\u00bbround\u00a0\u00bb size=\u00a0\u00bbsm\u00a0\u00bb align=\u00a0\u00bbright\u00a0\u00bb css_animation=\u00a0\u00bbfadeIn\u00a0\u00bb link=\u00a0\u00bburl:https%3A%2F%2Fweb.fpinnovations.ca%2Ffr%2Ftcc|||\u00a0\u00bb][\/vc_column][\/vc_row][vc_row][vc_column][vc_empty_space height=\u00a0\u00bb0px\u00a0\u00bb][vc_custom_heading text=\u00a0\u00bbPerformance, analyse et conception des diaphragmes en bois massif\u00a0\u00bb font_container=\u00a0\u00bbtag:h1|font_size:72px|text_align:center|line_height:1.1&Prime; use_theme_fonts=\u00a0\u00bbyes\u00a0\u00bb css=\u00a0\u00bb.vc_custom_1696972437828{margin-bottom: 0px !important;padding-bottom: 0px !important;}\u00a0\u00bb][vc_empty_space height=\u00a0\u00bb0px\u00a0\u00bb][\/vc_column][\/vc_row][vc_row full_width=\u00a0\u00bbstretch_row_content_no_spaces\u00a0\u00bb...","og_url":"https:\/\/web.fpinnovations.ca\/fr\/diaphragms\/","og_site_name":"FPInnovations","article_modified_time":"2023-10-13T13:39:24+00:00","twitter_card":"summary_large_image","twitter_misc":{"Dur\u00e9e de lecture estim\u00e9e":"2 minutes"},"schema":{"@context":"https:\/\/schema.org","@graph":[{"@type":"WebPage","@id":"https:\/\/web.fpinnovations.ca\/fr\/diaphragms\/","url":"https:\/\/web.fpinnovations.ca\/fr\/diaphragms\/","name":"Performance, analyse et conception des diaphragmes en bois massif - FPInnovations","isPartOf":{"@id":"https:\/\/web.fpinnovations.ca\/fr\/#website"},"datePublished":"2023-06-22T21:09:06+00:00","dateModified":"2023-10-13T13:39:24+00:00","breadcrumb":{"@id":"https:\/\/web.fpinnovations.ca\/fr\/diaphragms\/#breadcrumb"},"inLanguage":"fr-FR","potentialAction":[{"@type":"ReadAction","target":["https:\/\/web.fpinnovations.ca\/fr\/diaphragms\/"]}]},{"@type":"BreadcrumbList","@id":"https:\/\/web.fpinnovations.ca\/fr\/diaphragms\/#breadcrumb","itemListElement":[{"@type":"ListItem","position":1,"name":"Home","item":"https:\/\/web.fpinnovations.ca\/fr\/"},{"@type":"ListItem","position":2,"name":"Performance, analyse et conception des diaphragmes en bois massif"}]},{"@type":"WebSite","@id":"https:\/\/web.fpinnovations.ca\/fr\/#website","url":"https:\/\/web.fpinnovations.ca\/fr\/","name":"FPInnovations","description":"","potentialAction":[{"@type":"SearchAction","target":{"@type":"EntryPoint","urlTemplate":"https:\/\/web.fpinnovations.ca\/fr\/?s={search_term_string}"},"query-input":{"@type":"PropertyValueSpecification","valueRequired":true,"valueName":"search_term_string"}}],"inLanguage":"fr-FR"}]}},"_links":{"self":[{"href":"https:\/\/web.fpinnovations.ca\/fr\/wp-json\/wp\/v2\/pages\/297531","targetHints":{"allow":["GET"]}}],"collection":[{"href":"https:\/\/web.fpinnovations.ca\/fr\/wp-json\/wp\/v2\/pages"}],"about":[{"href":"https:\/\/web.fpinnovations.ca\/fr\/wp-json\/wp\/v2\/types\/page"}],"author":[{"embeddable":true,"href":"https:\/\/web.fpinnovations.ca\/fr\/wp-json\/wp\/v2\/users\/11"}],"replies":[{"embeddable":true,"href":"https:\/\/web.fpinnovations.ca\/fr\/wp-json\/wp\/v2\/comments?post=297531"}],"version-history":[{"count":5,"href":"https:\/\/web.fpinnovations.ca\/fr\/wp-json\/wp\/v2\/pages\/297531\/revisions"}],"predecessor-version":[{"id":298057,"href":"https:\/\/web.fpinnovations.ca\/fr\/wp-json\/wp\/v2\/pages\/297531\/revisions\/298057"}],"wp:attachment":[{"href":"https:\/\/web.fpinnovations.ca\/fr\/wp-json\/wp\/v2\/media?parent=297531"}],"curies":[{"name":"wp","href":"https:\/\/api.w.org\/{rel}","templated":true}]}}