{"id":296504,"date":"2023-06-01T14:31:50","date_gmt":"2023-06-01T18:31:50","guid":{"rendered":"https:\/\/web.fpinnovations.ca\/?page_id=296504"},"modified":"2025-07-15T11:40:51","modified_gmt":"2025-07-15T15:40:51","slug":"la-foret-au-service-des-produits-de-tous-les-jours","status":"publish","type":"page","link":"https:\/\/web.fpinnovations.ca\/fr\/la-foret-au-service-des-produits-de-tous-les-jours\/","title":{"rendered":"La for\u00eat au service des produits de tous les jours"},"content":{"rendered":"<div class=\"wpb-content-wrapper\"><p>[vc_section full_width=\u00a0\u00bbstretch_row_content\u00a0\u00bb content_placement=\u00a0\u00bbtop\u00a0\u00bb parallax=\u00a0\u00bbcontent-moving-fade\u00a0\u00bb parallax_image=\u00a0\u00bb296364&Prime; css=\u00a0\u00bb.vc_custom_1684260227181{background-position: center !important;background-repeat: no-repeat !important;background-size: cover !important;}\u00a0\u00bb][vc_row full_width=\u00a0\u00bbstretch_row_content\u00a0\u00bb][vc_column][vc_column_text]<\/p>\n<h2 style=\"text-align: center;\">La for\u00eat au service des produits de tous les jours<\/h2>\n<p>[\/vc_column_text][vc_row_inner][vc_column_inner width=\u00a0\u00bb1\/6&Prime;][\/vc_column_inner][vc_column_inner width=\u00a0\u00bb2\/3&Prime;][vc_column_text]<strong><br \/>\nPar l\u2019ajout de fibres de p\u00e2te de bois \u00e0 des m\u00e9langes de polym\u00e8res biod\u00e9gradables, un groupe d\u2019acteurs majeurs couvrant l\u2019ensemble de la cha\u00eene d\u2019approvisionnement peut offrir des solutions comp\u00e9titives pour l\u2019emballage de biens de consommation.<\/strong>[\/vc_column_text]<div class=\"clearboth\"><\/div><div id=\"thegem-divider-69e35f3948385\" class=\"gem-divider  \" style=\"\" ><\/div>[\/vc_column_inner][vc_column_inner width=\u00a0\u00bb1\/6&Prime;][\/vc_column_inner][\/vc_row_inner][\/vc_column][\/vc_row][vc_row][vc_column width=\u00a0\u00bb1\/6&Prime;][\/vc_column][vc_column width=\u00a0\u00bb2\/4&Prime;][vc_column_text css=\u00a0\u00bb\u00a0\u00bb]<span style=\"color: #3a9a20;\">GOOD NATURED PRODUCTS<br \/>\n<a style=\"font-family: 'Source Sans Pro'; font-size: 16px; font-weight: normal;\" href=\"https:\/\/goodnaturedproducts.com\/\">goodnaturedproducts.com<\/a> <span style=\"color: #808080;\">(en anglais)<\/span><br \/>\n<\/span>[\/vc_column_text][\/vc_column][vc_column width=\u00a0\u00bb1\/3&Prime;][\/vc_column][\/vc_row][vc_row][vc_column width=\u00a0\u00bb1\/2&Prime;][vc_single_image image=\u00a0\u00bb296560&Prime; img_size=\u00a0\u00bb650 x 450&Prime; alignment=\u00a0\u00bbright\u00a0\u00bb css_animation=\u00a0\u00bbfadeIn\u00a0\u00bb][\/vc_column][vc_column width=\u00a0\u00bb1\/2&Prime;][vc_column_text]<\/p>\n<div class=\"styled-subtitle\"><span class=\"letter-spacing\"><strong>&#8211; Biosourc\u00e9<\/strong><\/span><br \/>\n<span class=\"letter-spacing\"><strong>&#8211; Solution clef en main (\u00ab drop in \u00bb)<\/strong><\/span><br \/>\n<span class=\"letter-spacing\"><strong>&#8211; Comp\u00e9titif (techno-\u00e9conomique)<\/strong><\/span><\/div>\n<p>[\/vc_column_text]<div class=\"clearboth\"><\/div><div id=\"thegem-divider-69e35f39483d2\" class=\"gem-divider  \" style=\"\" ><\/div>[vc_column_text]<strong>Michel Labont\u00e9, directeur de la technologie chez good natured Products<\/strong><br \/>\n\u00ab FPInnovations a r\u00e9uni tous les acteurs de la cha\u00eene d\u2019approvisionnement autour d\u2019un m\u00eame comit\u00e9 directeur, ce qui nous permet de prendre les d\u00e9cisions \u00e9clair\u00e9es menant \u00e0 un succ\u00e8s. Cette approche collaborative permet d\u2019aborder toutes les conditions en synergie, de fa\u00e7on \u00e0 orienter efficacement le travail de R et D et d\u2019acc\u00e9l\u00e9rer l\u2019acc\u00e8s au march\u00e9, pour une mise \u00e0 l\u2019\u00e9chelle plus rapide de la production. En tant que mouleur, good natured Products Inc. (GDNP) peut tester ces feuilles de biocomposites en rouleau et les transformer en contenants thermoform\u00e9s \u00e0 partir d\u2019\u00e9quipement \u00e0 grande vitesse, un avantage comp\u00e9titif pour de potentiels utilisateurs finaux ayant une sensibilit\u00e9 environnementale. \u00bb[\/vc_column_text][\/vc_column][\/vc_row][vc_row][vc_column][vc_separator][\/vc_column][\/vc_row][vc_row][vc_column width=\u00a0\u00bb1\/6&Prime;][\/vc_column][vc_column width=\u00a0\u00bb2\/4&Prime;][vc_column_text css=\u00a0\u00bb\u00a0\u00bb]<span style=\"color: #3a9a20;\">FARREL POMINI<br \/>\n<a style=\"font-family: 'Source Sans Pro'; font-size: 16px; font-weight: normal;\" href=\"https:\/\/www.farrel-pomini.com\/\">farrel-pomini.com<\/a> <span style=\"color: #808080;\">(en anglais)<\/span><br \/>\n<\/span>[\/vc_column_text][\/vc_column][vc_column width=\u00a0\u00bb1\/3&Prime;][\/vc_column][\/vc_row][vc_row][vc_column width=\u00a0\u00bb1\/2&Prime;][vc_single_image image=\u00a0\u00bb296406&Prime; img_size=\u00a0\u00bb550 x 350&Prime; alignment=\u00a0\u00bbright\u00a0\u00bb css_animation=\u00a0\u00bbfadeIn\u00a0\u00bb][\/vc_column][vc_column width=\u00a0\u00bb1\/2&Prime;][vc_column_text]<\/p>\n<div class=\"styled-subtitle\"><span class=\"letter-spacing\"><strong>&#8211; Proc\u00e9d\u00e9 de m\u00e9lange (\u00ab compound \u00bb) en continu<br \/>\n&#8211; Substitution avec renforcement \u00e0 base de fibres pouvant atteindre 40 % du m\u00e9lange<br \/>\n&#8211; Capacit\u00e9 de production jusqu\u2019\u00e0 5 000 kg\/heure<\/strong><\/span><\/div>\n<p>[\/vc_column_text]<div class=\"clearboth\"><\/div><div id=\"thegem-divider-69e35f3948400\" class=\"gem-divider  \" style=\"\" ><\/div>[vc_column_text]<strong>Peng Ye, directeur du soutien aux ventes chez Farrell-Pomini<\/strong><br \/>\n\u00ab Cette initiative nous a permis de travailler en \u00e9troite collaboration avec nos fournisseurs de mat\u00e9riaux et \u00e9ventuels clients. Par l\u2019entremise de rencontres r\u00e9guli\u00e8res et d\u2019essais de d\u00e9veloppement, nous avons \u00e9t\u00e9 en mesure de mieux comprendre les propri\u00e9t\u00e9s de la mati\u00e8re premi\u00e8re et la demande du march\u00e9. Ainsi, nous pouvons totalement optimiser les param\u00e8tres de notre machine pour atteindre les propri\u00e9t\u00e9s finales d\u00e9sir\u00e9es. L\u2019initiative propose une occasion efficace de collaboration inter-industries qui nous aide \u00e0 d\u00e9velopper de nouvelles applications sur notre \u00e9quipement et qui pourrait potentiellement nous ouvrir de nouveaux march\u00e9s. \u00bb[\/vc_column_text][\/vc_column][\/vc_row][vc_row][vc_column][vc_separator][\/vc_column][\/vc_row][vc_row][vc_column width=\u00a0\u00bb1\/6&Prime;][\/vc_column][vc_column width=\u00a0\u00bb2\/4&Prime;][vc_column_text css=\u00a0\u00bb\u00a0\u00bb]<span style=\"color: #3a9a20;\">WEST FRASER<br \/>\n<a style=\"font-family: 'Source Sans Pro'; font-size: 16px; font-weight: normal;\" href=\"https:\/\/www.westfraser.com\/\">westfraser.com<\/a> <span style=\"color: #808080;\">(en anglais)<\/span><br \/>\n<\/span>[\/vc_column_text][\/vc_column][vc_column width=\u00a0\u00bb1\/3&Prime;][\/vc_column][\/vc_row][vc_row][vc_column width=\u00a0\u00bb1\/2&Prime;][vc_single_image image=\u00a0\u00bb296411&Prime; img_size=\u00a0\u00bb300 x 500&Prime; alignment=\u00a0\u00bbcenter\u00a0\u00bb css_animation=\u00a0\u00bbfadeIn\u00a0\u00bb][\/vc_column][vc_column width=\u00a0\u00bb1\/2&Prime;][vc_column_text]<\/p>\n<div class=\"styled-subtitle\"><span class=\"letter-spacing\"><strong>&#8211; Utilisation optimale des r\u00e9sidus forestiers<br \/>\n&#8211; Substitution des mat\u00e9riaux \u00e0 base de p\u00e9trole<br \/>\n&#8211; Synergies avec les utilisateurs finaux pour acc\u00e9l\u00e9rer la commercialisation de produits novateurs \u00e0 base de cellulose <\/strong><\/span><\/div>\n<p>[\/vc_column_text]<div class=\"clearboth\"><\/div><div id=\"thegem-divider-69e35f3948427\" class=\"gem-divider  \" style=\"\" ><\/div>[vc_column_text]<strong>Matyas Kosa \u2013 chef, bioproduits chez West Fraser<br \/>\n<\/strong>\u00ab Travailler avec FPInnovations s\u2019av\u00e8re tr\u00e8s efficace pour les entreprises \u00e0 caract\u00e8re commercial. Les activit\u00e9s de R et D requi\u00e8rent l\u2019apport de professionnels de diverses disciplines et FPInnovations g\u00e8re l\u2018\u00e9quilibre entre la R et D et l\u2019industrie pour cr\u00e9er des solutions en appui \u00e0 la comp\u00e9titivit\u00e9 g\u00e9n\u00e9rale du secteur forestier canadien. \u00bb[\/vc_column_text][\/vc_column][\/vc_row][\/vc_section][vc_section][vc_row][vc_column][vc_row_inner][vc_column_inner][vc_column_text]<\/p>\n<div class=\"title-h3\"><strong><span style=\"color: #3a9a20;\">Int\u00e9ress\u00e9 \u00e0 en savoir plus?<\/span><\/strong><\/div>\n<p><strong>Contact<br \/>\n<\/strong>St\u00e9phane Barbier,<br \/>\nResponsable du d\u00e9veloppement des affaires<br \/>\n+1 (514) 240-4066<br \/>\n<a href=\"mailto:stephane.barbier@fpinnovations.ca\">stephane.barbier@fpinnovations.ca<\/a>[\/vc_column_text][\/vc_column_inner][\/vc_row_inner][\/vc_column][\/vc_row][\/vc_section]<\/p>\n<\/div>","protected":false},"excerpt":{"rendered":"<p>[vc_section full_width=\u00a0\u00bbstretch_row_content\u00a0\u00bb content_placement=\u00a0\u00bbtop\u00a0\u00bb parallax=\u00a0\u00bbcontent-moving-fade\u00a0\u00bb parallax_image=\u00a0\u00bb296364&Prime; css=\u00a0\u00bb.vc_custom_1684260227181{background-position: center !important;background-repeat: no-repeat !important;background-size: cover !important;}\u00a0\u00bb][vc_row full_width=\u00a0\u00bbstretch_row_content\u00a0\u00bb][vc_column][vc_column_text] La for\u00eat au service des produits de tous les jours [\/vc_column_text][vc_row_inner][vc_column_inner width=\u00a0\u00bb1\/6&Prime;][\/vc_column_inner][vc_column_inner width=\u00a0\u00bb2\/3&Prime;][vc_column_text] Par l\u2019ajout de fibres de p\u00e2te de bois \u00e0&#8230;<\/p>\n","protected":false},"author":23,"featured_media":0,"parent":0,"menu_order":0,"comment_status":"closed","ping_status":"closed","template":"","meta":{"_acf_changed":false,"footnotes":""},"class_list":["post-296504","page","type-page","status-publish"],"acf":[],"yoast_head":"<!-- This site is optimized with the Yoast SEO plugin v27.4 - https:\/\/yoast.com\/product\/yoast-seo-wordpress\/ -->\n<title>La for\u00eat au service des produits de tous les jours - FPInnovations<\/title>\n<meta name=\"robots\" content=\"index, follow, max-snippet:-1, max-image-preview:large, max-video-preview:-1\" \/>\n<link rel=\"canonical\" href=\"https:\/\/web.fpinnovations.ca\/fr\/la-foret-au-service-des-produits-de-tous-les-jours\/\" \/>\n<meta property=\"og:locale\" content=\"fr_FR\" \/>\n<meta property=\"og:type\" content=\"article\" \/>\n<meta property=\"og:title\" content=\"La for\u00eat au service des produits de tous les jours - FPInnovations\" \/>\n<meta property=\"og:description\" content=\"[vc_section full_width=\u00a0\u00bbstretch_row_content\u00a0\u00bb content_placement=\u00a0\u00bbtop\u00a0\u00bb parallax=\u00a0\u00bbcontent-moving-fade\u00a0\u00bb parallax_image=\u00a0\u00bb296364&Prime; css=\u00a0\u00bb.vc_custom_1684260227181{background-position: center !important;background-repeat: no-repeat !important;background-size: cover !important;}\u00a0\u00bb][vc_row full_width=\u00a0\u00bbstretch_row_content\u00a0\u00bb][vc_column][vc_column_text] La for\u00eat au service des produits de tous les jours [\/vc_column_text][vc_row_inner][vc_column_inner width=\u00a0\u00bb1\/6&Prime;][\/vc_column_inner][vc_column_inner width=\u00a0\u00bb2\/3&Prime;][vc_column_text] Par l\u2019ajout de fibres de p\u00e2te de bois \u00e0...\" \/>\n<meta property=\"og:url\" content=\"https:\/\/web.fpinnovations.ca\/fr\/la-foret-au-service-des-produits-de-tous-les-jours\/\" \/>\n<meta property=\"og:site_name\" content=\"FPInnovations\" \/>\n<meta property=\"article:modified_time\" content=\"2025-07-15T15:40:51+00:00\" \/>\n<meta name=\"twitter:card\" content=\"summary_large_image\" \/>\n<meta name=\"twitter:label1\" content=\"Dur\u00e9e de lecture estim\u00e9e\" \/>\n\t<meta name=\"twitter:data1\" content=\"3 minutes\" \/>\n<script type=\"application\/ld+json\" class=\"yoast-schema-graph\">{\"@context\":\"https:\\\/\\\/schema.org\",\"@graph\":[{\"@type\":\"WebPage\",\"@id\":\"https:\\\/\\\/web.fpinnovations.ca\\\/fr\\\/la-foret-au-service-des-produits-de-tous-les-jours\\\/\",\"url\":\"https:\\\/\\\/web.fpinnovations.ca\\\/fr\\\/la-foret-au-service-des-produits-de-tous-les-jours\\\/\",\"name\":\"La for\u00eat au service des produits de tous les jours - FPInnovations\",\"isPartOf\":{\"@id\":\"https:\\\/\\\/web.fpinnovations.ca\\\/fr\\\/#website\"},\"datePublished\":\"2023-06-01T18:31:50+00:00\",\"dateModified\":\"2025-07-15T15:40:51+00:00\",\"breadcrumb\":{\"@id\":\"https:\\\/\\\/web.fpinnovations.ca\\\/fr\\\/la-foret-au-service-des-produits-de-tous-les-jours\\\/#breadcrumb\"},\"inLanguage\":\"fr-FR\",\"potentialAction\":[{\"@type\":\"ReadAction\",\"target\":[\"https:\\\/\\\/web.fpinnovations.ca\\\/fr\\\/la-foret-au-service-des-produits-de-tous-les-jours\\\/\"]}]},{\"@type\":\"BreadcrumbList\",\"@id\":\"https:\\\/\\\/web.fpinnovations.ca\\\/fr\\\/la-foret-au-service-des-produits-de-tous-les-jours\\\/#breadcrumb\",\"itemListElement\":[{\"@type\":\"ListItem\",\"position\":1,\"name\":\"Home\",\"item\":\"https:\\\/\\\/web.fpinnovations.ca\\\/fr\\\/\"},{\"@type\":\"ListItem\",\"position\":2,\"name\":\"La for\u00eat au service des produits de tous les jours\"}]},{\"@type\":\"WebSite\",\"@id\":\"https:\\\/\\\/web.fpinnovations.ca\\\/fr\\\/#website\",\"url\":\"https:\\\/\\\/web.fpinnovations.ca\\\/fr\\\/\",\"name\":\"FPInnovations\",\"description\":\"\",\"potentialAction\":[{\"@type\":\"SearchAction\",\"target\":{\"@type\":\"EntryPoint\",\"urlTemplate\":\"https:\\\/\\\/web.fpinnovations.ca\\\/fr\\\/?s={search_term_string}\"},\"query-input\":{\"@type\":\"PropertyValueSpecification\",\"valueRequired\":true,\"valueName\":\"search_term_string\"}}],\"inLanguage\":\"fr-FR\"}]}<\/script>\n<!-- \/ Yoast SEO plugin. -->","yoast_head_json":{"title":"La for\u00eat au service des produits de tous les jours - FPInnovations","robots":{"index":"index","follow":"follow","max-snippet":"max-snippet:-1","max-image-preview":"max-image-preview:large","max-video-preview":"max-video-preview:-1"},"canonical":"https:\/\/web.fpinnovations.ca\/fr\/la-foret-au-service-des-produits-de-tous-les-jours\/","og_locale":"fr_FR","og_type":"article","og_title":"La for\u00eat au service des produits de tous les jours - FPInnovations","og_description":"[vc_section full_width=\u00a0\u00bbstretch_row_content\u00a0\u00bb content_placement=\u00a0\u00bbtop\u00a0\u00bb parallax=\u00a0\u00bbcontent-moving-fade\u00a0\u00bb parallax_image=\u00a0\u00bb296364&Prime; css=\u00a0\u00bb.vc_custom_1684260227181{background-position: center !important;background-repeat: no-repeat !important;background-size: cover !important;}\u00a0\u00bb][vc_row full_width=\u00a0\u00bbstretch_row_content\u00a0\u00bb][vc_column][vc_column_text] La for\u00eat au service des produits de tous les jours [\/vc_column_text][vc_row_inner][vc_column_inner width=\u00a0\u00bb1\/6&Prime;][\/vc_column_inner][vc_column_inner width=\u00a0\u00bb2\/3&Prime;][vc_column_text] Par l\u2019ajout de fibres de p\u00e2te de bois \u00e0...","og_url":"https:\/\/web.fpinnovations.ca\/fr\/la-foret-au-service-des-produits-de-tous-les-jours\/","og_site_name":"FPInnovations","article_modified_time":"2025-07-15T15:40:51+00:00","twitter_card":"summary_large_image","twitter_misc":{"Dur\u00e9e de lecture estim\u00e9e":"3 minutes"},"schema":{"@context":"https:\/\/schema.org","@graph":[{"@type":"WebPage","@id":"https:\/\/web.fpinnovations.ca\/fr\/la-foret-au-service-des-produits-de-tous-les-jours\/","url":"https:\/\/web.fpinnovations.ca\/fr\/la-foret-au-service-des-produits-de-tous-les-jours\/","name":"La for\u00eat au service des produits de tous les jours - FPInnovations","isPartOf":{"@id":"https:\/\/web.fpinnovations.ca\/fr\/#website"},"datePublished":"2023-06-01T18:31:50+00:00","dateModified":"2025-07-15T15:40:51+00:00","breadcrumb":{"@id":"https:\/\/web.fpinnovations.ca\/fr\/la-foret-au-service-des-produits-de-tous-les-jours\/#breadcrumb"},"inLanguage":"fr-FR","potentialAction":[{"@type":"ReadAction","target":["https:\/\/web.fpinnovations.ca\/fr\/la-foret-au-service-des-produits-de-tous-les-jours\/"]}]},{"@type":"BreadcrumbList","@id":"https:\/\/web.fpinnovations.ca\/fr\/la-foret-au-service-des-produits-de-tous-les-jours\/#breadcrumb","itemListElement":[{"@type":"ListItem","position":1,"name":"Home","item":"https:\/\/web.fpinnovations.ca\/fr\/"},{"@type":"ListItem","position":2,"name":"La for\u00eat au service des produits de tous les jours"}]},{"@type":"WebSite","@id":"https:\/\/web.fpinnovations.ca\/fr\/#website","url":"https:\/\/web.fpinnovations.ca\/fr\/","name":"FPInnovations","description":"","potentialAction":[{"@type":"SearchAction","target":{"@type":"EntryPoint","urlTemplate":"https:\/\/web.fpinnovations.ca\/fr\/?s={search_term_string}"},"query-input":{"@type":"PropertyValueSpecification","valueRequired":true,"valueName":"search_term_string"}}],"inLanguage":"fr-FR"}]}},"_links":{"self":[{"href":"https:\/\/web.fpinnovations.ca\/fr\/wp-json\/wp\/v2\/pages\/296504","targetHints":{"allow":["GET"]}}],"collection":[{"href":"https:\/\/web.fpinnovations.ca\/fr\/wp-json\/wp\/v2\/pages"}],"about":[{"href":"https:\/\/web.fpinnovations.ca\/fr\/wp-json\/wp\/v2\/types\/page"}],"author":[{"embeddable":true,"href":"https:\/\/web.fpinnovations.ca\/fr\/wp-json\/wp\/v2\/users\/23"}],"replies":[{"embeddable":true,"href":"https:\/\/web.fpinnovations.ca\/fr\/wp-json\/wp\/v2\/comments?post=296504"}],"version-history":[{"count":5,"href":"https:\/\/web.fpinnovations.ca\/fr\/wp-json\/wp\/v2\/pages\/296504\/revisions"}],"predecessor-version":[{"id":303215,"href":"https:\/\/web.fpinnovations.ca\/fr\/wp-json\/wp\/v2\/pages\/296504\/revisions\/303215"}],"wp:attachment":[{"href":"https:\/\/web.fpinnovations.ca\/fr\/wp-json\/wp\/v2\/media?parent=296504"}],"curies":[{"name":"wp","href":"https:\/\/api.w.org\/{rel}","templated":true}]}}