{"id":295948,"date":"2023-04-05T11:55:09","date_gmt":"2023-04-05T15:55:09","guid":{"rendered":"https:\/\/web.fpinnovations.ca\/?page_id=295948"},"modified":"2024-06-26T14:38:09","modified_gmt":"2024-06-26T18:38:09","slug":"partenariats-strategiques-et-relations-publiques-2","status":"publish","type":"page","link":"https:\/\/web.fpinnovations.ca\/fr\/qui-sommes-nous\/partenariats-strategiques-et-relations-publiques-2\/","title":{"rendered":"Partenariats strat\u00e9giques et relations publiques (2)"},"content":{"rendered":"<div class=\"wpb-content-wrapper\"><p>[vc_row][vc_column][vc_column_text css_animation=\u00a0\u00bbfadeInDown\u00a0\u00bb]<\/p>\n<h2><span class=\"TextRun BCX0 SCXO45643656\" lang=\"EN-CA\" style=\"color: #3a9a20;\" xml:lang=\"EN-CA\" data-contrast=\"auto\"><span class=\"NormalTextRun BCX0 SCXO45643656\">Partenariats strat\u00e9giques et relations publiques<\/span><\/span><\/h2>\n<p>[\/vc_column_text]<div class=\"clearboth\"><\/div><style>#thegem-divider-69eb6e9cd7efa {margin-top: 40px !important;}<\/style><div id=\"thegem-divider-69eb6e9cd7efa\" class=\"gem-divider  \" style=\"\" ><\/div>[vc_column_text]R\u00e9partis dans tout le Canada, nos gestionnaires provinciaux favorisent les partenariats strat\u00e9giques avec les bailleurs de fonds des gouvernements et de l\u2019industrie afin de stimuler les possibilit\u00e9s de d\u00e9veloppement \u00e9conomique pour les petites et moyennes entreprises et pour les entreprises autochtones.[\/vc_column_text]<div class=\"clearboth\"><\/div><style>#thegem-divider-69eb6e9cd7f72 {margin-top: 40px !important;}<\/style><div id=\"thegem-divider-69eb6e9cd7f72\" class=\"gem-divider  \" style=\"\" ><\/div>[\/vc_column][\/vc_row][vc_row][vc_column width=\u00a0\u00bb1\/3&Prime;][vc_single_image image=\u00a0\u00bb295449&Prime; img_size=\u00a0\u00bb220&Prime; alignment=\u00a0\u00bbcenter\u00a0\u00bb style=\u00a0\u00bbvc_box_shadow_border_circle_2&Prime; css_animation=\u00a0\u00bbfadeIn\u00a0\u00bb][vc_column_text]<\/p>\n<div class=\"team-person-position date-color\" style=\"text-align: center;\">\n<div class=\"team-person-name title-h5\">Marc Beaudoin &#8211; ing.f., M. Sc.<\/div>\n<div class=\"team-person-position date-color\">Responsable des partenariats strat\u00e9giques, Qu\u00e9bec<\/div>\n<\/div>\n<p>[\/vc_column_text][\/vc_column][vc_column width=\u00a0\u00bb1\/3&Prime;][vc_single_image image=\u00a0\u00bb295896&Prime; img_size=\u00a0\u00bb220&Prime; alignment=\u00a0\u00bbcenter\u00a0\u00bb style=\u00a0\u00bbvc_box_shadow_border_circle_2&Prime; css_animation=\u00a0\u00bbfadeIn\u00a0\u00bb][vc_column_text]<\/p>\n<div class=\"team-person-position date-color\" style=\"text-align: center;\">\n<div class=\"team-person-name title-h5\">Mark Kube &#8211; <strong>RPF<\/strong><\/div>\n<div class=\"team-person-position date-color\">Responsable des partenariats strat\u00e9giques, Alberta<\/div>\n<\/div>\n<p>[\/vc_column_text][\/vc_column][vc_column width=\u00a0\u00bb1\/3&Prime;][vc_single_image image=\u00a0\u00bb253770&Prime; img_size=\u00a0\u00bb220&Prime; alignment=\u00a0\u00bbcenter\u00a0\u00bb style=\u00a0\u00bbvc_box_shadow_border_circle_2&Prime; css_animation=\u00a0\u00bbfadeIn\u00a0\u00bb][vc_column_text]<\/p>\n<div class=\"team-person-name title-h5\" style=\"text-align: center;\"><span class=\"TextRun SCXO204677089 BCX0\" lang=\"EN-CA\" xml:lang=\"EN-CA\" data-contrast=\"auto\"><span class=\"NormalTextRun SCXO204677089 BCX0\"><span class=\"TextRun SCXO128011179 BCX0\" lang=\"EN-CA\" xml:lang=\"EN-CA\" data-contrast=\"auto\"><span class=\"NormalTextRun SCXO128011179 BCX0\">Anne LeBrun Ruff &#8211; RPF, PMP<\/span><\/span><\/span><\/span><\/div>\n<div class=\"team-person-position date-color\" style=\"text-align: center;\"><span class=\"TextRun BCX0 SCXO184930575\" lang=\"EN-CA\" xml:lang=\"EN-CA\" data-contrast=\"auto\"><span class=\"NormalTextRun BCX0 SCXO184930575\"><span class=\"EOP SCXO142540508 BCX0\">Responsable des partenariats strat\u00e9giques, Atlantique<\/span><\/span><\/span><\/div>\n<p>[\/vc_column_text][\/vc_column][\/vc_row][vc_row][vc_column width=\u00a0\u00bb1\/3&Prime;][vc_single_image image=\u00a0\u00bb295393&Prime; img_size=\u00a0\u00bb220&Prime; alignment=\u00a0\u00bbcenter\u00a0\u00bb style=\u00a0\u00bbvc_box_shadow_border_circle_2&Prime; css_animation=\u00a0\u00bbfadeIn\u00a0\u00bb][vc_column_text]<\/p>\n<div class=\"team-person-position date-color\" style=\"text-align: center;\">\n<div class=\"team-person-name title-h5\">Alana Prashad &#8211; EMM<\/div>\n<div class=\"team-person-position date-color\">Responsable des partenariats strat\u00e9giques, Ontario<\/div>\n<\/div>\n<p>[\/vc_column_text][\/vc_column][vc_column width=\u00a0\u00bb1\/3&Prime;][vc_single_image image=\u00a0\u00bb253744&Prime; img_size=\u00a0\u00bb220&Prime; alignment=\u00a0\u00bbcenter\u00a0\u00bb style=\u00a0\u00bbvc_box_shadow_border_circle_2&Prime; css_animation=\u00a0\u00bbfadeIn\u00a0\u00bb][vc_column_text]<\/p>\n<div class=\"team-person-name title-h5\" style=\"text-align: center;\"><span class=\"TextRun SCXO204677089 BCX0\" lang=\"EN-CA\" xml:lang=\"EN-CA\" data-contrast=\"auto\"><span class=\"NormalTextRun SCXO204677089 BCX0\"><span class=\"TextRun SCXO180812613 BCX0\" lang=\"EN-CA\" xml:lang=\"EN-CA\" data-contrast=\"auto\"><span class=\"NormalTextRun SCXO180812613 BCX0\">Peter Sigurdson &#8211; RPF<\/span><\/span><span class=\"EOP SCXO180812613 BCX0\">\u00a0<\/span><\/span><\/span><\/div>\n<div class=\"team-person-position date-color\" style=\"text-align: center;\"><span class=\"EOP SCXO81556256 BCX0\">Responsable des partenariats strat\u00e9giques, Saskatchewan <\/span><\/div>\n<p>[\/vc_column_text][\/vc_column][vc_column width=\u00a0\u00bb1\/3&Prime;][vc_single_image image=\u00a0\u00bb295395&Prime; img_size=\u00a0\u00bb220&Prime; alignment=\u00a0\u00bbcenter\u00a0\u00bb style=\u00a0\u00bbvc_box_shadow_border_circle_2&Prime; css_animation=\u00a0\u00bbfadeIn\u00a0\u00bb][vc_column_text]<\/p>\n<div class=\"team-person-position date-color\" style=\"text-align: center;\">\n<div class=\"team-person-name title-h5\">Nadine Diner &#8211; M. Sc.<\/div>\n<div class=\"team-person-position date-color\">Responsable des partenariats strat\u00e9giques, Colombie-Britannique<\/div>\n<\/div>\n<p>[\/vc_column_text][\/vc_column][\/vc_row][vc_row][vc_column width=\u00a0\u00bb1\/3&Prime;][\/vc_column][vc_column width=\u00a0\u00bb1\/3&Prime;][\/vc_column][vc_column width=\u00a0\u00bb1\/3&Prime;][\/vc_column][\/vc_row]<\/p>\n<\/div>","protected":false},"excerpt":{"rendered":"<p>[vc_row][vc_column][vc_column_text css_animation=\u00a0\u00bbfadeInDown\u00a0\u00bb] Partenariats strat\u00e9giques et relations publiques [\/vc_column_text][vc_column_text]R\u00e9partis dans tout le Canada, nos gestionnaires provinciaux favorisent les partenariats strat\u00e9giques avec les bailleurs de fonds des gouvernements et de l\u2019industrie afin de stimuler les possibilit\u00e9s de&#8230;<\/p>\n","protected":false},"author":23,"featured_media":0,"parent":31683,"menu_order":0,"comment_status":"closed","ping_status":"closed","template":"","meta":{"_acf_changed":false,"footnotes":""},"class_list":["post-295948","page","type-page","status-publish"],"acf":[],"yoast_head":"<!-- This site is optimized with the Yoast SEO plugin v27.4 - https:\/\/yoast.com\/product\/yoast-seo-wordpress\/ -->\n<title>Partenariats strat\u00e9giques et relations publiques (2) - FPInnovations<\/title>\n<meta name=\"robots\" content=\"index, follow, max-snippet:-1, max-image-preview:large, max-video-preview:-1\" \/>\n<link rel=\"canonical\" href=\"https:\/\/web.fpinnovations.ca\/fr\/qui-sommes-nous\/partenariats-strategiques-et-relations-publiques-2\/\" \/>\n<meta property=\"og:locale\" content=\"fr_FR\" \/>\n<meta property=\"og:type\" content=\"article\" \/>\n<meta property=\"og:title\" content=\"Partenariats strat\u00e9giques et relations publiques (2) - FPInnovations\" \/>\n<meta property=\"og:description\" content=\"[vc_row][vc_column][vc_column_text css_animation=\u00a0\u00bbfadeInDown\u00a0\u00bb] Partenariats strat\u00e9giques et relations publiques [\/vc_column_text][vc_column_text]R\u00e9partis dans tout le Canada, nos gestionnaires provinciaux favorisent les partenariats strat\u00e9giques avec les bailleurs de fonds des gouvernements et de l\u2019industrie afin de stimuler les possibilit\u00e9s de...\" \/>\n<meta property=\"og:url\" content=\"https:\/\/web.fpinnovations.ca\/fr\/qui-sommes-nous\/partenariats-strategiques-et-relations-publiques-2\/\" \/>\n<meta property=\"og:site_name\" content=\"FPInnovations\" \/>\n<meta property=\"article:modified_time\" content=\"2024-06-26T18:38:09+00:00\" \/>\n<meta name=\"twitter:card\" content=\"summary_large_image\" \/>\n<meta name=\"twitter:label1\" content=\"Dur\u00e9e de lecture estim\u00e9e\" \/>\n\t<meta name=\"twitter:data1\" content=\"2 minutes\" \/>\n<script type=\"application\/ld+json\" class=\"yoast-schema-graph\">{\"@context\":\"https:\\\/\\\/schema.org\",\"@graph\":[{\"@type\":\"WebPage\",\"@id\":\"https:\\\/\\\/web.fpinnovations.ca\\\/fr\\\/qui-sommes-nous\\\/partenariats-strategiques-et-relations-publiques-2\\\/\",\"url\":\"https:\\\/\\\/web.fpinnovations.ca\\\/fr\\\/qui-sommes-nous\\\/partenariats-strategiques-et-relations-publiques-2\\\/\",\"name\":\"Partenariats strat\u00e9giques et relations publiques (2) - FPInnovations\",\"isPartOf\":{\"@id\":\"https:\\\/\\\/web.fpinnovations.ca\\\/fr\\\/#website\"},\"datePublished\":\"2023-04-05T15:55:09+00:00\",\"dateModified\":\"2024-06-26T18:38:09+00:00\",\"breadcrumb\":{\"@id\":\"https:\\\/\\\/web.fpinnovations.ca\\\/fr\\\/qui-sommes-nous\\\/partenariats-strategiques-et-relations-publiques-2\\\/#breadcrumb\"},\"inLanguage\":\"fr-FR\",\"potentialAction\":[{\"@type\":\"ReadAction\",\"target\":[\"https:\\\/\\\/web.fpinnovations.ca\\\/fr\\\/qui-sommes-nous\\\/partenariats-strategiques-et-relations-publiques-2\\\/\"]}]},{\"@type\":\"BreadcrumbList\",\"@id\":\"https:\\\/\\\/web.fpinnovations.ca\\\/fr\\\/qui-sommes-nous\\\/partenariats-strategiques-et-relations-publiques-2\\\/#breadcrumb\",\"itemListElement\":[{\"@type\":\"ListItem\",\"position\":1,\"name\":\"Home\",\"item\":\"https:\\\/\\\/web.fpinnovations.ca\\\/fr\\\/\"},{\"@type\":\"ListItem\",\"position\":2,\"name\":\"Qui sommes-nous\",\"item\":\"https:\\\/\\\/web.fpinnovations.ca\\\/fr\\\/qui-sommes-nous\\\/\"},{\"@type\":\"ListItem\",\"position\":3,\"name\":\"Partenariats strat\u00e9giques et relations publiques (2)\"}]},{\"@type\":\"WebSite\",\"@id\":\"https:\\\/\\\/web.fpinnovations.ca\\\/fr\\\/#website\",\"url\":\"https:\\\/\\\/web.fpinnovations.ca\\\/fr\\\/\",\"name\":\"FPInnovations\",\"description\":\"\",\"potentialAction\":[{\"@type\":\"SearchAction\",\"target\":{\"@type\":\"EntryPoint\",\"urlTemplate\":\"https:\\\/\\\/web.fpinnovations.ca\\\/fr\\\/?s={search_term_string}\"},\"query-input\":{\"@type\":\"PropertyValueSpecification\",\"valueRequired\":true,\"valueName\":\"search_term_string\"}}],\"inLanguage\":\"fr-FR\"}]}<\/script>\n<!-- \/ Yoast SEO plugin. -->","yoast_head_json":{"title":"Partenariats strat\u00e9giques et relations publiques (2) - FPInnovations","robots":{"index":"index","follow":"follow","max-snippet":"max-snippet:-1","max-image-preview":"max-image-preview:large","max-video-preview":"max-video-preview:-1"},"canonical":"https:\/\/web.fpinnovations.ca\/fr\/qui-sommes-nous\/partenariats-strategiques-et-relations-publiques-2\/","og_locale":"fr_FR","og_type":"article","og_title":"Partenariats strat\u00e9giques et relations publiques (2) - FPInnovations","og_description":"[vc_row][vc_column][vc_column_text css_animation=\u00a0\u00bbfadeInDown\u00a0\u00bb] Partenariats strat\u00e9giques et relations publiques [\/vc_column_text][vc_column_text]R\u00e9partis dans tout le Canada, nos gestionnaires provinciaux favorisent les partenariats strat\u00e9giques avec les bailleurs de fonds des gouvernements et de l\u2019industrie afin de stimuler les possibilit\u00e9s de...","og_url":"https:\/\/web.fpinnovations.ca\/fr\/qui-sommes-nous\/partenariats-strategiques-et-relations-publiques-2\/","og_site_name":"FPInnovations","article_modified_time":"2024-06-26T18:38:09+00:00","twitter_card":"summary_large_image","twitter_misc":{"Dur\u00e9e de lecture estim\u00e9e":"2 minutes"},"schema":{"@context":"https:\/\/schema.org","@graph":[{"@type":"WebPage","@id":"https:\/\/web.fpinnovations.ca\/fr\/qui-sommes-nous\/partenariats-strategiques-et-relations-publiques-2\/","url":"https:\/\/web.fpinnovations.ca\/fr\/qui-sommes-nous\/partenariats-strategiques-et-relations-publiques-2\/","name":"Partenariats strat\u00e9giques et relations publiques (2) - FPInnovations","isPartOf":{"@id":"https:\/\/web.fpinnovations.ca\/fr\/#website"},"datePublished":"2023-04-05T15:55:09+00:00","dateModified":"2024-06-26T18:38:09+00:00","breadcrumb":{"@id":"https:\/\/web.fpinnovations.ca\/fr\/qui-sommes-nous\/partenariats-strategiques-et-relations-publiques-2\/#breadcrumb"},"inLanguage":"fr-FR","potentialAction":[{"@type":"ReadAction","target":["https:\/\/web.fpinnovations.ca\/fr\/qui-sommes-nous\/partenariats-strategiques-et-relations-publiques-2\/"]}]},{"@type":"BreadcrumbList","@id":"https:\/\/web.fpinnovations.ca\/fr\/qui-sommes-nous\/partenariats-strategiques-et-relations-publiques-2\/#breadcrumb","itemListElement":[{"@type":"ListItem","position":1,"name":"Home","item":"https:\/\/web.fpinnovations.ca\/fr\/"},{"@type":"ListItem","position":2,"name":"Qui sommes-nous","item":"https:\/\/web.fpinnovations.ca\/fr\/qui-sommes-nous\/"},{"@type":"ListItem","position":3,"name":"Partenariats strat\u00e9giques et relations publiques (2)"}]},{"@type":"WebSite","@id":"https:\/\/web.fpinnovations.ca\/fr\/#website","url":"https:\/\/web.fpinnovations.ca\/fr\/","name":"FPInnovations","description":"","potentialAction":[{"@type":"SearchAction","target":{"@type":"EntryPoint","urlTemplate":"https:\/\/web.fpinnovations.ca\/fr\/?s={search_term_string}"},"query-input":{"@type":"PropertyValueSpecification","valueRequired":true,"valueName":"search_term_string"}}],"inLanguage":"fr-FR"}]}},"_links":{"self":[{"href":"https:\/\/web.fpinnovations.ca\/fr\/wp-json\/wp\/v2\/pages\/295948","targetHints":{"allow":["GET"]}}],"collection":[{"href":"https:\/\/web.fpinnovations.ca\/fr\/wp-json\/wp\/v2\/pages"}],"about":[{"href":"https:\/\/web.fpinnovations.ca\/fr\/wp-json\/wp\/v2\/types\/page"}],"author":[{"embeddable":true,"href":"https:\/\/web.fpinnovations.ca\/fr\/wp-json\/wp\/v2\/users\/23"}],"replies":[{"embeddable":true,"href":"https:\/\/web.fpinnovations.ca\/fr\/wp-json\/wp\/v2\/comments?post=295948"}],"version-history":[{"count":5,"href":"https:\/\/web.fpinnovations.ca\/fr\/wp-json\/wp\/v2\/pages\/295948\/revisions"}],"predecessor-version":[{"id":300243,"href":"https:\/\/web.fpinnovations.ca\/fr\/wp-json\/wp\/v2\/pages\/295948\/revisions\/300243"}],"up":[{"embeddable":true,"href":"https:\/\/web.fpinnovations.ca\/fr\/wp-json\/wp\/v2\/pages\/31683"}],"wp:attachment":[{"href":"https:\/\/web.fpinnovations.ca\/fr\/wp-json\/wp\/v2\/media?parent=295948"}],"curies":[{"name":"wp","href":"https:\/\/api.w.org\/{rel}","templated":true}]}}