{"id":295568,"date":"2023-03-01T13:43:03","date_gmt":"2023-03-01T18:43:03","guid":{"rendered":"https:\/\/web.fpinnovations.ca\/?page_id=295568"},"modified":"2023-04-06T13:30:16","modified_gmt":"2023-04-06T17:30:16","slug":"vibration","status":"publish","type":"page","link":"https:\/\/web.fpinnovations.ca\/fr\/vibration\/","title":{"rendered":"Guide des pratiques exemplaires pour le contr\u00f4le des vibrations de planchers en bois"},"content":{"rendered":"<div class=\"wpb-content-wrapper\"><p>[vc_row full_width=\u00a0\u00bbstretch_row_content\u00a0\u00bb disable_element=\u00a0\u00bbyes\u00a0\u00bb][vc_column][vc_btn title=\u00a0\u00bbConsulter la version fran\u00e7aise de cette page\u00a0\u00bb style=\u00a0\u00bbflat\u00a0\u00bb shape=\u00a0\u00bbround\u00a0\u00bb size=\u00a0\u00bbsm\u00a0\u00bb align=\u00a0\u00bbright\u00a0\u00bb css_animation=\u00a0\u00bbfadeIn\u00a0\u00bb link=\u00a0\u00bburl:https%3A%2F%2Fweb.fpinnovations.ca%2Ffr%2Fmodelling%2F\u00a0\u00bb][\/vc_column][\/vc_row][vc_row][vc_column][vc_custom_heading text=\u00a0\u00bbGuide des pratiques exemplaires pour le contr\u00f4le de vibrations de planchers en bois\u00a0\u00bb font_container=\u00a0\u00bbtag:h1|font_size:72px|text_align:center|line_height:1.1&Prime; use_theme_fonts=\u00a0\u00bbyes\u00a0\u00bb css=\u00a0\u00bb.vc_custom_1676907163231{margin-bottom: 30px !important;padding-bottom: 0px !important;}\u00a0\u00bb][\/vc_column][\/vc_row][vc_row][vc_column width=\u00a0\u00bb1\/2&Prime;][vc_single_image image=\u00a0\u00bb295502&Prime; img_size=\u00a0\u00bblarge\u00a0\u00bb][\/vc_column][vc_column width=\u00a0\u00bb1\/2&Prime;][vc_empty_space height=\u00a0\u00bb180px\u00a0\u00bb][vc_btn title=\u00a0\u00bb<strong>ACHETER LA COPIE IMPRIMEE (EN ANGLAIS)<\/strong>\u00a0\u00bb style=\u00a0\u00bbflat\u00a0\u00bb shape=\u00a0\u00bbround\u00a0\u00bb color=\u00a0\u00bbgreen\u00a0\u00bb size=\u00a0\u00bblg\u00a0\u00bb align=\u00a0\u00bbleft\u00a0\u00bb link=\u00a0\u00bburl:https%3A%2F%2Fwww.amazon.ca%2Fdp%2F0864886160%3Fref_%3Dpe_3052080_397514860|target:_blank\u00a0\u00bb][vc_column_text]<div class='w3eden'><!-- WPDM Link Template: Link\/Button Popup -->\n<a href='#unlock' class='wpdm-download-link wpdm-download-locked btn btn-primary btn-lg' data-package='295932'>T\u00c9L\u00c9CHARGER LE PDF GRATUIT (EN ANGLAIS)<\/a><\/div>[\/vc_column_text][\/vc_column][\/vc_row][vc_row][vc_column][vc_custom_heading text=\u00a0\u00bbLa vibration des planchers induite par la marche est un sujet qui int\u00e9resse les concepteurs, constructeurs et manufacturiers depuis de nombreuses ann\u00e9es. FPInnovations \u00e9tudie le sujet depuis les ann\u00e9es 1970 en collaboration avec diff\u00e9rents chercheurs, professionnels et occupants de b\u00e2timents, ce qui a permis la cr\u00e9ation d&rsquo;une large base de connaissances. Ces r\u00e9sultats de recherches ont \u00e9t\u00e9 incorpor\u00e9s dans le Code national du b\u00e2timent &#8211; Canada et la norme CSA O86-19, R\u00e8gles de calcul des charpentes en bois.\u00a0\u00bb font_container=\u00a0\u00bbtag:p|font_size:20|text_align:left|line_height:1.5&Prime; google_fonts=\u00a0\u00bbfont_family:Montserrat%20UltraLight%3Aregular|font_style:400%20regular%3A400%3Anormal\u00a0\u00bb][vc_custom_heading text=\u00a0\u00bbCe guide des pratiques exemplaires offre un survol des vibrations induites par la marche associ\u00e9es aux planchers \u00e0 ossature l\u00e9g\u00e8re en bois et massifs en bois selon les crit\u00e8res types de construction en Am\u00e9rique du Nord. Il aborde les principes fondamentaux des vibrations de planchers induites par la marche normale, pr\u00e9sente les m\u00e9thodes de conception et fournit des exemples de conception. Il propose aussi des solutions pour r\u00e9duire les vibrations de planchers de mauvaise conception. De plus, les principes et proc\u00e9dures applicables \u00e0 la conception par \u00e9l\u00e9ments finis pour la performance en termes de vibration des planchers sont abord\u00e9s et des recommandations sont faites en vue de l&rsquo;analyse de syst\u00e8mes afin d&rsquo;optimiser la performance et la rentabilit\u00e9 du b\u00e2timent.\u00a0\u00bb font_container=\u00a0\u00bbtag:p|font_size:20|text_align:left|line_height:1.5&Prime; google_fonts=\u00a0\u00bbfont_family:Montserrat%20UltraLight%3Aregular|font_style:400%20regular%3A400%3Anormal\u00a0\u00bb][vc_empty_space][\/vc_column][\/vc_row][vc_row gap=\u00a0\u00bb10&Prime;][vc_column width=\u00a0\u00bb1\/4&Prime; css=\u00a0\u00bb.vc_custom_1669840688352{border-top-width: 30px !important;padding-top: 45px !important;padding-right: 30px !important;padding-bottom: 15px !important;padding-left: 30px !important;background-color: #56b146 !important;}\u00a0\u00bb][vc_custom_heading text=\u00a0\u00bb\u00a0\u00bb Tous les planchers en bois peuvent satisfaire les exigences en termes de vibration s&rsquo;ils sont construits avec une bonne connaissance des produits, des outils de conception et des m\u00e9thodes de construction. \u00a0\u00bb\u00a0\u00bb font_container=\u00a0\u00bbtag:p|font_size:26|text_align:left|color:%23ffffff|line_height:1.4&Prime; google_fonts=\u00a0\u00bbfont_family:Montserrat%20UltraLight%3Aregular|font_style:400%20regular%3A400%3Anormal\u00a0\u00bb][vc_custom_heading text=\u00a0\u00bb&#8211; Lin Hu, auteure\u00a0\u00bb font_container=\u00a0\u00bbtag:p|font_size:20|text_align:right|color:%23ffffff|line_height:1&Prime; google_fonts=\u00a0\u00bbfont_family:Montserrat%20UltraLight%3Aregular|font_style:400%20regular%3A400%3Anormal\u00a0\u00bb][\/vc_column][vc_column width=\u00a0\u00bb3\/4&Prime;][vc_custom_heading text=\u00a0\u00bbLe guide contient :\u00a0\u00bb font_container=\u00a0\u00bbtag:p|font_size:40|text_align:left|color:%2356b146&Prime; google_fonts=\u00a0\u00bbfont_family:Montserrat%20UltraLight%3Aregular|font_style:400%20regular%3A400%3Anormal\u00a0\u00bb][vc_custom_heading text=\u00a0\u00bbLes m\u00e9thodes et outils pour s&rsquo;assurer que les vibrations de planchers en bois induites par la marche peuvent \u00eatre contr\u00f4l\u00e9es selon une approche rentable utilisant des pratiques de conception et de construction appropri\u00e9es. Le guide propose les chapitres suivants :\u00a0\u00bb font_container=\u00a0\u00bbtag:p|font_size:20|text_align:left|line_height:1.5&Prime; google_fonts=\u00a0\u00bbfont_family:Montserrat%20UltraLight%3Aregular|font_style:400%20regular%3A400%3Anormal\u00a0\u00bb][vc_custom_heading text=\u00a0\u00bb\u2022 Introduction et contexte\u00a0\u00bb font_container=\u00a0\u00bbtag:div|font_size:20|text_align:left\u00a0\u00bb google_fonts=\u00a0\u00bbfont_family:Montserrat%20UltraLight%3Aregular|font_style:400%20regular%3A400%3Anormal\u00a0\u00bb][vc_empty_space height=\u00a0\u00bb10px\u00a0\u00bb][vc_custom_heading text=\u00a0\u00bb\u2022 Strat\u00e9gie en trois \u00e9tapes pour le contr\u00f4le des vibrations de planchers\u00a0\u00bb font_container=\u00a0\u00bbtag:div|font_size:20|text_align:left\u00a0\u00bb google_fonts=\u00a0\u00bbfont_family:Montserrat%20UltraLight%3Aregular|font_style:400%20regular%3A400%3Anormal\u00a0\u00bb][vc_empty_space height=\u00a0\u00bb10px\u00a0\u00bb][vc_custom_heading text=\u00a0\u00bb\u2022 Premi\u00e8re \u00e9tape : Contr\u00f4le des vibrations au niveau du syst\u00e8me de soutien\u00a0\u00bb font_container=\u00a0\u00bbtag:div|font_size:20|text_align:left\u00a0\u00bb google_fonts=\u00a0\u00bbfont_family:Montserrat%20UltraLight%3Aregular|font_style:400%20regular%3A400%3Anormal\u00a0\u00bb][vc_empty_space height=\u00a0\u00bb10px\u00a0\u00bb][vc_custom_heading text=\u00a0\u00bb\u2022 Deuxi\u00e8me \u00e9tape : Contr\u00f4le des vibrations au niveau de la structure de plancher\u00a0\u00bb font_container=\u00a0\u00bbtag:div|font_size:20|text_align:left\u00a0\u00bb google_fonts=\u00a0\u00bbfont_family:Montserrat%20UltraLight%3Aregular|font_style:400%20regular%3A400%3Anormal\u00a0\u00bb][vc_empty_space height=\u00a0\u00bb10px\u00a0\u00bb][vc_custom_heading text=\u00a0\u00bb\u2022 Troisi\u00e8me \u00e9tape : Contr\u00f4le des vibrations \u00e0 la construction\u00a0\u00bb font_container=\u00a0\u00bbtag:div|font_size:20|text_align:left\u00a0\u00bb google_fonts=\u00a0\u00bbfont_family:Montserrat%20UltraLight%3Aregular|font_style:400%20regular%3A400%3Anormal\u00a0\u00bb][vc_empty_space height=\u00a0\u00bb10px\u00a0\u00bb][vc_custom_heading text=\u00a0\u00bb\u2022 Solutions pour planchers non satisfaisants\u00a0\u00bb font_container=\u00a0\u00bbtag:div|font_size:20|text_align:left\u00a0\u00bb google_fonts=\u00a0\u00bbfont_family:Montserrat%20UltraLight%3Aregular|font_style:400%20regular%3A400%3Anormal\u00a0\u00bb][vc_empty_space height=\u00a0\u00bb10px\u00a0\u00bb][vc_custom_heading text=\u00a0\u00bb\u2022 D\u00e9marche syst\u00e9mique pour contr\u00f4le des vibrations\u00a0\u00bb font_container=\u00a0\u00bbtag:div|font_size:20|text_align:left\u00a0\u00bb google_fonts=\u00a0\u00bbfont_family:Montserrat%20UltraLight%3Aregular|font_style:400%20regular%3A400%3Anormal\u00a0\u00bb][vc_empty_space height=\u00a0\u00bb20px\u00a0\u00bb][vc_custom_heading text=\u00a0\u00bbEn plus : th\u00e9orie g\u00e9n\u00e9rale et \u00e9tudes de cas pr\u00e9sent\u00e9es en annexe.\u00a0\u00bb font_container=\u00a0\u00bbtag:p|font_size:20|text_align:left|line_height:1.5&Prime; google_fonts=\u00a0\u00bbfont_family:Montserrat%20UltraLight%3Aregular|font_style:400%20regular%3A400%3Anormal\u00a0\u00bb][\/vc_column][\/vc_row][vc_row css=\u00a0\u00bb.vc_custom_1669840778846{padding-top: 35px !important;padding-bottom: 35px !important;}\u00a0\u00bb][vc_column][vc_custom_heading text=\u00a0\u00bbVivre avec le bois : biblioth\u00e8que de guides de FPInnovations\u00a0\u00bb font_container=\u00a0\u00bbtag:p|font_size:40px|text_align:center|color:%2356b146|line_height:1.1&Prime; google_fonts=\u00a0\u00bbfont_family:Montserrat%20UltraLight%3Aregular|font_style:400%20regular%3A400%3Anormal\u00a0\u00bb css=\u00a0\u00bb.vc_custom_1676916863142{padding-top: 0px !important;}\u00a0\u00bb][vc_row_inner][vc_column_inner width=\u00a0\u00bb1\/2&Prime;][vc_images_carousel images=\u00a0\u00bb293096,291637,287858,286965,286967,286963,286964,286966&Prime; img_size=\u00a0\u00bb500&#215;500&Prime; speed=\u00a0\u00bb4000&Prime; autoplay=\u00a0\u00bbyes\u00a0\u00bb wrap=\u00a0\u00bbyes\u00a0\u00bb][\/vc_column_inner][vc_column_inner width=\u00a0\u00bb1\/2&Prime;][vc_custom_heading text=\u00a0\u00bbConsultez ces ressources suppl\u00e9mentaires sur la construction de b\u00e2timents en bois!\u00a0\u00bb font_container=\u00a0\u00bbtag:p|font_size:20px|text_align:left|line_height:1.5&Prime; google_fonts=\u00a0\u00bbfont_family:Montserrat%20UltraLight%3Aregular|font_style:400%20regular%3A400%3Anormal\u00a0\u00bb css=\u00a0\u00bb.vc_custom_1676916908324{padding-top: 0px !important;}\u00a0\u00bb][vc_custom_heading text=\u00a0\u00bbFPInnovations offre de nombreuses ressources aux professionnels travaillant dans le domaine de la construction de b\u00e2timents en bois. Visitez notre biblioth\u00e8que de publications pour conna\u00eetre les autres options.\u00a0\u00bb font_container=\u00a0\u00bbtag:p|font_size:20px|text_align:left|line_height:1.5&Prime; google_fonts=\u00a0\u00bbfont_family:Montserrat%20UltraLight%3Aregular|font_style:400%20regular%3A400%3Anormal\u00a0\u00bb css=\u00a0\u00bb.vc_custom_1676917001118{padding-top: 0px !important;}\u00a0\u00bb][vc_btn title=\u00a0\u00bb<strong>VISITEZ NOTRE BIBLIOTHEQUE DE GUIDES<\/strong>\u00a0\u00bb style=\u00a0\u00bbflat\u00a0\u00bb shape=\u00a0\u00bbround\u00a0\u00bb color=\u00a0\u00bbgreen\u00a0\u00bb size=\u00a0\u00bblg\u00a0\u00bb link=\u00a0\u00bburl:https%3A%2F%2Fweb.fpinnovations.ca%2Ffpinnovations-resources-on-wood-building-construction%2F|target:_blank\u00a0\u00bb][vc_column_text]<div class='w3eden'><!-- WPDM Link Template: Link\/Button Popup -->\n<a href='#unlock' class='wpdm-download-link wpdm-download-locked btn btn-primary btn-lg' data-package='295932'>T\u00c9L\u00c9CHARGER LE PDF GRATUIT (EN ANGLAIS)<\/a><\/div>[\/vc_column_text][\/vc_column_inner][\/vc_row_inner][\/vc_column][\/vc_row][vc_row][vc_column][\/vc_column][\/vc_row][vc_row][vc_column][\/vc_column][\/vc_row]<\/p>\n<\/div>","protected":false},"excerpt":{"rendered":"<p>[vc_row full_width=\u00a0\u00bbstretch_row_content\u00a0\u00bb disable_element=\u00a0\u00bbyes\u00a0\u00bb][vc_column][vc_btn title=\u00a0\u00bbConsulter la version fran\u00e7aise de cette page\u00a0\u00bb style=\u00a0\u00bbflat\u00a0\u00bb shape=\u00a0\u00bbround\u00a0\u00bb size=\u00a0\u00bbsm\u00a0\u00bb align=\u00a0\u00bbright\u00a0\u00bb css_animation=\u00a0\u00bbfadeIn\u00a0\u00bb link=\u00a0\u00bburl:https%3A%2F%2Fweb.fpinnovations.ca%2Ffr%2Fmodelling%2F\u00a0\u00bb][\/vc_column][\/vc_row][vc_row][vc_column][vc_custom_heading text=\u00a0\u00bbGuide des pratiques exemplaires pour le contr\u00f4le de vibrations de planchers en bois\u00a0\u00bb font_container=\u00a0\u00bbtag:h1|font_size:72px|text_align:center|line_height:1.1&Prime; use_theme_fonts=\u00a0\u00bbyes\u00a0\u00bb css=\u00a0\u00bb.vc_custom_1676907163231{margin-bottom: 30px !important;padding-bottom: 0px&#8230;<\/p>\n","protected":false},"author":24,"featured_media":0,"parent":0,"menu_order":0,"comment_status":"closed","ping_status":"closed","template":"","meta":{"_acf_changed":false,"footnotes":""},"class_list":["post-295568","page","type-page","status-publish"],"acf":[],"yoast_head":"<!-- This site is optimized with the Yoast SEO plugin v27.5 - https:\/\/yoast.com\/product\/yoast-seo-wordpress\/ -->\n<title>Guide des pratiques exemplaires pour le contr\u00f4le des vibrations de planchers en bois - FPInnovations<\/title>\n<meta name=\"description\" content=\"The definitive guide for timber structure modelling brings together the experience gained from recently built timber projects, and the latest research development in the modelling of timber structures.\" \/>\n<meta name=\"robots\" content=\"index, follow, max-snippet:-1, max-image-preview:large, max-video-preview:-1\" \/>\n<link rel=\"canonical\" href=\"https:\/\/web.fpinnovations.ca\/fr\/vibration\/\" \/>\n<meta property=\"og:locale\" content=\"fr_FR\" \/>\n<meta property=\"og:type\" content=\"article\" \/>\n<meta property=\"og:title\" content=\"Guide des pratiques exemplaires pour le contr\u00f4le des vibrations de planchers en bois - FPInnovations\" \/>\n<meta property=\"og:description\" content=\"The definitive guide for timber structure modelling brings together the experience gained from recently built timber projects, and the latest research development in the modelling of timber structures.\" \/>\n<meta property=\"og:url\" content=\"https:\/\/web.fpinnovations.ca\/fr\/vibration\/\" \/>\n<meta property=\"og:site_name\" content=\"FPInnovations\" \/>\n<meta property=\"article:modified_time\" content=\"2023-04-06T17:30:16+00:00\" \/>\n<meta name=\"twitter:card\" content=\"summary_large_image\" \/>\n<meta name=\"twitter:label1\" content=\"Dur\u00e9e de lecture estim\u00e9e\" \/>\n\t<meta name=\"twitter:data1\" content=\"3 minutes\" \/>\n<script type=\"application\/ld+json\" class=\"yoast-schema-graph\">{\"@context\":\"https:\\\/\\\/schema.org\",\"@graph\":[{\"@type\":\"WebPage\",\"@id\":\"https:\\\/\\\/web.fpinnovations.ca\\\/fr\\\/vibration\\\/\",\"url\":\"https:\\\/\\\/web.fpinnovations.ca\\\/fr\\\/vibration\\\/\",\"name\":\"Guide des pratiques exemplaires pour le contr\u00f4le des vibrations de planchers en bois - FPInnovations\",\"isPartOf\":{\"@id\":\"https:\\\/\\\/web.fpinnovations.ca\\\/fr\\\/#website\"},\"datePublished\":\"2023-03-01T18:43:03+00:00\",\"dateModified\":\"2023-04-06T17:30:16+00:00\",\"description\":\"The definitive guide for timber structure modelling brings together the experience gained from recently built timber projects, and the latest research development in the modelling of timber structures.\",\"breadcrumb\":{\"@id\":\"https:\\\/\\\/web.fpinnovations.ca\\\/fr\\\/vibration\\\/#breadcrumb\"},\"inLanguage\":\"fr-FR\",\"potentialAction\":[{\"@type\":\"ReadAction\",\"target\":[\"https:\\\/\\\/web.fpinnovations.ca\\\/fr\\\/vibration\\\/\"]}]},{\"@type\":\"BreadcrumbList\",\"@id\":\"https:\\\/\\\/web.fpinnovations.ca\\\/fr\\\/vibration\\\/#breadcrumb\",\"itemListElement\":[{\"@type\":\"ListItem\",\"position\":1,\"name\":\"Home\",\"item\":\"https:\\\/\\\/web.fpinnovations.ca\\\/fr\\\/\"},{\"@type\":\"ListItem\",\"position\":2,\"name\":\"Guide des pratiques exemplaires pour le contr\u00f4le des vibrations de planchers en bois\"}]},{\"@type\":\"WebSite\",\"@id\":\"https:\\\/\\\/web.fpinnovations.ca\\\/fr\\\/#website\",\"url\":\"https:\\\/\\\/web.fpinnovations.ca\\\/fr\\\/\",\"name\":\"FPInnovations\",\"description\":\"\",\"potentialAction\":[{\"@type\":\"SearchAction\",\"target\":{\"@type\":\"EntryPoint\",\"urlTemplate\":\"https:\\\/\\\/web.fpinnovations.ca\\\/fr\\\/?s={search_term_string}\"},\"query-input\":{\"@type\":\"PropertyValueSpecification\",\"valueRequired\":true,\"valueName\":\"search_term_string\"}}],\"inLanguage\":\"fr-FR\"}]}<\/script>\n<!-- \/ Yoast SEO plugin. -->","yoast_head_json":{"title":"Guide des pratiques exemplaires pour le contr\u00f4le des vibrations de planchers en bois - FPInnovations","description":"The definitive guide for timber structure modelling brings together the experience gained from recently built timber projects, and the latest research development in the modelling of timber structures.","robots":{"index":"index","follow":"follow","max-snippet":"max-snippet:-1","max-image-preview":"max-image-preview:large","max-video-preview":"max-video-preview:-1"},"canonical":"https:\/\/web.fpinnovations.ca\/fr\/vibration\/","og_locale":"fr_FR","og_type":"article","og_title":"Guide des pratiques exemplaires pour le contr\u00f4le des vibrations de planchers en bois - FPInnovations","og_description":"The definitive guide for timber structure modelling brings together the experience gained from recently built timber projects, and the latest research development in the modelling of timber structures.","og_url":"https:\/\/web.fpinnovations.ca\/fr\/vibration\/","og_site_name":"FPInnovations","article_modified_time":"2023-04-06T17:30:16+00:00","twitter_card":"summary_large_image","twitter_misc":{"Dur\u00e9e de lecture estim\u00e9e":"3 minutes"},"schema":{"@context":"https:\/\/schema.org","@graph":[{"@type":"WebPage","@id":"https:\/\/web.fpinnovations.ca\/fr\/vibration\/","url":"https:\/\/web.fpinnovations.ca\/fr\/vibration\/","name":"Guide des pratiques exemplaires pour le contr\u00f4le des vibrations de planchers en bois - FPInnovations","isPartOf":{"@id":"https:\/\/web.fpinnovations.ca\/fr\/#website"},"datePublished":"2023-03-01T18:43:03+00:00","dateModified":"2023-04-06T17:30:16+00:00","description":"The definitive guide for timber structure modelling brings together the experience gained from recently built timber projects, and the latest research development in the modelling of timber structures.","breadcrumb":{"@id":"https:\/\/web.fpinnovations.ca\/fr\/vibration\/#breadcrumb"},"inLanguage":"fr-FR","potentialAction":[{"@type":"ReadAction","target":["https:\/\/web.fpinnovations.ca\/fr\/vibration\/"]}]},{"@type":"BreadcrumbList","@id":"https:\/\/web.fpinnovations.ca\/fr\/vibration\/#breadcrumb","itemListElement":[{"@type":"ListItem","position":1,"name":"Home","item":"https:\/\/web.fpinnovations.ca\/fr\/"},{"@type":"ListItem","position":2,"name":"Guide des pratiques exemplaires pour le contr\u00f4le des vibrations de planchers en bois"}]},{"@type":"WebSite","@id":"https:\/\/web.fpinnovations.ca\/fr\/#website","url":"https:\/\/web.fpinnovations.ca\/fr\/","name":"FPInnovations","description":"","potentialAction":[{"@type":"SearchAction","target":{"@type":"EntryPoint","urlTemplate":"https:\/\/web.fpinnovations.ca\/fr\/?s={search_term_string}"},"query-input":{"@type":"PropertyValueSpecification","valueRequired":true,"valueName":"search_term_string"}}],"inLanguage":"fr-FR"}]}},"_links":{"self":[{"href":"https:\/\/web.fpinnovations.ca\/fr\/wp-json\/wp\/v2\/pages\/295568","targetHints":{"allow":["GET"]}}],"collection":[{"href":"https:\/\/web.fpinnovations.ca\/fr\/wp-json\/wp\/v2\/pages"}],"about":[{"href":"https:\/\/web.fpinnovations.ca\/fr\/wp-json\/wp\/v2\/types\/page"}],"author":[{"embeddable":true,"href":"https:\/\/web.fpinnovations.ca\/fr\/wp-json\/wp\/v2\/users\/24"}],"replies":[{"embeddable":true,"href":"https:\/\/web.fpinnovations.ca\/fr\/wp-json\/wp\/v2\/comments?post=295568"}],"version-history":[{"count":5,"href":"https:\/\/web.fpinnovations.ca\/fr\/wp-json\/wp\/v2\/pages\/295568\/revisions"}],"predecessor-version":[{"id":296044,"href":"https:\/\/web.fpinnovations.ca\/fr\/wp-json\/wp\/v2\/pages\/295568\/revisions\/296044"}],"wp:attachment":[{"href":"https:\/\/web.fpinnovations.ca\/fr\/wp-json\/wp\/v2\/media?parent=295568"}],"curies":[{"name":"wp","href":"https:\/\/api.w.org\/{rel}","templated":true}]}}