{"id":293993,"date":"2022-10-18T10:32:36","date_gmt":"2022-10-18T14:32:36","guid":{"rendered":"https:\/\/web.fpinnovations.ca\/?page_id=293993"},"modified":"2024-05-28T10:52:43","modified_gmt":"2024-05-28T14:52:43","slug":"produits-biosources","status":"publish","type":"page","link":"https:\/\/web.fpinnovations.ca\/fr\/produits-biosources\/","title":{"rendered":"Produits biosourc\u00e9s"},"content":{"rendered":"<div class=\"wpb-content-wrapper\"><p>[vc_row full_width=\u00a0\u00bbstretch_row_content_no_spaces\u00a0\u00bb css=\u00a0\u00bb.vc_custom_1456399684039{margin-bottom: 0px !important;}\u00a0\u00bb][vc_column]<div class=\"clearboth\"><\/div><style>#thegem-divider-69eb6bb12d375 {margin-top: -17px !important;}#thegem-divider-69eb6bb12d375 {margin-bottom: 85px !important;}<\/style><div id=\"thegem-divider-69eb6bb12d375\" class=\"gem-divider  \" style=\"\" ><\/div>[\/vc_column][\/vc_row][vc_row full_width=\u00a0\u00bbstretch_row_content_no_spaces\u00a0\u00bb][vc_column]<div class=\"gem-textbox \"  ><div class=\"gem-textbox-inner\" style=\"\"><div class=\"gem-textbox-content\" style=\"background-color: #f4f6f7;background-position: center top;\">[vc_empty_space height=\u00a0\u00bb10px\u00a0\u00bb][vc_custom_heading text=\u00a0\u00bbDOMAINES D\u2019ACTIVIT\u00c9\u00a0\u00bb font_container=\u00a0\u00bbtag:h1|text_align:center\u00a0\u00bb use_theme_fonts=\u00a0\u00bbyes\u00a0\u00bb][vc_row_inner][vc_column_inner width=\u00a0\u00bb1\/4&Prime;][vc_empty_space height=\u00a0\u00bb15px\u00a0\u00bb][\/vc_column_inner][vc_column_inner width=\u00a0\u00bb1\/4&Prime;][vc_column_text]<img class=\"wp-image-297321 size-full aligncenter\" src=\"https:\/\/web.fpinnovations.ca\/wp-content\/uploads\/test-tubes-resized-2.jpg\" alt=\"\" width=\"300\" height=\"300\" srcset=\"https:\/\/web.fpinnovations.ca\/wp-content\/uploads\/test-tubes-resized-2.jpg 300w, https:\/\/web.fpinnovations.ca\/wp-content\/uploads\/test-tubes-resized-2-150x150.jpg 150w, https:\/\/web.fpinnovations.ca\/wp-content\/uploads\/test-tubes-resized-2-256x256.jpg 256w\" sizes=\"(max-width: 300px) 100vw, 300px\" \/>[\/vc_column_text][vc_empty_space height=\u00a0\u00bb15px\u00a0\u00bb][vc_custom_heading text=\u00a0\u00bbProduits chimiques biosourc\u00e9s de base\u00a0\u00bb font_container=\u00a0\u00bbtag:h5|text_align:center\u00a0\u00bb use_theme_fonts=\u00a0\u00bbyes\u00a0\u00bb css=\u00a0\u00bb\u00a0\u00bb link=\u00a0\u00bburl:https%3A%2F%2Fweb.fpinnovations.ca%2Ffr%2Fproduits-chimiques-biosources-de-base%2F|title:Produits%20chimiques%20biosourc%C3%A9s%20de%20base\u00a0\u00bb][\/vc_column_inner][vc_column_inner width=\u00a0\u00bb1\/4&Prime;][vc_column_text]<img class=\"wp-image-293856 size-medium aligncenter\" src=\"https:\/\/web.fpinnovations.ca\/wp-content\/uploads\/\/BIO-applications-for-bio-sourced-products-300x300.jpg\" alt=\"\" width=\"300\" height=\"300\" srcset=\"https:\/\/web.fpinnovations.ca\/wp-content\/uploads\/BIO-applications-for-bio-sourced-products.jpg 300w, https:\/\/web.fpinnovations.ca\/wp-content\/uploads\/BIO-applications-for-bio-sourced-products-150x150.jpg 150w, https:\/\/web.fpinnovations.ca\/wp-content\/uploads\/BIO-applications-for-bio-sourced-products-256x256.jpg 256w\" sizes=\"(max-width: 300px) 100vw, 300px\" \/>[\/vc_column_text][vc_column_text css=\u00a0\u00bb\u00a0\u00bb][\/vc_column_text][vc_empty_space height=\u00a0\u00bb15px\u00a0\u00bb][vc_column_text css=\u00a0\u00bb\u00a0\u00bb][\/vc_column_text][vc_custom_heading text=\u00a0\u00bbProduits chimiques et mat\u00e9riaux biosourc\u00e9s de sp\u00e9cialit\u00e9\u00a0\u00bb font_container=\u00a0\u00bbtag:h5|text_align:center\u00a0\u00bb use_theme_fonts=\u00a0\u00bbyes\u00a0\u00bb css=\u00a0\u00bb\u00a0\u00bb link=\u00a0\u00bburl:https%3A%2F%2Fweb.fpinnovations.ca%2Ffr%2Fproduits-chimiques-et-materiaux-biosources-de-specialite%2F|title:Produits%20chimiques%20et%20mat%C3%A9riaux%20biosourc%C3%A9s%20de%20sp%C3%A9cialit%C3%A9&Prime;][\/vc_column_inner][vc_column_inner width=\u00a0\u00bb1\/4&Prime;][\/vc_column_inner][\/vc_row_inner][vc_empty_space height=\u00a0\u00bb10px\u00a0\u00bb]<\/div><\/div><\/div>[\/vc_column][\/vc_row]<\/p>\n<\/div>","protected":false},"excerpt":{"rendered":"<p>[vc_row full_width=\u00a0\u00bbstretch_row_content_no_spaces\u00a0\u00bb css=\u00a0\u00bb.vc_custom_1456399684039{margin-bottom: 0px !important;}\u00a0\u00bb][vc_column][\/vc_column][\/vc_row][vc_row full_width=\u00a0\u00bbstretch_row_content_no_spaces\u00a0\u00bb][vc_column][\/vc_column][\/vc_row]<\/p>\n","protected":false},"author":11,"featured_media":0,"parent":0,"menu_order":0,"comment_status":"closed","ping_status":"closed","template":"","meta":{"_acf_changed":false,"footnotes":""},"class_list":["post-293993","page","type-page","status-publish"],"acf":[],"yoast_head":"<!-- This site is optimized with the Yoast SEO plugin v27.4 - https:\/\/yoast.com\/product\/yoast-seo-wordpress\/ -->\n<title>Produits biosourc\u00e9s - FPInnovations<\/title>\n<meta name=\"robots\" content=\"index, follow, max-snippet:-1, max-image-preview:large, max-video-preview:-1\" \/>\n<link rel=\"canonical\" href=\"https:\/\/web.fpinnovations.ca\/fr\/produits-biosources\/\" \/>\n<meta property=\"og:locale\" content=\"fr_FR\" \/>\n<meta property=\"og:type\" content=\"article\" \/>\n<meta property=\"og:title\" content=\"Produits biosourc\u00e9s - FPInnovations\" \/>\n<meta property=\"og:description\" content=\"[vc_row full_width=\u00a0\u00bbstretch_row_content_no_spaces\u00a0\u00bb css=\u00a0\u00bb.vc_custom_1456399684039{margin-bottom: 0px !important;}\u00a0\u00bb][vc_column][\/vc_column][\/vc_row][vc_row full_width=\u00a0\u00bbstretch_row_content_no_spaces\u00a0\u00bb][vc_column][\/vc_column][\/vc_row]\" \/>\n<meta property=\"og:url\" content=\"https:\/\/web.fpinnovations.ca\/fr\/produits-biosources\/\" \/>\n<meta property=\"og:site_name\" content=\"FPInnovations\" \/>\n<meta property=\"article:modified_time\" content=\"2024-05-28T14:52:43+00:00\" \/>\n<meta property=\"og:image\" content=\"https:\/\/web.fpinnovations.ca\/wp-content\/uploads\/test-tubes-resized-2.jpg\" \/>\n<meta name=\"twitter:card\" content=\"summary_large_image\" \/>\n<meta name=\"twitter:label1\" content=\"Dur\u00e9e de lecture estim\u00e9e\" \/>\n\t<meta name=\"twitter:data1\" content=\"1 minute\" \/>\n<script type=\"application\/ld+json\" class=\"yoast-schema-graph\">{\"@context\":\"https:\\\/\\\/schema.org\",\"@graph\":[{\"@type\":\"WebPage\",\"@id\":\"https:\\\/\\\/web.fpinnovations.ca\\\/fr\\\/produits-biosources\\\/\",\"url\":\"https:\\\/\\\/web.fpinnovations.ca\\\/fr\\\/produits-biosources\\\/\",\"name\":\"Produits biosourc\u00e9s - FPInnovations\",\"isPartOf\":{\"@id\":\"https:\\\/\\\/web.fpinnovations.ca\\\/fr\\\/#website\"},\"primaryImageOfPage\":{\"@id\":\"https:\\\/\\\/web.fpinnovations.ca\\\/fr\\\/produits-biosources\\\/#primaryimage\"},\"image\":{\"@id\":\"https:\\\/\\\/web.fpinnovations.ca\\\/fr\\\/produits-biosources\\\/#primaryimage\"},\"thumbnailUrl\":\"https:\\\/\\\/web.fpinnovations.ca\\\/wp-content\\\/uploads\\\/test-tubes-resized-2.jpg\",\"datePublished\":\"2022-10-18T14:32:36+00:00\",\"dateModified\":\"2024-05-28T14:52:43+00:00\",\"breadcrumb\":{\"@id\":\"https:\\\/\\\/web.fpinnovations.ca\\\/fr\\\/produits-biosources\\\/#breadcrumb\"},\"inLanguage\":\"fr-FR\",\"potentialAction\":[{\"@type\":\"ReadAction\",\"target\":[\"https:\\\/\\\/web.fpinnovations.ca\\\/fr\\\/produits-biosources\\\/\"]}]},{\"@type\":\"ImageObject\",\"inLanguage\":\"fr-FR\",\"@id\":\"https:\\\/\\\/web.fpinnovations.ca\\\/fr\\\/produits-biosources\\\/#primaryimage\",\"url\":\"https:\\\/\\\/web.fpinnovations.ca\\\/wp-content\\\/uploads\\\/test-tubes-resized-2.jpg\",\"contentUrl\":\"https:\\\/\\\/web.fpinnovations.ca\\\/wp-content\\\/uploads\\\/test-tubes-resized-2.jpg\"},{\"@type\":\"BreadcrumbList\",\"@id\":\"https:\\\/\\\/web.fpinnovations.ca\\\/fr\\\/produits-biosources\\\/#breadcrumb\",\"itemListElement\":[{\"@type\":\"ListItem\",\"position\":1,\"name\":\"Home\",\"item\":\"https:\\\/\\\/web.fpinnovations.ca\\\/fr\\\/\"},{\"@type\":\"ListItem\",\"position\":2,\"name\":\"Produits biosourc\u00e9s\"}]},{\"@type\":\"WebSite\",\"@id\":\"https:\\\/\\\/web.fpinnovations.ca\\\/fr\\\/#website\",\"url\":\"https:\\\/\\\/web.fpinnovations.ca\\\/fr\\\/\",\"name\":\"FPInnovations\",\"description\":\"\",\"potentialAction\":[{\"@type\":\"SearchAction\",\"target\":{\"@type\":\"EntryPoint\",\"urlTemplate\":\"https:\\\/\\\/web.fpinnovations.ca\\\/fr\\\/?s={search_term_string}\"},\"query-input\":{\"@type\":\"PropertyValueSpecification\",\"valueRequired\":true,\"valueName\":\"search_term_string\"}}],\"inLanguage\":\"fr-FR\"}]}<\/script>\n<!-- \/ Yoast SEO plugin. -->","yoast_head_json":{"title":"Produits biosourc\u00e9s - FPInnovations","robots":{"index":"index","follow":"follow","max-snippet":"max-snippet:-1","max-image-preview":"max-image-preview:large","max-video-preview":"max-video-preview:-1"},"canonical":"https:\/\/web.fpinnovations.ca\/fr\/produits-biosources\/","og_locale":"fr_FR","og_type":"article","og_title":"Produits biosourc\u00e9s - FPInnovations","og_description":"[vc_row full_width=\u00a0\u00bbstretch_row_content_no_spaces\u00a0\u00bb css=\u00a0\u00bb.vc_custom_1456399684039{margin-bottom: 0px !important;}\u00a0\u00bb][vc_column][\/vc_column][\/vc_row][vc_row full_width=\u00a0\u00bbstretch_row_content_no_spaces\u00a0\u00bb][vc_column][\/vc_column][\/vc_row]","og_url":"https:\/\/web.fpinnovations.ca\/fr\/produits-biosources\/","og_site_name":"FPInnovations","article_modified_time":"2024-05-28T14:52:43+00:00","og_image":[{"url":"https:\/\/web.fpinnovations.ca\/wp-content\/uploads\/test-tubes-resized-2.jpg","type":"","width":"","height":""}],"twitter_card":"summary_large_image","twitter_misc":{"Dur\u00e9e de lecture estim\u00e9e":"1 minute"},"schema":{"@context":"https:\/\/schema.org","@graph":[{"@type":"WebPage","@id":"https:\/\/web.fpinnovations.ca\/fr\/produits-biosources\/","url":"https:\/\/web.fpinnovations.ca\/fr\/produits-biosources\/","name":"Produits biosourc\u00e9s - FPInnovations","isPartOf":{"@id":"https:\/\/web.fpinnovations.ca\/fr\/#website"},"primaryImageOfPage":{"@id":"https:\/\/web.fpinnovations.ca\/fr\/produits-biosources\/#primaryimage"},"image":{"@id":"https:\/\/web.fpinnovations.ca\/fr\/produits-biosources\/#primaryimage"},"thumbnailUrl":"https:\/\/web.fpinnovations.ca\/wp-content\/uploads\/test-tubes-resized-2.jpg","datePublished":"2022-10-18T14:32:36+00:00","dateModified":"2024-05-28T14:52:43+00:00","breadcrumb":{"@id":"https:\/\/web.fpinnovations.ca\/fr\/produits-biosources\/#breadcrumb"},"inLanguage":"fr-FR","potentialAction":[{"@type":"ReadAction","target":["https:\/\/web.fpinnovations.ca\/fr\/produits-biosources\/"]}]},{"@type":"ImageObject","inLanguage":"fr-FR","@id":"https:\/\/web.fpinnovations.ca\/fr\/produits-biosources\/#primaryimage","url":"https:\/\/web.fpinnovations.ca\/wp-content\/uploads\/test-tubes-resized-2.jpg","contentUrl":"https:\/\/web.fpinnovations.ca\/wp-content\/uploads\/test-tubes-resized-2.jpg"},{"@type":"BreadcrumbList","@id":"https:\/\/web.fpinnovations.ca\/fr\/produits-biosources\/#breadcrumb","itemListElement":[{"@type":"ListItem","position":1,"name":"Home","item":"https:\/\/web.fpinnovations.ca\/fr\/"},{"@type":"ListItem","position":2,"name":"Produits biosourc\u00e9s"}]},{"@type":"WebSite","@id":"https:\/\/web.fpinnovations.ca\/fr\/#website","url":"https:\/\/web.fpinnovations.ca\/fr\/","name":"FPInnovations","description":"","potentialAction":[{"@type":"SearchAction","target":{"@type":"EntryPoint","urlTemplate":"https:\/\/web.fpinnovations.ca\/fr\/?s={search_term_string}"},"query-input":{"@type":"PropertyValueSpecification","valueRequired":true,"valueName":"search_term_string"}}],"inLanguage":"fr-FR"}]}},"_links":{"self":[{"href":"https:\/\/web.fpinnovations.ca\/fr\/wp-json\/wp\/v2\/pages\/293993","targetHints":{"allow":["GET"]}}],"collection":[{"href":"https:\/\/web.fpinnovations.ca\/fr\/wp-json\/wp\/v2\/pages"}],"about":[{"href":"https:\/\/web.fpinnovations.ca\/fr\/wp-json\/wp\/v2\/types\/page"}],"author":[{"embeddable":true,"href":"https:\/\/web.fpinnovations.ca\/fr\/wp-json\/wp\/v2\/users\/11"}],"replies":[{"embeddable":true,"href":"https:\/\/web.fpinnovations.ca\/fr\/wp-json\/wp\/v2\/comments?post=293993"}],"version-history":[{"count":5,"href":"https:\/\/web.fpinnovations.ca\/fr\/wp-json\/wp\/v2\/pages\/293993\/revisions"}],"predecessor-version":[{"id":299661,"href":"https:\/\/web.fpinnovations.ca\/fr\/wp-json\/wp\/v2\/pages\/293993\/revisions\/299661"}],"wp:attachment":[{"href":"https:\/\/web.fpinnovations.ca\/fr\/wp-json\/wp\/v2\/media?parent=293993"}],"curies":[{"name":"wp","href":"https:\/\/api.w.org\/{rel}","templated":true}]}}