{"id":293196,"date":"2022-08-29T11:29:20","date_gmt":"2022-08-29T15:29:20","guid":{"rendered":"https:\/\/web.fpinnovations.ca\/?page_id=293196"},"modified":"2022-08-30T10:06:48","modified_gmt":"2022-08-30T14:06:48","slug":"modelling","status":"publish","type":"page","link":"https:\/\/web.fpinnovations.ca\/fr\/modelling\/","title":{"rendered":"Guide de mod\u00e9lisation de structures en bois"},"content":{"rendered":"<div class=\"wpb-content-wrapper\"><p>[vc_row full_width=\u00a0\u00bbstretch_row_content\u00a0\u00bb][vc_column][vc_btn title=\u00a0\u00bbView the English version of this page\u00a0\u00bb style=\u00a0\u00bbflat\u00a0\u00bb shape=\u00a0\u00bbround\u00a0\u00bb size=\u00a0\u00bbsm\u00a0\u00bb align=\u00a0\u00bbright\u00a0\u00bb css_animation=\u00a0\u00bbfadeIn\u00a0\u00bb link=\u00a0\u00bburl:https%3A%2F%2Fweb.fpinnovations.ca%2Fmodelling%2F|target:_blank\u00a0\u00bb][\/vc_column][\/vc_row][vc_row][vc_column][vc_custom_heading text=\u00a0\u00bbGuide de mod\u00e9lisation de structures en bois\u00a0\u00bb font_container=\u00a0\u00bbtag:h1|font_size:72px|text_align:left|line_height:1.1&Prime; use_theme_fonts=\u00a0\u00bbyes\u00a0\u00bb css=\u00a0\u00bb.vc_custom_1661266269240{margin-bottom: 30px !important;padding-bottom: 0px !important;}\u00a0\u00bb][vc_custom_heading text=\u00a0\u00bb\u2022 Premier guide du genre<br \/>\n\u2022 Collaboration d&rsquo;une centaine d&rsquo;experts du monde entier\u00a0\u00bb font_container=\u00a0\u00bbtag:p|font_size:40px|text_align:left|line_height:1.1&Prime; google_fonts=\u00a0\u00bbfont_family:Montserrat%20UltraLight%3Aregular|font_style:400%20regular%3A400%3Anormal\u00a0\u00bb css=\u00a0\u00bb.vc_custom_1661266363112{padding-top: 0px !important;}\u00a0\u00bb][vc_btn title=\u00a0\u00bb<strong>ACHETER UNE COPIE PAPIER (EN ANGLAIS)<\/strong>\u00a0\u00bb style=\u00a0\u00bbflat\u00a0\u00bb shape=\u00a0\u00bbround\u00a0\u00bb color=\u00a0\u00bbgreen\u00a0\u00bb size=\u00a0\u00bblg\u00a0\u00bb link=\u00a0\u00bburl:https%3A%2F%2Fwww.amazon.ca%2FModelling-guide-timber-structures-Zhiyong%2Fdp%2F0864886136%2Fref%3Dsr_1_9%3Fcrid%3D2TNZ0DSRTANBE%26keywords%3Dfpinnovations%26qid%3D1661868184%26sprefix%3Dfpinnovations%252Caps%252C154%26sr%3D8-9|target:_blank\u00a0\u00bb][vc_column_text]<div class='w3eden'><!-- WPDM Link Template: Link\/Button Popup -->\n<a href='#unlock' class='wpdm-download-link wpdm-download-locked btn btn-primary btn-lg' data-package='293179'>T\u00c9L\u00c9CHARGER LE PDF GRATUIT (EN ANGLAIS)<\/a><\/div>[\/vc_column_text][vc_custom_heading text=\u00a0\u00bbIl est \u00e0 noter que le guide est en anglais seulement\u00a0\u00bb font_container=\u00a0\u00bbtag:p|font_size:20px|text_align:left|line_height:1.1&Prime; google_fonts=\u00a0\u00bbfont_family:Montserrat%20UltraLight%3Aregular|font_style:400%20regular%3A400%3Anormal\u00a0\u00bb css=\u00a0\u00bb.vc_custom_1661270578701{padding-top: 0px !important;}\u00a0\u00bb][\/vc_column][\/vc_row][vc_row full_width=\u00a0\u00bbstretch_row_content\u00a0\u00bb parallax=\u00a0\u00bbcontent-moving\u00a0\u00bb parallax_image=\u00a0\u00bb293130&Prime; css=\u00a0\u00bb.vc_custom_1659634414205{padding-top: 50px !important;padding-bottom: 50px !important;}\u00a0\u00bb][vc_column][vc_row_inner][vc_column_inner width=\u00a0\u00bb1\/2&Prime; css=\u00a0\u00bb.vc_custom_1581971538620{margin-left: 100px !important;padding-right: 25px !important;padding-left: 25px !important;background-color: rgba(0,0,0,0.58) !important;*background-color: rgb(0,0,0) !important;}\u00a0\u00bb][vc_custom_heading text=\u00a0\u00bb\u00a0\u00bb font_container=\u00a0\u00bbtag:p|font_size:30px|text_align:left|color:%23ffffff|line_height:1.2&Prime; google_fonts=\u00a0\u00bbfont_family:Montserrat%20UltraLight%3Aregular|font_style:400%20regular%3A400%3Anormal\u00a0\u00bb css=\u00a0\u00bb.vc_custom_1645208340995{padding-top: 0px !important;}\u00a0\u00bb][vc_custom_heading text=\u00a0\u00bbLa version finale du guide sur la mod\u00e9lisation de structures en bois r\u00e9unit l\u2019exp\u00e9rience tir\u00e9e de r\u00e9cents projets de construction et les derni\u00e8res recherches sur la mod\u00e9lisation des structures en bois. Le document facilitera l\u2019application et le d\u00e9veloppement de constructions en bois, car ces types de structures doivent de plus en plus d\u00e9montrer une performance ou une \u00e9quivalence par le biais d\u2019une mod\u00e9lisation par ordinateur, que les proc\u00e9dures de conception utilis\u00e9es soient prescriptives ou bas\u00e9es sur la performance.\u00a0\u00bb font_container=\u00a0\u00bbtag:p|font_size:30px|text_align:left|color:%23ffffff|line_height:1.2&Prime; google_fonts=\u00a0\u00bbfont_family:Montserrat%20UltraLight%3Aregular|font_style:400%20regular%3A400%3Anormal\u00a0\u00bb css=\u00a0\u00bb.vc_custom_1661266573700{padding-top: 0px !important;}\u00a0\u00bb][\/vc_column_inner][vc_column_inner width=\u00a0\u00bb1\/2&Prime;][\/vc_column_inner][\/vc_row_inner][\/vc_column][\/vc_row][vc_row][vc_column][vc_column_text]La mod\u00e9lisation par ordinateur est essentielle pour analyser et concevoir des \u00e9difices de moyenne et grande hauteur et des structures \u00e0 longue port\u00e9e. Il s\u2019agit aussi d\u2019un outil pr\u00e9cieux pour optimiser les produits, connecteurs et syst\u00e8mes \u00e0 base de bois, de fa\u00e7on \u00e0 en am\u00e9liorer la performance structurale.<\/p>\n<p>Le <em>Modelling Guide for Timber Structures<\/em> (Guide de mod\u00e9lisation de structures en bois) couvre une vaste gamme de sujets pratiques et avanc\u00e9s concernant la mod\u00e9lisation : principes, m\u00e9thodes et techniques de base de la mod\u00e9lisation propres aux structures en bois; approches et consid\u00e9rations relatives \u00e0 la mod\u00e9lisation pour les composantes, connecteurs et assemblages \u00e0 base de bois; approches et consid\u00e9rations analytiques pour les structures lors d\u2019\u00e9pisodes d\u2019effondrement progressif, de vent et de tremblement de terre. Le document pr\u00e9sente aussi les diff\u00e9rences entre les approches de mod\u00e9lisation pour les structures en bois, en acier et en b\u00e9ton.[\/vc_column_text][\/vc_column][\/vc_row][vc_row full_width=\u00a0\u00bbstretch_row_content\u00a0\u00bb equal_height=\u00a0\u00bbyes\u00a0\u00bb content_placement=\u00a0\u00bbmiddle\u00a0\u00bb][vc_column]<div class=\"gem-textbox \"  ><div class=\"gem-textbox-inner\" style=\"\"><div class=\"gem-textbox-content\" style=\"background-color: #f4f6f7;background-repeat: no-repeat; background-size: cover;background-position: center top;\">[vc_row_inner equal_height=\u00a0\u00bbyes\u00a0\u00bb content_placement=\u00a0\u00bbmiddle\u00a0\u00bb el_id=\u00a0\u00bb#impact\u00a0\u00bb css=\u00a0\u00bb.vc_custom_1581603413976{padding-top: 100px !important;}\u00a0\u00bb][vc_column_inner][vc_custom_heading text=\u00a0\u00bbLe concept de l\u2019\u00e9laboration du guide a \u00e9t\u00e9 initi\u00e9 et r\u00e9alis\u00e9 par FPInnovations, mais il r\u00e9sulte d\u2019un effort d\u2019envergure internationale qui a mis \u00e0 contribution une centaine de collaborateurs, notamment des experts d\u2019instituts de recherche, de firmes de consultants, de fabricants, de concepteurs de logiciels, d\u2019organismes gouvernementaux et d\u2019associations.\u00a0\u00bb font_container=\u00a0\u00bbtag:p|font_size:30px|text_align:center|line_height:1.1&Prime; google_fonts=\u00a0\u00bbfont_family:Montserrat%20UltraLight%3Aregular|font_style:400%20regular%3A400%3Anormal\u00a0\u00bb css=\u00a0\u00bb.vc_custom_1661266663345{padding-top: 0px !important;}\u00a0\u00bb][vc_empty_space height=\u00a0\u00bb16px\u00a0\u00bb][\/vc_column_inner][\/vc_row_inner]<\/div><\/div><\/div>[\/vc_column][\/vc_row][vc_row][vc_column width=\u00a0\u00bb1\/2&Prime;][vc_column_text]Le guide comporte trois grandes parties : <span style=\"color: #92d050\"><strong>Introduction<\/strong><\/span>, <span style=\"color: #ed7d00\"><strong>Mod\u00e9lisation <\/strong><\/span>et <span style=\"color: #00b0f0\"><strong>Analyses<\/strong><\/span>.<\/p>\n<h4><span style=\"color: #92d050\">Introduction<\/span><\/h4>\n<p><span style=\"color: #92d050\"><strong><em>Chapitre 1 :<\/em><\/strong><\/span> <em>Introduction<\/em><\/p>\n<p><span style=\"color: #92d050\"><strong><em>Chapitre 2 :<\/em><\/strong><\/span><em> Comportement structural et caract\u00e9ristiques de la mod\u00e9lisation des structures de bois, d\u2019acier et de b\u00e9ton <\/em><\/p>\n<p><span style=\"color: #92d050\"><strong><em>Chapitre 3 :<\/em><\/strong><\/span><em> Principes, m\u00e9thodes et techniques de mod\u00e9lisation<\/em><\/p>\n<h4><span style=\"color: #ed7d00\">Mod\u00e9lisation<\/span><\/h4>\n<p><span style=\"color: #ed7d00\"><strong><em>Chapitre 4 :<\/em><\/strong> <\/span><em>Composantes <\/em><\/p>\n<p><span style=\"color: #ed7d00\"><strong><em>Chapitre 5 :<\/em><\/strong><\/span> <em>Connecteurs<\/em><\/p>\n<p><span style=\"color: #ed7d00\"><strong><em>Chapitre 6 :<\/em><\/strong><\/span> <em>Planchers et diaphragmes<\/em><\/p>\n<p><span style=\"color: #ed7d00\"><strong><em>Chapitre 7 :<\/em><\/strong><\/span> <em>Syst\u00e8mes r\u00e9sistants aux charges <\/em><\/p>\n<h4><span style=\"color: #00b0f0\">Analyses<\/span><\/h4>\n<p><span style=\"color: #00b0f0\"><strong><em>Chapitre 8 :<\/em><\/strong><\/span> <em>Effondrement progressif\/disproportionn\u00e9 <\/em><\/p>\n<p><span style=\"color: #00b0f0\"><strong><em>Chapitre 9 :<\/em><\/strong><\/span> <em>Analyse des r\u00e9actions induites par le vent <\/em><\/p>\n<p><span style=\"color: #00b0f0\"><strong><em>Chapitre 10 :<\/em><\/strong><\/span><em> Analyse des r\u00e9actions induites par les tremblements de terre<\/em>[\/vc_column_text][\/vc_column][vc_column width=\u00a0\u00bb1\/2&Prime;][vc_single_image image=\u00a0\u00bb293096&Prime; img_size=\u00a0\u00bbfull\u00a0\u00bb][\/vc_column][\/vc_row][vc_row css=\u00a0\u00bb.vc_custom_1581972047471{padding-top: 70px !important;padding-bottom: 35px !important;}\u00a0\u00bb][vc_column][vc_custom_heading text=\u00a0\u00bbConstruire en bois : consultez la biblioth\u00e8que des guides de FPInnovations\u00a0\u00bb font_container=\u00a0\u00bbtag:p|font_size:40px|text_align:center|line_height:1.1&Prime; google_fonts=\u00a0\u00bbfont_family:Montserrat%20UltraLight%3Aregular|font_style:400%20regular%3A400%3Anormal\u00a0\u00bb css=\u00a0\u00bb.vc_custom_1661270732377{padding-top: 0px !important;}\u00a0\u00bb][vc_row_inner][vc_column_inner width=\u00a0\u00bb1\/3&Prime;][vc_images_carousel images=\u00a0\u00bb291637,287858,286965,286967,286963,286964,286966&Prime; img_size=\u00a0\u00bbmedium\u00a0\u00bb autoplay=\u00a0\u00bbyes\u00a0\u00bb][\/vc_column_inner][vc_column_inner width=\u00a0\u00bb1\/3&Prime;][vc_custom_heading text=\u00a0\u00bbConsultez ces ressources sur la construction de b\u00e2timents en bois\u00a0\u00bb font_container=\u00a0\u00bbtag:p|font_size:20px|text_align:left|line_height:1.5&Prime; google_fonts=\u00a0\u00bbfont_family:Montserrat%20UltraLight%3Aregular|font_style:400%20regular%3A400%3Anormal\u00a0\u00bb css=\u00a0\u00bb.vc_custom_1661267334941{padding-top: 0px !important;}\u00a0\u00bb][vc_custom_heading text=\u00a0\u00bbFPInnovations offre de nombreuses ressources pour les professionnels des secteurs de la construction en bois. Visitez notre biblioth\u00e8que de publications pour d&rsquo;autres options.\u00a0\u00bb font_container=\u00a0\u00bbtag:p|font_size:20px|text_align:left|line_height:1.5&Prime; google_fonts=\u00a0\u00bbfont_family:Montserrat%20UltraLight%3Aregular|font_style:400%20regular%3A400%3Anormal\u00a0\u00bb css=\u00a0\u00bb.vc_custom_1661267344369{padding-top: 0px !important;}\u00a0\u00bb][\/vc_column_inner][vc_column_inner width=\u00a0\u00bb1\/3&Prime;][vc_btn title=\u00a0\u00bb<strong>VISITEZ NOTRE BIBLIOTH\u00c8QUE DE GUIDES<\/strong>\u00a0\u00bb style=\u00a0\u00bbflat\u00a0\u00bb shape=\u00a0\u00bbround\u00a0\u00bb color=\u00a0\u00bbgreen\u00a0\u00bb size=\u00a0\u00bblg\u00a0\u00bb link=\u00a0\u00bburl:https%3A%2F%2Fweb.fpinnovations.ca%2Ffr%2Fressources-de-fpinnovations-pour-la-construction-de-batiments-en-bois%2F|target:_blank\u00a0\u00bb][vc_column_text]<div class='w3eden'><!-- WPDM Link Template: Link\/Button Popup -->\n<a href='#unlock' class='wpdm-download-link wpdm-download-locked btn btn-primary btn-lg' data-package='293179'>T\u00c9L\u00c9CHARGER LE PDF GRATUIT (EN ANGLAIS)<\/a><\/div>[\/vc_column_text][\/vc_column_inner][\/vc_row_inner][\/vc_column][\/vc_row]<\/p>\n<\/div>","protected":false},"excerpt":{"rendered":"<p>[vc_row full_width=\u00a0\u00bbstretch_row_content\u00a0\u00bb][vc_column][vc_btn title=\u00a0\u00bbView the English version of this page\u00a0\u00bb style=\u00a0\u00bbflat\u00a0\u00bb shape=\u00a0\u00bbround\u00a0\u00bb size=\u00a0\u00bbsm\u00a0\u00bb align=\u00a0\u00bbright\u00a0\u00bb css_animation=\u00a0\u00bbfadeIn\u00a0\u00bb link=\u00a0\u00bburl:https%3A%2F%2Fweb.fpinnovations.ca%2Fmodelling%2F|target:_blank\u00a0\u00bb][\/vc_column][\/vc_row][vc_row][vc_column][vc_custom_heading text=\u00a0\u00bbGuide de mod\u00e9lisation de structures en bois\u00a0\u00bb font_container=\u00a0\u00bbtag:h1|font_size:72px|text_align:left|line_height:1.1&Prime; use_theme_fonts=\u00a0\u00bbyes\u00a0\u00bb css=\u00a0\u00bb.vc_custom_1661266269240{margin-bottom: 30px !important;padding-bottom: 0px !important;}\u00a0\u00bb][vc_custom_heading text=\u00a0\u00bb\u2022 Premier guide du genre \u2022&#8230;<\/p>\n","protected":false},"author":11,"featured_media":0,"parent":0,"menu_order":0,"comment_status":"closed","ping_status":"closed","template":"","meta":{"_acf_changed":false,"footnotes":""},"class_list":["post-293196","page","type-page","status-publish"],"acf":[],"yoast_head":"<!-- This site is optimized with the Yoast SEO plugin v27.4 - https:\/\/yoast.com\/product\/yoast-seo-wordpress\/ -->\n<title>Guide de mod\u00e9lisation de structures en bois - FPInnovations<\/title>\n<meta name=\"robots\" content=\"index, follow, max-snippet:-1, max-image-preview:large, max-video-preview:-1\" \/>\n<link rel=\"canonical\" href=\"https:\/\/web.fpinnovations.ca\/fr\/modelling\/\" \/>\n<meta property=\"og:locale\" content=\"fr_FR\" \/>\n<meta property=\"og:type\" content=\"article\" \/>\n<meta property=\"og:title\" content=\"Guide de mod\u00e9lisation de structures en bois - FPInnovations\" \/>\n<meta property=\"og:description\" content=\"[vc_row full_width=\u00a0\u00bbstretch_row_content\u00a0\u00bb][vc_column][vc_btn title=\u00a0\u00bbView the English version of this page\u00a0\u00bb style=\u00a0\u00bbflat\u00a0\u00bb shape=\u00a0\u00bbround\u00a0\u00bb size=\u00a0\u00bbsm\u00a0\u00bb align=\u00a0\u00bbright\u00a0\u00bb css_animation=\u00a0\u00bbfadeIn\u00a0\u00bb link=\u00a0\u00bburl:https%3A%2F%2Fweb.fpinnovations.ca%2Fmodelling%2F|target:_blank\u00a0\u00bb][\/vc_column][\/vc_row][vc_row][vc_column][vc_custom_heading text=\u00a0\u00bbGuide de mod\u00e9lisation de structures en bois\u00a0\u00bb font_container=\u00a0\u00bbtag:h1|font_size:72px|text_align:left|line_height:1.1&Prime; use_theme_fonts=\u00a0\u00bbyes\u00a0\u00bb css=\u00a0\u00bb.vc_custom_1661266269240{margin-bottom: 30px !important;padding-bottom: 0px !important;}\u00a0\u00bb][vc_custom_heading text=\u00a0\u00bb\u2022 Premier guide du genre \u2022...\" \/>\n<meta property=\"og:url\" content=\"https:\/\/web.fpinnovations.ca\/fr\/modelling\/\" \/>\n<meta property=\"og:site_name\" content=\"FPInnovations\" \/>\n<meta property=\"article:modified_time\" content=\"2022-08-30T14:06:48+00:00\" \/>\n<meta name=\"twitter:card\" content=\"summary_large_image\" \/>\n<meta name=\"twitter:label1\" content=\"Dur\u00e9e de lecture estim\u00e9e\" \/>\n\t<meta name=\"twitter:data1\" content=\"3 minutes\" \/>\n<script type=\"application\/ld+json\" class=\"yoast-schema-graph\">{\"@context\":\"https:\\\/\\\/schema.org\",\"@graph\":[{\"@type\":\"WebPage\",\"@id\":\"https:\\\/\\\/web.fpinnovations.ca\\\/fr\\\/modelling\\\/\",\"url\":\"https:\\\/\\\/web.fpinnovations.ca\\\/fr\\\/modelling\\\/\",\"name\":\"Guide de mod\u00e9lisation de structures en bois - FPInnovations\",\"isPartOf\":{\"@id\":\"https:\\\/\\\/web.fpinnovations.ca\\\/fr\\\/#website\"},\"datePublished\":\"2022-08-29T15:29:20+00:00\",\"dateModified\":\"2022-08-30T14:06:48+00:00\",\"breadcrumb\":{\"@id\":\"https:\\\/\\\/web.fpinnovations.ca\\\/fr\\\/modelling\\\/#breadcrumb\"},\"inLanguage\":\"fr-FR\",\"potentialAction\":[{\"@type\":\"ReadAction\",\"target\":[\"https:\\\/\\\/web.fpinnovations.ca\\\/fr\\\/modelling\\\/\"]}]},{\"@type\":\"BreadcrumbList\",\"@id\":\"https:\\\/\\\/web.fpinnovations.ca\\\/fr\\\/modelling\\\/#breadcrumb\",\"itemListElement\":[{\"@type\":\"ListItem\",\"position\":1,\"name\":\"Home\",\"item\":\"https:\\\/\\\/web.fpinnovations.ca\\\/fr\\\/\"},{\"@type\":\"ListItem\",\"position\":2,\"name\":\"Guide de mod\u00e9lisation de structures en bois\"}]},{\"@type\":\"WebSite\",\"@id\":\"https:\\\/\\\/web.fpinnovations.ca\\\/fr\\\/#website\",\"url\":\"https:\\\/\\\/web.fpinnovations.ca\\\/fr\\\/\",\"name\":\"FPInnovations\",\"description\":\"\",\"potentialAction\":[{\"@type\":\"SearchAction\",\"target\":{\"@type\":\"EntryPoint\",\"urlTemplate\":\"https:\\\/\\\/web.fpinnovations.ca\\\/fr\\\/?s={search_term_string}\"},\"query-input\":{\"@type\":\"PropertyValueSpecification\",\"valueRequired\":true,\"valueName\":\"search_term_string\"}}],\"inLanguage\":\"fr-FR\"}]}<\/script>\n<!-- \/ Yoast SEO plugin. -->","yoast_head_json":{"title":"Guide de mod\u00e9lisation de structures en bois - FPInnovations","robots":{"index":"index","follow":"follow","max-snippet":"max-snippet:-1","max-image-preview":"max-image-preview:large","max-video-preview":"max-video-preview:-1"},"canonical":"https:\/\/web.fpinnovations.ca\/fr\/modelling\/","og_locale":"fr_FR","og_type":"article","og_title":"Guide de mod\u00e9lisation de structures en bois - FPInnovations","og_description":"[vc_row full_width=\u00a0\u00bbstretch_row_content\u00a0\u00bb][vc_column][vc_btn title=\u00a0\u00bbView the English version of this page\u00a0\u00bb style=\u00a0\u00bbflat\u00a0\u00bb shape=\u00a0\u00bbround\u00a0\u00bb size=\u00a0\u00bbsm\u00a0\u00bb align=\u00a0\u00bbright\u00a0\u00bb css_animation=\u00a0\u00bbfadeIn\u00a0\u00bb link=\u00a0\u00bburl:https%3A%2F%2Fweb.fpinnovations.ca%2Fmodelling%2F|target:_blank\u00a0\u00bb][\/vc_column][\/vc_row][vc_row][vc_column][vc_custom_heading text=\u00a0\u00bbGuide de mod\u00e9lisation de structures en bois\u00a0\u00bb font_container=\u00a0\u00bbtag:h1|font_size:72px|text_align:left|line_height:1.1&Prime; use_theme_fonts=\u00a0\u00bbyes\u00a0\u00bb css=\u00a0\u00bb.vc_custom_1661266269240{margin-bottom: 30px !important;padding-bottom: 0px !important;}\u00a0\u00bb][vc_custom_heading text=\u00a0\u00bb\u2022 Premier guide du genre \u2022...","og_url":"https:\/\/web.fpinnovations.ca\/fr\/modelling\/","og_site_name":"FPInnovations","article_modified_time":"2022-08-30T14:06:48+00:00","twitter_card":"summary_large_image","twitter_misc":{"Dur\u00e9e de lecture estim\u00e9e":"3 minutes"},"schema":{"@context":"https:\/\/schema.org","@graph":[{"@type":"WebPage","@id":"https:\/\/web.fpinnovations.ca\/fr\/modelling\/","url":"https:\/\/web.fpinnovations.ca\/fr\/modelling\/","name":"Guide de mod\u00e9lisation de structures en bois - FPInnovations","isPartOf":{"@id":"https:\/\/web.fpinnovations.ca\/fr\/#website"},"datePublished":"2022-08-29T15:29:20+00:00","dateModified":"2022-08-30T14:06:48+00:00","breadcrumb":{"@id":"https:\/\/web.fpinnovations.ca\/fr\/modelling\/#breadcrumb"},"inLanguage":"fr-FR","potentialAction":[{"@type":"ReadAction","target":["https:\/\/web.fpinnovations.ca\/fr\/modelling\/"]}]},{"@type":"BreadcrumbList","@id":"https:\/\/web.fpinnovations.ca\/fr\/modelling\/#breadcrumb","itemListElement":[{"@type":"ListItem","position":1,"name":"Home","item":"https:\/\/web.fpinnovations.ca\/fr\/"},{"@type":"ListItem","position":2,"name":"Guide de mod\u00e9lisation de structures en bois"}]},{"@type":"WebSite","@id":"https:\/\/web.fpinnovations.ca\/fr\/#website","url":"https:\/\/web.fpinnovations.ca\/fr\/","name":"FPInnovations","description":"","potentialAction":[{"@type":"SearchAction","target":{"@type":"EntryPoint","urlTemplate":"https:\/\/web.fpinnovations.ca\/fr\/?s={search_term_string}"},"query-input":{"@type":"PropertyValueSpecification","valueRequired":true,"valueName":"search_term_string"}}],"inLanguage":"fr-FR"}]}},"_links":{"self":[{"href":"https:\/\/web.fpinnovations.ca\/fr\/wp-json\/wp\/v2\/pages\/293196","targetHints":{"allow":["GET"]}}],"collection":[{"href":"https:\/\/web.fpinnovations.ca\/fr\/wp-json\/wp\/v2\/pages"}],"about":[{"href":"https:\/\/web.fpinnovations.ca\/fr\/wp-json\/wp\/v2\/types\/page"}],"author":[{"embeddable":true,"href":"https:\/\/web.fpinnovations.ca\/fr\/wp-json\/wp\/v2\/users\/11"}],"replies":[{"embeddable":true,"href":"https:\/\/web.fpinnovations.ca\/fr\/wp-json\/wp\/v2\/comments?post=293196"}],"version-history":[{"count":5,"href":"https:\/\/web.fpinnovations.ca\/fr\/wp-json\/wp\/v2\/pages\/293196\/revisions"}],"predecessor-version":[{"id":293232,"href":"https:\/\/web.fpinnovations.ca\/fr\/wp-json\/wp\/v2\/pages\/293196\/revisions\/293232"}],"wp:attachment":[{"href":"https:\/\/web.fpinnovations.ca\/fr\/wp-json\/wp\/v2\/media?parent=293196"}],"curies":[{"name":"wp","href":"https:\/\/api.w.org\/{rel}","templated":true}]}}