{"id":292888,"date":"2022-06-28T14:40:30","date_gmt":"2022-06-28T18:40:30","guid":{"rendered":"https:\/\/web.fpinnovations.ca\/?page_id=292888"},"modified":"2024-10-28T16:06:35","modified_gmt":"2024-10-28T20:06:35","slug":"ps-operationsforestieres","status":"publish","type":"page","link":"https:\/\/web.fpinnovations.ca\/fr\/ps-operationsforestieres\/","title":{"rendered":"Produits et services : Op\u00e9rations foresti\u00e8res"},"content":{"rendered":"<div class=\"wpb-content-wrapper\"><p>[vc_row][vc_column width=\u00a0\u00bb1\/3&Prime;][vc_single_image image=\u00a0\u00bb292861&Prime; img_size=\u00a0\u00bbfull\u00a0\u00bb][\/vc_column][vc_column width=\u00a0\u00bb2\/3&Prime;][vc_column_text]Les experts des op\u00e9rations foresti\u00e8res de FPInnovations travaillent en \u00e9troite collaboration avec leurs clients pour les aider \u00e0 am\u00e9liorer leur efficacit\u00e9 de production et leur performance de produits et ainsi g\u00e9n\u00e9rer des r\u00e9sultats significatifs pour leur entreprise, peu importe sa taille.<\/p>\n<p>Misant sur nos connaissances du secteur, notre expertise dans un large \u00e9ventail de sujets ainsi que notre succ\u00e8s dans la r\u00e9solution de probl\u00e8mes des op\u00e9rations foresti\u00e8res, nous offrons des solutions et technologies concr\u00e8tes ayant fait leurs preuves et pouvant \u00eatre implant\u00e9es rapidement dans vos op\u00e9rations.<\/p>\n<p>Gr\u00e2ce \u00e0 nos recommandations objectives, notre \u00e9quipement de pointe et laboratoires accr\u00e9dit\u00e9s ISO, ainsi qu\u2019\u00e0 nos outils d\u2019\u00e9valuation exclusifs d\u00e9velopp\u00e9s \u00e0 l\u2019interne, vous disposerez des solutions dont vous avez besoin pour r\u00e9duire vos co\u00fbts de production, augmenter votre productivit\u00e9 et am\u00e9liorer la qualit\u00e9 et la performance de vos produits finis.[\/vc_column_text][\/vc_column][\/vc_row][vc_row][vc_column][vc_column_text]<\/p>\n<h2>Les services que nous offrons<\/h2>\n<p>[\/vc_column_text][\/vc_column][\/vc_row][vc_row][vc_column][vc_tta_accordion color=\u00a0\u00bbgreen\u00a0\u00bb active_section=\u00a0\u00bb0&Prime; collapsible_all=\u00a0\u00bbtrue\u00a0\u00bb][vc_tta_section title=\u00a0\u00bbAPPROVISIONNEMENT EN BIOMASSE\u00a0\u00bb tab_id=\u00a0\u00bb1654024200999-777ff103-1fd3&Prime;][vc_row_inner][vc_column_inner width=\u00a0\u00bb2\/3&Prime;][vc_column_text]FPInnovations poss\u00e8de l\u2019expertise pour aider les utilisateurs finaux \u00e0 acqu\u00e9rir la mati\u00e8re premi\u00e8re de meilleure qualit\u00e9, fournir les outils et conseils pour les meilleures pratiques d\u2019entreposage et manipulation et obtenir une analyse de la chaine d\u2019approvisionnement adapt\u00e9e \u00e0 leur r\u00e9gion et conditions locales.<\/p>\n<p>Qu\u2019il s\u2019agisse de r\u00e9colte par arbres entiers ou bois tron\u00e7onn\u00e9, FPInnovations poss\u00e8de les outils et l\u2019expertise pour \u00e9tablir une cha\u00eene d\u2019approvisionnement de biomasse foresti\u00e8re efficace adapt\u00e9e \u00e0 vos conditions d\u2019exploitation.[\/vc_column_text][vc_btn title=\u00a0\u00bbConsulter la fiche technique\u00a0\u00bb color=\u00a0\u00bbinfo\u00a0\u00bb css=\u00a0\u00bb\u00a0\u00bb link=\u00a0\u00bburl:https%3A%2F%2Flibrary.fpinnovations.ca%2Fviewer%3Ffile%3D%252Fmedia%252FPP%252F10689.pdf%23page%3D1&Prime;][vc_empty_space][\/vc_column_inner][\/vc_row_inner][\/vc_tta_section][vc_tta_section title=\u00a0\u00bbDIAGNOSTIC ET COACHING POUR ENTREPRENEURS\u00a0\u00bb tab_id=\u00a0\u00bb1690314663599-e322255f-b2cf\u00a0\u00bb][vc_row_inner][vc_column_inner width=\u00a0\u00bb2\/3&Prime;][vc_column_text]L\u2019exercice de diagnostic et d\u2019analyse comparative pour entrepreneurs, fond\u00e9 sur l\u2019outil d\u2019am\u00e9lioration continue DiagFor, est une premi\u00e8re \u00e9tape pour comprendre l\u2019approche d\u2019am\u00e9lioration continue visant \u00e0 g\u00e9rer une entreprise foresti\u00e8re.<\/p>\n<p>Le diagnostic est effectu\u00e9 par le personnel qualifi\u00e9 de FPInnovations et cible les entrepreneurs forestiers souhaitant am\u00e9liorer leurs activit\u00e9s et les entreprises d\u00e9sirant offrir du soutien \u00e0 leurs entrepreneurs. Les entreprises membres tirent souvent avantage d&rsquo;informations sur la fa\u00e7on dont leurs politiques et proc\u00e9dures peuvent avoir un impact sur leurs sous-traitants, puisque le diagnostic porte sur l&rsquo;ensemble de la cha\u00eene d&rsquo;approvisionnement en fibres.[\/vc_column_text][vc_btn title=\u00a0\u00bbConsulter la fiche technique\u00a0\u00bb color=\u00a0\u00bbinfo\u00a0\u00bb css=\u00a0\u00bb\u00a0\u00bb link=\u00a0\u00bburl:https%3A%2F%2Flibrary.fpinnovations.ca%2Fviewer%3Ffile%3D%252Fmedia%252FPP%252F10687.pdf%23page%3D1&Prime;][vc_empty_space][\/vc_column_inner][\/vc_row_inner][\/vc_tta_section][vc_tta_section title=\u00a0\u00bbAM\u00c9LIORATION DE LA PR\u00c9CISION\u00a0\u00bb tab_id=\u00a0\u00bb1690314661972-a7e60d1e-81ca\u00a0\u00bb][vc_row_inner][vc_column_inner width=\u00a0\u00bb2\/3&Prime;][vc_column_text]FPInnovations travaille \u00e0 offrir aux entrepreneurs forestiers des solutions en appui au d\u00e9ploiement de pratiques exemplaires en termes de pr\u00e9cision des machines et d\u2019exactitude des donn\u00e9es.<\/p>\n<p>Durant cette s\u00e9ance pratique d&rsquo;une journ\u00e9e sur le terrain, FPInnovations identifiera les mesures correctives \u00e0 apporter pour optimiser la pr\u00e9cision des t\u00eates de processeurs et multifonctionnelles. Les am\u00e9liorations apport\u00e9es aux machines peuvent faire cro\u00eetre la r\u00e9cup\u00e9ration des volumes et la valeur des produits.[\/vc_column_text][vc_btn title=\u00a0\u00bbConsulter la fiche technique\u00a0\u00bb color=\u00a0\u00bbinfo\u00a0\u00bb css=\u00a0\u00bb\u00a0\u00bb link=\u00a0\u00bburl:https%3A%2F%2Flibrary.fpinnovations.ca%2Fviewer%3Ffile%3D%252Fmedia%252FPP%252F10685.pdf%23page%3D1&Prime;][vc_empty_space][\/vc_column_inner][\/vc_row_inner][\/vc_tta_section][vc_tta_section title=\u00a0\u00bbSERVICES DE T\u00c9L\u00c9D\u00c9TECTION\u00a0\u00bb tab_id=\u00a0\u00bb1690314656924-7151fef2-19da\u00a0\u00bb][vc_row_inner][vc_column_inner width=\u00a0\u00bb2\/3&Prime;][vc_column_text]L\u2019un des principaux d\u00e9fis auxquels font face les gestionnaires forestiers est le manque d\u2019outils pour inventaire de pr\u00e9cision au niveau op\u00e9rationnel.<\/p>\n<p>FPInnovations a acquis de l\u2019expertise avec les appareils de t\u00e9l\u00e9d\u00e9tection qui permettent d\u2019offrir du soutien dans diff\u00e9rentes situations, en plus d&rsquo;\u00e9laborer des outils interactifs automatis\u00e9s pour l\u2019inventaire et la conformit\u00e9 apr\u00e8s r\u00e9colte utilisant l\u2019imagerie par drones.[\/vc_column_text][vc_btn title=\u00a0\u00bbConsulter la fiche technique\u00a0\u00bb color=\u00a0\u00bbinfo\u00a0\u00bb css=\u00a0\u00bb\u00a0\u00bb link=\u00a0\u00bburl:https%3A%2F%2Flibrary.fpinnovations.ca%2Fviewer%3Ffile%3D%252Fmedia%252FPP%252F10683.pdf%23page%3D1&Prime;][vc_empty_space][\/vc_column_inner][\/vc_row_inner][\/vc_tta_section][\/vc_tta_accordion][\/vc_column][\/vc_row][vc_row background_color_tablet=\u00a0\u00bb#e2e2e2&Prime;][vc_column][vc_column_text]<\/p>\n<h3 style=\"text-align: center;\">Les avantages de travailler avec nous<\/h3>\n<p>[\/vc_column_text][vc_row_inner][vc_column_inner width=\u00a0\u00bb1\/5&Prime;]<div class=\"centered-box\"><div class=\"gem-icon gem-icon-pack-fontawesome gem-icon-size-medium  gem-icon-shape-hexagon \"  style=\"border-color: #143861;opacity: 1;\"><div class=\"gem-icon-shape-hexagon-back\"><div class=\"gem-icon-shape-hexagon-back-inner\"><div class=\"gem-icon-shape-hexagon-back-inner-before\" style=\"background-color: #143861\"><\/div><\/div><\/div><div class=\"gem-icon-shape-hexagon-top\"><div class=\"gem-icon-shape-hexagon-top-inner\"><div class=\"gem-icon-shape-hexagon-top-inner-before\" style=\"background-color: #143861;\"><\/div><\/div><\/div><div class=\"gem-icon-inner\" style=\"background-color: #143861;\"><span class=\"gem-icon-half-1\" style=\"color: #ffffff;\"><span class=\"back-angle\">&#xf0c1;<\/span><\/span><span class=\"gem-icon-half-2\" style=\"color: #ffffff;\"><span class=\"back-angle\">&#xf0c1;<\/span><\/span><\/div><\/div><\/div>[vc_column_text]<\/p>\n<p style=\"text-align: center;\">Une connaissance approfondie de toute la cha\u00eene de valeur de l&rsquo;industrie foresti\u00e8re<\/p>\n<p>[\/vc_column_text][\/vc_column_inner][vc_column_inner width=\u00a0\u00bb1\/5&Prime;]<div class=\"centered-box\"><div class=\"gem-icon gem-icon-pack-fontawesome gem-icon-size-medium  gem-icon-shape-hexagon \"  style=\"border-color: #143861;opacity: 1;\"><div class=\"gem-icon-shape-hexagon-back\"><div class=\"gem-icon-shape-hexagon-back-inner\"><div class=\"gem-icon-shape-hexagon-back-inner-before\" style=\"background-color: #143861\"><\/div><\/div><\/div><div class=\"gem-icon-shape-hexagon-top\"><div class=\"gem-icon-shape-hexagon-top-inner\"><div class=\"gem-icon-shape-hexagon-top-inner-before\" style=\"background-color: #143861;\"><\/div><\/div><\/div><div class=\"gem-icon-inner\" style=\"background-color: #143861;\"><span class=\"gem-icon-half-1\" style=\"color: #ffffff;\"><span class=\"back-angle\">&#xf0ad;<\/span><\/span><span class=\"gem-icon-half-2\" style=\"color: #ffffff;\"><span class=\"back-angle\">&#xf0ad;<\/span><\/span><\/div><\/div><\/div>[vc_column_text]<\/p>\n<p style=\"text-align: center;\">\u00c9quipement et outils d&rsquo;\u00e9valuation internes exclusifs<\/p>\n<p>[\/vc_column_text][\/vc_column_inner][vc_column_inner width=\u00a0\u00bb1\/5&Prime;]<div class=\"centered-box\"><div class=\"gem-icon gem-icon-pack-fontawesome gem-icon-size-medium  gem-icon-shape-hexagon \"  style=\"border-color: #143861;opacity: 1;\"><div class=\"gem-icon-shape-hexagon-back\"><div class=\"gem-icon-shape-hexagon-back-inner\"><div class=\"gem-icon-shape-hexagon-back-inner-before\" style=\"background-color: #143861\"><\/div><\/div><\/div><div class=\"gem-icon-shape-hexagon-top\"><div class=\"gem-icon-shape-hexagon-top-inner\"><div class=\"gem-icon-shape-hexagon-top-inner-before\" style=\"background-color: #143861;\"><\/div><\/div><\/div><div class=\"gem-icon-inner\" style=\"background-color: #143861;\"><span class=\"gem-icon-half-1\" style=\"color: #ffffff;\"><span class=\"back-angle\">&#xf085;<\/span><\/span><span class=\"gem-icon-half-2\" style=\"color: #ffffff;\"><span class=\"back-angle\">&#xf085;<\/span><\/span><\/div><\/div><\/div>[vc_column_text]<\/p>\n<p style=\"text-align: center;\">Des ing\u00e9nieurs, scientifiques et chercheurs hautement qualifi\u00e9s<\/p>\n<p>[\/vc_column_text][\/vc_column_inner][vc_column_inner width=\u00a0\u00bb1\/5&Prime;]<div class=\"centered-box\"><div class=\"gem-icon gem-icon-pack-fontawesome gem-icon-size-medium  gem-icon-shape-hexagon \"  style=\"border-color: #143861;opacity: 1;\"><div class=\"gem-icon-shape-hexagon-back\"><div class=\"gem-icon-shape-hexagon-back-inner\"><div class=\"gem-icon-shape-hexagon-back-inner-before\" style=\"background-color: #143861\"><\/div><\/div><\/div><div class=\"gem-icon-shape-hexagon-top\"><div class=\"gem-icon-shape-hexagon-top-inner\"><div class=\"gem-icon-shape-hexagon-top-inner-before\" style=\"background-color: #143861;\"><\/div><\/div><\/div><div class=\"gem-icon-inner\" style=\"background-color: #143861;\"><span class=\"gem-icon-half-1\" style=\"color: #ffffff;\"><span class=\"back-angle\">&#xf0c4;<\/span><\/span><span class=\"gem-icon-half-2\" style=\"color: #ffffff;\"><span class=\"back-angle\">&#xf0c4;<\/span><\/span><\/div><\/div><\/div>[vc_column_text]<\/p>\n<p style=\"text-align: center;\">Des solutions adapt\u00e9es \u00e0 vos besoins sp\u00e9cifiques<\/p>\n<p>[\/vc_column_text][\/vc_column_inner][vc_column_inner width=\u00a0\u00bb1\/5&Prime;]<div class=\"centered-box\"><div class=\"gem-icon gem-icon-pack-fontawesome gem-icon-size-medium  gem-icon-shape-hexagon \"  style=\"border-color: #143861;opacity: 1;\"><div class=\"gem-icon-shape-hexagon-back\"><div class=\"gem-icon-shape-hexagon-back-inner\"><div class=\"gem-icon-shape-hexagon-back-inner-before\" style=\"background-color: #143861\"><\/div><\/div><\/div><div class=\"gem-icon-shape-hexagon-top\"><div class=\"gem-icon-shape-hexagon-top-inner\"><div class=\"gem-icon-shape-hexagon-top-inner-before\" style=\"background-color: #143861;\"><\/div><\/div><\/div><div class=\"gem-icon-inner\" style=\"background-color: #143861;\"><span class=\"gem-icon-half-1\" style=\"color: #ffffff;\"><span class=\"back-angle\">&#xf0eb;<\/span><\/span><span class=\"gem-icon-half-2\" style=\"color: #ffffff;\"><span class=\"back-angle\">&#xf0eb;<\/span><\/span><\/div><\/div><\/div>[vc_column_text]<\/p>\n<p style=\"text-align: center;\">Un acc\u00e8s aux meilleures pratiques et \u00e0 des applications innovantes<\/p>\n<p>[\/vc_column_text][\/vc_column_inner][\/vc_row_inner][\/vc_column][\/vc_row][vc_row background_color_tablet=\u00a0\u00bb#e2e2e2&Prime; css=\u00a0\u00bb.vc_custom_1654099699376{background-color: #f2f2f2 !important;}\u00a0\u00bb][vc_column][vc_column_text]<\/p>\n<h3 style=\"text-align: center;\">Comment pouvons-nous vous aider?<\/h3>\n<p>[\/vc_column_text][vc_column_text]<\/p>\n<p style=\"text-align: center;\">Nous sommes l\u00e0 pour vous aider les entreprises \u00e0 am\u00e9liorer leur productivit\u00e9.<\/p>\n<p style=\"text-align: center;\"><a href=\"mailto:xuejun.zou@fpinnovations.ca\">Communiquez avec nous<\/a> pour en savoir plus sur nos services et sur la fa\u00e7on dont nos solutions peuvent \u00eatre mises en \u0153uvre dans votre entreprise.<\/p>\n<p>[\/vc_column_text][vc_btn title=\u00a0\u00bbNous joindre\u00a0\u00bb shape=\u00a0\u00bbround\u00a0\u00bb color=\u00a0\u00bbsuccess\u00a0\u00bb align=\u00a0\u00bbcenter\u00a0\u00bb link=\u00a0\u00bburl:mailto%3Ainfo%40fpinnovations.ca\u00a0\u00bb][\/vc_column][\/vc_row]<\/p>\n<\/div>","protected":false},"excerpt":{"rendered":"<p>[vc_row][vc_column width=\u00a0\u00bb1\/3&Prime;][vc_single_image image=\u00a0\u00bb292861&Prime; img_size=\u00a0\u00bbfull\u00a0\u00bb][\/vc_column][vc_column width=\u00a0\u00bb2\/3&Prime;][vc_column_text]Les experts des op\u00e9rations foresti\u00e8res de FPInnovations travaillent en \u00e9troite collaboration avec leurs clients pour les aider \u00e0 am\u00e9liorer leur efficacit\u00e9 de production et leur performance de produits et ainsi g\u00e9n\u00e9rer&#8230;<\/p>\n","protected":false},"author":24,"featured_media":0,"parent":0,"menu_order":0,"comment_status":"closed","ping_status":"closed","template":"","meta":{"_acf_changed":false,"footnotes":""},"class_list":["post-292888","page","type-page","status-publish"],"acf":[],"yoast_head":"<!-- This site is optimized with the Yoast SEO plugin v27.4 - https:\/\/yoast.com\/product\/yoast-seo-wordpress\/ -->\n<title>Produits et services : Op\u00e9rations foresti\u00e8res - FPInnovations<\/title>\n<meta name=\"description\" content=\"Les experts des p\u00e2tes, papiers et bioproduits de FPInnovations travaillent en \u00e9troite collaboration avec leurs clients pour les aider \u00e0 am\u00e9liorer leur efficacit\u00e9 de production et leur performance de produits et ainsi g\u00e9n\u00e9rer des r\u00e9sultats significatifs pour leur entreprise, peu importe sa taille. Misant sur nos connaissances du secteur, notre expertise dans un large \u00e9ventail de sujets ainsi que notre succ\u00e8s dans la r\u00e9solution de probl\u00e8mes d&#039;usines, nous offrons des solutions et technologies concr\u00e8tes ayant fait leurs preuves et pouvant \u00eatre implant\u00e9es rapidement dans votre usine. Gr\u00e2ce \u00e0 nos recommandations objectives, notre \u00e9quipement de pointe et laboratoires accr\u00e9dit\u00e9s ISO, ainsi qu\u2019\u00e0 nos outils d\u2019\u00e9valuation exclusifs d\u00e9velopp\u00e9s \u00e0 l\u2019interne, vous disposerez des solutions dont vous avez besoin pour r\u00e9duire vos co\u00fbts de production, augmenter votre productivit\u00e9 et am\u00e9liorer la qualit\u00e9 et la performance de vos produits finis.\" \/>\n<meta name=\"robots\" content=\"index, follow, max-snippet:-1, max-image-preview:large, max-video-preview:-1\" \/>\n<link rel=\"canonical\" href=\"https:\/\/web.fpinnovations.ca\/fr\/ps-operationsforestieres\/\" \/>\n<meta property=\"og:locale\" content=\"fr_FR\" \/>\n<meta property=\"og:type\" content=\"article\" \/>\n<meta property=\"og:title\" content=\"Produits et services : Op\u00e9rations foresti\u00e8res - FPInnovations\" \/>\n<meta property=\"og:description\" content=\"Les experts des p\u00e2tes, papiers et bioproduits de FPInnovations travaillent en \u00e9troite collaboration avec leurs clients pour les aider \u00e0 am\u00e9liorer leur efficacit\u00e9 de production et leur performance de produits et ainsi g\u00e9n\u00e9rer des r\u00e9sultats significatifs pour leur entreprise, peu importe sa taille. Misant sur nos connaissances du secteur, notre expertise dans un large \u00e9ventail de sujets ainsi que notre succ\u00e8s dans la r\u00e9solution de probl\u00e8mes d&#039;usines, nous offrons des solutions et technologies concr\u00e8tes ayant fait leurs preuves et pouvant \u00eatre implant\u00e9es rapidement dans votre usine. Gr\u00e2ce \u00e0 nos recommandations objectives, notre \u00e9quipement de pointe et laboratoires accr\u00e9dit\u00e9s ISO, ainsi qu\u2019\u00e0 nos outils d\u2019\u00e9valuation exclusifs d\u00e9velopp\u00e9s \u00e0 l\u2019interne, vous disposerez des solutions dont vous avez besoin pour r\u00e9duire vos co\u00fbts de production, augmenter votre productivit\u00e9 et am\u00e9liorer la qualit\u00e9 et la performance de vos produits finis.\" \/>\n<meta property=\"og:url\" content=\"https:\/\/web.fpinnovations.ca\/fr\/ps-operationsforestieres\/\" \/>\n<meta property=\"og:site_name\" content=\"FPInnovations\" \/>\n<meta property=\"article:modified_time\" content=\"2024-10-28T20:06:35+00:00\" \/>\n<meta name=\"twitter:card\" content=\"summary_large_image\" \/>\n<meta name=\"twitter:label1\" content=\"Dur\u00e9e de lecture estim\u00e9e\" \/>\n\t<meta name=\"twitter:data1\" content=\"4 minutes\" \/>\n<script type=\"application\/ld+json\" class=\"yoast-schema-graph\">{\"@context\":\"https:\\\/\\\/schema.org\",\"@graph\":[{\"@type\":\"WebPage\",\"@id\":\"https:\\\/\\\/web.fpinnovations.ca\\\/fr\\\/ps-operationsforestieres\\\/\",\"url\":\"https:\\\/\\\/web.fpinnovations.ca\\\/fr\\\/ps-operationsforestieres\\\/\",\"name\":\"Produits et services : Op\u00e9rations foresti\u00e8res - FPInnovations\",\"isPartOf\":{\"@id\":\"https:\\\/\\\/web.fpinnovations.ca\\\/fr\\\/#website\"},\"datePublished\":\"2022-06-28T18:40:30+00:00\",\"dateModified\":\"2024-10-28T20:06:35+00:00\",\"description\":\"Les experts des p\u00e2tes, papiers et bioproduits de FPInnovations travaillent en \u00e9troite collaboration avec leurs clients pour les aider \u00e0 am\u00e9liorer leur efficacit\u00e9 de production et leur performance de produits et ainsi g\u00e9n\u00e9rer des r\u00e9sultats significatifs pour leur entreprise, peu importe sa taille. Misant sur nos connaissances du secteur, notre expertise dans un large \u00e9ventail de sujets ainsi que notre succ\u00e8s dans la r\u00e9solution de probl\u00e8mes d'usines, nous offrons des solutions et technologies concr\u00e8tes ayant fait leurs preuves et pouvant \u00eatre implant\u00e9es rapidement dans votre usine. Gr\u00e2ce \u00e0 nos recommandations objectives, notre \u00e9quipement de pointe et laboratoires accr\u00e9dit\u00e9s ISO, ainsi qu\u2019\u00e0 nos outils d\u2019\u00e9valuation exclusifs d\u00e9velopp\u00e9s \u00e0 l\u2019interne, vous disposerez des solutions dont vous avez besoin pour r\u00e9duire vos co\u00fbts de production, augmenter votre productivit\u00e9 et am\u00e9liorer la qualit\u00e9 et la performance de vos produits finis.\",\"breadcrumb\":{\"@id\":\"https:\\\/\\\/web.fpinnovations.ca\\\/fr\\\/ps-operationsforestieres\\\/#breadcrumb\"},\"inLanguage\":\"fr-FR\",\"potentialAction\":[{\"@type\":\"ReadAction\",\"target\":[\"https:\\\/\\\/web.fpinnovations.ca\\\/fr\\\/ps-operationsforestieres\\\/\"]}]},{\"@type\":\"BreadcrumbList\",\"@id\":\"https:\\\/\\\/web.fpinnovations.ca\\\/fr\\\/ps-operationsforestieres\\\/#breadcrumb\",\"itemListElement\":[{\"@type\":\"ListItem\",\"position\":1,\"name\":\"Home\",\"item\":\"https:\\\/\\\/web.fpinnovations.ca\\\/fr\\\/\"},{\"@type\":\"ListItem\",\"position\":2,\"name\":\"Produits et services : Op\u00e9rations foresti\u00e8res\"}]},{\"@type\":\"WebSite\",\"@id\":\"https:\\\/\\\/web.fpinnovations.ca\\\/fr\\\/#website\",\"url\":\"https:\\\/\\\/web.fpinnovations.ca\\\/fr\\\/\",\"name\":\"FPInnovations\",\"description\":\"\",\"potentialAction\":[{\"@type\":\"SearchAction\",\"target\":{\"@type\":\"EntryPoint\",\"urlTemplate\":\"https:\\\/\\\/web.fpinnovations.ca\\\/fr\\\/?s={search_term_string}\"},\"query-input\":{\"@type\":\"PropertyValueSpecification\",\"valueRequired\":true,\"valueName\":\"search_term_string\"}}],\"inLanguage\":\"fr-FR\"}]}<\/script>\n<!-- \/ Yoast SEO plugin. -->","yoast_head_json":{"title":"Produits et services : Op\u00e9rations foresti\u00e8res - FPInnovations","description":"Les experts des p\u00e2tes, papiers et bioproduits de FPInnovations travaillent en \u00e9troite collaboration avec leurs clients pour les aider \u00e0 am\u00e9liorer leur efficacit\u00e9 de production et leur performance de produits et ainsi g\u00e9n\u00e9rer des r\u00e9sultats significatifs pour leur entreprise, peu importe sa taille. Misant sur nos connaissances du secteur, notre expertise dans un large \u00e9ventail de sujets ainsi que notre succ\u00e8s dans la r\u00e9solution de probl\u00e8mes d'usines, nous offrons des solutions et technologies concr\u00e8tes ayant fait leurs preuves et pouvant \u00eatre implant\u00e9es rapidement dans votre usine. Gr\u00e2ce \u00e0 nos recommandations objectives, notre \u00e9quipement de pointe et laboratoires accr\u00e9dit\u00e9s ISO, ainsi qu\u2019\u00e0 nos outils d\u2019\u00e9valuation exclusifs d\u00e9velopp\u00e9s \u00e0 l\u2019interne, vous disposerez des solutions dont vous avez besoin pour r\u00e9duire vos co\u00fbts de production, augmenter votre productivit\u00e9 et am\u00e9liorer la qualit\u00e9 et la performance de vos produits finis.","robots":{"index":"index","follow":"follow","max-snippet":"max-snippet:-1","max-image-preview":"max-image-preview:large","max-video-preview":"max-video-preview:-1"},"canonical":"https:\/\/web.fpinnovations.ca\/fr\/ps-operationsforestieres\/","og_locale":"fr_FR","og_type":"article","og_title":"Produits et services : Op\u00e9rations foresti\u00e8res - FPInnovations","og_description":"Les experts des p\u00e2tes, papiers et bioproduits de FPInnovations travaillent en \u00e9troite collaboration avec leurs clients pour les aider \u00e0 am\u00e9liorer leur efficacit\u00e9 de production et leur performance de produits et ainsi g\u00e9n\u00e9rer des r\u00e9sultats significatifs pour leur entreprise, peu importe sa taille. Misant sur nos connaissances du secteur, notre expertise dans un large \u00e9ventail de sujets ainsi que notre succ\u00e8s dans la r\u00e9solution de probl\u00e8mes d'usines, nous offrons des solutions et technologies concr\u00e8tes ayant fait leurs preuves et pouvant \u00eatre implant\u00e9es rapidement dans votre usine. Gr\u00e2ce \u00e0 nos recommandations objectives, notre \u00e9quipement de pointe et laboratoires accr\u00e9dit\u00e9s ISO, ainsi qu\u2019\u00e0 nos outils d\u2019\u00e9valuation exclusifs d\u00e9velopp\u00e9s \u00e0 l\u2019interne, vous disposerez des solutions dont vous avez besoin pour r\u00e9duire vos co\u00fbts de production, augmenter votre productivit\u00e9 et am\u00e9liorer la qualit\u00e9 et la performance de vos produits finis.","og_url":"https:\/\/web.fpinnovations.ca\/fr\/ps-operationsforestieres\/","og_site_name":"FPInnovations","article_modified_time":"2024-10-28T20:06:35+00:00","twitter_card":"summary_large_image","twitter_misc":{"Dur\u00e9e de lecture estim\u00e9e":"4 minutes"},"schema":{"@context":"https:\/\/schema.org","@graph":[{"@type":"WebPage","@id":"https:\/\/web.fpinnovations.ca\/fr\/ps-operationsforestieres\/","url":"https:\/\/web.fpinnovations.ca\/fr\/ps-operationsforestieres\/","name":"Produits et services : Op\u00e9rations foresti\u00e8res - FPInnovations","isPartOf":{"@id":"https:\/\/web.fpinnovations.ca\/fr\/#website"},"datePublished":"2022-06-28T18:40:30+00:00","dateModified":"2024-10-28T20:06:35+00:00","description":"Les experts des p\u00e2tes, papiers et bioproduits de FPInnovations travaillent en \u00e9troite collaboration avec leurs clients pour les aider \u00e0 am\u00e9liorer leur efficacit\u00e9 de production et leur performance de produits et ainsi g\u00e9n\u00e9rer des r\u00e9sultats significatifs pour leur entreprise, peu importe sa taille. Misant sur nos connaissances du secteur, notre expertise dans un large \u00e9ventail de sujets ainsi que notre succ\u00e8s dans la r\u00e9solution de probl\u00e8mes d'usines, nous offrons des solutions et technologies concr\u00e8tes ayant fait leurs preuves et pouvant \u00eatre implant\u00e9es rapidement dans votre usine. Gr\u00e2ce \u00e0 nos recommandations objectives, notre \u00e9quipement de pointe et laboratoires accr\u00e9dit\u00e9s ISO, ainsi qu\u2019\u00e0 nos outils d\u2019\u00e9valuation exclusifs d\u00e9velopp\u00e9s \u00e0 l\u2019interne, vous disposerez des solutions dont vous avez besoin pour r\u00e9duire vos co\u00fbts de production, augmenter votre productivit\u00e9 et am\u00e9liorer la qualit\u00e9 et la performance de vos produits finis.","breadcrumb":{"@id":"https:\/\/web.fpinnovations.ca\/fr\/ps-operationsforestieres\/#breadcrumb"},"inLanguage":"fr-FR","potentialAction":[{"@type":"ReadAction","target":["https:\/\/web.fpinnovations.ca\/fr\/ps-operationsforestieres\/"]}]},{"@type":"BreadcrumbList","@id":"https:\/\/web.fpinnovations.ca\/fr\/ps-operationsforestieres\/#breadcrumb","itemListElement":[{"@type":"ListItem","position":1,"name":"Home","item":"https:\/\/web.fpinnovations.ca\/fr\/"},{"@type":"ListItem","position":2,"name":"Produits et services : Op\u00e9rations foresti\u00e8res"}]},{"@type":"WebSite","@id":"https:\/\/web.fpinnovations.ca\/fr\/#website","url":"https:\/\/web.fpinnovations.ca\/fr\/","name":"FPInnovations","description":"","potentialAction":[{"@type":"SearchAction","target":{"@type":"EntryPoint","urlTemplate":"https:\/\/web.fpinnovations.ca\/fr\/?s={search_term_string}"},"query-input":{"@type":"PropertyValueSpecification","valueRequired":true,"valueName":"search_term_string"}}],"inLanguage":"fr-FR"}]}},"_links":{"self":[{"href":"https:\/\/web.fpinnovations.ca\/fr\/wp-json\/wp\/v2\/pages\/292888","targetHints":{"allow":["GET"]}}],"collection":[{"href":"https:\/\/web.fpinnovations.ca\/fr\/wp-json\/wp\/v2\/pages"}],"about":[{"href":"https:\/\/web.fpinnovations.ca\/fr\/wp-json\/wp\/v2\/types\/page"}],"author":[{"embeddable":true,"href":"https:\/\/web.fpinnovations.ca\/fr\/wp-json\/wp\/v2\/users\/24"}],"replies":[{"embeddable":true,"href":"https:\/\/web.fpinnovations.ca\/fr\/wp-json\/wp\/v2\/comments?post=292888"}],"version-history":[{"count":5,"href":"https:\/\/web.fpinnovations.ca\/fr\/wp-json\/wp\/v2\/pages\/292888\/revisions"}],"predecessor-version":[{"id":301555,"href":"https:\/\/web.fpinnovations.ca\/fr\/wp-json\/wp\/v2\/pages\/292888\/revisions\/301555"}],"wp:attachment":[{"href":"https:\/\/web.fpinnovations.ca\/fr\/wp-json\/wp\/v2\/media?parent=292888"}],"curies":[{"name":"wp","href":"https:\/\/api.w.org\/{rel}","templated":true}]}}