{"id":292822,"date":"2022-06-21T10:21:22","date_gmt":"2022-06-21T14:21:22","guid":{"rendered":"https:\/\/web.fpinnovations.ca\/?page_id=292822"},"modified":"2026-04-09T12:04:05","modified_gmt":"2026-04-09T16:04:05","slug":"thepitgroup-com-fr","status":"publish","type":"page","link":"https:\/\/web.fpinnovations.ca\/fr\/thepitgroup-com-fr\/","title":{"rendered":"Groupe PIT"},"content":{"rendered":"<div class=\"wpb-content-wrapper\"><p>[vc_row][vc_column]<div class=\"clearboth\"><\/div><style>#thegem-divider-69e373d363c46 {margin-top: 25px !important;}<\/style><div id=\"thegem-divider-69e373d363c46\" class=\"gem-divider  \" style=\"\" ><\/div><div class=\"clearboth\"><\/div><style>#thegem-divider-69e373d363c8b {margin-top: 90px !important;}<\/style><div id=\"thegem-divider-69e373d363c8b\" class=\"gem-divider  \" style=\"\" ><\/div>[vc_hoverbox image=\u00a0\u00bb294988&Prime; primary_title=\u00a0\u00bbGroupe PIT\u00a0\u00bb primary_title_font_container=\u00a0\u00bbcolor:%23ffffff\u00a0\u00bb primary_title_use_theme_fonts=\u00a0\u00bbyes\u00a0\u00bb hover_title=\u00a0\u00bbGroupe PIT\u00a0\u00bb use_custom_fonts_primary_title=\u00a0\u00bbtrue\u00a0\u00bb]Le Groupe PIT est un groupe d\u2019ing\u00e9nierie dot\u00e9 d\u2019un personnel innovant de calibre mondial qui contribue au d\u00e9veloppement et acc\u00e9l\u00e8re l\u2019implantation de technologies durables et efficaces pour soutenir l\u2019excellence du secteur du transport en Am\u00e9rique du Nord.[\/vc_hoverbox][vc_empty_space]<div class=\"gem-button-container gem-button-position-center thegem-button-69e373d363d1f5162    \"  ><a class=\"gem-button gem-button-size-large gem-button-style-outline gem-button-text-weight-normal gem-button-border-2\" data-ll-effect=\"drop-right-without-wrap\" style=\"border-radius: 3px;\" onmouseleave=\"\" onmouseenter=\"\" href=\"https:\/\/thepitgroup.com\/\" target=\"_blank\">thepitgroup.com<\/a><\/div> [\/vc_column][\/vc_row][vc_row][vc_column]<div class=\"clearboth\"><\/div><style>#thegem-divider-69e373d363d60 {margin-top: 25px !important;}<\/style><div id=\"thegem-divider-69e373d363d60\" class=\"gem-divider  \" style=\"\" ><\/div>[vc_custom_heading text=\u00a0\u00bbContactez-nous\u00a0\u00bb font_container=\u00a0\u00bbtag:h3|text_align:left\u00a0\u00bb use_theme_fonts=\u00a0\u00bbyes\u00a0\u00bb][vc_empty_space][vc_row_inner][vc_column_inner][vc_column_text]<strong>Mark Partington, Chef du Group PIT<\/strong><\/p>\n<p>mark.partington@fpinnovations.ca[\/vc_column_text][vc_btn title=\u00a0\u00bbCourriel\u00a0\u00bb color=\u00a0\u00bbgreen\u00a0\u00bb link=\u00a0\u00bburl:mailto%3Ainfo%40thepitgroup.com|\u00a0\u00bb][\/vc_column_inner][\/vc_row_inner]<div class=\"clearboth\"><\/div><style>#thegem-divider-69e373d363d8a {margin-top: 50px !important;}<\/style><div id=\"thegem-divider-69e373d363d8a\" class=\"gem-divider  \" style=\"\" ><\/div>[\/vc_column][\/vc_row]<\/p>\n<\/div>","protected":false},"excerpt":{"rendered":"<p>[vc_row][vc_column][vc_hoverbox image=\u00a0\u00bb294988&Prime; primary_title=\u00a0\u00bbGroupe PIT\u00a0\u00bb primary_title_font_container=\u00a0\u00bbcolor:%23ffffff\u00a0\u00bb primary_title_use_theme_fonts=\u00a0\u00bbyes\u00a0\u00bb hover_title=\u00a0\u00bbGroupe PIT\u00a0\u00bb use_custom_fonts_primary_title=\u00a0\u00bbtrue\u00a0\u00bb]Le Groupe PIT est un groupe d\u2019ing\u00e9nierie dot\u00e9 d\u2019un personnel innovant de calibre mondial qui contribue au d\u00e9veloppement et acc\u00e9l\u00e8re l\u2019implantation de technologies durables et efficaces pour&#8230;<\/p>\n","protected":false},"author":24,"featured_media":0,"parent":0,"menu_order":0,"comment_status":"closed","ping_status":"closed","template":"","meta":{"_acf_changed":false,"footnotes":""},"class_list":["post-292822","page","type-page","status-publish"],"acf":[],"yoast_head":"<!-- This site is optimized with the Yoast SEO plugin v27.4 - https:\/\/yoast.com\/product\/yoast-seo-wordpress\/ -->\n<title>Groupe PIT - FPInnovations<\/title>\n<meta name=\"robots\" content=\"index, follow, max-snippet:-1, max-image-preview:large, max-video-preview:-1\" \/>\n<link rel=\"canonical\" href=\"https:\/\/web.fpinnovations.ca\/fr\/thepitgroup-com-fr\/\" \/>\n<meta property=\"og:locale\" content=\"fr_FR\" \/>\n<meta property=\"og:type\" content=\"article\" \/>\n<meta property=\"og:title\" content=\"Groupe PIT - FPInnovations\" \/>\n<meta property=\"og:description\" content=\"[vc_row][vc_column][vc_hoverbox image=\u00a0\u00bb294988&Prime; primary_title=\u00a0\u00bbGroupe PIT\u00a0\u00bb primary_title_font_container=\u00a0\u00bbcolor:%23ffffff\u00a0\u00bb primary_title_use_theme_fonts=\u00a0\u00bbyes\u00a0\u00bb hover_title=\u00a0\u00bbGroupe PIT\u00a0\u00bb use_custom_fonts_primary_title=\u00a0\u00bbtrue\u00a0\u00bb]Le Groupe PIT est un groupe d\u2019ing\u00e9nierie dot\u00e9 d\u2019un personnel innovant de calibre mondial qui contribue au d\u00e9veloppement et acc\u00e9l\u00e8re l\u2019implantation de technologies durables et efficaces pour...\" \/>\n<meta property=\"og:url\" content=\"https:\/\/web.fpinnovations.ca\/fr\/thepitgroup-com-fr\/\" \/>\n<meta property=\"og:site_name\" content=\"FPInnovations\" \/>\n<meta property=\"article:modified_time\" content=\"2026-04-09T16:04:05+00:00\" \/>\n<meta name=\"twitter:card\" content=\"summary_large_image\" \/>\n<meta name=\"twitter:label1\" content=\"Dur\u00e9e de lecture estim\u00e9e\" \/>\n\t<meta name=\"twitter:data1\" content=\"1 minute\" \/>\n<script type=\"application\/ld+json\" class=\"yoast-schema-graph\">{\"@context\":\"https:\\\/\\\/schema.org\",\"@graph\":[{\"@type\":\"WebPage\",\"@id\":\"https:\\\/\\\/web.fpinnovations.ca\\\/fr\\\/thepitgroup-com-fr\\\/\",\"url\":\"https:\\\/\\\/web.fpinnovations.ca\\\/fr\\\/thepitgroup-com-fr\\\/\",\"name\":\"Groupe PIT - FPInnovations\",\"isPartOf\":{\"@id\":\"https:\\\/\\\/web.fpinnovations.ca\\\/fr\\\/#website\"},\"datePublished\":\"2022-06-21T14:21:22+00:00\",\"dateModified\":\"2026-04-09T16:04:05+00:00\",\"breadcrumb\":{\"@id\":\"https:\\\/\\\/web.fpinnovations.ca\\\/fr\\\/thepitgroup-com-fr\\\/#breadcrumb\"},\"inLanguage\":\"fr-FR\",\"potentialAction\":[{\"@type\":\"ReadAction\",\"target\":[\"https:\\\/\\\/web.fpinnovations.ca\\\/fr\\\/thepitgroup-com-fr\\\/\"]}]},{\"@type\":\"BreadcrumbList\",\"@id\":\"https:\\\/\\\/web.fpinnovations.ca\\\/fr\\\/thepitgroup-com-fr\\\/#breadcrumb\",\"itemListElement\":[{\"@type\":\"ListItem\",\"position\":1,\"name\":\"Home\",\"item\":\"https:\\\/\\\/web.fpinnovations.ca\\\/fr\\\/\"},{\"@type\":\"ListItem\",\"position\":2,\"name\":\"Groupe PIT\"}]},{\"@type\":\"WebSite\",\"@id\":\"https:\\\/\\\/web.fpinnovations.ca\\\/fr\\\/#website\",\"url\":\"https:\\\/\\\/web.fpinnovations.ca\\\/fr\\\/\",\"name\":\"FPInnovations\",\"description\":\"\",\"potentialAction\":[{\"@type\":\"SearchAction\",\"target\":{\"@type\":\"EntryPoint\",\"urlTemplate\":\"https:\\\/\\\/web.fpinnovations.ca\\\/fr\\\/?s={search_term_string}\"},\"query-input\":{\"@type\":\"PropertyValueSpecification\",\"valueRequired\":true,\"valueName\":\"search_term_string\"}}],\"inLanguage\":\"fr-FR\"}]}<\/script>\n<!-- \/ Yoast SEO plugin. -->","yoast_head_json":{"title":"Groupe PIT - FPInnovations","robots":{"index":"index","follow":"follow","max-snippet":"max-snippet:-1","max-image-preview":"max-image-preview:large","max-video-preview":"max-video-preview:-1"},"canonical":"https:\/\/web.fpinnovations.ca\/fr\/thepitgroup-com-fr\/","og_locale":"fr_FR","og_type":"article","og_title":"Groupe PIT - FPInnovations","og_description":"[vc_row][vc_column][vc_hoverbox image=\u00a0\u00bb294988&Prime; primary_title=\u00a0\u00bbGroupe PIT\u00a0\u00bb primary_title_font_container=\u00a0\u00bbcolor:%23ffffff\u00a0\u00bb primary_title_use_theme_fonts=\u00a0\u00bbyes\u00a0\u00bb hover_title=\u00a0\u00bbGroupe PIT\u00a0\u00bb use_custom_fonts_primary_title=\u00a0\u00bbtrue\u00a0\u00bb]Le Groupe PIT est un groupe d\u2019ing\u00e9nierie dot\u00e9 d\u2019un personnel innovant de calibre mondial qui contribue au d\u00e9veloppement et acc\u00e9l\u00e8re l\u2019implantation de technologies durables et efficaces pour...","og_url":"https:\/\/web.fpinnovations.ca\/fr\/thepitgroup-com-fr\/","og_site_name":"FPInnovations","article_modified_time":"2026-04-09T16:04:05+00:00","twitter_card":"summary_large_image","twitter_misc":{"Dur\u00e9e de lecture estim\u00e9e":"1 minute"},"schema":{"@context":"https:\/\/schema.org","@graph":[{"@type":"WebPage","@id":"https:\/\/web.fpinnovations.ca\/fr\/thepitgroup-com-fr\/","url":"https:\/\/web.fpinnovations.ca\/fr\/thepitgroup-com-fr\/","name":"Groupe PIT - FPInnovations","isPartOf":{"@id":"https:\/\/web.fpinnovations.ca\/fr\/#website"},"datePublished":"2022-06-21T14:21:22+00:00","dateModified":"2026-04-09T16:04:05+00:00","breadcrumb":{"@id":"https:\/\/web.fpinnovations.ca\/fr\/thepitgroup-com-fr\/#breadcrumb"},"inLanguage":"fr-FR","potentialAction":[{"@type":"ReadAction","target":["https:\/\/web.fpinnovations.ca\/fr\/thepitgroup-com-fr\/"]}]},{"@type":"BreadcrumbList","@id":"https:\/\/web.fpinnovations.ca\/fr\/thepitgroup-com-fr\/#breadcrumb","itemListElement":[{"@type":"ListItem","position":1,"name":"Home","item":"https:\/\/web.fpinnovations.ca\/fr\/"},{"@type":"ListItem","position":2,"name":"Groupe PIT"}]},{"@type":"WebSite","@id":"https:\/\/web.fpinnovations.ca\/fr\/#website","url":"https:\/\/web.fpinnovations.ca\/fr\/","name":"FPInnovations","description":"","potentialAction":[{"@type":"SearchAction","target":{"@type":"EntryPoint","urlTemplate":"https:\/\/web.fpinnovations.ca\/fr\/?s={search_term_string}"},"query-input":{"@type":"PropertyValueSpecification","valueRequired":true,"valueName":"search_term_string"}}],"inLanguage":"fr-FR"}]}},"_links":{"self":[{"href":"https:\/\/web.fpinnovations.ca\/fr\/wp-json\/wp\/v2\/pages\/292822","targetHints":{"allow":["GET"]}}],"collection":[{"href":"https:\/\/web.fpinnovations.ca\/fr\/wp-json\/wp\/v2\/pages"}],"about":[{"href":"https:\/\/web.fpinnovations.ca\/fr\/wp-json\/wp\/v2\/types\/page"}],"author":[{"embeddable":true,"href":"https:\/\/web.fpinnovations.ca\/fr\/wp-json\/wp\/v2\/users\/24"}],"replies":[{"embeddable":true,"href":"https:\/\/web.fpinnovations.ca\/fr\/wp-json\/wp\/v2\/comments?post=292822"}],"version-history":[{"count":5,"href":"https:\/\/web.fpinnovations.ca\/fr\/wp-json\/wp\/v2\/pages\/292822\/revisions"}],"predecessor-version":[{"id":304427,"href":"https:\/\/web.fpinnovations.ca\/fr\/wp-json\/wp\/v2\/pages\/292822\/revisions\/304427"}],"wp:attachment":[{"href":"https:\/\/web.fpinnovations.ca\/fr\/wp-json\/wp\/v2\/media?parent=292822"}],"curies":[{"name":"wp","href":"https:\/\/api.w.org\/{rel}","templated":true}]}}