{"id":292247,"date":"2022-05-25T15:29:37","date_gmt":"2022-05-25T19:29:37","guid":{"rendered":"https:\/\/web.fpinnovations.ca\/?page_id=292247"},"modified":"2025-07-29T15:16:34","modified_gmt":"2025-07-29T19:16:34","slug":"programme-de-recherche-operationnelle-sur-les-incendies-forestiers","status":"publish","type":"page","link":"https:\/\/web.fpinnovations.ca\/fr\/programme-de-recherche-operationnelle-sur-les-incendies-forestiers\/","title":{"rendered":"Programme de recherche op\u00e9rationnelle sur les incendies forestiers"},"content":{"rendered":"<div class=\"wpb-content-wrapper\"><p>[vc_row][vc_column]<div class=\"clearboth\"><\/div><style>#thegem-divider-69e9f0239b03c {margin-top: 25px !important;}<\/style><div id=\"thegem-divider-69e9f0239b03c\" class=\"gem-divider  \" style=\"\" ><\/div><div class=\"clearboth\"><\/div><style>#thegem-divider-69e9f0239b086 {margin-top: 25px !important;}<\/style><div id=\"thegem-divider-69e9f0239b086\" class=\"gem-divider  \" style=\"\" ><\/div>[vc_hoverbox image=\u00a0\u00bb289676&Prime; primary_title=\u00a0\u00bbProgramme de recherche op\u00e9rationnelle sur les incendies forestiers\u00a0\u00bb primary_title_font_container=\u00a0\u00bbcolor:%23ffffff\u00a0\u00bb primary_title_use_theme_fonts=\u00a0\u00bbyes\u00a0\u00bb hover_title=\u00a0\u00bbProgramme de recherche op\u00e9rationnelle sur les incendies forestiers\u00a0\u00bb use_custom_fonts_primary_title=\u00a0\u00bbtrue\u00a0\u00bb]La mission du programme de recherche op\u00e9rationnelle sur les incendies forestiers est de d\u00e9velopper et de fournir des solutions et des technologies innovantes relatives aux incendies forestiers \u00e0 la communaut\u00e9 des pompiers par le biais d&rsquo;une recherche op\u00e9rationnelle ind\u00e9pendante.[\/vc_hoverbox][vc_empty_space]<div class=\"gem-button-container gem-button-position-center thegem-button-69e9f0239b1118836    \"  ><a class=\"gem-button gem-button-size-large gem-button-style-outline gem-button-text-weight-normal gem-button-border-2\" data-ll-effect=\"drop-right-without-wrap\" style=\"border-radius: 3px;\" onmouseleave=\"\" onmouseenter=\"\" href=\"https:\/\/wildfire.fpinnovations.ca\/fr\/\" target=\"_blank\">wildfire.fpinnovations.ca<\/a><\/div> [\/vc_column][\/vc_row][vc_row][vc_column]<div class=\"clearboth\"><\/div><style>#thegem-divider-69e9f0239b156 {margin-top: 25px !important;}<\/style><div id=\"thegem-divider-69e9f0239b156\" class=\"gem-divider  \" style=\"\" ><\/div>[vc_custom_heading text=\u00a0\u00bbContactez-nous\u00a0\u00bb font_container=\u00a0\u00bbtag:h3|text_align:left\u00a0\u00bb use_theme_fonts=\u00a0\u00bbyes\u00a0\u00bb][vc_empty_space][vc_row_inner][vc_column_inner][vc_column_text css=\u00a0\u00bb\u00a0\u00bb]<strong>Razim Refai,<br \/>\nGestionnaire du programme de recherche op\u00e9rationnelle sur les incendies forestier<\/strong>[\/vc_column_text][vc_btn title=\u00a0\u00bbCourriel\u00a0\u00bb color=\u00a0\u00bbgreen\u00a0\u00bb css=\u00a0\u00bb\u00a0\u00bb link=\u00a0\u00bburl:mailto%3Arazim.refai%40fpinnovations.ca\u00a0\u00bb][\/vc_column_inner][\/vc_row_inner]<div class=\"clearboth\"><\/div><style>#thegem-divider-69e9f0239b182 {margin-top: 50px !important;}<\/style><div id=\"thegem-divider-69e9f0239b182\" class=\"gem-divider  \" style=\"\" ><\/div>[\/vc_column][\/vc_row]<\/p>\n<\/div>","protected":false},"excerpt":{"rendered":"<p>[vc_row][vc_column][vc_hoverbox image=\u00a0\u00bb289676&Prime; primary_title=\u00a0\u00bbProgramme de recherche op\u00e9rationnelle sur les incendies forestiers\u00a0\u00bb primary_title_font_container=\u00a0\u00bbcolor:%23ffffff\u00a0\u00bb primary_title_use_theme_fonts=\u00a0\u00bbyes\u00a0\u00bb hover_title=\u00a0\u00bbProgramme de recherche op\u00e9rationnelle sur les incendies forestiers\u00a0\u00bb use_custom_fonts_primary_title=\u00a0\u00bbtrue\u00a0\u00bb]La mission du programme de recherche op\u00e9rationnelle sur les incendies forestiers est de d\u00e9velopper et&#8230;<\/p>\n","protected":false},"author":24,"featured_media":0,"parent":0,"menu_order":0,"comment_status":"closed","ping_status":"closed","template":"","meta":{"_acf_changed":false,"footnotes":""},"class_list":["post-292247","page","type-page","status-publish"],"acf":[],"yoast_head":"<!-- This site is optimized with the Yoast SEO plugin v27.4 - https:\/\/yoast.com\/product\/yoast-seo-wordpress\/ -->\n<title>Programme de recherche op\u00e9rationnelle sur les incendies forestiers - FPInnovations<\/title>\n<meta name=\"robots\" content=\"index, follow, max-snippet:-1, max-image-preview:large, max-video-preview:-1\" \/>\n<link rel=\"canonical\" href=\"https:\/\/web.fpinnovations.ca\/fr\/programme-de-recherche-operationnelle-sur-les-incendies-forestiers\/\" \/>\n<meta property=\"og:locale\" content=\"fr_FR\" \/>\n<meta property=\"og:type\" content=\"article\" \/>\n<meta property=\"og:title\" content=\"Programme de recherche op\u00e9rationnelle sur les incendies forestiers - FPInnovations\" \/>\n<meta property=\"og:description\" content=\"[vc_row][vc_column][vc_hoverbox image=\u00a0\u00bb289676&Prime; primary_title=\u00a0\u00bbProgramme de recherche op\u00e9rationnelle sur les incendies forestiers\u00a0\u00bb primary_title_font_container=\u00a0\u00bbcolor:%23ffffff\u00a0\u00bb primary_title_use_theme_fonts=\u00a0\u00bbyes\u00a0\u00bb hover_title=\u00a0\u00bbProgramme de recherche op\u00e9rationnelle sur les incendies forestiers\u00a0\u00bb use_custom_fonts_primary_title=\u00a0\u00bbtrue\u00a0\u00bb]La mission du programme de recherche op\u00e9rationnelle sur les incendies forestiers est de d\u00e9velopper et...\" \/>\n<meta property=\"og:url\" content=\"https:\/\/web.fpinnovations.ca\/fr\/programme-de-recherche-operationnelle-sur-les-incendies-forestiers\/\" \/>\n<meta property=\"og:site_name\" content=\"FPInnovations\" \/>\n<meta property=\"article:modified_time\" content=\"2025-07-29T19:16:34+00:00\" \/>\n<meta name=\"twitter:card\" content=\"summary_large_image\" \/>\n<meta name=\"twitter:label1\" content=\"Dur\u00e9e de lecture estim\u00e9e\" \/>\n\t<meta name=\"twitter:data1\" content=\"1 minute\" \/>\n<script type=\"application\/ld+json\" class=\"yoast-schema-graph\">{\"@context\":\"https:\\\/\\\/schema.org\",\"@graph\":[{\"@type\":\"WebPage\",\"@id\":\"https:\\\/\\\/web.fpinnovations.ca\\\/fr\\\/programme-de-recherche-operationnelle-sur-les-incendies-forestiers\\\/\",\"url\":\"https:\\\/\\\/web.fpinnovations.ca\\\/fr\\\/programme-de-recherche-operationnelle-sur-les-incendies-forestiers\\\/\",\"name\":\"Programme de recherche op\u00e9rationnelle sur les incendies forestiers - FPInnovations\",\"isPartOf\":{\"@id\":\"https:\\\/\\\/web.fpinnovations.ca\\\/fr\\\/#website\"},\"datePublished\":\"2022-05-25T19:29:37+00:00\",\"dateModified\":\"2025-07-29T19:16:34+00:00\",\"breadcrumb\":{\"@id\":\"https:\\\/\\\/web.fpinnovations.ca\\\/fr\\\/programme-de-recherche-operationnelle-sur-les-incendies-forestiers\\\/#breadcrumb\"},\"inLanguage\":\"fr-FR\",\"potentialAction\":[{\"@type\":\"ReadAction\",\"target\":[\"https:\\\/\\\/web.fpinnovations.ca\\\/fr\\\/programme-de-recherche-operationnelle-sur-les-incendies-forestiers\\\/\"]}]},{\"@type\":\"BreadcrumbList\",\"@id\":\"https:\\\/\\\/web.fpinnovations.ca\\\/fr\\\/programme-de-recherche-operationnelle-sur-les-incendies-forestiers\\\/#breadcrumb\",\"itemListElement\":[{\"@type\":\"ListItem\",\"position\":1,\"name\":\"Home\",\"item\":\"https:\\\/\\\/web.fpinnovations.ca\\\/fr\\\/\"},{\"@type\":\"ListItem\",\"position\":2,\"name\":\"Programme de recherche op\u00e9rationnelle sur les incendies forestiers\"}]},{\"@type\":\"WebSite\",\"@id\":\"https:\\\/\\\/web.fpinnovations.ca\\\/fr\\\/#website\",\"url\":\"https:\\\/\\\/web.fpinnovations.ca\\\/fr\\\/\",\"name\":\"FPInnovations\",\"description\":\"\",\"potentialAction\":[{\"@type\":\"SearchAction\",\"target\":{\"@type\":\"EntryPoint\",\"urlTemplate\":\"https:\\\/\\\/web.fpinnovations.ca\\\/fr\\\/?s={search_term_string}\"},\"query-input\":{\"@type\":\"PropertyValueSpecification\",\"valueRequired\":true,\"valueName\":\"search_term_string\"}}],\"inLanguage\":\"fr-FR\"}]}<\/script>\n<!-- \/ Yoast SEO plugin. -->","yoast_head_json":{"title":"Programme de recherche op\u00e9rationnelle sur les incendies forestiers - FPInnovations","robots":{"index":"index","follow":"follow","max-snippet":"max-snippet:-1","max-image-preview":"max-image-preview:large","max-video-preview":"max-video-preview:-1"},"canonical":"https:\/\/web.fpinnovations.ca\/fr\/programme-de-recherche-operationnelle-sur-les-incendies-forestiers\/","og_locale":"fr_FR","og_type":"article","og_title":"Programme de recherche op\u00e9rationnelle sur les incendies forestiers - FPInnovations","og_description":"[vc_row][vc_column][vc_hoverbox image=\u00a0\u00bb289676&Prime; primary_title=\u00a0\u00bbProgramme de recherche op\u00e9rationnelle sur les incendies forestiers\u00a0\u00bb primary_title_font_container=\u00a0\u00bbcolor:%23ffffff\u00a0\u00bb primary_title_use_theme_fonts=\u00a0\u00bbyes\u00a0\u00bb hover_title=\u00a0\u00bbProgramme de recherche op\u00e9rationnelle sur les incendies forestiers\u00a0\u00bb use_custom_fonts_primary_title=\u00a0\u00bbtrue\u00a0\u00bb]La mission du programme de recherche op\u00e9rationnelle sur les incendies forestiers est de d\u00e9velopper et...","og_url":"https:\/\/web.fpinnovations.ca\/fr\/programme-de-recherche-operationnelle-sur-les-incendies-forestiers\/","og_site_name":"FPInnovations","article_modified_time":"2025-07-29T19:16:34+00:00","twitter_card":"summary_large_image","twitter_misc":{"Dur\u00e9e de lecture estim\u00e9e":"1 minute"},"schema":{"@context":"https:\/\/schema.org","@graph":[{"@type":"WebPage","@id":"https:\/\/web.fpinnovations.ca\/fr\/programme-de-recherche-operationnelle-sur-les-incendies-forestiers\/","url":"https:\/\/web.fpinnovations.ca\/fr\/programme-de-recherche-operationnelle-sur-les-incendies-forestiers\/","name":"Programme de recherche op\u00e9rationnelle sur les incendies forestiers - FPInnovations","isPartOf":{"@id":"https:\/\/web.fpinnovations.ca\/fr\/#website"},"datePublished":"2022-05-25T19:29:37+00:00","dateModified":"2025-07-29T19:16:34+00:00","breadcrumb":{"@id":"https:\/\/web.fpinnovations.ca\/fr\/programme-de-recherche-operationnelle-sur-les-incendies-forestiers\/#breadcrumb"},"inLanguage":"fr-FR","potentialAction":[{"@type":"ReadAction","target":["https:\/\/web.fpinnovations.ca\/fr\/programme-de-recherche-operationnelle-sur-les-incendies-forestiers\/"]}]},{"@type":"BreadcrumbList","@id":"https:\/\/web.fpinnovations.ca\/fr\/programme-de-recherche-operationnelle-sur-les-incendies-forestiers\/#breadcrumb","itemListElement":[{"@type":"ListItem","position":1,"name":"Home","item":"https:\/\/web.fpinnovations.ca\/fr\/"},{"@type":"ListItem","position":2,"name":"Programme de recherche op\u00e9rationnelle sur les incendies forestiers"}]},{"@type":"WebSite","@id":"https:\/\/web.fpinnovations.ca\/fr\/#website","url":"https:\/\/web.fpinnovations.ca\/fr\/","name":"FPInnovations","description":"","potentialAction":[{"@type":"SearchAction","target":{"@type":"EntryPoint","urlTemplate":"https:\/\/web.fpinnovations.ca\/fr\/?s={search_term_string}"},"query-input":{"@type":"PropertyValueSpecification","valueRequired":true,"valueName":"search_term_string"}}],"inLanguage":"fr-FR"}]}},"_links":{"self":[{"href":"https:\/\/web.fpinnovations.ca\/fr\/wp-json\/wp\/v2\/pages\/292247","targetHints":{"allow":["GET"]}}],"collection":[{"href":"https:\/\/web.fpinnovations.ca\/fr\/wp-json\/wp\/v2\/pages"}],"about":[{"href":"https:\/\/web.fpinnovations.ca\/fr\/wp-json\/wp\/v2\/types\/page"}],"author":[{"embeddable":true,"href":"https:\/\/web.fpinnovations.ca\/fr\/wp-json\/wp\/v2\/users\/24"}],"replies":[{"embeddable":true,"href":"https:\/\/web.fpinnovations.ca\/fr\/wp-json\/wp\/v2\/comments?post=292247"}],"version-history":[{"count":5,"href":"https:\/\/web.fpinnovations.ca\/fr\/wp-json\/wp\/v2\/pages\/292247\/revisions"}],"predecessor-version":[{"id":303406,"href":"https:\/\/web.fpinnovations.ca\/fr\/wp-json\/wp\/v2\/pages\/292247\/revisions\/303406"}],"wp:attachment":[{"href":"https:\/\/web.fpinnovations.ca\/fr\/wp-json\/wp\/v2\/media?parent=292247"}],"curies":[{"name":"wp","href":"https:\/\/api.w.org\/{rel}","templated":true}]}}