{"id":292186,"date":"2022-08-31T15:58:40","date_gmt":"2022-08-31T19:58:40","guid":{"rendered":"https:\/\/web.fpinnovations.ca\/?page_id=292186"},"modified":"2024-10-29T14:24:21","modified_gmt":"2024-10-29T18:24:21","slug":"ps-produitsdubois","status":"publish","type":"page","link":"https:\/\/web.fpinnovations.ca\/fr\/ps-produitsdubois\/","title":{"rendered":"Produits et services : Produits du bois"},"content":{"rendered":"<div class=\"wpb-content-wrapper\"><p>[vc_row][vc_column width=\u00a0\u00bb1\/3&Prime;][vc_single_image image=\u00a0\u00bb292861&Prime; img_size=\u00a0\u00bbfull\u00a0\u00bb][\/vc_column][vc_column width=\u00a0\u00bb2\/3&Prime;][vc_column_text]Les experts des produits de bois de FPInnovations travaillent en \u00e9troite collaboration avec leurs clients pour les aider \u00e0 am\u00e9liorer leur performance et ainsi g\u00e9n\u00e9rer des r\u00e9sultats significatifs pour leur entreprise, peu importe sa taille.<\/p>\n<p>Misant sur nos connaissances du secteur et sur un environnement ISO certifi\u00e9, nous offrons des solutions et technologies concr\u00e8tes ayant fait leurs preuves et pouvant \u00eatre implant\u00e9es rapidement dans votre organisation.<\/p>\n<p>Gr\u00e2ce \u00e0 nos recommandations objectives, notre \u00e9quipement et laboratoires de pointe ainsi qu\u2019\u00e0 nos outils d\u2019\u00e9valuation exclusifs d\u00e9velopp\u00e9s \u00e0 l\u2019interne, vous disposerez des solutions dont vous avez besoin pour r\u00e9duire vos co\u00fbts de production, augmenter votre productivit\u00e9 et am\u00e9liorer la qualit\u00e9 et la performance de vos produits finis.[\/vc_column_text][\/vc_column][\/vc_row][vc_row][vc_column][vc_column_text]<\/p>\n<h2>Les services que nous offrons<\/h2>\n<p><em>Cette liste n&rsquo;est pas exhaustive; communiquez avec nos experts ou visitez r\u00e9guli\u00e8rement cette page pour conna\u00eetre nos autres services<\/em>[\/vc_column_text][\/vc_column][\/vc_row][vc_row][vc_column][vc_tta_accordion color=\u00a0\u00bbgreen\u00a0\u00bb active_section=\u00a0\u00bb0&Prime; collapsible_all=\u00a0\u00bbtrue\u00a0\u00bb][vc_tta_section title=\u00a0\u00bbESSAIS DE PERFORMANCE DES LAMES DE PLANCHER\u00a0\u00bb tab_id=\u00a0\u00bb1654024200999-777ff103-1fd3&Prime;][vc_row_inner][vc_column_inner width=\u00a0\u00bb1\/2&Prime;][vc_column_text]En collaboration avec les manufacturiers \u00e0 l\u2019avant-garde de l\u2019industrie,\u00a0 FPInnovations a mis au point des m\u00e9thodes d\u2019essais permettant d&rsquo;\u00e9tablir la performance des diff\u00e9rents produits de lames de plancher.<\/p>\n<p>Les essais offerts comprennent notamment de caract\u00e9riser la r\u00e9sistance des syst\u00e8mes de finition, la r\u00e9sistance aux changements d&rsquo;humidit\u00e9 relative et d&rsquo;\u00e9valuer les propri\u00e9t\u00e9s m\u00e9caniques de vos produits.[\/vc_column_text][vc_btn title=\u00a0\u00bbConsulter la fiche technique\u00a0\u00bb color=\u00a0\u00bbinfo\u00a0\u00bb css=\u00a0\u00bb\u00a0\u00bb link=\u00a0\u00bburl:https%3A%2F%2Flibrary.fpinnovations.ca%2Fviewer%3Ffile%3D%252Fmedia%252FWP%252F9152.PDF%23page%3D1|target:_blank\u00a0\u00bb][vc_empty_space][vc_btn title=\u00a0\u00bbEn savoir plus\u00a0\u00bb link=\u00a0\u00bburl:mailto%3Ainfo%40fpinnovations.ca\u00a0\u00bb][\/vc_column_inner][vc_column_inner width=\u00a0\u00bb1\/2&Prime;]<div class=\"gem-video gem-wrapbox gem-wrapbox-style-no-style rounded-corners gem-wrapbox-position-below\" style=\"width: 100%;\"><div class=\"gem-wrapbox-inner video-block gem-ratio-style\" style=\"padding-top: 56.25%\"><video width=\"100%\" height=\"100%\" controls=\"controls\" src=\"https:\/\/web.fpinnovations.ca\/wp-content\/uploads\/Essais_de_performance_des_lames_de_plancher_720p-5.mp4\"  preload=\"none\"><\/video><\/div><\/div>[\/vc_column_inner][\/vc_row_inner][\/vc_tta_section][vc_tta_section title=\u00a0\u00bbANALYSE DES COMPOS\u00c9S ORGANIQUES VOLATILS ET FORMALD\u00c9HYDE\u00a0\u00bb tab_id=\u00a0\u00bb1654024201026-a149325b-b32a\u00a0\u00bb][vc_row_inner][vc_column_inner width=\u00a0\u00bb1\/2&Prime;][vc_column_text]Les nombreux polluants chimiques retrouv\u00e9s \u00e0 l&rsquo;int\u00e9rieur de nos maisons repr\u00e9sentent l&rsquo;une des pr\u00e9occupations croissantes du public, des organismes internationaux et des gouvernements.<\/p>\n<p>FPInnovations a su d\u00e9velopper une expertise en \u00e9chantillonnage des diff\u00e9rents compos\u00e9s et r\u00e9alise des essais accr\u00e9dit\u00e9s ISO 17025-2017 depuis plus de vingt ans.[\/vc_column_text][vc_btn title=\u00a0\u00bbConsulter la fiche technique\u00a0\u00bb color=\u00a0\u00bbinfo\u00a0\u00bb css=\u00a0\u00bb\u00a0\u00bb link=\u00a0\u00bburl:https%3A%2F%2Flibrary.fpinnovations.ca%2Fviewer%3Ffile%3D%252Fmedia%252FWP%252F9157.pdf%23page%3D1|target:_blank\u00a0\u00bb][vc_empty_space][vc_btn title=\u00a0\u00bbEn savoir plus\u00a0\u00bb link=\u00a0\u00bburl:mailto%3Ainfo%40fpinnovations.ca\u00a0\u00bb][\/vc_column_inner][vc_column_inner width=\u00a0\u00bb1\/2&Prime;]<div class=\"gem-video gem-wrapbox gem-wrapbox-style-no-style rounded-corners gem-wrapbox-position-below\" style=\"width: 100%;\"><div class=\"gem-wrapbox-inner video-block gem-ratio-style\" style=\"padding-top: 56.25%\"><video width=\"100%\" height=\"100%\" controls=\"controls\" src=\"https:\/\/web.fpinnovations.ca\/wp-content\/uploads\/Emissions_de_COV_et_formaldehyde_720p-1.mp4\"  preload=\"none\"><\/video><\/div><\/div>[\/vc_column_inner][\/vc_row_inner][\/vc_tta_section][vc_tta_section title=\u00a0\u00bbFABRICATION DE PANNEAUX\u00a0\u00bb tab_id=\u00a0\u00bb1654098113395-7f7cb8ca-b704&Prime;][vc_row_inner][vc_column_inner width=\u00a0\u00bb1\/2&Prime;][vc_column_text]L&rsquo;optimisation des proc\u00e9d\u00e9s et l&rsquo;\u00e9valuation des adh\u00e9sifs font partie int\u00e9grante de notre programme de recherche; par cons\u00e9quent, nos clients peuvent b\u00e9n\u00e9ficier de l&rsquo;expertise et de l&rsquo;exp\u00e9rience qui y sont d\u00e9velopp\u00e9es.<\/p>\n<p>La diversit\u00e9 de l&rsquo;\u00e9quipement dont nous disposons donne acc\u00e8s \u00e0 une panoplie d&rsquo;outils de transformation, de la pr\u00e9paration de la mati\u00e8re premi\u00e8re en passant par la fabrication des panneaux jusqu&rsquo;\u00e0 l&rsquo;\u00e9valuation des propri\u00e9t\u00e9s m\u00e9caniques du produit final.[\/vc_column_text][vc_btn title=\u00a0\u00bbConsulter la fiche technique\u00a0\u00bb color=\u00a0\u00bbinfo\u00a0\u00bb css=\u00a0\u00bb\u00a0\u00bb link=\u00a0\u00bburl:https%3A%2F%2Flibrary.fpinnovations.ca%2Fviewer%3Ffile%3D%252Fmedia%252FWP%252F9151.PDF%23page%3D1|target:_blank\u00a0\u00bb][vc_empty_space][vc_btn title=\u00a0\u00bbEn savoir plus\u00a0\u00bb link=\u00a0\u00bburl:mailto%3Ainfo%40fpinnovations.ca\u00a0\u00bb][\/vc_column_inner][vc_column_inner width=\u00a0\u00bb1\/2&Prime;]<div class=\"gem-video gem-wrapbox gem-wrapbox-style-no-style rounded-corners gem-wrapbox-position-below\" style=\"width: 100%;\"><div class=\"gem-wrapbox-inner video-block gem-ratio-style\" style=\"padding-top: 56.25%\"><video width=\"100%\" height=\"100%\" controls=\"controls\" src=\"https:\/\/web.fpinnovations.ca\/wp-content\/uploads\/Fabrication_de_panneaux__720p-1.mp4\"  preload=\"none\"><\/video><\/div><\/div>[\/vc_column_inner][\/vc_row_inner][\/vc_tta_section][vc_tta_section title=\u00a0\u00bbRAFFINAGE THERMOM\u00c9CANIQUE &#8211; PR\u00c9TRAITEMENT DE LA BIOMASSE\u00a0\u00bb tab_id=\u00a0\u00bb1654098110597-95acef73-dfa5&Prime;][vc_row_inner][vc_column_inner width=\u00a0\u00bb1\/2&Prime;][vc_column_text]Nos services peuvent englober la production de fibres, le s\u00e9chage, l&rsquo;encollage, l&rsquo;injection de produits chimiques et la fabrication de panneaux.<\/p>\n<p>La versatilit\u00e9 de notre \u00e9quipement et de notre expertise nous permettra d&rsquo;\u00e9tablir ou de valider les param\u00e8tres de proc\u00e9d\u00e9s \u00e0 l&rsquo;\u00e9chelle semi-industrielle et, par cons\u00e9quent, de garantir la qualit\u00e9 de votre produit final.[\/vc_column_text][vc_btn title=\u00a0\u00bbConsulter la fiche technique\u00a0\u00bb color=\u00a0\u00bbinfo\u00a0\u00bb css=\u00a0\u00bb\u00a0\u00bb link=\u00a0\u00bburl:https%3A%2F%2Flibrary.fpinnovations.ca%2Fviewer%3Ffile%3D%252Fmedia%252FWP%252F9155.pdf%23page%3D1|target:_blank\u00a0\u00bb][vc_empty_space][vc_btn title=\u00a0\u00bbEn savoir plus\u00a0\u00bb link=\u00a0\u00bburl:mailto%3Ainfo%40fpinnovations.ca\u00a0\u00bb][\/vc_column_inner][vc_column_inner width=\u00a0\u00bb1\/2&Prime;]<div class=\"gem-video gem-wrapbox gem-wrapbox-style-no-style rounded-corners gem-wrapbox-position-below\" style=\"width: 100%;\"><div class=\"gem-wrapbox-inner video-block gem-ratio-style\" style=\"padding-top: 56.25%\"><video width=\"100%\" height=\"100%\" controls=\"controls\" src=\"https:\/\/web.fpinnovations.ca\/wp-content\/uploads\/Raffinage_thermomecanique_720p-3.mp4\"  preload=\"none\"><\/video><\/div><\/div>[\/vc_column_inner][\/vc_row_inner][\/vc_tta_section][vc_tta_section title=\u00a0\u00bb\u00c9VALUATION DE LA PERFORMANCE DE LA PROTECTION DU BOIS\u00a0\u00bb tab_id=\u00a0\u00bb1698932723369-124f0dc5-d4b9&Prime;][vc_row_inner][vc_column_inner width=\u00a0\u00bb1\/2&Prime;][vc_column_text]FPInnovations travaille \u00e9troitement avec l\u2019industrie de la protection du bois pour obtenir les donn\u00e9es de performance requises en appui \u00e0 l\u2019enregistrement d\u2019agents de pr\u00e9servation, la normalisation selon Groupe CSA et l\u2019AWPA et l\u2019acceptation sur le march\u00e9.<\/p>\n<p>Nous soutenons le d\u00e9veloppement de technologies efficaces et durables de protection des produits du bois contre les intemp\u00e9ries et la biod\u00e9gradation par les moisissures, les champignons, la pourriture et les insectes.[\/vc_column_text][vc_btn title=\u00a0\u00bbConsulter la fiche technique\u00a0\u00bb color=\u00a0\u00bbinfo\u00a0\u00bb css=\u00a0\u00bb\u00a0\u00bb link=\u00a0\u00bburl:https%3A%2F%2Flibrary.fpinnovations.ca%2Fviewer%3Ffile%3D%252Fmedia%252FWP%252F10594.pdf%23page%3D1|target:_blank\u00a0\u00bb][vc_empty_space][vc_btn title=\u00a0\u00bbEn savoir plus\u00a0\u00bb link=\u00a0\u00bburl:mailto%3Ainfo%40fpinnovations.ca\u00a0\u00bb][\/vc_column_inner][vc_column_inner width=\u00a0\u00bb1\/2&Prime;][\/vc_column_inner][\/vc_row_inner][\/vc_tta_section][\/vc_tta_accordion][\/vc_column][\/vc_row][vc_row background_color_tablet=\u00a0\u00bb#e2e2e2&Prime; css=\u00a0\u00bb.vc_custom_1661891470838{background-color: #e0e0e0 !important;}\u00a0\u00bb][vc_column][vc_column_text]<\/p>\n<h3 style=\"text-align: center;\">RECHERCHE PAR MOTS-CL\u00c9S<\/h3>\n<p>[\/vc_column_text]<div class=\"gem-search-form gem-search-form-style-light gem-search-form-alignment-left thegem-custom-69e239226b5765189\"><form role=\"search\" method=\"get\" class=\"search-form\" action=\"https:\/\/web.fpinnovations.ca\/fr\/\"><input class=\"search-field\" type=\"search\" name=\"s\" placeholder=\"Chercher\" aria-label=\"Chercher\" \/><button class=\"search-submit\" type=\"submit\" aria-label=\"Chercher\"><\/button><\/form><\/div>[\/vc_column][\/vc_row][vc_row background_color_tablet=\u00a0\u00bb#e2e2e2&Prime;][vc_column][vc_column_text]<\/p>\n<h3 style=\"text-align: center;\">Les avantages de travailler avec nous<\/h3>\n<p>[\/vc_column_text][vc_row_inner][vc_column_inner width=\u00a0\u00bb1\/5&Prime;]<div class=\"centered-box\"><div class=\"gem-icon gem-icon-pack-fontawesome gem-icon-size-medium  gem-icon-shape-hexagon \"  style=\"border-color: #143861;opacity: 1;\"><div class=\"gem-icon-shape-hexagon-back\"><div class=\"gem-icon-shape-hexagon-back-inner\"><div class=\"gem-icon-shape-hexagon-back-inner-before\" style=\"background-color: #143861\"><\/div><\/div><\/div><div class=\"gem-icon-shape-hexagon-top\"><div class=\"gem-icon-shape-hexagon-top-inner\"><div class=\"gem-icon-shape-hexagon-top-inner-before\" style=\"background-color: #143861;\"><\/div><\/div><\/div><div class=\"gem-icon-inner\" style=\"background-color: #143861;\"><span class=\"gem-icon-half-1\" style=\"color: #ffffff;\"><span class=\"back-angle\">&#xf0c1;<\/span><\/span><span class=\"gem-icon-half-2\" style=\"color: #ffffff;\"><span class=\"back-angle\">&#xf0c1;<\/span><\/span><\/div><\/div><\/div>[vc_column_text]<\/p>\n<p style=\"text-align: center;\">Une connaissance approfondie de toute la cha\u00eene de valeur de l&rsquo;industrie foresti\u00e8re<\/p>\n<p>[\/vc_column_text][\/vc_column_inner][vc_column_inner width=\u00a0\u00bb1\/5&Prime;]<div class=\"centered-box\"><div class=\"gem-icon gem-icon-pack-fontawesome gem-icon-size-medium  gem-icon-shape-hexagon \"  style=\"border-color: #143861;opacity: 1;\"><div class=\"gem-icon-shape-hexagon-back\"><div class=\"gem-icon-shape-hexagon-back-inner\"><div class=\"gem-icon-shape-hexagon-back-inner-before\" style=\"background-color: #143861\"><\/div><\/div><\/div><div class=\"gem-icon-shape-hexagon-top\"><div class=\"gem-icon-shape-hexagon-top-inner\"><div class=\"gem-icon-shape-hexagon-top-inner-before\" style=\"background-color: #143861;\"><\/div><\/div><\/div><div class=\"gem-icon-inner\" style=\"background-color: #143861;\"><span class=\"gem-icon-half-1\" style=\"color: #ffffff;\"><span class=\"back-angle\">&#xf0ad;<\/span><\/span><span class=\"gem-icon-half-2\" style=\"color: #ffffff;\"><span class=\"back-angle\">&#xf0ad;<\/span><\/span><\/div><\/div><\/div>[vc_column_text]<\/p>\n<p style=\"text-align: center;\">\u00c9quipement et outils d&rsquo;\u00e9valuation internes exclusifs<\/p>\n<p>[\/vc_column_text][\/vc_column_inner][vc_column_inner width=\u00a0\u00bb1\/5&Prime;]<div class=\"centered-box\"><div class=\"gem-icon gem-icon-pack-fontawesome gem-icon-size-medium  gem-icon-shape-hexagon \"  style=\"border-color: #143861;opacity: 1;\"><div class=\"gem-icon-shape-hexagon-back\"><div class=\"gem-icon-shape-hexagon-back-inner\"><div class=\"gem-icon-shape-hexagon-back-inner-before\" style=\"background-color: #143861\"><\/div><\/div><\/div><div class=\"gem-icon-shape-hexagon-top\"><div class=\"gem-icon-shape-hexagon-top-inner\"><div class=\"gem-icon-shape-hexagon-top-inner-before\" style=\"background-color: #143861;\"><\/div><\/div><\/div><div class=\"gem-icon-inner\" style=\"background-color: #143861;\"><span class=\"gem-icon-half-1\" style=\"color: #ffffff;\"><span class=\"back-angle\">&#xf085;<\/span><\/span><span class=\"gem-icon-half-2\" style=\"color: #ffffff;\"><span class=\"back-angle\">&#xf085;<\/span><\/span><\/div><\/div><\/div>[vc_column_text]<\/p>\n<p style=\"text-align: center;\">Des ing\u00e9nieurs, scientifiques et chercheurs hautement qualifi\u00e9s<\/p>\n<p>[\/vc_column_text][\/vc_column_inner][vc_column_inner width=\u00a0\u00bb1\/5&Prime;]<div class=\"centered-box\"><div class=\"gem-icon gem-icon-pack-fontawesome gem-icon-size-medium  gem-icon-shape-hexagon \"  style=\"border-color: #143861;opacity: 1;\"><div class=\"gem-icon-shape-hexagon-back\"><div class=\"gem-icon-shape-hexagon-back-inner\"><div class=\"gem-icon-shape-hexagon-back-inner-before\" style=\"background-color: #143861\"><\/div><\/div><\/div><div class=\"gem-icon-shape-hexagon-top\"><div class=\"gem-icon-shape-hexagon-top-inner\"><div class=\"gem-icon-shape-hexagon-top-inner-before\" style=\"background-color: #143861;\"><\/div><\/div><\/div><div class=\"gem-icon-inner\" style=\"background-color: #143861;\"><span class=\"gem-icon-half-1\" style=\"color: #ffffff;\"><span class=\"back-angle\">&#xf0c4;<\/span><\/span><span class=\"gem-icon-half-2\" style=\"color: #ffffff;\"><span class=\"back-angle\">&#xf0c4;<\/span><\/span><\/div><\/div><\/div>[vc_column_text]<\/p>\n<p style=\"text-align: center;\">Des solutions adapt\u00e9es \u00e0 vos besoins sp\u00e9cifiques<\/p>\n<p>[\/vc_column_text][\/vc_column_inner][vc_column_inner width=\u00a0\u00bb1\/5&Prime;]<div class=\"centered-box\"><div class=\"gem-icon gem-icon-pack-fontawesome gem-icon-size-medium  gem-icon-shape-hexagon \"  style=\"border-color: #143861;opacity: 1;\"><div class=\"gem-icon-shape-hexagon-back\"><div class=\"gem-icon-shape-hexagon-back-inner\"><div class=\"gem-icon-shape-hexagon-back-inner-before\" style=\"background-color: #143861\"><\/div><\/div><\/div><div class=\"gem-icon-shape-hexagon-top\"><div class=\"gem-icon-shape-hexagon-top-inner\"><div class=\"gem-icon-shape-hexagon-top-inner-before\" style=\"background-color: #143861;\"><\/div><\/div><\/div><div class=\"gem-icon-inner\" style=\"background-color: #143861;\"><span class=\"gem-icon-half-1\" style=\"color: #ffffff;\"><span class=\"back-angle\">&#xf0eb;<\/span><\/span><span class=\"gem-icon-half-2\" style=\"color: #ffffff;\"><span class=\"back-angle\">&#xf0eb;<\/span><\/span><\/div><\/div><\/div>[vc_column_text]<\/p>\n<p style=\"text-align: center;\">Un acc\u00e8s aux meilleures pratiques et \u00e0 des applications innovantes<\/p>\n<p>[\/vc_column_text][\/vc_column_inner][\/vc_row_inner][\/vc_column][\/vc_row][vc_row background_color_tablet=\u00a0\u00bb#e2e2e2&Prime; css=\u00a0\u00bb.vc_custom_1654099699376{background-color: #f2f2f2 !important;}\u00a0\u00bb][vc_column][vc_column_text]<\/p>\n<h3 style=\"text-align: center;\">Comment pouvons-nous vous aider?<\/h3>\n<p>[\/vc_column_text][vc_column_text]<\/p>\n<p style=\"text-align: center;\">Nous sommes l\u00e0 pour vous aider les entreprises \u00e0 am\u00e9liorer leur productivit\u00e9.<\/p>\n<p style=\"text-align: center;\"><a href=\"mailto:info@fpinnovations.ca\">Communiquez avec nous<\/a> pour en savoir plus sur nos services et sur la fa\u00e7on dont nos solutions peuvent \u00eatre mises en \u0153uvre dans votre entreprise.<\/p>\n<p>[\/vc_column_text][vc_btn title=\u00a0\u00bbNous joindre\u00a0\u00bb shape=\u00a0\u00bbround\u00a0\u00bb color=\u00a0\u00bbsuccess\u00a0\u00bb align=\u00a0\u00bbcenter\u00a0\u00bb link=\u00a0\u00bburl:mailto%3Ainfo%40fpinnovations.ca\u00a0\u00bb][\/vc_column][\/vc_row]<\/p>\n<\/div>","protected":false},"excerpt":{"rendered":"<p>[vc_row][vc_column width=\u00a0\u00bb1\/3&Prime;][vc_single_image image=\u00a0\u00bb292861&Prime; img_size=\u00a0\u00bbfull\u00a0\u00bb][\/vc_column][vc_column width=\u00a0\u00bb2\/3&Prime;][vc_column_text]Les experts des produits de bois de FPInnovations travaillent en \u00e9troite collaboration avec leurs clients pour les aider \u00e0 am\u00e9liorer leur performance et ainsi g\u00e9n\u00e9rer des r\u00e9sultats significatifs pour leur entreprise,&#8230;<\/p>\n","protected":false},"author":24,"featured_media":0,"parent":0,"menu_order":0,"comment_status":"closed","ping_status":"closed","template":"","meta":{"_acf_changed":false,"footnotes":""},"class_list":["post-292186","page","type-page","status-publish"],"acf":[],"yoast_head":"<!-- This site is optimized with the Yoast SEO plugin v27.4 - https:\/\/yoast.com\/product\/yoast-seo-wordpress\/ -->\n<title>Produits et services : Produits du bois - FPInnovations<\/title>\n<meta name=\"robots\" content=\"index, follow, max-snippet:-1, max-image-preview:large, max-video-preview:-1\" \/>\n<link rel=\"canonical\" href=\"https:\/\/web.fpinnovations.ca\/fr\/ps-produitsdubois\/\" \/>\n<meta property=\"og:locale\" content=\"fr_FR\" \/>\n<meta property=\"og:type\" content=\"article\" \/>\n<meta property=\"og:title\" content=\"Produits et services : Produits du bois - FPInnovations\" \/>\n<meta property=\"og:description\" content=\"[vc_row][vc_column width=\u00a0\u00bb1\/3&Prime;][vc_single_image image=\u00a0\u00bb292861&Prime; img_size=\u00a0\u00bbfull\u00a0\u00bb][\/vc_column][vc_column width=\u00a0\u00bb2\/3&Prime;][vc_column_text]Les experts des produits de bois de FPInnovations travaillent en \u00e9troite collaboration avec leurs clients pour les aider \u00e0 am\u00e9liorer leur performance et ainsi g\u00e9n\u00e9rer des r\u00e9sultats significatifs pour leur entreprise,...\" \/>\n<meta property=\"og:url\" content=\"https:\/\/web.fpinnovations.ca\/fr\/ps-produitsdubois\/\" \/>\n<meta property=\"og:site_name\" content=\"FPInnovations\" \/>\n<meta property=\"article:modified_time\" content=\"2024-10-29T18:24:21+00:00\" \/>\n<meta name=\"twitter:card\" content=\"summary_large_image\" \/>\n<meta name=\"twitter:label1\" content=\"Dur\u00e9e de lecture estim\u00e9e\" \/>\n\t<meta name=\"twitter:data1\" content=\"4 minutes\" \/>\n<script type=\"application\/ld+json\" class=\"yoast-schema-graph\">{\"@context\":\"https:\\\/\\\/schema.org\",\"@graph\":[{\"@type\":\"WebPage\",\"@id\":\"https:\\\/\\\/web.fpinnovations.ca\\\/fr\\\/ps-produitsdubois\\\/\",\"url\":\"https:\\\/\\\/web.fpinnovations.ca\\\/fr\\\/ps-produitsdubois\\\/\",\"name\":\"Produits et services : Produits du bois - FPInnovations\",\"isPartOf\":{\"@id\":\"https:\\\/\\\/web.fpinnovations.ca\\\/fr\\\/#website\"},\"datePublished\":\"2022-08-31T19:58:40+00:00\",\"dateModified\":\"2024-10-29T18:24:21+00:00\",\"breadcrumb\":{\"@id\":\"https:\\\/\\\/web.fpinnovations.ca\\\/fr\\\/ps-produitsdubois\\\/#breadcrumb\"},\"inLanguage\":\"fr-FR\",\"potentialAction\":[{\"@type\":\"ReadAction\",\"target\":[\"https:\\\/\\\/web.fpinnovations.ca\\\/fr\\\/ps-produitsdubois\\\/\"]}]},{\"@type\":\"BreadcrumbList\",\"@id\":\"https:\\\/\\\/web.fpinnovations.ca\\\/fr\\\/ps-produitsdubois\\\/#breadcrumb\",\"itemListElement\":[{\"@type\":\"ListItem\",\"position\":1,\"name\":\"Home\",\"item\":\"https:\\\/\\\/web.fpinnovations.ca\\\/fr\\\/\"},{\"@type\":\"ListItem\",\"position\":2,\"name\":\"Produits et services : Produits du bois\"}]},{\"@type\":\"WebSite\",\"@id\":\"https:\\\/\\\/web.fpinnovations.ca\\\/fr\\\/#website\",\"url\":\"https:\\\/\\\/web.fpinnovations.ca\\\/fr\\\/\",\"name\":\"FPInnovations\",\"description\":\"\",\"potentialAction\":[{\"@type\":\"SearchAction\",\"target\":{\"@type\":\"EntryPoint\",\"urlTemplate\":\"https:\\\/\\\/web.fpinnovations.ca\\\/fr\\\/?s={search_term_string}\"},\"query-input\":{\"@type\":\"PropertyValueSpecification\",\"valueRequired\":true,\"valueName\":\"search_term_string\"}}],\"inLanguage\":\"fr-FR\"}]}<\/script>\n<!-- \/ Yoast SEO plugin. -->","yoast_head_json":{"title":"Produits et services : Produits du bois - FPInnovations","robots":{"index":"index","follow":"follow","max-snippet":"max-snippet:-1","max-image-preview":"max-image-preview:large","max-video-preview":"max-video-preview:-1"},"canonical":"https:\/\/web.fpinnovations.ca\/fr\/ps-produitsdubois\/","og_locale":"fr_FR","og_type":"article","og_title":"Produits et services : Produits du bois - FPInnovations","og_description":"[vc_row][vc_column width=\u00a0\u00bb1\/3&Prime;][vc_single_image image=\u00a0\u00bb292861&Prime; img_size=\u00a0\u00bbfull\u00a0\u00bb][\/vc_column][vc_column width=\u00a0\u00bb2\/3&Prime;][vc_column_text]Les experts des produits de bois de FPInnovations travaillent en \u00e9troite collaboration avec leurs clients pour les aider \u00e0 am\u00e9liorer leur performance et ainsi g\u00e9n\u00e9rer des r\u00e9sultats significatifs pour leur entreprise,...","og_url":"https:\/\/web.fpinnovations.ca\/fr\/ps-produitsdubois\/","og_site_name":"FPInnovations","article_modified_time":"2024-10-29T18:24:21+00:00","twitter_card":"summary_large_image","twitter_misc":{"Dur\u00e9e de lecture estim\u00e9e":"4 minutes"},"schema":{"@context":"https:\/\/schema.org","@graph":[{"@type":"WebPage","@id":"https:\/\/web.fpinnovations.ca\/fr\/ps-produitsdubois\/","url":"https:\/\/web.fpinnovations.ca\/fr\/ps-produitsdubois\/","name":"Produits et services : Produits du bois - FPInnovations","isPartOf":{"@id":"https:\/\/web.fpinnovations.ca\/fr\/#website"},"datePublished":"2022-08-31T19:58:40+00:00","dateModified":"2024-10-29T18:24:21+00:00","breadcrumb":{"@id":"https:\/\/web.fpinnovations.ca\/fr\/ps-produitsdubois\/#breadcrumb"},"inLanguage":"fr-FR","potentialAction":[{"@type":"ReadAction","target":["https:\/\/web.fpinnovations.ca\/fr\/ps-produitsdubois\/"]}]},{"@type":"BreadcrumbList","@id":"https:\/\/web.fpinnovations.ca\/fr\/ps-produitsdubois\/#breadcrumb","itemListElement":[{"@type":"ListItem","position":1,"name":"Home","item":"https:\/\/web.fpinnovations.ca\/fr\/"},{"@type":"ListItem","position":2,"name":"Produits et services : Produits du bois"}]},{"@type":"WebSite","@id":"https:\/\/web.fpinnovations.ca\/fr\/#website","url":"https:\/\/web.fpinnovations.ca\/fr\/","name":"FPInnovations","description":"","potentialAction":[{"@type":"SearchAction","target":{"@type":"EntryPoint","urlTemplate":"https:\/\/web.fpinnovations.ca\/fr\/?s={search_term_string}"},"query-input":{"@type":"PropertyValueSpecification","valueRequired":true,"valueName":"search_term_string"}}],"inLanguage":"fr-FR"}]}},"_links":{"self":[{"href":"https:\/\/web.fpinnovations.ca\/fr\/wp-json\/wp\/v2\/pages\/292186","targetHints":{"allow":["GET"]}}],"collection":[{"href":"https:\/\/web.fpinnovations.ca\/fr\/wp-json\/wp\/v2\/pages"}],"about":[{"href":"https:\/\/web.fpinnovations.ca\/fr\/wp-json\/wp\/v2\/types\/page"}],"author":[{"embeddable":true,"href":"https:\/\/web.fpinnovations.ca\/fr\/wp-json\/wp\/v2\/users\/24"}],"replies":[{"embeddable":true,"href":"https:\/\/web.fpinnovations.ca\/fr\/wp-json\/wp\/v2\/comments?post=292186"}],"version-history":[{"count":5,"href":"https:\/\/web.fpinnovations.ca\/fr\/wp-json\/wp\/v2\/pages\/292186\/revisions"}],"predecessor-version":[{"id":301569,"href":"https:\/\/web.fpinnovations.ca\/fr\/wp-json\/wp\/v2\/pages\/292186\/revisions\/301569"}],"wp:attachment":[{"href":"https:\/\/web.fpinnovations.ca\/fr\/wp-json\/wp\/v2\/media?parent=292186"}],"curies":[{"name":"wp","href":"https:\/\/api.w.org\/{rel}","templated":true}]}}