{"id":291400,"date":"2022-04-13T12:45:42","date_gmt":"2022-04-13T16:45:42","guid":{"rendered":"https:\/\/web.fpinnovations.ca\/?page_id=291400"},"modified":"2022-10-19T14:25:08","modified_gmt":"2022-10-19T18:25:08","slug":"tallwood","status":"publish","type":"page","link":"https:\/\/web.fpinnovations.ca\/fr\/tallwood\/","title":{"rendered":"Guide technique pour la conception et la construction de b\u00e2timents en bois de grande hauteur au Canada"},"content":{"rendered":"<div class=\"wpb-content-wrapper\"><p>[vc_row full_width=\u00a0\u00bbstretch_row_content\u00a0\u00bb][vc_column][vc_btn title=\u00a0\u00bbConsult the English version of this page\u00a0\u00bb style=\u00a0\u00bbflat\u00a0\u00bb shape=\u00a0\u00bbround\u00a0\u00bb size=\u00a0\u00bbsm\u00a0\u00bb align=\u00a0\u00bbright\u00a0\u00bb css_animation=\u00a0\u00bbfadeIn\u00a0\u00bb link=\u00a0\u00bburl:https%3A%2F%2Fweb.fpinnovations.ca%2Ffr%2Fpublications%2Fclt-2%2F|\u00a0\u00bb][\/vc_column][\/vc_row][vc_row][vc_column][vc_custom_heading text=\u00a0\u00bbGuide technique pour la conception et la construction de b\u00e2timents en bois de grande hauteur au Canada\u00a0\u00bb font_container=\u00a0\u00bbtag:h1|font_size:66px|text_align:left|line_height:1.1&Prime; use_theme_fonts=\u00a0\u00bbyes\u00a0\u00bb css=\u00a0\u00bb.vc_custom_1648645388024{margin-bottom: 30px !important;padding-bottom: 0px !important;}\u00a0\u00bb][vc_custom_heading text=\u00a0\u00bb\u00c9dition 2022 mise \u00e0 jour\u00a0\u00bb font_container=\u00a0\u00bbtag:p|font_size:40px|text_align:left|line_height:1.1&Prime; google_fonts=\u00a0\u00bbfont_family:Montserrat%20UltraLight%3Aregular|font_style:400%20regular%3A400%3Anormal\u00a0\u00bb css=\u00a0\u00bb.vc_custom_1645117336392{padding-top: 0px !important;}\u00a0\u00bb][vc_btn title=\u00a0\u00bb<strong>ACHETER LA VERSION IMPRIM\u00c9E<\/strong>\u00a0\u00bb style=\u00a0\u00bbflat\u00a0\u00bb shape=\u00a0\u00bbround\u00a0\u00bb color=\u00a0\u00bbgreen\u00a0\u00bb size=\u00a0\u00bblg\u00a0\u00bb link=\u00a0\u00bburl:https%3A%2F%2Fwww.amazon.ca%2Fdp%2F0864886144%2Fref%3Dsr_1_12%3Fqid%3D1666203557%26refinements%3Dp_27%253AFPInnovations%26s%3Dbooks%26sr%3D1-12|target:_blank\u00a0\u00bb][vc_column_text]<div class='w3eden'><!-- WPDM Link Template: Link\/Button Popup -->\n<a href='#unlock' class='wpdm-download-link wpdm-download-locked btn btn-primary btn-lg' data-package='294061'>T\u00c9L\u00c9CHARGER LE PDF GRATUITEMENT<\/a><\/div>[\/vc_column_text][\/vc_column][\/vc_row][vc_row full_width=\u00a0\u00bbstretch_row_content\u00a0\u00bb parallax=\u00a0\u00bbcontent-moving\u00a0\u00bb parallax_image=\u00a0\u00bb32658&Prime; css=\u00a0\u00bb.vc_custom_1645209860487{padding-top: 50px !important;padding-bottom: 50px !important;background-position: 0 0;background-repeat:-repeat;}\u00a0\u00bb][vc_column][vc_row_inner][vc_column_inner width=\u00a0\u00bb1\/2&Prime; css=\u00a0\u00bb.vc_custom_1581971538620{margin-left: 100px !important;padding-right: 25px !important;padding-left: 25px !important;background-color: rgba(0,0,0,0.58) !important;*background-color: rgb(0,0,0) !important;}\u00a0\u00bb][vc_custom_heading text=\u00a0\u00bb\u00a0\u00bb font_container=\u00a0\u00bbtag:p|font_size:30px|text_align:left|color:%23ffffff|line_height:1.2&Prime; google_fonts=\u00a0\u00bbfont_family:Montserrat%20UltraLight%3Aregular|font_style:400%20regular%3A400%3Anormal\u00a0\u00bb css=\u00a0\u00bb.vc_custom_1645208340995{padding-top: 0px !important;}\u00a0\u00bb][vc_custom_heading text=\u00a0\u00bbLe guide indispensable pour la conception et la construction de b\u00e2timents en bois de grande hauteur a \u00e9t\u00e9 mis \u00e0 jour pour tenir compte des changements apport\u00e9s aux codes et normes nationaux. Il s&rsquo;appuie sur les syst\u00e8mes gravitaires en bois massif de 12 \u00e9tages comme solution acceptable dans l&rsquo;\u00e9dition 2020 du Code national du b\u00e2timent, et vise \u00e0 soutenir les solutions de rechange qui permettront d&rsquo;utiliser le bois au-del\u00e0 de 12 \u00e9tages.\u00a0\u00bb font_container=\u00a0\u00bbtag:p|font_size:30px|text_align:left|color:%23ffffff|line_height:1.2&Prime; google_fonts=\u00a0\u00bbfont_family:Montserrat%20UltraLight%3Aregular|font_style:400%20regular%3A400%3Anormal\u00a0\u00bb css=\u00a0\u00bb.vc_custom_1647435293557{padding-top: 0px !important;}\u00a0\u00bb][\/vc_column_inner][vc_column_inner width=\u00a0\u00bb1\/2&Prime;][\/vc_column_inner][\/vc_row_inner][\/vc_column][\/vc_row][vc_row][vc_column][vc_column_text]Cette deuxi\u00e8me \u00e9dition du guide remplace la premi\u00e8re \u00e9dition de 2014, d\u00e9velopp\u00e9e \u00e0 partir de l\u2019Initiative de d\u00e9monstration de b\u00e2timents en bois de grande hauteur (IDBBGH) de Ressources naturelles Canada. Ce guide multidisciplinaire, r\u00e9vis\u00e9 par des pairs, <span class=\"TextRun SCXW70754687 BCX0\" lang=\"FR-CA\" xml:lang=\"FR-CA\" data-contrast=\"auto\"><span class=\"NormalTextRun SCXW70754687 BCX0\">a <\/span><\/span><span class=\"TextRun SCXW70754687 BCX0\" lang=\"FR-CA\" xml:lang=\"FR-CA\" data-contrast=\"auto\"><span class=\"NormalTextRun SCXW70754687 BCX0\">\u00e9t\u00e9 reconnu<\/span><\/span><span class=\"TextRun SCXW70754687 BCX0\" lang=\"FR-CA\" xml:lang=\"FR-CA\" data-contrast=\"auto\"><span class=\"NormalTextRun SCXW70754687 BCX0\"> \u00e0 l\u2019\u00e9chelle <\/span><\/span><span class=\"TextRun SCXW70754687 BCX0\" lang=\"FR-CA\" xml:lang=\"FR-CA\" data-contrast=\"auto\"><span class=\"NormalTextRun SCXW70754687 BCX0\">nationale et mondiale comme l&rsquo;un des documents les plus cr\u00e9dibles ayant introduit <\/span><span class=\"NormalTextRun SCXW70754687 BCX0\">les termes <\/span><span class=\"NormalTextRun SCXW70754687 BCX0\">\u00ab\u202f<\/span><span class=\"NormalTextRun SCXW70754687 BCX0\">construction <\/span><span class=\"NormalTextRun SCXW70754687 BCX0\">massive <\/span><span class=\"NormalTextRun SCXW70754687 BCX0\">en bois<\/span><span class=\"NormalTextRun SCXW70754687 BCX0\">\u202f\u00bb<\/span><span class=\"NormalTextRun SCXW70754687 BCX0\"> et <\/span><span class=\"NormalTextRun SCXW70754687 BCX0\">\u00ab\u202f<\/span><span class=\"NormalTextRun SCXW70754687 BCX0\">b\u00e2timents hybrides en bois de grande hauteur<\/span><span class=\"NormalTextRun SCXW70754687 BCX0\">\u202f\u00bb<\/span><span class=\"NormalTextRun SCXW70754687 BCX0\"> aupr\u00e8s de la communaut\u00e9 de <\/span><span class=\"NormalTextRun SCXW70754687 BCX0\">la <\/span><span class=\"NormalTextRun SCXW70754687 BCX0\">conception et de <\/span><span class=\"NormalTextRun SCXW70754687 BCX0\">la <\/span><span class=\"NormalTextRun SCXW70754687 BCX0\">construction et des autorit\u00e9s comp\u00e9tentes<\/span><span class=\"NormalTextRun SCXW70754687 BCX0\">.<\/span><\/span><span class=\"EOP SCXW70754687 BCX0\" data-ccp-props=\"{&quot;201341983&quot;:0,&quot;335559739&quot;:200,&quot;335559740&quot;:276}\">\u00a0<\/span><\/p>\n<p>Ce guide mis \u00e0 jour\u00a0<span class=\"TextRun SCXW223249887 BCX0\" lang=\"FR-CA\" xml:lang=\"FR-CA\" data-contrast=\"auto\"><span class=\"NormalTextRun SCXW223249887 BCX0\">rassemble, <\/span><span class=\"NormalTextRun SCXW223249887 BCX0\">dans <\/span><span class=\"FindHit SCXW223249887 BCX0\">un <\/span><span class=\"FindHit SCXW223249887 BCX0\">seul<\/span> <span class=\"NormalTextRun SCXW223249887 BCX0\">document<\/span><span class=\"NormalTextRun SCXW223249887 BCX0\">, l&rsquo;exp\u00e9rience acquise dans le cadre de projets de b\u00e2timents en bois de grande hauteur r\u00e9cemment construits, les points saillants des codes et normes de construction les plus r\u00e9cents et les r\u00e9sultats de la recherche<\/span><span class=\"NormalTextRun SCXW223249887 BCX0\"> afin d&rsquo;obtenir les meilleures performances environnementales, structurales, de s\u00e9curit\u00e9 incendie et de durabilit\u00e9 des syst\u00e8mes et produits en bois, y compris les avantages pour la sant\u00e9.<\/span><\/span>[\/vc_column_text][\/vc_column][\/vc_row][vc_row full_width=\u00a0\u00bbstretch_row_content_no_spaces\u00a0\u00bb content_placement=\u00a0\u00bbmiddle\u00a0\u00bb][vc_column width=\u00a0\u00bb1\/2&Prime; css=\u00a0\u00bb.vc_custom_1648494658882{padding-top: 200px !important;padding-bottom: 200px !important;background-position: center !important;background-repeat: no-repeat !important;background-size: contain !important;}\u00a0\u00bb]<div class=\"gem-video gem-wrapbox gem-wrapbox-style-2 rounded-corners gem-wrapbox-position-below\" style=\"width: 100%;\"><div class=\"gem-wrapbox-inner video-block gem-ratio-style\" style=\"padding-top: 56.25%\"><video width=\"100%\" height=\"100%\" controls=\"controls\" src=\"https:\/\/web.fpinnovations.ca\/wp-content\/uploads\/Presentation_Guide_construction_grande_hauteur__720p.mp4\"  preload=\"none\"><\/video><\/div><\/div>[\/vc_column][vc_column width=\u00a0\u00bb1\/2&Prime; css=\u00a0\u00bb.vc_custom_1581970996020{padding-left: 25px !important;}\u00a0\u00bb][vc_custom_heading text=\u00a0\u00bbProcurez-vous votre exemplaire d\u00e8s maintenant\u00a0\u00bb font_container=\u00a0\u00bbtag:p|font_size:40px|text_align:left|line_height:1.1&Prime; google_fonts=\u00a0\u00bbfont_family:Montserrat%3Aregular%2C700|font_style:700%20bold%20regular%3A700%3Anormal\u00a0\u00bb css=\u00a0\u00bb.vc_custom_1581969424914{padding-top: 0px !important;}\u00a0\u00bb][vc_btn title=\u00a0\u00bb<strong>ACHETER LA VERSION IMPRIM\u00c9E<\/strong>\u00a0\u00bb style=\u00a0\u00bbflat\u00a0\u00bb shape=\u00a0\u00bbround\u00a0\u00bb color=\u00a0\u00bbgreen\u00a0\u00bb size=\u00a0\u00bblg\u00a0\u00bb link=\u00a0\u00bburl:https%3A%2F%2Fwww.amazon.ca%2Fdp%2F0864886144%2Fref%3Dsr_1_12%3Fqid%3D1666203557%26refinements%3Dp_27%253AFPInnovations%26s%3Dbooks%26sr%3D1-12|target:_blank\u00a0\u00bb][vc_column_text]<div class='w3eden'><!-- WPDM Link Template: Link\/Button Popup -->\n<a href='#unlock' class='wpdm-download-link wpdm-download-locked btn btn-primary btn-lg' data-package='294061'>T\u00c9L\u00c9CHARGER LE PDF GRATUITEMENT<\/a><\/div>[\/vc_column_text][\/vc_column][\/vc_row][vc_row full_width=\u00a0\u00bbstretch_row_content\u00a0\u00bb equal_height=\u00a0\u00bbyes\u00a0\u00bb content_placement=\u00a0\u00bbmiddle\u00a0\u00bb][vc_column]<div class=\"gem-textbox \"  ><div class=\"gem-textbox-inner\" style=\"\"><div class=\"gem-textbox-content\" style=\"background-color: #f4f6f7;background-repeat: no-repeat; background-size: cover;background-position: center top;\">[vc_row_inner equal_height=\u00a0\u00bbyes\u00a0\u00bb content_placement=\u00a0\u00bbmiddle\u00a0\u00bb el_id=\u00a0\u00bb#impact\u00a0\u00bb css=\u00a0\u00bb.vc_custom_1581603413976{padding-top: 100px !important;}\u00a0\u00bb][vc_column_inner][vc_custom_heading text=\u00a0\u00bbTous les chapitres de l&rsquo;\u00e9dition 2014 ont \u00e9t\u00e9 r\u00e9vis\u00e9s et mis \u00e0 jour selon les plus r\u00e9centes modifications aux codes et recherches et sont conformes aux r\u00e9centes versions du Code national du b\u00e2timent du Canada 2020, de la norme CSA O86-19 et du Wood Design Manual 2020 du Conseil canadien du bois.\u00a0\u00bb font_container=\u00a0\u00bbtag:p|font_size:36px|text_align:center|line_height:1.1&Prime; google_fonts=\u00a0\u00bbfont_family:Montserrat%20UltraLight%3Aregular|font_style:400%20regular%3A400%3Anormal\u00a0\u00bb css=\u00a0\u00bb.vc_custom_1648568665902{padding-top: 0px !important;}\u00a0\u00bb][vc_empty_space][\/vc_column_inner][\/vc_row_inner]<\/div><\/div><\/div>[\/vc_column][\/vc_row][vc_row][vc_column width=\u00a0\u00bb1\/2&Prime;][vc_column_text]<\/p>\n<ul>\n<li>Chapitre 1 : Introduction<\/li>\n<li>Chapitre 2 : Le b\u00e2timent en tant que syst\u00e8me<\/li>\n<li>Chapitre 3 : Co\u00fbt et valeur<\/li>\n<li>Chapitre 4 : Durabilit\u00e9<\/li>\n<li>Chapitre 5 : Performance structurale et tenue en service (incluant les sections Conception technique, Facteurs de conception et param\u00e8tres de d\u00e9part pour les syst\u00e8mes de connexion et d\u2019assemblage, Analyse et conception de la structure et Contr\u00f4le de l&rsquo;isolation sonore et des vibrations de plancher des b\u00e2timents)<\/li>\n<li>Chapitre 6 : S\u00e9curit\u00e9 et protection incendie<\/li>\n<li>Chapitre 7 : Conception de l&rsquo;enveloppe du b\u00e2timent<\/li>\n<li>Chapitre 8 : Ex\u00e9cution du projet \u2013 Consid\u00e9rations relatives \u00e0 la conception, \u00e0 la pr\u00e9fabrication et \u00e0 la construction<\/li>\n<li>Chapitre 9 : Surveillance et entretien<\/li>\n<\/ul>\n<p>[\/vc_column_text][\/vc_column][vc_column width=\u00a0\u00bb1\/2&Prime;][vc_single_image image=\u00a0\u00bb291076&Prime; img_size=\u00a0\u00bbfull\u00a0\u00bb][\/vc_column][\/vc_row][vc_row css=\u00a0\u00bb.vc_custom_1581972047471{padding-top: 70px !important;padding-bottom: 35px !important;}\u00a0\u00bb][vc_column][vc_custom_heading text=\u00a0\u00bbConstruire en bois : consultez la biblioth\u00e8que des guides de FPInnovations\u00a0\u00bb font_container=\u00a0\u00bbtag:p|font_size:40px|text_align:center|line_height:1.1&Prime; google_fonts=\u00a0\u00bbfont_family:Montserrat%20UltraLight%3Aregular|font_style:400%20regular%3A400%3Anormal\u00a0\u00bb css=\u00a0\u00bb.vc_custom_1645211050022{padding-top: 0px !important;}\u00a0\u00bb][vc_row_inner][vc_column_inner width=\u00a0\u00bb1\/3&Prime;][vc_images_carousel images=\u00a0\u00bb287858,286965,286967,286963,286964,286966&Prime; img_size=\u00a0\u00bbmedium\u00a0\u00bb autoplay=\u00a0\u00bbyes\u00a0\u00bb][\/vc_column_inner][vc_column_inner width=\u00a0\u00bb1\/3&Prime;][vc_custom_heading text=\u00a0\u00bbConsultez ces ressources sur la construction de b\u00e2timents en bois\u00a0\u00bb font_container=\u00a0\u00bbtag:p|font_size:20px|text_align:left|line_height:1.5&Prime; google_fonts=\u00a0\u00bbfont_family:Montserrat%20UltraLight%3Aregular|font_style:400%20regular%3A400%3Anormal\u00a0\u00bb css=\u00a0\u00bb.vc_custom_1647269312527{padding-top: 0px !important;}\u00a0\u00bb][vc_custom_heading text=\u00a0\u00bbFPInnovations offre de nombreuses ressources pour les professionnels des secteurs de la construction en bois. Visitez notre biblioth\u00e8que de publications pour d&rsquo;autres options.\u00a0\u00bb font_container=\u00a0\u00bbtag:p|font_size:20px|text_align:left|line_height:1.5&Prime; google_fonts=\u00a0\u00bbfont_family:Montserrat%20UltraLight%3Aregular|font_style:400%20regular%3A400%3Anormal\u00a0\u00bb css=\u00a0\u00bb.vc_custom_1647269117316{padding-top: 0px !important;}\u00a0\u00bb][\/vc_column_inner][vc_column_inner width=\u00a0\u00bb1\/3&Prime;][vc_btn title=\u00a0\u00bb<strong>Visitez notre biblioth\u00e8que de guides<\/strong>\u00a0\u00bb style=\u00a0\u00bbflat\u00a0\u00bb shape=\u00a0\u00bbround\u00a0\u00bb color=\u00a0\u00bbgreen\u00a0\u00bb size=\u00a0\u00bblg\u00a0\u00bb link=\u00a0\u00bburl:https%3A%2F%2Fweb.fpinnovations.ca%2Ffr%2Fressources-de-fpinnovations-pour-la-construction-de-batiments-en-bois%2F|target:_blank\u00a0\u00bb][vc_column_text]<div class='w3eden'><!-- WPDM Link Template: Link\/Button Popup -->\n<a href='#unlock' class='wpdm-download-link wpdm-download-locked btn btn-primary btn-lg' data-package='294061'>T\u00c9L\u00c9CHARGER LE PDF GRATUITEMENT<\/a><\/div>[\/vc_column_text][\/vc_column_inner][\/vc_row_inner][\/vc_column][\/vc_row]<\/p>\n<\/div>","protected":false},"excerpt":{"rendered":"<p>[vc_row full_width=\u00a0\u00bbstretch_row_content\u00a0\u00bb][vc_column][vc_btn title=\u00a0\u00bbConsult the English version of this page\u00a0\u00bb style=\u00a0\u00bbflat\u00a0\u00bb shape=\u00a0\u00bbround\u00a0\u00bb size=\u00a0\u00bbsm\u00a0\u00bb align=\u00a0\u00bbright\u00a0\u00bb css_animation=\u00a0\u00bbfadeIn\u00a0\u00bb link=\u00a0\u00bburl:https%3A%2F%2Fweb.fpinnovations.ca%2Ffr%2Fpublications%2Fclt-2%2F|\u00a0\u00bb][\/vc_column][\/vc_row][vc_row][vc_column][vc_custom_heading text=\u00a0\u00bbGuide technique pour la conception et la construction de b\u00e2timents en bois de grande hauteur au Canada\u00a0\u00bb font_container=\u00a0\u00bbtag:h1|font_size:66px|text_align:left|line_height:1.1&Prime; use_theme_fonts=\u00a0\u00bbyes\u00a0\u00bb css=\u00a0\u00bb.vc_custom_1648645388024{margin-bottom:&#8230;<\/p>\n","protected":false},"author":24,"featured_media":0,"parent":0,"menu_order":0,"comment_status":"closed","ping_status":"closed","template":"","meta":{"_acf_changed":false,"footnotes":""},"class_list":["post-291400","page","type-page","status-publish"],"acf":[],"yoast_head":"<!-- This site is optimized with the Yoast SEO plugin v27.4 - https:\/\/yoast.com\/product\/yoast-seo-wordpress\/ -->\n<title>Guide technique pour la conception et la construction de b\u00e2timents en bois de grande hauteur au Canada - FPInnovations<\/title>\n<meta name=\"robots\" content=\"index, follow, max-snippet:-1, max-image-preview:large, max-video-preview:-1\" \/>\n<link rel=\"canonical\" href=\"https:\/\/web.fpinnovations.ca\/fr\/tallwood\/\" \/>\n<meta property=\"og:locale\" content=\"fr_FR\" \/>\n<meta property=\"og:type\" content=\"article\" \/>\n<meta property=\"og:title\" content=\"Guide technique pour la conception et la construction de b\u00e2timents en bois de grande hauteur au Canada - FPInnovations\" \/>\n<meta property=\"og:description\" content=\"[vc_row full_width=\u00a0\u00bbstretch_row_content\u00a0\u00bb][vc_column][vc_btn title=\u00a0\u00bbConsult the English version of this page\u00a0\u00bb style=\u00a0\u00bbflat\u00a0\u00bb shape=\u00a0\u00bbround\u00a0\u00bb size=\u00a0\u00bbsm\u00a0\u00bb align=\u00a0\u00bbright\u00a0\u00bb css_animation=\u00a0\u00bbfadeIn\u00a0\u00bb link=\u00a0\u00bburl:https%3A%2F%2Fweb.fpinnovations.ca%2Ffr%2Fpublications%2Fclt-2%2F|\u00a0\u00bb][\/vc_column][\/vc_row][vc_row][vc_column][vc_custom_heading text=\u00a0\u00bbGuide technique pour la conception et la construction de b\u00e2timents en bois de grande hauteur au Canada\u00a0\u00bb font_container=\u00a0\u00bbtag:h1|font_size:66px|text_align:left|line_height:1.1&Prime; use_theme_fonts=\u00a0\u00bbyes\u00a0\u00bb css=\u00a0\u00bb.vc_custom_1648645388024{margin-bottom:...\" \/>\n<meta property=\"og:url\" content=\"https:\/\/web.fpinnovations.ca\/fr\/tallwood\/\" \/>\n<meta property=\"og:site_name\" content=\"FPInnovations\" \/>\n<meta property=\"article:modified_time\" content=\"2022-10-19T18:25:08+00:00\" \/>\n<meta name=\"twitter:card\" content=\"summary_large_image\" \/>\n<meta name=\"twitter:label1\" content=\"Dur\u00e9e de lecture estim\u00e9e\" \/>\n\t<meta name=\"twitter:data1\" content=\"3 minutes\" \/>\n<script type=\"application\/ld+json\" class=\"yoast-schema-graph\">{\"@context\":\"https:\\\/\\\/schema.org\",\"@graph\":[{\"@type\":\"WebPage\",\"@id\":\"https:\\\/\\\/web.fpinnovations.ca\\\/fr\\\/tallwood\\\/\",\"url\":\"https:\\\/\\\/web.fpinnovations.ca\\\/fr\\\/tallwood\\\/\",\"name\":\"Guide technique pour la conception et la construction de b\u00e2timents en bois de grande hauteur au Canada - FPInnovations\",\"isPartOf\":{\"@id\":\"https:\\\/\\\/web.fpinnovations.ca\\\/fr\\\/#website\"},\"datePublished\":\"2022-04-13T16:45:42+00:00\",\"dateModified\":\"2022-10-19T18:25:08+00:00\",\"breadcrumb\":{\"@id\":\"https:\\\/\\\/web.fpinnovations.ca\\\/fr\\\/tallwood\\\/#breadcrumb\"},\"inLanguage\":\"fr-FR\",\"potentialAction\":[{\"@type\":\"ReadAction\",\"target\":[\"https:\\\/\\\/web.fpinnovations.ca\\\/fr\\\/tallwood\\\/\"]}]},{\"@type\":\"BreadcrumbList\",\"@id\":\"https:\\\/\\\/web.fpinnovations.ca\\\/fr\\\/tallwood\\\/#breadcrumb\",\"itemListElement\":[{\"@type\":\"ListItem\",\"position\":1,\"name\":\"Home\",\"item\":\"https:\\\/\\\/web.fpinnovations.ca\\\/fr\\\/\"},{\"@type\":\"ListItem\",\"position\":2,\"name\":\"Guide technique pour la conception et la construction de b\u00e2timents en bois de grande hauteur au Canada\"}]},{\"@type\":\"WebSite\",\"@id\":\"https:\\\/\\\/web.fpinnovations.ca\\\/fr\\\/#website\",\"url\":\"https:\\\/\\\/web.fpinnovations.ca\\\/fr\\\/\",\"name\":\"FPInnovations\",\"description\":\"\",\"potentialAction\":[{\"@type\":\"SearchAction\",\"target\":{\"@type\":\"EntryPoint\",\"urlTemplate\":\"https:\\\/\\\/web.fpinnovations.ca\\\/fr\\\/?s={search_term_string}\"},\"query-input\":{\"@type\":\"PropertyValueSpecification\",\"valueRequired\":true,\"valueName\":\"search_term_string\"}}],\"inLanguage\":\"fr-FR\"}]}<\/script>\n<!-- \/ Yoast SEO plugin. -->","yoast_head_json":{"title":"Guide technique pour la conception et la construction de b\u00e2timents en bois de grande hauteur au Canada - FPInnovations","robots":{"index":"index","follow":"follow","max-snippet":"max-snippet:-1","max-image-preview":"max-image-preview:large","max-video-preview":"max-video-preview:-1"},"canonical":"https:\/\/web.fpinnovations.ca\/fr\/tallwood\/","og_locale":"fr_FR","og_type":"article","og_title":"Guide technique pour la conception et la construction de b\u00e2timents en bois de grande hauteur au Canada - FPInnovations","og_description":"[vc_row full_width=\u00a0\u00bbstretch_row_content\u00a0\u00bb][vc_column][vc_btn title=\u00a0\u00bbConsult the English version of this page\u00a0\u00bb style=\u00a0\u00bbflat\u00a0\u00bb shape=\u00a0\u00bbround\u00a0\u00bb size=\u00a0\u00bbsm\u00a0\u00bb align=\u00a0\u00bbright\u00a0\u00bb css_animation=\u00a0\u00bbfadeIn\u00a0\u00bb link=\u00a0\u00bburl:https%3A%2F%2Fweb.fpinnovations.ca%2Ffr%2Fpublications%2Fclt-2%2F|\u00a0\u00bb][\/vc_column][\/vc_row][vc_row][vc_column][vc_custom_heading text=\u00a0\u00bbGuide technique pour la conception et la construction de b\u00e2timents en bois de grande hauteur au Canada\u00a0\u00bb font_container=\u00a0\u00bbtag:h1|font_size:66px|text_align:left|line_height:1.1&Prime; use_theme_fonts=\u00a0\u00bbyes\u00a0\u00bb css=\u00a0\u00bb.vc_custom_1648645388024{margin-bottom:...","og_url":"https:\/\/web.fpinnovations.ca\/fr\/tallwood\/","og_site_name":"FPInnovations","article_modified_time":"2022-10-19T18:25:08+00:00","twitter_card":"summary_large_image","twitter_misc":{"Dur\u00e9e de lecture estim\u00e9e":"3 minutes"},"schema":{"@context":"https:\/\/schema.org","@graph":[{"@type":"WebPage","@id":"https:\/\/web.fpinnovations.ca\/fr\/tallwood\/","url":"https:\/\/web.fpinnovations.ca\/fr\/tallwood\/","name":"Guide technique pour la conception et la construction de b\u00e2timents en bois de grande hauteur au Canada - FPInnovations","isPartOf":{"@id":"https:\/\/web.fpinnovations.ca\/fr\/#website"},"datePublished":"2022-04-13T16:45:42+00:00","dateModified":"2022-10-19T18:25:08+00:00","breadcrumb":{"@id":"https:\/\/web.fpinnovations.ca\/fr\/tallwood\/#breadcrumb"},"inLanguage":"fr-FR","potentialAction":[{"@type":"ReadAction","target":["https:\/\/web.fpinnovations.ca\/fr\/tallwood\/"]}]},{"@type":"BreadcrumbList","@id":"https:\/\/web.fpinnovations.ca\/fr\/tallwood\/#breadcrumb","itemListElement":[{"@type":"ListItem","position":1,"name":"Home","item":"https:\/\/web.fpinnovations.ca\/fr\/"},{"@type":"ListItem","position":2,"name":"Guide technique pour la conception et la construction de b\u00e2timents en bois de grande hauteur au Canada"}]},{"@type":"WebSite","@id":"https:\/\/web.fpinnovations.ca\/fr\/#website","url":"https:\/\/web.fpinnovations.ca\/fr\/","name":"FPInnovations","description":"","potentialAction":[{"@type":"SearchAction","target":{"@type":"EntryPoint","urlTemplate":"https:\/\/web.fpinnovations.ca\/fr\/?s={search_term_string}"},"query-input":{"@type":"PropertyValueSpecification","valueRequired":true,"valueName":"search_term_string"}}],"inLanguage":"fr-FR"}]}},"_links":{"self":[{"href":"https:\/\/web.fpinnovations.ca\/fr\/wp-json\/wp\/v2\/pages\/291400","targetHints":{"allow":["GET"]}}],"collection":[{"href":"https:\/\/web.fpinnovations.ca\/fr\/wp-json\/wp\/v2\/pages"}],"about":[{"href":"https:\/\/web.fpinnovations.ca\/fr\/wp-json\/wp\/v2\/types\/page"}],"author":[{"embeddable":true,"href":"https:\/\/web.fpinnovations.ca\/fr\/wp-json\/wp\/v2\/users\/24"}],"replies":[{"embeddable":true,"href":"https:\/\/web.fpinnovations.ca\/fr\/wp-json\/wp\/v2\/comments?post=291400"}],"version-history":[{"count":5,"href":"https:\/\/web.fpinnovations.ca\/fr\/wp-json\/wp\/v2\/pages\/291400\/revisions"}],"predecessor-version":[{"id":294069,"href":"https:\/\/web.fpinnovations.ca\/fr\/wp-json\/wp\/v2\/pages\/291400\/revisions\/294069"}],"wp:attachment":[{"href":"https:\/\/web.fpinnovations.ca\/fr\/wp-json\/wp\/v2\/media?parent=291400"}],"curies":[{"name":"wp","href":"https:\/\/api.w.org\/{rel}","templated":true}]}}