{"id":288532,"date":"2021-02-15T16:15:08","date_gmt":"2021-02-15T21:15:08","guid":{"rendered":"https:\/\/web.fpinnovations.ca\/?page_id=288532"},"modified":"2024-09-27T14:05:59","modified_gmt":"2024-09-27T18:05:59","slug":"essais-accredites-par-le-conseil-canadien-des-normes","status":"publish","type":"page","link":"https:\/\/web.fpinnovations.ca\/fr\/essais-accredites-par-le-conseil-canadien-des-normes\/","title":{"rendered":"Essais accr\u00e9dit\u00e9s par le Conseil canadien des normes"},"content":{"rendered":"<div class=\"wpb-content-wrapper\"><p>[vc_row][vc_column][vc_column_text]<\/p>\n<div class=\"wpb_text_column wpb_content_element \">\n<div class=\"wpb_wrapper\">\n<h2 class=\"vc_custom_heading\">Essais accr\u00e9dit\u00e9s par le Conseil canadien des normes<\/h2>\n<div class=\"wpb_text_column wpb_content_element \">\n<div class=\"wpb_wrapper\">\n<div class=\"wpb_text_column wpb_content_element \">\n<div class=\"wpb_wrapper\">\n<p>Trois de nos laboratoires sont accr\u00e9dit\u00e9s par le Conseil canadien des normes (CCN) selon la norme ISO 17025:2017 pour effectuer des essais en utilisant une grande vari\u00e9t\u00e9 de m\u00e9thodes d\u2019essai normalis\u00e9es.<\/p><\/div>\n<\/div>\n<\/div>\n<\/div>\n<\/div>\n<\/div>\n<p>[\/vc_column_text][\/vc_column][\/vc_row][vc_row][vc_column width=\u00a0\u00bb1\/4&Prime;][vc_single_image image=\u00a0\u00bb288558&Prime; img_size=\u00a0\u00bbmedium\u00a0\u00bb][\/vc_column][vc_column width=\u00a0\u00bb3\/4&Prime;][vc_column_text]<\/p>\n<div class=\"wpb_text_column wpb_content_element \">\n<div class=\"wpb_wrapper\">\n<div class=\"gem-icon-with-text gem-icon-with-text-icon-size-large\">\n<div class=\"gem-icon-with-text-content\">\n<div class=\"gem-icon-with-text-text\">\n<div class=\"wpb_text_column wpb_content_element \">\n<div class=\"wpb_wrapper\">\n<div class=\"gem-icon-with-text gem-icon-with-text-icon-size-large\">\n<div class=\"gem-icon-with-text-content\">\n<div class=\"gem-icon-with-text-text\">\n<div class=\"wpb_text_column wpb_content_element \">\n<div class=\"wpb_wrapper\">\n<p>Les laboratoires de FPInnovations sp\u00e9cialis\u00e9s en syst\u00e8mes de construction et nouveaux mat\u00e9riaux situ\u00e9s \u00e0 Qu\u00e9bec au Centre de foresterie des Laurentides et \u00e0 l\u2019Universit\u00e9 Laval offrent des essais accr\u00e9dit\u00e9s de pointe pour plus de 70 m\u00e9thodes d\u2019essais normalis\u00e9es dans les domaines des adh\u00e9sifs et des colles, des \u00e9missions de formald\u00e9hyde et de compos\u00e9s organiques volatils (COV), du bois d\u2019\u0153uvre et des produits de bois d\u2019ing\u00e9nierie, des produits de bois de masse, des panneaux, des attaches, des connexions et des assemblages structuraux dans diverses conditions de charge.<\/p><\/div>\n<\/div>\n<\/div>\n<\/div>\n<\/div>\n<\/div>\n<\/div>\n<\/div>\n<\/div>\n<\/div>\n<\/div>\n<\/div>\n<p>[\/vc_column_text][\/vc_column][\/vc_row][vc_row][vc_column width=\u00a0\u00bb1\/4&Prime;][vc_single_image image=\u00a0\u00bb298437&Prime; img_size=\u00a0\u00bbmedium\u00a0\u00bb][\/vc_column][vc_column width=\u00a0\u00bb3\/4&Prime;][vc_column_text]<\/p>\n<div class=\"wpb_text_column wpb_content_element \">\n<div class=\"wpb_wrapper\">\n<div class=\"gem-icon-with-text gem-icon-with-text-icon-size-large\">\n<div class=\"gem-icon-with-text-content\">\n<div class=\"gem-icon-with-text-text\">\n<div class=\"wpb_text_column wpb_content_element \">\n<div class=\"wpb_wrapper\">\n<div class=\"gem-icon-with-text gem-icon-with-text-icon-size-large\">\n<div class=\"gem-icon-with-text-content\">\n<div class=\"gem-icon-with-text-text\">\n<div class=\"wpb_text_column wpb_content_element \">\n<div class=\"wpb_wrapper\">\n<div class=\"gem-icon-with-text gem-icon-with-text-icon-size-large\">\n<div class=\"gem-icon-with-text-content\">\n<div class=\"gem-icon-with-text-text\">\n<div class=\"wpb_text_column wpb_content_element \">\n<div class=\"wpb_wrapper\">\n<div class=\"gem-icon-with-text gem-icon-with-text-icon-size-large\">\n<div class=\"gem-icon-with-text-content\">\n<div class=\"gem-icon-with-text-text\">\n<div class=\"wpb_text_column wpb_content_element \">\n<div class=\"wpb_wrapper\">\n<p>Les laboratoires de FPInnovations \u00e0 Pointe-Claire, au Qu\u00e9bec, fournissent des tests accr\u00e9dit\u00e9s dans le domaine de la consommation de carburant dans les transports, en plus de d\u00e9tenir l&rsquo;accr\u00e9ditation ISO\/IEC 17065 requise par Transports Canada pour tester et certifier les dispositifs de consignation \u00e9lectronique (DCE).<\/p>\n<\/div>\n<\/div>\n<\/div>\n<\/div>\n<\/div>\n<\/div>\n<\/div>\n<\/div>\n<\/div>\n<\/div>\n<\/div>\n<\/div>\n<\/div>\n<\/div>\n<\/div>\n<\/div>\n<\/div>\n<\/div>\n<\/div>\n<\/div>\n<\/div>\n<\/div>\n<p>[\/vc_column_text][\/vc_column][\/vc_row][vc_row][vc_column width=\u00a0\u00bb1\/4&Prime;][vc_single_image image=\u00a0\u00bb288556&Prime; img_size=\u00a0\u00bbmedium\u00a0\u00bb][\/vc_column][vc_column width=\u00a0\u00bb3\/4&Prime;][vc_column_text]<\/p>\n<div class=\"wpb_text_column wpb_content_element \">\n<div class=\"wpb_wrapper\">\n<div class=\"gem-icon-with-text gem-icon-with-text-icon-size-large\">\n<div class=\"gem-icon-with-text-content\">\n<div class=\"gem-icon-with-text-text\">\n<div class=\"wpb_text_column wpb_content_element \">\n<div class=\"wpb_wrapper\">\n<div class=\"gem-icon-with-text gem-icon-with-text-icon-size-large\">\n<div class=\"gem-icon-with-text-content\">\n<div class=\"gem-icon-with-text-text\">\n<div class=\"wpb_text_column wpb_content_element \">\n<div class=\"wpb_wrapper\">\n<div class=\"vc_row wpb_row vc_inner vc_row-fluid\">\n<div class=\"wpb_column vc_column_container vc_col-sm-12\">\n<div class=\"vc_column-inner \">\n<div class=\"wpb_wrapper\">\n<div class=\"gem-icon-with-text gem-icon-with-text-icon-size-large\">\n<div class=\"gem-icon-with-text-content\">\n<div class=\"gem-icon-with-text-text\">\n<div class=\"wpb_text_column wpb_content_element \">\n<div class=\"wpb_wrapper\">\n<div class=\"gem-icon-with-text gem-icon-with-text-icon-size-large\">\n<div class=\"gem-icon-with-text-content\">\n<div class=\"gem-icon-with-text-text\">\n<div class=\"wpb_text_column wpb_content_element \">\n<div class=\"wpb_wrapper\">\n<p>Le laboratoire de FPInnovations sp\u00e9cialis\u00e9 en syst\u00e8mes de construction \u00e0 Vancouver, en Colombie-Britannique, est accr\u00e9dit\u00e9 pour cinq m\u00e9thodes d\u2019essai li\u00e9es au domaine des propri\u00e9t\u00e9s du bois d\u2019\u0153uvre et des produits en bois d\u2019ing\u00e9nierie. Ce groupe de renomm\u00e9e internationale est \u00e9galement accr\u00e9dit\u00e9 pour le d\u00e9veloppement de m\u00e9thodes d\u2019essai et les essais non routiniers d\u2019une grande vari\u00e9t\u00e9 de produits en bois de masse, de fixations, d\u2019assemblages, de structures et de syst\u00e8mes structurels dans la construction \u00e0 ossature bois et en bois de masse sous l\u2019effet de la gravit\u00e9 et des charges lat\u00e9rales.<\/p><\/div>\n<\/div>\n<\/div>\n<\/div>\n<\/div>\n<\/div>\n<\/div>\n<\/div>\n<\/div>\n<\/div>\n<\/div>\n<\/div>\n<\/div>\n<\/div>\n<\/div>\n<\/div>\n<\/div>\n<\/div>\n<\/div>\n<\/div>\n<\/div>\n<\/div>\n<\/div>\n<\/div>\n<\/div>\n<\/div>\n<p>[\/vc_column_text][\/vc_column][\/vc_row][vc_row][vc_column][vc_empty_space][vc_column_text css=\u00a0\u00bb\u00a0\u00bb]<\/p>\n<div class=\"wpb_text_column wpb_content_element \">\n<div class=\"wpb_wrapper\">\n<div id=\"vc_row-602addbfbea15\" class=\"vc_row wpb_row vc_row-fluid\">\n<div class=\"wpb_column vc_column_container vc_col-sm-12\">\n<div class=\"vc_column-inner \">\n<div class=\"wpb_wrapper\">\n<div class=\"wpb_text_column wpb_content_element \">\n<div class=\"wpb_wrapper\">\n<div id=\"vc_row-602ae389249c9\" class=\"vc_row wpb_row vc_row-fluid\">\n<div class=\"wpb_column vc_column_container vc_col-sm-12\">\n<div class=\"vc_column-inner \">\n<div class=\"wpb_wrapper\">\n<div class=\"vc_row wpb_row vc_inner vc_row-fluid\">\n<div class=\"wpb_column vc_column_container vc_col-sm-12\">\n<div class=\"vc_column-inner \">\n<div class=\"wpb_wrapper\">\n<div class=\"wpb_text_column wpb_content_element \">\n<div class=\"wpb_wrapper\">\n<p>L\u2019information \u00e0 propos de nos laboratoires accr\u00e9dit\u00e9s, leurs port\u00e9es d\u2019accr\u00e9ditation (listes de tous les essais accr\u00e9dit\u00e9s), ainsi que les informations de contact sont fournis sur le site web du\u00a0<a href=\"https:\/\/scc-ccn.ca\/search\/accredited-organizations?fulltext=fpinnovations\" target=\"_blank\" rel=\"noopener\">Conseil canadien des normes<\/a>.<\/p>\n<\/div>\n<\/div>\n<\/div>\n<\/div>\n<\/div>\n<\/div>\n<\/div>\n<\/div>\n<\/div>\n<\/div>\n<\/div>\n<\/div>\n<\/div>\n<\/div>\n<\/div>\n<\/div>\n<\/div>\n<\/div>\n<p>[\/vc_column_text][\/vc_column][\/vc_row][vc_row][vc_column][vc_custom_heading text=\u00a0\u00bbComment pouvons-nous vous aider?\u00a0\u00bb font_container=\u00a0\u00bbtag:h2|text_align:center\u00a0\u00bb google_fonts=\u00a0\u00bbfont_family:Montserrat%3Aregular%2C700|font_style:700%20bold%20regular%3A700%3Anormal\u00a0\u00bb][vc_column_text]<\/p>\n<p style=\"text-align: center;\"><a href=\"mailto:solutions@fpinnovations.ca\">Contactez-nous<\/a> pour en savoir plus sur nos essais accr\u00e9dit\u00e9s par le Conseil canadien des normes.<\/p>\n<p>[\/vc_column_text][vc_btn title=\u00a0\u00bbContactez-nous\u00a0\u00bb color=\u00a0\u00bbgreen\u00a0\u00bb size=\u00a0\u00bblg\u00a0\u00bb align=\u00a0\u00bbcenter\u00a0\u00bb link=\u00a0\u00bburl:mailto%3Asolutions%40fpinnovations.ca\u00a0\u00bb][\/vc_column][\/vc_row]<\/p>\n<\/div>","protected":false},"excerpt":{"rendered":"<p>[vc_row][vc_column][vc_column_text] Essais accr\u00e9dit\u00e9s par le Conseil canadien des normes Trois de nos laboratoires sont accr\u00e9dit\u00e9s par le Conseil canadien des normes (CCN) selon la norme ISO 17025:2017 pour effectuer des essais en utilisant une grande&#8230;<\/p>\n","protected":false},"author":1,"featured_media":0,"parent":0,"menu_order":0,"comment_status":"closed","ping_status":"closed","template":"","meta":{"_acf_changed":false,"footnotes":""},"class_list":["post-288532","page","type-page","status-publish"],"acf":[],"yoast_head":"<!-- This site is optimized with the Yoast SEO plugin v27.4 - https:\/\/yoast.com\/product\/yoast-seo-wordpress\/ -->\n<title>Essais accr\u00e9dit\u00e9s par le Conseil canadien des normes - FPInnovations<\/title>\n<meta name=\"robots\" content=\"index, follow, max-snippet:-1, max-image-preview:large, max-video-preview:-1\" \/>\n<link rel=\"canonical\" href=\"https:\/\/web.fpinnovations.ca\/fr\/essais-accredites-par-le-conseil-canadien-des-normes\/\" \/>\n<meta property=\"og:locale\" content=\"fr_FR\" \/>\n<meta property=\"og:type\" content=\"article\" \/>\n<meta property=\"og:title\" content=\"Essais accr\u00e9dit\u00e9s par le Conseil canadien des normes - FPInnovations\" \/>\n<meta property=\"og:description\" content=\"[vc_row][vc_column][vc_column_text] Essais accr\u00e9dit\u00e9s par le Conseil canadien des normes Trois de nos laboratoires sont accr\u00e9dit\u00e9s par le Conseil canadien des normes (CCN) selon la norme ISO 17025:2017 pour effectuer des essais en utilisant une grande...\" \/>\n<meta property=\"og:url\" content=\"https:\/\/web.fpinnovations.ca\/fr\/essais-accredites-par-le-conseil-canadien-des-normes\/\" \/>\n<meta property=\"og:site_name\" content=\"FPInnovations\" \/>\n<meta property=\"article:modified_time\" content=\"2024-09-27T18:05:59+00:00\" \/>\n<meta name=\"twitter:card\" content=\"summary_large_image\" \/>\n<meta name=\"twitter:label1\" content=\"Dur\u00e9e de lecture estim\u00e9e\" \/>\n\t<meta name=\"twitter:data1\" content=\"2 minutes\" \/>\n<script type=\"application\/ld+json\" class=\"yoast-schema-graph\">{\"@context\":\"https:\\\/\\\/schema.org\",\"@graph\":[{\"@type\":\"WebPage\",\"@id\":\"https:\\\/\\\/web.fpinnovations.ca\\\/fr\\\/essais-accredites-par-le-conseil-canadien-des-normes\\\/\",\"url\":\"https:\\\/\\\/web.fpinnovations.ca\\\/fr\\\/essais-accredites-par-le-conseil-canadien-des-normes\\\/\",\"name\":\"Essais accr\u00e9dit\u00e9s par le Conseil canadien des normes - FPInnovations\",\"isPartOf\":{\"@id\":\"https:\\\/\\\/web.fpinnovations.ca\\\/fr\\\/#website\"},\"datePublished\":\"2021-02-15T21:15:08+00:00\",\"dateModified\":\"2024-09-27T18:05:59+00:00\",\"breadcrumb\":{\"@id\":\"https:\\\/\\\/web.fpinnovations.ca\\\/fr\\\/essais-accredites-par-le-conseil-canadien-des-normes\\\/#breadcrumb\"},\"inLanguage\":\"fr-FR\",\"potentialAction\":[{\"@type\":\"ReadAction\",\"target\":[\"https:\\\/\\\/web.fpinnovations.ca\\\/fr\\\/essais-accredites-par-le-conseil-canadien-des-normes\\\/\"]}]},{\"@type\":\"BreadcrumbList\",\"@id\":\"https:\\\/\\\/web.fpinnovations.ca\\\/fr\\\/essais-accredites-par-le-conseil-canadien-des-normes\\\/#breadcrumb\",\"itemListElement\":[{\"@type\":\"ListItem\",\"position\":1,\"name\":\"Home\",\"item\":\"https:\\\/\\\/web.fpinnovations.ca\\\/fr\\\/\"},{\"@type\":\"ListItem\",\"position\":2,\"name\":\"Essais accr\u00e9dit\u00e9s par le Conseil canadien des normes\"}]},{\"@type\":\"WebSite\",\"@id\":\"https:\\\/\\\/web.fpinnovations.ca\\\/fr\\\/#website\",\"url\":\"https:\\\/\\\/web.fpinnovations.ca\\\/fr\\\/\",\"name\":\"FPInnovations\",\"description\":\"\",\"potentialAction\":[{\"@type\":\"SearchAction\",\"target\":{\"@type\":\"EntryPoint\",\"urlTemplate\":\"https:\\\/\\\/web.fpinnovations.ca\\\/fr\\\/?s={search_term_string}\"},\"query-input\":{\"@type\":\"PropertyValueSpecification\",\"valueRequired\":true,\"valueName\":\"search_term_string\"}}],\"inLanguage\":\"fr-FR\"}]}<\/script>\n<!-- \/ Yoast SEO plugin. -->","yoast_head_json":{"title":"Essais accr\u00e9dit\u00e9s par le Conseil canadien des normes - FPInnovations","robots":{"index":"index","follow":"follow","max-snippet":"max-snippet:-1","max-image-preview":"max-image-preview:large","max-video-preview":"max-video-preview:-1"},"canonical":"https:\/\/web.fpinnovations.ca\/fr\/essais-accredites-par-le-conseil-canadien-des-normes\/","og_locale":"fr_FR","og_type":"article","og_title":"Essais accr\u00e9dit\u00e9s par le Conseil canadien des normes - FPInnovations","og_description":"[vc_row][vc_column][vc_column_text] Essais accr\u00e9dit\u00e9s par le Conseil canadien des normes Trois de nos laboratoires sont accr\u00e9dit\u00e9s par le Conseil canadien des normes (CCN) selon la norme ISO 17025:2017 pour effectuer des essais en utilisant une grande...","og_url":"https:\/\/web.fpinnovations.ca\/fr\/essais-accredites-par-le-conseil-canadien-des-normes\/","og_site_name":"FPInnovations","article_modified_time":"2024-09-27T18:05:59+00:00","twitter_card":"summary_large_image","twitter_misc":{"Dur\u00e9e de lecture estim\u00e9e":"2 minutes"},"schema":{"@context":"https:\/\/schema.org","@graph":[{"@type":"WebPage","@id":"https:\/\/web.fpinnovations.ca\/fr\/essais-accredites-par-le-conseil-canadien-des-normes\/","url":"https:\/\/web.fpinnovations.ca\/fr\/essais-accredites-par-le-conseil-canadien-des-normes\/","name":"Essais accr\u00e9dit\u00e9s par le Conseil canadien des normes - FPInnovations","isPartOf":{"@id":"https:\/\/web.fpinnovations.ca\/fr\/#website"},"datePublished":"2021-02-15T21:15:08+00:00","dateModified":"2024-09-27T18:05:59+00:00","breadcrumb":{"@id":"https:\/\/web.fpinnovations.ca\/fr\/essais-accredites-par-le-conseil-canadien-des-normes\/#breadcrumb"},"inLanguage":"fr-FR","potentialAction":[{"@type":"ReadAction","target":["https:\/\/web.fpinnovations.ca\/fr\/essais-accredites-par-le-conseil-canadien-des-normes\/"]}]},{"@type":"BreadcrumbList","@id":"https:\/\/web.fpinnovations.ca\/fr\/essais-accredites-par-le-conseil-canadien-des-normes\/#breadcrumb","itemListElement":[{"@type":"ListItem","position":1,"name":"Home","item":"https:\/\/web.fpinnovations.ca\/fr\/"},{"@type":"ListItem","position":2,"name":"Essais accr\u00e9dit\u00e9s par le Conseil canadien des normes"}]},{"@type":"WebSite","@id":"https:\/\/web.fpinnovations.ca\/fr\/#website","url":"https:\/\/web.fpinnovations.ca\/fr\/","name":"FPInnovations","description":"","potentialAction":[{"@type":"SearchAction","target":{"@type":"EntryPoint","urlTemplate":"https:\/\/web.fpinnovations.ca\/fr\/?s={search_term_string}"},"query-input":{"@type":"PropertyValueSpecification","valueRequired":true,"valueName":"search_term_string"}}],"inLanguage":"fr-FR"}]}},"_links":{"self":[{"href":"https:\/\/web.fpinnovations.ca\/fr\/wp-json\/wp\/v2\/pages\/288532","targetHints":{"allow":["GET"]}}],"collection":[{"href":"https:\/\/web.fpinnovations.ca\/fr\/wp-json\/wp\/v2\/pages"}],"about":[{"href":"https:\/\/web.fpinnovations.ca\/fr\/wp-json\/wp\/v2\/types\/page"}],"author":[{"embeddable":true,"href":"https:\/\/web.fpinnovations.ca\/fr\/wp-json\/wp\/v2\/users\/1"}],"replies":[{"embeddable":true,"href":"https:\/\/web.fpinnovations.ca\/fr\/wp-json\/wp\/v2\/comments?post=288532"}],"version-history":[{"count":5,"href":"https:\/\/web.fpinnovations.ca\/fr\/wp-json\/wp\/v2\/pages\/288532\/revisions"}],"predecessor-version":[{"id":301392,"href":"https:\/\/web.fpinnovations.ca\/fr\/wp-json\/wp\/v2\/pages\/288532\/revisions\/301392"}],"wp:attachment":[{"href":"https:\/\/web.fpinnovations.ca\/fr\/wp-json\/wp\/v2\/media?parent=288532"}],"curies":[{"name":"wp","href":"https:\/\/api.w.org\/{rel}","templated":true}]}}