{"id":288497,"date":"2021-03-25T10:24:25","date_gmt":"2021-03-25T14:24:25","guid":{"rendered":"https:\/\/web.fpinnovations.ca\/?page_id=288497"},"modified":"2025-07-10T18:14:35","modified_gmt":"2025-07-10T22:14:35","slug":"transfert-connaissances","status":"publish","type":"page","link":"https:\/\/web.fpinnovations.ca\/fr\/transfert-connaissances\/","title":{"rendered":"Transfert de connaissances"},"content":{"rendered":"<div class=\"wpb-content-wrapper\"><p>[vc_row content_placement=\u00a0\u00bbtop\u00a0\u00bb][vc_column width=\u00a0\u00bb1\/2&Prime;][vc_column_text]<\/p>\n<h4><a href=\"https:\/\/storymaps.arcgis.com\/stories\/be140461a0874d9cb9c3e0aebe69d4cf\">L\u2019outil d\u2019am\u00e9nagement forestier selon la vuln\u00e9rabilit\u00e9 au climat<\/a><\/h4>\n<p>L&rsquo;outil d&rsquo;am\u00e9nagement forestier selon la vuln\u00e9rabilit\u00e9 au climat (AFVC) montre les tendances historiques et pr\u00e9vues pour les indicateurs du climat les plus li\u00e9s aux \u00e9pisodes climatiques qui influencent les op\u00e9rations foresti\u00e8res. L\u2019outil souligne, par des graphiques, les diff\u00e9rences entre les r\u00e9gions quant aux indicateurs climatiques, dresse la liste des indicateurs associ\u00e9s aux op\u00e9rations foresti\u00e8res et fournit des exemples de changements adaptatifs \u00e0 apporter aux op\u00e9rations.[\/vc_column_text][vc_btn title=\u00a0\u00bbVoir\u00a0\u00bb link=\u00a0\u00bburl:https%3A%2F%2Fstorymaps.arcgis.com%2Fstories%2Fbe140461a0874d9cb9c3e0aebe69d4cf|target:_blank\u00a0\u00bb][vc_empty_space][\/vc_column][vc_column width=\u00a0\u00bb1\/2&Prime;][vc_single_image image=\u00a0\u00bb294818&Prime; img_size=\u00a0\u00bbmedium\u00a0\u00bb][\/vc_column][\/vc_row][vc_row content_placement=\u00a0\u00bbtop\u00a0\u00bb][vc_column width=\u00a0\u00bb1\/2&Prime;][vc_column_text]<\/p>\n<h4><a href=\"https:\/\/diagfor.fpisoftdev.com\">DiagFor<\/a><\/h4>\n<p>DiagFor provient de Diagnostic Forestier. C\u2019est un outil d\u2019am\u00e9lioration continue destin\u00e9 aux entrepreneurs forestiers. Il est con\u00e7u comme un questionnaire \u00e0 remplir en ligne. Le diagnostic entrepreneur s\u2019inscrit dans une d\u00e9marche d\u2019am\u00e9lioration continue personnelle pour chaque entrepreneur. Il permet de comparer les r\u00e9ponses \u00e0 celles de l\u2019ensemble des entrepreneurs forestiers ayant particip\u00e9.[\/vc_column_text][vc_btn title=\u00a0\u00bbVoir\u00a0\u00bb link=\u00a0\u00bburl:https%3A%2F%2Fdiagfor.fpisoftdev.com|target:_blank\u00a0\u00bb][vc_empty_space][\/vc_column][vc_column width=\u00a0\u00bb1\/2&Prime;][vc_single_image image=\u00a0\u00bb291373&Prime; img_size=\u00a0\u00bbmedium\u00a0\u00bb][\/vc_column][\/vc_row][vc_row content_placement=\u00a0\u00bbtop\u00a0\u00bb][vc_column width=\u00a0\u00bb1\/2&Prime;][vc_column_text]<\/p>\n<h4><a href=\"https:\/\/procalc.fpisoftdev.com\/Account\/Login\">ProCalc<\/a><\/h4>\n<p>Avec ProCalc, vous pouvez facilement calculer le co\u00fbt horaire des machines foresti\u00e8res, comparer leur productivit\u00e9 dans diff\u00e9rentes conditions ou comparer diff\u00e9rents syst\u00e8mes d&rsquo;exploitation sur un m\u00eame site, ce qui en fait un outil indispensable pour \u00e9tablir vos prochains budgets![\/vc_column_text][vc_btn title=\u00a0\u00bbVoir\u00a0\u00bb css=\u00a0\u00bb\u00a0\u00bb link=\u00a0\u00bburl:https%3A%2F%2Fprocalc.fpisoftdev.com%2FAccount%2FLogin|target:_blank\u00a0\u00bb][vc_empty_space][\/vc_column][vc_column width=\u00a0\u00bb1\/2&Prime;][vc_single_image image=\u00a0\u00bb291369&Prime; img_size=\u00a0\u00bbmedium\u00a0\u00bb][\/vc_column][\/vc_row][vc_row content_placement=\u00a0\u00bbtop\u00a0\u00bb][vc_column width=\u00a0\u00bb1\/2&Prime;][vc_column_text]<\/p>\n<h4><a href=\"http:\/\/fpjoule.fpisoftdev.com\">FPJoule<\/a><\/h4>\n<p>Les r\u00e9sidus forestiers constituent une source importante de bio\u00e9nergie.<br \/>\nLa valeur mon\u00e9taire de la biomasse est li\u00e9e \u00e0 son pouvoir calorifique, c&rsquo;est-\u00e0-dire la quantit\u00e9 d&rsquo;\u00e9nergie qu&rsquo;on peut en tirer. FPJoule est en mesure de d\u00e9terminer la quantit\u00e9 d&rsquo;\u00e9nergie disponible dans la biomasse.[\/vc_column_text][vc_btn title=\u00a0\u00bbVoir\u00a0\u00bb css=\u00a0\u00bb\u00a0\u00bb link=\u00a0\u00bburl:https%3A%2F%2Ffpjoule.fpisoftdev.com%2FViews%2FWelcome.aspx|target:_blank\u00a0\u00bb][vc_empty_space][\/vc_column][vc_column width=\u00a0\u00bb1\/2&Prime;][vc_single_image image=\u00a0\u00bb291371&Prime; img_size=\u00a0\u00bbmedium\u00a0\u00bb][\/vc_column][\/vc_row][vc_row content_placement=\u00a0\u00bbtop\u00a0\u00bb][vc_column width=\u00a0\u00bb1\/2&Prime;][vc_column_text]<\/p>\n<h4><a href=\"https:\/\/fpgeodesign.fpinnovations.ca\/\">FPGeoDesign<\/a><\/h4>\n<p>FPGeoDesign a \u00e9t\u00e9 d\u00e9velopp\u00e9 dans le cadre des travaux de recherche du d\u00e9partement de transport et infrastructure de FPInnovations en collaboration avec les membres de l\u2019industrie foresti\u00e8re. Il a pour objectif de guider les utilisateurs dans la conception structurale et le renforcement m\u00e9canique de routes non rev\u00eatues sur des sols support \u00e0 tr\u00e8s faible capacit\u00e9 portante en utilisant les mat\u00e9riaux g\u00e9osynth\u00e9tiques. L\u2019outil permet de d\u00e9terminer l\u2019\u00e9paisseur requise de mat\u00e9riau granulaire compact\u00e9 lorsqu\u2019un renforcement g\u00e9osynth\u00e9tique est utilis\u00e9 et de faire une analyse comparative entre une section renforc\u00e9e et une section non renforc\u00e9e. La nature et les propri\u00e9t\u00e9s des sols d\u2019infrastructure et des mat\u00e9riaux granulaires de fondation ainsi que le trafic admissible repr\u00e9sentent les principaux intrants de l\u2019outil. Il permet \u00e9galement de comparer diff\u00e9rentes options de renforcement g\u00e9osynth\u00e9tiques et de faire des analyses de co\u00fbt simplifi\u00e9es afin de statuer sur leur rentabilit\u00e9. Plusieurs types de g\u00e9osynth\u00e9tiques peuvent \u00eatre compar\u00e9s c\u00f4te \u00e0 c\u00f4te.[\/vc_column_text][vc_btn title=\u00a0\u00bbVoir\u00a0\u00bb css=\u00a0\u00bb\u00a0\u00bb link=\u00a0\u00bburl:https%3A%2F%2Ffpgeodesign.fpinnovations.ca%2F|target:_blank\u00a0\u00bb][vc_empty_space][\/vc_column][vc_column width=\u00a0\u00bb1\/2&Prime;][vc_single_image image=\u00a0\u00bb291367&Prime; img_size=\u00a0\u00bbmedium\u00a0\u00bb][\/vc_column][\/vc_row][vc_row content_placement=\u00a0\u00bbtop\u00a0\u00bb][vc_column width=\u00a0\u00bb1\/2&Prime;][vc_column_text]<\/p>\n<h4><a href=\"https:\/\/forestmachinecompendium.fpisoftdev.com\/index.html\">Solutions technologiques de r\u00e9colte \u00e0 petite \u00e9chelle<\/a><\/h4>\n<p>L&rsquo;objectif de ce recueil est de contribuer \u00e0 l&rsquo;am\u00e9lioration des connaissances et des informations sur les technologies de r\u00e9colte \u00e0 petite \u00e9chelle en Colombie-Britannique. Il vise \u00e9galement \u00e0 fournir des informations impartiales aux professionnels de la foresterie et \u00e0 renforcer la capacit\u00e9 des entrepreneurs \u00e0 soutenir les syst\u00e8mes \u00e9nerg\u00e9tiques innovants bas\u00e9s sur la biomasse foresti\u00e8re en favorisant les am\u00e9liorations techniques, logistiques et organisationnelles de l&rsquo;utilisation de la biomasse \u00e0 petite \u00e9chelle.<br \/>\nOutil disponible en anglais seulement.[\/vc_column_text][vc_btn title=\u00a0\u00bbVoir\u00a0\u00bb link=\u00a0\u00bburl:https%3A%2F%2Fforestmachinecompendium.fpisoftdev.com%2Findex.html|target:_blank\u00a0\u00bb][vc_empty_space][\/vc_column][vc_column width=\u00a0\u00bb1\/2&Prime;][vc_single_image image=\u00a0\u00bb291365&Prime; img_size=\u00a0\u00bbmedium\u00a0\u00bb][\/vc_column][\/vc_row][vc_row content_placement=\u00a0\u00bbtop\u00a0\u00bb][vc_column width=\u00a0\u00bb1\/2&Prime;][vc_column_text]<\/p>\n<h4><a href=\"https:\/\/web.fpinnovations.ca\/fr\/sols-mous\/\">D\u00e9crire les d\u00e9fis de mener des op\u00e9rations foresti\u00e8res durables sur sols mous<\/a><\/h4>\n<p>Maintenir des op\u00e9rations foresti\u00e8res en continu toute l\u2019ann\u00e9e tout en assurant des pratiques environnementales durables et saines peut pr\u00e9senter des d\u00e9fis, d\u2019autant plus que le climat semble devenir beaucoup plus variable.[\/vc_column_text][vc_btn title=\u00a0\u00bbVoir\u00a0\u00bb link=\u00a0\u00bburl:https%3A%2F%2Fweb.fpinnovations.ca%2Ffr%2Fsols-mous%2F|target:_blank\u00a0\u00bb][vc_empty_space][\/vc_column][vc_column width=\u00a0\u00bb1\/2&Prime;][vc_single_image image=\u00a0\u00bb291356&Prime; img_size=\u00a0\u00bbmedium\u00a0\u00bb][\/vc_column][\/vc_row][vc_row content_placement=\u00a0\u00bbtop\u00a0\u00bb][vc_column width=\u00a0\u00bb1\/2&Prime;][vc_column_text]<\/p>\n<h4><a href=\"https:\/\/obc-tuto.fpinnovations.ca\/index.php?lang=fr\">Didacticiel sur les bonnes pratiques permettant d\u2019assurer la qualit\u00e9 des donn\u00e9es des ordinateurs de bord<\/a><\/h4>\n<p>Cet outil regroupe une foule d\u2019information utile sous forme de vid\u00e9os, de photos et d\u2019exemples simples sur les sujets suivants\u00a0:<\/p>\n<ul>\n<li>Les composantes des t\u00eates multifonctionnelles : leur utilit\u00e9, leur inspection et leur entretien;<\/li>\n<li>Les modes de fonctionnement des ordinateurs de bord et l\u2019ajustement des diff\u00e9rents param\u00e8tres;<\/li>\n<li>Les notions d\u2019erreur en longueur, en diam\u00e8tre et en volume ainsi que les causes d\u2019erreur;<\/li>\n<li>La m\u00e9thode pour effectuer des mesures de contr\u00f4le.<\/li>\n<\/ul>\n<p>[\/vc_column_text][vc_btn title=\u00a0\u00bbVoir\u00a0\u00bb link=\u00a0\u00bburl:https%3A%2F%2Fodb-tuto.fpinnovations.ca%2Findex.php%3Flang%3Dfr%26section%3D|target:_blank\u00a0\u00bb][vc_empty_space][\/vc_column][vc_column width=\u00a0\u00bb1\/2&Prime;][vc_single_image image=\u00a0\u00bb299224&Prime; img_size=\u00a0\u00bbmedium\u00a0\u00bb][\/vc_column][\/vc_row][vc_row content_placement=\u00a0\u00bbtop\u00a0\u00bb][vc_column width=\u00a0\u00bb1\/2&Prime;][vc_column_text]<\/p>\n<h4><a href=\"https:\/\/web.fpinnovations.ca\/apps\/\">Am\u00e9liorez votre tron\u00e7onnage de billes feuillues<\/a><\/h4>\n<p>Perfectionnez vos connaissances sur les d\u00e9fauts apparents sur les tiges de feuillus durs et de raffiner vos choix de tron\u00e7onnage afin d\u2019optimiser la valeur de vos billes.[\/vc_column_text][vc_btn title=\u00a0\u00bbVoir\u00a0\u00bb link=\u00a0\u00bburl:https%3A%2F%2Fweb.fpinnovations.ca%2Fapps%2F|target:_blank\u00a0\u00bb][vc_empty_space][\/vc_column][vc_column width=\u00a0\u00bb1\/2&Prime;][vc_single_image image=\u00a0\u00bb289054&Prime; img_size=\u00a0\u00bbmedium\u00a0\u00bb][\/vc_column][\/vc_row][vc_row][vc_column width=\u00a0\u00bb1\/2&Prime;][vc_column_text]<\/p>\n<h4><a href=\"https:\/\/library.fpinnovations.ca\/en\/permalink\/fpipub7804\">Strat\u00e9gies d\u2019entretien pour les entrepreneurs<\/a><\/h4>\n<p>Cet outil pr\u00e9sente les diff\u00e9rents principes de base entourant une strat\u00e9gie d\u2019entretien de la machinerie foresti\u00e8re: planification, achat de pi\u00e8ces et remplacement, r\u00e9paration et am\u00e9lioration, formation des \u00e9quipes de travail, etc.[\/vc_column_text][vc_btn title=\u00a0\u00bbVisionner\u00a0\u00bb link=\u00a0\u00bburl:https%3A%2F%2Flibrary.fpinnovations.ca%2Ffr%2Fpermalink%2Ffpipub7804|target:_blank\u00a0\u00bb][vc_empty_space][\/vc_column][vc_column width=\u00a0\u00bb1\/2&Prime;][vc_empty_space height=\u00a0\u00bb42px\u00a0\u00bb][vc_single_image image=\u00a0\u00bb291130&Prime; img_size=\u00a0\u00bbmedium\u00a0\u00bb][vc_empty_space height=\u00a0\u00bb42px\u00a0\u00bb][\/vc_column][\/vc_row][vc_row][vc_column width=\u00a0\u00bb1\/2&Prime;][vc_column_text]<\/p>\n<h4><a href=\"https:\/\/smartdriver.eduperformance.com\/client\/home\/setculture\">Conducteur averti pour camions forestiers<\/a><\/h4>\n<p>Dans le but d\u2019aider les chauffeurs de camions forestiers \u00e0 diminuer leur consommation de carburant, l\u2019Office de l\u2019efficacit\u00e9 \u00e9nerg\u00e9tique de Ressources naturelles Canada, en collaboration avec FPInnovations, a cr\u00e9\u00e9 le programme de formation en ligne \u00ab Conducteur averti \u00bb. Cette formation contient 5 modules et passe en revue les techniques de conduite qui permettent d\u2019\u00e9conomiser du carburant et qui assurent la s\u00e9curit\u00e9 et la durabilit\u00e9 de l\u2019environnement.[\/vc_column_text][vc_btn title=\u00a0\u00bbPour vous inscrire\u00a0\u00bb link=\u00a0\u00bburl:https%3A%2F%2Fsmartdriver.eduperformance.com%2Fclient%2Fhome%2Fsetculture|target:_blank\u00a0\u00bb][vc_empty_space][\/vc_column][vc_column width=\u00a0\u00bb1\/2&Prime;][vc_empty_space height=\u00a0\u00bb42px\u00a0\u00bb][vc_single_image image=\u00a0\u00bb286813&Prime; img_size=\u00a0\u00bbmedium\u00a0\u00bb][vc_empty_space height=\u00a0\u00bb42px\u00a0\u00bb][\/vc_column][\/vc_row][vc_row][vc_column width=\u00a0\u00bb1\/2&Prime;][vc_column_text]<\/p>\n<h4><a href=\"https:\/\/library.fpinnovations.ca\/en\/permalink\/fpipub7803\">Pr\u00e9vention des troubles<br \/>\nmusculo-squelettiques (TMS)<\/a><\/h4>\n<p>Guide \u00e0 l\u2019intention des reboiseurs de l\u2019Est du Canada. On y retrouve diff\u00e9rentes informations concernant les facteurs de risques de TMS, les signes et sympt\u00f4mes des TMS et des exercices d\u2019\u00e9chauffement et de pr\u00e9vention des blessures.[\/vc_column_text][vc_btn title=\u00a0\u00bbVoir la pr\u00e9sentation\u00a0\u00bb link=\u00a0\u00bburl:https%3A%2F%2Flibrary.fpinnovations.ca%2Ffr%2Fpermalink%2Ffpipub7803|target:_blank\u00a0\u00bb][vc_empty_space][\/vc_column][vc_column width=\u00a0\u00bb1\/2&Prime;][vc_empty_space height=\u00a0\u00bb62px\u00a0\u00bb][vc_single_image image=\u00a0\u00bb289050&Prime; img_size=\u00a0\u00bbmedium\u00a0\u00bb][vc_empty_space height=\u00a0\u00bb42px\u00a0\u00bb][\/vc_column][\/vc_row][vc_row][vc_column width=\u00a0\u00bb1\/2&Prime;][vc_column_text css=\u00a0\u00bb\u00a0\u00bb]<\/p>\n<h4><a href=\"https:\/\/app-dev-stems-asp.azurewebsites.net\/about\">STEMS (Single TrEe Metrics and Stand assessment)- Un outil d&rsquo;inventaire rapide<\/a><\/h4>\n<p>STEMS (Single TrEe Metrics and Stand assessment) est un outil puissant et polyvalent bas\u00e9 sur des images en couleur naturelle (RGB) et con\u00e7u pour optimiser les strat\u00e9gies de gestion foresti\u00e8re. Ce flux de travail automatis\u00e9 s&rsquo;appuie sur des techniques avanc\u00e9es de vision par ordinateur et d&rsquo;intelligence artificielle pour fournir des portraits de peuplements d&rsquo;une grande pr\u00e9cision (75 \u00e0 90 %) avec un inventaire d\u00e9taill\u00e9 des arbres (localisation spatiale, essences, hauteur totale des arbres, diam\u00e8tre \u00e0 hauteur de poitrine, surface terri\u00e8re, volume), ce qui permet d&rsquo;am\u00e9liorer les compilations au niveau des blocs. Avec une restriction tr\u00e8s limit\u00e9e dans la mani\u00e8re dont les donn\u00e9es d&rsquo;entr\u00e9e doivent \u00eatre acquises, STEMS offre plusieurs avantages, y compris la rentabilit\u00e9 et la robustesse dans diverses conditions de peuplement. Il a un bon potentiel pour \u00eatre portable sur diff\u00e9rentes plateformes (a\u00e9riennes\/satellites) et pour s&rsquo;int\u00e9grer de mani\u00e8re transparente au LiDAR.[\/vc_column_text][vc_btn title=\u00a0\u00bbVisionner\u00a0\u00bb css=\u00a0\u00bb\u00a0\u00bb link=\u00a0\u00bburl:https%3A%2F%2Fapp-dev-stems-asp.azurewebsites.net%2F|target:_blank\u00a0\u00bb][vc_empty_space][\/vc_column][vc_column width=\u00a0\u00bb1\/2&Prime;][vc_empty_space height=\u00a0\u00bb62px\u00a0\u00bb][vc_single_image image=\u00a0\u00bb303132&Prime; img_size=\u00a0\u00bbmedium\u00a0\u00bb css=\u00a0\u00bb\u00a0\u00bb][vc_empty_space height=\u00a0\u00bb42px\u00a0\u00bb][\/vc_column][\/vc_row][vc_row][vc_column width=\u00a0\u00bb1\/2&Prime; offset=\u00a0\u00bbvc_hidden-lg vc_hidden-md vc_hidden-sm vc_hidden-xs\u00a0\u00bb][vc_column_text]<\/p>\n<h4><a href=\"https:\/\/visitesvirtuelles.partenariat.qc.ca\/fasttrac\/\">Visite virtuelle: G\u00e9nomique foresti\u00e8re &#8211; de la science \u00e0 la pratique<\/a><\/h4>\n<p>Apprenez-en davantage sur la production de plants d\u2019\u00e9pinette issus de la s\u00e9lection par la g\u00e9nomique, ainsi que sur les gains obtenus \u00e0 l\u2019\u00e9chelle op\u00e9rationnelle et les recherches sous-jacentes \u00e0 cette innovation. Cette visite contient six stations panoramiques, 35 info-bulles et 9 capsules vid\u00e9o.[\/vc_column_text][vc_btn title=\u00a0\u00bbD\u00e9marrer la visite\u00a0\u00bb link=\u00a0\u00bburl:https%3A%2F%2Fvisitesvirtuelles.partenariat.qc.ca%2Ffasttrac%2F|target:_blank\u00a0\u00bb][vc_empty_space][\/vc_column][vc_column width=\u00a0\u00bb1\/2&Prime; offset=\u00a0\u00bbvc_hidden-lg vc_hidden-md vc_hidden-sm vc_hidden-xs\u00a0\u00bb][vc_empty_space height=\u00a0\u00bb92px\u00a0\u00bb][vc_single_image image=\u00a0\u00bb289042&Prime; img_size=\u00a0\u00bbmedium\u00a0\u00bb][vc_empty_space height=\u00a0\u00bb42px\u00a0\u00bb][\/vc_column][\/vc_row][vc_row][vc_column width=\u00a0\u00bb1\/2&Prime; offset=\u00a0\u00bbvc_hidden-lg vc_hidden-md vc_hidden-sm vc_hidden-xs\u00a0\u00bb][vc_column_text]<\/p>\n<h4><a href=\"http:\/\/visitesvirtuelles.partenariat.qc.ca\/monts-valin\/\">Visite virtuelle: dispositif de recherche &#8211; syst\u00e8mes de coupes progressives adapt\u00e9s aux pessi\u00e8res noires bor\u00e9ales<\/a><\/h4>\n<p>Le premier dispositif portant sur la coupe progressive sur l\u2019\u00e9pinette noire et sur des modalit\u00e9s adapt\u00e9es aux op\u00e9rations m\u00e9canis\u00e9es. Il r\u00e9pond \u00e0 une question importante de la sylviculture bor\u00e9ale: pouvons-nous trouver des solutions \u00e0 la coupe totale afin de respecter les autres usages de la for\u00eat? Cette visite contient six stations panoramiques, 32 info-bulles et 9 capsules vid\u00e9o.[\/vc_column_text][vc_btn title=\u00a0\u00bbD\u00e9marrer la visite\u00a0\u00bb link=\u00a0\u00bburl:http%3A%2F%2Fvisitesvirtuelles.partenariat.qc.ca%2Fmonts-valin%2F|target:_blank\u00a0\u00bb][vc_empty_space][\/vc_column][vc_column width=\u00a0\u00bb1\/2&Prime; offset=\u00a0\u00bbvc_hidden-lg vc_hidden-md vc_hidden-sm vc_hidden-xs\u00a0\u00bb][vc_empty_space height=\u00a0\u00bb92px\u00a0\u00bb][vc_single_image image=\u00a0\u00bb289040&Prime; img_size=\u00a0\u00bbmedium\u00a0\u00bb][vc_empty_space height=\u00a0\u00bb42px\u00a0\u00bb][\/vc_column][\/vc_row][vc_row][vc_column width=\u00a0\u00bb1\/2&Prime; offset=\u00a0\u00bbvc_hidden-lg vc_hidden-md vc_hidden-sm vc_hidden-xs\u00a0\u00bb][vc_column_text]<\/p>\n<h4><a href=\"http:\/\/visitesvirtuelles.partenariat.qc.ca\/cedre\/\">Visite virtuelle sur la sylviculture du thuya occidental<\/a><\/h4>\n<p>Visualisez les stations en mode 360 degr\u00e9s et d\u00e9placez-vous horizontalement et verticalement \u00e0 l\u2019int\u00e9rieur des panoramas \u00e0 la recherche de capsules d\u2019information \u00e9crites ou sous forme de vid\u00e9os. Vous pouvez aussi vous d\u00e9placer d\u2019une station \u00e0 une autre soit en utilisant la carte dans l\u2019interface ou en suivant les pas en for\u00eat. Cette visite est issue du dernier atelier qui a eu lieu dans la r\u00e9gion de East Brompton en Beauce.[\/vc_column_text][vc_btn title=\u00a0\u00bbD\u00e9marrer la visite\u00a0\u00bb link=\u00a0\u00bburl:https%3A%2F%2Fvisitesvirtuelles.partenariat.qc.ca%2Fcedre%2F%3Flang%3Dfr|target:_blank\u00a0\u00bb][\/vc_column][vc_column width=\u00a0\u00bb1\/2&Prime; offset=\u00a0\u00bbvc_hidden-lg vc_hidden-md vc_hidden-sm vc_hidden-xs\u00a0\u00bb][vc_empty_space height=\u00a0\u00bb42px\u00a0\u00bb][vc_single_image image=\u00a0\u00bb289038&Prime; img_size=\u00a0\u00bbmedium\u00a0\u00bb][\/vc_column][\/vc_row]<\/p>\n<\/div>","protected":false},"excerpt":{"rendered":"<p>[vc_row content_placement=\u00a0\u00bbtop\u00a0\u00bb][vc_column width=\u00a0\u00bb1\/2&Prime;][vc_column_text] L\u2019outil d\u2019am\u00e9nagement forestier selon la vuln\u00e9rabilit\u00e9 au climat L&rsquo;outil d&rsquo;am\u00e9nagement forestier selon la vuln\u00e9rabilit\u00e9 au climat (AFVC) montre les tendances historiques et pr\u00e9vues pour les indicateurs du climat les plus li\u00e9s aux&#8230;<\/p>\n","protected":false},"author":1,"featured_media":0,"parent":0,"menu_order":0,"comment_status":"closed","ping_status":"closed","template":"","meta":{"_acf_changed":false,"footnotes":""},"class_list":["post-288497","page","type-page","status-publish"],"acf":[],"yoast_head":"<!-- This site is optimized with the Yoast SEO plugin v27.4 - https:\/\/yoast.com\/product\/yoast-seo-wordpress\/ -->\n<title>Transfert de connaissances - FPInnovations<\/title>\n<meta name=\"robots\" content=\"index, follow, max-snippet:-1, max-image-preview:large, max-video-preview:-1\" \/>\n<link rel=\"canonical\" href=\"https:\/\/web.fpinnovations.ca\/fr\/transfert-connaissances\/\" \/>\n<meta property=\"og:locale\" content=\"fr_FR\" \/>\n<meta property=\"og:type\" content=\"article\" \/>\n<meta property=\"og:title\" content=\"Transfert de connaissances - FPInnovations\" \/>\n<meta property=\"og:description\" content=\"[vc_row content_placement=\u00a0\u00bbtop\u00a0\u00bb][vc_column width=\u00a0\u00bb1\/2&Prime;][vc_column_text] L\u2019outil d\u2019am\u00e9nagement forestier selon la vuln\u00e9rabilit\u00e9 au climat L&rsquo;outil d&rsquo;am\u00e9nagement forestier selon la vuln\u00e9rabilit\u00e9 au climat (AFVC) montre les tendances historiques et pr\u00e9vues pour les indicateurs du climat les plus li\u00e9s aux...\" \/>\n<meta property=\"og:url\" content=\"https:\/\/web.fpinnovations.ca\/fr\/transfert-connaissances\/\" \/>\n<meta property=\"og:site_name\" content=\"FPInnovations\" \/>\n<meta property=\"article:modified_time\" content=\"2025-07-10T22:14:35+00:00\" \/>\n<meta name=\"twitter:card\" content=\"summary_large_image\" \/>\n<meta name=\"twitter:label1\" content=\"Dur\u00e9e de lecture estim\u00e9e\" \/>\n\t<meta name=\"twitter:data1\" content=\"6 minutes\" \/>\n<script type=\"application\/ld+json\" class=\"yoast-schema-graph\">{\"@context\":\"https:\\\/\\\/schema.org\",\"@graph\":[{\"@type\":\"WebPage\",\"@id\":\"https:\\\/\\\/web.fpinnovations.ca\\\/fr\\\/transfert-connaissances\\\/\",\"url\":\"https:\\\/\\\/web.fpinnovations.ca\\\/fr\\\/transfert-connaissances\\\/\",\"name\":\"Transfert de connaissances - FPInnovations\",\"isPartOf\":{\"@id\":\"https:\\\/\\\/web.fpinnovations.ca\\\/fr\\\/#website\"},\"datePublished\":\"2021-03-25T14:24:25+00:00\",\"dateModified\":\"2025-07-10T22:14:35+00:00\",\"breadcrumb\":{\"@id\":\"https:\\\/\\\/web.fpinnovations.ca\\\/fr\\\/transfert-connaissances\\\/#breadcrumb\"},\"inLanguage\":\"fr-FR\",\"potentialAction\":[{\"@type\":\"ReadAction\",\"target\":[\"https:\\\/\\\/web.fpinnovations.ca\\\/fr\\\/transfert-connaissances\\\/\"]}]},{\"@type\":\"BreadcrumbList\",\"@id\":\"https:\\\/\\\/web.fpinnovations.ca\\\/fr\\\/transfert-connaissances\\\/#breadcrumb\",\"itemListElement\":[{\"@type\":\"ListItem\",\"position\":1,\"name\":\"Home\",\"item\":\"https:\\\/\\\/web.fpinnovations.ca\\\/fr\\\/\"},{\"@type\":\"ListItem\",\"position\":2,\"name\":\"Transfert de connaissances\"}]},{\"@type\":\"WebSite\",\"@id\":\"https:\\\/\\\/web.fpinnovations.ca\\\/fr\\\/#website\",\"url\":\"https:\\\/\\\/web.fpinnovations.ca\\\/fr\\\/\",\"name\":\"FPInnovations\",\"description\":\"\",\"potentialAction\":[{\"@type\":\"SearchAction\",\"target\":{\"@type\":\"EntryPoint\",\"urlTemplate\":\"https:\\\/\\\/web.fpinnovations.ca\\\/fr\\\/?s={search_term_string}\"},\"query-input\":{\"@type\":\"PropertyValueSpecification\",\"valueRequired\":true,\"valueName\":\"search_term_string\"}}],\"inLanguage\":\"fr-FR\"}]}<\/script>\n<!-- \/ Yoast SEO plugin. -->","yoast_head_json":{"title":"Transfert de connaissances - FPInnovations","robots":{"index":"index","follow":"follow","max-snippet":"max-snippet:-1","max-image-preview":"max-image-preview:large","max-video-preview":"max-video-preview:-1"},"canonical":"https:\/\/web.fpinnovations.ca\/fr\/transfert-connaissances\/","og_locale":"fr_FR","og_type":"article","og_title":"Transfert de connaissances - FPInnovations","og_description":"[vc_row content_placement=\u00a0\u00bbtop\u00a0\u00bb][vc_column width=\u00a0\u00bb1\/2&Prime;][vc_column_text] L\u2019outil d\u2019am\u00e9nagement forestier selon la vuln\u00e9rabilit\u00e9 au climat L&rsquo;outil d&rsquo;am\u00e9nagement forestier selon la vuln\u00e9rabilit\u00e9 au climat (AFVC) montre les tendances historiques et pr\u00e9vues pour les indicateurs du climat les plus li\u00e9s aux...","og_url":"https:\/\/web.fpinnovations.ca\/fr\/transfert-connaissances\/","og_site_name":"FPInnovations","article_modified_time":"2025-07-10T22:14:35+00:00","twitter_card":"summary_large_image","twitter_misc":{"Dur\u00e9e de lecture estim\u00e9e":"6 minutes"},"schema":{"@context":"https:\/\/schema.org","@graph":[{"@type":"WebPage","@id":"https:\/\/web.fpinnovations.ca\/fr\/transfert-connaissances\/","url":"https:\/\/web.fpinnovations.ca\/fr\/transfert-connaissances\/","name":"Transfert de connaissances - FPInnovations","isPartOf":{"@id":"https:\/\/web.fpinnovations.ca\/fr\/#website"},"datePublished":"2021-03-25T14:24:25+00:00","dateModified":"2025-07-10T22:14:35+00:00","breadcrumb":{"@id":"https:\/\/web.fpinnovations.ca\/fr\/transfert-connaissances\/#breadcrumb"},"inLanguage":"fr-FR","potentialAction":[{"@type":"ReadAction","target":["https:\/\/web.fpinnovations.ca\/fr\/transfert-connaissances\/"]}]},{"@type":"BreadcrumbList","@id":"https:\/\/web.fpinnovations.ca\/fr\/transfert-connaissances\/#breadcrumb","itemListElement":[{"@type":"ListItem","position":1,"name":"Home","item":"https:\/\/web.fpinnovations.ca\/fr\/"},{"@type":"ListItem","position":2,"name":"Transfert de connaissances"}]},{"@type":"WebSite","@id":"https:\/\/web.fpinnovations.ca\/fr\/#website","url":"https:\/\/web.fpinnovations.ca\/fr\/","name":"FPInnovations","description":"","potentialAction":[{"@type":"SearchAction","target":{"@type":"EntryPoint","urlTemplate":"https:\/\/web.fpinnovations.ca\/fr\/?s={search_term_string}"},"query-input":{"@type":"PropertyValueSpecification","valueRequired":true,"valueName":"search_term_string"}}],"inLanguage":"fr-FR"}]}},"_links":{"self":[{"href":"https:\/\/web.fpinnovations.ca\/fr\/wp-json\/wp\/v2\/pages\/288497","targetHints":{"allow":["GET"]}}],"collection":[{"href":"https:\/\/web.fpinnovations.ca\/fr\/wp-json\/wp\/v2\/pages"}],"about":[{"href":"https:\/\/web.fpinnovations.ca\/fr\/wp-json\/wp\/v2\/types\/page"}],"author":[{"embeddable":true,"href":"https:\/\/web.fpinnovations.ca\/fr\/wp-json\/wp\/v2\/users\/1"}],"replies":[{"embeddable":true,"href":"https:\/\/web.fpinnovations.ca\/fr\/wp-json\/wp\/v2\/comments?post=288497"}],"version-history":[{"count":5,"href":"https:\/\/web.fpinnovations.ca\/fr\/wp-json\/wp\/v2\/pages\/288497\/revisions"}],"predecessor-version":[{"id":303197,"href":"https:\/\/web.fpinnovations.ca\/fr\/wp-json\/wp\/v2\/pages\/288497\/revisions\/303197"}],"wp:attachment":[{"href":"https:\/\/web.fpinnovations.ca\/fr\/wp-json\/wp\/v2\/media?parent=288497"}],"curies":[{"name":"wp","href":"https:\/\/api.w.org\/{rel}","templated":true}]}}