{"id":128213,"date":"2020-03-26T11:19:52","date_gmt":"2020-03-26T15:19:52","guid":{"rendered":"https:\/\/web.fpinnovations.ca\/?page_id=128213"},"modified":"2021-04-15T09:26:10","modified_gmt":"2021-04-15T13:26:10","slug":"tcc","status":"publish","type":"page","link":"https:\/\/web.fpinnovations.ca\/fr\/tcc\/","title":{"rendered":"Guide pour la conception de planchers composites en bois-b\u00e9ton au Canada"},"content":{"rendered":"<div class=\"wpb-content-wrapper\"><p>[vc_row][vc_column][vc_custom_heading text=\u00a0\u00bbGuide pour la conception de planchers composites en bois-b\u00e9ton au Canada\u00a0\u00bb font_container=\u00a0\u00bbtag:h1|font_size:55px|text_align:left|line_height:1.1&Prime; use_theme_fonts=\u00a0\u00bbyes\u00a0\u00bb css=\u00a0\u00bb.vc_custom_1585235139528{margin-bottom: 30px !important;padding-bottom: 0px !important;}\u00a0\u00bb][vc_column_text]<div class='w3eden'><!-- WPDM Link Template: Link\/Button Popup -->\n<a href='#unlock' class='wpdm-download-link wpdm-download-locked btn btn-primary btn-lg' data-package='128848'>T\u00e9l\u00e9charger le PDF (en anglais)<\/a><\/div>[\/vc_column_text][vc_btn title=\u00a0\u00bbACHETER LA COPIE IMPRIM\u00c9E EN ANGLAIS\u00a0\u00bb style=\u00a0\u00bbflat\u00a0\u00bb shape=\u00a0\u00bbround\u00a0\u00bb color=\u00a0\u00bbgreen\u00a0\u00bb size=\u00a0\u00bblg\u00a0\u00bb link=\u00a0\u00bburl:https%3A%2F%2Fwww.amazon.ca%2FDesign-Timber-Concrete-Composite-Floors-Canada%2Fdp%2F0864885938%2F||target:%20_blank|\u00a0\u00bb][vc_empty_space height=\u00a0\u00bb70px\u00a0\u00bb][\/vc_column][\/vc_row][vc_row full_width=\u00a0\u00bbstretch_row_content\u00a0\u00bb parallax=\u00a0\u00bbcontent-moving\u00a0\u00bb css=\u00a0\u00bb.vc_custom_1585079027964{padding-top: 50px !important;padding-bottom: 50px !important;padding-left: 50px !important;background-color: #ededed !important;background-position: center;background-repeat: no-repeat !important;background-size: cover !important;}\u00a0\u00bb][vc_column][vc_custom_heading text=\u00a0\u00bbLa place du bois massif dans la construction est de plus en plus importante et les avantages de ce mat\u00e9riau sont constamment mis en lumi\u00e8re. Les nombreux bienfaits du bois sur la sant\u00e9 ne sont plus \u00e0 prouver, sans parler de ses avantages environnementaux dans un contexte de lutte aux changements climatiques.\u00a0\u00bb font_container=\u00a0\u00bbtag:p|font_size:30px|text_align:left|line_height:1.2&Prime; google_fonts=\u00a0\u00bbfont_family:Montserrat%3Aregular%2C700|font_style:400%20regular%3A400%3Anormal\u00a0\u00bb css=\u00a0\u00bb.vc_custom_1585235532031{padding-top: 0px !important;}\u00a0\u00bb][vc_custom_heading text=\u00a0\u00bbLes nombreuses recherches sur les propri\u00e9t\u00e9s du bois dans la construction, notamment par l\u2019utilisation du bois lamell\u00e9-crois\u00e9 (CLT), ont permis d\u2019\u00e9laborer des d\u00e9tails de conception facilitant une utilisation accrue et s\u00e9curitaire du mat\u00e9riau dans les diff\u00e9rents projets de construction. Elles ont aussi ouvert les portes \u00e0 des utilisations hybrides visant une meilleure r\u00e9ponse des syst\u00e8mes de construction innovants.\u00a0\u00bb font_container=\u00a0\u00bbtag:p|font_size:30px|text_align:left|line_height:1.2&Prime; google_fonts=\u00a0\u00bbfont_family:Montserrat%3Aregular%2C700|font_style:400%20regular%3A400%3Anormal\u00a0\u00bb css=\u00a0\u00bb.vc_custom_1585235547918{padding-top: 0px !important;}\u00a0\u00bb][\/vc_column][\/vc_row][vc_row css=\u00a0\u00bb.vc_custom_1581972047471{padding-top: 70px !important;padding-bottom: 35px !important;}\u00a0\u00bb][vc_column][vc_custom_heading text=\u00a0\u00bbPlanchers composites bois-b\u00e9ton\u00a0\u00bb font_container=\u00a0\u00bbtag:p|font_size:40px|text_align:center|line_height:1.1&Prime; google_fonts=\u00a0\u00bbfont_family:Montserrat%3Aregular%2C700|font_style:700%20bold%20regular%3A700%3Anormal\u00a0\u00bb css=\u00a0\u00bb.vc_custom_1585235564645{padding-top: 0px !important;}\u00a0\u00bb][vc_row_inner][vc_column_inner width=\u00a0\u00bb1\/3&Prime;][vc_custom_heading text=\u00a0\u00bbDans le cadre de ses travaux li\u00e9s aux b\u00e2timents en bois, FPInnovations a r\u00e9cemment publi\u00e9 un Guide pour la conception de planchers composites en bois-b\u00e9ton au Canada. Cette technique, loin d\u2019\u00eatre nouvelle, pourrait s\u2019av\u00e9rer une solution \u00e9conomiquement rentable pour les planchers de plus longue port\u00e9e puisque les propri\u00e9t\u00e9s m\u00e9caniques des deux mat\u00e9riaux agissent en compl\u00e9mentarit\u00e9.\u00a0\u00bb font_container=\u00a0\u00bbtag:p|font_size:20px|text_align:left|line_height:1.5&Prime; google_fonts=\u00a0\u00bbfont_family:Montserrat%3Aregular%2C700|font_style:400%20regular%3A400%3Anormal\u00a0\u00bb css=\u00a0\u00bb.vc_custom_1618493166807{padding-top: 0px !important;}\u00a0\u00bb][\/vc_column_inner][vc_column_inner width=\u00a0\u00bb1\/3&Prime;][vc_custom_heading text=\u00a0\u00bbLes syst\u00e8mes composites en bois-b\u00e9ton se composent de deux couches distinctes, l\u2019une en bois et l\u2019autre en b\u00e9ton (sur le dessus), li\u00e9es \u00e0 l\u2019aide de connecteurs de cisaillement. Les propri\u00e9t\u00e9s des deux mat\u00e9riaux sont ainsi optimis\u00e9es puisque les forces de traction induites par la flexion sont principalement r\u00e9sist\u00e9es par le bois tandis que les efforts de compression induites par la flexion sont quant \u00e0 elle r\u00e9sist\u00e9es par le b\u00e9ton.\u00a0\u00bb font_container=\u00a0\u00bbtag:p|font_size:20px|text_align:left|line_height:1.5&Prime; google_fonts=\u00a0\u00bbfont_family:Montserrat%3Aregular%2C700|font_style:400%20regular%3A400%3Anormal\u00a0\u00bb css=\u00a0\u00bb.vc_custom_1585235601978{padding-top: 0px !important;}\u00a0\u00bb][\/vc_column_inner][vc_column_inner width=\u00a0\u00bb1\/3&Prime;][vc_custom_heading text=\u00a0\u00bbLe guide, qui contient de nombreuses illustrations et formules pour aider l\u2019utilisateur dans la planification de son projet, aborde diff\u00e9rents aspects de la conception des planchers composites bois-b\u00e9ton, par exemple les syst\u00e8mes de connexion, les \u00e9tats limites ultimes et de service, la performance vibratoire du plancher, sa r\u00e9sistance au feu, et bien plus.\u00a0\u00bb font_container=\u00a0\u00bbtag:p|font_size:20px|text_align:left|line_height:1.5&Prime; google_fonts=\u00a0\u00bbfont_family:Montserrat%3Aregular%2C700|font_style:400%20regular%3A400%3Anormal\u00a0\u00bb css=\u00a0\u00bb.vc_custom_1585235615761{padding-top: 0px !important;}\u00a0\u00bb][\/vc_column_inner][\/vc_row_inner][\/vc_column][\/vc_row][vc_row full_width=\u00a0\u00bbstretch_row_content_no_spaces\u00a0\u00bb content_placement=\u00a0\u00bbmiddle\u00a0\u00bb][vc_column width=\u00a0\u00bb1\/2&Prime; css=\u00a0\u00bb.vc_custom_1585075664335{padding-top: 200px !important;padding-bottom: 200px !important;background-image: url(https:\/\/web.fpinnovations.ca\/wp-content\/uploads\/tcc-mockup.jpg?id=127233) !important;background-position: center !important;background-repeat: no-repeat !important;background-size: contain !important;}\u00a0\u00bb][\/vc_column][vc_column width=\u00a0\u00bb1\/2&Prime; css=\u00a0\u00bb.vc_custom_1581970996020{padding-left: 25px !important;}\u00a0\u00bb][vc_custom_heading text=\u00a0\u00bbComment se procurer le document\u00a0\u00bb font_container=\u00a0\u00bbtag:p|font_size:40px|text_align:left|line_height:1.1&Prime; google_fonts=\u00a0\u00bbfont_family:Montserrat%3Aregular%2C700|font_style:700%20bold%20regular%3A700%3Anormal\u00a0\u00bb css=\u00a0\u00bb.vc_custom_1585235701443{padding-top: 0px !important;}\u00a0\u00bb][vc_custom_heading text=\u00a0\u00bbGuide pour la conception de planchers composites bois-b\u00e9ton\u00a0\u00bb font_container=\u00a0\u00bbtag:p|font_size:20px|text_align:left|line_height:1.1&Prime; google_fonts=\u00a0\u00bbfont_family:Montserrat%3Aregular%2C700|font_style:700%20bold%20regular%3A700%3Anormal\u00a0\u00bb css=\u00a0\u00bb.vc_custom_1585235717490{padding-top: 0px !important;}\u00a0\u00bb][vc_column_text]<div class='w3eden'><!-- WPDM Link Template: Link\/Button Popup -->\n<a href='#unlock' class='wpdm-download-link wpdm-download-locked btn btn-primary btn-lg' data-package='128848'>T\u00e9l\u00e9charger le PDF (en anglais)<\/a><\/div>[\/vc_column_text][vc_btn title=\u00a0\u00bbACHETER LA COPIE IMPRIM\u00c9E EN ANGLAIS\u00a0\u00bb style=\u00a0\u00bbflat\u00a0\u00bb shape=\u00a0\u00bbround\u00a0\u00bb color=\u00a0\u00bbgreen\u00a0\u00bb size=\u00a0\u00bblg\u00a0\u00bb link=\u00a0\u00bburl:https%3A%2F%2Fwww.amazon.ca%2FDesign-Timber-Concrete-Composite-Floors-Canada%2Fdp%2F0864885938%2F||target:%20_blank|\u00a0\u00bb][vc_custom_heading text=\u00a0\u00bbPour en savoir plus sur le sujet des planchers composites bois-b\u00e9ton, n\u2019h\u00e9sitez pas \u00e0 communiquer avec Samuel Cuerrier-Auclair, ing\u00e9nieur et chercheur au sein du groupe Syst\u00e8mes de construction de FPInnovations.\u00a0\u00bb font_container=\u00a0\u00bbtag:p|font_size:14px|text_align:left|line_height:1.5&Prime; google_fonts=\u00a0\u00bbfont_family:Montserrat%3Aregular%2C700|font_style:400%20regular%3A400%3Anormal\u00a0\u00bb css=\u00a0\u00bb.vc_custom_1585235739165{padding-top: 0px !important;}\u00a0\u00bb][\/vc_column][\/vc_row][vc_row full_width=\u00a0\u00bbstretch_row_content\u00a0\u00bb css=\u00a0\u00bb.vc_custom_1585078985517{padding-top: 40px !important;padding-bottom: 50px !important;padding-left: 50px !important;background-color: #ededed !important;}\u00a0\u00bb][vc_column width=\u00a0\u00bb2\/3&Prime;][vc_custom_heading text=\u00a0\u00bbManuel canadien sur le CLT\u00a0\u00bb font_container=\u00a0\u00bbtag:p|font_size:40px|text_align:left|line_height:1.1&Prime; google_fonts=\u00a0\u00bbfont_family:Montserrat%3Aregular%2C700|font_style:700%20bold%20regular%3A700%3Anormal\u00a0\u00bb css=\u00a0\u00bb.vc_custom_1585235961544{padding-top: 0px !important;}\u00a0\u00bb][vc_custom_heading text=\u00a0\u00bbFPInnovations lan\u00e7ait tout r\u00e9cemment l\u2019\u00e9dition 2019 du Manuel canadien sur le CLT, un document de r\u00e9f\u00e9rence enti\u00e8rement r\u00e9vis\u00e9 et am\u00e9lior\u00e9 pour refl\u00e9ter les changements apport\u00e9s depuis l\u2019\u00e9dition 2011 dans les codes et normes du Canada, notamment la nouvelle ligne directrice mise en \u0153uvre dans la norme CSA O86:19. Ce guide de grande valeur pour tout professionnel int\u00e9ress\u00e9 \u00e0 construire avec le CLT au Canada et ailleurs, offre de l\u2019information d\u00e9taill\u00e9e, multidisciplinaire et \u00e9valu\u00e9e par des pairs sur tous les attributs de performance de la construction en CLT.\u00a0\u00bb font_container=\u00a0\u00bbtag:p|font_size:20px|text_align:left|line_height:1.5&Prime; google_fonts=\u00a0\u00bbfont_family:Montserrat%3Aregular%2C700|font_style:400%20regular%3A400%3Anormal\u00a0\u00bb css=\u00a0\u00bb.vc_custom_1585235947317{padding-top: 0px !important;}\u00a0\u00bb][vc_btn title=\u00a0\u00bbPlus de d\u00e9tails \u00e0 propos du manuel CLT\u00a0\u00bb style=\u00a0\u00bbflat\u00a0\u00bb shape=\u00a0\u00bbround\u00a0\u00bb color=\u00a0\u00bbgreen\u00a0\u00bb size=\u00a0\u00bblg\u00a0\u00bb link=\u00a0\u00bburl:https%3A%2F%2Fweb.fpinnovations.ca%2Ffr%2Fclt%2F||target:%20_blank|\u00a0\u00bb][\/vc_column][vc_column width=\u00a0\u00bb1\/3&Prime;][\/vc_column][\/vc_row]<\/p>\n<\/div>","protected":false},"excerpt":{"rendered":"<p>[vc_row][vc_column][vc_custom_heading text=\u00a0\u00bbGuide pour la conception de planchers composites en bois-b\u00e9ton au Canada\u00a0\u00bb font_container=\u00a0\u00bbtag:h1|font_size:55px|text_align:left|line_height:1.1&Prime; use_theme_fonts=\u00a0\u00bbyes\u00a0\u00bb css=\u00a0\u00bb.vc_custom_1585235139528{margin-bottom: 30px !important;padding-bottom: 0px !important;}\u00a0\u00bb][vc_column_text][\/vc_column_text][vc_btn title=\u00a0\u00bbACHETER LA COPIE IMPRIM\u00c9E EN ANGLAIS\u00a0\u00bb style=\u00a0\u00bbflat\u00a0\u00bb shape=\u00a0\u00bbround\u00a0\u00bb color=\u00a0\u00bbgreen\u00a0\u00bb size=\u00a0\u00bblg\u00a0\u00bb link=\u00a0\u00bburl:https%3A%2F%2Fwww.amazon.ca%2FDesign-Timber-Concrete-Composite-Floors-Canada%2Fdp%2F0864885938%2F||target:%20_blank|\u00a0\u00bb][vc_empty_space height=\u00a0\u00bb70px\u00a0\u00bb][\/vc_column][\/vc_row][vc_row full_width=\u00a0\u00bbstretch_row_content\u00a0\u00bb parallax=\u00a0\u00bbcontent-moving\u00a0\u00bb css=\u00a0\u00bb.vc_custom_1585079027964{padding-top: 50px&#8230;<\/p>\n","protected":false},"author":1,"featured_media":0,"parent":0,"menu_order":0,"comment_status":"closed","ping_status":"closed","template":"","meta":{"_acf_changed":false,"footnotes":""},"class_list":["post-128213","page","type-page","status-publish"],"acf":[],"yoast_head":"<!-- This site is optimized with the Yoast SEO plugin v27.4 - https:\/\/yoast.com\/product\/yoast-seo-wordpress\/ -->\n<title>Guide pour la conception de planchers composites en bois-b\u00e9ton au Canada - FPInnovations<\/title>\n<meta name=\"robots\" content=\"index, follow, max-snippet:-1, max-image-preview:large, max-video-preview:-1\" \/>\n<link rel=\"canonical\" href=\"https:\/\/web.fpinnovations.ca\/fr\/tcc\/\" \/>\n<meta property=\"og:locale\" content=\"fr_FR\" \/>\n<meta property=\"og:type\" content=\"article\" \/>\n<meta property=\"og:title\" content=\"Guide pour la conception de planchers composites en bois-b\u00e9ton au Canada - FPInnovations\" \/>\n<meta property=\"og:description\" content=\"[vc_row][vc_column][vc_custom_heading text=\u00a0\u00bbGuide pour la conception de planchers composites en bois-b\u00e9ton au Canada\u00a0\u00bb font_container=\u00a0\u00bbtag:h1|font_size:55px|text_align:left|line_height:1.1&Prime; use_theme_fonts=\u00a0\u00bbyes\u00a0\u00bb css=\u00a0\u00bb.vc_custom_1585235139528{margin-bottom: 30px !important;padding-bottom: 0px !important;}\u00a0\u00bb][vc_column_text][\/vc_column_text][vc_btn title=\u00a0\u00bbACHETER LA COPIE IMPRIM\u00c9E EN ANGLAIS\u00a0\u00bb style=\u00a0\u00bbflat\u00a0\u00bb shape=\u00a0\u00bbround\u00a0\u00bb color=\u00a0\u00bbgreen\u00a0\u00bb size=\u00a0\u00bblg\u00a0\u00bb link=\u00a0\u00bburl:https%3A%2F%2Fwww.amazon.ca%2FDesign-Timber-Concrete-Composite-Floors-Canada%2Fdp%2F0864885938%2F||target:%20_blank|\u00a0\u00bb][vc_empty_space height=\u00a0\u00bb70px\u00a0\u00bb][\/vc_column][\/vc_row][vc_row full_width=\u00a0\u00bbstretch_row_content\u00a0\u00bb parallax=\u00a0\u00bbcontent-moving\u00a0\u00bb css=\u00a0\u00bb.vc_custom_1585079027964{padding-top: 50px...\" \/>\n<meta property=\"og:url\" content=\"https:\/\/web.fpinnovations.ca\/fr\/tcc\/\" \/>\n<meta property=\"og:site_name\" content=\"FPInnovations\" \/>\n<meta property=\"article:modified_time\" content=\"2021-04-15T13:26:10+00:00\" \/>\n<meta name=\"twitter:card\" content=\"summary_large_image\" \/>\n<meta name=\"twitter:label1\" content=\"Dur\u00e9e de lecture estim\u00e9e\" \/>\n\t<meta name=\"twitter:data1\" content=\"3 minutes\" \/>\n<script type=\"application\/ld+json\" class=\"yoast-schema-graph\">{\"@context\":\"https:\\\/\\\/schema.org\",\"@graph\":[{\"@type\":\"WebPage\",\"@id\":\"https:\\\/\\\/web.fpinnovations.ca\\\/fr\\\/tcc\\\/\",\"url\":\"https:\\\/\\\/web.fpinnovations.ca\\\/fr\\\/tcc\\\/\",\"name\":\"Guide pour la conception de planchers composites en bois-b\u00e9ton au Canada - FPInnovations\",\"isPartOf\":{\"@id\":\"https:\\\/\\\/web.fpinnovations.ca\\\/fr\\\/#website\"},\"datePublished\":\"2020-03-26T15:19:52+00:00\",\"dateModified\":\"2021-04-15T13:26:10+00:00\",\"breadcrumb\":{\"@id\":\"https:\\\/\\\/web.fpinnovations.ca\\\/fr\\\/tcc\\\/#breadcrumb\"},\"inLanguage\":\"fr-FR\",\"potentialAction\":[{\"@type\":\"ReadAction\",\"target\":[\"https:\\\/\\\/web.fpinnovations.ca\\\/fr\\\/tcc\\\/\"]}]},{\"@type\":\"BreadcrumbList\",\"@id\":\"https:\\\/\\\/web.fpinnovations.ca\\\/fr\\\/tcc\\\/#breadcrumb\",\"itemListElement\":[{\"@type\":\"ListItem\",\"position\":1,\"name\":\"Home\",\"item\":\"https:\\\/\\\/web.fpinnovations.ca\\\/fr\\\/\"},{\"@type\":\"ListItem\",\"position\":2,\"name\":\"Guide pour la conception de planchers composites en bois-b\u00e9ton au Canada\"}]},{\"@type\":\"WebSite\",\"@id\":\"https:\\\/\\\/web.fpinnovations.ca\\\/fr\\\/#website\",\"url\":\"https:\\\/\\\/web.fpinnovations.ca\\\/fr\\\/\",\"name\":\"FPInnovations\",\"description\":\"\",\"potentialAction\":[{\"@type\":\"SearchAction\",\"target\":{\"@type\":\"EntryPoint\",\"urlTemplate\":\"https:\\\/\\\/web.fpinnovations.ca\\\/fr\\\/?s={search_term_string}\"},\"query-input\":{\"@type\":\"PropertyValueSpecification\",\"valueRequired\":true,\"valueName\":\"search_term_string\"}}],\"inLanguage\":\"fr-FR\"}]}<\/script>\n<!-- \/ Yoast SEO plugin. -->","yoast_head_json":{"title":"Guide pour la conception de planchers composites en bois-b\u00e9ton au Canada - FPInnovations","robots":{"index":"index","follow":"follow","max-snippet":"max-snippet:-1","max-image-preview":"max-image-preview:large","max-video-preview":"max-video-preview:-1"},"canonical":"https:\/\/web.fpinnovations.ca\/fr\/tcc\/","og_locale":"fr_FR","og_type":"article","og_title":"Guide pour la conception de planchers composites en bois-b\u00e9ton au Canada - FPInnovations","og_description":"[vc_row][vc_column][vc_custom_heading text=\u00a0\u00bbGuide pour la conception de planchers composites en bois-b\u00e9ton au Canada\u00a0\u00bb font_container=\u00a0\u00bbtag:h1|font_size:55px|text_align:left|line_height:1.1&Prime; use_theme_fonts=\u00a0\u00bbyes\u00a0\u00bb css=\u00a0\u00bb.vc_custom_1585235139528{margin-bottom: 30px !important;padding-bottom: 0px !important;}\u00a0\u00bb][vc_column_text][\/vc_column_text][vc_btn title=\u00a0\u00bbACHETER LA COPIE IMPRIM\u00c9E EN ANGLAIS\u00a0\u00bb style=\u00a0\u00bbflat\u00a0\u00bb shape=\u00a0\u00bbround\u00a0\u00bb color=\u00a0\u00bbgreen\u00a0\u00bb size=\u00a0\u00bblg\u00a0\u00bb link=\u00a0\u00bburl:https%3A%2F%2Fwww.amazon.ca%2FDesign-Timber-Concrete-Composite-Floors-Canada%2Fdp%2F0864885938%2F||target:%20_blank|\u00a0\u00bb][vc_empty_space height=\u00a0\u00bb70px\u00a0\u00bb][\/vc_column][\/vc_row][vc_row full_width=\u00a0\u00bbstretch_row_content\u00a0\u00bb parallax=\u00a0\u00bbcontent-moving\u00a0\u00bb css=\u00a0\u00bb.vc_custom_1585079027964{padding-top: 50px...","og_url":"https:\/\/web.fpinnovations.ca\/fr\/tcc\/","og_site_name":"FPInnovations","article_modified_time":"2021-04-15T13:26:10+00:00","twitter_card":"summary_large_image","twitter_misc":{"Dur\u00e9e de lecture estim\u00e9e":"3 minutes"},"schema":{"@context":"https:\/\/schema.org","@graph":[{"@type":"WebPage","@id":"https:\/\/web.fpinnovations.ca\/fr\/tcc\/","url":"https:\/\/web.fpinnovations.ca\/fr\/tcc\/","name":"Guide pour la conception de planchers composites en bois-b\u00e9ton au Canada - FPInnovations","isPartOf":{"@id":"https:\/\/web.fpinnovations.ca\/fr\/#website"},"datePublished":"2020-03-26T15:19:52+00:00","dateModified":"2021-04-15T13:26:10+00:00","breadcrumb":{"@id":"https:\/\/web.fpinnovations.ca\/fr\/tcc\/#breadcrumb"},"inLanguage":"fr-FR","potentialAction":[{"@type":"ReadAction","target":["https:\/\/web.fpinnovations.ca\/fr\/tcc\/"]}]},{"@type":"BreadcrumbList","@id":"https:\/\/web.fpinnovations.ca\/fr\/tcc\/#breadcrumb","itemListElement":[{"@type":"ListItem","position":1,"name":"Home","item":"https:\/\/web.fpinnovations.ca\/fr\/"},{"@type":"ListItem","position":2,"name":"Guide pour la conception de planchers composites en bois-b\u00e9ton au Canada"}]},{"@type":"WebSite","@id":"https:\/\/web.fpinnovations.ca\/fr\/#website","url":"https:\/\/web.fpinnovations.ca\/fr\/","name":"FPInnovations","description":"","potentialAction":[{"@type":"SearchAction","target":{"@type":"EntryPoint","urlTemplate":"https:\/\/web.fpinnovations.ca\/fr\/?s={search_term_string}"},"query-input":{"@type":"PropertyValueSpecification","valueRequired":true,"valueName":"search_term_string"}}],"inLanguage":"fr-FR"}]}},"_links":{"self":[{"href":"https:\/\/web.fpinnovations.ca\/fr\/wp-json\/wp\/v2\/pages\/128213","targetHints":{"allow":["GET"]}}],"collection":[{"href":"https:\/\/web.fpinnovations.ca\/fr\/wp-json\/wp\/v2\/pages"}],"about":[{"href":"https:\/\/web.fpinnovations.ca\/fr\/wp-json\/wp\/v2\/types\/page"}],"author":[{"embeddable":true,"href":"https:\/\/web.fpinnovations.ca\/fr\/wp-json\/wp\/v2\/users\/1"}],"replies":[{"embeddable":true,"href":"https:\/\/web.fpinnovations.ca\/fr\/wp-json\/wp\/v2\/comments?post=128213"}],"version-history":[{"count":5,"href":"https:\/\/web.fpinnovations.ca\/fr\/wp-json\/wp\/v2\/pages\/128213\/revisions"}],"predecessor-version":[{"id":289323,"href":"https:\/\/web.fpinnovations.ca\/fr\/wp-json\/wp\/v2\/pages\/128213\/revisions\/289323"}],"wp:attachment":[{"href":"https:\/\/web.fpinnovations.ca\/fr\/wp-json\/wp\/v2\/media?parent=128213"}],"curies":[{"name":"wp","href":"https:\/\/api.w.org\/{rel}","templated":true}]}}